{"id":5239401,"date":"2018-06-04T08:05:56","date_gmt":"2018-06-04T08:05:56","guid":{"rendered":"https:\/\/wpml.org\/documentacao\/traduzindo-seus-conteudos\/traducao-profissional-com-o-wpml\/"},"modified":"2025-02-17T10:10:37","modified_gmt":"2025-02-17T10:10:37","slug":"traducao-profissional-com-o-wpml","status":"publish","type":"page","link":"https:\/\/wpml.org\/pt-br\/documentacao\/traduzindo-seus-conteudos\/traducao-profissional-com-o-wpml\/","title":{"rendered":"Como Usar Servi\u00e7os de Tradu\u00e7\u00e3o no WPML"},"content":{"rendered":"\n<p class=\"lead\">Aprenda a conectar seu site aos principais servi\u00e7os de tradu\u00e7\u00e3o e enviar conte\u00fado para tradu\u00e7\u00e3o usando WPML.<\/p>\n\n<h2 class=\"wp-block-heading\" id=\"why-use-translation-service\">Por que Utilizar um Servi\u00e7o de Tradu\u00e7\u00e3o?<\/h2>\n\n<p>Os servi\u00e7os de tradu\u00e7\u00e3o s\u00e3o uma forma confi\u00e1vel de traduzir o seu website. Diferentemente de contratantes individuais e freelancers em tempo parcial, os servi\u00e7os de tradu\u00e7\u00e3o empregam tradutores profissionais com experi\u00eancia pr\u00e1tica.  <\/p>\n\n<p>Isso garante uma s\u00e9rie de benef\u00edcios: <\/p>\n\n<div class=\"wp-block-toolset-blocks-grid tb-grid\" data-toolset-blocks-grid=\"53f136bfa28f200d6e261a82c95996b5\">\n<div class=\"wp-block-toolset-blocks-grid-column tb-grid-column tb-grid-align-top\" data-toolset-blocks-grid-column=\"3034fbe886c11054e95b46b09d3e4112\">\n<div class=\"wp-block-toolset-blocks-container tb-container\" data-toolset-blocks-container=\"b686692ca1b4b018f3b0f74489416dd6\"><\/div>\n\n\n\n<p class=\"tb-heading\" data-toolset-blocks-heading=\"6eee2a0222dd86c811e3129fc3ca4915\" data-last-update=\"1.4\">Tradu\u00e7\u00f5es Excelentes<\/p>\n\n\n\n<p class=\"tb-heading has-text-color\" data-toolset-blocks-heading=\"8f22bb68207bdb49cdf90c813ccae5c6\" data-last-update=\"1.4\">Obtenha tradu\u00e7\u00f5es que correspondem \u00e0 voz do seu conte\u00fado e soam naturais para falantes nativos<\/p>\n<\/div>\n\n\n\n<div class=\"wp-block-toolset-blocks-grid-column tb-grid-column tb-grid-align-top\" data-toolset-blocks-grid-column=\"3034fbe886c11054e95b46b09d3e4112\">\n<div class=\"wp-block-toolset-blocks-container tb-container\" data-toolset-blocks-container=\"342535f546ab1ce6c8e2ac28af1c74de\"><\/div>\n\n\n\n<p class=\"tb-heading\" data-toolset-blocks-heading=\"6eee2a0222dd86c811e3129fc3ca4915\" data-last-update=\"1.4\">Especializa\u00e7\u00e3o na Ind\u00fastria<\/p>\n\n\n\n<p class=\"tb-heading has-text-color\" data-toolset-blocks-heading=\"8f22bb68207bdb49cdf90c813ccae5c6\" data-last-update=\"1.4\">Trabalhe com servi\u00e7os de tradu\u00e7\u00e3o que se especializam no nicho e na ind\u00fastria do seu site<\/p>\n<\/div>\n\n\n\n<div class=\"wp-block-toolset-blocks-grid-column tb-grid-column tb-grid-align-top\" data-toolset-blocks-grid-column=\"3034fbe886c11054e95b46b09d3e4112\">\n<div class=\"wp-block-toolset-blocks-container tb-container\" data-toolset-blocks-container=\"80df8dfb7d2393e5845f83c68a6c69d4\"><\/div>\n\n\n\n<p class=\"tb-heading\" data-toolset-blocks-heading=\"6eee2a0222dd86c811e3129fc3ca4915\" data-last-update=\"1.4\">Economize Tempo &amp; Esfor\u00e7o<\/p>\n\n\n\n<p class=\"tb-heading has-text-color\" data-toolset-blocks-heading=\"8f22bb68207bdb49cdf90c813ccae5c6\" data-last-update=\"1.4\">Atenda a outras tarefas importantes enquanto profissionais traduzem seu site<\/p>\n<\/div>\n<\/div>\n\n<p>Na WPML, trabalhamos com mais de 70+ <a href=\"https:\/\/wpml.org\/translation-service\/\">servi\u00e7os de tradu\u00e7\u00e3o profissional<\/a> l\u00edderes de todo o mundo. <\/p>\n\n<p>Seja voc\u00ea respons\u00e1vel por uma p\u00e1gina de uma pequena empresa ou por um grande website corporativo, nossos parceiros s\u00e3o especializados em dezenas de ind\u00fastrias, assegurando tradu\u00e7\u00f5es precisas para o seu nicho espec\u00edfico. <\/p>\n\n<div style=\"height:5px\" aria-hidden=\"true\" class=\"wp-block-spacer\"><\/div>\n\n<h2 class=\"wp-block-heading\" id=\"use-translation-service-wpml\">Como Usar Servi\u00e7os de Tradu\u00e7\u00e3o no WPML<\/h2>\n\n<p>Utilizar servi\u00e7os de tradu\u00e7\u00e3o na WPML \u00e9 f\u00e1cil e seguro. Voc\u00ea pode enviar conte\u00fado para tradu\u00e7\u00e3o diretamente do seu painel administrativo WordPress, e tradutores externos nunca t\u00eam acesso ao seu website. <\/p>\n\n<p>Veja como o processo funciona. <\/p>\n\n<h3 class=\"wp-block-heading\" id=\"connect-to-translation-service\">1. Conecte Seu Site a um Servi\u00e7o de Tradu\u00e7\u00e3o<\/h3>\n\n<p>O WPML oferece duas maneiras de conectar seu site a um servi\u00e7o de tradu\u00e7\u00e3o: durante o assistente de configura\u00e7\u00e3o ou na aba <strong>Translation Management<\/strong> \u2192 <strong>Translators<\/strong>. <\/p>\n\n<div class=\"wp-block-toolset-blocks-grid tb-grid\" data-toolset-blocks-grid=\"3d9c399fe625e1b972f817a0680229f6\">\n<div class=\"wp-block-toolset-blocks-grid-column tb-grid-column tb-grid-align-top\" data-toolset-blocks-grid-column=\"3034fbe886c11054e95b46b09d3e4112\">\n<figure class=\"wp-block-image tb-image tb-image-dynamic tb-image-frame-none\" data-toolset-blocks-image=\"b9ebb66251177b99b50b02a4b38a5c47\"><a href=\"https:\/\/wpml.org\/wp-content\/uploads\/2024\/07\/Connecting-to-a-translation-service-in-the-setup-wizard.png\"><img decoding=\"async\" width=\"1024\" height=\"716\" loading=\"lazy\" src=\"https:\/\/wpml.org\/wp-content\/uploads\/2024\/07\/Connecting-to-a-translation-service-in-the-setup-wizard-1024x716.png\" alt=\"Connecting to a translation service in the setup wizard\" class=\"wp-image-15994328\" srcset=\"https:\/\/wpml.org\/wp-content\/uploads\/2024\/07\/Connecting-to-a-translation-service-in-the-setup-wizard-1024x716.png 1024w, https:\/\/wpml.org\/wp-content\/uploads\/2024\/07\/Connecting-to-a-translation-service-in-the-setup-wizard-300x210.png 300w, https:\/\/wpml.org\/wp-content\/uploads\/2024\/07\/Connecting-to-a-translation-service-in-the-setup-wizard-150x105.png 150w, https:\/\/wpml.org\/wp-content\/uploads\/2024\/07\/Connecting-to-a-translation-service-in-the-setup-wizard-768x537.png 768w, https:\/\/wpml.org\/wp-content\/uploads\/2024\/07\/Connecting-to-a-translation-service-in-the-setup-wizard-1536x1074.png 1536w, https:\/\/wpml.org\/wp-content\/uploads\/2024\/07\/Connecting-to-a-translation-service-in-the-setup-wizard.png 1600w\" sizes=\"auto, (max-width: 1024px) 100vw, 1024px\" \/><\/a><figcaption><div class=\"tb-image-caption\">Conectando a um servi\u00e7o de tradu\u00e7\u00e3o no assistente de configura\u00e7\u00e3o<\/div><\/figcaption><\/figure>\n<\/div>\n\n\n\n<div class=\"wp-block-toolset-blocks-grid-column tb-grid-column tb-grid-align-top\" data-toolset-blocks-grid-column=\"3034fbe886c11054e95b46b09d3e4112\">\n<figure class=\"wp-block-image tb-image tb-image-dynamic tb-image-frame-none\" data-toolset-blocks-image=\"4a01f8ef94ce21d20f7f08017b48ead4\"><a href=\"https:\/\/wpml.org\/wp-content\/uploads\/2024\/07\/Connecting-to-translation-service-in-Translation-Management.png\"><img decoding=\"async\" width=\"1024\" height=\"692\" loading=\"lazy\" src=\"https:\/\/wpml.org\/wp-content\/uploads\/2024\/07\/Connecting-to-translation-service-in-Translation-Management-1024x692.png\" alt=\"Connecting to translation service in Translation Management\" class=\"wp-image-15994313\" srcset=\"https:\/\/wpml.org\/wp-content\/uploads\/2024\/07\/Connecting-to-translation-service-in-Translation-Management-1024x692.png 1024w, https:\/\/wpml.org\/wp-content\/uploads\/2024\/07\/Connecting-to-translation-service-in-Translation-Management-300x203.png 300w, https:\/\/wpml.org\/wp-content\/uploads\/2024\/07\/Connecting-to-translation-service-in-Translation-Management-150x101.png 150w, https:\/\/wpml.org\/wp-content\/uploads\/2024\/07\/Connecting-to-translation-service-in-Translation-Management-768x519.png 768w, https:\/\/wpml.org\/wp-content\/uploads\/2024\/07\/Connecting-to-translation-service-in-Translation-Management-1536x1039.png 1536w, https:\/\/wpml.org\/wp-content\/uploads\/2024\/07\/Connecting-to-translation-service-in-Translation-Management.png 1600w\" sizes=\"auto, (max-width: 1024px) 100vw, 1024px\" \/><\/a><figcaption><div class=\"tb-image-caption\">Conectando a um servi\u00e7o de tradu\u00e7\u00e3o na Gest\u00e3o de Tradu\u00e7\u00e3o<\/div><\/figcaption><\/figure>\n<\/div>\n<\/div>\n\n<p>Uma vez que voc\u00ea selecione seu servi\u00e7o de tradu\u00e7\u00e3o preferido, \u00e9 necess\u00e1rio autentic\u00e1-lo com um token API. Para instru\u00e7\u00f5es sobre como obter um token, verifique a documenta\u00e7\u00e3o do seu servi\u00e7o de tradu\u00e7\u00e3o espec\u00edfico em nosso <a href=\"https:\/\/wpml.org\/translation-service\/\">diret\u00f3rio de servi\u00e7os de tradu\u00e7\u00e3o<\/a>. <\/p>\n\n<div style=\"height:5px\" aria-hidden=\"true\" class=\"wp-block-spacer\"><\/div>\n\n<div class=\"wp-block-toolset-blocks-container tb-container\" data-toolset-blocks-container=\"422698fa4e77a9890059ce8619548214\">\n<div class=\"wp-block-toolset-blocks-grid tb-grid\" data-toolset-blocks-grid=\"37d19417981b1b97920df56c088840a6\">\n<div class=\"wp-block-toolset-blocks-grid-column tb-grid-column tb-grid-align-top\" data-toolset-blocks-grid-column=\"3034fbe886c11054e95b46b09d3e4112\">\n<div class=\"wp-block-toolset-blocks-container tb-container\" data-toolset-blocks-container=\"8462661d63c4401da3f7686632759d01\"><\/div>\n<\/div>\n\n\n\n<div class=\"wp-block-toolset-blocks-grid-column tb-grid-column tb-grid-align-top\" data-toolset-blocks-grid-column=\"3034fbe886c11054e95b46b09d3e4112\">\n<p class=\"tb-heading has-text-color\" data-toolset-blocks-heading=\"c1ace1a37913fe1cf5b4191d09bc8145\" data-last-update=\"1.4\">Deseja utilizar um servi\u00e7o de tradu\u00e7\u00e3o n\u00e3o dispon\u00edvel em nossa lista padr\u00e3o? Siga os <a href=\"#frequently-asked-questions\">passos na se\u00e7\u00e3o FAQ<\/a> para conectar seu site a um servi\u00e7o externo. <\/p>\n<\/div>\n<\/div>\n<\/div>\n\n<h3 class=\"wp-block-heading\" id=\"hide-languages\">2. Ocultar Idiomas em Progresso (Opcional)<strong> <\/strong><\/h3>\n\n<p>A WPML permite que voc\u00ea oculte temporariamente todo o conte\u00fado em um idioma espec\u00edfico do seu website. Isso garante que os usu\u00e1rios n\u00e3o vejam tradu\u00e7\u00f5es em andamento ou \u00e1reas parcialmente traduzidas do seu website.  <\/p>\n\n<p>Para ocultar idiomas em seu website, v\u00e1 para <strong>WPML<\/strong> \u2192 <strong>Idiomas<\/strong> e role at\u00e9 a se\u00e7\u00e3o <strong>Ocultar idiomas<\/strong>. Selecione os idiomas que deseja ocultar e salve suas prefer\u00eancias.  <\/p>\n\n<figure class=\"wp-block-image tb-image tb-image-dynamic tb-image-frame-none\" data-toolset-blocks-image=\"6d09e655b12fa04694e9b304f9ba6b4f\"><a href=\"https:\/\/wpml.org\/wp-content\/uploads\/2024\/05\/Hiding-content-in-specific-languages.png\"><img decoding=\"async\" width=\"1024\" height=\"552\" loading=\"lazy\" src=\"https:\/\/wpml.org\/wp-content\/uploads\/2024\/05\/Hiding-content-in-specific-languages-1024x552.png\" alt=\"Hiding content in specific languages\" class=\"wp-image-15643336\" srcset=\"https:\/\/wpml.org\/wp-content\/uploads\/2024\/05\/Hiding-content-in-specific-languages-1024x552.png 1024w, https:\/\/wpml.org\/wp-content\/uploads\/2024\/05\/Hiding-content-in-specific-languages-300x162.png 300w, https:\/\/wpml.org\/wp-content\/uploads\/2024\/05\/Hiding-content-in-specific-languages-150x81.png 150w, https:\/\/wpml.org\/wp-content\/uploads\/2024\/05\/Hiding-content-in-specific-languages-768x414.png 768w, https:\/\/wpml.org\/wp-content\/uploads\/2024\/05\/Hiding-content-in-specific-languages.png 1439w\" sizes=\"auto, (max-width: 1024px) 100vw, 1024px\" \/><\/a><figcaption><div class=\"tb-image-caption\">Ocultando conte\u00fado em idiomas espec\u00edficos<\/div><\/figcaption><\/figure>\n\n<h3 class=\"wp-block-heading\" id=\"send-content-for-translation\">3. Enviar Conte\u00fado para Tradu\u00e7\u00e3o<\/h3>\n\n<p>Para enviar conte\u00fado para um servi\u00e7o de tradu\u00e7\u00e3o: <\/p>\n\n<ol class=\"wp-block-list\">\n<li>V\u00e1 para <strong>WPML<\/strong> \u2192 <strong>Translation Management<\/strong>. <\/li>\n\n\n\n<li>Selecione o conte\u00fado que deseja traduzir.<\/li>\n\n\n\n<li>Em <strong>Controles de tradu\u00e7\u00e3o<\/strong>, escolha <strong>Atribuir servi\u00e7o de tradu\u00e7\u00e3o<\/strong> e envie para tradu\u00e7\u00e3o. <\/li>\n<\/ol>\n<div class=\"wp-block-image\">\n<figure class=\" tb-image tb-image-dynamic tb-image-frame-none aligncenter\" data-toolset-blocks-image=\"dbf5480dd50f4e32592e13c35a3f388f\"><a href=\"https:\/\/wpml.org\/wp-content\/uploads\/2024\/07\/Selecting-translation-service-in-Translation-Management.png\"><img decoding=\"async\" width=\"1024\" height=\"644\" loading=\"lazy\" src=\"https:\/\/wpml.org\/wp-content\/uploads\/2024\/07\/Selecting-translation-service-in-Translation-Management-1024x644.png\" alt=\"Selecting translation service in Translation Management\" class=\"wp-image-15994238\" srcset=\"https:\/\/wpml.org\/wp-content\/uploads\/2024\/07\/Selecting-translation-service-in-Translation-Management-1024x644.png 1024w, https:\/\/wpml.org\/wp-content\/uploads\/2024\/07\/Selecting-translation-service-in-Translation-Management-300x189.png 300w, https:\/\/wpml.org\/wp-content\/uploads\/2024\/07\/Selecting-translation-service-in-Translation-Management-150x94.png 150w, https:\/\/wpml.org\/wp-content\/uploads\/2024\/07\/Selecting-translation-service-in-Translation-Management-768x483.png 768w, https:\/\/wpml.org\/wp-content\/uploads\/2024\/07\/Selecting-translation-service-in-Translation-Management-1536x966.png 1536w, https:\/\/wpml.org\/wp-content\/uploads\/2024\/07\/Selecting-translation-service-in-Translation-Management.png 1996w\" sizes=\"auto, (max-width: 1024px) 100vw, 1024px\" \/><\/a><figcaption><div class=\"tb-image-caption\">Selecionando o uso de um servi\u00e7o de tradu\u00e7\u00e3o no Gerenciamento de Tradu\u00e7\u00e3o<\/div><\/figcaption><\/figure>\n<\/div>\n<div class=\"wp-block-toolset-blocks-container tb-container\" data-toolset-blocks-container=\"422698fa4e77a9890059ce8619548214\">\n<div class=\"wp-block-toolset-blocks-grid tb-grid\" data-toolset-blocks-grid=\"37d19417981b1b97920df56c088840a6\">\n<div class=\"wp-block-toolset-blocks-grid-column tb-grid-column tb-grid-align-top\" data-toolset-blocks-grid-column=\"3034fbe886c11054e95b46b09d3e4112\">\n<div class=\"wp-block-toolset-blocks-container tb-container\" data-toolset-blocks-container=\"8462661d63c4401da3f7686632759d01\"><\/div>\n<\/div>\n\n\n\n<div class=\"wp-block-toolset-blocks-grid-column tb-grid-column tb-grid-align-top\" data-toolset-blocks-grid-column=\"3034fbe886c11054e95b46b09d3e4112\">\n<p class=\"tb-heading has-text-color\" data-toolset-blocks-heading=\"c1ace1a37913fe1cf5b4191d09bc8145\" data-last-update=\"1.4\">Lembre-se de que a WPML n\u00e3o gerencia pagamentos, ent\u00e3o voc\u00ea precisa pagar seu servi\u00e7o de tradu\u00e7\u00e3o diretamente. <\/p>\n<\/div>\n<\/div>\n<\/div>\n\n<p><\/p>\n\n<h3 class=\"wp-block-heading\" id=\"receive-completed-translations\">4. Receber Tradu\u00e7\u00f5es Completas<\/h3>\n\n<p>Assim que as tradu\u00e7\u00f5es estiverem prontas, a WPML as recupera automaticamente e as publica em seu website. As tradu\u00e7\u00f5es conclu\u00eddas aparecem no painel de <strong>Gerenciamento de Tradu\u00e7\u00e3o<\/strong> com um \u00edcone de marca de sele\u00e7\u00e3o. <\/p>\n<div class=\"wp-block-image\">\n<figure class=\" tb-image tb-image-dynamic tb-image-frame-none aligncenter\" data-toolset-blocks-image=\"b28784db0364046cd249cee562a26f12\"><a href=\"https:\/\/wpml.org\/wp-content\/uploads\/2024\/07\/Completed-translations-in-Translation-Management-1.png\"><img decoding=\"async\" width=\"1024\" height=\"625\" loading=\"lazy\" src=\"https:\/\/wpml.org\/wp-content\/uploads\/2024\/07\/Completed-translations-in-Translation-Management-1-1024x625.png\" alt=\"Completed translations in Translation Management\" class=\"wp-image-15994289\" srcset=\"https:\/\/wpml.org\/wp-content\/uploads\/2024\/07\/Completed-translations-in-Translation-Management-1-1024x625.png 1024w, https:\/\/wpml.org\/wp-content\/uploads\/2024\/07\/Completed-translations-in-Translation-Management-1-300x183.png 300w, https:\/\/wpml.org\/wp-content\/uploads\/2024\/07\/Completed-translations-in-Translation-Management-1-150x92.png 150w, https:\/\/wpml.org\/wp-content\/uploads\/2024\/07\/Completed-translations-in-Translation-Management-1-768x469.png 768w, https:\/\/wpml.org\/wp-content\/uploads\/2024\/07\/Completed-translations-in-Translation-Management-1-1536x938.png 1536w, https:\/\/wpml.org\/wp-content\/uploads\/2024\/07\/Completed-translations-in-Translation-Management-1-2048x1250.png 2048w\" sizes=\"auto, (max-width: 1024px) 100vw, 1024px\" \/><\/a><figcaption><div class=\"tb-image-caption\">Tradu\u00e7\u00f5es completas na Gest\u00e3o de Tradu\u00e7\u00e3o<\/div><\/figcaption><\/figure>\n<\/div>\n<div style=\"height:5px\" aria-hidden=\"true\" class=\"wp-block-spacer\"><\/div>\n\n<h2 class=\"wp-block-heading\" id=\"frequently-asked-questions\">Perguntas Frequentes<\/h2>\n\n<div style=\"height:10px\" aria-hidden=\"true\" class=\"wp-block-spacer\"><\/div>\n\n<div id=\"faq\" class=\"wp-block-toolset-blocks-container tb-container\" data-toolset-blocks-container=\"3c47785d6e1708c649124e2fe04a1b68\">\n<div class=\"wp-block-toolset-blocks-container tb-container\" data-toolset-blocks-container=\"40d6b7d75c97be28d62acd5aaafad645\">\n<details class=\"wp-block-details has-ast-global-color-3-color has-text-color has-link-color wp-elements-b11058b4ef0c5d9d444e1a4f64cb63fe is-layout-flow wp-block-details-is-layout-flow\" style=\"font-size:15px;font-style:normal;font-weight:700\"><summary>Por que alguns textos aparecem n\u00e3o traduzidos?<\/summary>\n<p class=\"tb-heading has-text-color\" data-toolset-blocks-heading=\"d9c36d003b4652b4ae1e92a25a44d041\" data-last-update=\"1.4\">Se voc\u00ea enviar conte\u00fado para tradu\u00e7\u00e3o e alguns textos ainda aparecerem n\u00e3o traduzidos, esses textos provavelmente s\u00e3o strings. <br\/><br\/>Para traduzir strings, v\u00e1 para <strong>WPML<\/strong> \u2192 <strong>Gerenciamento de Tradu\u00e7\u00e3o<\/strong> e role at\u00e9 a se\u00e7\u00e3o <strong>Outros textos (Strings)<\/strong>. Selecione seus textos e siga os mesmos passos explicados acima para envi\u00e1-los ao seu servi\u00e7o de tradu\u00e7\u00e3o. <\/p>\n<\/details>\n<\/div>\n<\/div>\n\n<div id=\"faq\" class=\"wp-block-toolset-blocks-container tb-container\" data-toolset-blocks-container=\"3c47785d6e1708c649124e2fe04a1b68\">\n<div class=\"wp-block-toolset-blocks-container tb-container\" data-toolset-blocks-container=\"40d6b7d75c97be28d62acd5aaafad645\">\n<details class=\"wp-block-details has-ast-global-color-3-color has-text-color has-link-color wp-elements-179e4452c84001cbc99fea4a3199b097 is-layout-flow wp-block-details-is-layout-flow\" style=\"font-size:15px;font-style:normal;font-weight:700\"><summary>Como posso cancelar tradu\u00e7\u00f5es?<\/summary>\n<p class=\"tb-heading has-text-color\" data-toolset-blocks-heading=\"d9c36d003b4652b4ae1e92a25a44d041\" data-last-update=\"1.4\">Para cancelar tradu\u00e7\u00f5es, \u00e9 necess\u00e1rio entrar em contato diretamente com seu servi\u00e7o de tradu\u00e7\u00e3o.<\/p>\n<\/details>\n<\/div>\n<\/div>\n\n<div id=\"faq\" class=\"wp-block-toolset-blocks-container tb-container\" data-toolset-blocks-container=\"3c47785d6e1708c649124e2fe04a1b68\">\n<div class=\"wp-block-toolset-blocks-container tb-container\" data-toolset-blocks-container=\"40d6b7d75c97be28d62acd5aaafad645\">\n<details class=\"wp-block-details has-ast-global-color-3-color has-text-color has-link-color wp-elements-25ab39c375f37a10b5c96040e7d41596 is-layout-flow wp-block-details-is-layout-flow\" style=\"font-size:15px;font-style:normal;font-weight:700\"><summary>Como posso utilizar um servi\u00e7o de tradu\u00e7\u00e3o n\u00e3o dispon\u00edvel no WPML?<\/summary>\n<p class=\"tb-heading has-text-color\" data-toolset-blocks-heading=\"d9c36d003b4652b4ae1e92a25a44d041\" data-last-update=\"1.4\">Para utilizar um servi\u00e7o de tradu\u00e7\u00e3o n\u00e3o dispon\u00edvel na WPML, comece solicitando ao servi\u00e7o que se junte ao <a href=\"https:\/\/wpml.org\/documentation\/content-translation\/translation-hub\/\">Translation Hub<\/a> \u2014 nosso programa de integra\u00e7\u00e3o. Uma vez integrado \u00e0 WPML, siga os passos abaixo para conectar seu website ao servi\u00e7o de tradu\u00e7\u00e3o:  <br\/><br\/>1. Solicite ao seu servi\u00e7o de tradu\u00e7\u00e3o que lhe envie a <strong>Chave de Ativa\u00e7\u00e3o<\/strong> e o <strong>token API<\/strong>.<br\/>2. V\u00e1 para <strong>WPML<\/strong> \u2192 <strong>Gerenciamento de Tradu\u00e7\u00f5es<\/strong> e mude para a aba <strong>Tradutores<\/strong>.<br\/>3. Clique no bot\u00e3o <strong>ativar um servi\u00e7o n\u00e3o listado aqui<\/strong> e insira sua <strong>Chave de Ativa\u00e7\u00e3o<\/strong> no pop-up. Seu servi\u00e7o agora aparecer\u00e1 na tela.<br\/>4. Clique no bot\u00e3o <strong>autenticar<\/strong> e insira seu <strong>token API<\/strong>. <br\/><br\/>Agora voc\u00ea pode enviar conte\u00fado para este servi\u00e7o de tradu\u00e7\u00e3o atrav\u00e9s do <strong>Gerenciamento de Tradu\u00e7\u00f5es<\/strong>.<\/p>\n<\/details>\n<\/div>\n<\/div>\n\n<div style=\"height:10px\" aria-hidden=\"true\" class=\"wp-block-spacer\"><\/div>\n\n<h2 class=\"wp-block-heading\" id=\"get-started-wpml\">Comece com WPML<\/h2>\n\n<p>Para come\u00e7ar com os servi\u00e7os de tradu\u00e7\u00e3o, voc\u00ea precisa de uma conta <strong>Multilingual CMS<\/strong> ou <strong>Multilingual Agency<\/strong> do WPML. <\/p>\n\n<p>Visite nossa <a href=\"https:\/\/wpml.org\/pt-br\/purchase\/\">p\u00e1gina de pre\u00e7os<\/a> para saber mais. <\/p>\n","protected":false},"excerpt":{"rendered":"<p>Aprenda a conectar seu site aos principais servi\u00e7os de tradu\u00e7\u00e3o e enviar conte\u00fado para tradu\u00e7\u00e3o usando WPML. Por que Utilizar um Servi\u00e7o de Tradu\u00e7\u00e3o? Os servi\u00e7os de tradu\u00e7\u00e3o s\u00e3o uma forma confi\u00e1vel de traduzir o seu website. Diferentemente de contratantes individuais e freelancers em tempo parcial, os servi\u00e7os de tradu\u00e7\u00e3o empregam tradutores profissionais com experi\u00eancia [&hellip;]<\/p>\n","protected":false},"author":578773,"featured_media":0,"parent":96594,"menu_order":9,"comment_status":"closed","ping_status":"closed","template":"template-sidebar-2.php","meta":{"_bbp_topic_count":0,"_bbp_reply_count":0,"_bbp_total_topic_count":0,"_bbp_total_reply_count":0,"_bbp_voice_count":0,"_bbp_anonymous_reply_count":0,"_bbp_topic_count_hidden":0,"_bbp_reply_count_hidden":0,"_bbp_forum_subforum_count":0,"ep_exclude_from_search":false,"footnotes":""},"related-projects-category":[],"class_list":["post-5239401","page","type-page","status-publish","hentry"],"_links":{"self":[{"href":"https:\/\/wpml.org\/pt-br\/wp-json\/wp\/v2\/pages\/5239401","targetHints":{"allow":["GET"]}}],"collection":[{"href":"https:\/\/wpml.org\/pt-br\/wp-json\/wp\/v2\/pages"}],"about":[{"href":"https:\/\/wpml.org\/pt-br\/wp-json\/wp\/v2\/types\/page"}],"author":[{"embeddable":true,"href":"https:\/\/wpml.org\/pt-br\/wp-json\/wp\/v2\/users\/578773"}],"replies":[{"embeddable":true,"href":"https:\/\/wpml.org\/pt-br\/wp-json\/wp\/v2\/comments?post=5239401"}],"version-history":[{"count":8,"href":"https:\/\/wpml.org\/pt-br\/wp-json\/wp\/v2\/pages\/5239401\/revisions"}],"predecessor-version":[{"id":16712963,"href":"https:\/\/wpml.org\/pt-br\/wp-json\/wp\/v2\/pages\/5239401\/revisions\/16712963"}],"up":[{"embeddable":true,"href":"https:\/\/wpml.org\/pt-br\/wp-json\/wp\/v2\/pages\/96594"}],"wp:attachment":[{"href":"https:\/\/wpml.org\/pt-br\/wp-json\/wp\/v2\/media?parent=5239401"}],"wp:term":[{"taxonomy":"related-projects-category","embeddable":true,"href":"https:\/\/wpml.org\/pt-br\/wp-json\/wp\/v2\/related-projects-category?post=5239401"}],"curies":[{"name":"wp","href":"https:\/\/api.w.org\/{rel}","templated":true}]}}