{"id":748859,"date":"2015-11-18T11:24:36","date_gmt":"2015-11-18T11:24:36","guid":{"rendered":"https:\/\/wpml.org\/pt-br\/purchase\/desenvolvedores-de-temas-e-plugins\/"},"modified":"2024-06-07T11:33:15","modified_gmt":"2024-06-07T11:33:15","slug":"desenvolvedores-de-temas-e-plugins","status":"publish","type":"page","link":"https:\/\/wpml.org\/pt-br\/purchase\/desenvolvedores-de-temas-e-plugins\/","title":{"rendered":"Desenvolvedores de temas e plug-ins"},"content":{"rendered":"<p class=\"lead\">Se voc\u00ea estiver <sup>criando1<\/sup> e <sup>distribuindo2<\/sup> temas e plug-ins sob uma <sup>licen\u00e7a<\/sup> GPL3, queremos facilitar a manuten\u00e7\u00e3o da compatibilidade com o WPML.<\/p>\n<p>Na verdade, faremos tudo o que pudermos para ajudar voc\u00ea a criar temas e plug-ins que funcionem perfeitamente em sites multil\u00edngues.<\/p>\n<p>Criar temas e plug-ins prontos para v\u00e1rios idiomas \u00e9 muito simples. Tudo o que voc\u00ea precisa fazer \u00e9 usar a API padr\u00e3o WordPress para tudo. WPML se conecta \u00e0s chamadas da API WordPress e as transforma em multil\u00edngues.<\/p>\n<p><strong><br \/>\n  <a title=\"Programa Go-Global\" href=\"https:\/\/wpml.org\/documentation\/support\/go-global-program\/\">Entre em contato conosco<\/a><br \/>\n<\/strong>Informe-nos <strong>o que voc\u00ea est\u00e1 construindo<\/strong> e <strong>onde podemos encontr\u00e1-lo<\/strong>, e n\u00f3s emitiremos uma assinatura do WPML para voc\u00ea.<\/p>\n<p>As assinaturas WPML incluem downloads e acesso premium a recursos de suporte. Quando voc\u00ea tiver alguma d\u00favida ou quiser fazer uma consulta sobre pr\u00e1ticas recomendadas, inicie um novo t\u00f3pico em nosso <a href=\"http:\/\/wpml.org\/forums\">f\u00f3rum exclusivo para membros<\/a> e entraremos em contato com voc\u00ea imediatamente.<\/p>\n<hr>\n<p><sup>1<\/sup> <small>Queremos saber se estamos trabalhando com o autor original.<\/small><br \/>\n<sup>2<\/sup> <small>Seu trabalho deve estar dispon\u00edvel ao p\u00fablico e n\u00e3o apenas &#8220;trabalho para loca\u00e7\u00e3o&#8221;. Isso inclui temas e plug-ins comerciais e gratuitos.<\/small><br \/>\n<sup>3<\/sup> <small>Trabalhamos apenas com projetos de c\u00f3digo aberto que obedecem \u00e0 licen\u00e7a GPL. Isso facilita o compartilhamento de c\u00f3digos e ideias entre todos.<\/small><\/p>\n","protected":false},"excerpt":{"rendered":"<p>Se voc\u00ea estiver criando1 e distribuindo2 temas e plug-ins sob uma licen\u00e7a GPL3, queremos facilitar a manuten\u00e7\u00e3o da compatibilidade com o WPML. Na verdade, faremos tudo o que pudermos para ajudar voc\u00ea a criar temas e plug-ins que funcionem perfeitamente em sites multil\u00edngues. Criar temas e plug-ins prontos para v\u00e1rios idiomas \u00e9 muito simples. Tudo [&hellip;]<\/p>\n","protected":false},"author":2,"featured_media":0,"parent":95897,"menu_order":45,"comment_status":"closed","ping_status":"closed","template":"","meta":{"_bbp_topic_count":0,"_bbp_reply_count":0,"_bbp_total_topic_count":0,"_bbp_total_reply_count":0,"_bbp_voice_count":0,"_bbp_anonymous_reply_count":0,"_bbp_topic_count_hidden":0,"_bbp_reply_count_hidden":0,"_bbp_forum_subforum_count":0,"_uag_custom_page_level_css":"","ep_exclude_from_search":false,"footnotes":""},"related-projects-category":[],"class_list":["post-748859","page","type-page","status-publish","hentry"],"spectra_custom_meta":{"ratings_users":["0"],"ratings_score":["0"],"ratings_average":["0"],"_alp_processed":["1717759995"],"_wp_page_template":["default"],"_wpcf-product-site-sort-order":["a:0:{}"],"_wpml_media_duplicate":["1"],"_wpml_media_featured":["1"],"wpcf-unformatted-code":[""],"wpcf-price-increase-show-from":[""],"wpcf-price-increase-show-till":[""],"_subscription_coupon_product_id":["0"],"_last_translation_edit_mode":["translation-editor"],"_top_nav_excluded":[""],"_cms_nav_minihome":[""]},"uagb_featured_image_src":{"full":false,"thumbnail":false,"medium":false,"medium_large":false,"large":false,"1536x1536":false,"2048x2048":false,"gform-image-choice-sm":false,"gform-image-choice-md":false,"gform-image-choice-lg":false,"woocommerce_thumbnail":false,"woocommerce_single":false,"woocommerce_gallery_thumbnail":false},"uagb_author_info":{"display_name":"Amir","author_link":"https:\/\/wpml.org\/pt-br\/author\/amir\/"},"uagb_comment_info":0,"uagb_excerpt":"Se voc\u00ea estiver criando1 e distribuindo2 temas e plug-ins sob uma licen\u00e7a GPL3, queremos facilitar a manuten\u00e7\u00e3o da compatibilidade com o WPML. Na verdade, faremos tudo o que pudermos para ajudar voc\u00ea a criar temas e plug-ins que funcionem perfeitamente em sites multil\u00edngues. Criar temas e plug-ins prontos para v\u00e1rios idiomas \u00e9 muito simples. Tudo&hellip;","_links":{"self":[{"href":"https:\/\/wpml.org\/pt-br\/wp-json\/wp\/v2\/pages\/748859","targetHints":{"allow":["GET"]}}],"collection":[{"href":"https:\/\/wpml.org\/pt-br\/wp-json\/wp\/v2\/pages"}],"about":[{"href":"https:\/\/wpml.org\/pt-br\/wp-json\/wp\/v2\/types\/page"}],"author":[{"embeddable":true,"href":"https:\/\/wpml.org\/pt-br\/wp-json\/wp\/v2\/users\/2"}],"replies":[{"embeddable":true,"href":"https:\/\/wpml.org\/pt-br\/wp-json\/wp\/v2\/comments?post=748859"}],"version-history":[{"count":1,"href":"https:\/\/wpml.org\/pt-br\/wp-json\/wp\/v2\/pages\/748859\/revisions"}],"predecessor-version":[{"id":15715735,"href":"https:\/\/wpml.org\/pt-br\/wp-json\/wp\/v2\/pages\/748859\/revisions\/15715735"}],"up":[{"embeddable":true,"href":"https:\/\/wpml.org\/pt-br\/wp-json\/wp\/v2\/pages\/95897"}],"wp:attachment":[{"href":"https:\/\/wpml.org\/pt-br\/wp-json\/wp\/v2\/media?parent=748859"}],"wp:term":[{"taxonomy":"related-projects-category","embeddable":true,"href":"https:\/\/wpml.org\/pt-br\/wp-json\/wp\/v2\/related-projects-category?post=748859"}],"curies":[{"name":"wp","href":"https:\/\/api.w.org\/{rel}","templated":true}]}}