{"id":8013077,"date":"2022-08-08T11:11:01","date_gmt":"2022-08-08T11:11:01","guid":{"rendered":"https:\/\/wpml.org\/?page_id=8013077"},"modified":"2022-08-08T11:11:01","modified_gmt":"2022-08-08T11:11:01","slug":"voce-prefere-comprar-o-wpml-com-um-cartao-de-credito","status":"publish","type":"page","link":"https:\/\/wpml.org\/pt-br\/voce-prefere-comprar-o-wpml-com-um-cartao-de-credito\/","title":{"rendered":"Voc\u00ea prefere comprar o WPML com um cart\u00e3o de cr\u00e9dito?"},"content":{"rendered":"\n<p>Ol\u00e1 [First Name],<\/p>\n\n<p>Parece que voc\u00ea n\u00e3o conseguiu finalizar a compra do WPML. Caso prefira usar uma forma de pagamento que n\u00e3o seja o PayPal, tamb\u00e9m \u00e9 poss\u00edvel pagar com cart\u00e3o de cr\u00e9dito atrav\u00e9s do Stripe.<\/p>\n\n<p>Para pagar com cart\u00e3o de cr\u00e9dito:<\/p>\n\n<ol class=\"wp-block-list\"><li><a href=\"https:\/\/wpml.org\/pt-br\/purchase\/\">Escolha a vers\u00e3o do WPML<\/a> que deseja comprar.<\/li><li>Preencha os dados de cobran\u00e7a<\/li><li>Clique em <strong>Usar um processador de pagamentos diferente<\/strong>.<\/li><\/ol>\n\n<figure class=\"wp-block-image tb-image tb-image-media\" data-toolset-blocks-image=\"d061e6e4ae342c1b49fad65d6db68404\"><img decoding=\"async\" width=\"975\" height=\"760\" loading=\"lazy\" src=\"https:\/\/wpml.org\/wp-content\/uploads\/2021\/02\/wpml-card.png\" alt=\"\" class=\"wp-image-8006175\" srcset=\"https:\/\/wpml.org\/wp-content\/uploads\/2021\/02\/wpml-card.png 975w, https:\/\/wpml.org\/wp-content\/uploads\/2021\/02\/wpml-card-300x234.png 300w, https:\/\/wpml.org\/wp-content\/uploads\/2021\/02\/wpml-card-150x117.png 150w, https:\/\/wpml.org\/wp-content\/uploads\/2021\/02\/wpml-card-768x599.png 768w\" sizes=\"auto, (max-width: 975px) 100vw, 975px\" \/><\/figure>\n\n<p>Aparecer\u00e1 ent\u00e3o uma solicita\u00e7\u00e3o para que voc\u00ea pague com o Stripe. Trocar para o Stripe lhe permite inserir os dados de seu cart\u00e3o de cr\u00e9dito e finalizar sua compra!<\/p>\n\n<p><a href=\"https:\/\/wpml.org\/pt-br\/purchase\/\">Comprar o WPML com cart\u00e3o de cr\u00e9dito<\/a><\/p>\n\n<p>Se tiver qualquer d\u00favida ou precisar de ajuda para comprar, \u00e9 s\u00f3 responder a este e-mail. Estamos aqui para ajudar!<\/p>\n\n<p>Tudo de bom,<\/p>\n\n<p>Mercedes, da Equipe WPML<\/p>\n","protected":false},"excerpt":{"rendered":"<p>Ol\u00e1 [First Name], Parece que voc\u00ea n\u00e3o conseguiu finalizar a compra do WPML. Caso prefira usar uma forma de pagamento que n\u00e3o seja o PayPal, tamb\u00e9m \u00e9 poss\u00edvel pagar com cart\u00e3o de cr\u00e9dito atrav\u00e9s do Stripe. Para pagar com cart\u00e3o de cr\u00e9dito: Escolha a vers\u00e3o do WPML que deseja comprar. Preencha os dados de cobran\u00e7a [&hellip;]<\/p>\n","protected":false},"author":76577,"featured_media":0,"parent":0,"menu_order":12,"comment_status":"closed","ping_status":"closed","template":"","meta":{"_bbp_topic_count":0,"_bbp_reply_count":0,"_bbp_total_topic_count":0,"_bbp_total_reply_count":0,"_bbp_voice_count":0,"_bbp_anonymous_reply_count":0,"_bbp_topic_count_hidden":0,"_bbp_reply_count_hidden":0,"_bbp_forum_subforum_count":0,"ep_exclude_from_search":false,"footnotes":""},"related-projects-category":[],"class_list":["post-8013077","page","type-page","status-publish","hentry"],"_links":{"self":[{"href":"https:\/\/wpml.org\/pt-br\/wp-json\/wp\/v2\/pages\/8013077","targetHints":{"allow":["GET"]}}],"collection":[{"href":"https:\/\/wpml.org\/pt-br\/wp-json\/wp\/v2\/pages"}],"about":[{"href":"https:\/\/wpml.org\/pt-br\/wp-json\/wp\/v2\/types\/page"}],"author":[{"embeddable":true,"href":"https:\/\/wpml.org\/pt-br\/wp-json\/wp\/v2\/users\/76577"}],"replies":[{"embeddable":true,"href":"https:\/\/wpml.org\/pt-br\/wp-json\/wp\/v2\/comments?post=8013077"}],"version-history":[{"count":1,"href":"https:\/\/wpml.org\/pt-br\/wp-json\/wp\/v2\/pages\/8013077\/revisions"}],"predecessor-version":[{"id":8013079,"href":"https:\/\/wpml.org\/pt-br\/wp-json\/wp\/v2\/pages\/8013077\/revisions\/8013079"}],"wp:attachment":[{"href":"https:\/\/wpml.org\/pt-br\/wp-json\/wp\/v2\/media?parent=8013077"}],"wp:term":[{"taxonomy":"related-projects-category","embeddable":true,"href":"https:\/\/wpml.org\/pt-br\/wp-json\/wp\/v2\/related-projects-category?post=8013077"}],"curies":[{"name":"wp","href":"https:\/\/api.w.org\/{rel}","templated":true}]}}