{"id":845800,"date":"2015-07-27T12:11:42","date_gmt":"2015-07-27T12:11:42","guid":{"rendered":"https:\/\/wpml.org\/pt-br\/documentacao\/woocommerce-extensions-compatibility\/"},"modified":"2024-06-07T09:55:31","modified_gmt":"2024-06-07T09:55:31","slug":"woocommerce-extensions-compatibility","status":"publish","type":"page","link":"https:\/\/wpml.org\/pt-br\/documentacao\/woocommerce-extensions-compatibility\/","title":{"rendered":"Compatibilidade com as extens\u00f5es WooCommerce"},"content":{"rendered":"<div class=\"compatibility-introbox\">\n<p>Procure o \u00edcone Multilingual Ready nos plug-ins antes de compr\u00e1-los.<\/p>\n<p>Esse \u00edcone significa que testamos o plug-in e o certificamos. Se voc\u00ea n\u00e3o tiver certeza, entre em contato com o autor e encaminhe-o ao nosso <a href=\"https:\/\/wpml.org\/documentation\/support\/go-global-program\/\">programa de certifica\u00e7\u00e3o<\/a>.<\/p><\/div>\n<h2>Extens\u00f5es WooCommerce prontas para v\u00e1rios idiomas<\/h2>\n<p>Muitas extens\u00f5es WooCommerce funcionam bem em sites multil\u00edngues. Para garantir isso, trabalhamos com autores de plug-ins e realizamos testes extensivos. Em seguida, listamos esses plug-ins aqui.<\/p>\n<p>Esta p\u00e1gina lista as extens\u00f5es WooCommerce. Para obter uma lista mais geral de plugins que foram testados com o WPML, consulte a <a href=\"\/?page_id=119949\">lista de compatibilidade de plugins<\/a>.<\/p>\n<p>Para usar todos esses plug-ins, voc\u00ea precisar\u00e1 de <a href=\"\/\">WPML<\/a> e <a href=\"https:\/\/wpml.org\/documentation\/related-projects\/woocommerce-multilingual\/\">WPML Multilingual &#038; Multicurrency for WooCommerce<\/a>.<\/p>\n<form autocomplete=\"off\" name=\"wpv-filter-627943\" action=\"\/pt-br\/wp-json\/wp\/v2\/pages\/845800?wpv_view_count=627943\" method=\"get\" class=\"wpv-filter-form js-wpv-filter-form js-wpv-filter-form-627943 js-wpv-form-full js-wpv-dps-enabled\" data-viewnumber=\"627943\" data-viewid=\"627943\" data-viewhash=\"eyJuYW1lIjoiQ2VydGlmaWVkIFdDIGV4dGVuc2lvbnMgbGlzdCJ9\" data-viewwidgetid=\"0\" data-orderby=\"\" data-order=\"\" data-orderbyas=\"\" data-orderbysecond=\"\" data-ordersecond=\"\" data-parametric=\"{&quot;query&quot;:&quot;normal&quot;,&quot;id&quot;:627943,&quot;view_id&quot;:627943,&quot;widget_id&quot;:0,&quot;view_hash&quot;:&quot;627943&quot;,&quot;action&quot;:&quot;\\\/pt-br\\\/wp-json\\\/wp\\\/v2\\\/pages\\\/845800?wpv_view_count=627943&quot;,&quot;sort&quot;:{&quot;orderby&quot;:&quot;&quot;,&quot;order&quot;:&quot;&quot;,&quot;orderby_as&quot;:&quot;&quot;,&quot;orderby_second&quot;:&quot;&quot;,&quot;order_second&quot;:&quot;&quot;},&quot;orderby&quot;:&quot;&quot;,&quot;order&quot;:&quot;&quot;,&quot;orderby_as&quot;:&quot;&quot;,&quot;orderby_second&quot;:&quot;&quot;,&quot;order_second&quot;:&quot;&quot;,&quot;ajax_form&quot;:&quot;&quot;,&quot;ajax_results&quot;:&quot;&quot;,&quot;effect&quot;:&quot;fade&quot;,&quot;prebefore&quot;:&quot;&quot;,&quot;before&quot;:&quot;&quot;,&quot;after&quot;:&quot;&quot;,&quot;attributes&quot;:[],&quot;environment&quot;:{&quot;current_post_id&quot;:845800,&quot;parent_post_id&quot;:845800,&quot;parent_term_id&quot;:0,&quot;parent_user_id&quot;:0,&quot;archive&quot;:{&quot;type&quot;:&quot;&quot;,&quot;name&quot;:&quot;&quot;,&quot;data&quot;:[]}},&quot;loop&quot;:{&quot;type&quot;:&quot;&quot;,&quot;name&quot;:&quot;&quot;,&quot;data&quot;:[],&quot;id&quot;:0}}\" data-attributes=\"[]\" data-environment=\"{&quot;current_post_id&quot;:845800,&quot;parent_post_id&quot;:845800,&quot;parent_term_id&quot;:0,&quot;parent_user_id&quot;:0,&quot;archive&quot;:{&quot;type&quot;:&quot;&quot;,&quot;name&quot;:&quot;&quot;,&quot;data&quot;:[]}}\"><input type=\"hidden\" class=\"js-wpv-dps-filter-data js-wpv-filter-data-for-this-form\" data-action=\"\/pt-br\/wp-json\/wp\/v2\/pages\/845800?wpv_view_count=627943\" data-page=\"1\" data-ajax=\"disable\" data-effect=\"fade\" data-maxpages=\"0\" data-ajaxprebefore=\"\" data-ajaxbefore=\"\" data-ajaxafter=\"\" \/><input class=\"wpv_view_count wpv_view_count-627943\" type=\"hidden\" name=\"wpv_view_count\" value=\"627943\" \/>\n\n<div class=\"compatibility-search clearfix\">\n<h4>Pesquisar por<\/h4> \n<div class=\"form-row\">\n  <label>Nome do plugin: <\/label>\n\t<input type=\"text\" name=\"wpv_post_search\"  class=\"js-wpv-filter-trigger-delayed form-control\" \/>\n  <\/div><div class=\"form-row\">\n <input type=\"button\" class=\"reset-button wpv-reset-trigger js-wpv-reset-trigger\" name=\"wpv_filter_reset\" value=\"\u00d7 Clear all filters\" \/><input type=\"submit\" class=\"button-primary wpv-submit-trigger js-wpv-submit-trigger\" name=\"wpv_filter_submit\" value=\"Search\" \/> \n  <\/div> \n<\/div>\n\n<\/form>\n<div id=\"wpv-view-layout-627943\" class=\"js-wpv-view-layout js-wpv-layout-responsive js-wpv-view-layout-627943\" data-viewnumber=\"627943\" data-pagination=\"{&quot;id&quot;:627943,&quot;query&quot;:&quot;normal&quot;,&quot;type&quot;:&quot;paged&quot;,&quot;effect&quot;:&quot;fade&quot;,&quot;duration&quot;:&quot;500&quot;,&quot;speed&quot;:5,&quot;pause_on_hover&quot;:&quot;disabled&quot;,&quot;stop_rollover&quot;:&quot;false&quot;,&quot;cache_pages&quot;:&quot;enabled&quot;,&quot;preload_images&quot;:&quot;enabled&quot;,&quot;preload_pages&quot;:&quot;enabled&quot;,&quot;preload_reach&quot;:&quot;1&quot;,&quot;spinner&quot;:&quot;builtin&quot;,&quot;spinner_image&quot;:&quot;https:\/\/wpml.org\/wp-content\/plugins\/wp-views\/embedded\/res\/img\/ajax-loader.gif&quot;,&quot;callback_next&quot;:&quot;&quot;,&quot;manage_history&quot;:&quot;disabled&quot;,&quot;has_controls_in_form&quot;:&quot;disabled&quot;,&quot;infinite_tolerance&quot;:&quot;0&quot;,&quot;max_pages&quot;:0,&quot;page&quot;:1,&quot;base_permalink&quot;:&quot;\/pt-br\/wp-json\/wp\/v2\/pages\/845800?wpv_view_count=627943&amp;wpv_paged=WPV_PAGE_NUM&quot;,&quot;loop&quot;:{&quot;type&quot;:&quot;&quot;,&quot;name&quot;:&quot;&quot;,&quot;data&quot;:[],&quot;id&quot;:0}}\" data-permalink=\"\/pt-br\/wp-json\/wp\/v2\/pages\/845800?wpv_view_count=627943\">\n\n\n<\/div>\n","protected":false},"excerpt":{"rendered":"<p>Muitas extens\u00f5es WooCommerce funcionam bem em sites multil\u00edngues. Para garantir isso, trabalhamos com autores de extens\u00f5es e realizamos testes extensivos. Em seguida, listamos essas extens\u00f5es aqui.  <\/p>\n","protected":false},"author":10760,"featured_media":0,"parent":96558,"menu_order":60,"comment_status":"closed","ping_status":"closed","template":"","meta":{"_bbp_topic_count":0,"_bbp_reply_count":0,"_bbp_total_topic_count":0,"_bbp_total_reply_count":0,"_bbp_voice_count":0,"_bbp_anonymous_reply_count":0,"_bbp_topic_count_hidden":0,"_bbp_reply_count_hidden":0,"_bbp_forum_subforum_count":0,"ep_exclude_from_search":false,"footnotes":""},"related-projects-category":[],"class_list":["post-845800","page","type-page","status-publish","hentry"],"_links":{"self":[{"href":"https:\/\/wpml.org\/pt-br\/wp-json\/wp\/v2\/pages\/845800","targetHints":{"allow":["GET"]}}],"collection":[{"href":"https:\/\/wpml.org\/pt-br\/wp-json\/wp\/v2\/pages"}],"about":[{"href":"https:\/\/wpml.org\/pt-br\/wp-json\/wp\/v2\/types\/page"}],"author":[{"embeddable":true,"href":"https:\/\/wpml.org\/pt-br\/wp-json\/wp\/v2\/users\/10760"}],"replies":[{"embeddable":true,"href":"https:\/\/wpml.org\/pt-br\/wp-json\/wp\/v2\/comments?post=845800"}],"version-history":[{"count":6,"href":"https:\/\/wpml.org\/pt-br\/wp-json\/wp\/v2\/pages\/845800\/revisions"}],"predecessor-version":[{"id":15714636,"href":"https:\/\/wpml.org\/pt-br\/wp-json\/wp\/v2\/pages\/845800\/revisions\/15714636"}],"up":[{"embeddable":true,"href":"https:\/\/wpml.org\/pt-br\/wp-json\/wp\/v2\/pages\/96558"}],"wp:attachment":[{"href":"https:\/\/wpml.org\/pt-br\/wp-json\/wp\/v2\/media?parent=845800"}],"wp:term":[{"taxonomy":"related-projects-category","embeddable":true,"href":"https:\/\/wpml.org\/pt-br\/wp-json\/wp\/v2\/related-projects-category?post=845800"}],"curies":[{"name":"wp","href":"https:\/\/api.w.org\/{rel}","templated":true}]}}