{"id":875367,"date":"2016-05-04T17:14:02","date_gmt":"2016-05-04T17:14:02","guid":{"rendered":"https:\/\/wpml.org\/pt-br\/documentacao\/projetos-relacionados\/toolset\/"},"modified":"2024-10-22T12:52:32","modified_gmt":"2024-10-22T12:52:32","slug":"toolset","status":"publish","type":"page","link":"https:\/\/wpml.org\/pt-br\/documentacao\/compatibilidade-de-plugins\/toolset\/","title":{"rendered":"Toolset"},"content":{"rendered":"<p class=\"lead\"><a href=\"https:\/\/toolset.com\/\">Toolset<\/a> ajudam os profissionais WordPress a criar sites avan\u00e7ados sem programa\u00e7\u00e3o. Ele vem de <a href=\"https:\/\/www.onthegosystems.com\">OnTheGoSystems<\/a>a mesma empresa que desenvolve WPML.<\/p>\n<p>Com o Toolset, voc\u00ea adiciona tipos e campos de postagem personalizados ao seu site e cria visualmente:<\/p>\n<ul>\n<li>modelos personalizados e listas de conte\u00fado<\/li>\n<li>arquivos personalizados<\/li>\n<li>formul\u00e1rios de front-end<\/li>\n<li>pesquisas<\/li>\n<li>relacionamentos posteriores<\/li>\n<li>sites personalizados WooCommerce <\/li>\n<li>diret\u00f3rios com integra\u00e7\u00e3o de mapas<\/li>\n<\/ul>\n<p>&#8230;e muito mais.<\/p>\n<p>Assista ao v\u00eddeo a seguir para ver uma apresenta\u00e7\u00e3o pr\u00e1tica dos principais recursos do Toolset em a\u00e7\u00e3o.<\/p>\n<div class=\"embed-responsive embed-responsive-16by9\"><iframe title=\"Toolset Intro\" width=\"700\" height=\"394\" src=\"https:\/\/www.youtube.com\/embed\/vJ2lInQwQNc?feature=oembed\" frameborder=\"0\" allow=\"accelerometer; autoplay; clipboard-write; encrypted-media; gyroscope; picture-in-picture\" allowfullscreen><\/iframe><\/div>\n<h2>Toolset e WPML<\/h2>\n<p>Juntos, o Toolset e WPML facilitam a cria\u00e7\u00e3o de sites multil\u00edngues avan\u00e7ados. N\u00e3o \u00e9 necess\u00e1ria nenhuma configura\u00e7\u00e3o para traduzir o conte\u00fado que voc\u00ea cria. Toolset se comunica diretamente com o WPML e permite que voc\u00ea traduza tudo por meio dos controles de tradu\u00e7\u00e3o do WPML. Leia <a href=\"https:\/\/toolset.com\/course-chapter\/translating-directory-and-classifieds-sites\/\">como traduzir sites de diret\u00f3rios e classificados criados com o Toolset<\/a>.<\/p>\n<h2>Desconto no Toolset para clientes WPML <\/h2>\n<p>Oferecemos um desconto de 30% no Toolset para todos os clientes WPML. Para obter seu desconto, visite <a href=\"\/?page_id=2869157\">a p\u00e1gina de cupons doWPML<\/a>.<\/p>\n","protected":false},"excerpt":{"rendered":"<p><a href=\"https:\/\/wpml.org\/wp-content\/uploads\/2015\/11\/toolset-logo.png\"><img decoding=\"async\" class=\"alignright size-medium wp-image-1392516\" src=\"https:\/\/wpml.org\/wp-content\/uploads\/2015\/11\/toolset-logo-300x127.png\" alt=\"logotipo do conjunto de ferramentas\" width=\"300\" height=\"127\" srcset=\"https:\/\/wpml.org\/wp-content\/uploads\/2015\/11\/toolset-logo-300x127.png 300w, https:\/\/wpml.org\/wp-content\/uploads\/2015\/11\/toolset-logo-150x63.png 150w, https:\/\/wpml.org\/wp-content\/uploads\/2015\/11\/toolset-logo-768x324.png 768w, https:\/\/wpml.org\/wp-content\/uploads\/2015\/11\/toolset-logo.png 800w\" sizes=\"(max-width: 300px) 100vw, 300px\" \/><\/a> <\/p>\n<p><a href=\"https:\/\/toolset.com\/\">Toolset<\/a> \u00e9 um conjunto de plug-ins para <strong>desenvolvedores da Web <\/strong>que <strong>n\u00e3o s\u00e3o programadores de PHP<\/strong>, mas que pretendem desenvolver <strong>projetos WordPress<\/strong> mais <strong>exigentes<\/strong>.<\/p>\n<p>Usando o Toolset, voc\u00ea adiciona tipos e campos de postagem personalizados ao seu site e constr\u00f3i tudo com base neles:\n<\/p>\n<ul>\n<li>relacionamentos posteriores<\/li>\n<li>modelos personalizados e listas de conte\u00fado<\/li>\n<li>arquivos personalizados<\/li>\n<li>formul\u00e1rios de front-end<\/li>\n<li>pesquisas<\/li>\n<\/ul>\n<p>&#8230;e muito mais.<\/p>\n","protected":false},"author":2,"featured_media":0,"parent":16317473,"menu_order":28,"comment_status":"closed","ping_status":"closed","template":"","meta":{"_bbp_topic_count":0,"_bbp_reply_count":0,"_bbp_total_topic_count":0,"_bbp_total_reply_count":0,"_bbp_voice_count":0,"_bbp_anonymous_reply_count":0,"_bbp_topic_count_hidden":0,"_bbp_reply_count_hidden":0,"_bbp_forum_subforum_count":0,"_uag_custom_page_level_css":"","ep_exclude_from_search":false,"footnotes":""},"related-projects-category":[27846,27795],"class_list":["post-875367","page","type-page","status-publish","hentry","related-projects-category-campos-personalizados","related-projects-category-build-advanced-sites-pt-br"],"spectra_custom_meta":{"ratings_users":["0"],"ratings_score":["0"],"ratings_average":["0"],"_alp_processed":["1729601553"],"_views_template":["0"],"_wp_page_template":["default"],"_wpml_media_featured":["1"],"_subscription_coupon_product_id":["0"],"_last_translation_edit_mode":["translation-editor"],"_wpml_media_duplicate":["0"],"_oembed_789c8654a9f0b3ede496bade388f1e40":["<iframe title=\"Toolset Intro\" width=\"700\" height=\"394\" src=\"https:\/\/www.youtube.com\/embed\/vJ2lInQwQNc?feature=oembed\" frameborder=\"0\" allow=\"accelerometer; autoplay; clipboard-write; encrypted-media; gyroscope; picture-in-picture\" allowfullscreen><\/iframe>"],"_oembed_time_789c8654a9f0b3ede496bade388f1e40":["1615287585"],"wpcf-unformatted-code":[""],"wpcf-price-increase-show-from":[""],"wpcf-price-increase-show-till":[""],"_oembed_809539948dec7d9364864e7814a4a558":["<iframe title=\"How we translate wpml.org\" width=\"700\" height=\"394\" src=\"https:\/\/www.youtube.com\/embed\/FxScQ-bkOXo?feature=oembed&enablejsapi=1&origin=https:\/\/wpml.org\" frameborder=\"0\" allow=\"accelerometer; autoplay; clipboard-write; encrypted-media; gyroscope; picture-in-picture; web-share\" allowfullscreen><\/iframe>"],"_oembed_time_809539948dec7d9364864e7814a4a558":["1686501294"],"_oembed_bbf56b1d4c25ce11481afba39f176f85":["<iframe title=\"Using WPML to translate content created with page builders\" width=\"700\" height=\"394\" src=\"https:\/\/www.youtube.com\/embed\/MSqNzrdPMkE?feature=oembed&enablejsapi=1&origin=https:\/\/wpml.org\" frameborder=\"0\" allow=\"accelerometer; autoplay; clipboard-write; encrypted-media; gyroscope; picture-in-picture; web-share\" allowfullscreen><\/iframe>"],"_oembed_time_bbf56b1d4c25ce11481afba39f176f85":["1686501294"]},"uagb_featured_image_src":{"full":false,"thumbnail":false,"medium":false,"medium_large":false,"large":false,"1536x1536":false,"2048x2048":false,"gform-image-choice-sm":false,"gform-image-choice-md":false,"gform-image-choice-lg":false,"woocommerce_thumbnail":false,"woocommerce_single":false,"woocommerce_gallery_thumbnail":false},"uagb_author_info":{"display_name":"Amir","author_link":"https:\/\/wpml.org\/pt-br\/author\/amir\/"},"uagb_comment_info":0,"uagb_excerpt":"Toolset \u00e9 um conjunto de plug-ins para desenvolvedores da Web que n\u00e3o s\u00e3o programadores de PHP, mas que pretendem desenvolver projetos WordPress mais exigentes. Usando o Toolset, voc\u00ea adiciona tipos e campos de postagem personalizados ao seu site e constr\u00f3i tudo com base neles: relacionamentos posteriores modelos personalizados e listas de conte\u00fado arquivos personalizados formul\u00e1rios&hellip;","_links":{"self":[{"href":"https:\/\/wpml.org\/pt-br\/wp-json\/wp\/v2\/pages\/875367","targetHints":{"allow":["GET"]}}],"collection":[{"href":"https:\/\/wpml.org\/pt-br\/wp-json\/wp\/v2\/pages"}],"about":[{"href":"https:\/\/wpml.org\/pt-br\/wp-json\/wp\/v2\/types\/page"}],"author":[{"embeddable":true,"href":"https:\/\/wpml.org\/pt-br\/wp-json\/wp\/v2\/users\/2"}],"replies":[{"embeddable":true,"href":"https:\/\/wpml.org\/pt-br\/wp-json\/wp\/v2\/comments?post=875367"}],"version-history":[{"count":6,"href":"https:\/\/wpml.org\/pt-br\/wp-json\/wp\/v2\/pages\/875367\/revisions"}],"predecessor-version":[{"id":15406413,"href":"https:\/\/wpml.org\/pt-br\/wp-json\/wp\/v2\/pages\/875367\/revisions\/15406413"}],"up":[{"embeddable":true,"href":"https:\/\/wpml.org\/pt-br\/wp-json\/wp\/v2\/pages\/16317473"}],"wp:attachment":[{"href":"https:\/\/wpml.org\/pt-br\/wp-json\/wp\/v2\/media?parent=875367"}],"wp:term":[{"taxonomy":"related-projects-category","embeddable":true,"href":"https:\/\/wpml.org\/pt-br\/wp-json\/wp\/v2\/related-projects-category?post=875367"}],"curies":[{"name":"wp","href":"https:\/\/api.w.org\/{rel}","templated":true}]}}