{"id":929838,"date":"2013-01-13T23:51:34","date_gmt":"2013-01-13T23:51:34","guid":{"rendered":"https:\/\/wpml.org\/pt-br\/home-2\/sobre-o-wpml\/"},"modified":"2026-02-26T08:12:10","modified_gmt":"2026-02-26T08:12:10","slug":"sobre-o-wpml","status":"publish","type":"page","link":"https:\/\/wpml.org\/pt-br\/home-2\/sobre-o-wpml\/","title":{"rendered":"Sobre o WPML"},"content":{"rendered":"\n<div class=\"wp-block-toolset-blocks-container tb-container\" data-toolset-blocks-container=\"a3910d70d80070d95b5c6a055e856747\"><div class=\"tb-container-inner\">\n<h1 class=\"tb-heading\" data-toolset-blocks-heading=\"8e71fd9af23fa25c7999187bab397e6b\" data-last-update=\"1.4\">Sobre o WPML<\/h1>\n\n\n\n<h3 class=\"tb-heading\" data-toolset-blocks-heading=\"1e5f978603d5fbb9fea9f3230ca8bb8e\" data-last-update=\"1.4\">Desde o primeiro dia, nossas prioridades permaneceram as mesmas \u2013<br\/>fazer o WordPress funcionar de forma multil\u00edngue de forma r\u00e1pida, eficiente e acess\u00edvel.<\/h3>\n<\/div><\/div>\n\n<div class=\"wp-block-toolset-blocks-container tb-container\" data-toolset-blocks-container=\"f859b1454672f6cd3842f5483ef72cbe\"><div class=\"tb-container-inner\">\n<div class=\"wp-block-toolset-blocks-grid tb-grid\" data-toolset-blocks-grid=\"0dc790d61d0d64487a90abd4452260c6\">\n<div class=\"wp-block-toolset-blocks-grid-column tb-grid-column\" data-toolset-blocks-grid-column=\"a6e73c9bcfb6574667bd3043cd1e8d9d\">\n<h2 class=\"tb-heading has-text-color\" data-toolset-blocks-heading=\"1ae42fe7d67cac20294428d4937abca0\" data-last-update=\"1.4\">Nossa hist\u00f3ria<\/h2>\n\n\n\n<div class=\"tb-fields-and-text\" data-toolset-blocks-fields-and-text=\"6088439d9df1bb352cf469db67308436\"><p>Em 2007, iniciamos a nossa jornada oferecendo servi\u00e7os de tradu\u00e7\u00e3o de sites. Assim como a abordagem das solu\u00e7\u00f5es de tradu\u00e7\u00e3o se desenvolveu, n\u00f3s tamb\u00e9m nos desenvolvemos. Todos os nossos esfor\u00e7os levaram \u00e0 cria\u00e7\u00e3o do WPML, que hoje \u00e9 o plugin multil\u00edngue para WordPress l\u00edder de mercado.<\/p>\n<p>Hoje, o WPML est\u00e1 instalado em mais de 1.500.000 sites WordPress e possibilita traduzir seu site para mais de 65 idiomas.<\/p>\n<p>Com o WPML, voc\u00ea pode escolher entre diferentes m\u00e9todos de tradu\u00e7\u00e3o, incluindo tradu\u00e7\u00e3o autom\u00e1tica.<\/p><\/div>\n\n\n\n<div class=\"tb-button\" data-toolset-blocks-button=\"2107c934a17405dfb356b23c5efbed0d\"><a class=\"tb-button__link\" href=\"https:\/\/wpml.org\/features\/\"><span class=\"tb-button__content\">Descubra os recursos do WPML<\/span><i class=\"tb-button__icon\"><\/i><\/a><\/div>\n<\/div>\n\n\n\n<div class=\"wp-block-toolset-blocks-grid-column tb-grid-column tb-grid-align-center\" data-toolset-blocks-grid-column=\"f586ff7bfe1d7317c63162ec7b7039ed\">\n<p class=\"tb-heading has-text-color\" data-toolset-blocks-heading=\"c008a69f635d8361130bfe225df80787\" data-last-update=\"1.4\">2007 \u2014<\/p>\n\n\n\n<p class=\"tb-heading has-text-color\" data-toolset-blocks-heading=\"5d84e7a5666e724f433b33e0ac5ff25e\" data-last-update=\"1.4\"> Hoje<\/p>\n\n\n\n<div class=\"wp-block-toolset-blocks-container tb-container\" data-toolset-blocks-container=\"9852e77f1d7beccbb811aa348a99c0bd\">\n<div class=\"wp-block-toolset-blocks-container tb-container\" data-toolset-blocks-container=\"24c91226a80c83f25f10c073e13dae28\">\n<h2 class=\"tb-heading has-text-color\" data-toolset-blocks-heading=\"02c75c9e7f09d80344213bebe67934c4\" data-last-update=\"1.4\">&gt;1.500.000<\/h2>\n\n\n\n<p class=\"tb-heading has-text-color\" data-toolset-blocks-heading=\"6a9f4cf27c4d0fdaf6117dc29b354d96\" data-last-update=\"1.4\">sites WordPress usam WPML<\/p>\n<\/div>\n\n\n\n<div class=\"wp-block-toolset-blocks-container tb-container\" data-toolset-blocks-container=\"72e713bb22beb48bcd433c599d2bffdb\">\n<h2 class=\"tb-heading has-text-color\" data-toolset-blocks-heading=\"02c75c9e7f09d80344213bebe67934c4\" data-last-update=\"1.4\">65+<\/h2>\n\n\n\n<p class=\"tb-heading has-text-color\" data-toolset-blocks-heading=\"6a9f4cf27c4d0fdaf6117dc29b354d96\" data-last-update=\"1.4\">idiomas<\/p>\n<\/div>\n<\/div>\n<\/div>\n<\/div>\n<\/div><\/div>\n\n<div class=\"wp-block-toolset-blocks-container tb-container\" data-toolset-blocks-container=\"15ff353d2306f0cd7dc0781728774c9c\"><div class=\"tb-container-inner\">\n<h2 class=\"tb-heading has-text-color\" data-toolset-blocks-heading=\"c1142de8a583de6aba9cb51ef67b5210\" data-last-update=\"1.4\">Crie sites WordPress da maneira certa<\/h2>\n\n\n\n<div class=\"tb-fields-and-text\" data-toolset-blocks-fields-and-text=\"6088439d9df1bb352cf469db67308436\"><p style=\"text-align: center;\">Acreditamos que todos os usu\u00e1rios do WordPress devem poder criar sites eficazes \u2013 independentemente de conhecimentos e habilidades de programa\u00e7\u00e3o. Nosso <a href=\"https:\/\/toolset.com\/home\/toolset-components\/\">conjunto de plugins Toolset<\/a> torna a cria\u00e7\u00e3o de sites avan\u00e7ados f\u00e1cil para todos. Voc\u00ea pode projetar de dentro do WordPress, e n\u00e3o h\u00e1 necessidade de criar temas filhos ou escrever PHP. <\/p><\/div>\n\n\n\n<div class=\"tb-button\" data-toolset-blocks-button=\"d2ec3cbbd83f7b72cb2117c34568faae\"><a class=\"tb-button__link\" href=\"https:\/\/toolset.com\/\" target=\"_blank\" rel=\"noopener\"><span class=\"tb-button__content\">Mais sobre o Toolset<\/span><i class=\"tb-button__icon\"><\/i><\/a><\/div>\n<\/div><\/div>\n\n<div class=\"wp-block-toolset-blocks-container tb-container\" data-toolset-blocks-container=\"0b32ffeb160c54d040a2c1dfa76cd932\"><div class=\"tb-container-inner\">\n<div class=\"wp-block-toolset-blocks-grid tb-grid\" data-toolset-blocks-grid=\"11f418a1360207b4c2a98aba9ed91c20\">\n<div class=\"wp-block-toolset-blocks-grid-column tb-grid-column tb-grid-align-center\" data-toolset-blocks-grid-column=\"f586ff7bfe1d7317c63162ec7b7039ed\">\n<div class=\"wp-block-toolset-blocks-container tb-container\" data-toolset-blocks-container=\"9852e77f1d7beccbb811aa348a99c0bd\">\n<div class=\"wp-block-toolset-blocks-container tb-container\" data-toolset-blocks-container=\"24c91226a80c83f25f10c073e13dae28\">\n<h2 class=\"tb-heading has-text-color\" data-toolset-blocks-heading=\"9520a6140f2b9533d0271691117b7b19\" data-last-update=\"1.4\">6<\/h2>\n\n\n\n<p class=\"tb-heading has-text-color\" data-toolset-blocks-heading=\"1697573550b4ab85c18a52719a4b0bd9\" data-last-update=\"1.4\">dias por semana<\/p>\n<\/div>\n\n\n\n<div class=\"wp-block-toolset-blocks-container tb-container\" data-toolset-blocks-container=\"c8d150915edaa853a5eed3dde076c1da\">\n<h2 class=\"tb-heading has-text-color\" data-toolset-blocks-heading=\"9520a6140f2b9533d0271691117b7b19\" data-last-update=\"1.4\">19<\/h2>\n\n\n\n<p class=\"tb-heading has-text-color\" data-toolset-blocks-heading=\"1697573550b4ab85c18a52719a4b0bd9\" data-last-update=\"1.4\">horas por dia<\/p>\n<\/div>\n\n\n\n<div class=\"wp-block-toolset-blocks-container tb-container\" data-toolset-blocks-container=\"cf468e6650af60e82a50621fc5791e29\">\n<h2 class=\"tb-heading has-text-color\" data-toolset-blocks-heading=\"9520a6140f2b9533d0271691117b7b19\" data-last-update=\"1.4\">9<\/h2>\n\n\n\n<p class=\"tb-heading has-text-color\" data-toolset-blocks-heading=\"1697573550b4ab85c18a52719a4b0bd9\" data-last-update=\"1.4\">idiomas<\/p>\n<\/div>\n<\/div>\n<\/div>\n\n\n\n<div class=\"wp-block-toolset-blocks-grid-column tb-grid-column tb-grid-align-center\" data-toolset-blocks-grid-column=\"f586ff7bfe1d7317c63162ec7b7039ed\">\n<h2 class=\"tb-heading has-text-color\" data-toolset-blocks-heading=\"f4f61a81fe2d91ae7fc4627ab11dfbf5\" data-last-update=\"1.4\">Suporte abrangente<\/h2>\n\n\n\n<div class=\"tb-fields-and-text\" data-toolset-blocks-fields-and-text=\"6088439d9df1bb352cf469db67308436\"><p><span style=\"font-weight: 400;\">N\u00f3s nos esfor\u00e7amos para fornecer suporte preciso, experiente e oportuno atrav\u00e9s do nosso F\u00f3rum de Suporte e Suporte por Chat.<\/span><\/p>\n<p><span style=\"font-weight: 400;\">Nossa equipe de suporte trabalha 6 dias por semana, 19 horas por dia. Temos colaboradores cobrindo a \u00c1sia, Europa e as Am\u00e9ricas. <\/span> <\/p><\/div>\n\n\n\n<div class=\"tb-button\" data-toolset-blocks-button=\"2ea669a67e8673c823e843ff5ba8a04c\"><a class=\"tb-button__link\" href=\"https:\/\/wpml.org\/forums\/forum\/english-support\/\"><span class=\"tb-button__content\">Pedir suporte<\/span><i class=\"tb-button__icon\"><\/i><\/a><\/div>\n<\/div>\n<\/div>\n<\/div><\/div>\n\n<div class=\"wp-block-toolset-blocks-container tb-container tb-container-parallax\" data-toolset-blocks-container=\"3b860a0da9fa77763983ae9d53b42418\">\n<div class=\"wp-block-toolset-blocks-container tb-container\" data-toolset-blocks-container=\"563872829c4955bb9234ede50b2f1eb8\"><div class=\"tb-container-inner\">\n<div class=\"wp-block-toolset-blocks-container tb-container\" data-toolset-blocks-container=\"2efca0c9d871b7f3aa86bb7eeb5a2cac\"><div class=\"tb-container-inner\">\n<div class=\"wp-block-toolset-blocks-grid tb-grid\" data-toolset-blocks-grid=\"b29227ec0bc1142671bcfa505ac96850\">\n<div class=\"wp-block-toolset-blocks-grid-column tb-grid-column tb-grid-align-center\" data-toolset-blocks-grid-column=\"f586ff7bfe1d7317c63162ec7b7039ed\">\n<h2 class=\"tb-heading has-text-color\" data-toolset-blocks-heading=\"467a040c84ff791b192242d5d1a51fb7\" data-last-update=\"1.4\">Nossa equipe<\/h2>\n\n\n\n<p class=\"tb-heading has-text-color\" data-toolset-blocks-heading=\"36f3a707077677ef599834d93d3ae5ab\" data-last-update=\"1.4\">Voc\u00ea pode conhecer a OnTheGoSystems como a empresa por tr\u00e1s do WPML e do Toolset, mas por tr\u00e1s de cada empresa h\u00e1 um grande grupo de pessoas. Nossa empresa \u00e9 registrada em Hong Kong, mas somos uma equipe genuinamente internacional. A OnTheGoSystems \u00e9 composta por mais de 100 pessoas, todas trabalhando juntas 100% remotamente em 40 pa\u00edses diferentes. Vivemos, trabalhamos e respiramos nosso lema:<\/p>\n\n\n\n<h3 class=\"tb-heading has-text-color\" data-toolset-blocks-heading=\"70da933b672332eab253fb8143d374ae\" data-last-update=\"1.4\">&#8211; Pessoas felizes fazem produtos excelentes<\/h3>\n\n\n\n<p class=\"tb-heading has-text-color\" data-toolset-blocks-heading=\"3a082cfbe32a4414073d98f022ba43c8\" data-last-update=\"1.4\">Estamos sempre procurando pessoas talentosas e apaixonadas para se juntarem a n\u00f3s. Se voc\u00ea tem interesse em transformar sites WordPress em pot\u00eancias multil\u00edngues, d\u00ea uma olhada em nossas vagas abertas. <\/p>\n\n\n\n<div class=\"wp-block-toolset-blocks-grid tb-grid\" data-toolset-blocks-grid=\"bc0f620fef134dfa654c82a6a1927846\">\n<div class=\"wp-block-toolset-blocks-grid-column tb-grid-column tb-grid-align-top\" data-toolset-blocks-grid-column=\"3034fbe886c11054e95b46b09d3e4112\">\n<div class=\"tb-button\" data-toolset-blocks-button=\"cf993e90fe2d523d8f8a773a2e05dc94\"><a class=\"tb-button__link\" href=\"https:\/\/onthegosystems.com\/jobs\/\" target=\"_blank\" rel=\"noopener\"><span class=\"tb-button__content\">Junte-se \u00e0 nossa equipe<\/span><i class=\"tb-button__icon\"><\/i><\/a><\/div>\n<\/div>\n\n\n\n<div class=\"wp-block-toolset-blocks-grid-column tb-grid-column tb-grid-align-top\" data-toolset-blocks-grid-column=\"3034fbe886c11054e95b46b09d3e4112\">\n<div class=\"tb-button\" data-toolset-blocks-button=\"095879ed61ed80853170fc1880ee7ab8\"><a class=\"tb-button__link\" href=\"https:\/\/onthegosystems.com\/team\/\" target=\"_blank\" rel=\"noopener\"><span class=\"tb-button__content\">Conhe\u00e7a nossa equipe<\/span><i class=\"tb-button__icon\"><\/i><\/a><\/div>\n<\/div>\n<\/div>\n<\/div>\n\n\n\n<div class=\"wp-block-toolset-blocks-grid-column tb-grid-column tb-grid-align-center\" data-toolset-blocks-grid-column=\"f586ff7bfe1d7317c63162ec7b7039ed\">\n<div class=\"wp-block-toolset-blocks-container tb-container\" data-toolset-blocks-container=\"78c7412c49daead0518eea80a01beb6f\">\n<div class=\"wp-block-toolset-blocks-container tb-container\" data-toolset-blocks-container=\"24c91226a80c83f25f10c073e13dae28\">\n<h2 class=\"tb-heading has-text-color\" data-toolset-blocks-heading=\"d77b31cb76441dd9e2b35d686abe0dcf\" data-last-update=\"1.4\">&gt;100<\/h2>\n\n\n\n<p class=\"tb-heading has-text-color\" data-toolset-blocks-heading=\"cd59a4f717d493ea6b36d74020f000ec\" data-last-update=\"1.4\">pessoas<\/p>\n<\/div>\n\n\n\n<div class=\"wp-block-toolset-blocks-container tb-container\" data-toolset-blocks-container=\"c8d150915edaa853a5eed3dde076c1da\">\n<h2 class=\"tb-heading has-text-color\" data-toolset-blocks-heading=\"d77b31cb76441dd9e2b35d686abe0dcf\" data-last-update=\"1.4\">100%<\/h2>\n\n\n\n<p class=\"tb-heading has-text-color\" data-toolset-blocks-heading=\"cd59a4f717d493ea6b36d74020f000ec\" data-last-update=\"1.4\">remotamente<\/p>\n<\/div>\n\n\n\n<div class=\"wp-block-toolset-blocks-container tb-container\" data-toolset-blocks-container=\"cf468e6650af60e82a50621fc5791e29\">\n<h2 class=\"tb-heading has-text-color\" data-toolset-blocks-heading=\"d77b31cb76441dd9e2b35d686abe0dcf\" data-last-update=\"1.4\">40<\/h2>\n\n\n\n<p class=\"tb-heading has-text-color\" data-toolset-blocks-heading=\"cd59a4f717d493ea6b36d74020f000ec\" data-last-update=\"1.4\">pa\u00edses<\/p>\n<\/div>\n<\/div>\n<\/div>\n<\/div>\n<\/div><\/div>\n<\/div><\/div>\n<\/div>\n","protected":false},"excerpt":{"rendered":"","protected":false},"author":2,"featured_media":0,"parent":95673,"menu_order":0,"comment_status":"closed","ping_status":"closed","template":"template-full.php","meta":{"_bbp_topic_count":0,"_bbp_reply_count":0,"_bbp_total_topic_count":0,"_bbp_total_reply_count":0,"_bbp_voice_count":0,"_bbp_anonymous_reply_count":0,"_bbp_topic_count_hidden":0,"_bbp_reply_count_hidden":0,"_bbp_forum_subforum_count":0,"ep_exclude_from_search":false,"footnotes":""},"related-projects-category":[],"class_list":["post-929838","page","type-page","status-publish","hentry"],"_links":{"self":[{"href":"https:\/\/wpml.org\/pt-br\/wp-json\/wp\/v2\/pages\/929838","targetHints":{"allow":["GET"]}}],"collection":[{"href":"https:\/\/wpml.org\/pt-br\/wp-json\/wp\/v2\/pages"}],"about":[{"href":"https:\/\/wpml.org\/pt-br\/wp-json\/wp\/v2\/types\/page"}],"author":[{"embeddable":true,"href":"https:\/\/wpml.org\/pt-br\/wp-json\/wp\/v2\/users\/2"}],"replies":[{"embeddable":true,"href":"https:\/\/wpml.org\/pt-br\/wp-json\/wp\/v2\/comments?post=929838"}],"version-history":[{"count":8,"href":"https:\/\/wpml.org\/pt-br\/wp-json\/wp\/v2\/pages\/929838\/revisions"}],"predecessor-version":[{"id":17855147,"href":"https:\/\/wpml.org\/pt-br\/wp-json\/wp\/v2\/pages\/929838\/revisions\/17855147"}],"up":[{"embeddable":true,"href":"https:\/\/wpml.org\/pt-br\/wp-json\/wp\/v2\/pages\/95673"}],"wp:attachment":[{"href":"https:\/\/wpml.org\/pt-br\/wp-json\/wp\/v2\/media?parent=929838"}],"wp:term":[{"taxonomy":"related-projects-category","embeddable":true,"href":"https:\/\/wpml.org\/pt-br\/wp-json\/wp\/v2\/related-projects-category?post=929838"}],"curies":[{"name":"wp","href":"https:\/\/api.w.org\/{rel}","templated":true}]}}