{"id":95888,"date":"2010-12-28T13:58:29","date_gmt":"2010-12-28T13:58:29","guid":{"rendered":"http:\/\/wpml.org\/caracteristicas-2\/"},"modified":"2026-02-26T07:19:54","modified_gmt":"2026-02-26T07:19:54","slug":"caracteristicas-2","status":"publish","type":"page","link":"https:\/\/wpml.org\/pt-br\/caracteristicas-2\/","title":{"rendered":"Recursos do WPML"},"content":{"rendered":"\n<div class=\"wp-block-toolset-blocks-container tb-container\" data-toolset-blocks-container=\"1723f581a506bac7b33df317f23843ed\"><div class=\"tb-container-inner\">\n<h1 class=\"tb-heading has-text-color\" data-toolset-blocks-heading=\"a371b389eaca851838f73367f218fe78\" data-last-update=\"1.4\">Recursos do WPML<\/h1>\n\n\n\n<h2 class=\"tb-heading has-text-color\" data-toolset-blocks-heading=\"204b4f2d1b010e7c358ea1bee7777442\" data-last-update=\"1.4\">Uma instala\u00e7\u00e3o do WordPress \u2013 V\u00e1rios idiomas<\/h2>\n\n\n\n<p class=\"has-text-align-center has-dark-gray-color has-text-color\">O WPML permite que voc\u00ea execute um site multil\u00edngue a partir de uma \u00fanica instala\u00e7\u00e3o do WordPress. Voc\u00ea pode traduzir entre <a href=\"https:\/\/ate.wpml.org\/wpml_ai\" target=\"_blank\" rel=\"noreferrer noopener\">mais de 2.500 pares de idiomas<\/a> ou adicionar suas pr\u00f3prias variantes, como o franc\u00eas canadense ou o espanhol mexicano. <\/p>\n<\/div><\/div>\n\n<div class=\"wp-block-toolset-blocks-container tb-container\" data-toolset-blocks-container=\"7bbfe29c9c6bf63ade056de3df4b2e08\"><div class=\"tb-container-inner\">\n<div class=\"wp-block-toolset-blocks-container tb-container\" data-toolset-blocks-container=\"7ebb1955aec68553fc543c0ceecfdcfa\"><div class=\"tb-container-inner\">\n<h2 class=\"tb-heading has-text-color\" data-toolset-blocks-heading=\"e1436496fb933d7ee75eea0239e04b56\" data-last-update=\"1.4\">M\u00e9todos de tradu\u00e7\u00e3o flex\u00edveis para atender \u00e0s suas necessidades<\/h2>\n\n\n\n<p class=\"has-text-align-center has-dark-gray-color has-text-color\">N\u00e3o importa se voc\u00ea mesmo est\u00e1 criando e traduzindo sites ou se est\u00e1 construindo sites grandes para organiza\u00e7\u00f5es. O WPML oferece um fluxo de trabalho de tradu\u00e7\u00e3o que funciona para voc\u00ea. <\/p>\n<\/div><\/div>\n\n\n\n<div class=\"wp-block-toolset-blocks-container tb-container\" data-toolset-blocks-container=\"041c373f4e011d694373e84f0db5eb63\">\n<div class=\"wp-block-toolset-blocks-grid tb-grid\" data-toolset-blocks-grid=\"205de38824eb36308b2b47e65abd0dd9\">\n<div class=\"wp-block-toolset-blocks-grid-column tb-grid-column tb-grid-align-center\" data-toolset-blocks-grid-column=\"f586ff7bfe1d7317c63162ec7b7039ed\">\n<div class=\"wp-block-toolset-blocks-container tb-container\" data-toolset-blocks-container=\"2c2bb1e9fdb8c42461bc56f171b7fed2\"><\/div>\n<\/div>\n\n\n\n<div class=\"wp-block-toolset-blocks-grid-column tb-grid-column tb-grid-align-center\" data-toolset-blocks-grid-column=\"a69d9d03e8fd635d3d546808e8e90596\">\n<h2 class=\"tb-heading has-text-color\" data-toolset-blocks-heading=\"f4f61a81fe2d91ae7fc4627ab11dfbf5\" data-last-update=\"1.4\">Tradu\u00e7\u00f5es por IA &#8211; Qualidade humana, custo e velocidade de m\u00e1quina<\/h2>\n\n\n\n<p class=\"has-dark-gray-color has-text-color\">A <a href=\"https:\/\/wpml.org\/pt-br\/documentacao\/traducao-automatica-de-conteudos-wordpress-com-o-wpml\/\">Tradu\u00e7\u00e3o por IA<\/a> do WPML \u00e9 a combina\u00e7\u00e3o perfeita de qualidade, acessibilidade e velocidade. Nossa <a href=\"https:\/\/ptc.wpml.org\/about\/\" target=\"_blank\" rel=\"noreferrer noopener\">Private Translation Cloud (PTC)<\/a> traduz seu site com total contexto e compreens\u00e3o. <\/p>\n\n\n\n<p class=\"has-dark-gray-color has-text-color\">Al\u00e9m da tradu\u00e7\u00e3o por IA, voc\u00ea pode traduzir por conta pr\u00f3pria, atribuir tradu\u00e7\u00f5es \u00e0 sua equipe ou usar um dos muitos <a href=\"https:\/\/wpml.org\/translation-service\/\">servi\u00e7os de tradu\u00e7\u00e3o profissional<\/a> integrados ao WPML.<\/p>\n<\/div>\n<\/div>\n\n\n\n<div class=\"wp-block-toolset-blocks-grid tb-grid\" data-toolset-blocks-grid=\"0b01e4784880e48bf8c621faae890185\">\n<div class=\"wp-block-toolset-blocks-grid-column tb-grid-column tb-grid-align-center\" data-toolset-blocks-grid-column=\"f586ff7bfe1d7317c63162ec7b7039ed\">\n<h2 class=\"tb-heading has-text-color\" data-toolset-blocks-heading=\"74c7a87db3b5fc57d51c36cedd809376\" data-last-update=\"1.4\">Controle do fluxo de trabalho de tradu\u00e7\u00e3o<\/h2>\n\n\n\n<p class=\"has-dark-gray-color has-text-color\">O <a href=\"https:\/\/wpml.org\/pt-br\/documentacao\/traduzindo-seus-conteudos\/\">Painel de Tradu\u00e7\u00e3o<\/a> do WPML permite que voc\u00ea controle o que traduz e como traduz. Traduza todo o seu site automaticamente, use a tradu\u00e7\u00e3o autom\u00e1tica para posts e p\u00e1ginas espec\u00edficos ou traduza o conte\u00fado do seu site por conta pr\u00f3pria. <\/p>\n<\/div>\n\n\n\n<div class=\"wp-block-toolset-blocks-grid-column tb-grid-column tb-grid-align-center\" data-toolset-blocks-grid-column=\"a69d9d03e8fd635d3d546808e8e90596\">\n<div class=\"wp-block-toolset-blocks-container tb-container\" data-toolset-blocks-container=\"c086b450d8ea287800efb8a4002ce616\"><\/div>\n<\/div>\n<\/div>\n<\/div>\n<\/div><\/div>\n\n<div class=\"wp-block-toolset-blocks-container tb-container\" data-toolset-blocks-container=\"d67e0df9b8a84033a20ea3e7351897fb\"><div class=\"tb-container-inner\">\n<div class=\"wp-block-toolset-blocks-grid tb-grid\" data-toolset-blocks-grid=\"058eac82b0dca681301a7be483fc7a0f\">\n<div class=\"wp-block-toolset-blocks-grid-column tb-grid-column tb-grid-align-center\" data-toolset-blocks-grid-column=\"f586ff7bfe1d7317c63162ec7b7039ed\">\n<h2 class=\"tb-heading has-text-color\" data-toolset-blocks-heading=\"f4f61a81fe2d91ae7fc4627ab11dfbf5\" data-last-update=\"1.4\">E-commerce multil\u00edngue e multimoeda<\/h2>\n\n\n\n<p class=\"has-dark-gray-color has-text-color\">Com o WPML, voc\u00ea pode gerenciar facilmente uma loja WooCommerce <a href=\"https:\/\/wpml.org\/pt-br\/documentacao\/projetos-relacionados\/woocommerce-multilingual-sites-multilingues-de-woocommerce-facilitados\/\">multil\u00edngue<\/a> e <a href=\"https:\/\/wpml.org\/pt-br\/documentacao\/projetos-relacionados\/woocommerce-multilingual-sites-multilingues-de-woocommerce-facilitados\/recursos-de-varias-moedas-para-o-woocommerce\/\">multimoeda<\/a>. Voc\u00ea ter\u00e1 suporte total para todos os tipos de produtos, vendas e promo\u00e7\u00f5es \u2014 tudo o que o WooCommerce oferece. <\/p>\n\n\n\n<p class=\"has-dark-gray-color has-text-color\">Seus clientes desfrutar\u00e3o de uma experi\u00eancia de compra integrada e totalmente localizada \u2014 desde a navega\u00e7\u00e3o pelos produtos at\u00e9 o checkout e os e-mails de confirma\u00e7\u00e3o.<\/p>\n\n\n\n<div class=\"wp-block-toolset-blocks-container tb-container\" data-toolset-blocks-container=\"e663d9134aa1e90319a4958a26b926b2\"><\/div>\n<\/div>\n\n\n\n<div class=\"wp-block-toolset-blocks-grid-column tb-grid-column tb-grid-align-center\" data-toolset-blocks-grid-column=\"f586ff7bfe1d7317c63162ec7b7039ed\">\n<div class=\"wp-block-toolset-blocks-container tb-container\" data-toolset-blocks-container=\"c95ba1166e45d3aef2b13cd05faff1a9\"><\/div>\n<\/div>\n<\/div>\n<\/div><\/div>\n\n<div class=\"wp-block-toolset-blocks-container tb-container\" data-toolset-blocks-container=\"e10c85e3c34c1f6f73ff3f5d7fb9bcc9\"><div class=\"tb-container-inner\">\n<div class=\"wp-block-toolset-blocks-grid tb-grid\" data-toolset-blocks-grid=\"8e65cba89c4429b24bf745e02a1d1729\">\n<div class=\"wp-block-toolset-blocks-grid-column tb-grid-column tb-grid-align-center\" data-toolset-blocks-grid-column=\"f586ff7bfe1d7317c63162ec7b7039ed\">\n<div class=\"wp-block-toolset-blocks-container tb-container\" data-toolset-blocks-container=\"5bf33c74abe5765091d5279d9fabda7c\"><\/div>\n<\/div>\n\n\n\n<div class=\"wp-block-toolset-blocks-grid-column tb-grid-column tb-grid-align-center\" data-toolset-blocks-grid-column=\"a69d9d03e8fd635d3d546808e8e90596\">\n<h2 class=\"tb-heading has-text-color\" data-toolset-blocks-heading=\"f4f61a81fe2d91ae7fc4627ab11dfbf5\" data-last-update=\"1.4\">String Translation<\/h2>\n\n\n\n<p class=\"has-dark-gray-color has-text-color\">Voc\u00ea pode traduzir textos em outros plugins e em telas de administra\u00e7\u00e3o diretamente da interface de <a href=\"https:\/\/wpml.org\/pt-br\/documentacao\/por-onde-comecar\/traducao-de-strings\/\">String Translation<\/a> do WPML.<\/p>\n\n\n\n<p class=\"has-dark-gray-color has-text-color\">Voc\u00ea ver\u00e1 de onde os textos v\u00eam, tanto no c\u00f3digo quanto no site, para que suas tradu\u00e7\u00f5es fa\u00e7am sentido.<\/p>\n<\/div>\n<\/div>\n<\/div><\/div>\n\n<div class=\"wp-block-toolset-blocks-container tb-container\" data-toolset-blocks-container=\"c7afdd53b71cfee49b8b74cb53bf4095\"><div class=\"tb-container-inner\">\n<div class=\"wp-block-toolset-blocks-grid tb-grid\" data-toolset-blocks-grid=\"00fda5c768cc15ca6079c53aec0b3275\">\n<div class=\"wp-block-toolset-blocks-grid-column tb-grid-column tb-grid-align-center\" data-toolset-blocks-grid-column=\"f586ff7bfe1d7317c63162ec7b7039ed\">\n<div class=\"wp-block-toolset-blocks-container tb-container\" data-toolset-blocks-container=\"03b9e7a5da291bff6e9fd682d5046108\"><\/div>\n\n\n\n<h2 class=\"tb-heading has-text-color\" data-toolset-blocks-heading=\"74c7a87db3b5fc57d51c36cedd809376\" data-last-update=\"1.4\">SEO multil\u00edngue<\/h2>\n\n\n\n<p class=\"has-dark-gray-color has-text-color\">O WPML ajuda voc\u00ea a otimizar para mecanismos de busca em todos os idiomas. Voc\u00ea pode configurar idiomas usando TLDs, subdom\u00ednios, pastas ou argumentos de idioma. Ele permite traduzir slugs de p\u00e1gina, meta de SEO e t\u00edtulos.  <\/p>\n\n\n\n<p class=\"has-dark-gray-color has-text-color\">O WPML se integra a todos os <a href=\"https:\/\/wpml.org\/pt-br\/plugin-functionality\/seo-pt-br\/\">plugins de SEO populares<\/a>, para que voc\u00ea possa lidar com o SEO on-page facilmente \u2014 mesmo que n\u00e3o fale os idiomas para os quais est\u00e1 traduzindo.<\/p>\n<\/div>\n\n\n\n<div class=\"wp-block-toolset-blocks-grid-column tb-grid-column tb-grid-align-center\" data-toolset-blocks-grid-column=\"a69d9d03e8fd635d3d546808e8e90596\">\n<div class=\"wp-block-toolset-blocks-container tb-container\" data-toolset-blocks-container=\"df67208a5b04d9464f94136ec8cfc03e\"><\/div>\n<\/div>\n<\/div>\n<\/div><\/div>\n\n<div class=\"wp-block-toolset-blocks-container tb-container\" data-toolset-blocks-container=\"6423f1c849c4fd2870eeaf2ceeae8ecb\"><div class=\"tb-container-inner\">\n<div class=\"wp-block-toolset-blocks-grid tb-grid\" data-toolset-blocks-grid=\"252a09e5f8fc80ab670ecd3bc6c3fbb8\">\n<div class=\"wp-block-toolset-blocks-grid-column tb-grid-column\" data-toolset-blocks-grid-column=\"a6e73c9bcfb6574667bd3043cd1e8d9d\">\n<div class=\"wp-block-toolset-blocks-container tb-container\" data-toolset-blocks-container=\"6027e47d23979dec09f13b0773994282\">\n<div class=\"wp-block-toolset-blocks-grid tb-grid\" data-toolset-blocks-grid=\"f708cf0d1b02e959d399e0511c112efe\">\n<div class=\"wp-block-toolset-blocks-grid-column tb-grid-column tb-grid-align-center\" data-toolset-blocks-grid-column=\"f586ff7bfe1d7317c63162ec7b7039ed\">\n<div class=\"wp-block-toolset-blocks-container tb-container\" data-toolset-blocks-container=\"e1541660ea5a27a752d4968d6e755cc6\"><\/div>\n<\/div>\n\n\n\n<div class=\"wp-block-toolset-blocks-grid-column tb-grid-column tb-grid-align-center\" data-toolset-blocks-grid-column=\"f586ff7bfe1d7317c63162ec7b7039ed\">\n<h3 class=\"tb-heading has-text-color\" data-toolset-blocks-heading=\"c27a0229686ff8d27e7d7ed8fe105882\" data-last-update=\"1.4\">R\u00e1pido e eficiente<\/h3>\n<\/div>\n<\/div>\n\n\n\n<p class=\"has-dark-gray-color has-text-color\">O design modular do WPML permite que voc\u00ea use exatamente os componentes necess\u00e1rios para cada site. Em cada lan\u00e7amento, garantimos que o desempenho permane\u00e7a excelente, tanto no painel de administra\u00e7\u00e3o quanto no front-end do site. <\/p>\n<\/div>\n<\/div>\n\n\n\n<div class=\"wp-block-toolset-blocks-grid-column tb-grid-column\" data-toolset-blocks-grid-column=\"a6e73c9bcfb6574667bd3043cd1e8d9d\">\n<div class=\"wp-block-toolset-blocks-container tb-container\" data-toolset-blocks-container=\"8cdc2221991620356f08c32bea7c4c97\">\n<div class=\"wp-block-toolset-blocks-grid tb-grid\" data-toolset-blocks-grid=\"83e5c232323f100fe5f76e355a1bf8c4\">\n<div class=\"wp-block-toolset-blocks-grid-column tb-grid-column tb-grid-align-center\" data-toolset-blocks-grid-column=\"f586ff7bfe1d7317c63162ec7b7039ed\">\n<div class=\"wp-block-toolset-blocks-container tb-container\" data-toolset-blocks-container=\"5c096946af0a01cc6089e037ed0321cd\"><\/div>\n<\/div>\n\n\n\n<div class=\"wp-block-toolset-blocks-grid-column tb-grid-column tb-grid-align-center\" data-toolset-blocks-grid-column=\"f586ff7bfe1d7317c63162ec7b7039ed\">\n<h3 class=\"tb-heading has-text-color\" data-toolset-blocks-heading=\"c27a0229686ff8d27e7d7ed8fe105882\" data-last-update=\"1.4\">Est\u00e1vel e seguro<\/h3>\n<\/div>\n<\/div>\n\n\n\n<p class=\"has-dark-gray-color has-text-color\">O WPML est\u00e1 sempre pronto antes de qualquer lan\u00e7amento do WordPress e cobre todos os recursos e atualiza\u00e7\u00f5es de seguran\u00e7a do WordPress. Levamos a seguran\u00e7a a s\u00e9rio, utilizamos auditorias internas e externas e respondemos aos problemas imediatamente. Com mais de <strong>1,5 milh\u00e3o de sites usando o WPML<\/strong>, simplesmente n\u00e3o podemos tolerar vulnerabilidades.  <\/p>\n<\/div>\n<\/div>\n<\/div>\n<\/div><\/div>\n\n<div class=\"wp-block-toolset-blocks-container tb-container\" data-toolset-blocks-container=\"0b8b1c95954917919a94bad97ec5a83c\"><div class=\"tb-container-inner\">\n<div class=\"wp-block-toolset-blocks-grid tb-grid\" data-toolset-blocks-grid=\"a000dbc34526ad3dd29c253de174bfdc\">\n<div class=\"wp-block-toolset-blocks-grid-column tb-grid-column tb-grid-align-top\" data-toolset-blocks-grid-column=\"3034fbe886c11054e95b46b09d3e4112\">\n<div class=\"wp-block-toolset-blocks-container tb-container\" data-toolset-blocks-container=\"60103c15e61442c0f49fe2265333c012\"><\/div>\n<\/div>\n\n\n\n<div class=\"wp-block-toolset-blocks-grid-column tb-grid-column tb-grid-align-center\" data-toolset-blocks-grid-column=\"f586ff7bfe1d7317c63162ec7b7039ed\">\n<h2 class=\"tb-heading has-text-color\" data-toolset-blocks-heading=\"f4f61a81fe2d91ae7fc4627ab11dfbf5\" data-last-update=\"1.4\">Funciona com quase qualquer tema e plugin do WordPress<\/h2>\n\n\n\n<p class=\"has-dark-gray-color has-text-color\">O WPML funciona perfeitamente com a maioria dos temas e plugins do WordPress, seguindo os padr\u00f5es do WordPress. Voc\u00ea pode traduzir posts, p\u00e1ginas, tipos de post personalizados, campos, widgets, menus, taxonomias, imagens, m\u00eddia \u2014 at\u00e9 mesmo textos de administra\u00e7\u00e3o. <\/p>\n\n\n\n<p class=\"has-dark-gray-color has-text-color\">Tamb\u00e9m colaboramos com autores de plugins e temas para garantir a compatibilidade. Verifique nossos diret\u00f3rios de <a href=\"https:\/\/wpml.org\/theme\/\">temas<\/a> e <a href=\"https:\/\/wpml.org\/plugin\/\">plugins<\/a> para confirmar que testamos os que voc\u00ea utiliza. <\/p>\n<\/div>\n<\/div>\n<\/div><\/div>\n\n<div class=\"wp-block-toolset-blocks-container tb-container\" data-toolset-blocks-container=\"6423f1c849c4fd2870eeaf2ceeae8ecb\"><div class=\"tb-container-inner\">\n<div class=\"wp-block-toolset-blocks-grid tb-grid product-page-content\" data-toolset-blocks-grid=\"5b4d2c35c051affa002bb1700463ba47\">\n<div class=\"wp-block-toolset-blocks-grid-column tb-grid-column tb-grid-align-top\" data-toolset-blocks-grid-column=\"3034fbe886c11054e95b46b09d3e4112\">\n<h2 class=\"tb-heading has-text-color\" data-toolset-blocks-heading=\"f4f61a81fe2d91ae7fc4627ab11dfbf5\" data-last-update=\"1.4\">Suporte confi\u00e1vel, desenvolvimento proativo<\/h2>\n\n\n\n<p class=\"has-dark-gray-color has-text-color\">O WPML oferece suporte 6 dias por semana, 19 horas por dia, em 9 idiomas. Nossa equipe global cobre fusos hor\u00e1rios desde as manh\u00e3s da \u00c1sia-Pac\u00edfico at\u00e9 as noites do Pac\u00edfico dos EUA. Fazemos turnos durante os feriados para manter o suporte funcionando sem interrup\u00e7\u00f5es.  <\/p>\n\n\n\n<p class=\"has-dark-gray-color has-text-color\">Ao comprar o WPML, voc\u00ea ganha tranquilidade \u2014 suas perguntas s\u00e3o respondidas e os problemas resolvidos.<\/p>\n\n\n\n<p class=\"has-dark-gray-color has-text-color\">Nossos desenvolvedores trabalham proativamente:<\/p>\n\n\n\n<ul class=\"wp-block-list has-dark-gray-color has-text-color\">\n<li>Lan\u00e7amos atualiza\u00e7\u00f5es antes das vers\u00f5es do WordPress<\/li>\n\n\n\n<li>Garantimos a compatibilidade com plugins e temas populares<\/li>\n\n\n\n<li>Respondemos imediatamente a problemas de seguran\u00e7a<\/li>\n\n\n\n<li>Focamos na estabilidade, desempenho e necessidades futuras do seu site<\/li>\n<\/ul>\n\n\n\n<div class=\"wp-block-toolset-blocks-grid tb-grid\" data-toolset-blocks-grid=\"c1922e6726dfd0eb10d6bff560a62893\">\n<div class=\"wp-block-toolset-blocks-grid-column tb-grid-column tb-grid-align-top\" data-toolset-blocks-grid-column=\"3034fbe886c11054e95b46b09d3e4112\">\n<p class=\"tb-heading has-text-color\" data-toolset-blocks-heading=\"9a939f4816097cdf53e0c4b0c039aeb7\" data-last-update=\"1.4\">6<\/p>\n\n\n\n<p class=\"tb-heading has-text-color\" data-toolset-blocks-heading=\"d683b7d4811dfc68d864079cabb63af9\" data-last-update=\"1.4\">dias por semana<\/p>\n<\/div>\n\n\n\n<div class=\"wp-block-toolset-blocks-grid-column tb-grid-column tb-grid-align-top\" data-toolset-blocks-grid-column=\"3034fbe886c11054e95b46b09d3e4112\">\n<p class=\"tb-heading has-text-color\" data-toolset-blocks-heading=\"020798d8a809c5b8204282715e010296\" data-last-update=\"1.4\">19<\/p>\n\n\n\n<p class=\"tb-heading has-text-color\" data-toolset-blocks-heading=\"d683b7d4811dfc68d864079cabb63af9\" data-last-update=\"1.4\">horas por dia<\/p>\n<\/div>\n\n\n\n<div class=\"wp-block-toolset-blocks-grid-column tb-grid-column tb-grid-align-top\" data-toolset-blocks-grid-column=\"3034fbe886c11054e95b46b09d3e4112\">\n<p class=\"tb-heading has-text-color\" data-toolset-blocks-heading=\"8b5157a08b306a9c80154d58c72ebd72\" data-last-update=\"1.4\">9<\/p>\n\n\n\n<p class=\"tb-heading has-text-color\" data-toolset-blocks-heading=\"6029b8c62c707d33c2a9fd334f0a8cb6\" data-last-update=\"1.4\">idiomas<\/p>\n<\/div>\n<\/div>\n<\/div>\n\n\n\n<div class=\"wp-block-toolset-blocks-grid-column tb-grid-column tb-grid-align-center\" data-toolset-blocks-grid-column=\"b7562241931e22881376ef37ab0374cb\">\n<figure class=\"wp-block-image size-large\"><img decoding=\"async\" src=\"https:\/\/wpml.org\/wp-content\/uploads\/2021\/07\/WPML-support-team2-768x787.png\" alt=\"\"\/><\/figure>\n<\/div>\n<\/div>\n<\/div><\/div>\n\n<div class=\"wp-block-toolset-blocks-container tb-container\" data-toolset-blocks-container=\"b397d5c8682b537e0c7c07efb09adced\"><div class=\"tb-container-inner\"><div class=\"wp-block-image\">\n<figure class=\" tb-image tb-image-dynamic tb-image-frame-none aligncenter\" data-toolset-blocks-image=\"a0095963e04227a4faea5e5fe40f9e98\"><img decoding=\"async\" width=\"139\" height=\"120\" loading=\"lazy\" src=\"https:\/\/wpml.org\/wp-content\/uploads\/2021\/07\/heart-1.png\" alt=\"\" class=\"wp-image-9158601\"\/><\/figure>\n<\/div>\n\n\n<p class=\"has-text-align-center has-dark-gray-color has-text-color\">O WPML \u00e9 o nosso sustento.<br\/>Garantimos que voc\u00ea goste de usar o WPML para que continue voltando.<\/p>\n<\/div><\/div>\n","protected":false},"excerpt":{"rendered":"","protected":false},"author":2,"featured_media":0,"parent":0,"menu_order":41,"comment_status":"closed","ping_status":"closed","template":"template-full.php","meta":{"_bbp_topic_count":0,"_bbp_reply_count":0,"_bbp_total_topic_count":0,"_bbp_total_reply_count":0,"_bbp_voice_count":0,"_bbp_anonymous_reply_count":0,"_bbp_topic_count_hidden":0,"_bbp_reply_count_hidden":0,"_bbp_forum_subforum_count":0,"_uag_custom_page_level_css":"","ep_exclude_from_search":false,"footnotes":""},"related-projects-category":[],"class_list":["post-95888","page","type-page","status-publish","hentry"],"spectra_custom_meta":{"ratings_users":["0"],"ratings_score":["0"],"ratings_average":["0"],"_wp_page_template":["template-full.php"],"_icl_translation":["1"],"_alp_processed":["1772090394"],"_edit_lock":["1627451924:228164"],"_edit_last":["76577"],"_yoast_wpseo_content_score":["60"],"inline_featured_image":["0"],"_yoast_wpseo_primary_documentation-category":[""],"_subscription_coupon_product_id":["0"],"_wpml_media_featured":["1"],"_last_translation_edit_mode":["translation-editor"],"wpcf-unformatted-code":[""],"toolset_post_editor_mode":["block"],"wpcf-price-increase-show-from":[""],"wpcf-price-increase-show-till":[""],"_oembed_809539948dec7d9364864e7814a4a558":["<iframe title=\"How we translate wpml.org\" width=\"700\" height=\"394\" src=\"https:\/\/www.youtube.com\/embed\/FxScQ-bkOXo?feature=oembed&enablejsapi=1&origin=https:\/\/wpml.org\" frameborder=\"0\" allow=\"accelerometer; autoplay; clipboard-write; encrypted-media; gyroscope; picture-in-picture\" allowfullscreen><\/iframe>"],"_oembed_time_809539948dec7d9364864e7814a4a558":["1633694159"],"_wpml_media_duplicate":["0"],"_oembed_bbf56b1d4c25ce11481afba39f176f85":["<iframe title=\"Using WPML to translate content created with page builders\" width=\"700\" height=\"394\" src=\"https:\/\/www.youtube.com\/embed\/MSqNzrdPMkE?feature=oembed&enablejsapi=1&origin=https:\/\/wpml.org\" frameborder=\"0\" allow=\"accelerometer; autoplay; clipboard-write; encrypted-media; gyroscope; picture-in-picture\" allowfullscreen><\/iframe>"],"_oembed_time_bbf56b1d4c25ce11481afba39f176f85":["1657025362"],"_oembed_8b192c37df925cacb831b3922e69595d":["<iframe title=\"Using WPML To Translate Pages Built With Fusion Builder (Avada Theme)\" width=\"700\" height=\"394\" src=\"https:\/\/www.youtube.com\/embed\/_bNqjjBPdGA?feature=oembed&enablejsapi=1&origin=https:\/\/wpml.org\" frameborder=\"0\" allow=\"accelerometer; autoplay; clipboard-write; encrypted-media; gyroscope; picture-in-picture; web-share\" referrerpolicy=\"strict-origin-when-cross-origin\" allowfullscreen><\/iframe>"],"_oembed_time_8b192c37df925cacb831b3922e69595d":["1714764476"],"_wpml_word_count":["769"],"cmplz_hide_cookiebanner":[""],"wpcf-price-increase-content":[""],"wpcf-login-box-title":[""],"wpcf-page-content":[""],"_yoast_wpseo_primary_related-projects-category":[""],"_yoast_wpseo_title":["Recursos do WPML"],"_yoast_wpseo_metadesc":["O WPML permite que voc\u00ea execute um site multil\u00edngue em uma \u00fanica instala\u00e7\u00e3o do WordPress, com mais de 2.500 pares de idiomas e variantes personalizadas, como o franc\u00eas canadense."],"_uag_css_file_name":["uag-css-95888.css"],"_uag_page_assets":["a:9:{s:3:\"css\";s:260:\".uag-blocks-common-selector{z-index:var(--z-index-desktop) !important}@media(max-width: 976px){.uag-blocks-common-selector{z-index:var(--z-index-tablet) !important}}@media(max-width: 767px){.uag-blocks-common-selector{z-index:var(--z-index-mobile) !important}}\";s:2:\"js\";s:0:\"\";s:18:\"current_block_list\";a:10:{i:0;s:24:\"toolset-blocks\/container\";i:1;s:22:\"toolset-blocks\/heading\";i:2;s:14:\"core\/paragraph\";i:4;s:19:\"toolset-blocks\/grid\";i:5;s:26:\"toolset-blocks\/grid-column\";i:6;s:9:\"core\/list\";i:7;s:14:\"core\/list-item\";i:9;s:10:\"core\/image\";i:11;s:20:\"toolset-blocks\/image\";i:12;s:14:\"core\/shortcode\";}s:8:\"uag_flag\";b:0;s:11:\"uag_version\";s:10:\"1778239478\";s:6:\"gfonts\";a:0:{}s:10:\"gfonts_url\";s:0:\"\";s:12:\"gfonts_files\";a:0:{}s:14:\"uag_faq_layout\";b:0;}"]},"uagb_featured_image_src":{"full":false,"thumbnail":false,"medium":false,"medium_large":false,"large":false,"1536x1536":false,"2048x2048":false,"gform-image-choice-sm":false,"gform-image-choice-md":false,"gform-image-choice-lg":false,"woocommerce_thumbnail":false,"woocommerce_single":false,"woocommerce_gallery_thumbnail":false},"uagb_author_info":{"display_name":"Amir","author_link":"https:\/\/wpml.org\/pt-br\/author\/amir\/"},"uagb_comment_info":0,"uagb_excerpt":null,"_links":{"self":[{"href":"https:\/\/wpml.org\/pt-br\/wp-json\/wp\/v2\/pages\/95888","targetHints":{"allow":["GET"]}}],"collection":[{"href":"https:\/\/wpml.org\/pt-br\/wp-json\/wp\/v2\/pages"}],"about":[{"href":"https:\/\/wpml.org\/pt-br\/wp-json\/wp\/v2\/types\/page"}],"author":[{"embeddable":true,"href":"https:\/\/wpml.org\/pt-br\/wp-json\/wp\/v2\/users\/2"}],"replies":[{"embeddable":true,"href":"https:\/\/wpml.org\/pt-br\/wp-json\/wp\/v2\/comments?post=95888"}],"version-history":[{"count":8,"href":"https:\/\/wpml.org\/pt-br\/wp-json\/wp\/v2\/pages\/95888\/revisions"}],"predecessor-version":[{"id":17854015,"href":"https:\/\/wpml.org\/pt-br\/wp-json\/wp\/v2\/pages\/95888\/revisions\/17854015"}],"wp:attachment":[{"href":"https:\/\/wpml.org\/pt-br\/wp-json\/wp\/v2\/media?parent=95888"}],"wp:term":[{"taxonomy":"related-projects-category","embeddable":true,"href":"https:\/\/wpml.org\/pt-br\/wp-json\/wp\/v2\/related-projects-category?post=95888"}],"curies":[{"name":"wp","href":"https:\/\/api.w.org\/{rel}","templated":true}]}}