{"id":96558,"date":"2009-11-24T15:13:25","date_gmt":"2009-11-24T15:13:25","guid":{"rendered":"http:\/\/wpml.org\/documentacao\/"},"modified":"2026-02-04T13:13:15","modified_gmt":"2026-02-04T13:13:15","slug":"documentacao","status":"publish","type":"page","link":"https:\/\/wpml.org\/pt-br\/documentacao\/","title":{"rendered":"Documenta\u00e7\u00e3o do WPML"},"content":{"rendered":"\n<div class=\"wp-block-toolset-blocks-container tb-container documentation-search\" data-toolset-blocks-container=\"e7daccd24bb2126035a2ef3947d42538\">\n<p class=\"tb-heading has-text-color\" data-toolset-blocks-heading=\"70553cc269efcb4fee59796112969be0\" data-last-update=\"1.4\">Explore nossa base de conhecimento, repleta de dicas e informa\u00e7\u00f5es \u00fateis para traduzir sites com o WPML.<\/p>\n\n\n\n<h2 class=\"tb-heading\" data-toolset-blocks-heading=\"e5c36ef89799d06ef889669191457d28\" data-last-update=\"1.4\">Pesquisar na documenta\u00e7\u00e3o<\/h2>\n\n\n\n<div class=\"wp-block-toolset-blocks-container tb-container\" data-toolset-blocks-container=\"2685e1f73ba83e7008e233168a05969f\"><div class=\"tb-container-inner\"><form class=\"search-form\" method=\"get\" id=\"searchform\" action=\"https:\/\/wpml.org\/pt-br\/\/\" role=\"search\">\n    <input type=\"text\" value=\"\" name=\"s\" id=\"s\" aria-label=\"Pesquisar\" \/>\n        <span role=\"presentation\">\n        <input  class=\"button-secondary\" type=\"submit\" id=\"searchsubmit\" value=\"Pesquisar\" \/>\n    <\/span>\n<\/form>\n\n<\/div><\/div>\n<\/div>\n\n<div class=\"wp-block-toolset-blocks-container tb-container\" data-toolset-blocks-container=\"101766e80dd2d7f119a7e5bd97971bdd\">\n<h2 id=\"about-wpml\" class=\"tb-heading has-text-color\" data-toolset-blocks-heading=\"c0fd64a0b3cc0d91883adaa8362acad2\" data-last-update=\"1.4\">Comece a usar o WPML<\/h2>\n\n\n\n<div class=\"wp-block-toolset-blocks-container tb-container list-ml16 blue-link\" data-toolset-blocks-container=\"8ac6248fc38a71f3b7d82c125c7c770a\">\n<p>Aprenda a traduzir com o WPML seguindo nosso tutorial passo a passo.<\/p>\n\n\n\n<div class=\"wp-block-buttons is-layout-flex wp-block-buttons-is-layout-flex\">\n<div class=\"wp-block-button\"><a class=\"wp-block-button__link has-white-color has-text-color has-background has-link-color has-custom-font-size wp-element-button\" href=\"https:\/\/wpml.org\/pt-br\/documentacao\/por-onde-comecar\/\" style=\"border-top-left-radius:6px;border-top-right-radius:6px;border-bottom-left-radius:6px;border-bottom-right-radius:6px;background-color:#0369a1;font-size:1em\">Tutorial do WPML<\/a><\/div>\n<\/div>\n<\/div>\n<\/div>\n\n<div class=\"wp-block-toolset-blocks-grid tb-grid\" data-toolset-blocks-grid=\"f4193fc14d139744898379c6a4425d49\">\n<div class=\"wp-block-toolset-blocks-grid-column tb-grid-column\" data-toolset-blocks-grid-column=\"a6e73c9bcfb6574667bd3043cd1e8d9d\">\n<div class=\"wp-block-toolset-blocks-container tb-container\" data-toolset-blocks-container=\"d085fae808d923c3576dd92d88900a6e\">\n<h2 id=\"about-wpml\" class=\"tb-heading\" data-toolset-blocks-heading=\"8c4cb98764f6234242dc7e4afa2bb666\" data-last-update=\"1.4\">Configura\u00e7\u00e3o do WPML<\/h2>\n\n\n\n<div class=\"wp-block-toolset-blocks-container tb-container list-ml16 blue-link\" data-toolset-blocks-container=\"8ac6248fc38a71f3b7d82c125c7c770a\">\n<ul class=\"wp-block-list\">\n<li><a href=\"https:\/\/wpml.org\/pt-br\/faq\/como-instalar-o-wpml\/\">Como Instalar o WPML<\/a><\/li>\n\n\n\n<li><a href=\"https:\/\/wpml.org\/pt-br\/documentacao\/por-onde-comecar\/configuracao-de-idiomas\/opcoes-de-seletor-de-idioma\/\">Adicionar um Seletor de Idiomas<\/a><\/li>\n\n\n\n<li><a href=\"https:\/\/wpml.org\/faq\/how-to-remove-the-this-site-is-registered-on-wpml-org-as-a-development-site-notice\/\">Remover Aviso de Desenvolvimento<\/a><\/li>\n\n\n\n<li><a href=\"https:\/\/wpml.org\/pt-br\/documentacao\/plugin-principal-wpml-e-complementos\/\">Complementos do WPML<\/a><\/li>\n<\/ul>\n<\/div>\n<\/div>\n<\/div>\n\n\n\n<div class=\"wp-block-toolset-blocks-grid-column tb-grid-column\" data-toolset-blocks-grid-column=\"a6e73c9bcfb6574667bd3043cd1e8d9d\">\n<div class=\"wp-block-toolset-blocks-container tb-container\" data-toolset-blocks-container=\"79fbc077915fe021d15204770e0f1410\">\n<h2 id=\"getting-started\" class=\"tb-heading\" data-toolset-blocks-heading=\"556958f1afc3e10cd29df31223461b44\" data-last-update=\"1.4\">Como voc\u00ea pode traduzir<\/h2>\n\n\n\n<div class=\"wp-block-toolset-blocks-container tb-container list-ml16 blue-link\" data-toolset-blocks-container=\"8ac6248fc38a71f3b7d82c125c7c770a\">\n<ul class=\"wp-block-list\">\n<li><a href=\"https:\/\/wpml.org\/pt-br\/documentacao\/traducao-automatica-de-conteudos-wordpress-com-o-wpml\/\">Traduzir com Tradu\u00e7\u00e3o Autom\u00e1tica por IA<\/a><\/li>\n\n\n\n<li><a href=\"https:\/\/wpml.org\/pt-br\/documentacao\/traduzindo-seus-conteudos\/traducao-profissional-com-o-wpml\/\">Traduzir com Servi\u00e7os Profissionais<\/a><\/li>\n\n\n\n<li><a href=\"https:\/\/wpml.org\/documentation\/support\/wpml-admin-capabilities\/\">Traduzir com Outros Usu\u00e1rios<\/a><\/li>\n<\/ul>\n<\/div>\n<\/div>\n<\/div>\n<\/div>\n\n<div class=\"wp-block-toolset-blocks-grid tb-grid\" data-toolset-blocks-grid=\"cb64a63438f49f7b2068f2f0ab7f9101\">\n<div class=\"wp-block-toolset-blocks-grid-column tb-grid-column\" data-toolset-blocks-grid-column=\"a6e73c9bcfb6574667bd3043cd1e8d9d\">\n<div class=\"wp-block-toolset-blocks-container tb-container\" data-toolset-blocks-container=\"14bd8789d895fed61e88276f8f620366\">\n<h2 id=\"translation-management\" class=\"tb-heading\" data-toolset-blocks-heading=\"f2b16af4590a5a87c58a125ae89cc540\" data-last-update=\"1.4\">Traduzir conte\u00fado do WordPress<\/h2>\n\n\n\n<div class=\"wp-block-toolset-blocks-container tb-container list-ml16 blue-link\" data-toolset-blocks-container=\"8ac6248fc38a71f3b7d82c125c7c770a\">\n<ul class=\"wp-block-list\">\n<li><a href=\"https:\/\/wpml.org\/pt-br\/documentacao\/por-onde-comecar\/traducao-de-posts-personalizados\/\">Traduzir tipos de post personalizados<\/a><\/li>\n\n\n\n<li><a href=\"https:\/\/wpml.org\/pt-br\/documentacao\/por-onde-comecar\/traducao-de-categorias-de-post-e-taxonomias-personalizadas\/\">Traduzir Taxonomias<\/a><\/li>\n\n\n\n<li><a href=\"https:\/\/wpml.org\/documentation\/getting-started-guide\/translating-content-created-using-gutenberg-editor\/\">Traduzir Blocos Gutenberg<\/a><\/li>\n\n\n\n<li><a href=\"https:\/\/wpml.org\/pt-br\/documentacao\/por-onde-comecar\/traduzindo-menus\/\">Traduzir Menus<\/a><\/li>\n\n\n\n<li><a href=\"https:\/\/wpml.org\/pt-br\/documentacao\/por-onde-comecar\/como-traduzir-slugs-de-url-com-o-wpml\/\">Traduzir slugs de URL<\/a><\/li>\n<\/ul>\n<\/div>\n<\/div>\n<\/div>\n\n\n\n<div class=\"wp-block-toolset-blocks-grid-column tb-grid-column\" data-toolset-blocks-grid-column=\"a6e73c9bcfb6574667bd3043cd1e8d9d\">\n<div class=\"wp-block-toolset-blocks-container tb-container\" data-toolset-blocks-container=\"5de37c0bfb59d48488b2ffa4d976af69\">\n<h2 id=\"compatibility-with-themes-and-plugins\" class=\"tb-heading\" data-toolset-blocks-heading=\"6238278c1216de5638760754990fd349\" data-last-update=\"1.4\">E-commerce multil\u00edngue<\/h2>\n\n\n\n<div class=\"wp-block-toolset-blocks-container tb-container list-ml16 blue-link\" data-toolset-blocks-container=\"8ac6248fc38a71f3b7d82c125c7c770a\">\n<ul class=\"wp-block-list\">\n<li><a href=\"https:\/\/wpml.org\/pt-br\/documentacao\/projetos-relacionados\/woocommerce-multilingual-sites-multilingues-de-woocommerce-facilitados\/como-traduzir-lojas-woocommerce-com-wpml\/\">Traduzir Lojas WooCommerce<\/a><\/li>\n\n\n\n<li><a href=\"https:\/\/wpml.org\/pt-br\/documentacao\/projetos-relacionados\/woocommerce-multilingual-sites-multilingues-de-woocommerce-facilitados\/recursos-de-varias-moedas-para-o-woocommerce\/\">Multimoeda para WooCommerce<\/a><\/li>\n<\/ul>\n<\/div>\n<\/div>\n<\/div>\n<\/div>\n\n<div class=\"wp-block-toolset-blocks-grid tb-grid\" data-toolset-blocks-grid=\"cb64a63438f49f7b2068f2f0ab7f9101\">\n<div class=\"wp-block-toolset-blocks-grid-column tb-grid-column\" data-toolset-blocks-grid-column=\"a6e73c9bcfb6574667bd3043cd1e8d9d\">\n<div class=\"wp-block-toolset-blocks-container tb-container\" data-toolset-blocks-container=\"469688c7f4cb7f0aaac0adfc07d96a9a\">\n<h2 id=\"developers-information\" class=\"tb-heading\" data-toolset-blocks-heading=\"c245dfcef613d9a36223bacaf51b6a09\" data-last-update=\"1.4\">Conta e faturamento<\/h2>\n\n\n\n<div class=\"wp-block-toolset-blocks-container tb-container list-ml16 blue-link\" data-toolset-blocks-container=\"8ac6248fc38a71f3b7d82c125c7c770a\">\n<ul class=\"wp-block-list\">\n<li><a href=\"https:\/\/wpml.org\/pt-br\/faq\/como-posso-obter-uma-fatura-fiscal-wpml-e-atualizar-minhas-informacoes-de-faturamento\/\">Obter uma Fatura Fiscal<\/a><\/li>\n\n\n\n<li><a href=\"https:\/\/wpml.org\/pt-br\/documentacao\/traducao-automatica-de-conteudos-wordpress-com-o-wpml\/preco-da-traducao-automatica\/\">Comprar Cr\u00e9ditos de Tradu\u00e7\u00e3o<\/a><\/li>\n<\/ul>\n<\/div>\n<\/div>\n<\/div>\n\n\n\n<div class=\"wp-block-toolset-blocks-grid-column tb-grid-column\" data-toolset-blocks-grid-column=\"a6e73c9bcfb6574667bd3043cd1e8d9d\">\n<div class=\"wp-block-toolset-blocks-container tb-container\" data-toolset-blocks-container=\"9156250a601767085b54fb90d84b68ec\">\n<h2 id=\"tutorials\" class=\"tb-heading\" data-toolset-blocks-heading=\"34e016e0b4f4dccb4727c665abbf5021\" data-last-update=\"1.4\">Recursos adicionais<\/h2>\n\n\n\n<div class=\"wp-block-toolset-blocks-container tb-container list-ml16 blue-link\" data-toolset-blocks-container=\"8ac6248fc38a71f3b7d82c125c7c770a\">\n<ul class=\"wp-block-list\">\n<li><a href=\"https:\/\/wpml.org\/plugin\/\">Plugins recomendados<\/a><\/li>\n\n\n\n<li><a href=\"https:\/\/wpml.org\/theme\/\">Temas Recomendados<\/a><\/li>\n<\/ul>\n<\/div>\n<\/div>\n<\/div>\n<\/div>\n","protected":false},"excerpt":{"rendered":"","protected":false},"author":2,"featured_media":0,"parent":0,"menu_order":49,"comment_status":"closed","ping_status":"closed","template":"nosidebar-template.php","meta":{"_bbp_topic_count":0,"_bbp_reply_count":0,"_bbp_total_topic_count":0,"_bbp_total_reply_count":0,"_bbp_voice_count":0,"_bbp_anonymous_reply_count":0,"_bbp_topic_count_hidden":0,"_bbp_reply_count_hidden":0,"_bbp_forum_subforum_count":0,"_uag_custom_page_level_css":"","ep_exclude_from_search":false,"footnotes":""},"related-projects-category":[],"class_list":["post-96558","page","type-page","status-publish","hentry"],"spectra_custom_meta":{"ratings_users":["0"],"ratings_score":["0"],"ratings_average":["0"],"_wp_page_template":["nosidebar-template.php"],"_views_template":["0"],"_icl_translation":["1"],"_alp_processed":["1770210795"],"wpcf-unformatted-code":["<script>\r\n  (function() {\r\n    var cx = '012516462473172973567:jmr07jubwwk';\r\n    var gcse = document.createElement('script'); gcse.type = 'text\/javascript'; gcse.async = true;\r\n    gcse.src = (document.location.protocol == 'https:' ? 'https:' : 'http:') +\r\n        '\/\/cse.google.com\/cse.js?cx=' + cx;\r\n    var s = document.getElementsByTagName('script')[0]; s.parentNode.insertBefore(gcse, s);\r\n  })();\r\n<\/script>\r\n<gcse:search as_sitesearch=\"wpml.org\"><\/gcse:search>"],"_edit_lock":["1758540845:795727"],"_edit_last":["64191"],"_yoast_wpseo_content_score":["30"],"inline_featured_image":["0"],"_yoast_wpseo_primary_documentation-category":[""],"_wpml_media_featured":["1"],"_subscription_coupon_product_id":["0"],"_last_translation_edit_mode":["translation-editor"],"wpcf-disable-autop":["1"],"wpcf-price-increase-show-from":[""],"wpcf-price-increase-show-till":[""],"toolset_post_editor_mode":["block"],"_wpml_media_duplicate":["0"],"_wpml_word_count":["160"],"cmplz_hide_cookiebanner":[""],"wpcf-price-increase-content":[""],"wpcf-login-box-title":[""],"wpcf-page-content":[""],"_yoast_wpseo_primary_related-projects-category":[""],"_yoast_wpseo_title":["%%title%% %%page%%"],"_yoast_wpseo_metadesc":["Explore nossa base de conhecimento, repleta de dicas e informa\u00e7\u00f5es \u00fateis para traduzir sites com o WPML."],"_uag_css_file_name":["uag-css-96558.css"],"_uag_page_assets":["a:9:{s:3:\"css\";s:260:\".uag-blocks-common-selector{z-index:var(--z-index-desktop) !important}@media(max-width: 976px){.uag-blocks-common-selector{z-index:var(--z-index-tablet) !important}}@media(max-width: 767px){.uag-blocks-common-selector{z-index:var(--z-index-mobile) !important}}\";s:2:\"js\";s:0:\"\";s:18:\"current_block_list\";a:10:{i:0;s:24:\"toolset-blocks\/container\";i:1;s:22:\"toolset-blocks\/heading\";i:3;s:14:\"core\/shortcode\";i:5;s:14:\"core\/paragraph\";i:6;s:12:\"core\/buttons\";i:7;s:11:\"core\/button\";i:8;s:19:\"toolset-blocks\/grid\";i:9;s:26:\"toolset-blocks\/grid-column\";i:11;s:9:\"core\/list\";i:12;s:14:\"core\/list-item\";}s:8:\"uag_flag\";b:0;s:11:\"uag_version\";s:10:\"1778275924\";s:6:\"gfonts\";a:0:{}s:10:\"gfonts_url\";s:0:\"\";s:12:\"gfonts_files\";a:0:{}s:14:\"uag_faq_layout\";b:0;}"]},"uagb_featured_image_src":{"full":false,"thumbnail":false,"medium":false,"medium_large":false,"large":false,"1536x1536":false,"2048x2048":false,"gform-image-choice-sm":false,"gform-image-choice-md":false,"gform-image-choice-lg":false,"woocommerce_thumbnail":false,"woocommerce_single":false,"woocommerce_gallery_thumbnail":false},"uagb_author_info":{"display_name":"Amir","author_link":"https:\/\/wpml.org\/pt-br\/author\/amir\/"},"uagb_comment_info":0,"uagb_excerpt":null,"_links":{"self":[{"href":"https:\/\/wpml.org\/pt-br\/wp-json\/wp\/v2\/pages\/96558","targetHints":{"allow":["GET"]}}],"collection":[{"href":"https:\/\/wpml.org\/pt-br\/wp-json\/wp\/v2\/pages"}],"about":[{"href":"https:\/\/wpml.org\/pt-br\/wp-json\/wp\/v2\/types\/page"}],"author":[{"embeddable":true,"href":"https:\/\/wpml.org\/pt-br\/wp-json\/wp\/v2\/users\/2"}],"replies":[{"embeddable":true,"href":"https:\/\/wpml.org\/pt-br\/wp-json\/wp\/v2\/comments?post=96558"}],"version-history":[{"count":8,"href":"https:\/\/wpml.org\/pt-br\/wp-json\/wp\/v2\/pages\/96558\/revisions"}],"predecessor-version":[{"id":17791683,"href":"https:\/\/wpml.org\/pt-br\/wp-json\/wp\/v2\/pages\/96558\/revisions\/17791683"}],"wp:attachment":[{"href":"https:\/\/wpml.org\/pt-br\/wp-json\/wp\/v2\/media?parent=96558"}],"wp:term":[{"taxonomy":"related-projects-category","embeddable":true,"href":"https:\/\/wpml.org\/pt-br\/wp-json\/wp\/v2\/related-projects-category?post=96558"}],"curies":[{"name":"wp","href":"https:\/\/api.w.org\/{rel}","templated":true}]}}