{"id":96560,"date":"2013-01-15T14:50:43","date_gmt":"2013-01-15T14:50:43","guid":{"rendered":"http:\/\/wpml.org\/documentacao\/projetos-relacionados\/"},"modified":"2024-06-07T11:44:51","modified_gmt":"2024-06-07T11:44:51","slug":"projetos-relacionados","status":"publish","type":"page","link":"https:\/\/wpml.org\/pt-br\/documentacao\/projetos-relacionados\/","title":{"rendered":"Projetos relacionados"},"content":{"rendered":"\n<div class=\"wp-block-toolset-blocks-container tb-container\" data-toolset-blocks-container=\"bd2e94b9989cc14eb39c6fbe0a58b640\"><div class=\"tb-container-inner\">\n<p class=\"tb-heading\" data-toolset-blocks-heading=\"fd2bebae4a20c4be8f67d0b557f121dc\" data-last-update=\"1.4\">Al\u00e9m do WPML, fornecemos ferramentas adicionais para ajudar voc\u00ea a traduzir v\u00e1rios aspectos do seu site. Crie facilmente um site multil\u00edngue abrangente com nossas solu\u00e7\u00f5es f\u00e1ceis de usar que se integram perfeitamente aos principais plug-ins WordPress.<\/p>\n<\/div><\/div>\n<div class=\"wpv-view-output\" data-toolset-views-view-editor=\"db951b03d71daa524cc05baa62f47590\"><div class=\"wpv-view-wrapper\"><div class=\"wpv-custom-search-loading-overlay js-wpv-custom-search-loading-overlay\" style=\"display:none;background:rgba( 255, 255, 255, 0 );\">\n\t\t\t\t\t<div class=\"spinner\">\n\t\t\t\t\t\t<div class=\"icon\" style=\"background:url(https:\/\/wpml.org\/wp-content\/plugins\/wp-views\/embedded\/res\/img\/ajax-loader3.svg)\"><\/div>\n\t\t\t\t\t<\/div>\n\t\t\t\t<\/div><div class=\"wp-block-toolset-views-view-editor\">\n<div class=\"wp-block-toolset-blocks-container tb-container\" data-toolset-blocks-container=\"f1f6cf433548e794e350cca473324a7f\"><div class=\"tb-container-inner\">\n<div class=\"wp-block-toolset-views-custom-search-container\"><form autocomplete=\"off\" name=\"wpv-filter-13463167-TCPID96560\" action=\"\/pt-br\/wp-json\/wp\/v2\/pages\/96560?wpv_view_count=13463167-TCPID96560\" method=\"get\" class=\"wpv-filter-form js-wpv-filter-form js-wpv-filter-form-13463167-TCPID96560 js-wpv-form-full js-wpv-dps-enabled js-wpv-ajax-results-enabled\" data-viewnumber=\"13463167-TCPID96560\" data-viewid=\"13463167\" data-viewhash=\"eyJuYW1lIjoicmVsYXRlZC1wcm9qZWN0cyJ9\" data-viewwidgetid=\"0\" data-orderby=\"\" data-order=\"\" data-orderbyas=\"\" data-orderbysecond=\"\" data-ordersecond=\"\" data-parametric=\"{&quot;query&quot;:&quot;normal&quot;,&quot;id&quot;:13463167,&quot;view_id&quot;:13463167,&quot;widget_id&quot;:0,&quot;view_hash&quot;:&quot;13463167-TCPID96560&quot;,&quot;action&quot;:&quot;\\\/pt-br\\\/wp-json\\\/wp\\\/v2\\\/pages\\\/96560?wpv_view_count=13463167-TCPID96560&quot;,&quot;sort&quot;:{&quot;orderby&quot;:&quot;&quot;,&quot;order&quot;:&quot;&quot;,&quot;orderby_as&quot;:&quot;&quot;,&quot;orderby_second&quot;:&quot;&quot;,&quot;order_second&quot;:&quot;&quot;},&quot;orderby&quot;:&quot;&quot;,&quot;order&quot;:&quot;&quot;,&quot;orderby_as&quot;:&quot;&quot;,&quot;orderby_second&quot;:&quot;&quot;,&quot;order_second&quot;:&quot;&quot;,&quot;ajax_form&quot;:&quot;&quot;,&quot;ajax_results&quot;:&quot;&quot;,&quot;effect&quot;:&quot;fade&quot;,&quot;prebefore&quot;:&quot;&quot;,&quot;before&quot;:&quot;&quot;,&quot;after&quot;:&quot;&quot;,&quot;attributes&quot;:[],&quot;environment&quot;:{&quot;current_post_id&quot;:96560,&quot;parent_post_id&quot;:96560,&quot;parent_term_id&quot;:0,&quot;parent_user_id&quot;:0,&quot;archive&quot;:{&quot;type&quot;:&quot;&quot;,&quot;name&quot;:&quot;&quot;,&quot;data&quot;:[]}},&quot;loop&quot;:{&quot;type&quot;:&quot;&quot;,&quot;name&quot;:&quot;&quot;,&quot;data&quot;:[],&quot;id&quot;:0}}\" data-attributes=\"[]\" data-environment=\"{&quot;current_post_id&quot;:96560,&quot;parent_post_id&quot;:96560,&quot;parent_term_id&quot;:0,&quot;parent_user_id&quot;:0,&quot;archive&quot;:{&quot;type&quot;:&quot;&quot;,&quot;name&quot;:&quot;&quot;,&quot;data&quot;:[]}}\"><input type=\"hidden\" class=\"js-wpv-dps-filter-data js-wpv-filter-data-for-this-form\" data-action=\"\/pt-br\/wp-json\/wp\/v2\/pages\/96560?wpv_view_count=13463167-TCPID96560\" data-page=\"1\" data-ajax=\"enable\" data-effect=\"fade\" data-maxpages=\"0\" data-ajaxprebefore=\"\" data-ajaxbefore=\"\" data-ajaxafter=\"\" \/><input class=\"wpv_view_count wpv_view_count-13463167-TCPID96560\" type=\"hidden\" name=\"wpv_view_count\" value=\"13463167-TCPID96560\" \/> <div>\n<div class=\"wp-block-toolset-blocks-grid tb-grid\" data-toolset-blocks-grid=\"83ae1f9bb26c3f4528f4604370d54270\">\n<div class=\"wp-block-toolset-blocks-grid-column tb-grid-column tb-grid-align-top\" data-toolset-blocks-grid-column=\"3034fbe886c11054e95b46b09d3e4112\"><\/div>\n\n\n\n<div class=\"wp-block-toolset-blocks-grid-column tb-grid-column tb-grid-align-top\" data-toolset-blocks-grid-column=\"3034fbe886c11054e95b46b09d3e4112\"><\/div>\n\n\n\n<div class=\"wp-block-toolset-blocks-grid-column tb-grid-column tb-grid-align-top\" data-toolset-blocks-grid-column=\"3034fbe886c11054e95b46b09d3e4112\">\n<div class=\"wp-block-toolset-views-custom-search-filter wpv-custom-search-filter wpv-custom-search-filter-label-top\" data-toolset-views-custom-search-filter=\"849814c662e41bf8c56007a999863a5a\"><div><div class=\"form-group\"><span class=\"wpv-custom-search-filter__input\"><select name=\"wpv-related-projects-category\" class=\"js-wpv-filter-trigger form-control\"><option selected='selected' value=\"0\">- Todas as categorias -<\/option><option value=\"campos-personalizados\">Campos personalizados<\/option><option value=\"e-commerce-pt-br\">Com\u00e9rcio eletr\u00f4nico<\/option><option value=\"build-advanced-sites-pt-br\">Construa sites avan\u00e7ados<\/option><option value=\"forms-pt-br\">Formul\u00e1rios<\/option><option value=\"importacao-exportacao\">Importa\u00e7\u00e3o \/ Exporta\u00e7\u00e3o<\/option><option value=\"redes-sociais-e-foruns\">Redes sociais e f\u00f3runs<\/option><option value=\"seo-pt-br\">SEO<\/option><\/select><\/span><\/div><\/div><\/div>\n<\/div>\n<\/div>\n<\/div> <\/form><\/div>\n\n\n<div id=\"wpv-view-layout-13463167-TCPID96560\" class=\"js-wpv-view-layout js-wpv-layout-responsive js-wpv-view-layout-13463167-TCPID96560\" data-viewnumber=\"13463167-TCPID96560\" data-pagination=\"{&quot;id&quot;:13463167,&quot;query&quot;:&quot;normal&quot;,&quot;type&quot;:&quot;disabled&quot;,&quot;effect&quot;:&quot;fade&quot;,&quot;duration&quot;:500,&quot;speed&quot;:5,&quot;pause_on_hover&quot;:&quot;enabled&quot;,&quot;stop_rollover&quot;:&quot;false&quot;,&quot;cache_pages&quot;:&quot;enabled&quot;,&quot;preload_images&quot;:&quot;enabled&quot;,&quot;preload_pages&quot;:&quot;enabled&quot;,&quot;preload_reach&quot;:1,&quot;spinner&quot;:&quot;builtin&quot;,&quot;spinner_image&quot;:&quot;https:\/\/wpml.org\/wp-content\/plugins\/wp-views\/embedded\/res\/img\/ajax-loader.gif&quot;,&quot;callback_next&quot;:&quot;&quot;,&quot;manage_history&quot;:&quot;disabled&quot;,&quot;has_controls_in_form&quot;:&quot;disabled&quot;,&quot;infinite_tolerance&quot;:&quot;0&quot;,&quot;max_pages&quot;:0,&quot;page&quot;:1,&quot;base_permalink&quot;:&quot;\/pt-br\/wp-json\/wp\/v2\/pages\/96560?wpv_view_count=13463167-TCPID96560&amp;wpv_paged=WPV_PAGE_NUM&quot;,&quot;loop&quot;:{&quot;type&quot;:&quot;&quot;,&quot;name&quot;:&quot;&quot;,&quot;data&quot;:[],&quot;id&quot;:0}}\" data-permalink=\"\/pt-br\/wp-json\/wp\/v2\/pages\/96560?wpv_view_count=13463167-TCPID96560\">\n<div class=\"js-wpv-loop-wrapper\"><div class=\"tb-grid\"><div class=\"tb-grid-column\">\n<div class=\"wp-block-toolset-views-view-template-block wpv-block-loop-item php-to-be-replaced-with-shortcode\" data-toolset-views-view-template-block=\"229f8d21fffe8fbefe2a50d84bf935b1\">\n<div class=\"tb-field showcase-tax\" data-toolset-blocks-field=\"7a1051273cf99f513dd823c9e02be522\" data-last-update=\"1.4\">Com\u00e9rcio eletr\u00f4nico<\/div>\n\n\n\n<div class=\"tb-button mention-btn\" data-toolset-blocks-button=\"c99bd361af5061591097b01de874ee92\"><a class=\"tb-button__link\" href=\"https:\/\/wpml.org\/pt-br\/documentacao\/projetos-relacionados\/woocommerce-multilingual-sites-multilingues-de-woocommerce-facilitados\/\"><span class=\"tb-button__content\">WPML Multilingual &amp; Multicurrency for WooCommerce &#8211; Traduza lojas<\/span><i class=\"tb-button__icon\"><\/i><\/a><\/div>\n\n\n\n<div class=\"tb-field\" data-toolset-blocks-field=\"0ffb88e4739c9090a743afdc5ca844ad\" data-last-update=\"1.4\">O WPML Multilingual &amp; Multicurrency for WooCommerce facilita a gest\u00e3o de sites de e-commerce multil\u00edngues com WooCommerce e WPML. O plugin simplifica o processo de tradu\u00e7\u00e3o, para que voc\u00ea precise traduzir apenas os textos. As tradu\u00e7\u00f5es para...<\/div>\n<\/div>\n<\/div><div class=\"tb-grid-column\">\n<div class=\"wp-block-toolset-views-view-template-block wpv-block-loop-item php-to-be-replaced-with-shortcode\" data-toolset-views-view-template-block=\"229f8d21fffe8fbefe2a50d84bf935b1\">\n<div class=\"tb-field showcase-tax\" data-toolset-blocks-field=\"7a1051273cf99f513dd823c9e02be522\" data-last-update=\"1.4\"><\/div>\n\n\n\n<div class=\"tb-button mention-btn\" data-toolset-blocks-button=\"c99bd361af5061591097b01de874ee92\"><a class=\"tb-button__link\" href=\"https:\/\/wpml.org\/pt-br\/documentacao\/projetos-relacionados\/importacao-de-multiplos-idiomas-com-wp-todas-as-importacoes-e-wpml\/\"><span class=\"tb-button__content\">Importando M\u00faltiplos Idiomas com WP All Import e WPML<\/span><i class=\"tb-button__icon\"><\/i><\/a><\/div>\n\n\n\n<div class=\"tb-field\" data-toolset-blocks-field=\"0ffb88e4739c9090a743afdc5ca844ad\" data-last-update=\"1.4\">Com WP All Import, WPML e o complemento WPML All Import, voc\u00ea pode importar conte\u00fado em v\u00e1rios idiomas. Isso inclui posts, p\u00e1ginas, produtos WooCommerce, taxonomias, m\u00eddia e outros campos personalizados e tipos de post. Esta p\u00e1gina mostra...<\/div>\n<\/div>\n<\/div><div class=\"tb-grid-column\">\n<div class=\"wp-block-toolset-views-view-template-block wpv-block-loop-item php-to-be-replaced-with-shortcode\" data-toolset-views-view-template-block=\"229f8d21fffe8fbefe2a50d84bf935b1\">\n<div class=\"tb-field showcase-tax\" data-toolset-blocks-field=\"7a1051273cf99f513dd823c9e02be522\" data-last-update=\"1.4\">Construa sites avan\u00e7ados<\/div>\n\n\n\n<div class=\"tb-button mention-btn\" data-toolset-blocks-button=\"c99bd361af5061591097b01de874ee92\"><a class=\"tb-button__link\" href=\"https:\/\/wpml.org\/pt-br\/documentacao\/projetos-relacionados\/wpml-graphql-adicione-a-funcionalidade-multilingue-ao-esquema-wpgraphql\/\"><span class=\"tb-button__content\">WPML GraphQL &#8211; Adicione funcionalidade multil\u00edngue ao esquema WPGraphQL<\/span><i class=\"tb-button__icon\"><\/i><\/a><\/div>\n\n\n\n<div class=\"tb-field\" data-toolset-blocks-field=\"0ffb88e4739c9090a743afdc5ca844ad\" data-last-update=\"1.4\"><span><span><a href=\"https:\/\/wpml.org\/pt-br\/home-2\/\">Home<\/a><\/span><\/span> WPML GraphQL \u2013 Adicione funcionalidade multil\u00edngue ao esquema WPGraphQL O WPML GraphQL permite consultar, filtrar e recuperar conte\u00fado espec\u00edfico do idioma e tradu\u00e7\u00f5es do esquema WPGraphQL. Obtenha o WPML GraphQL  Principais...<\/div>\n<\/div>\n<\/div><div class=\"tb-grid-column\">\n<div class=\"wp-block-toolset-views-view-template-block wpv-block-loop-item php-to-be-replaced-with-shortcode\" data-toolset-views-view-template-block=\"229f8d21fffe8fbefe2a50d84bf935b1\">\n<div class=\"tb-field showcase-tax\" data-toolset-blocks-field=\"7a1051273cf99f513dd823c9e02be522\" data-last-update=\"1.4\">Importa\u00e7\u00e3o \/ Exporta\u00e7\u00e3o<\/div>\n\n\n\n<div class=\"tb-button mention-btn\" data-toolset-blocks-button=\"c99bd361af5061591097b01de874ee92\"><a class=\"tb-button__link\" href=\"https:\/\/wpml.org\/pt-br\/documentacao\/projetos-relacionados\/exportacao-e-importacao-wpml\/\"><span class=\"tb-button__content\">WPML Export and Import<\/span><i class=\"tb-button__icon\"><\/i><\/a><\/div>\n\n\n\n<div class=\"tb-field\" data-toolset-blocks-field=\"0ffb88e4739c9090a743afdc5ca844ad\" data-last-update=\"1.4\"><span><span><a href=\"https:\/\/wpml.org\/pt-br\/home-2\/\">Home<\/a><\/span><\/span> WPML Export and Import \u2013 Exportar e Importar Tradu\u00e7\u00f5es Facilmente WPML Export and Import \u00e9 um complemento de WPML para importar conte\u00fado multil\u00edngue de planilhas e outros sites para o seu site. Obter WPML Export and...<\/div>\n<\/div>\n<\/div><div class=\"tb-grid-column\">\n<div class=\"wp-block-toolset-views-view-template-block wpv-block-loop-item php-to-be-replaced-with-shortcode\" data-toolset-views-view-template-block=\"229f8d21fffe8fbefe2a50d84bf935b1\">\n<div class=\"tb-field showcase-tax\" data-toolset-blocks-field=\"7a1051273cf99f513dd823c9e02be522\" data-last-update=\"1.4\">Campos personalizados, Construa sites avan\u00e7ados<\/div>\n\n\n\n<div class=\"tb-button mention-btn\" data-toolset-blocks-button=\"c99bd361af5061591097b01de874ee92\"><a class=\"tb-button__link\" href=\"https:\/\/wpml.org\/pt-br\/documentacao\/projetos-relacionados\/advanced-custom-fields-acf-multilingue-traduza-todos-os-campos-com-o-wpml\/\"><span class=\"tb-button__content\">Advanced Custom Fields (ACF) Multilingual &#8211; Traduza todos os campos com o WPML<\/span><i class=\"tb-button__icon\"><\/i><\/a><\/div>\n\n\n\n<div class=\"tb-field\" data-toolset-blocks-field=\"0ffb88e4739c9090a743afdc5ca844ad\" data-last-update=\"1.4\">O WPML permite traduzir sites criados com o plugin Advanced Custom Fields (ACF).<\/div>\n<\/div>\n<\/div><div class=\"tb-grid-column\">\n<div class=\"wp-block-toolset-views-view-template-block wpv-block-loop-item php-to-be-replaced-with-shortcode\" data-toolset-views-view-template-block=\"229f8d21fffe8fbefe2a50d84bf935b1\">\n<div class=\"tb-field showcase-tax\" data-toolset-blocks-field=\"7a1051273cf99f513dd823c9e02be522\" data-last-update=\"1.4\">SEO<\/div>\n\n\n\n<div class=\"tb-button mention-btn\" data-toolset-blocks-button=\"c99bd361af5061591097b01de874ee92\"><a class=\"tb-button__link\" href=\"https:\/\/wpml.org\/pt-br\/documentacao\/projetos-relacionados\/wpml-seo\/\"><span class=\"tb-button__content\">WPML SEO<\/span><i class=\"tb-button__icon\"><\/i><\/a><\/div>\n\n\n\n<div class=\"tb-field\" data-toolset-blocks-field=\"0ffb88e4739c9090a743afdc5ca844ad\" data-last-update=\"1.4\">O WPML SEO torna seu site multil\u00edngue compat\u00edvel com os populares plugins de SEO Yoast SEO e Rank Math. Alcance um p\u00fablico global otimizando seu site para mecanismos de busca em diferentes idiomas. Aumente o tr\u00e1fego, melhore...<\/div>\n<\/div>\n<\/div><div class=\"tb-grid-column\">\n<div class=\"wp-block-toolset-views-view-template-block wpv-block-loop-item php-to-be-replaced-with-shortcode\" data-toolset-views-view-template-block=\"229f8d21fffe8fbefe2a50d84bf935b1\">\n<div class=\"tb-field showcase-tax\" data-toolset-blocks-field=\"7a1051273cf99f513dd823c9e02be522\" data-last-update=\"1.4\">Formul\u00e1rios<\/div>\n\n\n\n<div class=\"tb-button mention-btn\" data-toolset-blocks-button=\"c99bd361af5061591097b01de874ee92\"><a class=\"tb-button__link\" href=\"https:\/\/wpml.org\/pt-br\/documentacao\/projetos-relacionados\/usando-o-contact-form-7-com-o-wpml\/\"><span class=\"tb-button__content\">WPML Multilingual for CF7<\/span><i class=\"tb-button__icon\"><\/i><\/a><\/div>\n\n\n\n<div class=\"tb-field\" data-toolset-blocks-field=\"0ffb88e4739c9090a743afdc5ca844ad\" data-last-update=\"1.4\">O Contact Form 7 permite criar, personalizar e gerenciar formul\u00e1rios de front-end para o seu site. Neste tutorial, fornecemos instru\u00e7\u00f5es passo a passo sobre como tornar esses formul\u00e1rios multil\u00edngues usando o WPML.<\/div>\n<\/div>\n<\/div><div class=\"tb-grid-column\">\n<div class=\"wp-block-toolset-views-view-template-block wpv-block-loop-item php-to-be-replaced-with-shortcode\" data-toolset-views-view-template-block=\"229f8d21fffe8fbefe2a50d84bf935b1\">\n<div class=\"tb-field showcase-tax\" data-toolset-blocks-field=\"7a1051273cf99f513dd823c9e02be522\" data-last-update=\"1.4\">Formul\u00e1rios<\/div>\n\n\n\n<div class=\"tb-button mention-btn\" data-toolset-blocks-button=\"c99bd361af5061591097b01de874ee92\"><a class=\"tb-button__link\" href=\"https:\/\/wpml.org\/pt-br\/documentacao\/projetos-relacionados\/gravity-forms-multilingual\/\"><span class=\"tb-button__content\">Gravity Forms Multilingual<\/span><i class=\"tb-button__icon\"><\/i><\/a><\/div>\n\n\n\n<div class=\"tb-field\" data-toolset-blocks-field=\"0ffb88e4739c9090a743afdc5ca844ad\" data-last-update=\"1.4\">O WPML permite que voc\u00ea traduza os textos que aparecem nos seus Gravity Forms para outros idiomas do seu site. Uma vez traduzido, o formul\u00e1rio \u00e9 exibido automaticamente no idioma correto no front-end.<\/div>\n<\/div>\n<\/div><div class=\"tb-grid-column\">\n<div class=\"wp-block-toolset-views-view-template-block wpv-block-loop-item php-to-be-replaced-with-shortcode\" data-toolset-views-view-template-block=\"229f8d21fffe8fbefe2a50d84bf935b1\">\n<div class=\"tb-field showcase-tax\" data-toolset-blocks-field=\"7a1051273cf99f513dd823c9e02be522\" data-last-update=\"1.4\">Formul\u00e1rios<\/div>\n\n\n\n<div class=\"tb-button mention-btn\" data-toolset-blocks-button=\"c99bd361af5061591097b01de874ee92\"><a class=\"tb-button__link\" href=\"https:\/\/wpml.org\/pt-br\/documentacao\/projetos-relacionados\/mailchimp-para-wordpress-multilingue\/\"><span class=\"tb-button__content\">MailChimp para WordPress multil\u00edngue<\/span><i class=\"tb-button__icon\"><\/i><\/a><\/div>\n\n\n\n<div class=\"tb-field\" data-toolset-blocks-field=\"0ffb88e4739c9090a743afdc5ca844ad\" data-last-update=\"1.4\">MailChimp \u00e9 um servi\u00e7o online popular que permite distribuir campanhas de e-mail automatizadas. A integra\u00e7\u00e3o entre o plugin MailChimp para WordPress e o WPML permite traduzir formul\u00e1rios de inscri\u00e7\u00e3o e mensagens relacionadas.<\/div>\n<\/div>\n<\/div><div class=\"tb-grid-column\">\n<div class=\"wp-block-toolset-views-view-template-block wpv-block-loop-item php-to-be-replaced-with-shortcode\" data-toolset-views-view-template-block=\"229f8d21fffe8fbefe2a50d84bf935b1\">\n<div class=\"tb-field showcase-tax\" data-toolset-blocks-field=\"7a1051273cf99f513dd823c9e02be522\" data-last-update=\"1.4\">Redes sociais e f\u00f3runs<\/div>\n\n\n\n<div class=\"tb-button mention-btn\" data-toolset-blocks-button=\"c99bd361af5061591097b01de874ee92\"><a class=\"tb-button__link\" href=\"https:\/\/wpml.org\/pt-br\/documentacao\/projetos-relacionados\/buddypress-multilingual-traduzir-sites-buddypress-e-buddyboss\/\"><span class=\"tb-button__content\">Traduza sites BuddyPress e BuddyBoss com o WPML<\/span><i class=\"tb-button__icon\"><\/i><\/a><\/div>\n\n\n\n<div class=\"tb-field\" data-toolset-blocks-field=\"0ffb88e4739c9090a743afdc5ca844ad\" data-last-update=\"1.4\">O BuddyPress permite que voc\u00ea transforme seu site WordPress em uma rede social. O WPML e seu add-on BuddyPress Multilingual permitem que sites BuddyPress sejam executados em v\u00e1rios idiomas.<\/div>\n<\/div>\n<\/div><div class=\"tb-grid-column\">\n<div class=\"wp-block-toolset-views-view-template-block wpv-block-loop-item php-to-be-replaced-with-shortcode\" data-toolset-views-view-template-block=\"229f8d21fffe8fbefe2a50d84bf935b1\">\n<div class=\"tb-field showcase-tax\" data-toolset-blocks-field=\"7a1051273cf99f513dd823c9e02be522\" data-last-update=\"1.4\">Construa sites avan\u00e7ados<\/div>\n\n\n\n<div class=\"tb-button mention-btn\" data-toolset-blocks-button=\"c99bd361af5061591097b01de874ee92\"><a class=\"tb-button__link\" href=\"https:\/\/wpml.org\/pt-br\/documentacao\/projetos-relacionados\/usando-o-elasticpress-em-seu-site-multilingue\/\"><span class=\"tb-button__content\">WPML ElasticPress \u2013 Resultados de pesquisa multil\u00edngues<\/span><i class=\"tb-button__icon\"><\/i><\/a><\/div>\n\n\n\n<div class=\"tb-field\" data-toolset-blocks-field=\"0ffb88e4739c9090a743afdc5ca844ad\" data-last-update=\"1.4\"><span><span><a href=\"https:\/\/wpml.org\/pt-br\/home-2\/\">Home<\/a><\/span><\/span> WPML ElasticPress \u2013 Exibir resultados de pesquisa multil\u00edngues O WPML ElasticPress permite exibir resultados relevantes e espec\u00edficos por idioma para pesquisas feitas com o Elasticsearch. Obter o WPML ElasticPress  Principais recursos...<\/div>\n<\/div>\n<\/div><div class=\"tb-grid-column\">\n<div class=\"wp-block-toolset-views-view-template-block wpv-block-loop-item php-to-be-replaced-with-shortcode\" data-toolset-views-view-template-block=\"229f8d21fffe8fbefe2a50d84bf935b1\">\n<div class=\"tb-field showcase-tax\" data-toolset-blocks-field=\"7a1051273cf99f513dd823c9e02be522\" data-last-update=\"1.4\">Formul\u00e1rios<\/div>\n\n\n\n<div class=\"tb-button mention-btn\" data-toolset-blocks-button=\"c99bd361af5061591097b01de874ee92\"><a class=\"tb-button__link\" href=\"https:\/\/wpml.org\/pt-br\/documentacao\/projetos-relacionados\/como-criar-formularios-multilingues-usando-wpforms-e-wpml\/\"><span class=\"tb-button__content\">Criando formul\u00e1rios multil\u00edngues usando WPForms e WPML<\/span><i class=\"tb-button__icon\"><\/i><\/a><\/div>\n\n\n\n<div class=\"tb-field\" data-toolset-blocks-field=\"0ffb88e4739c9090a743afdc5ca844ad\" data-last-update=\"1.4\">WPForms \u00e9 um plugin para adicionar formul\u00e1rios de contato ao seu site WordPress. Neste guia, voc\u00ea pode aprender como tornar seus WPForms multil\u00edngues usando o WPML.<\/div>\n<\/div>\n<\/div><div class=\"tb-grid-column\">\n<div class=\"wp-block-toolset-views-view-template-block wpv-block-loop-item php-to-be-replaced-with-shortcode\" data-toolset-views-view-template-block=\"229f8d21fffe8fbefe2a50d84bf935b1\">\n<div class=\"tb-field showcase-tax\" data-toolset-blocks-field=\"7a1051273cf99f513dd823c9e02be522\" data-last-update=\"1.4\">Formul\u00e1rios<\/div>\n\n\n\n<div class=\"tb-button mention-btn\" data-toolset-blocks-button=\"c99bd361af5061591097b01de874ee92\"><a class=\"tb-button__link\" href=\"https:\/\/wpml.org\/pt-br\/documentacao\/projetos-relacionados\/como-criar-formularios-multilingues-usando-o-ninja-forms-e-o-wpml\/\"><span class=\"tb-button__content\">Criando Formul\u00e1rios Multil\u00edngues Usando Ninja Forms e WPML<\/span><i class=\"tb-button__icon\"><\/i><\/a><\/div>\n\n\n\n<div class=\"tb-field\" data-toolset-blocks-field=\"0ffb88e4739c9090a743afdc5ca844ad\" data-last-update=\"1.4\">Ninja Forms \u00e9 um construtor de formul\u00e1rios intuitivo de arrastar e soltar para WordPress. Aprenda como usar o WPML para criar formul\u00e1rios multil\u00edngues usando Ninja Forms.<\/div>\n<\/div>\n<\/div><\/div><\/div><\/div><\/div><\/div>\n<\/div><\/div><\/div>","protected":false},"excerpt":{"rendered":"<p>Al\u00e9m do WPML, tamb\u00e9m mantemos v\u00e1rios projetos relacionados, que permitem que outros tipos de sites sejam multil\u00edngues.  <\/p>\n","protected":false},"author":2,"featured_media":0,"parent":96558,"menu_order":67,"comment_status":"closed","ping_status":"closed","template":"nosidebar-template.php","meta":{"_bbp_topic_count":0,"_bbp_reply_count":0,"_bbp_total_topic_count":0,"_bbp_total_reply_count":0,"_bbp_voice_count":0,"_bbp_anonymous_reply_count":0,"_bbp_topic_count_hidden":0,"_bbp_reply_count_hidden":0,"_bbp_forum_subforum_count":0,"_uag_custom_page_level_css":"","ep_exclude_from_search":false,"footnotes":""},"related-projects-category":[],"class_list":["post-96560","page","type-page","status-publish","hentry"],"spectra_custom_meta":{"ratings_users":["0"],"ratings_score":["0"],"ratings_average":["0"],"_wp_page_template":["nosidebar-template.php"],"_icl_translation":["1"],"_alp_processed":["1717760691"],"_views_template":["0"],"_subscription_coupon_product_id":["0"],"inline_featured_image":["0"],"_last_translation_edit_mode":["translation-editor"],"_wpml_media_featured":["1"],"wpcf-unformatted-code":[""],"wpcf-price-increase-show-from":[""],"wpcf-price-increase-show-till":[""],"toolset_post_editor_mode":["block"],"_wpml_media_duplicate":["0"],"_yoast_wpseo_metadesc":["Explore nossos projetos relacionados que oferecem ferramentas de tradu\u00e7\u00e3o f\u00e1ceis de usar, integrando-se perfeitamente a plug-ins populares WordPress para uma experi\u00eancia eficiente de site multil\u00edngue."],"_uag_page_assets":["a:9:{s:3:\"css\";s:260:\".uag-blocks-common-selector{z-index:var(--z-index-desktop) !important}@media(max-width: 976px){.uag-blocks-common-selector{z-index:var(--z-index-tablet) !important}}@media(max-width: 767px){.uag-blocks-common-selector{z-index:var(--z-index-mobile) !important}}\";s:2:\"js\";s:0:\"\";s:18:\"current_block_list\";a:12:{i:0;s:24:\"toolset-blocks\/container\";i:1;s:22:\"toolset-blocks\/heading\";i:2;s:25:\"toolset-views\/view-editor\";i:4;s:37:\"toolset-views\/custom-search-container\";i:5;s:19:\"toolset-blocks\/grid\";i:6;s:26:\"toolset-blocks\/grid-column\";i:8;s:34:\"toolset-views\/custom-search-filter\";i:9;s:31:\"toolset-views\/view-layout-block\";i:10;s:33:\"toolset-views\/view-template-block\";i:11;s:20:\"toolset-blocks\/field\";i:12;s:21:\"toolset-blocks\/button\";i:13;s:14:\"core\/shortcode\";}s:8:\"uag_flag\";b:0;s:11:\"uag_version\";s:10:\"1778365888\";s:6:\"gfonts\";a:0:{}s:10:\"gfonts_url\";s:0:\"\";s:12:\"gfonts_files\";a:0:{}s:14:\"uag_faq_layout\";b:0;}"],"_uag_css_file_name":["uag-css-96560.css"]},"uagb_featured_image_src":{"full":false,"thumbnail":false,"medium":false,"medium_large":false,"large":false,"1536x1536":false,"2048x2048":false,"gform-image-choice-sm":false,"gform-image-choice-md":false,"gform-image-choice-lg":false,"woocommerce_thumbnail":false,"woocommerce_single":false,"woocommerce_gallery_thumbnail":false},"uagb_author_info":{"display_name":"Amir","author_link":"https:\/\/wpml.org\/pt-br\/author\/amir\/"},"uagb_comment_info":0,"uagb_excerpt":"Al\u00e9m do WPML, tamb\u00e9m mantemos v\u00e1rios projetos relacionados, que permitem que outros tipos de sites sejam multil\u00edngues.","_links":{"self":[{"href":"https:\/\/wpml.org\/pt-br\/wp-json\/wp\/v2\/pages\/96560","targetHints":{"allow":["GET"]}}],"collection":[{"href":"https:\/\/wpml.org\/pt-br\/wp-json\/wp\/v2\/pages"}],"about":[{"href":"https:\/\/wpml.org\/pt-br\/wp-json\/wp\/v2\/types\/page"}],"author":[{"embeddable":true,"href":"https:\/\/wpml.org\/pt-br\/wp-json\/wp\/v2\/users\/2"}],"replies":[{"embeddable":true,"href":"https:\/\/wpml.org\/pt-br\/wp-json\/wp\/v2\/comments?post=96560"}],"version-history":[{"count":7,"href":"https:\/\/wpml.org\/pt-br\/wp-json\/wp\/v2\/pages\/96560\/revisions"}],"predecessor-version":[{"id":15715897,"href":"https:\/\/wpml.org\/pt-br\/wp-json\/wp\/v2\/pages\/96560\/revisions\/15715897"}],"up":[{"embeddable":true,"href":"https:\/\/wpml.org\/pt-br\/wp-json\/wp\/v2\/pages\/96558"}],"wp:attachment":[{"href":"https:\/\/wpml.org\/pt-br\/wp-json\/wp\/v2\/media?parent=96560"}],"wp:term":[{"taxonomy":"related-projects-category","embeddable":true,"href":"https:\/\/wpml.org\/pt-br\/wp-json\/wp\/v2\/related-projects-category?post=96560"}],"curies":[{"name":"wp","href":"https:\/\/api.w.org\/{rel}","templated":true}]}}