{"id":968984,"date":"2016-06-01T14:21:08","date_gmt":"2016-06-01T14:21:08","guid":{"rendered":"https:\/\/wpml.org\/pt-br\/home-2\/comparacao-do-wpml-com-alternativas-gratuitas-e-pagas\/"},"modified":"2025-12-09T09:25:59","modified_gmt":"2025-12-09T09:25:59","slug":"comparacao-do-wpml-com-alternativas-gratuitas-e-pagas","status":"publish","type":"page","link":"https:\/\/wpml.org\/pt-br\/home-2\/comparacao-do-wpml-com-alternativas-gratuitas-e-pagas\/","title":{"rendered":"Comparando o WPML com alternativas gratuitas e pagas"},"content":{"rendered":"\n<div class=\"wp-block-toolset-blocks-container tb-container\" data-toolset-blocks-container=\"3bbe7c5c4bf290180151b2be3af6f689\"><div class=\"tb-container-inner\">\n<div class=\"wp-block-toolset-blocks-grid tb-grid\" data-toolset-blocks-grid=\"45a28227956944f4b2189b2d10c2f3f8\">\n<div class=\"wp-block-toolset-blocks-grid-column tb-grid-column tb-grid-align-top\" data-toolset-blocks-grid-column=\"3034fbe886c11054e95b46b09d3e4112\">\n<p class=\"tb-heading\" data-toolset-blocks-heading=\"520fcf3802b9a6a3a60de7770e574333\" data-last-update=\"1.4\"><strong>Compare seus custos<\/strong> para cada plugin multil\u00edngue importante do WordPress com base nos recursos de que voc\u00ea precisa.<\/p>\n<\/div>\n\n\n\n<div class=\"wp-block-toolset-blocks-grid-column tb-grid-column tb-grid-align-top\" data-toolset-blocks-grid-column=\"3034fbe886c11054e95b46b09d3e4112\">\n<p class=\"tb-heading\" data-toolset-blocks-heading=\"28e0e933681b2060daf347d58549c7a3\" data-last-update=\"1.4\">Veja como o WPML se compara aos concorrentes. Escolha suas op\u00e7\u00f5es abaixo para ver o custo de tradu\u00e7\u00e3o do seu site usando cada plugin de tradu\u00e7\u00e3o popular do WordPress. <\/p>\n<\/div>\n<\/div>\n<\/div><\/div>\n<div class=\"wpml-compare-calculator\">\n                        <div class=\"wpml-compare-calculator__grid\">\n                            <div class=\"wpml-compare-calculator__grid-sidebar\">\n                                <button class=\"wpml-compare-calculator__grid-sidebar-toggle\"><i class=\"wpml-ico-funnel\"><\/i> Filtrar<\/button>\n                                <div class=\"wpml-compare-calculator__grid-sidebar-wrapper\">\n                                    <div class=\"wpml-compare-calculator__grid-sidebar-head\">\n                                        <a href=\"#\"><i class=\"wpml-ico-close\"><\/i><\/a>\n                                        <a href=\"#\">Aplicar<\/a>\n                                    <\/div>\n                                    <div class=\"wpml-compare-calculator__grid-sidebar-item\">\n                                        <div class=\"form-group form-group__slider\">\n                                            <label for=\"fLanguages\">Para quantos idiomas voc\u00ea quer traduzir seu site (n\u00e3o incluindo seu idioma padr\u00e3o)?<\/label>\n                                            <input type=\"number\" class=\"form-control\" id=\"fLanguages\" value=\"2\" min=\"0\" max=\"10\" readonly>\n                                            <div class=\"form-group__range\">\n                                                <div class=\"form-group__range-track\"><\/div>\n                                                <input type=\"range\" class=\"form-control-range\" id=\"fLanguagesRange\" value=\"0\" min=\"0\" max=\"3\" step=\"1\">\n                                            <\/div>\n                                        <\/div>\n                                    <\/div>\n                                    <div class=\"wpml-compare-calculator__grid-sidebar-item\">\n                                        <div class=\"form-group form-group__slider\">\n                                            <label for=\"fSites\">Quantos sites voc\u00ea quer traduzir?<\/label>\n                                            <input type=\"number\" class=\"form-control\" id=\"fSites\" value=\"1\" min=\"0\" max=\"25\" readonly>\n                                            <div class=\"form-group__range\">\n                                                <div class=\"form-group__range-track\"><\/div>\n                                                <input type=\"range\" class=\"form-control-range\" id=\"fSitesRange\" value=\"0\" min=\"0\" max=\"3\" step=\"1\">\n                                            <\/div>\n                                        <\/div>\n                                    <\/div>\n                                <\/div>\n                            <\/div>\n                            <div class=\"wpml-compare-calculator__grid-content\">\n                                <div class=\"wpml-compare-calculator__grid-content__table\">\n                                    <div class=\"wcc-table__logo\"><\/div>\n                                    <div class=\"wcc-table__logo wcc-table__logo-polylang\">Polylang<\/div>\n                                    <div class=\"wcc-table__logo wcc-table__logo-translatepress\">TranslatePress<\/div>\n                                    <div class=\"wcc-table__logo wcc-table__logo-weglot\">Weglot<\/div>\n                                    <div class=\"wcc-table__logo wcc-table__logo-gtranslate\">GTranslate<\/div>\n                                    <div class=\"wcc-table__logo wcc-table__logo-wpml\">WPML<\/div>\n                                    \n                                    <div class=\"wcc-table__label\">Pre\u00e7o para o primeiro ano <i class=\"wpml-ico-info-o\" data-toggle=\"tooltip\" title=\"O pre\u00e7o inicial de compra baseado nas op\u00e7\u00f5es escolhidas\"><\/i><\/div>\n                                    <div class=\"wcc-table__item text-blue\" data-id=\"polylang\" data-content=\"pricing\">$89<\/div>\n                                    <div class=\"wcc-table__item text-blue\" data-id=\"translatePress\" data-content=\"pricing\">$159<\/div>\n                                    <div class=\"wcc-table__item text-blue\" data-id=\"weglot\" data-content=\"pricing\">$1,990<\/div>\n                                    <div class=\"wcc-table__item text-blue\" data-id=\"gTranslate\" data-content=\"pricing\">$299<\/div>\n                                    <div class=\"wcc-table__item text-blue\" data-id=\"wpml\" data-content=\"pricing\">&euro;99<\/div>\n                                    \n                                    <div class=\"wcc-table__label\">Tradu\u00e7\u00e3o no backend <i class=\"wpml-ico-info-o\" data-toggle=\"tooltip\" title=\"Voc\u00ea pode traduzir o conte\u00fado do site no backend, sem ter que esperar que os visitantes o vejam primeiro no front-end. Plugins que permitem apenas tradu\u00e7\u00e3o no front-end fazem a tradu\u00e7\u00e3o parecer f\u00e1cil, mas dependem de algu\u00e9m visualizar o conte\u00fado antes que esteja dispon\u00edvel para tradu\u00e7\u00e3o.\"><\/i><\/div>\n                                    <div class=\"wcc-table__item wcc-table__item-check\" data-id=\"polylang\" data-content=\"backendTranslation\"><\/div>\n                                    <div class=\"wcc-table__item wcc-table__item-check\" data-id=\"translatePress\" data-content=\"backendTranslation\"><\/div>\n                                    <div class=\"wcc-table__item wcc-table__item-check\" data-id=\"weglot\" data-content=\"backendTranslation\"><\/div>\n                                    <div class=\"wcc-table__item wcc-table__item-check\" data-id=\"gTranslate\" data-content=\"backendTranslation\"><\/div>\n                                    <div class=\"wcc-table__item wcc-table__item-check\" data-id=\"wpml\" data-content=\"backendTranslation\"><\/div>\n                                    \n                                    <div class=\"wcc-table__label\">Tradu\u00e7\u00e3o autom\u00e1tica usando PTC <i class=\"wpml-ico-info-o\" data-toggle=\"tooltip\" title=\"Traduza seu site instantaneamente com nossa tecnologia propriet\u00e1ria de IA.\"><\/i><\/div>\n                                    <div class=\"wcc-table__item wcc-table__item-check\" data-id=\"polylang\" data-content=\"wpmlAI\"><\/div>\n                                    <div class=\"wcc-table__item wcc-table__item-check\" data-id=\"translatePress\" data-content=\"wpmlAI\"><\/div>\n                                    <div class=\"wcc-table__item wcc-table__item-check\" data-id=\"weglot\" data-content=\"wpmlAI\"><\/div>\n                                    <div class=\"wcc-table__item wcc-table__item-check\" data-id=\"gTranslate\" data-content=\"wpmlAI\"><\/div>\n                                    <div class=\"wcc-table__item wcc-table__item-check\" data-id=\"wpml\" data-content=\"wpmlAI\"><\/div>\n                                    \n                                    <div class=\"wcc-table__label\">Tradu\u00e7\u00e3o autom\u00e1tica usando Google Translate <i class=\"wpml-ico-info-o\" data-toggle=\"tooltip\" title=\"Traduza seu site instantaneamente, com tecnologia do Google Translate\"><\/i><\/div>\n                                    <div class=\"wcc-table__item wcc-table__item-check\" data-id=\"polylang\" data-content=\"atGoogle\"><\/div>\n                                    <div class=\"wcc-table__item wcc-table__item-check\" data-id=\"translatePress\" data-content=\"atGoogle\"><\/div>\n                                    <div class=\"wcc-table__item wcc-table__item-check\" data-id=\"weglot\" data-content=\"atGoogle\"><\/div>\n                                    <div class=\"wcc-table__item wcc-table__item-check\" data-id=\"gTranslate\" data-content=\"atGoogle\"><\/div>\n                                    <div class=\"wcc-table__item wcc-table__item-check\" data-id=\"wpml\" data-content=\"atGoogle\"><\/div>\n                                    \n                                    \n                                    <div class=\"wcc-table__label\">Tradu\u00e7\u00e3o autom\u00e1tica usando DeepL <i class=\"wpml-ico-info-o\" data-toggle=\"tooltip\" title=\"Traduza seu site instantaneamente, com tecnologia do DeepL\"><\/i><\/div>\n                                    <div class=\"wcc-table__item wcc-table__item-check\" data-id=\"polylang\" data-content=\"atDeepl\"><\/div>\n                                    <div class=\"wcc-table__item wcc-table__item-check\" data-id=\"translatePress\" data-content=\"atDeepl\"><\/div>\n                                    <div class=\"wcc-table__item wcc-table__item-check\" data-id=\"weglot\" data-content=\"atDeepl\"><\/div>\n                                    <div class=\"wcc-table__item wcc-table__item-check\" data-id=\"gTranslate\" data-content=\"atDeepl\"><\/div>\n                                    <div class=\"wcc-table__item wcc-table__item-check\" data-id=\"wpml\" data-content=\"atDeepl\"><\/div>\n                                    \n                                    <div class=\"wcc-table__label\">SEO multil\u00edngue <i class=\"wpml-ico-info-o\" data-toggle=\"tooltip\" title=\"Traduza todos os metadados de posts e adicione atributos hreflang a cada p\u00e1gina\"><\/i><\/div>\n                                    <div class=\"wcc-table__item wcc-table__item-check\" data-id=\"polylang\" data-content=\"multilingualSeo\"><i class=\"wpml-ico wpml-ico-check-circle\"><\/i><\/div>\n                                    <div class=\"wcc-table__item wcc-table__item-check\" data-id=\"translatePress\" data-content=\"multilingualSeo\"><i class=\"wpml-ico wpml-ico-check-circle\"><\/i><\/div>\n                                    <div class=\"wcc-table__item wcc-table__item-check\" data-id=\"weglot\" data-content=\"multilingualSeo\"><i class=\"wpml-ico wpml-ico-check-circle\"><\/i><\/div>\n                                    <div class=\"wcc-table__item wcc-table__item-check\" data-id=\"gTranslate\" data-content=\"multilingualSeo\"><i class=\"wpml-ico wpml-ico-check-circle\"><\/i><\/div>\n                                    <div class=\"wcc-table__item wcc-table__item-check\" data-id=\"wpml\" data-content=\"multilingualSeo\"><i class=\"wpml-ico wpml-ico-check-circle\"><\/i><\/div>\n                                    \n                                    <div class=\"wcc-table__label\">Traduzir slugs de URL <i class=\"wpml-ico-info-o\" data-toggle=\"tooltip\" title=\"Tenha controle total sobre slugs para todos os tipos de conte\u00fado\"><\/i><\/div>\n                                    <div class=\"wcc-table__item wcc-table__item-check\" data-id=\"polylang\" data-content=\"translateUrlSlugs\"><i class=\"wpml-ico wpml-ico-check-circle\"><\/i><\/div>\n                                    <div class=\"wcc-table__item wcc-table__item-check\" data-id=\"translatePress\" data-content=\"translateUrlSlugs\"><i class=\"wpml-ico wpml-ico-check-circle\"><\/i><\/div>\n                                    <div class=\"wcc-table__item wcc-table__item-check\" data-id=\"weglot\" data-content=\"translateUrlSlugs\"><i class=\"wpml-ico wpml-ico-check-circle\"><\/i><\/div>\n                                    <div class=\"wcc-table__item wcc-table__item-check\" data-id=\"gTranslate\" data-content=\"translateUrlSlugs\"><i class=\"wpml-ico wpml-ico-check-circle\"><\/i><\/div>\n                                    <div class=\"wcc-table__item wcc-table__item-check\" data-id=\"wpml\" data-content=\"translateUrlSlugs\"><i class=\"wpml-ico wpml-ico-check-circle\"><\/i><\/div>\n                                    \n                                    <div class=\"wcc-table__label\">Suporte ao WooCommerce <i class=\"wpml-ico-info-o\" data-toggle=\"tooltip\" title=\"Traduza produtos simples e vari\u00e1veis e mantenha o idioma consistente durante o processo de checkout\"><\/i><\/div>\n                                    <div class=\"wcc-table__item wcc-table__item-check\" data-id=\"polylang\" data-content=\"wooSupport\"><\/div>\n                                    <div class=\"wcc-table__item wcc-table__item-check\" data-id=\"translatePress\" data-content=\"wooSupport\"><\/div>\n                                    <div class=\"wcc-table__item wcc-table__item-check\" data-id=\"weglot\" data-content=\"wooSupport\"><\/div>\n                                    <div class=\"wcc-table__item wcc-table__item-check\" data-id=\"gTranslate\" data-content=\"wooSupport\"><\/div>\n                                    <div class=\"wcc-table__item wcc-table__item-check\" data-id=\"wpml\" data-content=\"wooSupport\"><\/div>\n                                    \n                                    <div class=\"wcc-table__label\">Gerenciamento de tradu\u00e7\u00e3o <i class=\"wpml-ico-info-o\" data-toggle=\"tooltip\" title=\"Configure uma equipe de tradutores, atribua tarefas e verifique o status geral dos tradutores de um site\"><\/i><\/div>\n                                    <div class=\"wcc-table__item wcc-table__item-check\" data-id=\"polylang\" data-content=\"translationManagement\"><\/div>\n                                    <div class=\"wcc-table__item wcc-table__item-check\" data-id=\"translatePress\" data-content=\"translationManagement\"><i class=\"wpml-ico wpml-ico-check-circle\"><\/i><\/div>\n                                    <div class=\"wcc-table__item wcc-table__item-check\" data-id=\"weglot\" data-content=\"translationManagement\"><i class=\"wpml-ico wpml-ico-check-circle\"><\/i><\/div>\n                                    <div class=\"wcc-table__item wcc-table__item-check\" data-id=\"gTranslate\" data-content=\"translationManagement\"><i class=\"wpml-ico wpml-ico-check-circle\"><\/i><\/div>\n                                    <div class=\"wcc-table__item wcc-table__item-check\" data-id=\"wpml\" data-content=\"translationManagement\"><i class=\"wpml-ico wpml-ico-check-circle\"><\/i><\/div> \n                                    \n                                    <div class=\"wcc-table__label\">N\u00famero de servi\u00e7os de tradu\u00e7\u00e3o integrados <i class=\"wpml-ico-info-o\" data-toggle=\"tooltip\" title=\"Servi\u00e7os de tradu\u00e7\u00e3o profissional oferecendo tradu\u00e7\u00f5es de alta qualidade que funcionam com cada plugin\"><\/i><\/div>\n                                    <div class=\"wcc-table__item\" data-id=\"polylang\" data-content=\"noTs\"><span>1<\/span><\/div>\n                                    <div class=\"wcc-table__item\" data-id=\"translatePress\" data-content=\"noTs\"><span>2<\/span><\/div>\n                                    <div class=\"wcc-table__item\" data-id=\"weglot\" data-content=\"noTs\"><span>1<\/span><\/div>\n                                    <div class=\"wcc-table__item\" data-id=\"gTranslate\" data-content=\"noTs\"><span><\/span><\/div>\n                                    <div class=\"wcc-table__item\" data-id=\"wpml\" data-content=\"noTs\"><span>70<\/span><\/div>\n                                    \n                                    <div class=\"wcc-table__label\">Seja dono das suas tradu\u00e7\u00f5es <i class=\"wpml-ico-info-o\" data-toggle=\"tooltip\" title=\"Armazena suas tradu\u00e7\u00f5es em seu pr\u00f3prio banco de dados para que voc\u00ea n\u00e3o precise continuar pagando para exibir as tradu\u00e7\u00f5es em seu site.\"><\/i><\/div>\n                                    <div class=\"wcc-table__item\" data-id=\"polylang\" data-content=\"ownTranslations\"><i class=\"wpml-ico wpml-ico-check-circle\"><\/i><\/div>\n                                    <div class=\"wcc-table__item\" data-id=\"translatePress\" data-content=\"ownTranslations\"><i class=\"wpml-ico wpml-ico-check-circle\"><\/i><\/div>\n                                    <div class=\"wcc-table__item\" data-id=\"weglot\" data-content=\"ownTranslations\"><\/div>\n                                    <div class=\"wcc-table__item\" data-id=\"gTranslate\" data-content=\"ownTranslations\"><\/div>\n                                    <div class=\"wcc-table__item\" data-id=\"wpml\" data-content=\"ownTranslations\"><i class=\"wpml-ico wpml-ico-check-circle\"><\/i><\/div>\n                                    \n                                    <div class=\"wcc-table__label\">Traduzir emails enviados do admin do WordPress <i class=\"wpml-ico-info-o\" data-toggle=\"tooltip\" title=\"Traduza emails e outros textos que n\u00e3o aparecem em nenhuma p\u00e1gina\"><\/i><\/div>\n                                    <div class=\"wcc-table__item\" data-id=\"polylang\" data-content=\"translateEmails\"><i class=\"wpml-ico wpml-ico-check-circle\"><\/i><\/div>\n                                    <div class=\"wcc-table__item\" data-id=\"translatePress\" data-content=\"translateEmails\"><i class=\"wpml-ico wpml-ico-check-circle\"><\/i><\/div>\n                                    <div class=\"wcc-table__item\" data-id=\"weglot\" data-content=\"translateEmails\"><\/div>\n                                    <div class=\"wcc-table__item\" data-id=\"gTranslate\" data-content=\"translateEmails\"><i class=\"wpml-ico wpml-ico-check-circle\"><\/i><\/div>\n                                    <div class=\"wcc-table__item\" data-id=\"wpml\" data-content=\"translateEmails\"><i class=\"wpml-ico wpml-ico-check-circle\"><\/i><\/div>\n\n                                <\/div>\n                            <\/div>\n                        <\/div>\n\n<div class=\"wp-block-toolset-blocks-grid tb-grid\" data-toolset-blocks-grid=\"3e5c71a1ca979719795a70892bd7f7c9\">\n<div class=\"wp-block-toolset-blocks-grid-column tb-grid-column tb-grid-align-top\" data-toolset-blocks-grid-column=\"3034fbe886c11054e95b46b09d3e4112\"><\/div>\n\n\n\n<div class=\"wp-block-toolset-blocks-grid-column tb-grid-column tb-grid-align-top\" data-toolset-blocks-grid-column=\"3034fbe886c11054e95b46b09d3e4112\">\n<p class=\"tb-heading\" data-toolset-blocks-heading=\"82e1505a6ddda3ffe9a06b813997e3d2\" data-last-update=\"1.4\">* Sites de neg\u00f3cios t\u00eam cerca de <strong>20<\/strong> p\u00e1ginas com <strong>500<\/strong> palavras em cada. Sites de e-commerce t\u00eam <g id=\"gid_2\">100<\/g> produtos com <g id=\"gid_3\">300<\/g> palavras cada. Use nossa <a href=\"https:\/\/wpml.org\/pt-br\/documentacao\/traducao-automatica-de-conteudos-wordpress-com-o-wpml\/preco-da-traducao-automatica\/#how-automatic-translation-works\">Calculadora de pre\u00e7os de tradu\u00e7\u00e3o autom\u00e1tica<\/a> para estimativas mais precisas.  <\/p>\n<\/div>\n<\/div>\n\n<div class=\"wp-block-toolset-blocks-container tb-container\" data-toolset-blocks-container=\"fa3170e0556695f46bd70cc1519740ee\">\n<h2 class=\"tb-heading has-text-color\" data-toolset-blocks-heading=\"49ecf4a0b0ca049343fa6c4e0da0e828\" data-last-update=\"1.4\">Pronto para come\u00e7ar?<\/h2>\n\n\n\n<div class=\"tb-button\" data-toolset-blocks-button=\"03db6d49ef48e705b695c1d44a2d025f\"><a class=\"tb-button__link\" href=\"https:\/\/wpml.org\/purchase\/\"><span class=\"tb-button__content\">Compre o WPML<\/span><i class=\"tb-button__icon\"><\/i><\/a><\/div>\n\n\n\n<p class=\"tb-heading has-text-color\" data-toolset-blocks-heading=\"5f94c2f3865b84670a4dea86398a2867\" data-last-update=\"1.4\">Voc\u00ea precisa de mais ajuda?  <a href=\"https:\/\/wpml.org\/pt-br\/purchase\/perguntas-pre-venda\/\" target=\"_blank\" rel=\"noreferrer noopener\">Fa\u00e7a uma pergunta<\/a><\/p>\n<\/div>\n","protected":false},"excerpt":{"rendered":"","protected":false},"author":204756,"featured_media":0,"parent":95673,"menu_order":87,"comment_status":"closed","ping_status":"closed","template":"template-full-header-with-wrapper.php","meta":{"_bbp_topic_count":0,"_bbp_reply_count":0,"_bbp_total_topic_count":0,"_bbp_total_reply_count":0,"_bbp_voice_count":0,"_bbp_anonymous_reply_count":0,"_bbp_topic_count_hidden":0,"_bbp_reply_count_hidden":0,"_bbp_forum_subforum_count":0,"_uag_custom_page_level_css":"","ep_exclude_from_search":false,"footnotes":""},"related-projects-category":[],"class_list":["post-968984","page","type-page","status-publish","hentry"],"spectra_custom_meta":{"ratings_users":["0"],"ratings_score":["0"],"ratings_average":["0"],"_alp_processed":["1765272359"],"_wp_page_template":["template-full-header-with-wrapper.php"],"_edit_lock":["1539685370:228164"],"_yoast_wpseo_content_score":["30"],"_edit_last":["228164"],"inline_featured_image":["0"],"_yoast_wpseo_primary_documentation-category":[""],"_views_template":["0"],"_subscription_coupon_product_id":["0"],"_wpml_media_duplicate":["0"],"_wpml_media_featured":["1"],"_last_translation_edit_mode":["translation-editor"],"wpcf-price-increase-show-from":[""],"wpcf-price-increase-show-till":[""],"_oembed_809539948dec7d9364864e7814a4a558":["<iframe title=\"How we translate wpml.org\" width=\"700\" height=\"394\" src=\"https:\/\/www.youtube.com\/embed\/FxScQ-bkOXo?feature=oembed&enablejsapi=1&origin=https:\/\/wpml.org\" frameborder=\"0\" allow=\"accelerometer; autoplay; clipboard-write; encrypted-media; gyroscope; picture-in-picture\" allowfullscreen><\/iframe>"],"_oembed_time_809539948dec7d9364864e7814a4a558":["1655740102"],"_oembed_6eeaaf76264d07834a5024ecc691d2d0":["<iframe title=\"Media Translation for WPML 4.0\" width=\"525\" height=\"394\" src=\"https:\/\/www.youtube.com\/embed\/8kvqMTy3r2g?feature=oembed&enablejsapi=1&origin=https:\/\/wpml.org\" frameborder=\"0\" allow=\"accelerometer; autoplay; clipboard-write; encrypted-media; gyroscope; picture-in-picture\" allowfullscreen><\/iframe>"],"_oembed_time_6eeaaf76264d07834a5024ecc691d2d0":["1655740102"],"_oembed_8b192c37df925cacb831b3922e69595d":["<iframe title=\"Using WPML To Translate Pages Built With Fusion Builder (Avada Theme)\" width=\"700\" height=\"394\" src=\"https:\/\/www.youtube.com\/embed\/_bNqjjBPdGA?feature=oembed&enablejsapi=1&origin=https:\/\/wpml.org\" frameborder=\"0\" allow=\"accelerometer; autoplay; clipboard-write; encrypted-media; gyroscope; picture-in-picture\" allowfullscreen><\/iframe>"],"_oembed_time_8b192c37df925cacb831b3922e69595d":["1655740102"],"toolset_post_editor_mode":["block"],"wpcf-unformatted-code":["body.page-template {\r\n    background: #fff; \r\n}"],"_oembed_bbf56b1d4c25ce11481afba39f176f85":["<iframe title=\"Using WPML to translate content created with page builders\" width=\"700\" height=\"394\" src=\"https:\/\/www.youtube.com\/embed\/MSqNzrdPMkE?feature=oembed&enablejsapi=1&origin=https:\/\/wpml.org\" frameborder=\"0\" allow=\"accelerometer; autoplay; clipboard-write; encrypted-media; gyroscope; picture-in-picture\" allowfullscreen><\/iframe>"],"_oembed_time_bbf56b1d4c25ce11481afba39f176f85":["1670161520"],"wpcf-price-increase-content":[""],"wpcf-login-box-title":[""],"wpcf-page-content":[""],"_yoast_wpseo_primary_related-projects-category":[""],"_yoast_wpseo_title":["Comparando o WPML com alternativas gratuitas e pagas"],"_yoast_wpseo_metadesc":["Compare diferentes plugins multil\u00edngues do WordPress, veja o que cada um oferece e quanto cada um cobra pelo suporte."],"_wpml_word_count":["107"],"_uag_css_file_name":["uag-css-968984.css"],"_uag_page_assets":["a:9:{s:3:\"css\";s:260:\".uag-blocks-common-selector{z-index:var(--z-index-desktop) !important}@media(max-width: 976px){.uag-blocks-common-selector{z-index:var(--z-index-tablet) !important}}@media(max-width: 767px){.uag-blocks-common-selector{z-index:var(--z-index-mobile) !important}}\";s:2:\"js\";s:0:\"\";s:18:\"current_block_list\";a:6:{i:0;s:24:\"toolset-blocks\/container\";i:1;s:19:\"toolset-blocks\/grid\";i:2;s:26:\"toolset-blocks\/grid-column\";i:3;s:22:\"toolset-blocks\/heading\";i:4;s:14:\"core\/shortcode\";i:5;s:21:\"toolset-blocks\/button\";}s:8:\"uag_flag\";b:0;s:11:\"uag_version\";s:10:\"1778625064\";s:6:\"gfonts\";a:0:{}s:10:\"gfonts_url\";s:0:\"\";s:12:\"gfonts_files\";a:0:{}s:14:\"uag_faq_layout\";b:0;}"]},"uagb_featured_image_src":{"full":false,"thumbnail":false,"medium":false,"medium_large":false,"large":false,"1536x1536":false,"2048x2048":false,"gform-image-choice-sm":false,"gform-image-choice-md":false,"gform-image-choice-lg":false,"woocommerce_thumbnail":false,"woocommerce_single":false,"woocommerce_gallery_thumbnail":false},"uagb_author_info":{"display_name":"Julia Kovaleva","author_link":"https:\/\/wpml.org\/pt-br\/author\/julia-k\/"},"uagb_comment_info":0,"uagb_excerpt":null,"_links":{"self":[{"href":"https:\/\/wpml.org\/pt-br\/wp-json\/wp\/v2\/pages\/968984","targetHints":{"allow":["GET"]}}],"collection":[{"href":"https:\/\/wpml.org\/pt-br\/wp-json\/wp\/v2\/pages"}],"about":[{"href":"https:\/\/wpml.org\/pt-br\/wp-json\/wp\/v2\/types\/page"}],"author":[{"embeddable":true,"href":"https:\/\/wpml.org\/pt-br\/wp-json\/wp\/v2\/users\/204756"}],"replies":[{"embeddable":true,"href":"https:\/\/wpml.org\/pt-br\/wp-json\/wp\/v2\/comments?post=968984"}],"version-history":[{"count":11,"href":"https:\/\/wpml.org\/pt-br\/wp-json\/wp\/v2\/pages\/968984\/revisions"}],"predecessor-version":[{"id":17646304,"href":"https:\/\/wpml.org\/pt-br\/wp-json\/wp\/v2\/pages\/968984\/revisions\/17646304"}],"up":[{"embeddable":true,"href":"https:\/\/wpml.org\/pt-br\/wp-json\/wp\/v2\/pages\/95673"}],"wp:attachment":[{"href":"https:\/\/wpml.org\/pt-br\/wp-json\/wp\/v2\/media?parent=968984"}],"wp:term":[{"taxonomy":"related-projects-category","embeddable":true,"href":"https:\/\/wpml.org\/pt-br\/wp-json\/wp\/v2\/related-projects-category?post=968984"}],"curies":[{"name":"wp","href":"https:\/\/api.w.org\/{rel}","templated":true}]}}