{"id":98390,"date":"2009-04-02T18:30:12","date_gmt":"2009-04-02T18:30:12","guid":{"rendered":"http:\/\/wpml.org\/home-2\/requisitos-minimos\/"},"modified":"2026-04-24T08:29:33","modified_gmt":"2026-04-24T08:29:33","slug":"requisitos-minimos","status":"publish","type":"page","link":"https:\/\/wpml.org\/pt-br\/home-2\/requisitos-minimos\/","title":{"rendered":"Requisitos m\u00ednimos do WPML"},"content":{"rendered":"\n<p class=\"lead\">Garanta que seu site funcione perfeitamente com o WPML atendendo a estes requisitos m\u00ednimos simples.<\/p>\n\n<h2 class=\"wp-block-heading\">Requisito cr\u00edtico: Mem\u00f3ria do WordPress<\/h2>\n\n<figure class=\"wp-block-table\"><table class=\"has-fixed-layout\"><tbody><tr><td class=\"has-text-align-center\" data-align=\"center\"><strong>Limite M\u00ednimo de Mem\u00f3ria<\/strong><\/td><td class=\"has-text-align-center\" data-align=\"center\"><strong>Limite Recomendado de Mem\u00f3ria<\/strong><\/td><\/tr><tr><td class=\"has-text-align-center\" data-align=\"center\">128MB<\/td><td class=\"has-text-align-center\" data-align=\"center\">256MB<\/td><\/tr><\/tbody><\/table><\/figure>\n\n<div class=\"wp-block-toolset-blocks-container tb-container\" data-toolset-blocks-container=\"8e3e01a3a504ebe6cb0759ef96e18a6d\">\n<p>Certifique-se de verificar os limites de PHP e mem\u00f3ria do WordPress antes de instalar o WPML. Mem\u00f3ria insuficiente pode causar problemas graves como: <\/p>\n\n\n\n<ul class=\"wp-block-list\">\n<li>Quedas do site<\/li>\n\n\n\n<li>Problemas de sincroniza\u00e7\u00e3o de menus<\/li>\n\n\n\n<li>Incapacidade de concluir tradu\u00e7\u00f5es no Editor de tradu\u00e7\u00e3o avan\u00e7ado<\/li>\n<\/ul>\n<\/div>\n\n<p>V\u00ea como <a href=\"https:\/\/developer.wordpress.org\/advanced-administration\/wordpress\/wp-config\/#increasing-memory-allocated-to-php\" target=\"_blank\" rel=\"noreferrer noopener\">aumentar a mem\u00f3ria do WordPress<\/a>.<\/p>\n\n<h2 class=\"wp-block-heading\">Requisitos de vers\u00e3o do sistema<\/h2>\n\n<ul class=\"wp-block-list\">\n<li>WordPress 4.7 ou superior<\/li>\n\n\n\n<li>PHP 7.4 &#8211; 8.3<\/li>\n\n\n\n<li>MySQL 5.6 ou superior. Ou, MariaDB 10.1 ou superior \n<ul class=\"wp-block-list\">\n<li>Use o conjunto de caracteres utf8mb4 e uma collation compat\u00edvel com Unicode. Saiba mais sobre <a href=\"https:\/\/wpml.org\/home\/minimum-requirements\/collation-and-charset\/\">a collation e charset recomendados pelo WPML<\/a>. <\/li>\n<\/ul>\n<\/li>\n<\/ul>\n\n<h2 class=\"wp-block-heading\">Requisitos Adicionais<\/h2>\n\n<p>Para que o WPML funcione adequadamente, habilite o seguinte:<\/p>\n\n<ul class=\"wp-block-list\">\n<li><a href=\"https:\/\/wpml.org\/documentation\/support\/rest-api-dependencies\/\">API REST do WordPress<\/a> para WPML<\/li>\n\n\n\n<li>Capacidade de criar tabelas na tua base de dados<\/li>\n\n\n\n<li><a href=\"http:\/\/php.net\/manual\/en\/book.mbstring.php\" target=\"_blank\" rel=\"noopener noreferrer\">Extens\u00e3o Multibyte String<\/a><\/li>\n\n\n\n<li><a href=\"http:\/\/php.net\/manual\/en\/book.simplexml.php\" target=\"_blank\" rel=\"noopener noreferrer\">Extens\u00e3o SimpleXML<\/a> para usar <a href=\"https:\/\/wpml.org\/documentation\/translating-your-contents\/using-desktop-cat-tools\/\">arquivos XLIFF<\/a> no WPML<\/li>\n\n\n\n<li>A fun\u00e7\u00e3o PHP <code>eval()<\/code><strong> <\/strong><\/li>\n\n\n\n<li>O m\u00f3dulo PHP <code>libxml<\/code> 2.7.8 ou superior.<\/li>\n<\/ul>\n\n<div class=\"wp-block-toolset-blocks-container tb-container\" data-toolset-blocks-container=\"c1f904918387fdcd13f37d48e05bbe4a\">\n<div id=\"FAQ\" class=\"wp-block-toolset-blocks-container tb-container\" data-toolset-blocks-container=\"b85bbea7fba27be991aa0c24c63aa6ba\">\n<h2 class=\"wp-block-heading\">Verificando Requisitos Espec\u00edficos<\/h2>\n\n\n\n<div class=\"wp-block-toolset-blocks-container tb-container\" data-toolset-blocks-container=\"b58d71c6b23adcf044605babd02164c4\">\n<div class=\"tb-fields-and-text\" data-toolset-blocks-fields-and-text=\"da3b7950306720c29addcb55ec6222b7\"><p><a class=\"anchorlink btn btn-primary no-underline\" role=\"button\" href=\"#other-requirements\" data-toggle=\"collapse\" aria-expanded=\"false\" aria-controls=\"collapseExample\" style=\"color: #373737; font-weight: bold;\">Como posso verificar meu limite de mem\u00f3ria, tamanho da pilha (stack size), vers\u00e3o do WordPress e outros requisitos?<\/a><\/p><\/div>\n\n\n\n<div id=\"other-requirements\" class=\"wp-block-toolset-blocks-container tb-container collapse\" data-toolset-blocks-container=\"98af0b643138d9b1faeb3a947730f86f\">\n<div class=\"wp-block-toolset-blocks-container tb-container card-body card\" data-toolset-blocks-container=\"64967a84567eef912b20c4f89304de4e\">\n<p class=\"tb-heading\" data-toolset-blocks-heading=\"8421bda8b50dfb8caa6445075e894f0b\" data-last-update=\"1.4\">Podes verificar v\u00e1rios requisitos diretamente do WordPress.<\/p>\n\n\n\n<p class=\"tb-heading\" data-toolset-blocks-heading=\"8421bda8b50dfb8caa6445075e894f0b\" data-last-update=\"1.4\">Inicia sess\u00e3o no teu painel de administra\u00e7\u00e3o do WordPress, vai para <strong>Ferramentas \u2192 Estado do Site,<\/strong> e clica no separador <strong>Informa\u00e7\u00f5es<\/strong>. Desce e expande as diferentes sec\u00e7\u00f5es para encontrar informa\u00e7\u00f5es sobre a mem\u00f3ria ou vers\u00e3o do PHP, a tua vers\u00e3o do WordPress e muito mais. <\/p>\n\n\n\n<p class=\"tb-heading\" data-toolset-blocks-heading=\"8421bda8b50dfb8caa6445075e894f0b\" data-last-update=\"1.4\">Para verificar o tamanho da pilha dispon\u00edvel e outras informa\u00e7\u00f5es do PHP (como uso e limites de mem\u00f3ria), acesse <strong>WPML \u2192 Suporte<\/strong>. <\/p>\n<\/div>\n<\/div>\n<\/div>\n\n\n\n<div class=\"wp-block-toolset-blocks-container tb-container\" data-toolset-blocks-container=\"2f09509b4fbf47d0b7f274ce6b56eff3\">\n<div id=\"calculate-your-cost-lnk\" class=\"tb-fields-and-text\" data-toolset-blocks-fields-and-text=\"a81bc486b5f2bcfbdb7651888eececa7\"><p><a class=\"anchorlink btn btn-primary no-underline\" role=\"button\" href=\"#permalinks\" data-toggle=\"collapse\" aria-expanded=\"false\" aria-controls=\"collapseExample\" style=\"color: #373737; font-weight: bold;\">Que estrutura de permalink devo ter?<\/a><\/p><\/div>\n\n\n\n<div id=\"permalinks\" class=\"wp-block-toolset-blocks-container tb-container collapse\" data-toolset-blocks-container=\"a8b293a5fc7d5497bbecea796ba236da\">\n<div class=\"wp-block-toolset-blocks-container tb-container card-body card\" data-toolset-blocks-container=\"4709f8ae6b8c27d262b7a97685dda302\">\n<p class=\"tb-heading\" data-toolset-blocks-heading=\"8421bda8b50dfb8caa6445075e894f0b\" data-last-update=\"1.4\">O WPML adiciona informa\u00e7\u00f5es de idioma \u00e0s URLs. Foi testado com as seguintes estruturas de permalink: <\/p>\n\n\n\n<ul class=\"wp-block-list\">\n<li>O padr\u00e3o<\/li>\n\n\n\n<li>\/%year%\/%monthnum%\/%postname%\/<\/li>\n<\/ul>\n\n\n\n<p class=\"tb-heading\" data-toolset-blocks-heading=\"8421bda8b50dfb8caa6445075e894f0b\" data-last-update=\"1.4\"><strong>Explica\u00e7\u00e3o:<\/strong><\/p>\n\n\n\n<p class=\"tb-heading\" data-toolset-blocks-heading=\"8421bda8b50dfb8caa6445075e894f0b\" data-last-update=\"1.4\">Outras estruturas de permalink tamb\u00e9m podem funcionar, mas podem causar problemas em diferentes configura\u00e7\u00f5es. Em todos os nossos sites, estamos a usar <strong>\/%year%\/%monthnum%\/%postname%\/<\/strong>. <\/p>\n\n\n\n<p class=\"tb-heading\" data-toolset-blocks-heading=\"8421bda8b50dfb8caa6445075e894f0b\" data-last-update=\"1.4\">Para p\u00e1ginas, obter\u00e1s os mesmos URLs que com <strong>\/%postname%\/<\/strong>. No entanto, com esta estrutura de permalink, n\u00e3o h\u00e1 como o WordPress confundir p\u00e1ginas e publica\u00e7\u00f5es, o que pode desencadear problemas potenciais para a resolu\u00e7\u00e3o de idiomas.  <\/p>\n<\/div>\n<\/div>\n<\/div>\n\n\n\n<div class=\"wp-block-toolset-blocks-container tb-container\" data-toolset-blocks-container=\"6ef63d2603c160319392f5afbc8bd96d\">\n<div id=\"calculate-your-cost-lnk\" class=\"tb-fields-and-text\" data-toolset-blocks-fields-and-text=\"a81bc486b5f2bcfbdb7651888eececa7\"><p><a class=\"anchorlink btn btn-primary no-underline\" role=\"button\" href=\"#eval\" data-toggle=\"collapse\" aria-expanded=\"false\" aria-controls=\"collapseExample\" style=\"color: #373737; font-weight: bold;\">Por que devo habilitar a fun\u00e7\u00e3o eval() do PHP?<\/a><\/p><\/div>\n\n\n\n<div id=\"eval\" class=\"wp-block-toolset-blocks-container tb-container collapse\" data-toolset-blocks-container=\"3783bae51680724b42d26398e79850b6\">\n<div class=\"wp-block-toolset-blocks-container tb-container card-body card\" data-toolset-blocks-container=\"4709f8ae6b8c27d262b7a97685dda302\">\n<p class=\"tb-heading\" data-toolset-blocks-heading=\"8421bda8b50dfb8caa6445075e894f0b\" data-last-update=\"1.4\">O WPML usa o framework <strong>TWIG<\/strong> para sua estrutura e modelos. Isso significa que a fun\u00e7\u00e3o <strong>eval()<\/strong> deve estar habilitada para que o WPML funcione adequadamente. <\/p>\n\n\n\n<p class=\"tb-heading\" data-toolset-blocks-heading=\"8421bda8b50dfb8caa6445075e894f0b\" data-last-update=\"1.4\">Os mecanismos de modelos mais populares, como o <strong>Smarty<\/strong> e o <strong>TWIG<\/strong>, descobriram que \u00e9 mais r\u00e1pido gravar o c\u00f3digo PHP em um arquivo. Dessa forma, pode tirar partido da cache <strong>OPcode<\/strong> e evitar a necessidade de uma constru\u00e7\u00e3o em tempo de execu\u00e7\u00e3o do c\u00f3digo do modelo. <\/p>\n\n\n\n<p class=\"tb-heading\" data-toolset-blocks-heading=\"8421bda8b50dfb8caa6445075e894f0b\" data-last-update=\"1.4\">O <strong>TWIG<\/strong> executa muitas verifica\u00e7\u00f5es e sanitiza\u00e7\u00e3o para evitar poss\u00edveis ataques e \u00e9 seguro para ser usado com o WPML. No entanto, n\u00e3o podemos garantir que outros desenvolvedores fizeram as mesmas verifica\u00e7\u00f5es que fizemos em nosso processo de Garantia de Qualidade. <\/p>\n\n\n\n<p class=\"tb-heading\" data-toolset-blocks-heading=\"8421bda8b50dfb8caa6445075e894f0b\" data-last-update=\"1.4\">Ainda estamos a investigar poss\u00edveis solu\u00e7\u00f5es que n\u00e3o exijam a compila\u00e7\u00e3o de modelos em tempo real e tornariam o uso da fun\u00e7\u00e3o <strong>eval()<\/strong> desnecess\u00e1rio. No entanto, no momento, essa \u00e9 a melhor solu\u00e7\u00e3o. <\/p>\n\n\n\n<p class=\"tb-heading\" data-toolset-blocks-heading=\"8421bda8b50dfb8caa6445075e894f0b\" data-last-update=\"1.4\">Tem em aten\u00e7\u00e3o que, normalmente, a fun\u00e7\u00e3o <strong>eval()<\/strong> n\u00e3o pode ser desativada no PHP, mas algumas extens\u00f5es, como o <strong>Suhosin<\/strong>, podem faz\u00ea-lo. Essas extens\u00f5es podem ser instaladas e configuradas pelo seu provedor de hospedagem. <\/p>\n<\/div>\n<\/div>\n<\/div>\n<\/div>\n<\/div>\n","protected":false},"excerpt":{"rendered":"<p>Garanta que seu site funcione perfeitamente com o WPML atendendo a estes requisitos m\u00ednimos simples. Requisito cr\u00edtico: Mem\u00f3ria do WordPress Limite M\u00ednimo de Mem\u00f3ria Limite Recomendado de Mem\u00f3ria 128MB 256MB V\u00ea como aumentar a mem\u00f3ria do WordPress. Requisitos de vers\u00e3o do sistema Requisitos Adicionais Para que o WPML funcione adequadamente, habilite o seguinte:<\/p>\n","protected":false},"author":1,"featured_media":0,"parent":95673,"menu_order":35,"comment_status":"closed","ping_status":"closed","template":"template-nosidebar-centered.php","meta":{"_bbp_topic_count":0,"_bbp_reply_count":0,"_bbp_total_topic_count":0,"_bbp_total_reply_count":0,"_bbp_voice_count":0,"_bbp_anonymous_reply_count":0,"_bbp_topic_count_hidden":0,"_bbp_reply_count_hidden":0,"_bbp_forum_subforum_count":0,"_uag_custom_page_level_css":"","ep_exclude_from_search":false,"footnotes":""},"related-projects-category":[],"class_list":["post-98390","page","type-page","status-publish","hentry"],"spectra_custom_meta":{"ratings_users":["0"],"ratings_score":["0"],"ratings_average":["0"],"_wp_page_template":["template-nosidebar-centered.php"],"_icl_translation":["1"],"_views_template":["0"],"_edit_lock":["1478267814:76577"],"_edit_last":["76577"],"bbps-topic-tags":["a:0:{}"],"_alp_processed":["1777019373"],"_yoast_wpseo_content_score":["60"],"_wpml_media_featured":["1"],"_subscription_coupon_product_id":["0"],"inline_featured_image":["0"],"_last_translation_edit_mode":["translation-editor"],"_oembed_bbf56b1d4c25ce11481afba39f176f85":["<iframe title=\"Using WPML to translate content created with page builders\" width=\"700\" height=\"394\" src=\"https:\/\/www.youtube.com\/embed\/MSqNzrdPMkE?feature=oembed&enablejsapi=1&origin=https:\/\/wpml.org\" frameborder=\"0\" allow=\"accelerometer; autoplay; clipboard-write; encrypted-media; gyroscope; picture-in-picture\" allowfullscreen><\/iframe>"],"_oembed_time_bbf56b1d4c25ce11481afba39f176f85":["1644891269"],"wpcf-unformatted-code":[""],"wpcf-price-increase-show-from":[""],"wpcf-price-increase-show-till":[""],"_wpml_media_duplicate":["0"],"toolset_post_editor_mode":["block"],"_wpml_word_count":["603"],"_yoast_wpseo_title":["Requisitos m\u00ednimos do WPML"],"_yoast_wpseo_metadesc":["Garanta que seu site funcione perfeitamente com o WPML atendendo a estes requisitos m\u00ednimos simples."],"_uag_css_file_name":["uag-css-98390.css"],"_uag_page_assets":["a:9:{s:3:\"css\";s:260:\".uag-blocks-common-selector{z-index:var(--z-index-desktop) !important}@media(max-width: 976px){.uag-blocks-common-selector{z-index:var(--z-index-tablet) !important}}@media(max-width: 767px){.uag-blocks-common-selector{z-index:var(--z-index-mobile) !important}}\";s:2:\"js\";s:0:\"\";s:18:\"current_block_list\";a:9:{i:0;s:14:\"core\/paragraph\";i:1;s:12:\"core\/heading\";i:2;s:10:\"core\/table\";i:3;s:24:\"toolset-blocks\/container\";i:4;s:9:\"core\/list\";i:5;s:14:\"core\/list-item\";i:7;s:30:\"toolset-blocks\/fields-and-text\";i:10;s:22:\"toolset-blocks\/heading\";i:11;s:14:\"core\/shortcode\";}s:8:\"uag_flag\";b:0;s:11:\"uag_version\";s:10:\"1778765777\";s:6:\"gfonts\";a:0:{}s:10:\"gfonts_url\";s:0:\"\";s:12:\"gfonts_files\";a:0:{}s:14:\"uag_faq_layout\";b:0;}"]},"uagb_featured_image_src":{"full":false,"thumbnail":false,"medium":false,"medium_large":false,"large":false,"1536x1536":false,"2048x2048":false,"gform-image-choice-sm":false,"gform-image-choice-md":false,"gform-image-choice-lg":false,"woocommerce_thumbnail":false,"woocommerce_single":false,"woocommerce_gallery_thumbnail":false},"uagb_author_info":{"display_name":"Amir","author_link":"https:\/\/wpml.org\/pt-br\/author\/admingm\/"},"uagb_comment_info":0,"uagb_excerpt":"Garanta que seu site funcione perfeitamente com o WPML atendendo a estes requisitos m\u00ednimos simples. Requisito cr\u00edtico: Mem\u00f3ria do WordPress Limite M\u00ednimo de Mem\u00f3ria Limite Recomendado de Mem\u00f3ria 128MB 256MB V\u00ea como aumentar a mem\u00f3ria do WordPress. Requisitos de vers\u00e3o do sistema Requisitos Adicionais Para que o WPML funcione adequadamente, habilite o seguinte:","_links":{"self":[{"href":"https:\/\/wpml.org\/pt-br\/wp-json\/wp\/v2\/pages\/98390","targetHints":{"allow":["GET"]}}],"collection":[{"href":"https:\/\/wpml.org\/pt-br\/wp-json\/wp\/v2\/pages"}],"about":[{"href":"https:\/\/wpml.org\/pt-br\/wp-json\/wp\/v2\/types\/page"}],"author":[{"embeddable":true,"href":"https:\/\/wpml.org\/pt-br\/wp-json\/wp\/v2\/users\/1"}],"replies":[{"embeddable":true,"href":"https:\/\/wpml.org\/pt-br\/wp-json\/wp\/v2\/comments?post=98390"}],"version-history":[{"count":9,"href":"https:\/\/wpml.org\/pt-br\/wp-json\/wp\/v2\/pages\/98390\/revisions"}],"predecessor-version":[{"id":17992043,"href":"https:\/\/wpml.org\/pt-br\/wp-json\/wp\/v2\/pages\/98390\/revisions\/17992043"}],"up":[{"embeddable":true,"href":"https:\/\/wpml.org\/pt-br\/wp-json\/wp\/v2\/pages\/95673"}],"wp:attachment":[{"href":"https:\/\/wpml.org\/pt-br\/wp-json\/wp\/v2\/media?parent=98390"}],"wp:term":[{"taxonomy":"related-projects-category","embeddable":true,"href":"https:\/\/wpml.org\/pt-br\/wp-json\/wp\/v2\/related-projects-category?post=98390"}],"curies":[{"name":"wp","href":"https:\/\/api.w.org\/{rel}","templated":true}]}}