{"id":14527667,"date":"2009-03-26T15:45:49","date_gmt":"2009-03-26T15:45:49","guid":{"rendered":"https:\/\/wpml.org\/huong-dan-bat-dau\/"},"modified":"2026-02-26T07:18:01","modified_gmt":"2026-02-26T07:18:01","slug":"huong-dan-bat-dau","status":"publish","type":"page","link":"https:\/\/wpml.org\/vi\/tai-lieu-wpml\/huong-dan-bat-dau\/","title":{"rendered":"H\u01b0\u1edbng d\u1eabn WPML"},"content":{"rendered":"\n<div class=\"wp-block-toolset-blocks-container tb-container\" data-toolset-blocks-container=\"ab822fca4c7f34b8c00ef6eec20a769b\"><div class=\"tb-container-inner\">\n<h1 class=\"tb-heading has-text-color\" data-toolset-blocks-heading=\"44dbfda2d3c6c9c360f8ea3d291947ea\" data-last-update=\"1.4\">H\u01b0\u1edbng d\u1eabn WPML<\/h1>\n\n\n\n<p class=\"tb-heading\" data-toolset-blocks-heading=\"aee7bdd80f9ab98628a9c8a0de89c4a7\" data-last-update=\"1.4\">H\u00e3y theo d\u00f5i h\u01b0\u1edbng d\u1eabn ch\u00ednh th\u1ee9c c\u1ee7a WPML \u0111\u1ec3 h\u1ecdc c\u00e1ch thi\u1ebft l\u1eadp WPML tr\u00ean trang web WordPress c\u1ee7a b\u1ea1n v\u00e0 d\u1ecbch n\u1ed9i dung. <\/p>\n<\/div><\/div>\n\n<div class=\"wp-block-toolset-blocks-container tb-container product-page-content\" data-toolset-blocks-container=\"238ff9eb0cba89de9e261fd422193fcb\"><div class=\"tb-container-inner\">\n<div class=\"wp-block-toolset-blocks-container tb-container\" data-toolset-blocks-container=\"498f90414e7a057504d638492affefec\">\n<div class=\"wp-block-toolset-blocks-grid tb-grid\" data-toolset-blocks-grid=\"74ca71345aca79e8e960012878532f5f\">\n<div class=\"wp-block-toolset-blocks-grid-column tb-grid-column tb-grid-align-top\" data-toolset-blocks-grid-column=\"3034fbe886c11054e95b46b09d3e4112\">\n<div class=\"wp-block-toolset-blocks-container tb-container\" data-toolset-blocks-container=\"05034b83b32243f652783e6d82e807f3\"><\/div>\n<\/div>\n\n\n\n<div class=\"wp-block-toolset-blocks-grid-column tb-grid-column tb-grid-align-center\" data-toolset-blocks-grid-column=\"f586ff7bfe1d7317c63162ec7b7039ed\">\n<h2 class=\"tb-heading has-text-color\" data-toolset-blocks-heading=\"aa24ad856a3f97ef93c6d9aaf19837c8\" data-last-update=\"1.4\">C\u00e0i \u0111\u1eb7t WPML v\u00e0 Th\u00eam ng\u00f4n ng\u1eef<\/h2>\n<\/div>\n<\/div>\n\n\n\n<p>\u0110\u1ea3m b\u1ea3o trang web c\u1ee7a b\u1ea1n \u0111\u00e1p \u1ee9ng <a href=\"https:\/\/wpml.org\/vi\/trang-chu\/yeu-cau-toi-thieu-cua-wpml\/\">c\u00e1c y\u00eau c\u1ea7u t\u1ed1i thi\u1ec3u c\u1ee7a WPML<\/a> v\u00e0 sau \u0111\u00f3 l\u00e0m theo c\u00e1c b\u01b0\u1edbc sau:<\/p>\n\n\n\n<ul class=\"wp-block-list\">\n<li><strong>T\u1ea3i xu\u1ed1ng v\u00e0 c\u00e0i \u0111\u1eb7t OTGS Installer<\/strong> t\u1eeb <a href=\"https:\/\/wpml.org\/vi\/account\/downloads\/\">trang T\u1ea3i xu\u1ed1ng c\u1ee7a WPML<\/a>.<\/li>\n\n\n\n<li>Trong trang qu\u1ea3n tr\u1ecb WordPress c\u1ee7a b\u1ea1n, h\u00e3y \u0111i t\u1edbi <strong>Plugin \u2192 C\u00e0i m\u1edbi<\/strong>, t\u1ea3i l\u00ean v\u00e0 k\u00edch ho\u1ea1t plugin OTGS Installer.<\/li>\n\n\n\n<li>OTGS Installer s\u1ebd h\u01b0\u1edbng d\u1eabn b\u1ea1n th\u1ef1c hi\u1ec7n:\n<ul class=\"wp-block-list\">\n<li>\u0110\u0103ng k\u00fd WPML v\u1edbi kh\u00f3a trang web c\u1ee7a b\u1ea1n.<\/li>\n\n\n\n<li>C\u00e0i \u0111\u1eb7t c\u00e1c <a href=\"https:\/\/wpml.org\/vi\/tai-lieu-wpml\/cac-plugin-bo-sung-va-cot-loi-wpml\/\">th\u00e0nh ph\u1ea7n WPML<\/a> c\u1ea7n thi\u1ebft d\u1ef1a tr\u00ean c\u00e1c plugin b\u1ea1n \u0111ang s\u1eed d\u1ee5ng.<\/li>\n<\/ul>\n<\/li>\n\n\n\n<li>Sau khi c\u00e0i \u0111\u1eb7t, \u0111i \u0111\u1ebfn <strong>WPML<\/strong> v\u00e0 b\u1eaft \u0111\u1ea7u tr\u00ecnh h\u01b0\u1edbng d\u1eabn thi\u1ebft l\u1eadp \u0111\u1ec3:\n<ul class=\"wp-block-list\">\n<li>\u0110\u1eb7t ng\u00f4n ng\u1eef m\u1eb7c \u0111\u1ecbnh.<\/li>\n\n\n\n<li>Th\u00eam c\u00e1c ng\u00f4n ng\u1eef b\u1ea1n mu\u1ed1n trang web c\u1ee7a b\u1ea1n h\u1ed7 tr\u1ee3.<\/li>\n\n\n\n<li>Ch\u1ecdn c\u00e1ch kh\u00e1ch truy c\u1eadp s\u1ebd chuy\u1ec3n \u0111\u1ed5i ng\u00f4n ng\u1eef (th\u00f4ng qua menu, widget ho\u1eb7c b\u1ed9 chuy\u1ec3n \u0111\u1ed5i ch\u00e2n trang).<\/li>\n\n\n\n<li>Thi\u1ebft l\u1eadp d\u1ecbch thu\u1eadt AI v\u00e0 con ng\u01b0\u1eddi.<\/li>\n<\/ul>\n<\/li>\n<\/ul>\n<\/div>\n\n\n\n<div class=\"wp-block-toolset-blocks-container tb-container\" data-toolset-blocks-container=\"87b2739e2cebcc0e63ce9db85124e5af\">\n<div class=\"wp-block-toolset-blocks-grid tb-grid\" data-toolset-blocks-grid=\"74ca71345aca79e8e960012878532f5f\">\n<div class=\"wp-block-toolset-blocks-grid-column tb-grid-column tb-grid-align-top\" data-toolset-blocks-grid-column=\"3034fbe886c11054e95b46b09d3e4112\">\n<div class=\"wp-block-toolset-blocks-container tb-container\" data-toolset-blocks-container=\"dcba0d7b65229121f24d5ee19b08ed2e\"><\/div>\n<\/div>\n\n\n\n<div class=\"wp-block-toolset-blocks-grid-column tb-grid-column tb-grid-align-center\" data-toolset-blocks-grid-column=\"f586ff7bfe1d7317c63162ec7b7039ed\">\n<h2 class=\"tb-heading has-text-color\" data-toolset-blocks-heading=\"aa24ad856a3f97ef93c6d9aaf19837c8\" data-last-update=\"1.4\">D\u1ecbch thu\u1eadt v\u1edbi WPML<\/h2>\n<\/div>\n<\/div>\n\n\n\n<p>Trang web c\u1ee7a b\u1ea1n bao g\u1ed3m <strong>N\u1ed9i dung<\/strong> v\u00e0 <strong>Menu<\/strong>. WPML cho ph\u00e9p b\u1ea1n d\u1ecbch c\u1ea3 hai. <\/p>\n\n\n\n<h3 class=\"wp-block-heading has-dark-gray-color has-text-color has-link-color wp-elements-8f44dd41b62abadbf6cf7dc802acd994\"><strong>D\u1ecbch n\u1ed9i dung<\/strong><\/h3>\n\n\n\n<p><a href=\"https:\/\/wpml.org\/vi\/tai-lieu-wpml\/quan-ly-dich-thuat\/\">B\u1ea3ng \u0111i\u1ec1u khi\u1ec3n D\u1ecbch thu\u1eadt<\/a> c\u1ee7a WPML cho ph\u00e9p b\u1ea1n d\u1ecbch <strong>b\u00e0i vi\u1ebft<\/strong>, <strong>trang<\/strong>, <strong>lo\u1ea1i b\u00e0i vi\u1ebft t\u00f9y ch\u1ec9nh<\/strong>, <strong>ph\u00e2n lo\u1ea1i<\/strong>, <strong>widget<\/strong>, <strong>thanh b\u00ean<\/strong> v\u00e0 <strong>chu\u1ed7i<\/strong>.<\/p>\n\n\n\n<div style=\"height:40px\" aria-hidden=\"true\" class=\"wp-block-spacer\"><\/div>\n\n\n\n<figure class=\"wp-block-embed is-type-video is-provider-youtube wp-block-embed-youtube wp-embed-aspect-16-9 wp-has-aspect-ratio\"><div class=\"wp-block-embed__wrapper\">\n<div class=\"embed-responsive embed-responsive-16by9\"><iframe title=\"WPML Tutorial \u2013 How to Use WPML\" width=\"700\" height=\"394\" src=\"https:\/\/www.youtube.com\/embed\/bPPMBHos07g?feature=oembed\" frameborder=\"0\" allow=\"accelerometer; autoplay; clipboard-write; encrypted-media; gyroscope; picture-in-picture; web-share\" referrerpolicy=\"strict-origin-when-cross-origin\" allowfullscreen><\/iframe><\/div>\n<\/div><\/figure>\n\n\n\n<div style=\"height:40px\" aria-hidden=\"true\" class=\"wp-block-spacer\"><\/div>\n\n\n\n<p>\u0110i \u0111\u1ebfn <strong>WPML<\/strong> \u2192 <strong>Translation Dashboard<\/strong> t\u1eeb menu ch\u00ednh, ho\u1eb7c nh\u1ea5p v\u00e0o n\u00fat <strong>Translation Dashboard<\/strong> trong ph\u1ea7n <strong>Language<\/strong> khi ch\u1ec9nh s\u1eeda n\u1ed9i dung.<\/p>\n\n\n\n<p><strong>B\u1ea3ng \u0111i\u1ec1u khi\u1ec3n D\u1ecbch thu\u1eadt<\/strong> cung c\u1ea5p m\u1ed9t m\u00e0n h\u00ecnh ti\u1ec7n l\u1ee3i \u0111\u1ec3 d\u1ecbch t\u1ea5t c\u1ea3 n\u1ed9i dung. Kh\u00f4ng c\u1ea7n ph\u1ea3i truy c\u1eadp c\u00e1c ph\u1ea7n kh\u00e1c nhau c\u1ee7a qu\u1ea3n tr\u1ecb cho t\u1eebng ph\u1ea7n t\u1eed. B\u1ea1n c\u00f3 th\u1ec3 g\u1eedi m\u1ecdi th\u1ee9 b\u1ea1n mu\u1ed1n d\u1ecbch trong m\u1ed9t l\u1ea7n, gi\u1ea3m s\u1ed1 l\u1ea7n nh\u1ea5p v\u00e0 ti\u1ebft ki\u1ec7m th\u1eddi gian.  <\/p>\n\n\n\n<p>N\u00f3 h\u1ed7 tr\u1ee3 t\u1ea5t c\u1ea3 quy tr\u00ecnh d\u1ecbch thu\u1eadt: s\u1eed d\u1ee5ng d\u1ecbch thu\u1eadt AI, t\u1ef1 d\u1ecbch, l\u00e0m vi\u1ec7c v\u1edbi c\u00e1c d\u1ecbch gi\u1ea3 c\u1ee7a ri\u00eang b\u1ea1n ho\u1eb7c thu\u00ea chuy\u00ean gia.<\/p>\n\n\n\n<p>N\u1ebfu b\u1ea1n ch\u1ecdn d\u1ecbch thu\u1eadt AI, b\u1ea1n s\u1ebd th\u1ea5y chi ph\u00ed ch\u00ednh x\u00e1c tr\u01b0\u1edbc khi ti\u1ebfn h\u00e0nh. T\u1ea5t nhi\u00ean, b\u1ea1n lu\u00f4n c\u00f3 th\u1ec3 ch\u1ec9nh s\u1eeda c\u00e1c b\u1ea3n d\u1ecbch AI. <\/p>\n\n\n\n<h3 class=\"wp-block-heading has-dark-gray-color has-text-color has-link-color wp-elements-f535e3ca1363bea53c15d8d6f5d90eba\"><strong>D\u1ecbch menu<\/strong><\/h3>\n\n\n\n<p>WPML cung c\u1ea5p c\u00e1c c\u00e1ch linh ho\u1ea1t \u0111\u1ec3 d\u1ecbch menu tr\u00ean trang web c\u1ee7a b\u1ea1n. \u0110\u1ecdc t\u00e0i li\u1ec7u v\u1ec1 <a href=\"https:\/\/wpml.org\/vi\/tai-lieu-wpml\/huong-dan-bat-dau\/dich-menu-wordpress-bang-wpml\/\">d\u1ecbch menu<\/a> \u0111\u1ec3 xem \u0111i\u1ec1u g\u00ec t\u1ed1t nh\u1ea5t cho b\u1ea1n. <\/p>\n<\/div>\n\n\n\n<div class=\"wp-block-toolset-blocks-container tb-container\" data-toolset-blocks-container=\"1dcef3a49b27421bc6e9fb4e4f82dc87\">\n<div class=\"wp-block-toolset-blocks-grid tb-grid\" data-toolset-blocks-grid=\"5ec35a53a9f754eefbec11296ac7f6db\">\n<div class=\"wp-block-toolset-blocks-grid-column tb-grid-column tb-grid-align-center\" data-toolset-blocks-grid-column=\"f586ff7bfe1d7317c63162ec7b7039ed\">\n<div class=\"wp-block-toolset-blocks-container tb-container\" data-toolset-blocks-container=\"63638c1d22a5afe5934c96a30b2da973\"><\/div>\n<\/div>\n\n\n\n<div class=\"wp-block-toolset-blocks-grid-column tb-grid-column tb-grid-align-center\" data-toolset-blocks-grid-column=\"f586ff7bfe1d7317c63162ec7b7039ed\">\n<h3 class=\"tb-heading has-text-color\" data-toolset-blocks-heading=\"895ee183921d28cee0d4bb29b89f2e99\" data-last-update=\"1.4\">T\u00f9y ch\u1ec9nh WPML<\/h3>\n<\/div>\n<\/div>\n\n\n\n<p class=\"tb-heading has-text-color\" data-toolset-blocks-heading=\"affb546fdbcd3257db45dad977a70155\" data-last-update=\"1.4\">Tinh ch\u1ec9nh WPML cho trang web c\u1ee7a b\u1ea1n:<\/p>\n\n\n\n<p class=\"tb-heading\" data-toolset-blocks-heading=\"bc7ead5f768a8d5ae0424ae18ddebf79\" data-last-update=\"1.4\"><a href=\"https:\/\/wpml.org\/vi\/tai-lieu-wpml\/huong-dan-bat-dau\/cai-dat-ngon-ngu\/cach-them-trinh-chuyen-doi-ngon-ngu-vao-trang-wordpress-cua-ban\/\" target=\"_blank\" rel=\"noreferrer noopener\">Th\u00eam c\u00f4ng c\u1ee5 chuy\u1ec3n \u0111\u1ed5i ng\u00f4n ng\u1eef<\/a><\/p>\n\n\n\n<p class=\"tb-heading has-text-color\" data-toolset-blocks-heading=\"4b2a2a0716b6876e12857d48df9fc648\" data-last-update=\"1.4\">\u0110\u1eb7t n\u00f3 trong menu, ch\u00e2n trang ho\u1eb7c widget.<\/p>\n\n\n\n<p class=\"tb-heading\" data-toolset-blocks-heading=\"bc7ead5f768a8d5ae0424ae18ddebf79\" data-last-update=\"1.4\"><a href=\"https:\/\/wpml.org\/vi\/tai-lieu-wpml\/huong-dan-bat-dau\/cai-dat-ngon-ngu\/tuy-chon-dinh-dang-url-ngon-ngu\/\" target=\"_blank\" rel=\"noreferrer noopener\">Thi\u1ebft l\u1eadp \u0111\u1ecbnh d\u1ea1ng URL<\/a><\/p>\n\n\n\n<p class=\"tb-heading has-text-color\" data-toolset-blocks-heading=\"4b2a2a0716b6876e12857d48df9fc648\" data-last-update=\"1.4\">Ch\u1ecdn c\u00e1ch c\u00e1c trang \u0111\u00e3 d\u1ecbch xu\u1ea5t hi\u1ec7n (th\u01b0 m\u1ee5c, tham s\u1ed1, v.v.)<\/p>\n\n\n\n<p class=\"tb-heading\" data-toolset-blocks-heading=\"bc7ead5f768a8d5ae0424ae18ddebf79\" data-last-update=\"1.4\"><a href=\"https:\/\/wpml.org\/vi\/tai-lieu-wpml\/huong-dan-bat-dau\/dich-cac-loai-bai-dang-tuy-chinh\/\" target=\"_blank\" rel=\"noreferrer noopener\">D\u1ecbch c\u00e1c lo\u1ea1i b\u00e0i \u0111\u0103ng t\u00f9y ch\u1ec9nh<\/a><\/p>\n\n\n\n<p class=\"tb-heading has-text-color\" data-toolset-blocks-heading=\"4b2a2a0716b6876e12857d48df9fc648\" data-last-update=\"1.4\">Quy\u1ebft \u0111\u1ecbnh lo\u1ea1i b\u00e0i vi\u1ebft t\u00f9y ch\u1ec9nh n\u00e0o c\u1ea7n d\u1ecbch.<\/p>\n\n\n\n<p class=\"tb-heading\" data-toolset-blocks-heading=\"bc7ead5f768a8d5ae0424ae18ddebf79\" data-last-update=\"1.4\"><a href=\"https:\/\/wpml.org\/vi\/tai-lieu-wpml\/huong-dan-bat-dau\/dich-danh-muc-bai-dang-the-va-phan-loai-tuy-chinh\/\" target=\"_blank\" rel=\"noreferrer noopener\">D\u1ecbch danh m\u1ee5c v\u00e0 ph\u00e2n lo\u1ea1i<\/a><\/p>\n\n\n\n<p class=\"tb-heading has-text-color\" data-toolset-blocks-heading=\"27f3e4b5e60a1ab2cece8dacacc60559\" data-last-update=\"1.4\">D\u1ecbch th\u1ebb, danh m\u1ee5c v\u00e0 ph\u00e2n lo\u1ea1i t\u00f9y ch\u1ec9nh.<\/p>\n<\/div>\n\n\n\n<div class=\"wp-block-toolset-blocks-container tb-container\" data-toolset-blocks-container=\"6a5a6e73494136ccd3a224472da33145\">\n<div class=\"wp-block-toolset-blocks-grid tb-grid\" data-toolset-blocks-grid=\"5ec35a53a9f754eefbec11296ac7f6db\">\n<div class=\"wp-block-toolset-blocks-grid-column tb-grid-column tb-grid-align-center\" data-toolset-blocks-grid-column=\"f586ff7bfe1d7317c63162ec7b7039ed\">\n<div class=\"wp-block-toolset-blocks-container tb-container\" data-toolset-blocks-container=\"9eb8ff775fc4f26c5138e55a3ce77987\"><\/div>\n<\/div>\n\n\n\n<div class=\"wp-block-toolset-blocks-grid-column tb-grid-column tb-grid-align-center\" data-toolset-blocks-grid-column=\"f586ff7bfe1d7317c63162ec7b7039ed\">\n<h3 class=\"tb-heading has-text-color\" data-toolset-blocks-heading=\"895ee183921d28cee0d4bb29b89f2e99\" data-last-update=\"1.4\">X\u00e2y d\u1ef1ng trang web \u0111a ng\u00f4n ng\u1eef th\u00e0nh c\u00f4ng<\/h3>\n<\/div>\n<\/div>\n\n\n\n<p class=\"tb-heading has-text-color\" data-toolset-blocks-heading=\"affb546fdbcd3257db45dad977a70155\" data-last-update=\"1.4\">Mu\u1ed1n c\u00f3 nhi\u1ec1u l\u01b0u l\u01b0\u1ee3ng truy c\u1eadp v\u00e0 k\u1ebft qu\u1ea3 t\u1ed1t h\u01a1n?<\/p>\n\n\n\n<p class=\"tb-heading\" data-toolset-blocks-heading=\"ed59c2ada1c0fb309c19dcfcb6ab10c7\" data-last-update=\"1.4\">Xem nh\u1eefng m\u1eb9o \u0111\u00e3 \u0111\u01b0\u1ee3c ch\u1ee9ng minh t\u1eeb ng\u01b0\u1eddi d\u00f9ng WPML th\u1ef1c t\u1ebf \u0111\u1ec3 <a href=\"https:\/\/wpml.org\/vi\/tai-lieu-wpml\/huong-dan-bat-dau\/cac-trang-web-da-ngon-ngu-don-gian-hoat-dong-tot-hon-meo-da-duoc-chung-minh-de-tang-luu-luong-truy-cap-toan-cau-cua-ban\/\" target=\"_blank\" rel=\"noreferrer noopener\">l\u00e0m cho trang web \u0111a ng\u00f4n ng\u1eef c\u1ee7a b\u1ea1n \u0111\u01a1n gi\u1ea3n, hi\u1ec7u qu\u1ea3 v\u00e0 d\u1ec5 ph\u00e1t tri\u1ec3n h\u01a1n.<\/a><\/p>\n<\/div>\n<\/div><\/div>\n","protected":false},"excerpt":{"rendered":"<p>WPML bao g\u1ed3m <a href=\"\/?page_id=6375\">nhi\u1ec1u m\u00f4-\u0111un<\/a>. M\u00f4-\u0111un c\u01a1 b\u1ea3n bi\u1ebfn c\u00e1c trang web WordPress th\u00e0nh \u0111a ng\u00f4n ng\u1eef. C\u00e1c m\u00f4-\u0111un kh\u00e1c tr\u1ee3 gi\u00fap qu\u00e1 tr\u00ecnh d\u1ecbch n\u00e2ng cao, d\u1ecbch chu\u1ed7i, d\u1ecbch ph\u01b0\u01a1ng ti\u1ec7n v\u00e0 c\u00e1c ch\u1ee9c n\u0103ng kh\u00e1c.  <\/p>\n","protected":false},"author":1,"featured_media":0,"parent":17417125,"menu_order":2,"comment_status":"closed","ping_status":"closed","template":"template-full.php","meta":{"_bbp_topic_count":0,"_bbp_reply_count":0,"_bbp_total_topic_count":0,"_bbp_total_reply_count":0,"_bbp_voice_count":0,"_bbp_anonymous_reply_count":0,"_bbp_topic_count_hidden":0,"_bbp_reply_count_hidden":0,"_bbp_forum_subforum_count":0,"ep_exclude_from_search":false,"footnotes":""},"related-projects-category":[],"class_list":["post-14527667","page","type-page","status-publish","hentry"],"_links":{"self":[{"href":"https:\/\/wpml.org\/vi\/wp-json\/wp\/v2\/pages\/14527667","targetHints":{"allow":["GET"]}}],"collection":[{"href":"https:\/\/wpml.org\/vi\/wp-json\/wp\/v2\/pages"}],"about":[{"href":"https:\/\/wpml.org\/vi\/wp-json\/wp\/v2\/types\/page"}],"author":[{"embeddable":true,"href":"https:\/\/wpml.org\/vi\/wp-json\/wp\/v2\/users\/1"}],"replies":[{"embeddable":true,"href":"https:\/\/wpml.org\/vi\/wp-json\/wp\/v2\/comments?post=14527667"}],"version-history":[{"count":8,"href":"https:\/\/wpml.org\/vi\/wp-json\/wp\/v2\/pages\/14527667\/revisions"}],"predecessor-version":[{"id":17853942,"href":"https:\/\/wpml.org\/vi\/wp-json\/wp\/v2\/pages\/14527667\/revisions\/17853942"}],"up":[{"embeddable":true,"href":"https:\/\/wpml.org\/vi\/wp-json\/wp\/v2\/pages\/17417125"}],"wp:attachment":[{"href":"https:\/\/wpml.org\/vi\/wp-json\/wp\/v2\/media?parent=14527667"}],"wp:term":[{"taxonomy":"related-projects-category","embeddable":true,"href":"https:\/\/wpml.org\/vi\/wp-json\/wp\/v2\/related-projects-category?post=14527667"}],"curies":[{"name":"wp","href":"https:\/\/api.w.org\/{rel}","templated":true}]}}