{"id":14528141,"date":"2013-05-02T09:13:53","date_gmt":"2013-05-02T09:13:53","guid":{"rendered":"https:\/\/wpml.org\/woocommerce-da-ngon-ngu-ngon-ngu-cac-trang-web-woocommerce-da-ngon-ngu-duoc-thuc-hien-de-dang\/"},"modified":"2026-02-26T07:55:07","modified_gmt":"2026-02-26T07:55:07","slug":"woocommerce-da-ngon-ngu-ngon-ngu-cac-trang-web-woocommerce-da-ngon-ngu-duoc-thuc-hien-de-dang","status":"publish","type":"page","link":"https:\/\/wpml.org\/vi\/tai-lieu-wpml\/cac-du-an-lien-quan\/woocommerce-da-ngon-ngu-ngon-ngu-cac-trang-web-woocommerce-da-ngon-ngu-duoc-thuc-hien-de-dang\/","title":{"rendered":"WPML Multilingual &amp; Multicurrency for WooCommerce &#8211; D\u1ecbch c\u1eeda h\u00e0ng"},"content":{"rendered":"\n<div class=\"wp-block-toolset-blocks-container tb-container\" data-toolset-blocks-container=\"e1777e62136f4ba1982726a3fbfdc08a\"><div class=\"tb-container-inner\">\n<div class=\"wp-block-toolset-blocks-container tb-container\" data-toolset-blocks-container=\"0f611822a64f1e56998896f941cece14\"><\/div>\n\n\n\n<h1 class=\"tb-heading\" data-toolset-blocks-heading=\"e9065b09e177b8e381d819f7555bdfa3\" data-last-update=\"1.4\">WPML Multilingual &amp; Multicurrency for WooCommerce<\/h1>\n\n\n\n<p class=\"tb-heading has-text-color\" data-toolset-blocks-heading=\"5ac4b88993e585f6f50c4066e3249b89\" data-last-update=\"1.4\">WCML c\u1ee7a WPML cho ph\u00e9p b\u1ea1n x\u00e2y d\u1ef1ng c\u00e1c c\u1eeda h\u00e0ng WooCommerce qu\u1ed1c t\u1ebf v\u1edbi nhi\u1ec1u ng\u00f4n ng\u1eef, nhi\u1ec1u lo\u1ea1i ti\u1ec1n t\u1ec7 v\u00e0 c\u1ed5ng thanh to\u00e1n \u0111\u01b0\u1ee3c b\u1ea3n \u0111\u1ecba h\u00f3a. \u0110\u01b0\u1ee3c tin t\u01b0\u1edfng b\u1edfi <strong>h\u01a1n 100.000 trang web WooCommerce<\/strong>. <\/p>\n\n\n\n<div id=\"wpml-info-account-trigger\" class=\"tb-button\" data-toolset-blocks-button=\"aae7fdf24cec716cf3ebc053177e0e29\"><a class=\"tb-button__link\" href=\"https:\/\/wpml.org\/account\/downloads\/#wpml-multilingual-multicurrency-for-woocommerce\" target=\"_blank\"><span class=\"tb-button__content\">T\u1ea3i WPML cho WooCommerce<\/span><i class=\"tb-button__icon\"><\/i><\/a><\/div>\n<\/div><\/div>\n\n<div class=\"wp-block-toolset-blocks-container tb-container\" data-toolset-blocks-container=\"39c45dee860c2af8017f91b5660b8bf4\"><div class=\"tb-container-inner\">\n<div class=\"wp-block-toolset-blocks-grid tb-grid\" data-toolset-blocks-grid=\"d35d48406572d278d0ded23a36f918c1\">\n<div class=\"wp-block-toolset-blocks-grid-column tb-grid-column tb-grid-align-center\" data-toolset-blocks-grid-column=\"f586ff7bfe1d7317c63162ec7b7039ed\">\n<div class=\"wp-block-toolset-blocks-grid tb-grid\" data-toolset-blocks-grid=\"a89a58d8b7281c452b56bf2474e5a755\">\n<div class=\"wp-block-toolset-blocks-grid-column tb-grid-column tb-grid-align-center\" data-toolset-blocks-grid-column=\"2c6e19232c221cec2ce8d8a5ee3199bb\">\n<div class=\"wp-block-toolset-blocks-container tb-container\" data-toolset-blocks-container=\"e4642a443dba58cbb4cb859048f420b0\"><\/div>\n<\/div>\n\n\n\n<div class=\"wp-block-toolset-blocks-grid-column tb-grid-column tb-grid-align-center\" data-toolset-blocks-grid-column=\"2c6e19232c221cec2ce8d8a5ee3199bb\">\n<h2 class=\"tb-heading\" data-toolset-blocks-heading=\"adee741f66278c9138f8153f222d48a1\" data-last-update=\"1.4\">D\u1ecbch m\u1ecdi ph\u1ea7n trong c\u1eeda h\u00e0ng WooCommerce c\u1ee7a b\u1ea1n<\/h2>\n<\/div>\n<\/div>\n\n\n\n<p class=\"tb-heading\" data-toolset-blocks-heading=\"bb795b7d1d6b9280919a6ffc19c910cf\" data-last-update=\"1.4\">WPML <a href=\"https:\/\/wpml.org\/vi\/tai-lieu-wpml\/cac-du-an-lien-quan\/woocommerce-da-ngon-ngu-ngon-ngu-cac-trang-web-woocommerce-da-ngon-ngu-duoc-thuc-hien-de-dang\/cach-dich-cua-hang-woocommerce-voi-wpml\/\">d\u1ecbch m\u1ecdi th\u1ee9 trong c\u1eeda h\u00e0ng WooCommerce c\u1ee7a b\u1ea1n<\/a>. \u0110i\u1ec1u n\u00e0y bao g\u1ed3m s\u1ea3n ph\u1ea9m, bi\u1ebfn th\u1ec3, trang Thanh to\u00e1n v\u00e0 Gi\u1ecf h\u00e0ng, email, v\u00e0 th\u1eadm ch\u00ed c\u1ea3 \u0111\u00e1nh gi\u00e1 s\u1ea3n ph\u1ea9m. Kh\u00e1ch h\u00e0ng c\u1ee7a b\u1ea1n kh\u00f4ng bao gi\u1edd th\u1ea5y m\u1ed9t trang web c\u00f3 ng\u00f4n ng\u1eef l\u1eabn l\u1ed9n.<br\/><br\/>N\u00f3 ho\u1ea1t \u0111\u1ed9ng v\u1edbi t\u1ea5t c\u1ea3 c\u00e1c giao di\u1ec7n v\u00e0 ti\u1ec7n \u00edch m\u1edf r\u1ed9ng WooCommerce ph\u1ed5 bi\u1ebfn, gi\u1eef cho thi\u1ebft k\u1ebf v\u00e0 ch\u1ee9c n\u0103ng c\u1ee7a b\u1ea1n nh\u1ea5t qu\u00e1n \u1edf m\u1ecdi ng\u00f4n ng\u1eef.<br\/><\/p>\n<\/div>\n\n\n\n<div class=\"wp-block-toolset-blocks-grid-column tb-grid-column tb-grid-align-center main-img-box\" data-toolset-blocks-grid-column=\"9f3f98f46c4d051f6a2753c51e211d8b\">\n<div class=\"wp-block-toolset-blocks-container tb-container\" data-toolset-blocks-container=\"b1f74dca45ee98b17e903016169062ad\"><\/div>\n<\/div>\n<\/div>\n\n\n\n<div class=\"wp-block-toolset-blocks-grid tb-grid\" data-toolset-blocks-grid=\"0bfc40d4c5824288340ea52d67851ff8\">\n<div class=\"wp-block-toolset-blocks-grid-column tb-grid-column tb-grid-align-center\" data-toolset-blocks-grid-column=\"f586ff7bfe1d7317c63162ec7b7039ed\">\n<div class=\"wp-block-toolset-blocks-container tb-container\" data-toolset-blocks-container=\"90567df4eabefa703920ccb0e145ea1c\"><\/div>\n<\/div>\n\n\n\n<div class=\"wp-block-toolset-blocks-grid-column tb-grid-column tb-grid-align-center main-img-box\" data-toolset-blocks-grid-column=\"026d15f91d20448fab5fc2538214c790\">\n<div class=\"wp-block-toolset-blocks-grid tb-grid\" data-toolset-blocks-grid=\"71cbd3ef044608289fab18493bad15b1\">\n<div class=\"wp-block-toolset-blocks-grid-column tb-grid-column tb-grid-align-center\" data-toolset-blocks-grid-column=\"f586ff7bfe1d7317c63162ec7b7039ed\">\n<div class=\"wp-block-toolset-blocks-container tb-container\" data-toolset-blocks-container=\"4b92aba627056d4e9be0625dea214d62\"><\/div>\n<\/div>\n\n\n\n<div class=\"wp-block-toolset-blocks-grid-column tb-grid-column tb-grid-align-center\" data-toolset-blocks-grid-column=\"f586ff7bfe1d7317c63162ec7b7039ed\">\n<h2 class=\"tb-heading\" data-toolset-blocks-heading=\"adee741f66278c9138f8153f222d48a1\" data-last-update=\"1.4\">Ch\u1ea5p nh\u1eadn nhi\u1ec1u lo\u1ea1i ti\u1ec1n t\u1ec7 v\u00e0 c\u1ed5ng thanh to\u00e1n<\/h2>\n<\/div>\n<\/div>\n\n\n\n<p class=\"tb-heading\" data-toolset-blocks-heading=\"bb795b7d1d6b9280919a6ffc19c910cf\" data-last-update=\"1.4\"><strong>33% ng\u01b0\u1eddi mua b\u1ecf gi\u1ecf h\u00e0ng<\/strong> khi gi\u00e1 ch\u1ec9 hi\u1ec3n th\u1ecb b\u1eb1ng \u0111\u00f4 la M\u1ef9. WPML \u0111\u1ea3m b\u1ea3o \u0111i\u1ec1u \u0111\u00f3 kh\u00f4ng x\u1ea3y ra v\u1edbi b\u1ea1n. <br\/><br\/>B\u1ea1n c\u00f3 th\u1ec3 \u0111\u1eb7t gi\u00e1 v\u00e0 <a href=\"https:\/\/wpml.org\/vi\/tai-lieu-wpml\/cac-du-an-lien-quan\/woocommerce-da-ngon-ngu-ngon-ngu-cac-trang-web-woocommerce-da-ngon-ngu-duoc-thuc-hien-de-dang\/tinh-nang-da-tien-te-cho-woocommerce\/\">nh\u1eadn thanh to\u00e1n b\u1eb1ng h\u01a1n 200 lo\u1ea1i ti\u1ec1n t\u1ec7<\/a> d\u1ef1a tr\u00ean ng\u00f4n ng\u1eef ho\u1eb7c v\u1ecb tr\u00ed c\u1ee7a kh\u00e1ch h\u00e0ng.<br\/><br\/>K\u1ebft n\u1ed1i v\u1edbi ngu\u1ed3n t\u1ef7 gi\u00e1 h\u1ed1i \u0111o\u00e1i tr\u1ef1c ti\u1ebfp \u2014 theo gi\u1edd, theo ng\u00e0y, ho\u1eb7c theo tu\u1ea7n \u2014 ho\u1eb7c \u0111\u1eb7t t\u1ef7 gi\u00e1 t\u00f9y ch\u1ec9nh \u0111\u1ec3 ki\u1ec3m so\u00e1t ho\u00e0n to\u00e0n.<\/p>\n<\/div>\n<\/div>\n\n\n\n<div class=\"wp-block-toolset-blocks-grid tb-grid\" data-toolset-blocks-grid=\"d35d48406572d278d0ded23a36f918c1\">\n<div class=\"wp-block-toolset-blocks-grid-column tb-grid-column tb-grid-align-center\" data-toolset-blocks-grid-column=\"f586ff7bfe1d7317c63162ec7b7039ed\">\n<div class=\"wp-block-toolset-blocks-grid tb-grid\" data-toolset-blocks-grid=\"1c563cd523a49946984e648211e635a1\">\n<div class=\"wp-block-toolset-blocks-grid-column tb-grid-column tb-grid-align-center\" data-toolset-blocks-grid-column=\"f586ff7bfe1d7317c63162ec7b7039ed\">\n<div class=\"wp-block-toolset-blocks-container tb-container\" data-toolset-blocks-container=\"500e43cc7bb1907cd2ca3c2130edf155\"><\/div>\n<\/div>\n\n\n\n<div class=\"wp-block-toolset-blocks-grid-column tb-grid-column tb-grid-align-center\" data-toolset-blocks-grid-column=\"f586ff7bfe1d7317c63162ec7b7039ed\">\n<h2 class=\"tb-heading\" data-toolset-blocks-heading=\"adee741f66278c9138f8153f222d48a1\" data-last-update=\"1.4\">Nh\u1eadn b\u1ea3n d\u1ecbch AI ch\u1ea5t l\u01b0\u1ee3ng nh\u01b0 ng\u01b0\u1eddi d\u1ecbch<\/h2>\n<\/div>\n<\/div>\n\n\n\n<p class=\"tb-heading\" data-toolset-blocks-heading=\"bb795b7d1d6b9280919a6ffc19c910cf\" data-last-update=\"1.4\">B\u1ecf qua c\u00f4ng vi\u1ec7c d\u1ecbch th\u1ee7 c\u00f4ng v\u00e0 b\u1eaft \u0111\u1ea7u b\u00e1n h\u00e0ng to\u00e0n c\u1ea7u s\u1edbm h\u01a1n. <br\/><br\/>D\u1ecbch to\u00e0n b\u1ed9 c\u1eeda h\u00e0ng WooCommerce c\u1ee7a b\u1ea1n v\u1edbi PTC, <a href=\"https:\/\/wpml.org\/vi\/tai-lieu-wpml\/dich-tu-dong-cho-noi-dung-wordpress-voi-wpml\/\">c\u00f4ng c\u1ee5 d\u1ecbch t\u1ef1 \u0111\u1ed9ng AI<\/a> c\u1ee7a WPML, mang l\u1ea1i \u0111\u1ed9 ch\u00ednh x\u00e1c ch\u1ea5t l\u01b0\u1ee3ng con ng\u01b0\u1eddi v\u1edbi t\u1ed1c \u0111\u1ed9 v\u00e0 chi ph\u00ed c\u1ee7a m\u00e1y m\u00f3c.<br\/><br\/>Th\u00eam v\u00e0o \u0111\u00f3, m\u1ecdi b\u1ea3n d\u1ecbch \u0111\u1ec1u \u0111\u01b0\u1ee3c b\u1ea3o \u0111\u1ea3m b\u1edfi <a href=\"https:\/\/wpml.org\/vi\/tai-lieu-wpml\/dich-tu-dong-cho-noi-dung-wordpress-voi-wpml\/dich-tu-dong-voi-chat-luong-duoc-dam-bao\/\">Cam k\u1ebft Ch\u1ea5t l\u01b0\u1ee3ng cho d\u1ecbch AI<\/a> c\u1ee7a ch\u00fang t\u00f4i.<\/p>\n<\/div>\n\n\n\n<div class=\"wp-block-toolset-blocks-grid-column tb-grid-column tb-grid-align-center main-img-box\" data-toolset-blocks-grid-column=\"026d15f91d20448fab5fc2538214c790\">\n<div class=\"wp-block-toolset-blocks-container tb-container\" data-toolset-blocks-container=\"4788de94a1ad39f20c4baaee8cbea303\"><\/div>\n<\/div>\n<\/div>\n\n\n\n<div class=\"wp-block-toolset-blocks-grid tb-grid\" data-toolset-blocks-grid=\"0bfc40d4c5824288340ea52d67851ff8\">\n<div class=\"wp-block-toolset-blocks-grid-column tb-grid-column tb-grid-align-center\" data-toolset-blocks-grid-column=\"f586ff7bfe1d7317c63162ec7b7039ed\">\n<div class=\"wp-block-toolset-blocks-container tb-container\" data-toolset-blocks-container=\"b98ce3adafae6d91d5437b573b97ebc2\"><\/div>\n<\/div>\n\n\n\n<div class=\"wp-block-toolset-blocks-grid-column tb-grid-column tb-grid-align-top main-img-box\" data-toolset-blocks-grid-column=\"48bc3cef69a20281895bd9d7321af3c3\">\n<div class=\"wp-block-toolset-blocks-grid tb-grid\" data-toolset-blocks-grid=\"bdd1d51824e700af242e1991fbf7a135\">\n<div class=\"wp-block-toolset-blocks-grid-column tb-grid-column tb-grid-align-center\" data-toolset-blocks-grid-column=\"f586ff7bfe1d7317c63162ec7b7039ed\">\n<div class=\"wp-block-toolset-blocks-container tb-container\" data-toolset-blocks-container=\"ca6ec92e03b36dd09cb8828b536d4636\"><\/div>\n<\/div>\n\n\n\n<div class=\"wp-block-toolset-blocks-grid-column tb-grid-column tb-grid-align-center\" data-toolset-blocks-grid-column=\"f586ff7bfe1d7317c63162ec7b7039ed\">\n<h2 class=\"tb-heading\" data-toolset-blocks-heading=\"adee741f66278c9138f8153f222d48a1\" data-last-update=\"1.4\">T\u0103ng l\u01b0u l\u01b0\u1ee3ng truy c\u1eadp t\u1ef1 nhi\u00ean th\u00f4ng qua SEO \u0111a ng\u00f4n ng\u1eef<\/h2>\n<\/div>\n<\/div>\n\n\n\n<p class=\"tb-heading\" data-toolset-blocks-heading=\"bb795b7d1d6b9280919a6ffc19c910cf\" data-last-update=\"1.4\">WPML d\u1ecbch c\u00e1c v\u0103n b\u1ea3n meta SEO v\u00e0 URL. N\u00f3 c\u0169ng t\u1ef1 \u0111\u1ed9ng duy tr\u00ec c\u00e1c th\u1ebb hreflang, breadcrumb v\u00e0 s\u01a1 \u0111\u1ed3 trang web \u0111\u01b0\u1ee3c b\u1ea3n \u0111\u1ecba h\u00f3a \u0111\u1ec3 c\u00e1c c\u00f4ng c\u1ee5 t\u00ecm ki\u1ebfm hi\u1ec3u v\u00e0 l\u1eadp ch\u1ec9 m\u1ee5c trang web c\u1ee7a b\u1ea1n m\u1ed9t c\u00e1ch ch\u00ednh x\u00e1c.  <br\/><br\/>V\u1edbi <a href=\"https:\/\/wpml.org\/vi\/tai-lieu-wpml\/cach-thiet-lap-seo-da-ngon-ngu-tren-trang-web-cua-ban\/\">SEO \u0111a ng\u00f4n ng\u1eef<\/a>, c\u1eeda h\u00e0ng c\u1ee7a b\u1ea1n s\u1ebd nh\u1eadn \u0111\u01b0\u1ee3c nhi\u1ec1u l\u01b0u l\u01b0\u1ee3ng truy c\u1eadp t\u1ef1 nhi\u00ean h\u01a1n t\u1eeb kh\u00e1ch truy c\u1eadp \u1edf c\u00e1c ng\u00f4n ng\u1eef kh\u00e1c nhau.<\/p>\n<\/div>\n<\/div>\n\n\n\n<div class=\"wp-block-toolset-blocks-container tb-container\" data-toolset-blocks-container=\"9ba9c3ca25504983dd5fd05f8065071e\">\n<div class=\"wp-block-toolset-blocks-grid tb-grid\" data-toolset-blocks-grid=\"c6b972590259fc930bc051af7a3729c8\">\n<div class=\"wp-block-toolset-blocks-grid-column tb-grid-column tb-grid-align-top\" data-toolset-blocks-grid-column=\"8b5b0c23f55222193f253e4cd6504b27\">\n<div class=\"wp-block-toolset-blocks-container tb-container\" data-toolset-blocks-container=\"76c8efba34324d3b5bd3d449cb572077\"><\/div>\n\n\n\n<div class=\"wp-block-toolset-blocks-container tb-container\" data-toolset-blocks-container=\"76b9e19aebd78b467b04c64acfe33167\">\n<h2 class=\"tb-heading\" data-toolset-blocks-heading=\"6d8a5c9c42cf0af506722b054bea7c02\" data-last-update=\"1.4\">\u1ed4n \u0111\u1ecbnh, an to\u00e0n v\u00e0 lu\u00f4n s\u1eb5n s\u00e0ng<\/h2>\n\n\n\n<p class=\"tb-heading\" data-toolset-blocks-heading=\"bb795b7d1d6b9280919a6ffc19c910cf\" data-last-update=\"1.4\">V\u1edbi h\u01a1n <strong>1,5 tri\u1ec7u trang web<\/strong> s\u1eed d\u1ee5ng WPML, t\u00ednh \u1ed5n \u0111\u1ecbnh kh\u00f4ng ph\u1ea3i l\u00e0 t\u00f9y ch\u1ecdn. \u0110\u00f3 l\u00e0 danh ti\u1ebfng c\u1ee7a ch\u00fang t\u00f4i. <br\/><br\/>WPML v\u00e0 ti\u1ec7n \u00edch b\u1ed5 sung WCML \u0111\u01b0\u1ee3c ki\u1ec3m tra tr\u01b0\u1edbc m\u1ed7i <strong>b\u1ea3n ph\u00e1t h\u00e0nh WordPress v\u00e0 WooCommerce<\/strong> m\u1edbi, \u0111\u1ea3m b\u1ea3o c\u1eeda h\u00e0ng \u0111a ng\u00f4n ng\u1eef c\u1ee7a b\u1ea1n lu\u00f4n \u1ed5n \u0111\u1ecbnh b\u1ea5t k\u1ec3 c\u00f3 c\u1eadp nh\u1eadt n\u00e0o.<\/p>\n<\/div>\n<\/div>\n\n\n\n<div class=\"wp-block-toolset-blocks-grid-column tb-grid-column tb-grid-align-top\" data-toolset-blocks-grid-column=\"ccef0acde848d1374ee2e3f64f9f452a\">\n<div class=\"wp-block-toolset-blocks-container tb-container\" data-toolset-blocks-container=\"b841f10638deca18a1503f8dde4c3207\"><\/div>\n\n\n\n<div class=\"wp-block-toolset-blocks-container tb-container\" data-toolset-blocks-container=\"76b9e19aebd78b467b04c64acfe33167\">\n<h2 class=\"tb-heading\" data-toolset-blocks-heading=\"17c63c2c4f267bd025227c2af31ce35d\" data-last-update=\"1.4\">H\u1ed7 tr\u1ee3 to\u00e0n c\u1ea7u m\u00e0 b\u1ea1n c\u00f3 th\u1ec3 tin t\u01b0\u1edfng<\/h2>\n\n\n\n<p class=\"tb-heading\" data-toolset-blocks-heading=\"bb795b7d1d6b9280919a6ffc19c910cf\" data-last-update=\"1.4\">C\u00e1c chuy\u00ean gia h\u1ed7 tr\u1ee3 c\u1ee7a ch\u00fang t\u00f4i l\u00e0m vi\u1ec7c <strong>6 ng\u00e0y m\u1ed9t tu\u1ea7n, 19 gi\u1edd m\u1ed9t ng\u00e0y<\/strong>, b\u1eb1ng <strong>9 ng\u00f4n ng\u1eef<\/strong>.<br\/><br\/>D\u00f9 l\u00e0 bu\u1ed5i s\u00e1ng \u1edf Tokyo hay bu\u1ed5i t\u1ed1i \u1edf Los Angeles, c\u1eeda h\u00e0ng WooCommerce c\u1ee7a b\u1ea1n v\u1eabn ho\u1ea1t \u0111\u1ed9ng tr\u01a1n tru.<\/p>\n<\/div>\n<\/div>\n\n\n\n<div class=\"wp-block-toolset-blocks-grid-column tb-grid-column tb-grid-align-top\" data-toolset-blocks-grid-column=\"3034fbe886c11054e95b46b09d3e4112\"><\/div>\n\n\n\n<div class=\"wp-block-toolset-blocks-grid-column tb-grid-column tb-grid-align-top\" data-toolset-blocks-grid-column=\"3034fbe886c11054e95b46b09d3e4112\"><\/div>\n<\/div>\n<\/div>\n\n\n\n<div class=\"wp-block-toolset-blocks-container tb-container\" data-toolset-blocks-container=\"bcb90e3a5937c53eebcc98567de656c8\">\n<h2 class=\"tb-heading\" data-toolset-blocks-heading=\"fcb2374cee529d0d027b01f6c0206369\" data-last-update=\"1.4\">S\u1eb5n s\u00e0ng d\u1ecbch? Ch\u00fang t\u00f4i s\u1ebd h\u01b0\u1edbng d\u1eabn b\u1ea1n. <\/h2>\n\n\n\n<p class=\"tb-heading\" data-toolset-blocks-heading=\"6e60ed0861ca1c3f7a5a419840cab502\" data-last-update=\"1.4\">L\u00e0m theo h\u01b0\u1edbng d\u1eabn t\u1eebng b\u01b0\u1edbc c\u1ee7a ch\u00fang t\u00f4i \u0111\u1ec3 th\u1ea5y vi\u1ec7c t\u1ea1o trang WooCommerce \u0111a ng\u00f4n ng\u1eef v\u1edbi WPML d\u1ec5 d\u00e0ng nh\u01b0 th\u1ebf n\u00e0o. <\/p>\n\n\n\n<div class=\"tb-button\" data-toolset-blocks-button=\"191a0e9c295444854ae712b8c240618d\"><a class=\"tb-button__link\" href=\"https:\/\/wpml.org\/documentation\/related-projects\/woocommerce-multilingual\/how-to-translate-woocommerce\/\"><span class=\"tb-button__content\">C\u00e1ch d\u1ecbch WooCommerce<\/span><i class=\"tb-button__icon\"><\/i><\/a><\/div>\n<\/div>\n<\/div><\/div>\n","protected":false},"excerpt":{"rendered":"<p class=\"lead\">WPML Multilingual &amp; Multicurrency for WooCommerce gi\u00fap b\u1ea1n d\u1ec5 d\u00e0ng v\u1eadn h\u00e0nh c\u00e1c trang web th\u01b0\u01a1ng m\u1ea1i \u0111i\u1ec7n t\u1eed \u0111a ng\u00f4n ng\u1eef v\u1edbi WooCommerce v\u00e0 WPML. Plugin n\u00e0y t\u1ed1i \u01b0u h\u00f3a quy tr\u00ecnh d\u1ecbch thu\u1eadt, v\u00ec v\u1eady b\u1ea1n ch\u1ec9 c\u1ea7n d\u1ecbch c\u00e1c v\u0103n b\u1ea3n.  B\u1ea3n d\u1ecbch cho s\u1ea3n ph\u1ea9m, danh m\u1ee5c v\u00e0 bi\u1ebfn th\u1ec3 s\u1ebd \u0111\u01b0\u1ee3c t\u1ef1 \u0111\u1ed9ng t\u1ea1o cho b\u1ea1n.<\/p>\n","protected":false},"author":538393,"featured_media":0,"parent":15194531,"menu_order":0,"comment_status":"closed","ping_status":"closed","template":"template-full-with-popup-generic.php","meta":{"_bbp_topic_count":0,"_bbp_reply_count":0,"_bbp_total_topic_count":0,"_bbp_total_reply_count":0,"_bbp_voice_count":0,"_bbp_anonymous_reply_count":0,"_bbp_topic_count_hidden":0,"_bbp_reply_count_hidden":0,"_bbp_forum_subforum_count":0,"_uag_custom_page_level_css":"","ep_exclude_from_search":false,"footnotes":""},"related-projects-category":[27786],"class_list":["post-14528141","page","type-page","status-publish","hentry","related-projects-category-e-commerce-vi"],"spectra_custom_meta":{"ratings_users":["0"],"ratings_score":["0"],"ratings_average":["0"],"_subscription_coupon_product_id":["0"],"_wpv_contains_gutenberg_views":[""],"_alp_processed":["1772092507"],"wpcf-unformatted-code":[""],"wpcf-disable-autop":["1"],"_wpml_media_duplicate":["0"],"_wpml_media_featured":["1"],"wpcf-display-breadcrumbs":["0"],"toolset_post_editor_mode":["block"],"wpcf-price-increase-show-from":[""],"wpcf-price-increase-show-till":[""],"_wp_page_template":["template-full-with-popup-generic.php"],"_last_translation_edit_mode":["translation-editor"],"_wpml_word_count":["644"],"cmplz_hide_cookiebanner":[""],"wpcf-related-product-full-name":[""],"wpcf-related-product-download-url":[""],"wpcf-price-increase-content":[""],"wpcf-relevant-forum-documentation":["1"],"wpcf-login-box-title":[""],"wpcf-page-content":[""],"_yoast_wpseo_primary_related-projects-category":["26961"],"_yoast_wpseo_title":["WPML Multilingual & Multicurrency for WooCommerce - D\u1ecbch c\u1eeda h\u00e0ng"],"_yoast_wpseo_metadesc":["WCML c\u1ee7a WPML cho ph\u00e9p b\u1ea1n x\u00e2y d\u1ef1ng c\u00e1c c\u1eeda h\u00e0ng WooCommerce qu\u1ed1c t\u1ebf v\u1edbi nhi\u1ec1u ng\u00f4n ng\u1eef, nhi\u1ec1u lo\u1ea1i ti\u1ec1n t\u1ec7 v\u00e0 c\u1ed5ng thanh to\u00e1n \u0111\u01b0\u1ee3c b\u1ea3n \u0111\u1ecba h\u00f3a."],"_yoast_wpseo_focuskw":["WooCommerce Multilingual"],"_uag_css_file_name":["uag-css-14528141.css"],"_uag_page_assets":["a:9:{s:3:\"css\";s:260:\".uag-blocks-common-selector{z-index:var(--z-index-desktop) !important}@media(max-width: 976px){.uag-blocks-common-selector{z-index:var(--z-index-tablet) !important}}@media(max-width: 767px){.uag-blocks-common-selector{z-index:var(--z-index-mobile) !important}}\";s:2:\"js\";s:0:\"\";s:18:\"current_block_list\";a:6:{i:0;s:24:\"toolset-blocks\/container\";i:1;s:22:\"toolset-blocks\/heading\";i:2;s:21:\"toolset-blocks\/button\";i:4;s:19:\"toolset-blocks\/grid\";i:5;s:26:\"toolset-blocks\/grid-column\";i:6;s:14:\"core\/shortcode\";}s:8:\"uag_flag\";b:0;s:11:\"uag_version\";s:10:\"1778695555\";s:6:\"gfonts\";a:0:{}s:10:\"gfonts_url\";s:0:\"\";s:12:\"gfonts_files\";a:0:{}s:14:\"uag_faq_layout\";b:0;}"]},"uagb_featured_image_src":{"full":false,"thumbnail":false,"medium":false,"medium_large":false,"large":false,"1536x1536":false,"2048x2048":false,"gform-image-choice-sm":false,"gform-image-choice-md":false,"gform-image-choice-lg":false,"woocommerce_thumbnail":false,"woocommerce_single":false,"woocommerce_gallery_thumbnail":false},"uagb_author_info":{"display_name":"Kathy","author_link":"https:\/\/wpml.org\/vi\/author\/kathy-b\/"},"uagb_comment_info":0,"uagb_excerpt":"WPML Multilingual &amp; Multicurrency for WooCommerce gi\u00fap b\u1ea1n d\u1ec5 d\u00e0ng v\u1eadn h\u00e0nh c\u00e1c trang web th\u01b0\u01a1ng m\u1ea1i \u0111i\u1ec7n t\u1eed \u0111a ng\u00f4n ng\u1eef v\u1edbi WooCommerce v\u00e0 WPML. Plugin n\u00e0y t\u1ed1i \u01b0u h\u00f3a quy tr\u00ecnh d\u1ecbch thu\u1eadt, v\u00ec v\u1eady b\u1ea1n ch\u1ec9 c\u1ea7n d\u1ecbch c\u00e1c v\u0103n b\u1ea3n. B\u1ea3n d\u1ecbch cho s\u1ea3n ph\u1ea9m, danh m\u1ee5c v\u00e0 bi\u1ebfn th\u1ec3 s\u1ebd&hellip;","_links":{"self":[{"href":"https:\/\/wpml.org\/vi\/wp-json\/wp\/v2\/pages\/14528141","targetHints":{"allow":["GET"]}}],"collection":[{"href":"https:\/\/wpml.org\/vi\/wp-json\/wp\/v2\/pages"}],"about":[{"href":"https:\/\/wpml.org\/vi\/wp-json\/wp\/v2\/types\/page"}],"author":[{"embeddable":true,"href":"https:\/\/wpml.org\/vi\/wp-json\/wp\/v2\/users\/538393"}],"replies":[{"embeddable":true,"href":"https:\/\/wpml.org\/vi\/wp-json\/wp\/v2\/comments?post=14528141"}],"version-history":[{"count":8,"href":"https:\/\/wpml.org\/vi\/wp-json\/wp\/v2\/pages\/14528141\/revisions"}],"predecessor-version":[{"id":17854701,"href":"https:\/\/wpml.org\/vi\/wp-json\/wp\/v2\/pages\/14528141\/revisions\/17854701"}],"up":[{"embeddable":true,"href":"https:\/\/wpml.org\/vi\/wp-json\/wp\/v2\/pages\/15194531"}],"wp:attachment":[{"href":"https:\/\/wpml.org\/vi\/wp-json\/wp\/v2\/media?parent=14528141"}],"wp:term":[{"taxonomy":"related-projects-category","embeddable":true,"href":"https:\/\/wpml.org\/vi\/wp-json\/wp\/v2\/related-projects-category?post=14528141"}],"curies":[{"name":"wp","href":"https:\/\/api.w.org\/{rel}","templated":true}]}}