{"id":15161897,"date":"2009-11-24T20:23:31","date_gmt":"2009-11-24T20:23:31","guid":{"rendered":"https:\/\/wpml.org\/quan-ly-dich-thuat\/"},"modified":"2026-02-04T14:15:20","modified_gmt":"2026-02-04T14:15:20","slug":"quan-ly-dich-thuat","status":"publish","type":"page","link":"https:\/\/wpml.org\/vi\/tai-lieu-wpml\/quan-ly-dich-thuat\/","title":{"rendered":"B\u1ea3ng \u0111i\u1ec1u khi\u1ec3n d\u1ecbch thu\u1eadt"},"content":{"rendered":"\n<div class=\"wp-block-toolset-blocks-container tb-container alignfull\" data-toolset-blocks-container=\"9afdb393900e8f9190c62bc960dbd833\"><div class=\"tb-container-inner\">\n<p class=\"tb-heading has-text-color\" data-toolset-blocks-heading=\"0190bf5c0f5e682e6e1d8be7e6f401ac\" data-last-update=\"1.4\"><span><span><a href=\"https:\/\/wpml.org\/vi\/trang-chu\/\">Home<\/a><\/span><\/span><\/p>\n\n\n\n<div class=\"wp-block-toolset-blocks-grid tb-grid\" data-toolset-blocks-grid=\"2774ecbe73f77c87e0c83e6bd1b474ef\">\n<div class=\"wp-block-toolset-blocks-grid-column tb-grid-column tb-grid-align-center\" data-toolset-blocks-grid-column=\"f586ff7bfe1d7317c63162ec7b7039ed\">\n<div class=\"wp-block-toolset-blocks-container tb-container\" data-toolset-blocks-container=\"d1145a202a133618fec34f7d20c9dbb9\">\n<h1 class=\"tb-heading has-text-color\" data-toolset-blocks-heading=\"1f754702eb70d940509234ba099a8b2d\" data-last-update=\"1.4\">B\u1ea3ng \u0111i\u1ec1u khi\u1ec3n d\u1ecbch thu\u1eadt<\/h1>\n\n\n\n<p class=\"tb-heading has-text-color\" data-toolset-blocks-heading=\"af2163c1fd8f2d90dd812af009e1ef56\" data-last-update=\"1.4\">B\u1ea3ng \u0111i\u1ec1u khi\u1ec3n d\u1ecbch thu\u1eadt l\u00e0 trung t\u00e2m c\u1ee7a WPML \u0111\u1ec3 l\u1ef1a ch\u1ecdn n\u1ed9i dung trang web c\u1ea7n d\u1ecbch v\u00e0 qu\u1ea3n l\u00fd ti\u1ebfn \u0111\u1ed9 d\u1ecbch thu\u1eadt c\u1ee7a b\u1ea1n.<\/p>\n<\/div>\n<\/div>\n\n\n\n<div class=\"wp-block-toolset-blocks-grid-column tb-grid-column tb-grid-align-center\" data-toolset-blocks-grid-column=\"c77f65d01bb1c283e93f285b389d97af\">\n<div class=\"tb-fields-and-text\" data-toolset-blocks-fields-and-text=\"3e1d2592ce20bdf2bf813c9dfa44c991\"><p><img decoding=\"async\" class=\"size-full aligncenter\" src=\"https:\/\/wpml.org\/wp-content\/uploads\/2024\/06\/controls-1-min.png\" width=\"804\" height=\"744\"\/><\/p><\/div>\n<\/div>\n<\/div>\n<\/div><\/div>\n\n<div class=\"wp-block-toolset-blocks-container tb-container product-page-content\" data-toolset-blocks-container=\"b085af9398a2e3cf150a39a2a6b529e1\"><div class=\"tb-container-inner\">\n<div class=\"wp-block-toolset-blocks-grid tb-grid\" data-toolset-blocks-grid=\"ea97337afaa592cf47d8d74f07746c7e\">\n<div class=\"wp-block-toolset-blocks-grid-column tb-grid-column tb-grid-align-top\" data-toolset-blocks-grid-column=\"3034fbe886c11054e95b46b09d3e4112\">\n<div style=\"height:40px\" aria-hidden=\"true\" class=\"wp-block-spacer\"><\/div>\n\n\n\n<h3 class=\"wp-block-heading\">Trung t\u00e2m d\u1ecbch thu\u1eadt<\/h3>\n\n\n\n<p>Qu\u1ea3n l\u00fd t\u1ea5t c\u1ea3 b\u1ea3n d\u1ecbch c\u1ee7a trang web t\u1eeb m\u1ed9t b\u1ea3ng \u0111i\u1ec1u khi\u1ec3n duy nh\u1ea5t trong trang qu\u1ea3n tr\u1ecb WordPress c\u1ee7a b\u1ea1n.<\/p>\n<\/div>\n\n\n\n<div class=\"wp-block-toolset-blocks-grid-column tb-grid-column tb-grid-align-top\" data-toolset-blocks-grid-column=\"3034fbe886c11054e95b46b09d3e4112\">\n<figure class=\"wp-block-image tb-image tb-image-dynamic tb-image-frame-none\" data-toolset-blocks-image=\"74e39ed3f2631fb426644bdd206a5d7c\"><img decoding=\"async\" width=\"1600\" height=\"1045\" loading=\"lazy\" src=\"https:\/\/wpml.org\/wp-content\/uploads\/2026\/02\/translation-dashboard-screen.png\" alt=\"\" class=\"wp-image-17792120\" srcset=\"https:\/\/wpml.org\/wp-content\/uploads\/2026\/02\/translation-dashboard-screen.png 1600w, https:\/\/wpml.org\/wp-content\/uploads\/2026\/02\/translation-dashboard-screen-300x196.png 300w, https:\/\/wpml.org\/wp-content\/uploads\/2026\/02\/translation-dashboard-screen-1024x669.png 1024w, https:\/\/wpml.org\/wp-content\/uploads\/2026\/02\/translation-dashboard-screen-150x98.png 150w, https:\/\/wpml.org\/wp-content\/uploads\/2026\/02\/translation-dashboard-screen-768x502.png 768w, https:\/\/wpml.org\/wp-content\/uploads\/2026\/02\/translation-dashboard-screen-1536x1003.png 1536w\" sizes=\"auto, (max-width: 1600px) 100vw, 1600px\" \/><\/figure>\n<\/div>\n<\/div>\n\n\n\n<div class=\"wp-block-toolset-blocks-grid tb-grid\" data-toolset-blocks-grid=\"dfc0fad1f393136a61731ded02d5c508\">\n<div class=\"wp-block-toolset-blocks-grid-column tb-grid-column tb-grid-align-top\" data-toolset-blocks-grid-column=\"e0c62ef28c440411136281632d5a8d63\">\n<figure class=\"wp-block-image tb-image tb-image-dynamic tb-image-frame-none\" data-toolset-blocks-image=\"7d1c4d6dfd43d9013fc98c97b583f3cf\"><img decoding=\"async\" width=\"1024\" height=\"674\" loading=\"lazy\" src=\"https:\/\/wpml.org\/wp-content\/uploads\/2025\/10\/Realtime-status-in-Translation-Dashboard-1024x674.png\" alt=\"Realtime status in Translation Dashboard\" class=\"wp-image-17475054\" srcset=\"https:\/\/wpml.org\/wp-content\/uploads\/2025\/10\/Realtime-status-in-Translation-Dashboard-1024x674.png 1024w, https:\/\/wpml.org\/wp-content\/uploads\/2025\/10\/Realtime-status-in-Translation-Dashboard-300x197.png 300w, https:\/\/wpml.org\/wp-content\/uploads\/2025\/10\/Realtime-status-in-Translation-Dashboard-150x99.png 150w, https:\/\/wpml.org\/wp-content\/uploads\/2025\/10\/Realtime-status-in-Translation-Dashboard-768x505.png 768w, https:\/\/wpml.org\/wp-content\/uploads\/2025\/10\/Realtime-status-in-Translation-Dashboard.png 1263w\" sizes=\"auto, (max-width: 1024px) 100vw, 1024px\" \/><\/figure>\n<\/div>\n\n\n\n<div class=\"wp-block-toolset-blocks-grid-column tb-grid-column tb-grid-align-top\" data-toolset-blocks-grid-column=\"3034fbe886c11054e95b46b09d3e4112\">\n<div style=\"height:40px\" aria-hidden=\"true\" class=\"wp-block-spacer\"><\/div>\n\n\n\n<h3 class=\"wp-block-heading\">C\u1eadp nh\u1eadt v\u00e0 tr\u1ea1ng th\u00e1i theo th\u1eddi gian th\u1ef1c<\/h3>\n\n\n\n<p>Xem c\u00e1c b\u1ea3n d\u1ecbch \u0111ang th\u1ef1c hi\u1ec7n, c\u00e1c b\u1ea3n d\u1ecbch \u0111\u00e3 ho\u00e0n th\u00e0nh v\u00e0 nh\u1eefng b\u1ea3n c\u1ea7n c\u1eadp nh\u1eadt.<\/p>\n<\/div>\n<\/div>\n\n\n\n<div class=\"wp-block-toolset-blocks-grid tb-grid\" data-toolset-blocks-grid=\"ea97337afaa592cf47d8d74f07746c7e\">\n<div class=\"wp-block-toolset-blocks-grid-column tb-grid-column tb-grid-align-top\" data-toolset-blocks-grid-column=\"3034fbe886c11054e95b46b09d3e4112\">\n<div style=\"height:40px\" aria-hidden=\"true\" class=\"wp-block-spacer\"><\/div>\n\n\n\n<h3 class=\"wp-block-heading\">Ph\u01b0\u01a1ng ph\u00e1p d\u1ecbch linh ho\u1ea1t<\/h3>\n\n\n\n<p>D\u1ecbch t\u1ef1 \u0111\u1ed9ng, t\u1ef1 d\u1ecbch, v\u1edbi ng\u01b0\u1eddi d\u00f9ng trang web c\u1ee7a b\u1ea1n, ho\u1eb7c v\u1edbi d\u1ecbch v\u1ee5 d\u1ecbch thu\u1eadt.<\/p>\n<\/div>\n\n\n\n<div class=\"wp-block-toolset-blocks-grid-column tb-grid-column tb-grid-align-top\" data-toolset-blocks-grid-column=\"3034fbe886c11054e95b46b09d3e4112\">\n<figure class=\"wp-block-image tb-image tb-image-dynamic tb-image-frame-none\" data-toolset-blocks-image=\"82fcc54118d32bce7f866187e6af3baf\"><img decoding=\"async\" width=\"1600\" height=\"908\" loading=\"lazy\" src=\"https:\/\/wpml.org\/wp-content\/uploads\/2026\/02\/translation-options.png\" alt=\"\" class=\"wp-image-17792135\" srcset=\"https:\/\/wpml.org\/wp-content\/uploads\/2026\/02\/translation-options.png 1600w, https:\/\/wpml.org\/wp-content\/uploads\/2026\/02\/translation-options-300x170.png 300w, https:\/\/wpml.org\/wp-content\/uploads\/2026\/02\/translation-options-1024x581.png 1024w, https:\/\/wpml.org\/wp-content\/uploads\/2026\/02\/translation-options-150x85.png 150w, https:\/\/wpml.org\/wp-content\/uploads\/2026\/02\/translation-options-768x436.png 768w, https:\/\/wpml.org\/wp-content\/uploads\/2026\/02\/translation-options-1536x872.png 1536w\" sizes=\"auto, (max-width: 1600px) 100vw, 1600px\" \/><\/figure>\n<\/div>\n<\/div>\n\n\n\n<div class=\"wp-block-toolset-blocks-grid tb-grid\" data-toolset-blocks-grid=\"317a291765e682143cd1990eb46be0fd\">\n<div class=\"wp-block-toolset-blocks-grid-column tb-grid-column tb-grid-align-top\" data-toolset-blocks-grid-column=\"3034fbe886c11054e95b46b09d3e4112\">\n<figure class=\"wp-block-image tb-image tb-image-dynamic tb-image-frame-none\" data-toolset-blocks-image=\"65b0dd730248cf8cdaab5c13b8da0c0b\"><img decoding=\"async\" width=\"993\" height=\"590\" loading=\"lazy\" src=\"https:\/\/wpml.org\/wp-content\/uploads\/2026\/02\/translation-costs.png\" alt=\"\" class=\"wp-image-17792152\" srcset=\"https:\/\/wpml.org\/wp-content\/uploads\/2026\/02\/translation-costs.png 993w, https:\/\/wpml.org\/wp-content\/uploads\/2026\/02\/translation-costs-300x178.png 300w, https:\/\/wpml.org\/wp-content\/uploads\/2026\/02\/translation-costs-150x89.png 150w, https:\/\/wpml.org\/wp-content\/uploads\/2026\/02\/translation-costs-768x456.png 768w\" sizes=\"auto, (max-width: 993px) 100vw, 993px\" \/><\/figure>\n<\/div>\n\n\n\n<div class=\"wp-block-toolset-blocks-grid-column tb-grid-column tb-grid-align-top\" data-toolset-blocks-grid-column=\"3034fbe886c11054e95b46b09d3e4112\">\n<div style=\"height:40px\" aria-hidden=\"true\" class=\"wp-block-spacer\"><\/div>\n\n\n\n<h3 class=\"wp-block-heading\">Chi ph\u00ed d\u1ecbch thu\u1eadt r\u00f5 r\u00e0ng<\/h3>\n\n\n\n<p>Xem s\u1ed1 t\u00edn d\u1ee5ng ch\u00ednh x\u00e1c m\u00e0 vi\u1ec7c d\u1ecbch t\u1ef1 \u0111\u1ed9ng n\u1ed9i dung c\u1ee7a b\u1ea1n s\u1ebd ti\u00eau t\u1ed1n, c\u0169ng nh\u01b0 chi ph\u00ed \u01b0\u1edbc t\u00ednh b\u1eb1ng euro.<\/p>\n<\/div>\n<\/div>\n\n\n\n<div style=\"height:60px\" aria-hidden=\"true\" class=\"wp-block-spacer\"><\/div>\n\n\n\n<h2 class=\"wp-block-heading has-text-align-center\">C\u00e1ch s\u1eed d\u1ee5ng b\u1ea3ng \u0111i\u1ec1u khi\u1ec3n d\u1ecbch thu\u1eadt<\/h2>\n\n\n\n<p class=\"tb-heading\" data-toolset-blocks-heading=\"86cef3a394159f20bec2319fd2318e64\" data-last-update=\"1.4\">D\u1ecbch b\u1ea5t k\u1ef3 n\u1ed9i dung n\u00e0o tr\u00ean trang web c\u1ee7a b\u1ea1n trong ba b\u01b0\u1edbc \u0111\u01a1n gi\u1ea3n.<\/p>\n\n\n\n<div style=\"height:10px\" aria-hidden=\"true\" class=\"wp-block-spacer\"><\/div>\n\n\n\n<div class=\"wp-block-toolset-blocks-grid tb-grid\" data-toolset-blocks-grid=\"fb68e9a873867b36d5c13c01005648e2\">\n<div class=\"wp-block-toolset-blocks-grid-column tb-grid-column tb-grid-align-top\" data-toolset-blocks-grid-column=\"3034fbe886c11054e95b46b09d3e4112\">\n<div class=\"wp-block-toolset-blocks-grid tb-grid\" data-toolset-blocks-grid=\"155a3dacc0742235a56b365a3fa54aa0\">\n<div class=\"wp-block-toolset-blocks-grid-column tb-grid-column tb-grid-align-center\" data-toolset-blocks-grid-column=\"f586ff7bfe1d7317c63162ec7b7039ed\">\n<div class=\"wp-block-toolset-blocks-container tb-container\" data-toolset-blocks-container=\"c10aa1111c31fba4a5e0ea5adb7dbac7\"><\/div>\n<\/div>\n\n\n\n<div class=\"wp-block-toolset-blocks-grid-column tb-grid-column tb-grid-align-center\" data-toolset-blocks-grid-column=\"f586ff7bfe1d7317c63162ec7b7039ed\">\n<p id=\"essential-addons\" class=\"tb-heading has-text-color\" data-toolset-blocks-heading=\"e037dd8909f4671e59f6ff8b7621013c\" data-last-update=\"1.4\">Ch\u1ecdn n\u1ed9i dung<\/p>\n<\/div>\n\n\n\n<div class=\"wp-block-toolset-blocks-grid-column tb-grid-column tb-grid-align-top\" data-toolset-blocks-grid-column=\"3034fbe886c11054e95b46b09d3e4112\"><\/div>\n\n\n\n<div class=\"wp-block-toolset-blocks-grid-column tb-grid-column tb-grid-align-top\" data-toolset-blocks-grid-column=\"3034fbe886c11054e95b46b09d3e4112\">\n<p>\u0110i t\u1edbi <strong>WPML<\/strong> \u2192 <strong>B\u1ea3ng \u0111i\u1ec1u khi\u1ec3n d\u1ecbch thu\u1eadt<\/strong> v\u00e0 ch\u1ecdn n\u1ed9i dung b\u1ea1n mu\u1ed1n d\u1ecbch.<\/p>\n<\/div>\n<\/div>\n<\/div>\n\n\n\n<div class=\"wp-block-toolset-blocks-grid-column tb-grid-column tb-grid-align-top\" data-toolset-blocks-grid-column=\"3034fbe886c11054e95b46b09d3e4112\">\n<div class=\"wp-block-toolset-blocks-grid tb-grid\" data-toolset-blocks-grid=\"155a3dacc0742235a56b365a3fa54aa0\">\n<div class=\"wp-block-toolset-blocks-grid-column tb-grid-column tb-grid-align-center\" data-toolset-blocks-grid-column=\"f586ff7bfe1d7317c63162ec7b7039ed\">\n<div class=\"wp-block-toolset-blocks-container tb-container\" data-toolset-blocks-container=\"0eb9fce6571c9dec1a430bf12affe90c\"><\/div>\n<\/div>\n\n\n\n<div class=\"wp-block-toolset-blocks-grid-column tb-grid-column tb-grid-align-center\" data-toolset-blocks-grid-column=\"f586ff7bfe1d7317c63162ec7b7039ed\">\n<p id=\"essential-addons\" class=\"tb-heading has-text-color\" data-toolset-blocks-heading=\"e037dd8909f4671e59f6ff8b7621013c\" data-last-update=\"1.4\">Ch\u1ecdn ph\u01b0\u01a1ng ph\u00e1p d\u1ecbch<\/p>\n<\/div>\n\n\n\n<div class=\"wp-block-toolset-blocks-grid-column tb-grid-column tb-grid-align-top\" data-toolset-blocks-grid-column=\"3034fbe886c11054e95b46b09d3e4112\"><\/div>\n\n\n\n<div class=\"wp-block-toolset-blocks-grid-column tb-grid-column tb-grid-align-top\" data-toolset-blocks-grid-column=\"3034fbe886c11054e95b46b09d3e4112\">\n<p>Quy\u1ebft \u0111\u1ecbnh c\u00e1ch d\u1ecbch n\u1ed9i dung c\u1ee7a b\u1ea1n \u2013 s\u1eed d\u1ee5ng <a href=\"https:\/\/wpml.org\/vi\/tai-lieu-wpml\/dich-tu-dong-cho-noi-dung-wordpress-voi-wpml\/\">d\u1ecbch t\u1ef1 \u0111\u1ed9ng<\/a> c\u1ee7a WPML \u0111\u1ec3 c\u00f3 ch\u1ea5t l\u01b0\u1ee3ng t\u1ed1t nh\u1ea5t.<\/p>\n<\/div>\n<\/div>\n<\/div>\n\n\n\n<div class=\"wp-block-toolset-blocks-grid-column tb-grid-column tb-grid-align-top\" data-toolset-blocks-grid-column=\"3034fbe886c11054e95b46b09d3e4112\">\n<div class=\"wp-block-toolset-blocks-grid tb-grid\" data-toolset-blocks-grid=\"155a3dacc0742235a56b365a3fa54aa0\">\n<div class=\"wp-block-toolset-blocks-grid-column tb-grid-column tb-grid-align-center\" data-toolset-blocks-grid-column=\"f586ff7bfe1d7317c63162ec7b7039ed\">\n<div class=\"wp-block-toolset-blocks-container tb-container\" data-toolset-blocks-container=\"21fb808c346b41860b4533592d1d9d24\"><\/div>\n<\/div>\n\n\n\n<div class=\"wp-block-toolset-blocks-grid-column tb-grid-column tb-grid-align-center\" data-toolset-blocks-grid-column=\"f586ff7bfe1d7317c63162ec7b7039ed\">\n<p id=\"essential-addons\" class=\"tb-heading has-text-color\" data-toolset-blocks-heading=\"e037dd8909f4671e59f6ff8b7621013c\" data-last-update=\"1.4\">Xem l\u1ea1i v\u00e0 g\u1eedi<\/p>\n<\/div>\n\n\n\n<div class=\"wp-block-toolset-blocks-grid-column tb-grid-column tb-grid-align-top\" data-toolset-blocks-grid-column=\"3034fbe886c11054e95b46b09d3e4112\"><\/div>\n\n\n\n<div class=\"wp-block-toolset-blocks-grid-column tb-grid-column tb-grid-align-top\" data-toolset-blocks-grid-column=\"3034fbe886c11054e95b46b09d3e4112\">\n<p>Xem t\u1ed5ng quan n\u1ed9i dung \u0111\u00e3 ch\u1ecdn v\u00e0 nh\u1ea5p v\u00e0o <strong>D\u1ecbch<\/strong>.<\/p>\n<\/div>\n<\/div>\n<\/div>\n<\/div>\n\n\n\n<div style=\"height:30px\" aria-hidden=\"true\" class=\"wp-block-spacer\"><\/div>\n\n\n\n<div class=\"wp-block-toolset-blocks-container tb-container\" data-toolset-blocks-container=\"f908b134276ba3432b0b77744504af0a\">\n<div class=\"wp-block-toolset-blocks-grid tb-grid\" data-toolset-blocks-grid=\"11c011d4d76e7a5d432ca395f201a03b\">\n<div class=\"wp-block-toolset-blocks-grid-column tb-grid-column tb-grid-align-top\" data-toolset-blocks-grid-column=\"3034fbe886c11054e95b46b09d3e4112\">\n<div class=\"wp-block-toolset-blocks-container tb-container\" data-toolset-blocks-container=\"5cf35f77ebe86fbe26ba5394e7247dee\"><\/div>\n<\/div>\n\n\n\n<div class=\"wp-block-toolset-blocks-grid-column tb-grid-column tb-grid-align-top\" data-toolset-blocks-grid-column=\"3034fbe886c11054e95b46b09d3e4112\">\n<p class=\"tb-heading\" data-toolset-blocks-heading=\"6accbb87eeb156ecd9e1231ac06f0bc5\" data-last-update=\"1.4\"><strong>C\u1ea7n th\u00eam th\u00f4ng tin?<\/strong><\/p>\n\n\n\n<p>Xem <a href=\"https:\/\/wpml.org\/how-to\/translation-dashboard\/\">H\u01b0\u1edbng d\u1eabn B\u1ea3ng \u0111i\u1ec1u khi\u1ec3n d\u1ecbch thu\u1eadt<\/a> chi ti\u1ebft t\u1eebng b\u01b0\u1edbc c\u1ee7a ch\u00fang t\u00f4i.<\/p>\n<\/div>\n<\/div>\n<\/div>\n<\/div><\/div>\n\n<p><\/p>\n","protected":false},"excerpt":{"rendered":"<p>Khi b\u1ea1n ngh\u0129 v\u1ec1 vi\u1ec7c d\u1ecbch n\u1ed9i dung, b\u1ea1n c\u00f3 th\u1ec3 ngh\u0129 \u0111\u1ebfn &#8220;ti\u00eau \u0111\u1ec1&#8221; v\u00e0 &#8220;n\u1ed9i dung&#8221; c\u1ee7a trang. Tuy nhi\u00ean, \u0111\u1ec3 d\u1ecbch n\u1ed9i dung \u0111\u1ea7y \u0111\u1ee7 c\u1ea7n ph\u1ea3i ch\u00fa \u00fd nhi\u1ec1u h\u01a1n th\u1ebf. Trong t\u00e0i li\u1ec7u n\u00e0y, ch\u00fang t\u00f4i gi\u1ea3i th\u00edch nh\u1eefng \u0111i\u1ec1u b\u1ea1n c\u1ea7n bi\u1ebft tr\u01b0\u1edbc khi b\u1eaft \u0111\u1ea7u d\u1ecbch n\u1ed9i dung v\u00e0 c\u00e1ch x\u1eed l\u00fd c\u00e1c th\u00e0nh ph\u1ea7n kh\u00e1c nhau trong trang web c\u1ee7a b\u1ea1n.   <\/p>\n","protected":false},"author":76577,"featured_media":0,"parent":17417125,"menu_order":39,"comment_status":"closed","ping_status":"closed","template":"template-full-with-popup.php","meta":{"_bbp_topic_count":0,"_bbp_reply_count":0,"_bbp_total_topic_count":0,"_bbp_total_reply_count":0,"_bbp_voice_count":0,"_bbp_anonymous_reply_count":0,"_bbp_topic_count_hidden":0,"_bbp_reply_count_hidden":0,"_bbp_forum_subforum_count":0,"_uag_custom_page_level_css":"","ep_exclude_from_search":false,"footnotes":""},"related-projects-category":[],"class_list":["post-15161897","page","type-page","status-publish","hentry"],"spectra_custom_meta":{"ratings_users":["0"],"ratings_score":["0"],"ratings_average":["0"],"_subscription_coupon_product_id":["0"],"_wpv_contains_gutenberg_views":[""],"_alp_processed":["1770214520"],"_views_template":["0"],"wpcf-unformatted-code":[""],"_wpml_media_duplicate":["0"],"_wpml_media_featured":["1"],"toolset_post_editor_mode":["block"],"wpcf-price-increase-show-from":[""],"wpcf-price-increase-show-till":[""],"_wp_page_template":["template-full-with-popup.php"],"_last_translation_edit_mode":["translation-editor"],"_oembed_d617e060b7133aea5401c0d73edbabae":["<iframe title=\"Using WPML to easily translate pages you build visually\" width=\"700\" height=\"394\" src=\"https:\/\/www.youtube.com\/embed\/AzxsHDjMA48?feature=oembed\" frameborder=\"0\" allow=\"accelerometer; autoplay; clipboard-write; encrypted-media; gyroscope; picture-in-picture; web-share\" allowfullscreen><\/iframe>"],"_oembed_time_d617e060b7133aea5401c0d73edbabae":["1704731275"],"_wpml_word_count":["418"],"_yoast_wpseo_metadesc":["B\u1ea3ng \u0111i\u1ec1u khi\u1ec3n d\u1ecbch thu\u1eadt l\u00e0 trung t\u00e2m c\u1ee7a WPML \u0111\u1ec3 l\u1ef1a ch\u1ecdn n\u1ed9i dung trang web c\u1ea7n d\u1ecbch v\u00e0 qu\u1ea3n l\u00fd ti\u1ebfn \u0111\u1ed9 d\u1ecbch thu\u1eadt c\u1ee7a b\u1ea1n."],"_yoast_wpseo_focuskw":["qu\u1ea3n l\u00fd d\u1ecbch thu\u1eadt"],"cmplz_hide_cookiebanner":[""],"wpcf-related-product-full-name":[""],"wpcf-related-product-download-url":[""],"wpcf-price-increase-content":[""],"wpcf-relevant-forum-documentation":["1"],"wpcf-login-box-title":[""],"wpcf-page-content":[""],"_yoast_wpseo_primary_related-projects-category":[""],"_uag_page_assets":["a:9:{s:3:\"css\";s:260:\".uag-blocks-common-selector{z-index:var(--z-index-desktop) !important}@media(max-width: 976px){.uag-blocks-common-selector{z-index:var(--z-index-tablet) !important}}@media(max-width: 767px){.uag-blocks-common-selector{z-index:var(--z-index-mobile) !important}}\";s:2:\"js\";s:0:\"\";s:18:\"current_block_list\";a:10:{i:0;s:24:\"toolset-blocks\/container\";i:1;s:22:\"toolset-blocks\/heading\";i:2;s:19:\"toolset-blocks\/grid\";i:3;s:26:\"toolset-blocks\/grid-column\";i:5;s:30:\"toolset-blocks\/fields-and-text\";i:9;s:11:\"core\/spacer\";i:10;s:12:\"core\/heading\";i:11;s:14:\"core\/paragraph\";i:13;s:20:\"toolset-blocks\/image\";i:14;s:14:\"core\/shortcode\";}s:8:\"uag_flag\";b:0;s:11:\"uag_version\";s:10:\"1778164689\";s:6:\"gfonts\";a:0:{}s:10:\"gfonts_url\";s:0:\"\";s:12:\"gfonts_files\";a:0:{}s:14:\"uag_faq_layout\";b:0;}"],"_uag_css_file_name":["uag-css-15161897.css"]},"uagb_featured_image_src":{"full":false,"thumbnail":false,"medium":false,"medium_large":false,"large":false,"1536x1536":false,"2048x2048":false,"gform-image-choice-sm":false,"gform-image-choice-md":false,"gform-image-choice-lg":false,"woocommerce_thumbnail":false,"woocommerce_single":false,"woocommerce_gallery_thumbnail":false},"uagb_author_info":{"display_name":"Dario","author_link":"https:\/\/wpml.org\/vi\/author\/darioh\/"},"uagb_comment_info":0,"uagb_excerpt":"Khi b\u1ea1n ngh\u0129 v\u1ec1 vi\u1ec7c d\u1ecbch n\u1ed9i dung, b\u1ea1n c\u00f3 th\u1ec3 ngh\u0129 \u0111\u1ebfn \"ti\u00eau \u0111\u1ec1\" v\u00e0 \"n\u1ed9i dung\" c\u1ee7a trang. Tuy nhi\u00ean, \u0111\u1ec3 d\u1ecbch n\u1ed9i dung \u0111\u1ea7y \u0111\u1ee7 c\u1ea7n ph\u1ea3i ch\u00fa \u00fd nhi\u1ec1u h\u01a1n th\u1ebf. Trong t\u00e0i li\u1ec7u n\u00e0y, ch\u00fang t\u00f4i gi\u1ea3i th\u00edch nh\u1eefng \u0111i\u1ec1u b\u1ea1n c\u1ea7n bi\u1ebft tr\u01b0\u1edbc khi b\u1eaft \u0111\u1ea7u d\u1ecbch n\u1ed9i dung&hellip;","_links":{"self":[{"href":"https:\/\/wpml.org\/vi\/wp-json\/wp\/v2\/pages\/15161897","targetHints":{"allow":["GET"]}}],"collection":[{"href":"https:\/\/wpml.org\/vi\/wp-json\/wp\/v2\/pages"}],"about":[{"href":"https:\/\/wpml.org\/vi\/wp-json\/wp\/v2\/types\/page"}],"author":[{"embeddable":true,"href":"https:\/\/wpml.org\/vi\/wp-json\/wp\/v2\/users\/76577"}],"replies":[{"embeddable":true,"href":"https:\/\/wpml.org\/vi\/wp-json\/wp\/v2\/comments?post=15161897"}],"version-history":[{"count":8,"href":"https:\/\/wpml.org\/vi\/wp-json\/wp\/v2\/pages\/15161897\/revisions"}],"predecessor-version":[{"id":17792171,"href":"https:\/\/wpml.org\/vi\/wp-json\/wp\/v2\/pages\/15161897\/revisions\/17792171"}],"up":[{"embeddable":true,"href":"https:\/\/wpml.org\/vi\/wp-json\/wp\/v2\/pages\/17417125"}],"wp:attachment":[{"href":"https:\/\/wpml.org\/vi\/wp-json\/wp\/v2\/media?parent=15161897"}],"wp:term":[{"taxonomy":"related-projects-category","embeddable":true,"href":"https:\/\/wpml.org\/vi\/wp-json\/wp\/v2\/related-projects-category?post=15161897"}],"curies":[{"name":"wp","href":"https:\/\/api.w.org\/{rel}","templated":true}]}}