{"id":15161996,"date":"2018-06-05T07:33:41","date_gmt":"2018-06-05T07:33:41","guid":{"rendered":"https:\/\/wpml.org\/quan-ly-dich-thuat\/trinh-bien-dich-nang-cao\/"},"modified":"2025-11-03T11:34:01","modified_gmt":"2025-11-03T11:34:01","slug":"trinh-bien-dich-nang-cao","status":"publish","type":"page","link":"https:\/\/wpml.org\/vi\/tai-lieu-wpml\/quan-ly-dich-thuat\/trinh-bien-dich-nang-cao\/","title":{"rendered":"Tr\u00ecnh bi\u00ean d\u1ecbch n\u00e2ng cao"},"content":{"rendered":"\n<div class=\"wp-block-toolset-blocks-container tb-container alignfull\" data-toolset-blocks-container=\"b43b4d0738be11c7c2c0678fa767bc44\"><div class=\"tb-container-inner\">\n<p class=\"tb-heading has-text-color\" data-toolset-blocks-heading=\"0190bf5c0f5e682e6e1d8be7e6f401ac\" data-last-update=\"1.4\"><span><span><a href=\"https:\/\/wpml.org\/vi\/trang-chu\/\">Home<\/a><\/span><\/span><\/p>\n\n\n\n<div class=\"wp-block-toolset-blocks-grid tb-grid\" data-toolset-blocks-grid=\"3bd56fee3cfbd50d66bc5f9fd84ad209\">\n<div class=\"wp-block-toolset-blocks-grid-column tb-grid-column tb-grid-align-center\" data-toolset-blocks-grid-column=\"f586ff7bfe1d7317c63162ec7b7039ed\">\n<div class=\"wp-block-toolset-blocks-container tb-container\" data-toolset-blocks-container=\"d1145a202a133618fec34f7d20c9dbb9\">\n<h1 class=\"tb-heading has-text-color\" data-toolset-blocks-heading=\"343efed024a80ac2a1ee090ed32a2c27\" data-last-update=\"1.4\">Tr\u00ecnh bi\u00ean d\u1ecbch n\u00e2ng cao<\/h1>\n\n\n\n<p class=\"tb-heading has-text-color\" data-toolset-blocks-heading=\"af2163c1fd8f2d90dd812af009e1ef56\" data-last-update=\"1.4\">Tr\u00ecnh bi\u00ean d\u1ecbch n\u00e2ng cao c\u1ee7a WPML cung c\u1ea5p c\u00e1ch nhanh nh\u1ea5t, ti\u1ec7n l\u1ee3i nh\u1ea5t v\u00e0 ph\u1ea3i ch\u0103ng nh\u1ea5t \u0111\u1ec3 c\u00f3 \u0111\u01b0\u1ee3c b\u1ea3n d\u1ecbch ch\u00ednh x\u00e1c cho c\u00e1c trang web WordPress.<\/p>\n<\/div>\n<\/div>\n\n\n\n<div class=\"wp-block-toolset-blocks-grid-column tb-grid-column tb-grid-align-center\" data-toolset-blocks-grid-column=\"c77f65d01bb1c283e93f285b389d97af\">\n<div class=\"tb-fields-and-text\" data-toolset-blocks-fields-and-text=\"3e1d2592ce20bdf2bf813c9dfa44c991\"><p><img decoding=\"async\" class=\"size-full wp-image-15805580 aligncenter\" src=\"https:\/\/wpml.org\/wp-content\/uploads\/2024\/06\/ATE-min.png\" alt=\"\" width=\"744\" height=\"754\" srcset=\"https:\/\/wpml.org\/wp-content\/uploads\/2024\/06\/ATE-min.png 744w, https:\/\/wpml.org\/wp-content\/uploads\/2024\/06\/ATE-min-296x300.png 296w, https:\/\/wpml.org\/wp-content\/uploads\/2024\/06\/ATE-min-148x150.png 148w, https:\/\/wpml.org\/wp-content\/uploads\/2024\/06\/ATE-min-300x304.png 300w, https:\/\/wpml.org\/wp-content\/uploads\/2024\/06\/ATE-min-100x100.png 100w\" sizes=\"(max-width: 744px) 100vw, 744px\" \/><\/p><\/div>\n<\/div>\n<\/div>\n<\/div><\/div>\n\n<div class=\"wp-block-toolset-blocks-container tb-container product-page-content\" data-toolset-blocks-container=\"238ff9eb0cba89de9e261fd422193fcb\"><div class=\"tb-container-inner\">\n<h2 class=\"tb-heading has-text-color\" data-toolset-blocks-heading=\"e7d8728149d45e0bf04d87cd28846a7f\" data-last-update=\"1.4\">Tr\u00ecnh so\u1ea1n th\u1ea3o d\u1ecbch theo ng\u1eef c\u1ea3nh song song<\/h2>\n\n\n\n<p class=\"tb-heading has-text-color\" data-toolset-blocks-heading=\"6b02de44a943e94854dc79db5a6b6074\" data-last-update=\"1.4\">Xem nh\u1eefng g\u00ec b\u1ea1n \u0111ang d\u1ecbch, khi b\u1ea1n d\u1ecbch. Tr\u00ecnh bi\u00ean d\u1ecbch c\u1ee7a WPML hi\u1ec3n th\u1ecb n\u1ed9i dung b\u1ea1n d\u1ecbch, theo c\u00e1ch WordPress t\u1ed5 ch\u1ee9c n\u00f3. Kh\u00f4ng c\u1ea7n ph\u1ea3i \u0111o\u00e1n xem b\u1ea1n \u0111ang d\u1ecbch g\u00ec v\u00e0 n\u00f3 xu\u1ea5t hi\u1ec7n \u1edf \u0111\u00e2u tr\u00ean trang web.  <\/p>\n\n\n\n<figure class=\"wp-block-image tb-image tb-image-dynamic tb-image-frame-none\" data-toolset-blocks-image=\"31308a598bbcfe8f9adf74abff1916f2\"><a href=\"https:\/\/wpml.org\/wp-content\/uploads\/2025\/10\/Side-by-side-translations.png\"><img decoding=\"async\" width=\"1024\" height=\"605\" loading=\"lazy\" src=\"https:\/\/wpml.org\/wp-content\/uploads\/2025\/10\/Side-by-side-translations-1024x605.png\" alt=\"Side-by-side translations in the Advanced Translation Editor\" class=\"wp-image-17536006\" srcset=\"https:\/\/wpml.org\/wp-content\/uploads\/2025\/10\/Side-by-side-translations-1024x605.png 1024w, https:\/\/wpml.org\/wp-content\/uploads\/2025\/10\/Side-by-side-translations-300x177.png 300w, https:\/\/wpml.org\/wp-content\/uploads\/2025\/10\/Side-by-side-translations-150x89.png 150w, https:\/\/wpml.org\/wp-content\/uploads\/2025\/10\/Side-by-side-translations-768x454.png 768w, https:\/\/wpml.org\/wp-content\/uploads\/2025\/10\/Side-by-side-translations-1536x908.png 1536w, https:\/\/wpml.org\/wp-content\/uploads\/2025\/10\/Side-by-side-translations-2048x1210.png 2048w\" sizes=\"auto, (max-width: 1024px) 100vw, 1024px\" \/><\/a><\/figure>\n\n\n\n<h2 class=\"tb-heading has-text-color\" data-toolset-blocks-heading=\"cf4fc801c05855659a1eeebe44782da5\" data-last-update=\"1.4\">Ch\u1ec9nh s\u1eeda HTML an to\u00e0n<\/h2>\n\n\n\n<p class=\"tb-heading has-text-color\" data-toolset-blocks-heading=\"6b02de44a943e94854dc79db5a6b6074\" data-last-update=\"1.4\">N\u1ed9i dung WordPress phong ph\u00fa v\u1edbi c\u1ea5u tr\u00fac, \u0111\u1ecbnh d\u1ea1ng v\u00e0 li\u00ean k\u1ebft. Tr\u00ecnh bi\u00ean d\u1ecbch c\u1ee7a WPML l\u00e0m cho vi\u1ec7c v\u00f4 t\u00ecnh ph\u00e1 v\u1ee1 \u0111\u1ecbnh d\u1ea1ng HTML, b\u1ecf s\u00f3t li\u00ean k\u1ebft ho\u1eb7c g\u00e2y ra v\u1ea5n \u0111\u1ec1 thi\u1ebft k\u1ebf l\u00e0 kh\u00f4ng th\u1ec3. D\u00f9 ai \u0111ang d\u1ecbch cho b\u1ea1n (bao g\u1ed3m c\u1ea3 AI c\u1ee7a ch\u00fang t\u00f4i), b\u1ea1n c\u00f3 th\u1ec3 y\u00ean t\u00e2m r\u1eb1ng kh\u00f4ng c\u00f3 g\u00ec s\u1ebd b\u1ecb h\u1ecfng.  <\/p>\n\n\n\n<figure class=\"wp-block-image tb-image tb-image-dynamic tb-image-frame-none\" data-toolset-blocks-image=\"cba4e48f96488d01dfa5cda98a3c06e1\"><a href=\"https:\/\/wpml.org\/wp-content\/uploads\/2025\/10\/Safe-html-editing-2.png\"><img decoding=\"async\" width=\"1024\" height=\"642\" loading=\"lazy\" src=\"https:\/\/wpml.org\/wp-content\/uploads\/2025\/10\/Safe-html-editing-2-1024x642.png\" alt=\"Safe html editing in the Advanced Translation Editor\" class=\"wp-image-17536170\" srcset=\"https:\/\/wpml.org\/wp-content\/uploads\/2025\/10\/Safe-html-editing-2-1024x642.png 1024w, https:\/\/wpml.org\/wp-content\/uploads\/2025\/10\/Safe-html-editing-2-300x188.png 300w, https:\/\/wpml.org\/wp-content\/uploads\/2025\/10\/Safe-html-editing-2-150x94.png 150w, https:\/\/wpml.org\/wp-content\/uploads\/2025\/10\/Safe-html-editing-2-768x482.png 768w, https:\/\/wpml.org\/wp-content\/uploads\/2025\/10\/Safe-html-editing-2-1536x963.png 1536w, https:\/\/wpml.org\/wp-content\/uploads\/2025\/10\/Safe-html-editing-2.png 1968w\" sizes=\"auto, (max-width: 1024px) 100vw, 1024px\" \/><\/a><\/figure>\n\n\n\n<div class=\"wp-block-toolset-blocks-grid tb-grid\" data-toolset-blocks-grid=\"a0a4878c81addb54b771e14a857909b0\">\n<div class=\"wp-block-toolset-blocks-grid-column tb-grid-column tb-grid-align-center\" data-toolset-blocks-grid-column=\"f586ff7bfe1d7317c63162ec7b7039ed\">\n<div class=\"tb-fields-and-text\" data-toolset-blocks-fields-and-text=\"3e1d2592ce20bdf2bf813c9dfa44c991\"><p><img decoding=\"async\" class=\" aligncenter\" src=\"https:\/\/wpml.org\/wp-content\/uploads\/2024\/06\/CT-4-min.png\" width=\"220\" height=\"220\"\/><\/p><\/div>\n<\/div>\n\n\n\n<div class=\"wp-block-toolset-blocks-grid-column tb-grid-column tb-grid-align-center\" data-toolset-blocks-grid-column=\"f586ff7bfe1d7317c63162ec7b7039ed\">\n<h2 class=\"tb-heading has-text-color\" data-toolset-blocks-heading=\"194070cc2a1965e46aef0588e1fc15d6\" data-last-update=\"1.4\">M\u1ed9t ph\u01b0\u01a1ng ph\u00e1p d\u1ecbch cho m\u1ecdi lo\u1ea1i n\u1ed9i dung<\/h2>\n\n\n\n<p class=\"tb-heading has-text-color\" data-toolset-blocks-heading=\"6b02de44a943e94854dc79db5a6b6074\" data-last-update=\"1.4\">D\u00f9 b\u1ea1n \u0111ang d\u1ecbch m\u1ed9t b\u00e0i \u0111\u0103ng blog, m\u1ed9t trang, m\u1ed9t bi\u1ec3u m\u1eabu li\u00ean h\u1ec7 hay m\u1ed9t s\u1ea3n ph\u1ea9m, quy tr\u00ecnh d\u1ecbch v\u1eabn gi\u1ed1ng nhau.<\/p>\n<\/div>\n<\/div>\n\n\n\n<h2 class=\"tb-heading has-text-color\" data-toolset-blocks-heading=\"e7d8728149d45e0bf04d87cd28846a7f\" data-last-update=\"1.4\">\u0110\u00e1nh gi\u00e1 giao di\u1ec7n ng\u01b0\u1eddi d\u00f9ng<\/h2>\n\n\n\n<p class=\"tb-heading has-text-color\" data-toolset-blocks-heading=\"6b02de44a943e94854dc79db5a6b6074\" data-last-update=\"1.4\">B\u01b0\u1edbc cu\u1ed1i c\u00f9ng trong D\u1ecbch t\u1ef1 \u0111\u1ed9ng AI c\u1ee7a WPML l\u00e0 \u0111\u00e1nh gi\u00e1 giao di\u1ec7n ng\u01b0\u1eddi d\u00f9ng. B\u1ea1n s\u1ebd th\u1ea5y c\u00e1c b\u1ea3n d\u1ecbch tr\u01b0\u1edbc khi xu\u1ea5t b\u1ea3n, ch\u00ednh x\u00e1c nh\u01b0 c\u00e1ch ch\u00fang s\u1ebd xu\u1ea5t hi\u1ec7n v\u1edbi kh\u00e1ch truy c\u1eadp. N\u1ebfu b\u1ea1n nh\u1eadn th\u1ea5y \u0111i\u1ec1u g\u00ec sai, h\u00e3y nh\u1ea5p \u0111\u1ec3 ch\u1ec9nh s\u1eeda, tr\u01b0\u1edbc khi kh\u00e1ch h\u00e0ng c\u1ee7a b\u1ea1n th\u1ea5y c\u00e1c b\u1ea3n d\u1ecbch.  <\/p>\n\n\n\n<figure class=\"wp-block-image tb-image tb-image-dynamic tb-image-frame-none\" data-toolset-blocks-image=\"24c6c34b04a5ffcfea0a6cd85a3aba5d\"><a href=\"https:\/\/wpml.org\/wp-content\/uploads\/2025\/10\/Reviewing-product-on-front-end-editor-1.png\"><img decoding=\"async\" width=\"1024\" height=\"667\" loading=\"lazy\" src=\"https:\/\/wpml.org\/wp-content\/uploads\/2025\/10\/Reviewing-product-on-front-end-editor-1-1024x667.png\" alt=\"Reviewing product on front-end editor\" class=\"wp-image-17536184\" srcset=\"https:\/\/wpml.org\/wp-content\/uploads\/2025\/10\/Reviewing-product-on-front-end-editor-1-1024x667.png 1024w, https:\/\/wpml.org\/wp-content\/uploads\/2025\/10\/Reviewing-product-on-front-end-editor-1-300x195.png 300w, https:\/\/wpml.org\/wp-content\/uploads\/2025\/10\/Reviewing-product-on-front-end-editor-1-150x98.png 150w, https:\/\/wpml.org\/wp-content\/uploads\/2025\/10\/Reviewing-product-on-front-end-editor-1-768x500.png 768w, https:\/\/wpml.org\/wp-content\/uploads\/2025\/10\/Reviewing-product-on-front-end-editor-1-1536x1000.png 1536w, https:\/\/wpml.org\/wp-content\/uploads\/2025\/10\/Reviewing-product-on-front-end-editor-1.png 1791w\" sizes=\"auto, (max-width: 1024px) 100vw, 1024px\" \/><\/a><\/figure>\n\n\n\n<div class=\"wp-block-toolset-blocks-grid tb-grid\" data-toolset-blocks-grid=\"aeda342898b07eb620db0b2692b896b9\">\n<div class=\"wp-block-toolset-blocks-grid-column tb-grid-column tb-grid-align-center\" data-toolset-blocks-grid-column=\"f586ff7bfe1d7317c63162ec7b7039ed\">\n<div class=\"tb-fields-and-text\" data-toolset-blocks-fields-and-text=\"3e1d2592ce20bdf2bf813c9dfa44c991\"><p><img decoding=\"async\" class=\"aligncenter\" src=\"https:\/\/wpml.org\/wp-content\/uploads\/2024\/06\/AI-2-min.png\" width=\"186\" height=\"186\"\/><\/p><\/div>\n<\/div>\n\n\n\n<div class=\"wp-block-toolset-blocks-grid-column tb-grid-column tb-grid-align-center\" data-toolset-blocks-grid-column=\"f586ff7bfe1d7317c63162ec7b7039ed\">\n<h2 class=\"tb-heading has-text-color\" data-toolset-blocks-heading=\"09aef7265010ac977f32609fcd269223\" data-last-update=\"1.4\">D\u1ecbch t\u1ef1 \u0111\u1ed9ng AI<\/h2>\n\n\n\n<p class=\"tb-heading has-text-color\" data-toolset-blocks-heading=\"6b02de44a943e94854dc79db5a6b6074\" data-last-update=\"1.4\">Tr\u00ecnh bi\u00ean d\u1ecbch n\u00e2ng cao cho ph\u00e9p b\u1ea1n s\u1eed d\u1ee5ng <a href=\"https:\/\/wpml.org\/vi\/tai-lieu-wpml\/dich-tu-dong-cho-noi-dung-wordpress-voi-wpml\/\">AI Translation<\/a> c\u1ee7a WPML v\u00e0 nh\u1eadn \u0111\u01b0\u1ee3c b\u1ea3n d\u1ecbch ch\u1ea5t l\u01b0\u1ee3ng con ng\u01b0\u1eddi, v\u1edbi t\u1ed1c \u0111\u1ed9 v\u00e0 chi ph\u00ed c\u1ee7a m\u00e1y m\u00f3c. Ch\u00fang t\u00f4i s\u1eed d\u1ee5ng k\u1ebft h\u1ee3p c\u00e1c c\u00f4ng ngh\u1ec7 d\u1ecbch thu\u1eadt cao c\u1ea5p, c\u00f9ng v\u1edbi c\u00e1c thu\u1eadt to\u00e1n \u0111\u1ed9c quy\u1ec1n c\u1ee7a ch\u00fang t\u00f4i, \u0111\u1ec3 cung c\u1ea5p b\u1ea3n d\u1ecbch AI t\u1ed1t nh\u1ea5t c\u00f3 th\u1ec3.<\/p>\n<\/div>\n<\/div>\n\n\n\n<div class=\"wp-block-toolset-blocks-container tb-container\" data-toolset-blocks-container=\"effb74344ce72658700211638812e9d5\">\n<div class=\"wp-block-toolset-blocks-grid tb-grid\" data-toolset-blocks-grid=\"878bfbda017a65e1f7d8192ec5498259\">\n<div class=\"wp-block-toolset-blocks-grid-column tb-grid-column tb-grid-align-center\" data-toolset-blocks-grid-column=\"f586ff7bfe1d7317c63162ec7b7039ed\">\n<div class=\"wp-block-toolset-blocks-container tb-container\" data-toolset-blocks-container=\"dcd113b1b0d67dc106a78b38f78a7e36\"><\/div>\n<\/div>\n\n\n\n<div class=\"wp-block-toolset-blocks-grid-column tb-grid-column tb-grid-align-center\" data-toolset-blocks-grid-column=\"f586ff7bfe1d7317c63162ec7b7039ed\">\n<h3 class=\"tb-heading has-text-color\" data-toolset-blocks-heading=\"895ee183921d28cee0d4bb29b89f2e99\" data-last-update=\"1.4\">T\u00e0i li\u1ec7u b\u1ed5 sung<\/h3>\n<\/div>\n<\/div>\n\n\n\n<div class=\"tb-button mention-btn\" data-toolset-blocks-button=\"73543e4b14378bc4afcba3eda7289d1b\"><a class=\"tb-button__link\" href=\"https:\/\/wpml.org\/documentation\/translating-your-contents\/advanced-translation-editor\/how-to-create-and-manage-glossary-entries\/\"><i class=\"tb-button__icon\"><\/i><span class=\"tb-button__content\">C\u00e1ch s\u1eed d\u1ee5ng t\u1eeb \u0111i\u1ec3n \u0111\u1ec3 d\u1ecbch ch\u00ednh x\u00e1c<\/span><\/a><\/div>\n\n\n\n<div style=\"height:16px\" aria-hidden=\"true\" class=\"wp-block-spacer\"><\/div>\n\n\n\n<div class=\"tb-button mention-btn\" data-toolset-blocks-button=\"22935c74e9c85db30cbf45ce832437dc\"><a class=\"tb-button__link\" href=\"https:\/\/wpml.org\/documentation\/translating-your-contents\/advanced-translation-editor\/using-advanced-translation-editor-when-you-move-or-use-a-copy-of-your-site\/\"><i class=\"tb-button__icon\"><\/i><span class=\"tb-button__content\">Qu\u1ea3n l\u00fd b\u1ea3n d\u1ecbch khi chuy\u1ec3n t\u1eeb ph\u00e1t tri\u1ec3n sang s\u1ea3n xu\u1ea5t ho\u1eb7c sao ch\u00e9p trang web c\u1ee7a b\u1ea1n<\/span><\/a><\/div>\n<\/div>\n<\/div><\/div>\n","protected":false},"excerpt":{"rendered":"","protected":false},"author":76577,"featured_media":0,"parent":15161897,"menu_order":4,"comment_status":"closed","ping_status":"closed","template":"template-full.php","meta":{"_bbp_topic_count":0,"_bbp_reply_count":0,"_bbp_total_topic_count":0,"_bbp_total_reply_count":0,"_bbp_voice_count":0,"_bbp_anonymous_reply_count":0,"_bbp_topic_count_hidden":0,"_bbp_reply_count_hidden":0,"_bbp_forum_subforum_count":0,"_uag_custom_page_level_css":"","ep_exclude_from_search":false,"footnotes":""},"related-projects-category":[],"class_list":["post-15161996","page","type-page","status-publish","hentry"],"spectra_custom_meta":{"ratings_users":["0"],"ratings_score":["0"],"ratings_average":["0"],"_subscription_coupon_product_id":["0"],"_wpv_contains_gutenberg_views":[""],"_alp_processed":["1762169641"],"_views_template":["0"],"wpcf-unformatted-code":[""],"_wpml_media_duplicate":["0"],"_wpml_media_featured":["1"],"toolset_post_editor_mode":["block"],"wpcf-price-increase-show-from":[""],"wpcf-price-increase-show-till":[""],"_wp_page_template":["template-full.php"],"_last_translation_edit_mode":["translation-editor"],"_oembed_1e02e02ee671c61d8638766a0ee1cb8e":["<iframe title=\"WPML Advanced Translation Editor\" width=\"700\" height=\"394\" src=\"https:\/\/www.youtube.com\/embed\/TmmyU6MtXY8?feature=oembed\" frameborder=\"0\" allow=\"accelerometer; autoplay; clipboard-write; encrypted-media; gyroscope; picture-in-picture; web-share\" allowfullscreen><\/iframe>"],"_oembed_time_1e02e02ee671c61d8638766a0ee1cb8e":["1704770422"],"_wpml_word_count":["435"],"cmplz_hide_cookiebanner":[""],"wpcf-price-increase-content":[""],"wpcf-relevant-forum-documentation":["1"],"wpcf-login-box-title":[""],"wpcf-page-content":[""],"_yoast_wpseo_primary_related-projects-category":[""],"_yoast_wpseo_metadesc":["Tr\u00ecnh bi\u00ean d\u1ecbch n\u00e2ng cao c\u1ee7a WPML cung c\u1ea5p c\u00e1ch nhanh nh\u1ea5t, ti\u1ec7n l\u1ee3i nh\u1ea5t v\u00e0 ph\u1ea3i ch\u0103ng nh\u1ea5t \u0111\u1ec3 c\u00f3 \u0111\u01b0\u1ee3c b\u1ea3n d\u1ecbch ch\u00ednh x\u00e1c cho c\u00e1c trang web WordPress."],"_uag_css_file_name":["uag-css-15161996.css"],"_uag_page_assets":["a:9:{s:3:\"css\";s:260:\".uag-blocks-common-selector{z-index:var(--z-index-desktop) !important}@media(max-width: 976px){.uag-blocks-common-selector{z-index:var(--z-index-tablet) !important}}@media(max-width: 767px){.uag-blocks-common-selector{z-index:var(--z-index-mobile) !important}}\";s:2:\"js\";s:0:\"\";s:18:\"current_block_list\";a:9:{i:0;s:24:\"toolset-blocks\/container\";i:1;s:22:\"toolset-blocks\/heading\";i:2;s:19:\"toolset-blocks\/grid\";i:3;s:26:\"toolset-blocks\/grid-column\";i:5;s:30:\"toolset-blocks\/fields-and-text\";i:6;s:20:\"toolset-blocks\/image\";i:7;s:21:\"toolset-blocks\/button\";i:8;s:11:\"core\/spacer\";i:9;s:14:\"core\/shortcode\";}s:8:\"uag_flag\";b:0;s:11:\"uag_version\";s:10:\"1778808146\";s:6:\"gfonts\";a:0:{}s:10:\"gfonts_url\";s:0:\"\";s:12:\"gfonts_files\";a:0:{}s:14:\"uag_faq_layout\";b:0;}"]},"uagb_featured_image_src":{"full":false,"thumbnail":false,"medium":false,"medium_large":false,"large":false,"1536x1536":false,"2048x2048":false,"gform-image-choice-sm":false,"gform-image-choice-md":false,"gform-image-choice-lg":false,"woocommerce_thumbnail":false,"woocommerce_single":false,"woocommerce_gallery_thumbnail":false},"uagb_author_info":{"display_name":"Dario","author_link":"https:\/\/wpml.org\/vi\/author\/darioh\/"},"uagb_comment_info":0,"uagb_excerpt":null,"_links":{"self":[{"href":"https:\/\/wpml.org\/vi\/wp-json\/wp\/v2\/pages\/15161996","targetHints":{"allow":["GET"]}}],"collection":[{"href":"https:\/\/wpml.org\/vi\/wp-json\/wp\/v2\/pages"}],"about":[{"href":"https:\/\/wpml.org\/vi\/wp-json\/wp\/v2\/types\/page"}],"author":[{"embeddable":true,"href":"https:\/\/wpml.org\/vi\/wp-json\/wp\/v2\/users\/76577"}],"replies":[{"embeddable":true,"href":"https:\/\/wpml.org\/vi\/wp-json\/wp\/v2\/comments?post=15161996"}],"version-history":[{"count":8,"href":"https:\/\/wpml.org\/vi\/wp-json\/wp\/v2\/pages\/15161996\/revisions"}],"predecessor-version":[{"id":17540759,"href":"https:\/\/wpml.org\/vi\/wp-json\/wp\/v2\/pages\/15161996\/revisions\/17540759"}],"up":[{"embeddable":true,"href":"https:\/\/wpml.org\/vi\/wp-json\/wp\/v2\/pages\/15161897"}],"wp:attachment":[{"href":"https:\/\/wpml.org\/vi\/wp-json\/wp\/v2\/media?parent=15161996"}],"wp:term":[{"taxonomy":"related-projects-category","embeddable":true,"href":"https:\/\/wpml.org\/vi\/wp-json\/wp\/v2\/related-projects-category?post=15161996"}],"curies":[{"name":"wp","href":"https:\/\/api.w.org\/{rel}","templated":true}]}}