{"id":15194531,"date":"2024-01-17T11:35:54","date_gmt":"2024-01-17T11:35:54","guid":{"rendered":"https:\/\/wpml.org\/cac-du-an-lien-quan\/"},"modified":"2025-09-19T14:18:53","modified_gmt":"2025-09-19T14:18:53","slug":"cac-du-an-lien-quan","status":"publish","type":"page","link":"https:\/\/wpml.org\/vi\/tai-lieu-wpml\/cac-du-an-lien-quan\/","title":{"rendered":"C\u00e1c d\u1ef1 \u00e1n li\u00ean quan"},"content":{"rendered":"\n<div class=\"wp-block-toolset-blocks-container tb-container\" data-toolset-blocks-container=\"bd2e94b9989cc14eb39c6fbe0a58b640\"><div class=\"tb-container-inner\">\n<p class=\"tb-heading\" data-toolset-blocks-heading=\"fd2bebae4a20c4be8f67d0b557f121dc\" data-last-update=\"1.4\">Ngo\u00e0i WPML , ch\u00fang t\u00f4i c\u00f2n cung c\u1ea5p c\u00e1c c\u00f4ng c\u1ee5 b\u1ed5 sung \u0111\u1ec3 h\u1ed7 tr\u1ee3 b\u1ea1n d\u1ecbch c\u00e1c kh\u00eda c\u1ea1nh kh\u00e1c nhau c\u1ee7a trang web c\u1ee7a m\u00ecnh. D\u1ec5 d\u00e0ng x\u00e2y d\u1ef1ng m\u1ed9t trang web \u0111a ng\u00f4n ng\u1eef to\u00e0n di\u1ec7n b\u1eb1ng c\u00e1c gi\u1ea3i ph\u00e1p th\u00e2n thi\u1ec7n v\u1edbi ng\u01b0\u1eddi d\u00f9ng c\u1ee7a ch\u00fang t\u00f4i, t\u00edch h\u1ee3p li\u1ec1n m\u1ea1ch v\u1edbi c\u00e1c plugin WordPress h\u00e0ng \u0111\u1ea7u.<\/p>\n<\/div><\/div>\n<div class=\"wpv-view-output\" data-toolset-views-view-editor=\"db951b03d71daa524cc05baa62f47590\"><div class=\"wpv-view-wrapper\"><div class=\"wpv-custom-search-loading-overlay js-wpv-custom-search-loading-overlay\" style=\"display:none;background:rgba( 255, 255, 255, 0 );\">\n\t\t\t\t\t<div class=\"spinner\">\n\t\t\t\t\t\t<div class=\"icon\" style=\"background:url(https:\/\/wpml.org\/wp-content\/plugins\/wp-views\/embedded\/res\/img\/ajax-loader3.svg)\"><\/div>\n\t\t\t\t\t<\/div>\n\t\t\t\t<\/div><div class=\"wp-block-toolset-views-view-editor\">\n<div class=\"wp-block-toolset-blocks-container tb-container\" data-toolset-blocks-container=\"f1f6cf433548e794e350cca473324a7f\"><div class=\"tb-container-inner\">\n<div class=\"wp-block-toolset-views-custom-search-container\"><form autocomplete=\"off\" name=\"wpv-filter-13463167-TCPID15194531\" action=\"\/vi\/wp-json\/wp\/v2\/pages\/15194531?wpv_view_count=13463167-TCPID15194531\" method=\"get\" class=\"wpv-filter-form js-wpv-filter-form js-wpv-filter-form-13463167-TCPID15194531 js-wpv-form-full js-wpv-dps-enabled js-wpv-ajax-results-enabled\" data-viewnumber=\"13463167-TCPID15194531\" data-viewid=\"13463167\" data-viewhash=\"eyJuYW1lIjoicmVsYXRlZC1wcm9qZWN0cyJ9\" data-viewwidgetid=\"0\" data-orderby=\"\" data-order=\"\" data-orderbyas=\"\" data-orderbysecond=\"\" data-ordersecond=\"\" data-parametric=\"{&quot;query&quot;:&quot;normal&quot;,&quot;id&quot;:13463167,&quot;view_id&quot;:13463167,&quot;widget_id&quot;:0,&quot;view_hash&quot;:&quot;13463167-TCPID15194531&quot;,&quot;action&quot;:&quot;\\\/vi\\\/wp-json\\\/wp\\\/v2\\\/pages\\\/15194531?wpv_view_count=13463167-TCPID15194531&quot;,&quot;sort&quot;:{&quot;orderby&quot;:&quot;&quot;,&quot;order&quot;:&quot;&quot;,&quot;orderby_as&quot;:&quot;&quot;,&quot;orderby_second&quot;:&quot;&quot;,&quot;order_second&quot;:&quot;&quot;},&quot;orderby&quot;:&quot;&quot;,&quot;order&quot;:&quot;&quot;,&quot;orderby_as&quot;:&quot;&quot;,&quot;orderby_second&quot;:&quot;&quot;,&quot;order_second&quot;:&quot;&quot;,&quot;ajax_form&quot;:&quot;&quot;,&quot;ajax_results&quot;:&quot;&quot;,&quot;effect&quot;:&quot;fade&quot;,&quot;prebefore&quot;:&quot;&quot;,&quot;before&quot;:&quot;&quot;,&quot;after&quot;:&quot;&quot;,&quot;attributes&quot;:[],&quot;environment&quot;:{&quot;current_post_id&quot;:15194531,&quot;parent_post_id&quot;:15194531,&quot;parent_term_id&quot;:0,&quot;parent_user_id&quot;:0,&quot;archive&quot;:{&quot;type&quot;:&quot;&quot;,&quot;name&quot;:&quot;&quot;,&quot;data&quot;:[]}},&quot;loop&quot;:{&quot;type&quot;:&quot;&quot;,&quot;name&quot;:&quot;&quot;,&quot;data&quot;:[],&quot;id&quot;:0}}\" data-attributes=\"[]\" data-environment=\"{&quot;current_post_id&quot;:15194531,&quot;parent_post_id&quot;:15194531,&quot;parent_term_id&quot;:0,&quot;parent_user_id&quot;:0,&quot;archive&quot;:{&quot;type&quot;:&quot;&quot;,&quot;name&quot;:&quot;&quot;,&quot;data&quot;:[]}}\"><input type=\"hidden\" class=\"js-wpv-dps-filter-data js-wpv-filter-data-for-this-form\" data-action=\"\/vi\/wp-json\/wp\/v2\/pages\/15194531?wpv_view_count=13463167-TCPID15194531\" data-page=\"1\" data-ajax=\"enable\" data-effect=\"fade\" data-maxpages=\"0\" data-ajaxprebefore=\"\" data-ajaxbefore=\"\" data-ajaxafter=\"\" \/><input class=\"wpv_view_count wpv_view_count-13463167-TCPID15194531\" type=\"hidden\" name=\"wpv_view_count\" value=\"13463167-TCPID15194531\" \/> <div>\n<div class=\"wp-block-toolset-blocks-grid tb-grid\" data-toolset-blocks-grid=\"83ae1f9bb26c3f4528f4604370d54270\">\n<div class=\"wp-block-toolset-blocks-grid-column tb-grid-column tb-grid-align-top\" data-toolset-blocks-grid-column=\"3034fbe886c11054e95b46b09d3e4112\"><\/div>\n\n\n\n<div class=\"wp-block-toolset-blocks-grid-column tb-grid-column tb-grid-align-top\" data-toolset-blocks-grid-column=\"3034fbe886c11054e95b46b09d3e4112\"><\/div>\n\n\n\n<div class=\"wp-block-toolset-blocks-grid-column tb-grid-column tb-grid-align-top\" data-toolset-blocks-grid-column=\"3034fbe886c11054e95b46b09d3e4112\">\n<div class=\"wp-block-toolset-views-custom-search-filter wpv-custom-search-filter wpv-custom-search-filter-label-top\" data-toolset-views-custom-search-filter=\"849814c662e41bf8c56007a999863a5a\"><div><div class=\"form-group\"><span class=\"wpv-custom-search-filter__input\"><select name=\"wpv-related-projects-category\" class=\"js-wpv-filter-trigger form-control\"><option selected='selected' value=\"0\">- T\u1ea5t c\u1ea3 danh m\u1ee5c -<\/option><option value=\"forms-vi\">Bi\u1ec3u m\u1eabu<\/option><option value=\"mang-xa-hoi-dien-dan\">M\u1ea1ng x\u00e3 h\u1ed9i &amp; Di\u1ec5n \u0111\u00e0n<\/option><option value=\"nhap-khau-xuat-khau\">Nh\u1eadp kh\u1ea9u xu\u1ea5t kh\u1ea9u<\/option><option value=\"seo-vi\">SEO<\/option><option value=\"e-commerce-vi\">Th\u01b0\u01a1ng m\u1ea1i \u0111i\u1ec7n t\u1eed<\/option><option value=\"truong-tuy-chinh\">Tr\u01b0\u1eddng t\u00f9y ch\u1ec9nh<\/option><option value=\"build-advanced-sites-vi\">X\u00e2y d\u1ef1ng c\u00e1c trang web n\u00e2ng cao<\/option><\/select><\/span><\/div><\/div><\/div>\n<\/div>\n<\/div>\n<\/div> <\/form><\/div>\n\n\n<div id=\"wpv-view-layout-13463167-TCPID15194531\" class=\"js-wpv-view-layout js-wpv-layout-responsive js-wpv-view-layout-13463167-TCPID15194531\" data-viewnumber=\"13463167-TCPID15194531\" data-pagination=\"{&quot;id&quot;:13463167,&quot;query&quot;:&quot;normal&quot;,&quot;type&quot;:&quot;disabled&quot;,&quot;effect&quot;:&quot;fade&quot;,&quot;duration&quot;:500,&quot;speed&quot;:5,&quot;pause_on_hover&quot;:&quot;enabled&quot;,&quot;stop_rollover&quot;:&quot;false&quot;,&quot;cache_pages&quot;:&quot;enabled&quot;,&quot;preload_images&quot;:&quot;enabled&quot;,&quot;preload_pages&quot;:&quot;enabled&quot;,&quot;preload_reach&quot;:1,&quot;spinner&quot;:&quot;builtin&quot;,&quot;spinner_image&quot;:&quot;https:\/\/wpml.org\/wp-content\/plugins\/wp-views\/embedded\/res\/img\/ajax-loader.gif&quot;,&quot;callback_next&quot;:&quot;&quot;,&quot;manage_history&quot;:&quot;disabled&quot;,&quot;has_controls_in_form&quot;:&quot;disabled&quot;,&quot;infinite_tolerance&quot;:&quot;0&quot;,&quot;max_pages&quot;:0,&quot;page&quot;:1,&quot;base_permalink&quot;:&quot;\/vi\/wp-json\/wp\/v2\/pages\/15194531?wpv_view_count=13463167-TCPID15194531&amp;wpv_paged=WPV_PAGE_NUM&quot;,&quot;loop&quot;:{&quot;type&quot;:&quot;&quot;,&quot;name&quot;:&quot;&quot;,&quot;data&quot;:[],&quot;id&quot;:0}}\" data-permalink=\"\/vi\/wp-json\/wp\/v2\/pages\/15194531?wpv_view_count=13463167-TCPID15194531\">\n<div class=\"js-wpv-loop-wrapper\"><div class=\"tb-grid\"><div class=\"tb-grid-column\">\n<div class=\"wp-block-toolset-views-view-template-block wpv-block-loop-item php-to-be-replaced-with-shortcode\" data-toolset-views-view-template-block=\"229f8d21fffe8fbefe2a50d84bf935b1\">\n<div class=\"tb-field showcase-tax\" data-toolset-blocks-field=\"7a1051273cf99f513dd823c9e02be522\" data-last-update=\"1.4\">Th\u01b0\u01a1ng m\u1ea1i \u0111i\u1ec7n t\u1eed<\/div>\n\n\n\n<div class=\"tb-button mention-btn\" data-toolset-blocks-button=\"c99bd361af5061591097b01de874ee92\"><a class=\"tb-button__link\" href=\"https:\/\/wpml.org\/vi\/tai-lieu-wpml\/cac-du-an-lien-quan\/woocommerce-da-ngon-ngu-ngon-ngu-cac-trang-web-woocommerce-da-ngon-ngu-duoc-thuc-hien-de-dang\/\"><span class=\"tb-button__content\">WPML Multilingual &amp; Multicurrency for WooCommerce &#8211; D\u1ecbch c\u1eeda h\u00e0ng<\/span><i class=\"tb-button__icon\"><\/i><\/a><\/div>\n\n\n\n<div class=\"tb-field\" data-toolset-blocks-field=\"0ffb88e4739c9090a743afdc5ca844ad\" data-last-update=\"1.4\">WPML Multilingual &amp; Multicurrency for WooCommerce gi\u00fap b\u1ea1n d\u1ec5 d\u00e0ng v\u1eadn h\u00e0nh c\u00e1c trang web th\u01b0\u01a1ng m\u1ea1i \u0111i\u1ec7n t\u1eed \u0111a ng\u00f4n ng\u1eef v\u1edbi WooCommerce v\u00e0 WPML. Plugin n\u00e0y t\u1ed1i \u01b0u h\u00f3a quy tr\u00ecnh d\u1ecbch thu\u1eadt, v\u00ec v\u1eady...<\/div>\n<\/div>\n<\/div><div class=\"tb-grid-column\">\n<div class=\"wp-block-toolset-views-view-template-block wpv-block-loop-item php-to-be-replaced-with-shortcode\" data-toolset-views-view-template-block=\"229f8d21fffe8fbefe2a50d84bf935b1\">\n<div class=\"tb-field showcase-tax\" data-toolset-blocks-field=\"7a1051273cf99f513dd823c9e02be522\" data-last-update=\"1.4\"><\/div>\n\n\n\n<div class=\"tb-button mention-btn\" data-toolset-blocks-button=\"c99bd361af5061591097b01de874ee92\"><a class=\"tb-button__link\" href=\"https:\/\/wpml.org\/vi\/tai-lieu-wpml\/cac-du-an-lien-quan\/nhap-nhieu-ngon-ngu-voi-wpml-nhap-tat-ca-va-wpml\/\"><span class=\"tb-button__content\">Nh\u1eadp nhi\u1ec1u ng\u00f4n ng\u1eef v\u1edbi WPML Nh\u1eadp t\u1ea5t c\u1ea3 v\u00e0 WPML<\/span><i class=\"tb-button__icon\"><\/i><\/a><\/div>\n\n\n\n<div class=\"tb-field\" data-toolset-blocks-field=\"0ffb88e4739c9090a743afdc5ca844ad\" data-last-update=\"1.4\">V\u1edbi ti\u1ec7n \u00edch b\u1ed5 sung WPML Nh\u1eadp t\u1ea5t c\u1ea3 , WPML v\u00e0 WPML Nh\u1eadp t\u1ea5t c\u1ea3 , b\u1ea1n c\u00f3 th\u1ec3 nh\u1eadp n\u1ed9i dung b\u1eb1ng nhi\u1ec1u ng\u00f4n ng\u1eef. \u0110i\u1ec1u n\u00e0y bao g\u1ed3m c\u00e1c b\u00e0i \u0111\u0103ng, trang, s\u1ea3n ph\u1ea9m...<\/div>\n<\/div>\n<\/div><div class=\"tb-grid-column\">\n<div class=\"wp-block-toolset-views-view-template-block wpv-block-loop-item php-to-be-replaced-with-shortcode\" data-toolset-views-view-template-block=\"229f8d21fffe8fbefe2a50d84bf935b1\">\n<div class=\"tb-field showcase-tax\" data-toolset-blocks-field=\"7a1051273cf99f513dd823c9e02be522\" data-last-update=\"1.4\">Nh\u1eadp kh\u1ea9u xu\u1ea5t kh\u1ea9u<\/div>\n\n\n\n<div class=\"tb-button mention-btn\" data-toolset-blocks-button=\"c99bd361af5061591097b01de874ee92\"><a class=\"tb-button__link\" href=\"https:\/\/wpml.org\/vi\/tai-lieu-wpml\/cac-du-an-lien-quan\/xuat-va-nhap-wpml\/\"><span class=\"tb-button__content\">WPML Export and Import<\/span><i class=\"tb-button__icon\"><\/i><\/a><\/div>\n\n\n\n<div class=\"tb-field\" data-toolset-blocks-field=\"0ffb88e4739c9090a743afdc5ca844ad\" data-last-update=\"1.4\"><span><span><a href=\"https:\/\/wpml.org\/vi\/trang-chu\/\">Home<\/a><\/span><\/span> WPML Export and Import \u2013 Xu\u1ea5t v\u00e0 Nh\u1eadp B\u1ea3n d\u1ecbch D\u1ec5 d\u00e0ng WPML Export and Import l\u00e0 ti\u1ec7n \u00edch b\u1ed5 sung c\u1ee7a WPML \u0111\u1ec3 nh\u1eadp n\u1ed9i dung \u0111a ng\u00f4n ng\u1eef t\u1eeb b\u1ea3ng t\u00ednh v\u00e0 c\u00e1c trang...<\/div>\n<\/div>\n<\/div><div class=\"tb-grid-column\">\n<div class=\"wp-block-toolset-views-view-template-block wpv-block-loop-item php-to-be-replaced-with-shortcode\" data-toolset-views-view-template-block=\"229f8d21fffe8fbefe2a50d84bf935b1\">\n<div class=\"tb-field showcase-tax\" data-toolset-blocks-field=\"7a1051273cf99f513dd823c9e02be522\" data-last-update=\"1.4\">X\u00e2y d\u1ef1ng c\u00e1c trang web n\u00e2ng cao<\/div>\n\n\n\n<div class=\"tb-button mention-btn\" data-toolset-blocks-button=\"c99bd361af5061591097b01de874ee92\"><a class=\"tb-button__link\" href=\"https:\/\/wpml.org\/vi\/tai-lieu-wpml\/cac-du-an-lien-quan\/wpml-graphql-them-chuc-nang-da-ngon-ngu-vao-luoc-do-wpgraphql\/\"><span class=\"tb-button__content\">WPML GraphQL &#8211; Th\u00eam ch\u1ee9c n\u0103ng \u0111a ng\u00f4n ng\u1eef v\u00e0o l\u01b0\u1ee3c \u0111\u1ed3 WPGraphQL<\/span><i class=\"tb-button__icon\"><\/i><\/a><\/div>\n\n\n\n<div class=\"tb-field\" data-toolset-blocks-field=\"0ffb88e4739c9090a743afdc5ca844ad\" data-last-update=\"1.4\"><span><span><a href=\"https:\/\/wpml.org\/vi\/trang-chu\/\">Home<\/a><\/span><\/span> WPML GraphQL \u2013 Th\u00eam ch\u1ee9c n\u0103ng \u0111a ng\u00f4n ng\u1eef v\u00e0o l\u01b0\u1ee3c \u0111\u1ed3 WPGraphQL WPML GraphQL cho ph\u00e9p b\u1ea1n truy v\u1ea5n, l\u1ecdc v\u00e0 truy xu\u1ea5t n\u1ed9i dung v\u00e0 b\u1ea3n d\u1ecbch theo ng\u00f4n ng\u1eef c\u1ee5 th\u1ec3 t\u1eeb l\u01b0\u1ee3c...<\/div>\n<\/div>\n<\/div><div class=\"tb-grid-column\">\n<div class=\"wp-block-toolset-views-view-template-block wpv-block-loop-item php-to-be-replaced-with-shortcode\" data-toolset-views-view-template-block=\"229f8d21fffe8fbefe2a50d84bf935b1\">\n<div class=\"tb-field showcase-tax\" data-toolset-blocks-field=\"7a1051273cf99f513dd823c9e02be522\" data-last-update=\"1.4\">Tr\u01b0\u1eddng t\u00f9y ch\u1ec9nh, X\u00e2y d\u1ef1ng c\u00e1c trang web n\u00e2ng cao<\/div>\n\n\n\n<div class=\"tb-button mention-btn\" data-toolset-blocks-button=\"c99bd361af5061591097b01de874ee92\"><a class=\"tb-button__link\" href=\"https:\/\/wpml.org\/vi\/tai-lieu-wpml\/cac-du-an-lien-quan\/advanced-custom-fields-acf-da-ngon-ngu-dich-tat-ca-cac-truong-voi-wpml\/\"><span class=\"tb-button__content\">Advanced Custom Fields (ACF) Multilingual &#8211; D\u1ecbch t\u1ea5t c\u1ea3 c\u00e1c tr\u01b0\u1eddng v\u1edbi WPML<\/span><i class=\"tb-button__icon\"><\/i><\/a><\/div>\n\n\n\n<div class=\"tb-field\" data-toolset-blocks-field=\"0ffb88e4739c9090a743afdc5ca844ad\" data-last-update=\"1.4\">WPML cho ph\u00e9p b\u1ea1n d\u1ecbch c\u00e1c trang web \u0111\u01b0\u1ee3c x\u00e2y d\u1ef1ng b\u1eb1ng c\u00e1ch s\u1eed d\u1ee5ng plugin Advanced Custom Fields (ACF).<\/div>\n<\/div>\n<\/div><div class=\"tb-grid-column\">\n<div class=\"wp-block-toolset-views-view-template-block wpv-block-loop-item php-to-be-replaced-with-shortcode\" data-toolset-views-view-template-block=\"229f8d21fffe8fbefe2a50d84bf935b1\">\n<div class=\"tb-field showcase-tax\" data-toolset-blocks-field=\"7a1051273cf99f513dd823c9e02be522\" data-last-update=\"1.4\">SEO<\/div>\n\n\n\n<div class=\"tb-button mention-btn\" data-toolset-blocks-button=\"c99bd361af5061591097b01de874ee92\"><a class=\"tb-button__link\" href=\"https:\/\/wpml.org\/vi\/tai-lieu-wpml\/cac-du-an-lien-quan\/plugin-wpml-seo\/\"><span class=\"tb-button__content\">WPML SEO<\/span><i class=\"tb-button__icon\"><\/i><\/a><\/div>\n\n\n\n<div class=\"tb-field\" data-toolset-blocks-field=\"0ffb88e4739c9090a743afdc5ca844ad\" data-last-update=\"1.4\">WPML SEO gi\u00fap trang web \u0111a ng\u00f4n ng\u1eef c\u1ee7a b\u1ea1n t\u01b0\u01a1ng th\u00edch v\u1edbi c\u00e1c plugin SEO ph\u1ed5 bi\u1ebfn l\u00e0 Yoast v\u00e0 Rank Math. Ti\u1ebfp c\u1eadn \u0111\u1ed1i t\u01b0\u1ee3ng to\u00e0n c\u1ea7u b\u1eb1ng c\u00e1ch t\u1ed1i \u01b0u h\u00f3a trang web c\u1ee7a...<\/div>\n<\/div>\n<\/div><div class=\"tb-grid-column\">\n<div class=\"wp-block-toolset-views-view-template-block wpv-block-loop-item php-to-be-replaced-with-shortcode\" data-toolset-views-view-template-block=\"229f8d21fffe8fbefe2a50d84bf935b1\">\n<div class=\"tb-field showcase-tax\" data-toolset-blocks-field=\"7a1051273cf99f513dd823c9e02be522\" data-last-update=\"1.4\">Bi\u1ec3u m\u1eabu<\/div>\n\n\n\n<div class=\"tb-button mention-btn\" data-toolset-blocks-button=\"c99bd361af5061591097b01de874ee92\"><a class=\"tb-button__link\" href=\"https:\/\/wpml.org\/vi\/tai-lieu-wpml\/cac-du-an-lien-quan\/su-dung-mau-lien-he-7-voi-wpml\/\"><span class=\"tb-button__content\">Contact Form 7 Multilingual<\/span><i class=\"tb-button__icon\"><\/i><\/a><\/div>\n\n\n\n<div class=\"tb-field\" data-toolset-blocks-field=\"0ffb88e4739c9090a743afdc5ca844ad\" data-last-update=\"1.4\">Contact Form 7 cho ph\u00e9p qu\u00fd v\u1ecb t\u1ea1o, t\u00f9y ch\u1ec9nh v\u00e0 qu\u1ea3n l\u00fd c\u00e1c bi\u1ec3u m\u1eabu giao di\u1ec7n ng\u01b0\u1eddi d\u00f9ng cho trang web c\u1ee7a m\u00ecnh. Trong h\u01b0\u1edbng d\u1eabn n\u00e0y, ch\u00fang t\u00f4i cung c\u1ea5p c\u00e1c ch\u1ec9 d\u1eabn t\u1eebng...<\/div>\n<\/div>\n<\/div><div class=\"tb-grid-column\">\n<div class=\"wp-block-toolset-views-view-template-block wpv-block-loop-item php-to-be-replaced-with-shortcode\" data-toolset-views-view-template-block=\"229f8d21fffe8fbefe2a50d84bf935b1\">\n<div class=\"tb-field showcase-tax\" data-toolset-blocks-field=\"7a1051273cf99f513dd823c9e02be522\" data-last-update=\"1.4\">Bi\u1ec3u m\u1eabu<\/div>\n\n\n\n<div class=\"tb-button mention-btn\" data-toolset-blocks-button=\"c99bd361af5061591097b01de874ee92\"><a class=\"tb-button__link\" href=\"https:\/\/wpml.org\/vi\/tai-lieu-wpml\/cac-du-an-lien-quan\/plugin-gravity-form-da-ngon-ngu\/\"><span class=\"tb-button__content\">Gravity Forms Multilingual<\/span><i class=\"tb-button__icon\"><\/i><\/a><\/div>\n\n\n\n<div class=\"tb-field\" data-toolset-blocks-field=\"0ffb88e4739c9090a743afdc5ca844ad\" data-last-update=\"1.4\">WPML cho ph\u00e9p b\u1ea1n d\u1ecbch c\u00e1c v\u0103n b\u1ea3n xu\u1ea5t hi\u1ec7n trong Gravity Forms c\u1ee7a b\u1ea1n sang c\u00e1c ng\u00f4n ng\u1eef kh\u00e1c tr\u00ean trang web c\u1ee7a b\u1ea1n. Sau khi \u0111\u01b0\u1ee3c d\u1ecbch, bi\u1ec3u m\u1eabu s\u1ebd t\u1ef1 \u0111\u1ed9ng hi\u1ec3n th\u1ecb b\u1eb1ng...<\/div>\n<\/div>\n<\/div><div class=\"tb-grid-column\">\n<div class=\"wp-block-toolset-views-view-template-block wpv-block-loop-item php-to-be-replaced-with-shortcode\" data-toolset-views-view-template-block=\"229f8d21fffe8fbefe2a50d84bf935b1\">\n<div class=\"tb-field showcase-tax\" data-toolset-blocks-field=\"7a1051273cf99f513dd823c9e02be522\" data-last-update=\"1.4\">Bi\u1ec3u m\u1eabu<\/div>\n\n\n\n<div class=\"tb-button mention-btn\" data-toolset-blocks-button=\"c99bd361af5061591097b01de874ee92\"><a class=\"tb-button__link\" href=\"https:\/\/wpml.org\/vi\/tai-lieu-wpml\/cac-du-an-lien-quan\/plugin-mailchimp-cho-wordpress-da-ngon-ngu\/\"><span class=\"tb-button__content\">MailChimp cho WordPress \u0111a ng\u00f4n ng\u1eef<\/span><i class=\"tb-button__icon\"><\/i><\/a><\/div>\n\n\n\n<div class=\"tb-field\" data-toolset-blocks-field=\"0ffb88e4739c9090a743afdc5ca844ad\" data-last-update=\"1.4\">MailChimp l\u00e0 m\u1ed9t d\u1ecbch v\u1ee5 tr\u1ef1c tuy\u1ebfn ph\u1ed5 bi\u1ebfn cho ph\u00e9p b\u1ea1n ph\u00e2n ph\u1ed1i c\u00e1c chi\u1ebfn d\u1ecbch email t\u1ef1 \u0111\u1ed9ng. S\u1ef1 t\u00edch h\u1ee3p gi\u1eefa plugin MailChimp cho WordPress v\u00e0 WPML cho ph\u00e9p b\u1ea1n d\u1ecbch c\u00e1c bi\u1ec3u m\u1eabu...<\/div>\n<\/div>\n<\/div><div class=\"tb-grid-column\">\n<div class=\"wp-block-toolset-views-view-template-block wpv-block-loop-item php-to-be-replaced-with-shortcode\" data-toolset-views-view-template-block=\"229f8d21fffe8fbefe2a50d84bf935b1\">\n<div class=\"tb-field showcase-tax\" data-toolset-blocks-field=\"7a1051273cf99f513dd823c9e02be522\" data-last-update=\"1.4\">M\u1ea1ng x\u00e3 h\u1ed9i &amp; Di\u1ec5n \u0111\u00e0n<\/div>\n\n\n\n<div class=\"tb-button mention-btn\" data-toolset-blocks-button=\"c99bd361af5061591097b01de874ee92\"><a class=\"tb-button__link\" href=\"https:\/\/wpml.org\/vi\/tai-lieu-wpml\/cac-du-an-lien-quan\/buddypress-da-ngon-ngu-dich-trang-web-buddypress-va-buddyboss\/\"><span class=\"tb-button__content\">D\u1ecbch c\u00e1c trang BuddyPress v\u00e0 BuddyBoss b\u1eb1ng WPML<\/span><i class=\"tb-button__icon\"><\/i><\/a><\/div>\n\n\n\n<div class=\"tb-field\" data-toolset-blocks-field=\"0ffb88e4739c9090a743afdc5ca844ad\" data-last-update=\"1.4\">BuddyPress cho ph\u00e9p b\u1ea1n bi\u1ebfn trang web WordPress c\u1ee7a m\u00ecnh th\u00e0nh m\u1ed9t m\u1ea1ng x\u00e3 h\u1ed9i. WPML v\u00e0 ti\u1ec7n \u00edch b\u1ed5 sung BuddyPress Multilingual c\u1ee7a n\u00f3 cho ph\u00e9p c\u00e1c trang BuddyPress ho\u1ea1t \u0111\u1ed9ng \u0111a ng\u00f4n ng\u1eef.<\/div>\n<\/div>\n<\/div><div class=\"tb-grid-column\">\n<div class=\"wp-block-toolset-views-view-template-block wpv-block-loop-item php-to-be-replaced-with-shortcode\" data-toolset-views-view-template-block=\"229f8d21fffe8fbefe2a50d84bf935b1\">\n<div class=\"tb-field showcase-tax\" data-toolset-blocks-field=\"7a1051273cf99f513dd823c9e02be522\" data-last-update=\"1.4\">X\u00e2y d\u1ef1ng c\u00e1c trang web n\u00e2ng cao<\/div>\n\n\n\n<div class=\"tb-button mention-btn\" data-toolset-blocks-button=\"c99bd361af5061591097b01de874ee92\"><a class=\"tb-button__link\" href=\"https:\/\/wpml.org\/vi\/tai-lieu-wpml\/cac-du-an-lien-quan\/su-dung-elasticpress-tren-trang-web-da-ngon-ngu-cua-ban\/\"><span class=\"tb-button__content\">WPML ElasticPress \u2013 K\u1ebft qu\u1ea3 t\u00ecm ki\u1ebfm \u0111a ng\u00f4n ng\u1eef<\/span><i class=\"tb-button__icon\"><\/i><\/a><\/div>\n\n\n\n<div class=\"tb-field\" data-toolset-blocks-field=\"0ffb88e4739c9090a743afdc5ca844ad\" data-last-update=\"1.4\"><span><span><a href=\"https:\/\/wpml.org\/vi\/trang-chu\/\">Home<\/a><\/span><\/span> WPML ElasticPress \u2013 Hi\u1ec3n th\u1ecb k\u1ebft qu\u1ea3 t\u00ecm ki\u1ebfm \u0111a ng\u00f4n ng\u1eef WPML ElasticPress cho ph\u00e9p b\u1ea1n hi\u1ec3n th\u1ecb c\u00e1c k\u1ebft qu\u1ea3 ph\u00f9 h\u1ee3p, theo t\u1eebng ng\u00f4n ng\u1eef c\u1ee5 th\u1ec3 cho c\u00e1c t\u00ecm ki\u1ebfm \u0111\u01b0\u1ee3c th\u1ef1c...<\/div>\n<\/div>\n<\/div><div class=\"tb-grid-column\">\n<div class=\"wp-block-toolset-views-view-template-block wpv-block-loop-item php-to-be-replaced-with-shortcode\" data-toolset-views-view-template-block=\"229f8d21fffe8fbefe2a50d84bf935b1\">\n<div class=\"tb-field showcase-tax\" data-toolset-blocks-field=\"7a1051273cf99f513dd823c9e02be522\" data-last-update=\"1.4\">Bi\u1ec3u m\u1eabu<\/div>\n\n\n\n<div class=\"tb-button mention-btn\" data-toolset-blocks-button=\"c99bd361af5061591097b01de874ee92\"><a class=\"tb-button__link\" href=\"https:\/\/wpml.org\/vi\/tai-lieu-wpml\/cac-du-an-lien-quan\/tao-bieu-mau-da-ngon-ngu-bang-wpforms-va-wpml\/\"><span class=\"tb-button__content\">T\u1ea1o bi\u1ec3u m\u1eabu \u0111a ng\u00f4n ng\u1eef b\u1eb1ng WPForms v\u00e0 WPML<\/span><i class=\"tb-button__icon\"><\/i><\/a><\/div>\n\n\n\n<div class=\"tb-field\" data-toolset-blocks-field=\"0ffb88e4739c9090a743afdc5ca844ad\" data-last-update=\"1.4\">WPForms l\u00e0 m\u1ed9t plugin \u0111\u1ec3 th\u00eam bi\u1ec3u m\u1eabu li\u00ean h\u1ec7 v\u00e0o trang WordPress c\u1ee7a b\u1ea1n. Trong h\u01b0\u1edbng d\u1eabn n\u00e0y, b\u1ea1n c\u00f3 th\u1ec3 h\u1ecdc c\u00e1ch l\u00e0m cho WPForms c\u1ee7a b\u1ea1n tr\u1edf n\u00ean \u0111a ng\u00f4n ng\u1eef b\u1eb1ng c\u00e1ch s\u1eed...<\/div>\n<\/div>\n<\/div><div class=\"tb-grid-column\">\n<div class=\"wp-block-toolset-views-view-template-block wpv-block-loop-item php-to-be-replaced-with-shortcode\" data-toolset-views-view-template-block=\"229f8d21fffe8fbefe2a50d84bf935b1\">\n<div class=\"tb-field showcase-tax\" data-toolset-blocks-field=\"7a1051273cf99f513dd823c9e02be522\" data-last-update=\"1.4\">Bi\u1ec3u m\u1eabu<\/div>\n\n\n\n<div class=\"tb-button mention-btn\" data-toolset-blocks-button=\"c99bd361af5061591097b01de874ee92\"><a class=\"tb-button__link\" href=\"https:\/\/wpml.org\/vi\/tai-lieu-wpml\/cac-du-an-lien-quan\/tao-bieu-mau-da-ngon-ngu-bang-ninja-forms-va-wpml\/\"><span class=\"tb-button__content\">T\u1ea1o bi\u1ec3u m\u1eabu \u0111a ng\u00f4n ng\u1eef b\u1eb1ng Ninja Forms v\u00e0 WPML<\/span><i class=\"tb-button__icon\"><\/i><\/a><\/div>\n\n\n\n<div class=\"tb-field\" data-toolset-blocks-field=\"0ffb88e4739c9090a743afdc5ca844ad\" data-last-update=\"1.4\">Ninja Forms l\u00e0 m\u1ed9t tr\u00ecnh t\u1ea1o bi\u1ec3u m\u1eabu k\u00e9o v\u00e0 th\u1ea3 tr\u1ef1c quan cho WordPress. T\u00ecm hi\u1ec3u c\u00e1ch s\u1eed d\u1ee5ng WPML \u0111\u1ec3 t\u1ea1o c\u00e1c bi\u1ec3u m\u1eabu \u0111a ng\u00f4n ng\u1eef b\u1eb1ng Ninja Forms.<\/div>\n<\/div>\n<\/div><\/div><\/div><\/div><\/div><\/div>\n<\/div><\/div><\/div>","protected":false},"excerpt":{"rendered":"<p>C\u00f9ng v\u1edbi WPML , ch\u00fang t\u00f4i c\u0169ng duy tr\u00ec m\u1ed9t s\u1ed1 d\u1ef1 \u00e1n li\u00ean quan, cho ph\u00e9p c\u00e1c lo\u1ea1i trang web kh\u00e1c ch\u1ea1y \u0111a ng\u00f4n ng\u1eef.  <\/p>\n","protected":false},"author":2,"featured_media":0,"parent":17417125,"menu_order":67,"comment_status":"closed","ping_status":"closed","template":"nosidebar-template.php","meta":{"_bbp_topic_count":0,"_bbp_reply_count":0,"_bbp_total_topic_count":0,"_bbp_total_reply_count":0,"_bbp_voice_count":0,"_bbp_anonymous_reply_count":0,"_bbp_topic_count_hidden":0,"_bbp_reply_count_hidden":0,"_bbp_forum_subforum_count":0,"ep_exclude_from_search":false,"footnotes":""},"related-projects-category":[],"class_list":["post-15194531","page","type-page","status-publish","hentry"],"_links":{"self":[{"href":"https:\/\/wpml.org\/vi\/wp-json\/wp\/v2\/pages\/15194531","targetHints":{"allow":["GET"]}}],"collection":[{"href":"https:\/\/wpml.org\/vi\/wp-json\/wp\/v2\/pages"}],"about":[{"href":"https:\/\/wpml.org\/vi\/wp-json\/wp\/v2\/types\/page"}],"author":[{"embeddable":true,"href":"https:\/\/wpml.org\/vi\/wp-json\/wp\/v2\/users\/2"}],"replies":[{"embeddable":true,"href":"https:\/\/wpml.org\/vi\/wp-json\/wp\/v2\/comments?post=15194531"}],"version-history":[{"count":5,"href":"https:\/\/wpml.org\/vi\/wp-json\/wp\/v2\/pages\/15194531\/revisions"}],"predecessor-version":[{"id":15715868,"href":"https:\/\/wpml.org\/vi\/wp-json\/wp\/v2\/pages\/15194531\/revisions\/15715868"}],"up":[{"embeddable":true,"href":"https:\/\/wpml.org\/vi\/wp-json\/wp\/v2\/pages\/17417125"}],"wp:attachment":[{"href":"https:\/\/wpml.org\/vi\/wp-json\/wp\/v2\/media?parent=15194531"}],"wp:term":[{"taxonomy":"related-projects-category","embeddable":true,"href":"https:\/\/wpml.org\/vi\/wp-json\/wp\/v2\/related-projects-category?post=15194531"}],"curies":[{"name":"wp","href":"https:\/\/api.w.org\/{rel}","templated":true}]}}