{"id":15197949,"date":"2023-03-21T13:12:01","date_gmt":"2023-03-21T13:12:01","guid":{"rendered":"https:\/\/wpml.org\/cac-du-an-lien-quan\/plugin-wpml-seo\/"},"modified":"2026-02-26T07:17:30","modified_gmt":"2026-02-26T07:17:30","slug":"plugin-wpml-seo","status":"publish","type":"page","link":"https:\/\/wpml.org\/vi\/tai-lieu-wpml\/cac-du-an-lien-quan\/plugin-wpml-seo\/","title":{"rendered":"WPML SEO"},"content":{"rendered":"\n<div class=\"wp-block-toolset-blocks-container tb-container alignfull\" data-toolset-blocks-container=\"9afdb393900e8f9190c62bc960dbd833\"><div class=\"tb-container-inner\">\n<p class=\"tb-heading has-text-color\" data-toolset-blocks-heading=\"0190bf5c0f5e682e6e1d8be7e6f401ac\" data-last-update=\"1.4\"><span><span><a href=\"https:\/\/wpml.org\/vi\/trang-chu\/\">Home<\/a><\/span><\/span><\/p>\n\n\n\n<div class=\"wp-block-toolset-blocks-grid tb-grid\" data-toolset-blocks-grid=\"33bf4303a620b82f23c682ad60d91fe5\">\n<div class=\"wp-block-toolset-blocks-grid-column tb-grid-column tb-grid-align-center\" data-toolset-blocks-grid-column=\"f586ff7bfe1d7317c63162ec7b7039ed\">\n<div class=\"wp-block-toolset-blocks-container tb-container\" data-toolset-blocks-container=\"af2263dacbe23048695bc231caf76f2f\"><\/div>\n\n\n\n<h1 class=\"tb-heading has-text-color\" data-toolset-blocks-heading=\"b686c8b3d4780754ef6585bd91a569b8\" data-last-update=\"1.4\">WPML SEO &#8211; T\u1ed1i \u01b0u h\u00f3a cho SEO \u0111a ng\u00f4n ng\u1eef<\/h1>\n\n\n\n<p class=\"tb-heading has-text-color\" data-toolset-blocks-heading=\"a9a892679ad2650f747a0d50b672c533\" data-last-update=\"1.4\">WPML SEO l\u00e0 m\u1ed9t ti\u1ec7n \u00edch b\u1ed5 sung cho ph\u00e9p b\u1ea1n d\u1ecbch c\u00e1c tr\u01b0\u1eddng meta SEO b\u1eb1ng c\u00e1ch gi\u00fap trang web \u0111a ng\u00f4n ng\u1eef c\u1ee7a b\u1ea1n t\u01b0\u01a1ng th\u00edch v\u1edbi Yoast SEO v\u00e0 Rank Math.<\/p>\n\n\n\n<div style=\"height:10px\" aria-hidden=\"true\" class=\"wp-block-spacer\"><\/div>\n\n\n\n<div id=\"wpml-info-account-trigger\" class=\"tb-button\" data-toolset-blocks-button=\"3ebe1f6c2950634fa54e8962302d525c\"><a class=\"tb-button__link\" href=\"https:\/\/wpml.org\/account\/downloads\/#yoast-seo-multilingual\"><span class=\"tb-button__content\">T\u1ea3i WPML SEO<\/span><i class=\"tb-button__icon\"><\/i><\/a><\/div>\n<\/div>\n\n\n\n<div class=\"wp-block-toolset-blocks-grid-column tb-grid-column tb-grid-align-center\" data-toolset-blocks-grid-column=\"c77f65d01bb1c283e93f285b389d97af\">\n<figure class=\"wp-block-image tb-image tb-image-dynamic tb-image-frame-none\" data-toolset-blocks-image=\"28a387211f2826eef203becb25c1df35\"><img decoding=\"async\" loading=\"lazy\" src=\"https:\/\/cdn.wpml.org\/wp-content\/uploads\/2022\/06\/SEO-1.png\"\/><\/figure>\n<\/div>\n<\/div>\n<\/div><\/div>\n\n<div class=\"wp-block-toolset-blocks-container tb-container\" data-toolset-blocks-container=\"8f3deaef8758197413c254193c4637bf\"><div class=\"tb-container-inner\">\n<h3 class=\"tb-heading has-text-color\" data-toolset-blocks-heading=\"dc56c1bd2585d5bceed02dcf19062eab\" data-last-update=\"1.4\"><strong>C\u00e1c t\u00ednh n\u0103ng ch\u00ednh<\/strong><\/h3>\n\n\n\n<div class=\"wp-block-toolset-blocks-grid tb-grid\" data-toolset-blocks-grid=\"d73b029f031f092476d7c78dca9026b6\">\n<div class=\"wp-block-toolset-blocks-grid-column tb-grid-column tb-grid-align-top\" data-toolset-blocks-grid-column=\"3034fbe886c11054e95b46b09d3e4112\">\n<div class=\"wp-block-toolset-blocks-grid tb-grid\" data-toolset-blocks-grid=\"9bfc87ef58a09f5e6817f53045b0bafe\">\n<div class=\"wp-block-toolset-blocks-grid-column tb-grid-column tb-grid-align-top\" data-toolset-blocks-grid-column=\"3034fbe886c11054e95b46b09d3e4112\">\n<div class=\"wp-block-toolset-blocks-container tb-container\" data-toolset-blocks-container=\"4c1e644b100a7cd79ae08b214443135d\"><\/div>\n<\/div>\n\n\n\n<div class=\"wp-block-toolset-blocks-grid-column tb-grid-column tb-grid-align-center\" data-toolset-blocks-grid-column=\"f586ff7bfe1d7317c63162ec7b7039ed\">\n<h3 class=\"tb-heading has-text-color\" data-toolset-blocks-heading=\"9725591899e85568dfc63c9cff28e917\" data-last-update=\"1.4\">T\u01b0\u01a1ng th\u00edch ho\u00e0n to\u00e0n v\u1edbi <strong>Yoast<\/strong> <strong>SEO<\/strong> (<a href=\"https:\/\/wordpress.org\/plugins\/wordpress-seo\/\" target=\"_blank\" rel=\"noreferrer noopener\">mi\u1ec5n ph\u00ed<\/a> v\u00e0 <a href=\"https:\/\/yoast.com\/wordpress\/plugins\/seo\/\" target=\"_blank\" rel=\"noreferrer noopener\">cao c\u1ea5p<\/a>)<\/h3>\n<\/div>\n<\/div>\n\n\n\n<div class=\"wp-block-toolset-blocks-grid tb-grid\" data-toolset-blocks-grid=\"9bfc87ef58a09f5e6817f53045b0bafe\">\n<div class=\"wp-block-toolset-blocks-grid-column tb-grid-column tb-grid-align-top\" data-toolset-blocks-grid-column=\"3034fbe886c11054e95b46b09d3e4112\">\n<div class=\"wp-block-toolset-blocks-container tb-container\" data-toolset-blocks-container=\"4c1e644b100a7cd79ae08b214443135d\"><\/div>\n<\/div>\n\n\n\n<div class=\"wp-block-toolset-blocks-grid-column tb-grid-column tb-grid-align-center\" data-toolset-blocks-grid-column=\"f586ff7bfe1d7317c63162ec7b7039ed\">\n<h3 class=\"tb-heading has-text-color\" data-toolset-blocks-heading=\"b40d2f81245ad6defbcd1e818829d11d\" data-last-update=\"1.4\">D\u1ecbch v\u0103n b\u1ea3n SEO to\u00e0n c\u1ea7u<\/h3>\n<\/div>\n<\/div>\n\n\n\n<div class=\"wp-block-toolset-blocks-grid tb-grid\" data-toolset-blocks-grid=\"1c3b519f11ed173dde36e2dd3d915363\">\n<div class=\"wp-block-toolset-blocks-grid-column tb-grid-column tb-grid-align-top\" data-toolset-blocks-grid-column=\"3034fbe886c11054e95b46b09d3e4112\">\n<div class=\"wp-block-toolset-blocks-container tb-container\" data-toolset-blocks-container=\"4c1e644b100a7cd79ae08b214443135d\"><\/div>\n<\/div>\n\n\n\n<div class=\"wp-block-toolset-blocks-grid-column tb-grid-column tb-grid-align-center\" data-toolset-blocks-grid-column=\"f586ff7bfe1d7317c63162ec7b7039ed\">\n<h3 class=\"tb-heading has-text-color\" data-toolset-blocks-heading=\"b40d2f81245ad6defbcd1e818829d11d\" data-last-update=\"1.4\">Ch\u1ecdn c\u00e1ch \u0111\u1ecbnh d\u1ea1ng URL c\u1ee7a trang web \u0111\u00e3 d\u1ecbch c\u1ee7a b\u1ea1n<\/h3>\n<\/div>\n<\/div>\n<\/div>\n\n\n\n<div class=\"wp-block-toolset-blocks-grid-column tb-grid-column tb-grid-align-top\" data-toolset-blocks-grid-column=\"6aa6629b0bd14de4b0c8a30d5e016060\">\n<div class=\"wp-block-toolset-blocks-grid tb-grid\" data-toolset-blocks-grid=\"9bfc87ef58a09f5e6817f53045b0bafe\">\n<div class=\"wp-block-toolset-blocks-grid-column tb-grid-column tb-grid-align-top\" data-toolset-blocks-grid-column=\"3034fbe886c11054e95b46b09d3e4112\">\n<div class=\"wp-block-toolset-blocks-container tb-container\" data-toolset-blocks-container=\"4c1e644b100a7cd79ae08b214443135d\"><\/div>\n<\/div>\n\n\n\n<div class=\"wp-block-toolset-blocks-grid-column tb-grid-column tb-grid-align-center\" data-toolset-blocks-grid-column=\"f586ff7bfe1d7317c63162ec7b7039ed\">\n<h3 class=\"tb-heading has-text-color\" data-toolset-blocks-heading=\"9725591899e85568dfc63c9cff28e917\" data-last-update=\"1.4\">T\u01b0\u01a1ng th\u00edch ho\u00e0n to\u00e0n v\u1edbi <strong>Rank Math<\/strong> (phi\u00ean b\u1ea3n <a href=\"https:\/\/wordpress.org\/plugins\/seo-by-rank-math\/\" target=\"_blank\" rel=\"noreferrer noopener\">mi\u1ec5n ph\u00ed<\/a> v\u00e0 <a href=\"https:\/\/rankmath.com\/pricing\/\" target=\"_blank\" rel=\"noreferrer noopener\">tr\u1ea3 ph\u00ed<\/a>)<\/h3>\n<\/div>\n<\/div>\n\n\n\n<div class=\"wp-block-toolset-blocks-grid tb-grid\" data-toolset-blocks-grid=\"9bfc87ef58a09f5e6817f53045b0bafe\">\n<div class=\"wp-block-toolset-blocks-grid-column tb-grid-column tb-grid-align-top\" data-toolset-blocks-grid-column=\"3034fbe886c11054e95b46b09d3e4112\">\n<div class=\"wp-block-toolset-blocks-container tb-container\" data-toolset-blocks-container=\"4c1e644b100a7cd79ae08b214443135d\"><\/div>\n<\/div>\n\n\n\n<div class=\"wp-block-toolset-blocks-grid-column tb-grid-column tb-grid-align-center\" data-toolset-blocks-grid-column=\"f586ff7bfe1d7317c63162ec7b7039ed\">\n<h3 class=\"tb-heading has-text-color\" data-toolset-blocks-heading=\"9725591899e85568dfc63c9cff28e917\" data-last-update=\"1.4\">D\u1ecbch c\u00e1c thu\u1ed9c t\u00ednh SEO tr\u00ean trang<\/h3>\n<\/div>\n<\/div>\n\n\n\n<div class=\"wp-block-toolset-blocks-grid tb-grid\" data-toolset-blocks-grid=\"1c3b519f11ed173dde36e2dd3d915363\">\n<div class=\"wp-block-toolset-blocks-grid-column tb-grid-column tb-grid-align-top\" data-toolset-blocks-grid-column=\"3034fbe886c11054e95b46b09d3e4112\">\n<div class=\"wp-block-toolset-blocks-container tb-container\" data-toolset-blocks-container=\"4c1e644b100a7cd79ae08b214443135d\"><\/div>\n<\/div>\n\n\n\n<div class=\"wp-block-toolset-blocks-grid-column tb-grid-column tb-grid-align-center\" data-toolset-blocks-grid-column=\"f586ff7bfe1d7317c63162ec7b7039ed\">\n<h3 class=\"tb-heading has-text-color\" data-toolset-blocks-heading=\"b40d2f81245ad6defbcd1e818829d11d\" data-last-update=\"1.4\">\u0110\u1ecba ph\u01b0\u01a1ng h\u00f3a \u0111\u01b0\u1eddng d\u1eabn \u0111i\u1ec1u h\u01b0\u1edbng<\/h3>\n<\/div>\n<\/div>\n<\/div>\n\n\n\n<div class=\"wp-block-toolset-blocks-grid-column tb-grid-column tb-grid-align-top\" data-toolset-blocks-grid-column=\"3034fbe886c11054e95b46b09d3e4112\">\n<div class=\"wp-block-toolset-blocks-grid tb-grid\" data-toolset-blocks-grid=\"9bfc87ef58a09f5e6817f53045b0bafe\">\n<div class=\"wp-block-toolset-blocks-grid-column tb-grid-column tb-grid-align-top\" data-toolset-blocks-grid-column=\"3034fbe886c11054e95b46b09d3e4112\">\n<div class=\"wp-block-toolset-blocks-container tb-container\" data-toolset-blocks-container=\"4c1e644b100a7cd79ae08b214443135d\"><\/div>\n<\/div>\n\n\n\n<div class=\"wp-block-toolset-blocks-grid-column tb-grid-column tb-grid-align-center\" data-toolset-blocks-grid-column=\"f586ff7bfe1d7317c63162ec7b7039ed\">\n<h3 class=\"tb-heading has-text-color\" data-toolset-blocks-heading=\"b40d2f81245ad6defbcd1e818829d11d\" data-last-update=\"1.4\">T\u1ed1i \u01b0u h\u00f3a URL trang web cho t\u1eebng ng\u00f4n ng\u1eef b\u1eb1ng c\u00e1ch d\u1ecbch c\u00e1c slug trang<\/h3>\n<\/div>\n<\/div>\n\n\n\n<div class=\"wp-block-toolset-blocks-grid tb-grid\" data-toolset-blocks-grid=\"1c3b519f11ed173dde36e2dd3d915363\">\n<div class=\"wp-block-toolset-blocks-grid-column tb-grid-column tb-grid-align-top\" data-toolset-blocks-grid-column=\"3034fbe886c11054e95b46b09d3e4112\">\n<div class=\"wp-block-toolset-blocks-container tb-container\" data-toolset-blocks-container=\"4c1e644b100a7cd79ae08b214443135d\"><\/div>\n<\/div>\n\n\n\n<div class=\"wp-block-toolset-blocks-grid-column tb-grid-column tb-grid-align-center\" data-toolset-blocks-grid-column=\"f586ff7bfe1d7317c63162ec7b7039ed\">\n<h3 class=\"tb-heading has-text-color\" data-toolset-blocks-heading=\"b40d2f81245ad6defbcd1e818829d11d\" data-last-update=\"1.4\">T\u1ea1o th\u1ebb hreflang t\u1ef1 \u0111\u1ed9ng \u0111\u1ec3 th\u00f4ng b\u00e1o cho c\u00e1c c\u00f4ng c\u1ee5 t\u00ecm ki\u1ebfm v\u1ec1 c\u00e1c b\u1ea3n d\u1ecbch c\u1ee7a trang web c\u1ee7a b\u1ea1n<\/h3>\n<\/div>\n<\/div>\n<\/div>\n<\/div>\n<\/div><\/div>\n\n<div class=\"wp-block-toolset-blocks-container tb-container product-page-content\" data-toolset-blocks-container=\"cd82d4925d9b85874444a4c660513c9f\"><div class=\"tb-container-inner\">\n<h2 class=\"tb-heading\" data-toolset-blocks-heading=\"06bd8cb1dffe13f0fd35fde388ca1237\" data-last-update=\"1.4\">T\u00ecm hi\u1ec3u th\u00eam<\/h2>\n\n\n\n<p>B\u1ea1n mu\u1ed1n t\u00ecm hi\u1ec3u s\u00e2u h\u01a1n v\u1ec1 c\u00e1ch s\u1eed d\u1ee5ng Yoast SEO v\u00e0 Rank Math tr\u00ean trang web \u0111a ng\u00f4n ng\u1eef c\u1ee7a m\u00ecnh? H\u00e3y xem t\u00e0i li\u1ec7u h\u01b0\u1edbng d\u1eabn c\u1ee7a ch\u00fang t\u00f4i: <\/p>\n\n\n\n<ul class=\"wp-block-list\">\n<li><a href=\"https:\/\/wpml.org\/vi\/tai-lieu-wpml\/kha-nang-tuong-thich-cua-plugin\/toi-uu-hoa-cac-trang-web-da-ngon-ngu-bang-yoast-seo-va-wpml\/\">T\u1ed1i \u01b0u h\u00f3a c\u00e1c trang web \u0111a ng\u00f4n ng\u1eef b\u1eb1ng c\u00e1ch s\u1eed d\u1ee5ng Yoast SEO v\u00e0 WPML<\/a><\/li>\n\n\n\n<li><a href=\"https:\/\/wpml.org\/vi\/tai-lieu-wpml\/kha-nang-tuong-thich-cua-plugin\/dich-rank-math-voi-wpml\/\">T\u1ed1i \u01b0u h\u00f3a c\u00e1c trang web \u0111a ng\u00f4n ng\u1eef cho c\u00f4ng c\u1ee5 t\u00ecm ki\u1ebfm b\u1eb1ng c\u00e1ch s\u1eed d\u1ee5ng Rank Math v\u00e0 WPML<\/a><\/li>\n<\/ul>\n\n\n\n<div class=\"wp-block-toolset-blocks-container tb-container\" data-toolset-blocks-container=\"af997f6ec4e879416fee944fbbd63c53\">\n<div class=\"wp-block-toolset-blocks-grid tb-grid\" data-toolset-blocks-grid=\"37d19417981b1b97920df56c088840a6\">\n<div class=\"wp-block-toolset-blocks-grid-column tb-grid-column tb-grid-align-top\" data-toolset-blocks-grid-column=\"3034fbe886c11054e95b46b09d3e4112\">\n<div class=\"wp-block-toolset-blocks-container tb-container\" data-toolset-blocks-container=\"8462661d63c4401da3f7686632759d01\"><\/div>\n<\/div>\n\n\n\n<div class=\"wp-block-toolset-blocks-grid-column tb-grid-column tb-grid-align-top\" data-toolset-blocks-grid-column=\"3034fbe886c11054e95b46b09d3e4112\">\n<p class=\"tb-heading has-text-color\" data-toolset-blocks-heading=\"80377d8cd46f8f5bb75c7e8a97e2b233\" data-last-update=\"1.4\">L\u01b0u \u00fd r\u1eb1ng WPML \u0111\u00e3 c\u00f3 s\u1eb5n t\u00ednh n\u0103ng h\u1ed7 tr\u1ee3 SEO. Nh\u1eefng g\u00ec <strong>WPML SEO<\/strong> th\u1ef1c hi\u1ec7n l\u00e0 gi\u00fap b\u1ea1n d\u1ecbch c\u00e1c v\u0103n b\u1ea3n m\u00e0 b\u1ea1n th\u00eam v\u00e0o khi s\u1eed d\u1ee5ng Yoast SEO v\u00e0 Rank Math.  <\/p>\n<\/div>\n<\/div>\n<\/div>\n<\/div><\/div>\n","protected":false},"excerpt":{"rendered":"<p class=\"lead\">WPML SEO gi\u00fap trang web \u0111a ng\u00f4n ng\u1eef c\u1ee7a b\u1ea1n t\u01b0\u01a1ng th\u00edch v\u1edbi c\u00e1c plugin SEO ph\u1ed5 bi\u1ebfn l\u00e0 Yoast v\u00e0 Rank Math. Ti\u1ebfp c\u1eadn \u0111\u1ed1i t\u01b0\u1ee3ng to\u00e0n c\u1ea7u b\u1eb1ng c\u00e1ch t\u1ed1i \u01b0u h\u00f3a trang web c\u1ee7a b\u1ea1n cho c\u00e1c c\u00f4ng c\u1ee5 t\u00ecm ki\u1ebfm b\u1eb1ng c\u00e1c ng\u00f4n ng\u1eef kh\u00e1c nhau.  T\u0103ng l\u01b0u l\u01b0\u1ee3ng truy c\u1eadp, c\u1ea3i thi\u1ec7n tr\u1ea3i nghi\u1ec7m ng\u01b0\u1eddi d\u00f9ng v\u00e0 t\u0103ng doanh s\u1ed1.<\/p>\n","protected":false},"author":204756,"featured_media":0,"parent":15194531,"menu_order":14,"comment_status":"closed","ping_status":"closed","template":"template-full-with-popup-generic.php","meta":{"_bbp_topic_count":0,"_bbp_reply_count":0,"_bbp_total_topic_count":0,"_bbp_total_reply_count":0,"_bbp_voice_count":0,"_bbp_anonymous_reply_count":0,"_bbp_topic_count_hidden":0,"_bbp_reply_count_hidden":0,"_bbp_forum_subforum_count":0,"_uag_custom_page_level_css":"","ep_exclude_from_search":false,"footnotes":""},"related-projects-category":[27827],"class_list":["post-15197949","page","type-page","status-publish","hentry","related-projects-category-seo-vi"],"spectra_custom_meta":{"ratings_users":["0"],"ratings_score":["0"],"ratings_average":["0"],"_subscription_coupon_product_id":["0"],"_wpv_contains_gutenberg_views":[""],"_alp_processed":["1772090250"],"wpcf-unformatted-code":[""],"_wpml_media_duplicate":["1"],"_wpml_media_featured":["1"],"toolset_post_editor_mode":["block"],"wpcf-price-increase-show-from":[""],"wpcf-price-increase-show-till":[""],"_wp_page_template":["template-full-with-popup-generic.php"],"_last_translation_edit_mode":["translation-editor"],"_wpml_word_count":["331"],"_yoast_wpseo_title":["WPML SEO - T\u1ed1i \u01b0u h\u00f3a cho SEO \u0111a ng\u00f4n ng\u1eef"],"_yoast_wpseo_metadesc":["WPML SEO l\u00e0 m\u1ed9t ti\u1ec7n \u00edch b\u1ed5 sung cho ph\u00e9p b\u1ea1n d\u1ecbch c\u00e1c tr\u01b0\u1eddng meta SEO b\u1eb1ng c\u00e1ch gi\u00fap trang web \u0111a ng\u00f4n ng\u1eef c\u1ee7a b\u1ea1n t\u01b0\u01a1ng th\u00edch v\u1edbi Yoast SEO v\u00e0 Rank Math."],"_uagb_previous_block_counts":["a:90:{s:21:\"uagb\/advanced-heading\";i:0;s:15:\"uagb\/blockquote\";i:0;s:12:\"uagb\/buttons\";i:0;s:18:\"uagb\/buttons-child\";i:0;s:19:\"uagb\/call-to-action\";i:0;s:15:\"uagb\/cf7-styler\";i:0;s:11:\"uagb\/column\";i:0;s:12:\"uagb\/columns\";i:0;s:14:\"uagb\/container\";i:0;s:21:\"uagb\/content-timeline\";i:0;s:27:\"uagb\/content-timeline-child\";i:0;s:14:\"uagb\/countdown\";i:0;s:12:\"uagb\/counter\";i:0;s:8:\"uagb\/faq\";i:0;s:14:\"uagb\/faq-child\";i:0;s:10:\"uagb\/forms\";i:0;s:17:\"uagb\/forms-accept\";i:0;s:19:\"uagb\/forms-checkbox\";i:0;s:15:\"uagb\/forms-date\";i:0;s:16:\"uagb\/forms-email\";i:0;s:17:\"uagb\/forms-hidden\";i:0;s:15:\"uagb\/forms-name\";i:0;s:16:\"uagb\/forms-phone\";i:0;s:16:\"uagb\/forms-radio\";i:0;s:17:\"uagb\/forms-select\";i:0;s:19:\"uagb\/forms-textarea\";i:0;s:17:\"uagb\/forms-toggle\";i:0;s:14:\"uagb\/forms-url\";i:0;s:14:\"uagb\/gf-styler\";i:0;s:15:\"uagb\/google-map\";i:0;s:11:\"uagb\/how-to\";i:0;s:16:\"uagb\/how-to-step\";i:0;s:9:\"uagb\/icon\";i:0;s:14:\"uagb\/icon-list\";i:0;s:20:\"uagb\/icon-list-child\";i:0;s:10:\"uagb\/image\";i:0;s:18:\"uagb\/image-gallery\";i:0;s:13:\"uagb\/info-box\";i:0;s:18:\"uagb\/inline-notice\";i:0;s:11:\"uagb\/lottie\";i:0;s:21:\"uagb\/marketing-button\";i:0;s:10:\"uagb\/modal\";i:0;s:18:\"uagb\/popup-builder\";i:0;s:16:\"uagb\/post-button\";i:0;s:18:\"uagb\/post-carousel\";i:0;s:17:\"uagb\/post-excerpt\";i:0;s:14:\"uagb\/post-grid\";i:0;s:15:\"uagb\/post-image\";i:0;s:17:\"uagb\/post-masonry\";i:0;s:14:\"uagb\/post-meta\";i:0;s:18:\"uagb\/post-taxonomy\";i:0;s:18:\"uagb\/post-timeline\";i:0;s:15:\"uagb\/post-title\";i:0;s:20:\"uagb\/restaurant-menu\";i:0;s:26:\"uagb\/restaurant-menu-child\";i:0;s:11:\"uagb\/review\";i:0;s:12:\"uagb\/section\";i:0;s:14:\"uagb\/separator\";i:0;s:11:\"uagb\/slider\";i:0;s:17:\"uagb\/slider-child\";i:0;s:17:\"uagb\/social-share\";i:0;s:23:\"uagb\/social-share-child\";i:0;s:16:\"uagb\/star-rating\";i:0;s:23:\"uagb\/sure-cart-checkout\";i:0;s:22:\"uagb\/sure-cart-product\";i:0;s:15:\"uagb\/sure-forms\";i:0;s:22:\"uagb\/table-of-contents\";i:0;s:9:\"uagb\/tabs\";i:0;s:15:\"uagb\/tabs-child\";i:0;s:18:\"uagb\/taxonomy-list\";i:0;s:9:\"uagb\/team\";i:0;s:16:\"uagb\/testimonial\";i:0;s:14:\"uagb\/wp-search\";i:0;s:19:\"uagb\/instagram-feed\";i:0;s:10:\"uagb\/login\";i:0;s:17:\"uagb\/loop-builder\";i:0;s:18:\"uagb\/loop-category\";i:0;s:20:\"uagb\/loop-pagination\";i:0;s:15:\"uagb\/loop-reset\";i:0;s:16:\"uagb\/loop-search\";i:0;s:14:\"uagb\/loop-sort\";i:0;s:17:\"uagb\/loop-wrapper\";i:0;s:13:\"uagb\/register\";i:0;s:19:\"uagb\/register-email\";i:0;s:24:\"uagb\/register-first-name\";i:0;s:23:\"uagb\/register-last-name\";i:0;s:22:\"uagb\/register-password\";i:0;s:30:\"uagb\/register-reenter-password\";i:0;s:19:\"uagb\/register-terms\";i:0;s:22:\"uagb\/register-username\";i:0;}"],"_uag_css_file_name":["uag-css-15197949.css"],"_uag_page_assets":["a:9:{s:3:\"css\";s:260:\".uag-blocks-common-selector{z-index:var(--z-index-desktop) !important}@media(max-width: 976px){.uag-blocks-common-selector{z-index:var(--z-index-tablet) !important}}@media(max-width: 767px){.uag-blocks-common-selector{z-index:var(--z-index-mobile) !important}}\";s:2:\"js\";s:0:\"\";s:18:\"current_block_list\";a:11:{i:0;s:24:\"toolset-blocks\/container\";i:1;s:22:\"toolset-blocks\/heading\";i:2;s:19:\"toolset-blocks\/grid\";i:3;s:26:\"toolset-blocks\/grid-column\";i:4;s:11:\"core\/spacer\";i:5;s:21:\"toolset-blocks\/button\";i:7;s:20:\"toolset-blocks\/image\";i:8;s:14:\"core\/paragraph\";i:9;s:9:\"core\/list\";i:10;s:14:\"core\/list-item\";i:11;s:14:\"core\/shortcode\";}s:8:\"uag_flag\";b:0;s:11:\"uag_version\";s:10:\"1778428268\";s:6:\"gfonts\";a:0:{}s:10:\"gfonts_url\";s:0:\"\";s:12:\"gfonts_files\";a:0:{}s:14:\"uag_faq_layout\";b:0;}"]},"uagb_featured_image_src":{"full":false,"thumbnail":false,"medium":false,"medium_large":false,"large":false,"1536x1536":false,"2048x2048":false,"gform-image-choice-sm":false,"gform-image-choice-md":false,"gform-image-choice-lg":false,"woocommerce_thumbnail":false,"woocommerce_single":false,"woocommerce_gallery_thumbnail":false},"uagb_author_info":{"display_name":"Julia Kovaleva","author_link":"https:\/\/wpml.org\/vi\/author\/julia-k\/"},"uagb_comment_info":0,"uagb_excerpt":"WPML SEO gi\u00fap trang web \u0111a ng\u00f4n ng\u1eef c\u1ee7a b\u1ea1n t\u01b0\u01a1ng th\u00edch v\u1edbi c\u00e1c plugin SEO ph\u1ed5 bi\u1ebfn l\u00e0 Yoast v\u00e0 Rank Math. Ti\u1ebfp c\u1eadn \u0111\u1ed1i t\u01b0\u1ee3ng to\u00e0n c\u1ea7u b\u1eb1ng c\u00e1ch t\u1ed1i \u01b0u h\u00f3a trang web c\u1ee7a b\u1ea1n cho c\u00e1c c\u00f4ng c\u1ee5 t\u00ecm ki\u1ebfm b\u1eb1ng c\u00e1c ng\u00f4n ng\u1eef kh\u00e1c nhau. T\u0103ng l\u01b0u l\u01b0\u1ee3ng truy c\u1eadp,&hellip;","_links":{"self":[{"href":"https:\/\/wpml.org\/vi\/wp-json\/wp\/v2\/pages\/15197949","targetHints":{"allow":["GET"]}}],"collection":[{"href":"https:\/\/wpml.org\/vi\/wp-json\/wp\/v2\/pages"}],"about":[{"href":"https:\/\/wpml.org\/vi\/wp-json\/wp\/v2\/types\/page"}],"author":[{"embeddable":true,"href":"https:\/\/wpml.org\/vi\/wp-json\/wp\/v2\/users\/204756"}],"replies":[{"embeddable":true,"href":"https:\/\/wpml.org\/vi\/wp-json\/wp\/v2\/comments?post=15197949"}],"version-history":[{"count":8,"href":"https:\/\/wpml.org\/vi\/wp-json\/wp\/v2\/pages\/15197949\/revisions"}],"predecessor-version":[{"id":17853928,"href":"https:\/\/wpml.org\/vi\/wp-json\/wp\/v2\/pages\/15197949\/revisions\/17853928"}],"up":[{"embeddable":true,"href":"https:\/\/wpml.org\/vi\/wp-json\/wp\/v2\/pages\/15194531"}],"wp:attachment":[{"href":"https:\/\/wpml.org\/vi\/wp-json\/wp\/v2\/media?parent=15197949"}],"wp:term":[{"taxonomy":"related-projects-category","embeddable":true,"href":"https:\/\/wpml.org\/vi\/wp-json\/wp\/v2\/related-projects-category?post=15197949"}],"curies":[{"name":"wp","href":"https:\/\/api.w.org\/{rel}","templated":true}]}}