{"id":15198032,"date":"2011-04-13T08:09:29","date_gmt":"2011-04-13T08:09:29","guid":{"rendered":"https:\/\/wpml.org\/cac-du-an-lien-quan\/plugin-gravity-form-da-ngon-ngu\/"},"modified":"2026-02-26T07:10:39","modified_gmt":"2026-02-26T07:10:39","slug":"plugin-gravity-form-da-ngon-ngu","status":"publish","type":"page","link":"https:\/\/wpml.org\/vi\/tai-lieu-wpml\/cac-du-an-lien-quan\/plugin-gravity-form-da-ngon-ngu\/","title":{"rendered":"Gravity Forms Multilingual"},"content":{"rendered":"\n<div class=\"wp-block-toolset-blocks-container tb-container alignfull\" data-toolset-blocks-container=\"10492591bfb51d70e8d09aa8d457bae2\"><div class=\"tb-container-inner\">\n<p class=\"tb-heading has-text-color\" data-toolset-blocks-heading=\"0190bf5c0f5e682e6e1d8be7e6f401ac\" data-last-update=\"1.4\"><span><span><a href=\"https:\/\/wpml.org\/vi\/trang-chu\/\">Home<\/a><\/span><\/span><\/p>\n\n\n\n<div class=\"wp-block-toolset-blocks-grid tb-grid\" data-toolset-blocks-grid=\"1e3256eddcd8d1ddf217eef5389f4d56\">\n<div class=\"wp-block-toolset-blocks-grid-column tb-grid-column tb-grid-align-center\" data-toolset-blocks-grid-column=\"f586ff7bfe1d7317c63162ec7b7039ed\">\n<div class=\"wp-block-toolset-blocks-container tb-container\" data-toolset-blocks-container=\"cbb7accfa9454b18fd5408ff9119221d\"><\/div>\n\n\n\n<h1 class=\"tb-heading has-text-color\" data-toolset-blocks-heading=\"b686c8b3d4780754ef6585bd91a569b8\" data-last-update=\"1.4\">Gravity Forms Multilingual &#8211; D\u1ecbch c\u00e1c bi\u1ec3u m\u1eabu v\u1edbi WPML<\/h1>\n\n\n\n<div class=\"tb-fields-and-text\" data-toolset-blocks-fields-and-text=\"3f9f3fa6c769cb8df265aa2f59e7f9eb\"><p><span data-sheets-root=\"1\">Gravity Forms Multilingual (GFML) l\u00e0 m\u1ed9t ti\u1ec7n \u00edch b\u1ed5 sung c\u1ee7a WPML \u0111\u1ec3 d\u1ecbch c\u00e1c tr\u01b0\u1eddng bi\u1ec3u m\u1eabu v\u00e0 nh\u00e3n c\u1ee7a b\u1ea1n sang nhi\u1ec1u ng\u00f4n ng\u1eef h\u01a1n. <\/span><\/p><\/div>\n\n\n\n<div id=\"wpml-info-account-trigger\" class=\"tb-button\" data-toolset-blocks-button=\"54b63bb896c466a6c0cb49b2e2621dea\"><a class=\"tb-button__link\" href=\"https:\/\/wpml.org\/account\/downloads\/#gravityforms-multilingual\"><span class=\"tb-button__content\">T\u1ea3i Gravity Forms Multilingual<\/span><i class=\"tb-button__icon\"><\/i><\/a><\/div>\n<\/div>\n\n\n\n<div class=\"wp-block-toolset-blocks-grid-column tb-grid-column tb-grid-align-center\" data-toolset-blocks-grid-column=\"c77f65d01bb1c283e93f285b389d97af\">\n<figure class=\"wp-block-image tb-image tb-image-dynamic tb-image-frame-none\" data-toolset-blocks-image=\"5706d347fdaaf17eed1ed237c8b186f0\"><img decoding=\"async\" loading=\"lazy\" src=\"https:\/\/cdn.wpml.org\/wp-content\/uploads\/2023\/04\/form-10-1.png\"\/><\/figure>\n<\/div>\n<\/div>\n<\/div><\/div>\n\n<div class=\"wp-block-toolset-blocks-container tb-container\" data-toolset-blocks-container=\"8f3deaef8758197413c254193c4637bf\"><div class=\"tb-container-inner\">\n<h3 class=\"tb-heading has-text-color\" data-toolset-blocks-heading=\"64944ef240e0d9481016a33eed26e822\" data-last-update=\"1.4\"><strong>M\u1ed9t c\u00e1ch \u0111\u01a1n gi\u1ea3n v\u00e0 m\u1ea1nh m\u1ebd \u0111\u1ec3 x\u00e2y d\u1ef1ng bi\u1ec3u m\u1eabu gravity \u0111a ng\u00f4n ng\u1eef<\/strong><\/h3>\n\n\n\n<div class=\"wp-block-toolset-blocks-grid tb-grid\" data-toolset-blocks-grid=\"d73b029f031f092476d7c78dca9026b6\">\n<div class=\"wp-block-toolset-blocks-grid-column tb-grid-column tb-grid-align-top\" data-toolset-blocks-grid-column=\"3034fbe886c11054e95b46b09d3e4112\">\n<div class=\"wp-block-toolset-blocks-grid tb-grid\" data-toolset-blocks-grid=\"1c3b519f11ed173dde36e2dd3d915363\">\n<div class=\"wp-block-toolset-blocks-grid-column tb-grid-column tb-grid-align-top\" data-toolset-blocks-grid-column=\"3034fbe886c11054e95b46b09d3e4112\">\n<div class=\"wp-block-toolset-blocks-container tb-container\" data-toolset-blocks-container=\"4c1e644b100a7cd79ae08b214443135d\"><\/div>\n<\/div>\n\n\n\n<div class=\"wp-block-toolset-blocks-grid-column tb-grid-column tb-grid-align-center\" data-toolset-blocks-grid-column=\"f586ff7bfe1d7317c63162ec7b7039ed\">\n<h3 class=\"tb-heading has-text-color\" data-toolset-blocks-heading=\"b2d352fa342796268e813d45e9ad169e\" data-last-update=\"1.4\"><strong>Quy tr\u00ecnh l\u00e0m vi\u1ec7c d\u1ec5 d\u00e0ng<\/strong><\/h3>\n\n\n\n<p class=\"tb-heading has-text-color\" data-toolset-blocks-heading=\"3a2e96e3a39991294f000d733d564a60\" data-last-update=\"1.4\">D\u1ecbch bi\u1ec3u m\u1eabu gravity v\u1edbi b\u1ea3ng \u0111i\u1ec1u khi\u1ec3n d\u1ecbch thu\u1eadt c\u1ee7a WPML.<\/p>\n<\/div>\n<\/div>\n<\/div>\n\n\n\n<div class=\"wp-block-toolset-blocks-grid-column tb-grid-column tb-grid-align-top\" data-toolset-blocks-grid-column=\"6aa6629b0bd14de4b0c8a30d5e016060\">\n<div class=\"wp-block-toolset-blocks-grid tb-grid\" data-toolset-blocks-grid=\"1c3b519f11ed173dde36e2dd3d915363\">\n<div class=\"wp-block-toolset-blocks-grid-column tb-grid-column tb-grid-align-top\" data-toolset-blocks-grid-column=\"3034fbe886c11054e95b46b09d3e4112\">\n<div class=\"wp-block-toolset-blocks-container tb-container\" data-toolset-blocks-container=\"4c1e644b100a7cd79ae08b214443135d\"><\/div>\n<\/div>\n\n\n\n<div class=\"wp-block-toolset-blocks-grid-column tb-grid-column tb-grid-align-center\" data-toolset-blocks-grid-column=\"f586ff7bfe1d7317c63162ec7b7039ed\">\n<h3 class=\"tb-heading has-text-color\" data-toolset-blocks-heading=\"3b2b4300cf3526adeeeceb0a7d34ea01\" data-last-update=\"1.4\"><strong>D\u1ecbch thu\u1eadt linh ho\u1ea1t<\/strong><\/h3>\n\n\n\n<p class=\"tb-heading has-text-color\" data-toolset-blocks-heading=\"489fe393b980d16eaf272662f21c57f9\" data-last-update=\"1.4\">T\u1ef1 m\u00ecnh d\u1ecbch Gravity Forms ho\u1eb7c nh\u1edd s\u1ef1 tr\u1ee3 gi\u00fap c\u1ee7a c\u00e1c d\u1ecbch gi\u1ea3 chuy\u00ean nghi\u1ec7p.<\/p>\n<\/div>\n<\/div>\n<\/div>\n\n\n\n<div class=\"wp-block-toolset-blocks-grid-column tb-grid-column tb-grid-align-top\" data-toolset-blocks-grid-column=\"3034fbe886c11054e95b46b09d3e4112\">\n<div class=\"wp-block-toolset-blocks-grid tb-grid\" data-toolset-blocks-grid=\"1c3b519f11ed173dde36e2dd3d915363\">\n<div class=\"wp-block-toolset-blocks-grid-column tb-grid-column tb-grid-align-top\" data-toolset-blocks-grid-column=\"3034fbe886c11054e95b46b09d3e4112\">\n<div class=\"wp-block-toolset-blocks-container tb-container\" data-toolset-blocks-container=\"4c1e644b100a7cd79ae08b214443135d\"><\/div>\n<\/div>\n\n\n\n<div class=\"wp-block-toolset-blocks-grid-column tb-grid-column tb-grid-align-center\" data-toolset-blocks-grid-column=\"f586ff7bfe1d7317c63162ec7b7039ed\">\n<h3 class=\"tb-heading has-text-color\" data-toolset-blocks-heading=\"3b2b4300cf3526adeeeceb0a7d34ea01\" data-last-update=\"1.4\"><strong>Quy tr\u00ecnh nhanh<\/strong><\/h3>\n\n\n\n<p class=\"tb-heading has-text-color\" data-toolset-blocks-heading=\"489fe393b980d16eaf272662f21c57f9\" data-last-update=\"1.4\">D\u1ecbch m\u1ed9t ho\u1eb7c nhi\u1ec1u bi\u1ec3u m\u1eabu gravity ch\u1ec9 trong v\u00e0i ph\u00fat.<\/p>\n<\/div>\n<\/div>\n<\/div>\n<\/div>\n<\/div><\/div>\n\n<div class=\"wp-block-toolset-blocks-container tb-container\" data-toolset-blocks-container=\"a03f28b68e7ebf56bfe1641740b90da2\"><div class=\"tb-container-inner\">\n<div class=\"wp-block-toolset-blocks-grid tb-grid\" data-toolset-blocks-grid=\"bc3b338eeaf2c2dab6d1efcf997e6968\">\n<div class=\"wp-block-toolset-blocks-grid-column tb-grid-column tb-grid-align-top wcml-sticky-top\" data-toolset-blocks-grid-column=\"f7f9a013a6074411e874a8d48900e955\">\n<p class=\"tb-heading\" data-toolset-blocks-heading=\"ba314f8b957a1e719a05768a3039acf2\" data-last-update=\"1.4\"><strong>Tr\u00ean trang n\u00e0y<\/strong><\/p>\n\n\n\n<p class=\"tb-heading has-text-color\" data-toolset-blocks-heading=\"e61aa8997e9522834de21cdb2df7f0d9\" data-last-update=\"1.4\"><a href=\"#getting-started\">B\u1eaft \u0111\u1ea7u<\/a><\/p>\n\n\n\n<p class=\"tb-heading has-text-color\" data-toolset-blocks-heading=\"e61aa8997e9522834de21cdb2df7f0d9\" data-last-update=\"1.4\"><a href=\"#translate-gravity-forms\">C\u00e1ch d\u1ecbch bi\u1ec3u m\u1eabu gravity v\u1edbi WPML<\/a><\/p>\n\n\n\n<p class=\"tb-heading has-text-color\" data-toolset-blocks-heading=\"57fd50fba93b22bbe47ab8e2f98ccbfc\" data-last-update=\"1.4\"><a href=\"#translate-with-wpml\">B\u1eaft \u0111\u1ea7u d\u1ecbch v\u1edbi WPML<\/a><\/p>\n<\/div>\n\n\n\n<div class=\"wp-block-toolset-blocks-grid-column tb-grid-column tb-grid-align-top product-page-content\" data-toolset-blocks-grid-column=\"3ca40a3bbaa937ab1f07ea8568a8fddf\">\n<h2 class=\"wp-block-heading\" id=\"getting-started\">B\u1eaft \u0111\u1ea7u<\/h2>\n\n\n\n<p>\u0110\u1ec3 d\u1ecbch Gravity Forms b\u1eb1ng WPML, b\u1ea1n c\u1ea7n c\u00e0i \u0111\u1eb7t v\u00e0 k\u00edch ho\u1ea1t c\u00e1c plugin sau:<\/p>\n\n\n\n<ul class=\"wp-block-list\">\n<li>WPML<\/li>\n\n\n\n<li>WPML String Translation<\/li>\n\n\n\n<li><a href=\"https:\/\/www.gravityforms.com\/\">Gravity Forms<\/a><\/li>\n\n\n\n<li><a href=\"https:\/\/wpml.org\/vi\/account\/downloads\/#gravityforms-multilingual\">Gravity Forms Multilingual<\/a><\/li>\n<\/ul>\n\n\n\n<h2 class=\"wp-block-heading\" id=\"translate-gravity-forms\">C\u00e1ch d\u1ecbch bi\u1ec3u m\u1eabu gravity v\u1edbi WPML<\/h2>\n\n\n\n<p>V\u1edbi WPML, b\u1ea1n c\u00f3 th\u1ec3 d\u1ecbch t\u1ea5t c\u1ea3 c\u00e1c ph\u1ea7n t\u1eed c\u1ee7a Gravity Forms. Bao g\u1ed3m: <\/p>\n\n\n\n<ul class=\"wp-block-list\">\n<li>Ti\u00eau \u0111\u1ec1 bi\u1ec3u m\u1eabu<\/li>\n\n\n\n<li>Nh\u00e3n tr\u01b0\u1eddng<\/li>\n\n\n\n<li>Nh\u00e3n ph\u1ee5<\/li>\n\n\n\n<li>N\u00fat radio<\/li>\n\n\n\n<li>H\u1ed9p ki\u1ec3m<\/li>\n\n\n\n<li>Danh s\u00e1ch th\u1ea3 xu\u1ed1ng<\/li>\n\n\n\n<li>X\u00e1c nh\u1eadn<\/li>\n\n\n\n<li>Th\u00f4ng b\u00e1o<\/li>\n<\/ul>\n\n\n\n<p>\u0110\u1ec3 d\u1ecbch Gravity Forms b\u1eb1ng WPML:<\/p>\n\n\n\n<ol class=\"wp-block-list\">\n<li>\u0110i t\u1edbi <strong>WPML<\/strong> \u2192 <strong>B\u1ea3ng \u0111i\u1ec1u khi\u1ec3n d\u1ecbch thu\u1eadt<\/strong> v\u00e0 cu\u1ed9n xu\u1ed1ng ph\u1ea7n <strong>Gravity Forms<\/strong>.<\/li>\n\n\n\n<li>Ch\u1ecdn c\u00e1c bi\u1ec3u m\u1eabu b\u1ea1n mu\u1ed1n d\u1ecbch v\u00e0 g\u1eedi \u0111\u1ec3 d\u1ecbch. <\/li>\n<\/ol>\n\n\n\n<figure class=\"wp-block-image tb-image tb-image-dynamic tb-image-frame-none\" data-toolset-blocks-image=\"8b5ec2a09b31d7cefa81f15dad358e5d\"><a href=\"https:\/\/wpml.org\/wp-content\/uploads\/2026\/02\/Selecting-to-translate-Gravity-Forms.png\"><img decoding=\"async\" width=\"1024\" height=\"625\" loading=\"lazy\" src=\"https:\/\/wpml.org\/wp-content\/uploads\/2026\/02\/Selecting-to-translate-Gravity-Forms-1024x625.png\" alt=\"Selecting to translate Gravity Forms\" class=\"wp-image-17792213\" srcset=\"https:\/\/wpml.org\/wp-content\/uploads\/2026\/02\/Selecting-to-translate-Gravity-Forms-1024x625.png 1024w, https:\/\/wpml.org\/wp-content\/uploads\/2026\/02\/Selecting-to-translate-Gravity-Forms-300x183.png 300w, https:\/\/wpml.org\/wp-content\/uploads\/2026\/02\/Selecting-to-translate-Gravity-Forms-150x92.png 150w, https:\/\/wpml.org\/wp-content\/uploads\/2026\/02\/Selecting-to-translate-Gravity-Forms-768x469.png 768w, https:\/\/wpml.org\/wp-content\/uploads\/2026\/02\/Selecting-to-translate-Gravity-Forms-1536x938.png 1536w, https:\/\/wpml.org\/wp-content\/uploads\/2026\/02\/Selecting-to-translate-Gravity-Forms.png 1600w\" sizes=\"auto, (max-width: 1024px) 100vw, 1024px\" \/><\/a><figcaption><div class=\"tb-image-caption\">Ch\u1ecdn \u0111\u1ec3 d\u1ecbch Gravity Forms<\/div><\/figcaption><\/figure>\n\n\n\n<ol start=\"3\" class=\"wp-block-list\">\n<li>Cu\u1ed1i c\u00f9ng, \u0111i t\u1edbi <strong>WPML <\/strong>\u2192 <strong>B\u1ea3n d\u1ecbch <\/strong>\u0111\u1ec3 xem l\u1ea1i c\u00e1c b\u1ea3n d\u1ecbch t\u1ef1 \u0111\u1ed9ng ho\u1eb7c nh\u1eadp b\u1ea3n d\u1ecbch c\u1ee7a ri\u00eang b\u1ea1n (n\u1ebfu b\u1ea1n t\u1ef1 d\u1ecbch).<\/li>\n<\/ol>\n\n\n\n<figure class=\"wp-block-image tb-image tb-image-dynamic tb-image-frame-none\" data-toolset-blocks-image=\"d513a7fa7c0c36635d995fd24ea92c1e\"><a href=\"https:\/\/wpml.org\/wp-content\/uploads\/2025\/08\/Clicking-the-Review-button-to-check-automatic-translations.png\"><img decoding=\"async\" width=\"1024\" height=\"578\" loading=\"lazy\" src=\"https:\/\/wpml.org\/wp-content\/uploads\/2025\/08\/Clicking-the-Review-button-to-check-automatic-translations-1024x578.png\" alt=\"Clicking the Review button to check automatic translations\" class=\"wp-image-17317396\" srcset=\"https:\/\/wpml.org\/wp-content\/uploads\/2025\/08\/Clicking-the-Review-button-to-check-automatic-translations-1024x578.png 1024w, https:\/\/wpml.org\/wp-content\/uploads\/2025\/08\/Clicking-the-Review-button-to-check-automatic-translations-300x169.png 300w, https:\/\/wpml.org\/wp-content\/uploads\/2025\/08\/Clicking-the-Review-button-to-check-automatic-translations-150x85.png 150w, https:\/\/wpml.org\/wp-content\/uploads\/2025\/08\/Clicking-the-Review-button-to-check-automatic-translations-768x433.png 768w, https:\/\/wpml.org\/wp-content\/uploads\/2025\/08\/Clicking-the-Review-button-to-check-automatic-translations-1536x867.png 1536w, https:\/\/wpml.org\/wp-content\/uploads\/2025\/08\/Clicking-the-Review-button-to-check-automatic-translations.png 1600w\" sizes=\"auto, (max-width: 1024px) 100vw, 1024px\" \/><\/a><figcaption><div class=\"tb-image-caption\">Nh\u1ea5p v\u00e0o n\u00fat Xem l\u1ea1i \u0111\u1ec3 ki\u1ec3m tra b\u1ea3n d\u1ecbch t\u1ef1 \u0111\u1ed9ng<\/div><\/figcaption><\/figure>\n\n\n\n<p>N\u1ebfu b\u1ea1n t\u1ef1 d\u1ecbch, b\u1ea1n s\u1ebd \u0111\u01b0\u1ee3c \u0111\u01b0a \u0111\u1ebfn <strong>Tr\u00ecnh bi\u00ean d\u1ecbch n\u00e2ng cao<\/strong>. \u1ede \u0111\u00f3, b\u1ea1n s\u1ebd th\u1ea5y t\u1ea5t c\u1ea3 c\u00e1c th\u00e0nh ph\u1ea7n bi\u1ec3u m\u1eabu, bao g\u1ed3m c\u00e1c tr\u01b0\u1eddng bi\u1ec3u m\u1eabu, th\u00f4ng b\u00e1o x\u00e1c nh\u1eadn v\u00e0 <strong>th\u00f4ng b\u00e1o qua email<\/strong>, s\u1eb5n s\u00e0ng \u0111\u1ec3 d\u1ecbch. <\/p>\n\n\n<div class=\"wp-block-image\">\n<figure class=\" tb-image tb-image-dynamic tb-image-frame-none aligncenter\" data-toolset-blocks-image=\"614ed99cf6b92b21ec74720bbd295c77\"><a href=\"https:\/\/wpml.org\/wp-content\/uploads\/2025\/04\/wpml-advanced-translation-editor-translating-gravity-form.png\"><img decoding=\"async\" width=\"1024\" height=\"703\" loading=\"lazy\" src=\"https:\/\/wpml.org\/wp-content\/uploads\/2025\/04\/wpml-advanced-translation-editor-translating-gravity-form-1024x703.png\" alt=\"\" class=\"wp-image-16937909\" srcset=\"https:\/\/wpml.org\/wp-content\/uploads\/2025\/04\/wpml-advanced-translation-editor-translating-gravity-form-1024x703.png 1024w, https:\/\/wpml.org\/wp-content\/uploads\/2025\/04\/wpml-advanced-translation-editor-translating-gravity-form-300x206.png 300w, https:\/\/wpml.org\/wp-content\/uploads\/2025\/04\/wpml-advanced-translation-editor-translating-gravity-form-150x103.png 150w, https:\/\/wpml.org\/wp-content\/uploads\/2025\/04\/wpml-advanced-translation-editor-translating-gravity-form-768x528.png 768w, https:\/\/wpml.org\/wp-content\/uploads\/2025\/04\/wpml-advanced-translation-editor-translating-gravity-form-1536x1055.png 1536w, https:\/\/wpml.org\/wp-content\/uploads\/2025\/04\/wpml-advanced-translation-editor-translating-gravity-form-2048x1407.png 2048w\" sizes=\"auto, (max-width: 1024px) 100vw, 1024px\" \/><\/a><figcaption><div class=\"tb-image-caption\">D\u1ecbch m\u1ed9t bi\u1ec3u m\u1eabu gravity trong tr\u00ecnh bi\u00ean d\u1ecbch n\u00e2ng cao<\/div><\/figcaption><\/figure>\n<\/div>\n\n\n<p>Khi ho\u00e0n th\u00e0nh, b\u1ea1n c\u00f3 th\u1ec3 xem c\u00e1c bi\u1ec3u m\u1eabu Gravity Forms \u0111\u00e3 d\u1ecbch b\u1eb1ng c\u00e1ch chuy\u1ec3n \u0111\u1ed5i ng\u00f4n ng\u1eef tr\u00ean trang web c\u1ee7a m\u00ecnh. H\u00e3y nh\u1edb <a href=\"https:\/\/wpml.org\/documentation\/getting-started-guide\/translate-pages-in-wordpress-with-wpml\/\">d\u1ecbch trang<\/a> ch\u1ee9a bi\u1ec3u m\u1eabu c\u1ee7a b\u1ea1n \u0111\u1ec3 chuy\u1ec3n \u0111\u1ed5i ng\u00f4n ng\u1eef. <\/p>\n\n\n\n<div class=\"wp-block-columns is-layout-flex wp-container-core-columns-is-layout-28f84493 wp-block-columns-is-layout-flex\">\n<div class=\"wp-block-column is-layout-flow wp-block-column-is-layout-flow\">\n<figure class=\"wp-block-image tb-image tb-image-dynamic tb-image-frame-none\" data-toolset-blocks-image=\"1363834e26e8c4908fe944d05a44d8ac\"><a href=\"https:\/\/wpml.org\/wp-content\/uploads\/2024\/04\/Contact-form-in-English.png\"><img decoding=\"async\" width=\"1024\" height=\"715\" loading=\"lazy\" src=\"https:\/\/wpml.org\/wp-content\/uploads\/2024\/04\/Contact-form-in-English-1024x715.png\" alt=\"Contact form in English\" class=\"wp-image-15483530\" srcset=\"https:\/\/wpml.org\/wp-content\/uploads\/2024\/04\/Contact-form-in-English-1024x715.png 1024w, https:\/\/wpml.org\/wp-content\/uploads\/2024\/04\/Contact-form-in-English-300x209.png 300w, https:\/\/wpml.org\/wp-content\/uploads\/2024\/04\/Contact-form-in-English-150x105.png 150w, https:\/\/wpml.org\/wp-content\/uploads\/2024\/04\/Contact-form-in-English-768x536.png 768w, https:\/\/wpml.org\/wp-content\/uploads\/2024\/04\/Contact-form-in-English.png 1490w\" sizes=\"auto, (max-width: 1024px) 100vw, 1024px\" \/><\/a><figcaption><div class=\"tb-image-caption\">Bi\u1ec3u m\u1eabu li\u00ean h\u1ec7 b\u1eb1ng ti\u1ebfng Anh <\/div><\/figcaption><\/figure>\n<\/div>\n\n\n\n<div class=\"wp-block-column is-layout-flow wp-block-column-is-layout-flow\">\n<figure class=\"wp-block-image tb-image tb-image-dynamic tb-image-frame-none\" data-toolset-blocks-image=\"dc14b32d6c440e2558dff259cb37ab2b\"><a href=\"https:\/\/wpml.org\/wp-content\/uploads\/2024\/04\/Contact-form-in-Spanish.png\"><img decoding=\"async\" width=\"1024\" height=\"697\" loading=\"lazy\" src=\"https:\/\/wpml.org\/wp-content\/uploads\/2024\/04\/Contact-form-in-Spanish-1024x697.png\" alt=\"Contact form in Spanish\" class=\"wp-image-15483545\" srcset=\"https:\/\/wpml.org\/wp-content\/uploads\/2024\/04\/Contact-form-in-Spanish-1024x697.png 1024w, https:\/\/wpml.org\/wp-content\/uploads\/2024\/04\/Contact-form-in-Spanish-300x204.png 300w, https:\/\/wpml.org\/wp-content\/uploads\/2024\/04\/Contact-form-in-Spanish-150x102.png 150w, https:\/\/wpml.org\/wp-content\/uploads\/2024\/04\/Contact-form-in-Spanish-768x523.png 768w, https:\/\/wpml.org\/wp-content\/uploads\/2024\/04\/Contact-form-in-Spanish.png 1512w\" sizes=\"auto, (max-width: 1024px) 100vw, 1024px\" \/><\/a><figcaption><div class=\"tb-image-caption\">Bi\u1ec3u m\u1eabu li\u00ean h\u1ec7 b\u1eb1ng ti\u1ebfng T\u00e2y Ban Nha <\/div><\/figcaption><\/figure>\n<\/div>\n<\/div>\n\n\n\n<h2 class=\"wp-block-heading\" id=\"translate-with-wpml\">B\u1eaft \u0111\u1ea7u d\u1ecbch v\u1edbi WPML <\/h2>\n\n\n\n<p>N\u1ebfu qu\u00fd v\u1ecb \u0111\u00e3 c\u00f3 t\u00e0i kho\u1ea3n WPML, qu\u00fd v\u1ecb c\u00f3 th\u1ec3 t\u1ea3i xu\u1ed1ng Gravity Forms Multilingual (kh\u00f4ng m\u1ea5t th\u00eam ph\u00ed) t\u1eeb <a href=\"https:\/\/wpml.org\/vi\/account\/downloads\/#gravityforms-multilingual\">trang T\u1ea3i xu\u1ed1ng<\/a>.<\/p>\n\n\n\n<p>Ch\u01b0a c\u00f3 WPML? H\u00e3y truy c\u1eadp <a href=\"https:\/\/wpml.org\/vi\/gia-wpml\/\">trang gi\u00e1<\/a> c\u1ee7a ch\u00fang t\u00f4i \u0111\u1ec3 t\u00ecm g\u00f3i ph\u00f9 h\u1ee3p cho trang web c\u1ee7a b\u1ea1n.  <\/p>\n<\/div>\n<\/div>\n<\/div><\/div>\n","protected":false},"excerpt":{"rendered":"<p class=\"lead\">WPML cho ph\u00e9p b\u1ea1n d\u1ecbch c\u00e1c v\u0103n b\u1ea3n xu\u1ea5t hi\u1ec7n trong Gravity Forms c\u1ee7a b\u1ea1n sang c\u00e1c ng\u00f4n ng\u1eef kh\u00e1c tr\u00ean trang web c\u1ee7a b\u1ea1n. Sau khi \u0111\u01b0\u1ee3c d\u1ecbch, bi\u1ec3u m\u1eabu s\u1ebd t\u1ef1 \u0111\u1ed9ng hi\u1ec3n th\u1ecb b\u1eb1ng ng\u00f4n ng\u1eef ch\u00ednh x\u00e1c tr\u00ean giao di\u1ec7n ng\u01b0\u1eddi d\u00f9ng. <\/p>\n","protected":false},"author":538393,"featured_media":0,"parent":15194531,"menu_order":36,"comment_status":"closed","ping_status":"closed","template":"template-full-with-popup-generic.php","meta":{"_bbp_topic_count":0,"_bbp_reply_count":0,"_bbp_total_topic_count":0,"_bbp_total_reply_count":0,"_bbp_voice_count":0,"_bbp_anonymous_reply_count":0,"_bbp_topic_count_hidden":0,"_bbp_reply_count_hidden":0,"_bbp_forum_subforum_count":0,"_uag_custom_page_level_css":"","ep_exclude_from_search":false,"footnotes":""},"related-projects-category":[27808],"class_list":["post-15198032","page","type-page","status-publish","hentry","related-projects-category-forms-vi"],"spectra_custom_meta":{"ratings_users":["0"],"ratings_score":["0"],"ratings_average":["0"],"_subscription_coupon_product_id":["0"],"_wpv_contains_gutenberg_views":[""],"_alp_processed":["1772089839"],"_views_template":["0"],"wpcf-unformatted-code":[""],"_wpml_media_duplicate":["0"],"_wpml_media_featured":["1"],"toolset_post_editor_mode":["block"],"wpcf-price-increase-show-from":[""],"wpcf-price-increase-show-till":[""],"_wp_page_template":["template-full-with-popup-generic.php"],"_last_translation_edit_mode":["translation-editor"],"_wpml_word_count":["633"],"cmplz_hide_cookiebanner":[""],"wpcf-related-product-full-name":["Gravity Forms Multilingual"],"wpcf-related-product-download-url":["https:\/\/wpml.org\/account\/downloads\/#gravityforms-multilingual"],"wpcf-price-increase-content":[""],"wpcf-login-box-title":[""],"wpcf-page-content":[""],"_yoast_wpseo_primary_related-projects-category":["26967"],"_yoast_wpseo_title":["Gravity Forms Multilingual - D\u1ecbch c\u00e1c bi\u1ec3u m\u1eabu v\u1edbi WPML"],"_yoast_wpseo_metadesc":["Gravity Forms Multilingual (GFML) l\u00e0 m\u1ed9t ti\u1ec7n \u00edch b\u1ed5 sung c\u1ee7a WPML \u0111\u1ec3 d\u1ecbch c\u00e1c tr\u01b0\u1eddng bi\u1ec3u m\u1eabu v\u00e0 nh\u00e3n c\u1ee7a b\u1ea1n sang nhi\u1ec1u ng\u00f4n ng\u1eef h\u01a1n."],"_yoast_wpseo_focuskw":["gravity forms multilingual"],"_uag_page_assets":["a:9:{s:3:\"css\";s:260:\".uag-blocks-common-selector{z-index:var(--z-index-desktop) !important}@media(max-width: 976px){.uag-blocks-common-selector{z-index:var(--z-index-tablet) !important}}@media(max-width: 767px){.uag-blocks-common-selector{z-index:var(--z-index-mobile) !important}}\";s:2:\"js\";s:0:\"\";s:18:\"current_block_list\";a:14:{i:0;s:24:\"toolset-blocks\/container\";i:1;s:22:\"toolset-blocks\/heading\";i:2;s:19:\"toolset-blocks\/grid\";i:3;s:26:\"toolset-blocks\/grid-column\";i:4;s:30:\"toolset-blocks\/fields-and-text\";i:5;s:21:\"toolset-blocks\/button\";i:7;s:20:\"toolset-blocks\/image\";i:9;s:12:\"core\/heading\";i:10;s:14:\"core\/paragraph\";i:11;s:9:\"core\/list\";i:12;s:14:\"core\/list-item\";i:13;s:12:\"core\/columns\";i:14;s:11:\"core\/column\";i:15;s:14:\"core\/shortcode\";}s:8:\"uag_flag\";b:0;s:11:\"uag_version\";s:10:\"1778149665\";s:6:\"gfonts\";a:0:{}s:10:\"gfonts_url\";s:0:\"\";s:12:\"gfonts_files\";a:0:{}s:14:\"uag_faq_layout\";b:0;}"],"_uag_css_file_name":["uag-css-15198032.css"]},"uagb_featured_image_src":{"full":false,"thumbnail":false,"medium":false,"medium_large":false,"large":false,"1536x1536":false,"2048x2048":false,"gform-image-choice-sm":false,"gform-image-choice-md":false,"gform-image-choice-lg":false,"woocommerce_thumbnail":false,"woocommerce_single":false,"woocommerce_gallery_thumbnail":false},"uagb_author_info":{"display_name":"Kathy","author_link":"https:\/\/wpml.org\/vi\/author\/kathy-b\/"},"uagb_comment_info":0,"uagb_excerpt":"WPML cho ph\u00e9p b\u1ea1n d\u1ecbch c\u00e1c v\u0103n b\u1ea3n xu\u1ea5t hi\u1ec7n trong Gravity Forms c\u1ee7a b\u1ea1n sang c\u00e1c ng\u00f4n ng\u1eef kh\u00e1c tr\u00ean trang web c\u1ee7a b\u1ea1n. Sau khi \u0111\u01b0\u1ee3c d\u1ecbch, bi\u1ec3u m\u1eabu s\u1ebd t\u1ef1 \u0111\u1ed9ng hi\u1ec3n th\u1ecb b\u1eb1ng ng\u00f4n ng\u1eef ch\u00ednh x\u00e1c tr\u00ean giao di\u1ec7n ng\u01b0\u1eddi d\u00f9ng.","_links":{"self":[{"href":"https:\/\/wpml.org\/vi\/wp-json\/wp\/v2\/pages\/15198032","targetHints":{"allow":["GET"]}}],"collection":[{"href":"https:\/\/wpml.org\/vi\/wp-json\/wp\/v2\/pages"}],"about":[{"href":"https:\/\/wpml.org\/vi\/wp-json\/wp\/v2\/types\/page"}],"author":[{"embeddable":true,"href":"https:\/\/wpml.org\/vi\/wp-json\/wp\/v2\/users\/538393"}],"replies":[{"embeddable":true,"href":"https:\/\/wpml.org\/vi\/wp-json\/wp\/v2\/comments?post=15198032"}],"version-history":[{"count":8,"href":"https:\/\/wpml.org\/vi\/wp-json\/wp\/v2\/pages\/15198032\/revisions"}],"predecessor-version":[{"id":17853657,"href":"https:\/\/wpml.org\/vi\/wp-json\/wp\/v2\/pages\/15198032\/revisions\/17853657"}],"up":[{"embeddable":true,"href":"https:\/\/wpml.org\/vi\/wp-json\/wp\/v2\/pages\/15194531"}],"wp:attachment":[{"href":"https:\/\/wpml.org\/vi\/wp-json\/wp\/v2\/media?parent=15198032"}],"wp:term":[{"taxonomy":"related-projects-category","embeddable":true,"href":"https:\/\/wpml.org\/vi\/wp-json\/wp\/v2\/related-projects-category?post=15198032"}],"curies":[{"name":"wp","href":"https:\/\/api.w.org\/{rel}","templated":true}]}}