{"id":15235970,"date":"2013-07-23T01:04:44","date_gmt":"2013-07-23T01:04:44","guid":{"rendered":"https:\/\/wpml.org\/cac-du-an-lien-quan\/su-dung-mau-lien-he-7-voi-wpml\/"},"modified":"2026-02-26T07:29:03","modified_gmt":"2026-02-26T07:29:03","slug":"su-dung-mau-lien-he-7-voi-wpml","status":"publish","type":"page","link":"https:\/\/wpml.org\/vi\/tai-lieu-wpml\/cac-du-an-lien-quan\/su-dung-mau-lien-he-7-voi-wpml\/","title":{"rendered":"Contact Form 7 Multilingual"},"content":{"rendered":"\n<div class=\"wp-block-toolset-blocks-container tb-container alignfull\" data-toolset-blocks-container=\"10492591bfb51d70e8d09aa8d457bae2\"><div class=\"tb-container-inner\">\n<p class=\"tb-heading has-text-color\" data-toolset-blocks-heading=\"0190bf5c0f5e682e6e1d8be7e6f401ac\" data-last-update=\"1.4\"><span><span><a href=\"https:\/\/wpml.org\/vi\/trang-chu\/\">Home<\/a><\/span><\/span><\/p>\n\n\n\n<div class=\"wp-block-toolset-blocks-grid tb-grid\" data-toolset-blocks-grid=\"1e3256eddcd8d1ddf217eef5389f4d56\">\n<div class=\"wp-block-toolset-blocks-grid-column tb-grid-column tb-grid-align-center\" data-toolset-blocks-grid-column=\"f586ff7bfe1d7317c63162ec7b7039ed\">\n<div class=\"wp-block-toolset-blocks-container tb-container\" data-toolset-blocks-container=\"0d884d3f71d1622c86b7b46bb900d861\"><\/div>\n\n\n\n<h1 class=\"tb-heading has-text-color\" data-toolset-blocks-heading=\"b686c8b3d4780754ef6585bd91a569b8\" data-last-update=\"1.4\">Contact Form 7 Multilingual &#8211; D\u1ecbch c\u00e1c bi\u1ec3u m\u1eabu v\u1edbi WPML<\/h1>\n\n\n\n<div class=\"tb-fields-and-text\" data-toolset-blocks-fields-and-text=\"3f9f3fa6c769cb8df265aa2f59e7f9eb\"><p><span data-sheets-root=\"1\">Contact Form 7 Multilingual l\u00e0 m\u1ed9t ti\u1ec7n \u00edch b\u1ed5 sung c\u1ee7a WPML \u0111\u1ec3 d\u1ecbch c\u00e1c tr\u01b0\u1eddng v\u00e0 nh\u00e3n c\u1ee7a Contact Form 7 sang nhi\u1ec1u ng\u00f4n ng\u1eef h\u01a1n.<\/span><\/p><\/div>\n\n\n\n<div id=\"wpml-info-account-trigger\" class=\"tb-button\" data-toolset-blocks-button=\"c477dca5170e96b10873a6960f298158\"><a class=\"tb-button__link\" href=\"https:\/\/wpml.org\/account\/downloads\/#contact-form-7-multilingual\"><span class=\"tb-button__content\">T\u1ea3i xu\u1ed1ng WPML cho CF7<\/span><i class=\"tb-button__icon\"><\/i><\/a><\/div>\n<\/div>\n\n\n\n<div class=\"wp-block-toolset-blocks-grid-column tb-grid-column tb-grid-align-center\" data-toolset-blocks-grid-column=\"c77f65d01bb1c283e93f285b389d97af\">\n<figure class=\"wp-block-image tb-image tb-image-dynamic tb-image-frame-none\" data-toolset-blocks-image=\"5706d347fdaaf17eed1ed237c8b186f0\"><img decoding=\"async\" loading=\"lazy\" src=\"https:\/\/cdn.wpml.org\/wp-content\/uploads\/2023\/04\/form-10-1.png\"\/><\/figure>\n<\/div>\n<\/div>\n<\/div><\/div>\n\n<div class=\"wp-block-toolset-blocks-container tb-container\" data-toolset-blocks-container=\"8f3deaef8758197413c254193c4637bf\"><div class=\"tb-container-inner\">\n<h3 class=\"tb-heading has-text-color\" data-toolset-blocks-heading=\"e088c9d71e4460ab93427438ef31979b\" data-last-update=\"1.4\"><strong>D\u1ecbch Contact Form 7 v\u1edbi WPML<\/strong><\/h3>\n\n\n\n<div class=\"wp-block-toolset-blocks-grid tb-grid\" data-toolset-blocks-grid=\"d73b029f031f092476d7c78dca9026b6\">\n<div class=\"wp-block-toolset-blocks-grid-column tb-grid-column tb-grid-align-top\" data-toolset-blocks-grid-column=\"3034fbe886c11054e95b46b09d3e4112\">\n<div class=\"wp-block-toolset-blocks-grid tb-grid\" data-toolset-blocks-grid=\"9bfc87ef58a09f5e6817f53045b0bafe\">\n<div class=\"wp-block-toolset-blocks-grid-column tb-grid-column tb-grid-align-top\" data-toolset-blocks-grid-column=\"3034fbe886c11054e95b46b09d3e4112\">\n<div class=\"wp-block-toolset-blocks-container tb-container\" data-toolset-blocks-container=\"4c1e644b100a7cd79ae08b214443135d\"><\/div>\n<\/div>\n\n\n\n<div class=\"wp-block-toolset-blocks-grid-column tb-grid-column tb-grid-align-center\" data-toolset-blocks-grid-column=\"f586ff7bfe1d7317c63162ec7b7039ed\">\n<p><strong>Quy tr\u00ecnh l\u00e0m vi\u1ec7c d\u1ec5 d\u00e0ng<\/strong><\/p>\n\n\n\n<p>D\u1ecbch m\u1ed9t ho\u1eb7c nhi\u1ec1u bi\u1ec3u m\u1eabu b\u1eb1ng b\u1ea3ng \u0111i\u1ec1u khi\u1ec3n Qu\u1ea3n l\u00fd b\u1ea3n d\u1ecbch c\u1ee7a WPML .<\/p>\n<\/div>\n<\/div>\n<\/div>\n\n\n\n<div class=\"wp-block-toolset-blocks-grid-column tb-grid-column tb-grid-align-top\" data-toolset-blocks-grid-column=\"6aa6629b0bd14de4b0c8a30d5e016060\">\n<div class=\"wp-block-toolset-blocks-grid tb-grid\" data-toolset-blocks-grid=\"9bfc87ef58a09f5e6817f53045b0bafe\">\n<div class=\"wp-block-toolset-blocks-grid-column tb-grid-column tb-grid-align-top\" data-toolset-blocks-grid-column=\"3034fbe886c11054e95b46b09d3e4112\">\n<div class=\"wp-block-toolset-blocks-container tb-container\" data-toolset-blocks-container=\"4c1e644b100a7cd79ae08b214443135d\"><\/div>\n<\/div>\n\n\n\n<div class=\"wp-block-toolset-blocks-grid-column tb-grid-column tb-grid-align-center\" data-toolset-blocks-grid-column=\"f586ff7bfe1d7317c63162ec7b7039ed\">\n<p><strong>D\u1ecbch m\u1ecdi th\u1ee9<\/strong><\/p>\n\n\n\n<p>D\u1ecbch m\u1eabu bi\u1ec3u m\u1eabu, nh\u00e3n tr\u01b0\u1eddng, n\u00fat, th\u00f4ng b\u00e1o email v\u00e0 nhi\u1ec1u n\u1ed9i dung kh\u00e1c.<\/p>\n<\/div>\n<\/div>\n<\/div>\n\n\n\n<div class=\"wp-block-toolset-blocks-grid-column tb-grid-column tb-grid-align-top\" data-toolset-blocks-grid-column=\"3034fbe886c11054e95b46b09d3e4112\">\n<div class=\"wp-block-toolset-blocks-grid tb-grid\" data-toolset-blocks-grid=\"9bfc87ef58a09f5e6817f53045b0bafe\">\n<div class=\"wp-block-toolset-blocks-grid-column tb-grid-column tb-grid-align-top\" data-toolset-blocks-grid-column=\"3034fbe886c11054e95b46b09d3e4112\">\n<div class=\"wp-block-toolset-blocks-container tb-container\" data-toolset-blocks-container=\"4c1e644b100a7cd79ae08b214443135d\"><\/div>\n<\/div>\n\n\n\n<div class=\"wp-block-toolset-blocks-grid-column tb-grid-column tb-grid-align-center\" data-toolset-blocks-grid-column=\"f586ff7bfe1d7317c63162ec7b7039ed\">\n<p><strong>D\u1ecbch thu\u1eadt linh ho\u1ea1t<\/strong><\/p>\n\n\n\n<p>D\u1ecbch t\u1ef1 \u0111\u1ed9ng, t\u1ef1 b\u1ea1n ho\u1eb7c nh\u1edd c\u00e1c d\u1ecbch gi\u1ea3 chuy\u00ean nghi\u1ec7p \u0111\u00e3 \u0111\u01b0\u1ee3c ki\u1ec3m duy\u1ec7t.<\/p>\n<\/div>\n<\/div>\n<\/div>\n<\/div>\n<\/div><\/div>\n\n<div class=\"wp-block-toolset-blocks-container tb-container\" data-toolset-blocks-container=\"a03f28b68e7ebf56bfe1641740b90da2\"><div class=\"tb-container-inner\">\n<div class=\"wp-block-toolset-blocks-grid tb-grid product-page-content\" data-toolset-blocks-grid=\"0f1b5aec2b31564786cca5fee50c41d0\">\n<div class=\"wp-block-toolset-blocks-grid-column tb-grid-column tb-grid-align-top product-page-content\" data-toolset-blocks-grid-column=\"3ca40a3bbaa937ab1f07ea8568a8fddf\">\n<p><strong>Tr\u00ean trang n\u00e0y<\/strong><\/p>\n\n\n\n<p class=\"tb-heading has-text-color\" data-toolset-blocks-heading=\"9505daea73b5583f0e319b64ee6d3ae8\" data-last-update=\"1.4\"><a href=\"#getting-started\">B\u1eaft \u0111\u1ea7u<\/a><\/p>\n\n\n\n<p class=\"tb-heading has-text-color\" data-toolset-blocks-heading=\"9505daea73b5583f0e319b64ee6d3ae8\" data-last-update=\"1.4\"><a href=\"#translate-contact-form-7-wpml\">C\u00e1ch d\u1ecbch Contact Form 7 v\u1edbi WPML<\/a><\/p>\n\n\n\n<p class=\"tb-heading has-text-color\" data-toolset-blocks-heading=\"9505daea73b5583f0e319b64ee6d3ae8\" data-last-update=\"1.4\"><a href=\"#start-translating-with-wpml\">B\u1eaft \u0111\u1ea7u d\u1ecbch v\u1edbi WPML<\/a><\/p>\n<\/div>\n\n\n\n<div class=\"wp-block-toolset-blocks-grid-column tb-grid-column tb-grid-align-top\" data-toolset-blocks-grid-column=\"3034fbe886c11054e95b46b09d3e4112\">\n<h2 class=\"wp-block-heading\" id=\"getting-started\">B\u1eaft \u0111\u1ea7u<\/h2>\n\n\n\n<p>\u0110\u1ec3 d\u1ecbch Contact Form 7 v\u1edbi WPML, h\u00e3y c\u00e0i \u0111\u1eb7t v\u00e0 k\u00edch ho\u1ea1t c\u00e1c plugin sau: <\/p>\n\n\n\n<ul class=\"wp-block-list\">\n<li><a href=\"https:\/\/wpml.org\/vi\/gia-wpml\/\">WPML<\/a><\/li>\n\n\n\n<li>WPML String Translation<\/li>\n\n\n\n<li><a href=\"https:\/\/contactform7.com\/\">Contact Form 7<\/a><\/li>\n\n\n\n<li><a href=\"https:\/\/wpml.org\/vi\/account\/downloads\/#contact-form-7-multilingual\">Contact Form 7 Multilingual<\/a><\/li>\n<\/ul>\n\n\n\n<h2 class=\"wp-block-heading\" id=\"translate-contact-form-7-wpml\">C\u00e1ch d\u1ecbch Contact Form 7 v\u1edbi WPML<\/h2>\n\n\n\n<p>WPML c\u00f3 th\u1ec3 d\u1ecbch t\u1ea5t c\u1ea3 c\u00e1c v\u0103n b\u1ea3n trong Contact Form 7. \u0110i\u1ec1u n\u00e0y bao g\u1ed3m c\u00e1c nh\u00e3n bi\u1ec3u m\u1eabu, th\u00f4ng b\u00e1o email v\u00e0 b\u1ea5t k\u1ef3 th\u00e0nh ph\u1ea7n n\u00e0o kh\u00e1c m\u00e0 qu\u00fd v\u1ecb th\u00eam v\u00e0o bi\u1ec3u m\u1eabu c\u1ee7a m\u00ecnh. <\/p>\n\n\n\n<p>\u0110\u1ec3 d\u1ecbch Contact Form 7 v\u1edbi WPML:<\/p>\n\n\n\n<ol class=\"wp-block-list\">\n<li>\u0110i t\u1edbi <strong>WPML<\/strong> \u2192 <strong>b\u1ea3ng \u0111i\u1ec1u khi\u1ec3n d\u1ecbch<\/strong>.<\/li>\n\n\n\n<li>Ch\u1ecdn m\u1eabu b\u1ea1n mu\u1ed1n d\u1ecbch.<\/li>\n<\/ol>\n\n\n\n<figure class=\"wp-block-image tb-image tb-image-dynamic tb-image-frame-none\" data-toolset-blocks-image=\"d6a102eae28c3d158ce48810c46cf530\"><a href=\"https:\/\/wpml.org\/wp-content\/uploads\/2024\/07\/Selecting-contact-form-7-in-Translation-Management.png\"><img decoding=\"async\" width=\"1024\" height=\"687\" loading=\"lazy\" src=\"https:\/\/wpml.org\/wp-content\/uploads\/2024\/07\/Selecting-contact-form-7-in-Translation-Management-1024x687.png\" alt=\"Selecting contact form 7 in Translation Management\" class=\"wp-image-15968410\" srcset=\"https:\/\/wpml.org\/wp-content\/uploads\/2024\/07\/Selecting-contact-form-7-in-Translation-Management-1024x687.png 1024w, https:\/\/wpml.org\/wp-content\/uploads\/2024\/07\/Selecting-contact-form-7-in-Translation-Management-300x201.png 300w, https:\/\/wpml.org\/wp-content\/uploads\/2024\/07\/Selecting-contact-form-7-in-Translation-Management-150x101.png 150w, https:\/\/wpml.org\/wp-content\/uploads\/2024\/07\/Selecting-contact-form-7-in-Translation-Management-768x515.png 768w, https:\/\/wpml.org\/wp-content\/uploads\/2024\/07\/Selecting-contact-form-7-in-Translation-Management-1536x1030.png 1536w, https:\/\/wpml.org\/wp-content\/uploads\/2024\/07\/Selecting-contact-form-7-in-Translation-Management.png 1874w\" sizes=\"auto, (max-width: 1024px) 100vw, 1024px\" \/><\/a><figcaption><div class=\"tb-image-caption\">Ch\u1ecdn m\u1ed9t bi\u1ec3u m\u1eabu \u0111\u01b0\u1ee3c t\u1ea1o b\u1eb1ng Contact Form 7 trong Qu\u1ea3n l\u00fd b\u1ea3n d\u1ecbch<\/div><\/figcaption><\/figure>\n\n\n\n<ol start=\"3\" class=\"wp-block-list\">\n<li>Ch\u1ecdn m\u1ed9t ph\u01b0\u01a1ng ph\u00e1p d\u1ecbch (ch\u00fang t\u00f4i khuy\u00ean d\u00f9ng <a href=\"https:\/\/wpml.org\/vi\/tai-lieu-wpml\/dich-tu-dong-cho-noi-dung-wordpress-voi-wpml\/\">d\u1ecbch t\u1ef1 \u0111\u1ed9ng<\/a> c\u00f3 \u0111\u1ed9 ch\u00ednh x\u00e1c cao c\u1ee7a WPML) v\u00e0 nh\u1ea5p v\u00e0o <strong>D\u1ecbch<\/strong>. <\/li>\n<\/ol>\n\n\n\n<div style=\"height:20px\" aria-hidden=\"true\" class=\"wp-block-spacer\"><\/div>\n\n\n\n<p>Sau khi ho\u00e0n th\u00e0nh, b\u1ea1n c\u00f3 th\u1ec3 xem c\u00e1c form \u0111\u00e3 d\u1ecbch b\u1eb1ng c\u00e1ch chuy\u1ec3n \u0111\u1ed5i ng\u00f4n ng\u1eef tr\u00ean trang web c\u1ee7a b\u1ea1n. H\u00e3y nh\u1edb r\u1eb1ng, b\u1ea1n c\u1ea7n <a href=\"\/?page_id=15451745\">d\u1ecbch trang<\/a> ch\u1ee9a form \u0111\u1ec3 c\u00f3 th\u1ec3 chuy\u1ec3n \u0111\u1ed5i ng\u00f4n ng\u1eef. <\/p>\n\n\n\n<div class=\"wp-block-toolset-blocks-grid tb-grid\" data-toolset-blocks-grid=\"3d9c399fe625e1b972f817a0680229f6\">\n<div class=\"wp-block-toolset-blocks-grid-column tb-grid-column tb-grid-align-top\" data-toolset-blocks-grid-column=\"3034fbe886c11054e95b46b09d3e4112\">\n<figure class=\"wp-block-image tb-image tb-image-dynamic tb-image-frame-none\" data-toolset-blocks-image=\"457704d123c6279f40846e48d9ccfc2b\"><a href=\"https:\/\/wpml.org\/wp-content\/uploads\/2024\/07\/Contact-form-7-English.png\"><img decoding=\"async\" width=\"1024\" height=\"721\" loading=\"lazy\" src=\"https:\/\/wpml.org\/wp-content\/uploads\/2024\/07\/Contact-form-7-English-1024x721.png\" alt=\"Contact form 7 English\" class=\"wp-image-15968491\" srcset=\"https:\/\/wpml.org\/wp-content\/uploads\/2024\/07\/Contact-form-7-English-1024x721.png 1024w, https:\/\/wpml.org\/wp-content\/uploads\/2024\/07\/Contact-form-7-English-300x211.png 300w, https:\/\/wpml.org\/wp-content\/uploads\/2024\/07\/Contact-form-7-English-150x106.png 150w, https:\/\/wpml.org\/wp-content\/uploads\/2024\/07\/Contact-form-7-English-768x541.png 768w, https:\/\/wpml.org\/wp-content\/uploads\/2024\/07\/Contact-form-7-English-1536x1082.png 1536w, https:\/\/wpml.org\/wp-content\/uploads\/2024\/07\/Contact-form-7-English.png 1579w\" sizes=\"auto, (max-width: 1024px) 100vw, 1024px\" \/><\/a><figcaption><div class=\"tb-image-caption\">Bi\u1ec3u m\u1eabu li\u00ean h\u1ec7 b\u1eb1ng ti\u1ebfng Anh<span id=\"docs-internal-guid-4f0606a4-7fff-cc04-2ddd-705c4e04d4ab\"><p><span data-darkreader-inline-color=\"\" data-darkreader-inline-bgcolor=\"\" style=\"font-size: 10pt; font-family: Arial, sans-serif; color: rgb(0, 0, 0); background-color: transparent; font-style: italic; font-variant-numeric: normal; font-variant-east-asian: normal; font-variant-alternates: normal; font-variant-position: normal; vertical-align: baseline; --darkreader-inline-color: #f1efec; --darkreader-inline-bgcolor: transparent;\"><\/span><\/p><\/span><\/div><\/figcaption><\/figure>\n<\/div>\n\n\n\n<div class=\"wp-block-toolset-blocks-grid-column tb-grid-column tb-grid-align-top\" data-toolset-blocks-grid-column=\"3034fbe886c11054e95b46b09d3e4112\">\n<figure class=\"wp-block-image tb-image tb-image-dynamic tb-image-frame-none\" data-toolset-blocks-image=\"cbe4e12fc46bb4334fbdc8d963b6b133\"><a href=\"https:\/\/wpml.org\/wp-content\/uploads\/2024\/07\/Contact-form-7-Spanish-1.png\"><img decoding=\"async\" width=\"1024\" height=\"721\" loading=\"lazy\" src=\"https:\/\/wpml.org\/wp-content\/uploads\/2024\/07\/Contact-form-7-Spanish-1-1024x721.png\" alt=\"Contact form 7 Spanish\" class=\"wp-image-15968523\" srcset=\"https:\/\/wpml.org\/wp-content\/uploads\/2024\/07\/Contact-form-7-Spanish-1-1024x721.png 1024w, https:\/\/wpml.org\/wp-content\/uploads\/2024\/07\/Contact-form-7-Spanish-1-300x211.png 300w, https:\/\/wpml.org\/wp-content\/uploads\/2024\/07\/Contact-form-7-Spanish-1-150x106.png 150w, https:\/\/wpml.org\/wp-content\/uploads\/2024\/07\/Contact-form-7-Spanish-1-768x541.png 768w, https:\/\/wpml.org\/wp-content\/uploads\/2024\/07\/Contact-form-7-Spanish-1-1536x1082.png 1536w, https:\/\/wpml.org\/wp-content\/uploads\/2024\/07\/Contact-form-7-Spanish-1.png 1579w\" sizes=\"auto, (max-width: 1024px) 100vw, 1024px\" \/><\/a><figcaption><div class=\"tb-image-caption\">Bi\u1ec3u m\u1eabu li\u00ean h\u1ec7 b\u1eb1ng ti\u1ebfng T\u00e2y Ban Nha<span id=\"docs-internal-guid-7271dc93-7fff-681b-db01-3be843bf6ed7\"><p><span data-darkreader-inline-color=\"\" data-darkreader-inline-bgcolor=\"\" style=\"font-size: 10pt; font-family: Arial, sans-serif; color: rgb(0, 0, 0); background-color: transparent; font-style: italic; font-variant-numeric: normal; font-variant-east-asian: normal; font-variant-alternates: normal; font-variant-position: normal; vertical-align: baseline; --darkreader-inline-color: #f1efec; --darkreader-inline-bgcolor: transparent;\"><\/span><\/p><\/span><\/div><\/figcaption><\/figure>\n<\/div>\n<\/div>\n\n\n\n<h2 class=\"wp-block-heading\" id=\"start-translating-with-wpml\">B\u1eaft \u0111\u1ea7u d\u1ecbch v\u1edbi WPML <\/h2>\n\n\n\n<p>N\u1ebfu qu\u00fd v\u1ecb \u0111\u00e3 c\u00f3 t\u00e0i kho\u1ea3n WPML, qu\u00fd v\u1ecb c\u00f3 th\u1ec3 t\u1ea3i xu\u1ed1ng <strong>Contact Form 7 Multilingual<\/strong> (kh\u00f4ng m\u1ea5t th\u00eam ph\u00ed) t\u1eeb trang <a href=\"https:\/\/wpml.org\/vi\/account\/downloads\/#wpforms-multilingual\">T\u1ea3i xu\u1ed1ng<\/a>.<\/p>\n\n\n\n<p>Ch\u01b0a c\u00f3 WPML? H\u00e3y truy c\u1eadp <a href=\"https:\/\/wpml.org\/vi\/gia-wpml\/\">trang gi\u00e1<\/a> c\u1ee7a ch\u00fang t\u00f4i \u0111\u1ec3 t\u00ecm g\u00f3i ph\u00f9 h\u1ee3p cho trang web c\u1ee7a b\u1ea1n.  <\/p>\n<\/div>\n<\/div>\n<\/div><\/div>\n","protected":false},"excerpt":{"rendered":"<p class=\"lead\">Contact Form 7 cho ph\u00e9p qu\u00fd v\u1ecb t\u1ea1o, t\u00f9y ch\u1ec9nh v\u00e0 qu\u1ea3n l\u00fd c\u00e1c bi\u1ec3u m\u1eabu giao di\u1ec7n ng\u01b0\u1eddi d\u00f9ng cho trang web c\u1ee7a m\u00ecnh. Trong h\u01b0\u1edbng d\u1eabn n\u00e0y, ch\u00fang t\u00f4i cung c\u1ea5p c\u00e1c ch\u1ec9 d\u1eabn t\u1eebng b\u01b0\u1edbc v\u1ec1 c\u00e1ch l\u00e0m cho c\u00e1c bi\u1ec3u m\u1eabu n\u00e0y tr\u1edf n\u00ean \u0111a ng\u00f4n ng\u1eef b\u1eb1ng c\u00e1ch s\u1eed d\u1ee5ng WPML. <\/p>\n","protected":false},"author":538393,"featured_media":0,"parent":15194531,"menu_order":21,"comment_status":"closed","ping_status":"closed","template":"template-full-with-popup-generic.php","meta":{"_bbp_topic_count":0,"_bbp_reply_count":0,"_bbp_total_topic_count":0,"_bbp_total_reply_count":0,"_bbp_voice_count":0,"_bbp_anonymous_reply_count":0,"_bbp_topic_count_hidden":0,"_bbp_reply_count_hidden":0,"_bbp_forum_subforum_count":0,"_uag_custom_page_level_css":"","ep_exclude_from_search":false,"footnotes":""},"related-projects-category":[27808],"class_list":["post-15235970","page","type-page","status-publish","hentry","related-projects-category-forms-vi"],"spectra_custom_meta":{"ratings_users":["0"],"ratings_score":["0"],"ratings_average":["0"],"_subscription_coupon_product_id":["0"],"_wpv_contains_gutenberg_views":[""],"_alp_processed":["1772090944"],"_views_template":["0"],"wpcf-unformatted-code":[""],"_wpml_media_duplicate":["0"],"_wpml_media_featured":["1"],"toolset_post_editor_mode":["block"],"wpcf-price-increase-show-from":[""],"wpcf-price-increase-show-till":[""],"_wp_page_template":["template-full-with-popup-generic.php"],"_last_translation_edit_mode":["translation-editor"],"_wpml_word_count":["510"],"cmplz_hide_cookiebanner":[""],"wpcf-related-product-full-name":["Contact Form 7 Multilingual"],"wpcf-related-product-download-url":["https:\/\/wpml.org\/account\/downloads\/#contact-form-7-multilingual"],"wpcf-price-increase-content":[""],"wpcf-login-box-title":[""],"wpcf-page-content":[""],"_yoast_wpseo_primary_related-projects-category":["26967"],"_yoast_wpseo_title":["Contact Form 7 Multilingual \u2013 D\u1ecbch c\u00e1c bi\u1ec3u m\u1eabu v\u1edbi WPML"],"_yoast_wpseo_metadesc":["Contact Form 7 Multilingual l\u00e0 m\u1ed9t ti\u1ec7n \u00edch b\u1ed5 sung c\u1ee7a WPML \u0111\u1ec3 d\u1ecbch c\u00e1c tr\u01b0\u1eddng v\u00e0 nh\u00e3n c\u1ee7a Contact Form 7 sang nhi\u1ec1u ng\u00f4n ng\u1eef h\u01a1n."],"_yoast_wpseo_focuskw":["m\u1eabu li\u00ean h\u1ec7 7 \u0111a ng\u00f4n ng\u1eef"],"_uag_css_file_name":["uag-css-15235970.css"],"_uag_page_assets":["a:9:{s:3:\"css\";s:260:\".uag-blocks-common-selector{z-index:var(--z-index-desktop) !important}@media(max-width: 976px){.uag-blocks-common-selector{z-index:var(--z-index-tablet) !important}}@media(max-width: 767px){.uag-blocks-common-selector{z-index:var(--z-index-mobile) !important}}\";s:2:\"js\";s:0:\"\";s:18:\"current_block_list\";a:13:{i:0;s:24:\"toolset-blocks\/container\";i:1;s:22:\"toolset-blocks\/heading\";i:2;s:19:\"toolset-blocks\/grid\";i:3;s:26:\"toolset-blocks\/grid-column\";i:4;s:30:\"toolset-blocks\/fields-and-text\";i:5;s:21:\"toolset-blocks\/button\";i:7;s:20:\"toolset-blocks\/image\";i:9;s:14:\"core\/paragraph\";i:11;s:12:\"core\/heading\";i:12;s:9:\"core\/list\";i:13;s:14:\"core\/list-item\";i:14;s:11:\"core\/spacer\";i:15;s:14:\"core\/shortcode\";}s:8:\"uag_flag\";b:0;s:11:\"uag_version\";s:10:\"1778813449\";s:6:\"gfonts\";a:0:{}s:10:\"gfonts_url\";s:0:\"\";s:12:\"gfonts_files\";a:0:{}s:14:\"uag_faq_layout\";b:0;}"]},"uagb_featured_image_src":{"full":false,"thumbnail":false,"medium":false,"medium_large":false,"large":false,"1536x1536":false,"2048x2048":false,"gform-image-choice-sm":false,"gform-image-choice-md":false,"gform-image-choice-lg":false,"woocommerce_thumbnail":false,"woocommerce_single":false,"woocommerce_gallery_thumbnail":false},"uagb_author_info":{"display_name":"Kathy","author_link":"https:\/\/wpml.org\/vi\/author\/kathy-b\/"},"uagb_comment_info":0,"uagb_excerpt":"Contact Form 7 cho ph\u00e9p qu\u00fd v\u1ecb t\u1ea1o, t\u00f9y ch\u1ec9nh v\u00e0 qu\u1ea3n l\u00fd c\u00e1c bi\u1ec3u m\u1eabu giao di\u1ec7n ng\u01b0\u1eddi d\u00f9ng cho trang web c\u1ee7a m\u00ecnh. Trong h\u01b0\u1edbng d\u1eabn n\u00e0y, ch\u00fang t\u00f4i cung c\u1ea5p c\u00e1c ch\u1ec9 d\u1eabn t\u1eebng b\u01b0\u1edbc v\u1ec1 c\u00e1ch l\u00e0m cho c\u00e1c bi\u1ec3u m\u1eabu n\u00e0y tr\u1edf n\u00ean \u0111a ng\u00f4n ng\u1eef b\u1eb1ng c\u00e1ch s\u1eed d\u1ee5ng&hellip;","_links":{"self":[{"href":"https:\/\/wpml.org\/vi\/wp-json\/wp\/v2\/pages\/15235970","targetHints":{"allow":["GET"]}}],"collection":[{"href":"https:\/\/wpml.org\/vi\/wp-json\/wp\/v2\/pages"}],"about":[{"href":"https:\/\/wpml.org\/vi\/wp-json\/wp\/v2\/types\/page"}],"author":[{"embeddable":true,"href":"https:\/\/wpml.org\/vi\/wp-json\/wp\/v2\/users\/538393"}],"replies":[{"embeddable":true,"href":"https:\/\/wpml.org\/vi\/wp-json\/wp\/v2\/comments?post=15235970"}],"version-history":[{"count":8,"href":"https:\/\/wpml.org\/vi\/wp-json\/wp\/v2\/pages\/15235970\/revisions"}],"predecessor-version":[{"id":17854465,"href":"https:\/\/wpml.org\/vi\/wp-json\/wp\/v2\/pages\/15235970\/revisions\/17854465"}],"up":[{"embeddable":true,"href":"https:\/\/wpml.org\/vi\/wp-json\/wp\/v2\/pages\/15194531"}],"wp:attachment":[{"href":"https:\/\/wpml.org\/vi\/wp-json\/wp\/v2\/media?parent=15235970"}],"wp:term":[{"taxonomy":"related-projects-category","embeddable":true,"href":"https:\/\/wpml.org\/vi\/wp-json\/wp\/v2\/related-projects-category?post=15235970"}],"curies":[{"name":"wp","href":"https:\/\/api.w.org\/{rel}","templated":true}]}}