{"id":15236022,"date":"2024-01-29T05:44:40","date_gmt":"2024-01-29T05:44:40","guid":{"rendered":"https:\/\/wpml.org\/cac-du-an-lien-quan\/bo-cong-cu\/"},"modified":"2024-03-14T06:43:40","modified_gmt":"2024-03-14T06:43:40","slug":"bo-cong-cu","status":"publish","type":"page","link":"https:\/\/wpml.org\/vi\/tai-lieu-wpml\/kha-nang-tuong-thich-cua-plugin\/bo-cong-cu\/","title":{"rendered":"B\u1ed9 c\u00f4ng c\u1ee5"},"content":{"rendered":"<p class=\"lead\">C\u00e1c plugin <a href=\"https:\/\/toolset.com\/\">B\u1ed9 c\u00f4ng c\u1ee5<\/a> gi\u00fap c\u00e1c chuy\u00ean gia WordPress x\u00e2y d\u1ef1ng c\u00e1c trang web n\u00e2ng cao m\u00e0 kh\u00f4ng c\u1ea7n l\u1eadp tr\u00ecnh. N\u00f3 \u0111\u1ebfn t\u1eeb <a href=\"https:\/\/www.onthegosystems.com\">OnTheGoSystems<\/a> , c\u00f9ng c\u00f4ng ty ph\u00e1t tri\u1ec3n WPML .<\/p>\n<p>S\u1eed d\u1ee5ng B\u1ed9 c\u00f4ng c\u1ee5 b\u1ea1n th\u00eam c\u00e1c lo\u1ea1i b\u00e0i \u0111\u0103ng v\u00e0 tr\u01b0\u1eddng t\u00f9y ch\u1ec9nh v\u00e0o trang web c\u1ee7a m\u00ecnh v\u00e0 t\u1ea1o ra m\u1ed9t c\u00e1ch tr\u1ef1c quan:<\/p>\n<ul>\n<li>m\u1eabu t\u00f9y ch\u1ec9nh v\u00e0 danh s\u00e1ch n\u1ed9i dung<\/li>\n<li>l\u01b0u tr\u1eef t\u00f9y ch\u1ec9nh<\/li>\n<li>bi\u1ec3u m\u1eabu giao di\u1ec7n ng\u01b0\u1eddi d\u00f9ng<\/li>\n<li>t\u00ecm ki\u1ebfm<\/li>\n<li>\u0111\u0103ng m\u1ed1i quan h\u1ec7<\/li>\n<li>trang web WooCommerce t\u00f9y ch\u1ec9nh<\/li>\n<li>th\u01b0 m\u1ee5c t\u00edch h\u1ee3p b\u1ea3n \u0111\u1ed3<\/li>\n<\/ul>\n<p>&#8230;v\u00e0 nhi\u1ec1u h\u01a1n n\u1eefa.<\/p>\n<p>Xem video sau \u0111\u1ec3 xem b\u1ea3n tr\u00ecnh b\u00e0y th\u1ef1c t\u1ebf v\u1ec1 ho\u1ea1t \u0111\u1ed9ng c\u1ee7a c\u00e1c t\u00ednh n\u0103ng h\u00e0ng \u0111\u1ea7u B\u1ed9 c\u00f4ng c\u1ee5 .<\/p>\n<div class=\"embed-responsive embed-responsive-16by9\"><iframe title=\"Toolset Intro\" width=\"700\" height=\"394\" src=\"https:\/\/www.youtube.com\/embed\/vJ2lInQwQNc?feature=oembed\" frameborder=\"0\" allow=\"accelerometer; autoplay; clipboard-write; encrypted-media; gyroscope; picture-in-picture; web-share\" allowfullscreen><\/iframe><\/div>\n<h2>B\u1ed9 c\u00f4ng c\u1ee5 v\u00e0 WPML<\/h2>\n<p>C\u00f9ng v\u1edbi nhau, B\u1ed9 c\u00f4ng c\u1ee5 v\u00e0 WPML gi\u00fap b\u1ea1n d\u1ec5 d\u00e0ng t\u1ea1o c\u00e1c trang web \u0111a ng\u00f4n ng\u1eef n\u00e2ng cao. Kh\u00f4ng c\u1ea7n c\u1ea5u h\u00ecnh \u0111\u1ec3 d\u1ecbch n\u1ed9i dung b\u1ea1n t\u1ea1o. B\u1ed9 c\u00f4ng c\u1ee5 giao ti\u1ebfp tr\u1ef1c ti\u1ebfp v\u1edbi WPML v\u00e0 cho ph\u00e9p b\u1ea1n d\u1ecbch m\u1ecdi th\u1ee9 th\u00f4ng qua c\u00e1c \u0111i\u1ec1u khi\u1ec3n d\u1ecbch thu\u1eadt c\u1ee7a WPML . \u0110\u1ecdc <a href=\"https:\/\/toolset.com\/course-chapter\/translating-directory-and-classifieds-sites\/\">c\u00e1ch d\u1ecbch c\u00e1c trang danh m\u1ee5c v\u00e0 rao v\u1eb7t \u0111\u01b0\u1ee3c x\u00e2y d\u1ef1ng b\u1eb1ng B\u1ed9 c\u00f4ng c\u1ee5<\/a> .<\/p>\n<h2>Gi\u1ea3m gi\u00e1 B\u1ed9 c\u00f4ng c\u1ee5 cho kh\u00e1ch h\u00e0ng WPML<\/h2>\n<p>Ch\u00fang t\u00f4i gi\u1ea3m gi\u00e1 30% cho B\u1ed9 c\u00f4ng c\u1ee5 cho t\u1ea5t c\u1ea3 kh\u00e1ch h\u00e0ng WPML . \u0110\u1ec3 \u0111\u01b0\u1ee3c gi\u1ea3m gi\u00e1, h\u00e3y truy c\u1eadp <a href=\"\/?page_id=2869157\">trang phi\u1ebfu gi\u1ea3m gi\u00e1 c\u1ee7a WPML<\/a> .<\/p>\n","protected":false},"excerpt":{"rendered":"<p><a href=\"https:\/\/wpml.org\/wp-content\/uploads\/2015\/11\/toolset-logo.png\"><img decoding=\"async\" class=\"alignright size-medium wp-image-1392516\" src=\"https:\/\/wpml.org\/wp-content\/uploads\/2015\/11\/toolset-logo-300x127.png\" alt=\"logo-b\u1ed9 c\u00f4ng c\u1ee5\" width=\"300\" height=\"127\" srcset=\"https:\/\/wpml.org\/wp-content\/uploads\/2015\/11\/toolset-logo-300x127.png 300w, https:\/\/wpml.org\/wp-content\/uploads\/2015\/11\/toolset-logo-150x63.png 150w, https:\/\/wpml.org\/wp-content\/uploads\/2015\/11\/toolset-logo-768x324.png 768w, https:\/\/wpml.org\/wp-content\/uploads\/2015\/11\/toolset-logo.png 800w\" sizes=\"(max-width: 300px) 100vw, 300px\" \/><\/a> <\/p>\n<p><a href=\"https:\/\/toolset.com\/\">B\u1ed9 c\u00f4ng c\u1ee5<\/a> l\u00e0 m\u1ed9t b\u1ed9 plugin d\u00e0nh cho <strong>c\u00e1c nh\u00e0 ph\u00e1t tri\u1ec3n web<\/strong> <strong>kh\u00f4ng ph\u1ea3i l\u00e0 l\u1eadp tr\u00ecnh vi\u00ean PHP<\/strong> nh\u01b0ng nh\u1eb1m m\u1ee5c \u0111\u00edch ph\u00e1t tri\u1ec3n <strong>c\u00e1c d\u1ef1 \u00e1n WordPress \u0111\u00f2i h\u1ecfi<\/strong> kh\u1eaft khe h\u01a1n.<\/p>\n<p>S\u1eed d\u1ee5ng B\u1ed9 c\u00f4ng c\u1ee5 b\u1ea1n th\u00eam c\u00e1c lo\u1ea1i b\u00e0i \u0111\u0103ng v\u00e0 tr\u01b0\u1eddng t\u00f9y ch\u1ec9nh v\u00e0o trang web c\u1ee7a m\u00ecnh v\u00e0 x\u00e2y d\u1ef1ng m\u1ecdi th\u1ee9 xung quanh nh\u1eefng \u0111i\u1ec1u n\u00e0y:\n<\/p>\n<ul>\n<li>\u0111\u0103ng m\u1ed1i quan h\u1ec7<\/li>\n<li>m\u1eabu t\u00f9y ch\u1ec9nh v\u00e0 danh s\u00e1ch n\u1ed9i dung<\/li>\n<li>l\u01b0u tr\u1eef t\u00f9y ch\u1ec9nh<\/li>\n<li>bi\u1ec3u m\u1eabu giao di\u1ec7n ng\u01b0\u1eddi d\u00f9ng<\/li>\n<li>t\u00ecm ki\u1ebfm<\/li>\n<\/ul>\n<p>&#8230;v\u00e0 nhi\u1ec1u h\u01a1n n\u1eefa.<\/p>\n","protected":false},"author":2,"featured_media":0,"parent":16317456,"menu_order":28,"comment_status":"closed","ping_status":"closed","template":"","meta":{"_bbp_topic_count":0,"_bbp_reply_count":0,"_bbp_total_topic_count":0,"_bbp_total_reply_count":0,"_bbp_voice_count":0,"_bbp_anonymous_reply_count":0,"_bbp_topic_count_hidden":0,"_bbp_reply_count_hidden":0,"_bbp_forum_subforum_count":0,"_uag_custom_page_level_css":"","ep_exclude_from_search":false,"footnotes":""},"related-projects-category":[27843,27792],"class_list":["post-15236022","page","type-page","status-publish","hentry","related-projects-category-truong-tuy-chinh","related-projects-category-build-advanced-sites-vi"],"spectra_custom_meta":{"ratings_users":["0"],"ratings_score":["0"],"ratings_average":["0"],"_subscription_coupon_product_id":["0"],"_wpv_contains_gutenberg_views":[""],"_alp_processed":["1710398622"],"_oembed_789c8654a9f0b3ede496bade388f1e40":["<iframe title=\"Toolset Intro\" width=\"700\" height=\"394\" src=\"https:\/\/www.youtube.com\/embed\/vJ2lInQwQNc?feature=oembed\" frameborder=\"0\" allow=\"accelerometer; autoplay; clipboard-write; encrypted-media; gyroscope; picture-in-picture; web-share\" allowfullscreen><\/iframe>"],"_oembed_time_789c8654a9f0b3ede496bade388f1e40":["1706507080"],"_views_template":["0"],"wpcf-unformatted-code":[""],"_wpml_media_duplicate":["0"],"_wpml_media_featured":["1"],"wpcf-price-increase-show-from":[""],"wpcf-price-increase-show-till":[""],"_wp_page_template":["default"],"_last_translation_edit_mode":["translation-editor"],"_uag_css_file_name":["uag-css-15236022.css"],"_uag_page_assets":["a:9:{s:3:\"css\";s:260:\".uag-blocks-common-selector{z-index:var(--z-index-desktop) !important}@media(max-width: 976px){.uag-blocks-common-selector{z-index:var(--z-index-tablet) !important}}@media(max-width: 767px){.uag-blocks-common-selector{z-index:var(--z-index-mobile) !important}}\";s:2:\"js\";s:0:\"\";s:18:\"current_block_list\";a:1:{i:0;s:14:\"core\/shortcode\";}s:8:\"uag_flag\";b:0;s:11:\"uag_version\";s:10:\"1778776612\";s:6:\"gfonts\";a:0:{}s:10:\"gfonts_url\";s:0:\"\";s:12:\"gfonts_files\";a:0:{}s:14:\"uag_faq_layout\";b:0;}"]},"uagb_featured_image_src":{"full":false,"thumbnail":false,"medium":false,"medium_large":false,"large":false,"1536x1536":false,"2048x2048":false,"gform-image-choice-sm":false,"gform-image-choice-md":false,"gform-image-choice-lg":false,"woocommerce_thumbnail":false,"woocommerce_single":false,"woocommerce_gallery_thumbnail":false},"uagb_author_info":{"display_name":"Amir","author_link":"https:\/\/wpml.org\/vi\/author\/amir\/"},"uagb_comment_info":0,"uagb_excerpt":"B\u1ed9 c\u00f4ng c\u1ee5 l\u00e0 m\u1ed9t b\u1ed9 plugin d\u00e0nh cho c\u00e1c nh\u00e0 ph\u00e1t tri\u1ec3n web kh\u00f4ng ph\u1ea3i l\u00e0 l\u1eadp tr\u00ecnh vi\u00ean PHP nh\u01b0ng nh\u1eb1m m\u1ee5c \u0111\u00edch ph\u00e1t tri\u1ec3n c\u00e1c d\u1ef1 \u00e1n WordPress \u0111\u00f2i h\u1ecfi kh\u1eaft khe h\u01a1n. S\u1eed d\u1ee5ng B\u1ed9 c\u00f4ng c\u1ee5 b\u1ea1n th\u00eam c\u00e1c lo\u1ea1i b\u00e0i \u0111\u0103ng v\u00e0 tr\u01b0\u1eddng t\u00f9y ch\u1ec9nh v\u00e0o trang web c\u1ee7a&hellip;","_links":{"self":[{"href":"https:\/\/wpml.org\/vi\/wp-json\/wp\/v2\/pages\/15236022","targetHints":{"allow":["GET"]}}],"collection":[{"href":"https:\/\/wpml.org\/vi\/wp-json\/wp\/v2\/pages"}],"about":[{"href":"https:\/\/wpml.org\/vi\/wp-json\/wp\/v2\/types\/page"}],"author":[{"embeddable":true,"href":"https:\/\/wpml.org\/vi\/wp-json\/wp\/v2\/users\/2"}],"replies":[{"embeddable":true,"href":"https:\/\/wpml.org\/vi\/wp-json\/wp\/v2\/comments?post=15236022"}],"version-history":[{"count":2,"href":"https:\/\/wpml.org\/vi\/wp-json\/wp\/v2\/pages\/15236022\/revisions"}],"predecessor-version":[{"id":15406531,"href":"https:\/\/wpml.org\/vi\/wp-json\/wp\/v2\/pages\/15236022\/revisions\/15406531"}],"up":[{"embeddable":true,"href":"https:\/\/wpml.org\/vi\/wp-json\/wp\/v2\/pages\/16317456"}],"wp:attachment":[{"href":"https:\/\/wpml.org\/vi\/wp-json\/wp\/v2\/media?parent=15236022"}],"wp:term":[{"taxonomy":"related-projects-category","embeddable":true,"href":"https:\/\/wpml.org\/vi\/wp-json\/wp\/v2\/related-projects-category?post=15236022"}],"curies":[{"name":"wp","href":"https:\/\/api.w.org\/{rel}","templated":true}]}}