{"id":15236141,"date":"2017-12-14T15:48:10","date_gmt":"2017-12-14T15:48:10","guid":{"rendered":"https:\/\/wpml.org\/cac-du-an-lien-quan\/plugin-mailchimp-cho-wordpress-da-ngon-ngu\/"},"modified":"2026-02-26T07:28:15","modified_gmt":"2026-02-26T07:28:15","slug":"plugin-mailchimp-cho-wordpress-da-ngon-ngu","status":"publish","type":"page","link":"https:\/\/wpml.org\/vi\/tai-lieu-wpml\/cac-du-an-lien-quan\/plugin-mailchimp-cho-wordpress-da-ngon-ngu\/","title":{"rendered":"MailChimp cho WordPress \u0111a ng\u00f4n ng\u1eef"},"content":{"rendered":"\n<div class=\"wp-block-toolset-blocks-container tb-container alignfull\" data-toolset-blocks-container=\"da271f28aef2552c7c0bc0e1e428f0eb\"><div class=\"tb-container-inner\">\n<p class=\"tb-heading has-text-color\" data-toolset-blocks-heading=\"6dfefc05fa175efbb0f816dd1eaa5401\" data-last-update=\"1.4\"><span><span><a href=\"https:\/\/wpml.org\/vi\/trang-chu\/\">Home<\/a><\/span><\/span><\/p>\n\n\n\n<div class=\"wp-block-toolset-blocks-grid tb-grid\" data-toolset-blocks-grid=\"3fa7871119765f343e58c12128f1af57\">\n<div class=\"wp-block-toolset-blocks-grid-column tb-grid-column tb-grid-align-center\" data-toolset-blocks-grid-column=\"b85ea2e4863c9199dad3ace2f33b53a3\">\n<div class=\"wp-block-toolset-blocks-container tb-container\" data-toolset-blocks-container=\"f83fc7765e75dacc167a511772d7997a\"><\/div>\n\n\n\n<h1 class=\"tb-heading has-text-color\" data-toolset-blocks-heading=\"b686c8b3d4780754ef6585bd91a569b8\" data-last-update=\"1.4\">MailChimp cho WordPress \u0111a ng\u00f4n ng\u1eef &#8211; d\u1ecbch c\u00e1c bi\u1ec3u m\u1eabu mailchimp<\/h1>\n\n\n\n<p>Mailchimp cho WordPress \u0110a ng\u00f4n ng\u1eef l\u00e0 m\u1ed9t ti\u1ec7n \u00edch b\u1ed5 sung c\u1ee7a WPML \u0111\u1ec3 d\u1ecbch c\u00e1c bi\u1ec3u m\u1eabu \u0111\u0103ng k\u00fd v\u00e0 th\u00f4ng b\u00e1o li\u00ean quan sang nhi\u1ec1u ng\u00f4n ng\u1eef kh\u00e1c.<\/p>\n\n\n\n<div style=\"height:15px\" aria-hidden=\"true\" class=\"wp-block-spacer\"><\/div>\n\n\n\n<div id=\"wpml-info-account-trigger\" class=\"tb-button\" data-toolset-blocks-button=\"3fac6cead43a202e1a17b0739985993d\"><a class=\"tb-button__link\" href=\"https:\/\/wpml.org\/account\/downloads\/#mailchimp-for-wordpress-multilingual\"><span class=\"tb-button__content\">T\u1ea3i MailChimp cho WordPress \u0111a ng\u00f4n ng\u1eef<\/span><i class=\"tb-button__icon\"><\/i><\/a><\/div>\n<\/div>\n\n\n\n<div class=\"wp-block-toolset-blocks-grid-column tb-grid-column tb-grid-align-center\" data-toolset-blocks-grid-column=\"c77f65d01bb1c283e93f285b389d97af\">\n<div class=\"wp-block-toolset-blocks-container tb-container\" data-toolset-blocks-container=\"5201cc7c9273ee77decbaadbe034423b\"><div class=\"tb-container-inner\">\n<p class=\"tb-heading has-text-color\" data-toolset-blocks-heading=\"1fcd2d356de1d555c8229ca748e523d8\" data-last-update=\"1.4\">Xem \u0111i\u1ec1u g\u00ec khi\u1ebfn MailChimp cho WordPress tr\u1edf th\u00e0nh <a href=\"https:\/\/wpml.org\/compatibility\/2022\/11\/best-email-marketing-lead-generation-tools-for-multilingual-wordpress-sites\/\">c\u00f4ng c\u1ee5 ti\u1ebfp th\u1ecb email v\u00e0 t\u1ea1o kh\u00e1ch h\u00e0ng ti\u1ec1m n\u0103ng \u0111\u01b0\u1ee3c khuy\u1ebfn ngh\u1ecb cho c\u00e1c trang web \u0111a ng\u00f4n ng\u1eef<\/a>. <\/p>\n<\/div><\/div>\n<\/div>\n<\/div>\n<\/div><\/div>\n\n<div class=\"wp-block-toolset-blocks-container tb-container\" data-toolset-blocks-container=\"4402d053d6a59f530e7a06f2c4a80699\"><div class=\"tb-container-inner\">\n<h3 class=\"tb-heading has-text-color\" data-toolset-blocks-heading=\"dc56c1bd2585d5bceed02dcf19062eab\" data-last-update=\"1.4\"><strong>D\u1ecbch MailChimp cho WordPress (MC4WP) v\u1edbi WPML<\/strong><\/h3>\n\n\n\n<div class=\"wp-block-toolset-blocks-grid tb-grid\" data-toolset-blocks-grid=\"e58df69290db7587a854e1dc1557c957\">\n<div class=\"wp-block-toolset-blocks-grid-column tb-grid-column tb-grid-align-top\" data-toolset-blocks-grid-column=\"3034fbe886c11054e95b46b09d3e4112\">\n<div class=\"wp-block-toolset-blocks-grid tb-grid\" data-toolset-blocks-grid=\"0bda7635c2bab81fdc928e64d7b62d89\">\n<div class=\"wp-block-toolset-blocks-grid-column tb-grid-column tb-grid-align-top\" data-toolset-blocks-grid-column=\"3034fbe886c11054e95b46b09d3e4112\">\n<div class=\"wp-block-toolset-blocks-container tb-container\" data-toolset-blocks-container=\"4c1e644b100a7cd79ae08b214443135d\"><\/div>\n<\/div>\n\n\n\n<div class=\"wp-block-toolset-blocks-grid-column tb-grid-column tb-grid-align-center\" data-toolset-blocks-grid-column=\"f586ff7bfe1d7317c63162ec7b7039ed\">\n<h3 class=\"tb-heading has-text-color\" data-toolset-blocks-heading=\"9725591899e85568dfc63c9cff28e917\" data-last-update=\"1.4\">D\u1ecbch c\u00e1c bi\u1ec3u m\u1eabu \u0111\u0103ng k\u00fd v\u00e0 th\u00f4ng b\u00e1o li\u00ean quan \u0111\u1ec3 t\u01b0\u01a1ng t\u00e1c v\u1edbi \u0111\u1ed1i t\u01b0\u1ee3ng r\u1ed9ng h\u01a1n<\/h3>\n<\/div>\n<\/div>\n<\/div>\n\n\n\n<div class=\"wp-block-toolset-blocks-grid-column tb-grid-column tb-grid-align-top\" data-toolset-blocks-grid-column=\"6aa6629b0bd14de4b0c8a30d5e016060\">\n<div class=\"wp-block-toolset-blocks-grid tb-grid\" data-toolset-blocks-grid=\"b6c25b061d44cf54c0551af727fc5a3e\">\n<div class=\"wp-block-toolset-blocks-grid-column tb-grid-column tb-grid-align-top\" data-toolset-blocks-grid-column=\"3034fbe886c11054e95b46b09d3e4112\">\n<div class=\"wp-block-toolset-blocks-container tb-container\" data-toolset-blocks-container=\"4c1e644b100a7cd79ae08b214443135d\"><\/div>\n<\/div>\n\n\n\n<div class=\"wp-block-toolset-blocks-grid-column tb-grid-column tb-grid-align-center\" data-toolset-blocks-grid-column=\"f586ff7bfe1d7317c63162ec7b7039ed\">\n<h3 class=\"tb-heading has-text-color\" data-toolset-blocks-heading=\"9725591899e85568dfc63c9cff28e917\" data-last-update=\"1.4\">Ng\u01b0\u1eddi d\u00f9ng c\u00f3 th\u1ec3 chuy\u1ec3n \u0111\u1ed5i gi\u1eefa c\u00e1c ng\u00f4n ng\u1eef b\u1eb1ng c\u00e1ch s\u1eed d\u1ee5ng <a href=\"https:\/\/wpml.org\/vi\/tai-lieu-wpml\/huong-dan-bat-dau\/cai-dat-ngon-ngu\/cach-them-trinh-chuyen-doi-ngon-ngu-vao-trang-wordpress-cua-ban\/\">c\u00f4ng c\u1ee5 chuy\u1ec3n \u0111\u1ed5i ng\u00f4n ng\u1eef<\/a> \u0111\u1ec3 truy c\u1eadp c\u00e1c bi\u1ec3u m\u1eabu \u0111\u0103ng k\u00fd b\u1eb1ng ng\u00f4n ng\u1eef \u01b0a th\u00edch c\u1ee7a h\u1ecd<\/h3>\n<\/div>\n<\/div>\n<\/div>\n\n\n\n<div class=\"wp-block-toolset-blocks-grid-column tb-grid-column tb-grid-align-top\" data-toolset-blocks-grid-column=\"3034fbe886c11054e95b46b09d3e4112\">\n<div class=\"wp-block-toolset-blocks-grid tb-grid\" data-toolset-blocks-grid=\"822a2d9bcb4e0ed2e822a4b134873788\">\n<div class=\"wp-block-toolset-blocks-grid-column tb-grid-column tb-grid-align-top\" data-toolset-blocks-grid-column=\"3034fbe886c11054e95b46b09d3e4112\">\n<div class=\"wp-block-toolset-blocks-container tb-container\" data-toolset-blocks-container=\"4c1e644b100a7cd79ae08b214443135d\"><\/div>\n<\/div>\n\n\n\n<div class=\"wp-block-toolset-blocks-grid-column tb-grid-column tb-grid-align-center\" data-toolset-blocks-grid-column=\"f586ff7bfe1d7317c63162ec7b7039ed\">\n<h3 class=\"tb-heading has-text-color\" data-toolset-blocks-heading=\"9725591899e85568dfc63c9cff28e917\" data-last-update=\"1.4\">S\u1eed d\u1ee5ng <a href=\"https:\/\/wpml.org\/vi\/tai-lieu-wpml\/dich-tu-dong-cho-noi-dung-wordpress-voi-wpml\/\">d\u1ecbch t\u1ef1 \u0111\u1ed9ng<\/a> \u0111\u1ec3 nhanh ch\u00f3ng v\u00e0 ch\u00ednh x\u00e1c d\u1ecbch n\u1ed9i dung ti\u1ebfp th\u1ecb email c\u1ee7a b\u1ea1n, ti\u1ebft ki\u1ec7m th\u1eddi gian v\u00e0 ngu\u1ed3n l\u1ef1c<\/h3>\n<\/div>\n<\/div>\n<\/div>\n<\/div>\n<\/div><\/div>\n\n<div class=\"wp-block-toolset-blocks-container tb-container\" data-toolset-blocks-container=\"a03f28b68e7ebf56bfe1641740b90da2\"><div class=\"tb-container-inner\">\n<div class=\"wp-block-toolset-blocks-grid tb-grid\" data-toolset-blocks-grid=\"d996511cd63e79e8bac4bdd8b35d3a54\">\n<div class=\"wp-block-toolset-blocks-grid-column tb-grid-column tb-grid-align-top product-page-content\" data-toolset-blocks-grid-column=\"3ca40a3bbaa937ab1f07ea8568a8fddf\">\n<p><\/p>\n\n\n\n<h2 class=\"wp-block-heading\" id=\"getting-started\">C\u00e1c plugin c\u1ea7n thi\u1ebft<\/h2>\n\n\n\n<p>\u0110\u1ec3 b\u1eaft \u0111\u1ea7u, h\u00e3y c\u00e0i \u0111\u1eb7t v\u00e0 k\u00edch ho\u1ea1t c\u00e1c plugin sau:<\/p>\n\n\n\n<ul class=\"wp-block-list\">\n<li><a href=\"https:\/\/wordpress.org\/plugins\/mailchimp-for-wp\/\">Mailchimp cho WordPress<\/a><\/li>\n\n\n\n<li>WPML<\/li>\n\n\n\n<li>WPML String Translation<\/li>\n\n\n\n<li><a href=\"https:\/\/wpml.org\/vi\/download\/mailchimp-for-wordpress-multilingual\/\">MailChimp cho WordPress \u0111a ng\u00f4n ng\u1eef<\/a><\/li>\n<\/ul>\n\n\n\n<h2 class=\"wp-block-heading\" id=\"translating-your-forms\">C\u00e1ch d\u1ecbch MailChimp cho WordPress v\u1edbi WPML<\/h2>\n\n\n\n<p>\u0110\u1ec3 d\u1ecbch MailChimp cho WordPress (MC4WP) v\u1edbi WPML:<\/p>\n\n\n\n<ol class=\"wp-block-list\">\n<li>\u0110i t\u1edbi <strong>WPML \u2192 b\u1ea3ng \u0111i\u1ec1u khi\u1ec3n d\u1ecbch<\/strong>.<\/li>\n\n\n\n<li>Cu\u1ed9n xu\u1ed1ng ph\u1ea7n <strong>Bi\u1ec3u m\u1eabu \u0110\u0103ng k\u00fd Mailchimp<\/strong> v\u00e0 ch\u1ecdn c\u00e1c bi\u1ec3u m\u1eabu b\u1ea1n mu\u1ed1n d\u1ecbch.<\/li>\n<\/ol>\n\n\n\n<figure class=\"wp-block-image tb-image tb-image-dynamic tb-image-frame-none\" data-toolset-blocks-image=\"70f0016fd8345627c64c6a4a65799d68\"><a href=\"https:\/\/wpml.org\/wp-content\/uploads\/2026\/02\/Sending-Mailchimp-form-for-translation.png\"><img decoding=\"async\" width=\"1024\" height=\"625\" loading=\"lazy\" src=\"https:\/\/wpml.org\/wp-content\/uploads\/2026\/02\/Sending-Mailchimp-form-for-translation-1024x625.png\" alt=\"Sending Mailchimp form for translation\" class=\"wp-image-17792386\" srcset=\"https:\/\/wpml.org\/wp-content\/uploads\/2026\/02\/Sending-Mailchimp-form-for-translation-1024x625.png 1024w, https:\/\/wpml.org\/wp-content\/uploads\/2026\/02\/Sending-Mailchimp-form-for-translation-300x183.png 300w, https:\/\/wpml.org\/wp-content\/uploads\/2026\/02\/Sending-Mailchimp-form-for-translation-150x92.png 150w, https:\/\/wpml.org\/wp-content\/uploads\/2026\/02\/Sending-Mailchimp-form-for-translation-768x469.png 768w, https:\/\/wpml.org\/wp-content\/uploads\/2026\/02\/Sending-Mailchimp-form-for-translation-1536x938.png 1536w, https:\/\/wpml.org\/wp-content\/uploads\/2026\/02\/Sending-Mailchimp-form-for-translation.png 1600w\" sizes=\"auto, (max-width: 1024px) 100vw, 1024px\" \/><\/a><figcaption><div class=\"tb-image-caption\">G\u1eedi bi\u1ec3u m\u1eabu Mailchimp \u0111\u1ec3 d\u1ecbch<\/div><\/figcaption><\/figure>\n\n\n\n<ol start=\"3\" class=\"wp-block-list\">\n<li>Ch\u1ecdn ph\u01b0\u01a1ng ph\u00e1p d\u1ecbch v\u00e0 d\u1ecbch.  <\/li>\n<\/ol>\n\n\n\n<h2 class=\"wp-block-heading\">B\u1eaft \u0111\u1ea7u v\u1edbi WPML<\/h2>\n\n\n\n<p>N\u1ebfu b\u1ea1n l\u00e0 ng\u01b0\u1eddi d\u00f9ng WPML, h\u00e3y t\u1ea3i xu\u1ed1ng <strong>MailChimp for WordPress Multilingual<\/strong><strong> <\/strong>mi\u1ec5n ph\u00ed t\u1eeb trang <a href=\"https:\/\/wpml.org\/vi\/account\/downloads\/\">T\u1ea3i xu\u1ed1ng<\/a>.<\/p>\n\n\n\n<p>Ch\u01b0a ph\u1ea3i kh\u00e1ch h\u00e0ng c\u1ee7a WPML? Xem <a href=\"https:\/\/wpml.org\/vi\/gia-wpml\/\">trang gi\u00e1<\/a> c\u1ee7a ch\u00fang t\u00f4i \u0111\u1ec3 t\u00ecm g\u00f3i ph\u00f9 h\u1ee3p cho trang web c\u1ee7a b\u1ea1n. <\/p>\n<\/div>\n\n\n\n<div class=\"wp-block-toolset-blocks-grid-column tb-grid-column tb-grid-align-top\" data-toolset-blocks-grid-column=\"3034fbe886c11054e95b46b09d3e4112\">\n<\/div>\n<\/div>\n<\/div><\/div>\n","protected":false},"excerpt":{"rendered":"<p class=\"lead\">MailChimp l\u00e0 m\u1ed9t d\u1ecbch v\u1ee5 tr\u1ef1c tuy\u1ebfn ph\u1ed5 bi\u1ebfn cho ph\u00e9p b\u1ea1n ph\u00e2n ph\u1ed1i c\u00e1c chi\u1ebfn d\u1ecbch email t\u1ef1 \u0111\u1ed9ng. S\u1ef1 t\u00edch h\u1ee3p gi\u1eefa <a href=\"https:\/\/wordpress.org\/plugins\/mailchimp-for-wp\/\">plugin MailChimp cho WordPress<\/a> v\u00e0 WPML cho ph\u00e9p b\u1ea1n d\u1ecbch c\u00e1c bi\u1ec3u m\u1eabu \u0111\u0103ng k\u00fd v\u00e0 th\u00f4ng b\u00e1o li\u00ean quan. <\/p>\n","protected":false},"author":538393,"featured_media":0,"parent":15194531,"menu_order":46,"comment_status":"closed","ping_status":"closed","template":"template-full-with-popup-generic.php","meta":{"_bbp_topic_count":0,"_bbp_reply_count":0,"_bbp_total_topic_count":0,"_bbp_total_reply_count":0,"_bbp_voice_count":0,"_bbp_anonymous_reply_count":0,"_bbp_topic_count_hidden":0,"_bbp_reply_count_hidden":0,"_bbp_forum_subforum_count":0,"_uag_custom_page_level_css":"","ep_exclude_from_search":false,"footnotes":""},"related-projects-category":[27808],"class_list":["post-15236141","page","type-page","status-publish","hentry","related-projects-category-forms-vi"],"spectra_custom_meta":{"ratings_users":["0"],"ratings_score":["0"],"ratings_average":["0"],"_subscription_coupon_product_id":["0"],"_wpv_contains_gutenberg_views":[""],"_alp_processed":["1772090895"],"_views_template":["0"],"wpcf-unformatted-code":[""],"_wpml_media_duplicate":["1"],"_wpml_media_featured":["1"],"toolset_post_editor_mode":["block"],"wpcf-price-increase-show-from":[""],"wpcf-price-increase-show-till":[""],"_wp_page_template":["template-full-with-popup-generic.php"],"_last_translation_edit_mode":["translation-editor"],"_wpml_word_count":["395"],"cmplz_hide_cookiebanner":[""],"wpcf-related-product-full-name":["MailChimp for WordPress Multilingual"],"wpcf-related-product-download-url":["https:\/\/wpml.org\/account\/downloads\/#mailchimp-for-wordpress-multilingual"],"wpcf-price-increase-content":[""],"wpcf-login-box-title":[""],"wpcf-page-content":[""],"wpcf-display-author-meta-section":["1"],"_yoast_wpseo_primary_related-projects-category":["26967"],"_yoast_wpseo_title":["MailChimp cho WordPress \u0111a ng\u00f4n ng\u1eef - d\u1ecbch c\u00e1c bi\u1ec3u m\u1eabu mailchimp"],"_yoast_wpseo_metadesc":["Mailchimp cho WordPress \u0110a ng\u00f4n ng\u1eef l\u00e0 m\u1ed9t ti\u1ec7n \u00edch b\u1ed5 sung c\u1ee7a WPML \u0111\u1ec3 d\u1ecbch c\u00e1c bi\u1ec3u m\u1eabu \u0111\u0103ng k\u00fd v\u00e0 th\u00f4ng b\u00e1o li\u00ean quan sang nhi\u1ec1u ng\u00f4n ng\u1eef kh\u00e1c."],"_uag_css_file_name":["uag-css-15236141.css"],"_uag_page_assets":["a:9:{s:3:\"css\";s:260:\".uag-blocks-common-selector{z-index:var(--z-index-desktop) !important}@media(max-width: 976px){.uag-blocks-common-selector{z-index:var(--z-index-tablet) !important}}@media(max-width: 767px){.uag-blocks-common-selector{z-index:var(--z-index-mobile) !important}}\";s:2:\"js\";s:0:\"\";s:18:\"current_block_list\";a:12:{i:0;s:24:\"toolset-blocks\/container\";i:1;s:22:\"toolset-blocks\/heading\";i:2;s:19:\"toolset-blocks\/grid\";i:3;s:26:\"toolset-blocks\/grid-column\";i:4;s:14:\"core\/paragraph\";i:5;s:11:\"core\/spacer\";i:6;s:21:\"toolset-blocks\/button\";i:7;s:12:\"core\/heading\";i:8;s:9:\"core\/list\";i:9;s:14:\"core\/list-item\";i:10;s:20:\"toolset-blocks\/image\";i:12;s:14:\"core\/shortcode\";}s:8:\"uag_flag\";b:0;s:11:\"uag_version\";s:10:\"1778166875\";s:6:\"gfonts\";a:0:{}s:10:\"gfonts_url\";s:0:\"\";s:12:\"gfonts_files\";a:0:{}s:14:\"uag_faq_layout\";b:0;}"]},"uagb_featured_image_src":{"full":false,"thumbnail":false,"medium":false,"medium_large":false,"large":false,"1536x1536":false,"2048x2048":false,"gform-image-choice-sm":false,"gform-image-choice-md":false,"gform-image-choice-lg":false,"woocommerce_thumbnail":false,"woocommerce_single":false,"woocommerce_gallery_thumbnail":false},"uagb_author_info":{"display_name":"Kathy","author_link":"https:\/\/wpml.org\/vi\/author\/kathy-b\/"},"uagb_comment_info":0,"uagb_excerpt":"MailChimp l\u00e0 m\u1ed9t d\u1ecbch v\u1ee5 tr\u1ef1c tuy\u1ebfn ph\u1ed5 bi\u1ebfn cho ph\u00e9p b\u1ea1n ph\u00e2n ph\u1ed1i c\u00e1c chi\u1ebfn d\u1ecbch email t\u1ef1 \u0111\u1ed9ng. S\u1ef1 t\u00edch h\u1ee3p gi\u1eefa plugin MailChimp cho WordPress v\u00e0 WPML cho ph\u00e9p b\u1ea1n d\u1ecbch c\u00e1c bi\u1ec3u m\u1eabu \u0111\u0103ng k\u00fd v\u00e0 th\u00f4ng b\u00e1o li\u00ean quan.","_links":{"self":[{"href":"https:\/\/wpml.org\/vi\/wp-json\/wp\/v2\/pages\/15236141","targetHints":{"allow":["GET"]}}],"collection":[{"href":"https:\/\/wpml.org\/vi\/wp-json\/wp\/v2\/pages"}],"about":[{"href":"https:\/\/wpml.org\/vi\/wp-json\/wp\/v2\/types\/page"}],"author":[{"embeddable":true,"href":"https:\/\/wpml.org\/vi\/wp-json\/wp\/v2\/users\/538393"}],"replies":[{"embeddable":true,"href":"https:\/\/wpml.org\/vi\/wp-json\/wp\/v2\/comments?post=15236141"}],"version-history":[{"count":8,"href":"https:\/\/wpml.org\/vi\/wp-json\/wp\/v2\/pages\/15236141\/revisions"}],"predecessor-version":[{"id":17854416,"href":"https:\/\/wpml.org\/vi\/wp-json\/wp\/v2\/pages\/15236141\/revisions\/17854416"}],"up":[{"embeddable":true,"href":"https:\/\/wpml.org\/vi\/wp-json\/wp\/v2\/pages\/15194531"}],"wp:attachment":[{"href":"https:\/\/wpml.org\/vi\/wp-json\/wp\/v2\/media?parent=15236141"}],"wp:term":[{"taxonomy":"related-projects-category","embeddable":true,"href":"https:\/\/wpml.org\/vi\/wp-json\/wp\/v2\/related-projects-category?post=15236141"}],"curies":[{"name":"wp","href":"https:\/\/api.w.org\/{rel}","templated":true}]}}