{"id":15252813,"date":"2024-02-01T05:32:44","date_gmt":"2024-02-01T05:32:44","guid":{"rendered":"https:\/\/wpml.org\/cac-du-an-lien-quan\/di-chuyen-tu-polylang-sang-wpml\/"},"modified":"2025-09-19T14:19:08","modified_gmt":"2025-09-19T14:19:08","slug":"di-chuyen-tu-polylang-sang-wpml","status":"publish","type":"page","link":"https:\/\/wpml.org\/vi\/tai-lieu-wpml\/di-chuyen-tu-polylang-sang-wpml\/","title":{"rendered":"Di chuy\u1ec3n t\u1eeb Polylang sang WPML"},"content":{"rendered":"<p class=\"lead\">Plugin &#8220;Migrate Polylang to WPML &#8221; gi\u00fap b\u1ea1n d\u1ec5 d\u00e0ng di chuy\u1ec3n c\u00e1c trang web t\u1eeb plugin Polylang sang WPML . Plugin n\u00e0y di chuy\u1ec3n th\u00f4ng tin ng\u00f4n ng\u1eef cho c\u00e1c b\u00e0i \u0111\u0103ng, trang, lo\u1ea1i b\u00e0i \u0111\u0103ng t\u00f9y ch\u1ec9nh v\u00e0 ph\u00e2n lo\u1ea1i. <\/p>\n<p><!--more--><\/p>\n<h2>Y\u00eau c\u1ea7u<\/h2>\n<p>T\u1ea5t nhi\u00ean, b\u1ea1n c\u1ea7n c\u00f3 <a href=\"https:\/\/wpml.org\/purchase\/\">t\u00e0i kho\u1ea3n WPML<\/a> \u0111\u1ec3 di chuy\u1ec3n sang WPML . T\u00e0i kho\u1ea3n <a href=\"https:\/\/wpml.org\/purchase\/?add-to-cart=2436659\">Multilingual Blog<\/a> s\u1ebd ho\u1ea1t \u0111\u1ed9ng v\u1edbi h\u1ea7u h\u1ebft c\u00e1c trang web \u0111\u1ebfn t\u1eeb Polylang. \u0110\u1ec3 t\u1eadn h\u01b0\u1edfng t\u1ea5t c\u1ea3 c\u00e1c t\u00ednh n\u0103ng c\u1ee7a WPML , b\u1ea1n n\u00ean c\u00f3 t\u00e0i kho\u1ea3n <a href=\"https:\/\/wpml.org\/purchase\/?add-to-cart=2436660\">Multilingual CMS<\/a> , bao g\u1ed3m <strong>String Translation<\/strong> v\u00e0 <strong>Translation Management<\/strong> . B\u1ea1n c\u0169ng c\u1ea7n c\u00e0i \u0111\u1eb7t plugin <strong>Migrate Polylang to WPML<\/strong> .  <\/p>\n<h2>T\u1ea3i xu\u1ed1ng Plugin \u201cMigrate Polylang to WPML \u201d<\/h2>\n<p>\u0110\u1ec3 t\u1ea3i xu\u1ed1ng, h\u00e3y v\u00e0o <a target=\"_blank\" href=\"https:\/\/github.com\/OnTheGoSystems\/migrate-polylang-to-wpml\" rel=\"noopener\">Migrate Polylang to WPML tr\u00ean Github<\/a> v\u00e0 t\u1ea3i b\u1ea3n ph\u00e1t h\u00e0nh m\u1edbi nh\u1ea5t (nh\u1ea5p v\u00e0o b\u1ea3n ph\u00e1t h\u00e0nh m\u1edbi nh\u1ea5t \u1edf thanh b\u00ean ph\u1ea3i). Tr\u00ean trang t\u1ea3i xu\u1ed1ng, h\u00e3y nh\u1ea5p v\u00e0o \u0111\u1ecbnh d\u1ea1ng b\u1ea1n th\u00edch (zip ho\u1eb7c tar.gz). <\/p>\n<figure id=\"attachment_13108945\" aria-describedby=\"caption-attachment-13108945\" style=\"width: 1024px\" class=\"wp-caption aligncenter\"><a href=\"https:\/\/wpml.org\/wp-content\/uploads\/2023\/02\/wpml-github-polylang-migrate.png\"><img decoding=\"async\" src=\"https:\/\/wpml.org\/wp-content\/uploads\/2023\/02\/wpml-github-polylang-migrate-1024x412.png\" alt=\"\" width=\"1024\" height=\"412\" class=\"size-large wp-image-13108945 img-border\" srcset=\"https:\/\/wpml.org\/wp-content\/uploads\/2023\/02\/wpml-github-polylang-migrate-1024x412.png 1024w, https:\/\/wpml.org\/wp-content\/uploads\/2023\/02\/wpml-github-polylang-migrate-300x121.png 300w, https:\/\/wpml.org\/wp-content\/uploads\/2023\/02\/wpml-github-polylang-migrate-150x60.png 150w, https:\/\/wpml.org\/wp-content\/uploads\/2023\/02\/wpml-github-polylang-migrate-768x309.png 768w, https:\/\/wpml.org\/wp-content\/uploads\/2023\/02\/wpml-github-polylang-migrate.png 1463w\" sizes=\"(max-width: 1024px) 100vw, 1024px\" \/><\/a><figcaption id=\"caption-attachment-13108945\" class=\"wp-caption-text\">T\u1ea3i xu\u1ed1ng plugin t\u1eeb GitHub<\/figcaption><\/figure>\n<p>Sau khi t\u1ea3i plugin, b\u1ea1n c\u00f3 th\u1ec3 t\u1ea3i n\u00f3 l\u00ean trang WordPress c\u1ee7a m\u00ecnh nh\u01b0 b\u1ea5t k\u1ef3 plugin n\u00e0o kh\u00e1c: V\u00e0o trang <strong>Dashboard<\/strong> \u2192 <strong>Plugins<\/strong> v\u00e0 nh\u1ea5p v\u00e0o n\u00fat <strong>Add new<\/strong> . Tr\u00ean trang ti\u1ebfp theo, nh\u1ea5p v\u00e0o <strong>Upload plugin<\/strong> v\u00e0 ch\u1ecdn t\u1ec7p l\u01b0u tr\u1eef \u0111\u00e3 t\u1ea3i xu\u1ed1ng. <\/p>\n<h2>B\u01b0\u1edbc di chuy\u1ec3n 1: L\u01b0u d\u1eef li\u1ec7u Polylang v\u00e0 t\u1eaft n\u00f3<\/h2>\n<p>\u0110\u1ec3 l\u01b0u d\u1eef li\u1ec7u c\u1ee7a Polylang, h\u00e3y l\u00e0m theo c\u00e1c b\u01b0\u1edbc d\u01b0\u1edbi \u0111\u00e2y:<\/p>\n<ol>\n<li>\u0110i\u1ec1u h\u01b0\u1edbng \u0111\u1ebfn <strong>Ng\u00f4n ng\u1eef<\/strong> \u2192 <strong>Ng\u00f4n ng\u1eef<\/strong> .<\/li>\n<li>Nh\u1ea5p v\u00e0o li\u00ean k\u1ebft <strong>Ch\u1ec9nh s\u1eeda<\/strong> cho t\u1eebng ng\u00f4n ng\u1eef, sau \u0111\u00f3 nh\u1ea5p v\u00e0o n\u00fat <strong>C\u1eadp nh\u1eadt<\/strong> .<\/li>\n<\/ol>\n<figure id=\"attachment_5478351\" aria-describedby=\"caption-attachment-5478351\" style=\"width: 1426px\" class=\"wp-caption aligncenter\"><a href=\"https:\/\/wpml.org\/wp-content\/uploads\/2020\/02\/Saving-Polylangs-data.png\"><img decoding=\"async\" class=\"size-full wp-image-5478351\" src=\"https:\/\/wpml.org\/wp-content\/uploads\/2020\/02\/Saving-Polylangs-data.png\" alt=\"\" width=\"1426\" height=\"973\" srcset=\"https:\/\/wpml.org\/wp-content\/uploads\/2020\/02\/Saving-Polylangs-data.png 1426w, https:\/\/wpml.org\/wp-content\/uploads\/2020\/02\/Saving-Polylangs-data-300x205.png 300w, https:\/\/wpml.org\/wp-content\/uploads\/2020\/02\/Saving-Polylangs-data-1024x699.png 1024w, https:\/\/wpml.org\/wp-content\/uploads\/2020\/02\/Saving-Polylangs-data-150x102.png 150w, https:\/\/wpml.org\/wp-content\/uploads\/2020\/02\/Saving-Polylangs-data-768x524.png 768w\" sizes=\"(max-width: 1426px) 100vw, 1426px\" \/><\/a><figcaption id=\"caption-attachment-5478351\" class=\"wp-caption-text\">L\u01b0u d\u1eef li\u1ec7u c\u1ee7a Polylang<\/figcaption><\/figure>\n<p>Sau khi l\u01b0u d\u1eef li\u1ec7u c\u1ee7a Polylang cho t\u1ea5t c\u1ea3 c\u00e1c ng\u00f4n ng\u1eef, b\u1ea1n ph\u1ea3i <strong>t\u1eaft Polylang<\/strong> tr\u01b0\u1edbc khi b\u1eaft \u0111\u1ea7u qu\u00e1 tr\u00ecnh di chuy\u1ec3n WPML .<br \/>\nC\u1ed1 g\u1eafng k\u00edch ho\u1ea1t WPML trong khi Polylang \u0111ang ho\u1ea1t \u0111\u1ed9ng s\u1ebd d\u1eabn \u0111\u1ebfn l\u1ed7i nghi\u00eam tr\u1ecdng WordPress .  V\u00ec v\u1eady, h\u00e3y nh\u1edb t\u1eaft Polylang tr\u01b0\u1edbc khi k\u00edch ho\u1ea1t t\u1ea5t c\u1ea3 c\u00e1c plugin \u0111\u01b0\u1ee3c \u0111\u1ec1 c\u1eadp trong ph\u1ea7n Y\u00eau c\u1ea7u.<\/p>\n<h2>Di chuy\u1ec3n b\u01b0\u1edbc 2: Sao l\u01b0u c\u01a1 s\u1edf d\u1eef li\u1ec7u<\/h2>\n<p>Qu\u00e1 tr\u00ecnh di chuy\u1ec3n s\u1ebd s\u1eeda \u0111\u1ed5i c\u00e0i \u0111\u1eb7t trang web to\u00e0n c\u1ea7u v\u00e0 c\u1eadp nh\u1eadt th\u00f4ng tin ng\u00f4n ng\u1eef c\u1ee7a t\u1ea5t c\u1ea3 n\u1ed9i dung trong trang web c\u1ee7a b\u1ea1n. B\u1ea1n ch\u1eafc ch\u1eafn n\u00ean t\u1ea1o b\u1ea3n sao l\u01b0u \u0111\u1ea7y \u0111\u1ee7 c\u1ee7a c\u01a1 s\u1edf d\u1eef li\u1ec7u tr\u01b0\u1edbc khi b\u1eaft \u0111\u1ea7u qu\u00e1 tr\u00ecnh di chuy\u1ec3n (ngay c\u1ea3 khi b\u1ea1n \u0111\u00e3 th\u1ef1c hi\u1ec7n th\u00e0nh c\u00f4ng tr\u00ean c\u00e1c trang web kh\u00e1c). <\/p>\n<p>C\u00f3 m\u1ed9t s\u1ed1 plugin sao l\u01b0u tuy\u1ec7t v\u1eddi v\u00e0 b\u1ea1n c\u0169ng c\u00f3 th\u1ec3 ch\u1ee5p nhanh c\u01a1 s\u1edf d\u1eef li\u1ec7u t\u1eeb b\u1ea3ng \u0111i\u1ec1u khi\u1ec3n d\u1ecbch v\u1ee5 l\u01b0u tr\u1eef c\u1ee7a m\u00ecnh.<\/p>\n<h2>B\u01b0\u1edbc di chuy\u1ec3n 3: Ho\u00e0n th\u00e0nh Tr\u00ecnh h\u01b0\u1edbng d\u1eabn WPML<\/h2>\n<p>Khi k\u00edch ho\u1ea1t WPML , b\u1ea1n s\u1ebd th\u1ea5y th\u00f4ng b\u00e1o y\u00eau c\u1ea7u b\u1ea1n ho\u00e0n t\u1ea5t Tr\u00ecnh h\u01b0\u1edbng d\u1eabn c\u00e0i \u0111\u1eb7t WPML .<br \/>\n\u0110\u00e2y l\u00e0 tr\u00ecnh h\u01b0\u1edbng d\u1eabn c\u00e0i \u0111\u1eb7t plugin WPML ti\u00eau chu\u1ea9n \u0111\u01b0\u1ee3c hi\u1ec3n th\u1ecb cho m\u1ecdi ng\u01b0\u1eddi d\u00f9ng WPML , kh\u00f4ng ch\u1ec9 nh\u1eefng ng\u01b0\u1eddi \u0111ang di chuy\u1ec3n t\u1eeb Polylang.<br \/>\nVui l\u00f2ng l\u00e0m theo h\u01b0\u1edbng d\u1eabn tr\u00ean m\u00e0n h\u00ecnh c\u1ee7a tr\u00ecnh h\u01b0\u1edbng d\u1eabn.   H\u00e3y nh\u1edb ch\u1ecdn c\u00e1c ng\u00f4n ng\u1eef gi\u1ed1ng nh\u01b0 b\u1ea1n \u0111\u00e3 ch\u1ecdn trong Polylang. Plugin di chuy\u1ec3n s\u1ebd hi\u1ec3n th\u1ecb ch\u00fa gi\u1ea3i c\u00f4ng c\u1ee5 nh\u1eafc nh\u1edf b\u1ea1n v\u1ec1 c\u00e1c thi\u1ebft l\u1eadp b\u1ea1n \u0111\u00e3 ch\u1ecdn cho Polylang:<\/p>\n<p><a href=\"https:\/\/wpml.org\/wp-content\/uploads\/2016\/07\/complete-the-WPML-wizard.png\"><img decoding=\"async\" class=\"aligncenter wp-image-974025\" src=\"https:\/\/wpml.org\/wp-content\/uploads\/2016\/07\/complete-the-WPML-wizard-300x118.png\" alt=\"ho\u00e0n th\u00e0nh tr\u00ecnh h\u01b0\u1edbng d\u1eabn WPML\" width=\"500\" height=\"197\" srcset=\"https:\/\/wpml.org\/wp-content\/uploads\/2016\/07\/complete-the-WPML-wizard-300x118.png 300w, https:\/\/wpml.org\/wp-content\/uploads\/2016\/07\/complete-the-WPML-wizard-150x59.png 150w, https:\/\/wpml.org\/wp-content\/uploads\/2016\/07\/complete-the-WPML-wizard.png 590w\" sizes=\"(max-width: 500px) 100vw, 500px\" \/><\/a><\/p>\n<h2>B\u01b0\u1edbc di chuy\u1ec3n 4: B\u1eaft \u0111\u1ea7u di chuy\u1ec3n<\/h2>\n<p>V\u00e0o <strong>Dashboard \u2192 Tools \u2192 Migrate from Polylang to WPML<\/strong> , t\u00edch v\u00e0o \u00f4 \u201cI confirm that I&#8217;ve created database backup\u201d \u0111\u1ec3 x\u00e1c nh\u1eadn r\u1eb1ng b\u1ea1n \u0111\u00e3 sao l\u01b0u c\u01a1 s\u1edf d\u1eef li\u1ec7u (xem b\u01b0\u1edbc 1 \u1edf tr\u00ean) v\u00e0 nh\u1ea5p v\u00e0o n\u00fat Migrate.<\/p>\n<p><a href=\"https:\/\/wpml.org\/wp-content\/uploads\/2016\/07\/Initiate-the-Migration.png\"><img decoding=\"async\" class=\"aligncenter wp-image-974039\" src=\"https:\/\/wpml.org\/wp-content\/uploads\/2016\/07\/Initiate-the-Migration-300x105.png\" alt=\"B\u1eaft \u0111\u1ea7u di chuy\u1ec3n\" width=\"500\" height=\"175\" srcset=\"https:\/\/wpml.org\/wp-content\/uploads\/2016\/07\/Initiate-the-Migration-300x105.png 300w, https:\/\/wpml.org\/wp-content\/uploads\/2016\/07\/Initiate-the-Migration-150x53.png 150w, https:\/\/wpml.org\/wp-content\/uploads\/2016\/07\/Initiate-the-Migration.png 727w\" sizes=\"(max-width: 500px) 100vw, 500px\" \/><\/a><\/p>\n<p>Quan tr\u1ecdng: Kh\u00f4ng \u0111\u00f3ng trang n\u00e0y cho \u0111\u1ebfn khi b\u1ea1n th\u1ea5y th\u00f4ng b\u00e1o cho bi\u1ebft qu\u00e1 tr\u00ecnh di chuy\u1ec3n \u0111\u00e3 ho\u00e0n t\u1ea5t. Qu\u00e1 tr\u00ecnh n\u00e0y c\u00f3 th\u1ec3 m\u1ea5t v\u00e0i ph\u00fat t\u00f9y thu\u1ed9c v\u00e0o k\u00edch th\u01b0\u1edbc n\u1ed9i dung c\u1ee7a Trang web c\u1ee7a b\u1ea1n. <\/p>\n<h2>Xem l\u1ea1i trang web c\u1ee7a b\u1ea1n v\u00e0 ki\u1ec3m tra xem qu\u00e1 tr\u00ecnh di chuy\u1ec3n c\u00f3 di\u1ec5n ra su\u00f4n s\u1ebb kh\u00f4ng<\/h2>\n<p>Khi qu\u00e1 tr\u00ecnh di chuy\u1ec3n ho\u00e0n t\u1ea5t, h\u00e3y ki\u1ec3m tra xem m\u1ecdi th\u1ee9 c\u00f3 ho\u1ea1t \u0111\u1ed9ng nh\u01b0 mong \u0111\u1ee3i hay kh\u00f4ng:<\/p>\n<ul>\n<li>C\u00e1c b\u00e0i vi\u1ebft c\u00f3 ng\u00f4n ng\u1eef ch\u00ednh x\u00e1c.<\/li>\n<li>C\u00f4ng c\u1ee5 chuy\u1ec3n \u0111\u1ed5i ng\u00f4n ng\u1eef \u0111ang chuy\u1ec3n h\u01b0\u1edbng \u0111\u1ebfn b\u1ea3n d\u1ecbch ch\u00ednh x\u00e1c.<\/li>\n<\/ul>\n<p>N\u1ebfu x\u1ea3y ra s\u1ef1 c\u1ed1 khi di chuy\u1ec3n, vui l\u00f2ng b\u00e1o c\u00e1o s\u1ef1 c\u1ed1 \u0111\u00f3 t\u1ea1i <a href=\"https:\/\/wpml.org\/forums\/\">di\u1ec5n \u0111\u00e0n h\u1ed7 tr\u1ee3 c\u1ee7a ch\u00fang t\u00f4i<\/a> . N\u1ebfu c\u00f3 \u0111i\u1ec1u g\u00ec \u0111\u00f3 b\u1ecb k\u1eb9t trong qu\u00e1 tr\u00ecnh di chuy\u1ec3n, b\u1ea1n c\u00f3 th\u1ec3 ch\u1ea1y l\u1ea1i n\u00f3. Qu\u00e1 tr\u00ecnh di chuy\u1ec3n s\u1ebd ch\u1ec9 x\u1eed l\u00fd n\u1ed9i dung ch\u01b0a \u0111\u01b0\u1ee3c x\u1eed l\u00fd.<\/p>\n<p>B\u1ea1n s\u1ebd c\u00f3 t\u00f9y ch\u1ecdn lo\u1ea1i b\u1ecf d\u1eef li\u1ec7u Polylang c\u00f2n l\u1ea1i sau khi di chuy\u1ec3n. Ch\u00fang t\u00f4i th\u1ef1c s\u1ef1 khuy\u00ean b\u1ea1n n\u00ean ho\u00e3n qu\u00e1 tr\u00ecnh lo\u1ea1i b\u1ecf d\u1eef li\u1ec7u Polylang trong v\u00e0i ng\u00e0y ho\u1eb7c v\u00e0i tu\u1ea7n. H\u00e3y nh\u1edb r\u1eb1ng vi\u1ec7c x\u00f3a n\u1ed9i dung c\u01a1 s\u1edf d\u1eef li\u1ec7u Polylang l\u00e0 m\u1ed9t qu\u00e1 tr\u00ecnh kh\u00f4ng th\u1ec3 \u0111\u1ea3o ng\u01b0\u1ee3c. Trong tr\u01b0\u1eddng h\u1ee3p b\u1ea1n nh\u1eadn th\u1ea5y c\u00f3 s\u1ef1 c\u1ed1 x\u1ea3y ra, b\u1ea1n s\u1ebd kh\u00f4ng th\u1ec3 th\u1ef1c hi\u1ec7n l\u1ea1i qu\u00e1 tr\u00ecnh di chuy\u1ec3n sau khi c\u01a1 s\u1edf d\u1eef li\u1ec7u Polylang b\u1ecb x\u00f3a.<\/p>\n<h2>X\u1eed l\u00fd c\u00e1c c\u1ea5u tr\u00fac URL kh\u00e1c nhau<\/h2>\n<p>Polylang lu\u00f4n chuy\u1ec3n h\u01b0\u1edbng t\u1eeb g\u1ed1c c\u1ee7a trang web (example.com) \u0111\u1ebfn th\u01b0 m\u1ee5c ng\u00f4n ng\u1eef m\u1eb7c \u0111\u1ecbnh (example.com\/en\/). WPML hi\u1ec3n th\u1ecb ng\u00f4n ng\u1eef m\u1eb7c \u0111\u1ecbnh trong URL g\u1ed1c. N\u1ebfu c\u00f3 b\u1ea5t k\u1ef3 li\u00ean k\u1ebft n\u00e0o \u0111\u1ebfn th\u01b0 m\u1ee5c ng\u00f4n ng\u1eef m\u1eb7c \u0111\u1ecbnh, ch\u00fang t\u00f4i khuy\u00ean b\u1ea1n n\u00ean th\u00eam chuy\u1ec3n h\u01b0\u1edbng m\u00e1y ch\u1ee7 t\u1eeb \u0111\u00f3 \u0111\u1ebfn g\u1ed1c c\u1ee7a trang web.  <\/p>\n<p>H\u00e3y l\u00e0m theo c\u00e1c b\u01b0\u1edbc sau \u0111\u1ec3 th\u00eam chuy\u1ec3n h\u01b0\u1edbng 301 b\u1eb1ng .htaccess:<\/p>\n<ol style=\"list-style: upper-roman;\">\n<li>K\u1ebft n\u1ed1i v\u1edbi trang WordPress c\u1ee7a b\u1ea1n b\u1eb1ng ch\u01b0\u01a1ng tr\u00ecnh FTP v\u00e0 t\u1ea3i xu\u1ed1ng t\u1ec7p &#8220;.htaccess&#8221;, n\u1eb1m trong th\u01b0 m\u1ee5c g\u1ed1c WordPress .<\/li>\n<li>\u1ede cu\u1ed1i t\u1eadp tin th\u00eam d\u00f2ng n\u00e0y:<\/li>\n<\/ol>\n<p><code>RedirectMatch 301 \/en\/$ http:\/\/example.com\/index.php<\/code><br \/>\n(thay th\u1ebf \u201cen\u201d b\u1eb1ng slug c\u1ee7a ng\u00f4n ng\u1eef m\u1eb7c \u0111\u1ecbnh c\u1ee7a b\u1ea1n v\u00e0 \u201cexample.com\u201d b\u1eb1ng URL \u0111\u1ebfn trang web c\u1ee7a b\u1ea1n)<\/p>\n<ol style=\"list-style: upper-roman;\" start=\"3\">\n<li>T\u1ea3i l\u1ea1i t\u1eadp tin n\u00e0y l\u00ean m\u00e1y ch\u1ee7 c\u1ee7a b\u1ea1n.<\/li>\n<\/ol>\n<h2>Cu\u1ed1i c\u00f9ng, h\u00e3y h\u1ee7y k\u00edch ho\u1ea1t Plugin di chuy\u1ec3n<\/h2>\n<p>Plugin <strong>Migrate Polylang to WPML<\/strong> ch\u1ec9 c\u1ea7n thi\u1ebft cho qu\u00e1 tr\u00ecnh di chuy\u1ec3n. Sau khi ho\u00e0n t\u1ea5t, b\u1ea1n n\u00ean t\u1eaft n\u00f3. B\u1ea1n c\u0169ng c\u00f3 th\u1ec3 x\u00f3a kh\u1ecfi th\u01b0 m\u1ee5c &#8216;plugin&#8217; tr\u00ean trang web c\u1ee7a m\u00ecnh.<\/p>\n<h2>T\u00ecm s\u1ef1 gi\u00fap \u0111\u1ee1<\/h2>\n<p>Trong tr\u01b0\u1eddng h\u1ee3p b\u1ea1n g\u1eb7p ph\u1ea3i b\u1ea5t k\u1ef3 v\u1ea5n \u0111\u1ec1 n\u00e0o v\u1edbi qu\u00e1 tr\u00ecnh di chuy\u1ec3n, vui l\u00f2ng m\u1edf m\u1ed9t v\u00e9 t\u1ea1i <a href=\"https:\/\/wpml.org\/forums\/forum\/english-support\/\">di\u1ec5n \u0111\u00e0n h\u1ed7 tr\u1ee3<\/a> c\u1ee7a ch\u00fang t\u00f4i.<\/p>\n","protected":false},"excerpt":{"rendered":"<p>Plugin &#8220;Migrate Polylang to WPML &#8221; gi\u00fap b\u1ea1n d\u1ec5 d\u00e0ng di chuy\u1ec3n c\u00e1c trang web t\u1eeb plugin Polylang sang WPML . N\u00f3 di chuy\u1ec3n th\u00f4ng tin ng\u00f4n ng\u1eef cho c\u00e1c b\u00e0i \u0111\u0103ng, trang, lo\u1ea1i b\u00e0i \u0111\u0103ng t\u00f9y ch\u1ec9nh v\u00e0 ph\u00e2n lo\u1ea1i.<\/p>\n","protected":false},"author":76577,"featured_media":15252825,"parent":17417125,"menu_order":75,"comment_status":"closed","ping_status":"closed","template":"template-sidebar-2.php","meta":{"_bbp_topic_count":0,"_bbp_reply_count":0,"_bbp_total_topic_count":0,"_bbp_total_reply_count":0,"_bbp_voice_count":0,"_bbp_anonymous_reply_count":0,"_bbp_topic_count_hidden":0,"_bbp_reply_count_hidden":0,"_bbp_forum_subforum_count":0,"_uag_custom_page_level_css":"","ep_exclude_from_search":false,"footnotes":""},"related-projects-category":[],"class_list":["post-15252813","page","type-page","status-publish","has-post-thumbnail","hentry"],"spectra_custom_meta":{"ratings_users":["0"],"ratings_score":["0"],"ratings_average":["0"],"_subscription_coupon_product_id":["0"],"_wpv_contains_gutenberg_views":[""],"_alp_processed":["1758291549"],"_views_template":["0"],"wpcf-unformatted-code":[""],"_wpml_media_duplicate":["1"],"_wpml_media_featured":["1"],"toolset_post_editor_mode":["classic"],"wpcf-price-increase-show-from":[""],"wpcf-price-increase-show-till":[""],"_wp_page_template":["template-sidebar-2.php"],"_thumbnail_id":["15252825"],"_last_translation_edit_mode":["translation-editor"],"_wpml_word_count":["1128"],"_uag_css_file_name":["uag-css-15252813.css"],"_uag_page_assets":["a:9:{s:3:\"css\";s:260:\".uag-blocks-common-selector{z-index:var(--z-index-desktop) !important}@media(max-width: 976px){.uag-blocks-common-selector{z-index:var(--z-index-tablet) !important}}@media(max-width: 767px){.uag-blocks-common-selector{z-index:var(--z-index-mobile) !important}}\";s:2:\"js\";s:0:\"\";s:18:\"current_block_list\";a:1:{i:0;s:14:\"core\/shortcode\";}s:8:\"uag_flag\";b:0;s:11:\"uag_version\";s:10:\"1778561120\";s:6:\"gfonts\";a:0:{}s:10:\"gfonts_url\";s:0:\"\";s:12:\"gfonts_files\";a:0:{}s:14:\"uag_faq_layout\";b:0;}"]},"uagb_featured_image_src":{"full":["https:\/\/wpml.org\/wp-content\/uploads\/2016\/07\/Migrate-Polylang-to-WPML-3.png",460,202,false],"thumbnail":["https:\/\/wpml.org\/wp-content\/uploads\/2016\/07\/Migrate-Polylang-to-WPML-3-150x66.png",150,66,true],"medium":["https:\/\/wpml.org\/wp-content\/uploads\/2016\/07\/Migrate-Polylang-to-WPML-3-300x132.png",300,132,true],"medium_large":["https:\/\/wpml.org\/wp-content\/uploads\/2016\/07\/Migrate-Polylang-to-WPML-3.png",460,202,false],"large":["https:\/\/wpml.org\/wp-content\/uploads\/2016\/07\/Migrate-Polylang-to-WPML-3.png",460,202,false],"1536x1536":["https:\/\/wpml.org\/wp-content\/uploads\/2016\/07\/Migrate-Polylang-to-WPML-3.png",460,202,false],"2048x2048":["https:\/\/wpml.org\/wp-content\/uploads\/2016\/07\/Migrate-Polylang-to-WPML-3.png",460,202,false],"gform-image-choice-sm":["https:\/\/wpml.org\/wp-content\/uploads\/2016\/07\/Migrate-Polylang-to-WPML-3.png",300,132,false],"gform-image-choice-md":["https:\/\/wpml.org\/wp-content\/uploads\/2016\/07\/Migrate-Polylang-to-WPML-3.png",400,176,false],"gform-image-choice-lg":["https:\/\/wpml.org\/wp-content\/uploads\/2016\/07\/Migrate-Polylang-to-WPML-3.png",460,202,false],"woocommerce_thumbnail":["https:\/\/wpml.org\/wp-content\/uploads\/2016\/07\/Migrate-Polylang-to-WPML-3-150x150.png",150,150,true],"woocommerce_single":["https:\/\/wpml.org\/wp-content\/uploads\/2016\/07\/Migrate-Polylang-to-WPML-3.png",300,132,false],"woocommerce_gallery_thumbnail":["https:\/\/wpml.org\/wp-content\/uploads\/2016\/07\/Migrate-Polylang-to-WPML-3-100x100.png",100,100,true]},"uagb_author_info":{"display_name":"Dario","author_link":"https:\/\/wpml.org\/vi\/author\/darioh\/"},"uagb_comment_info":0,"uagb_excerpt":"Plugin \"Migrate Polylang to WPML \" gi\u00fap b\u1ea1n d\u1ec5 d\u00e0ng di chuy\u1ec3n c\u00e1c trang web t\u1eeb plugin Polylang sang WPML . N\u00f3 di chuy\u1ec3n th\u00f4ng tin ng\u00f4n ng\u1eef cho c\u00e1c b\u00e0i \u0111\u0103ng, trang, lo\u1ea1i b\u00e0i \u0111\u0103ng t\u00f9y ch\u1ec9nh v\u00e0 ph\u00e2n lo\u1ea1i.","_links":{"self":[{"href":"https:\/\/wpml.org\/vi\/wp-json\/wp\/v2\/pages\/15252813","targetHints":{"allow":["GET"]}}],"collection":[{"href":"https:\/\/wpml.org\/vi\/wp-json\/wp\/v2\/pages"}],"about":[{"href":"https:\/\/wpml.org\/vi\/wp-json\/wp\/v2\/types\/page"}],"author":[{"embeddable":true,"href":"https:\/\/wpml.org\/vi\/wp-json\/wp\/v2\/users\/76577"}],"replies":[{"embeddable":true,"href":"https:\/\/wpml.org\/vi\/wp-json\/wp\/v2\/comments?post=15252813"}],"version-history":[{"count":4,"href":"https:\/\/wpml.org\/vi\/wp-json\/wp\/v2\/pages\/15252813\/revisions"}],"predecessor-version":[{"id":16627019,"href":"https:\/\/wpml.org\/vi\/wp-json\/wp\/v2\/pages\/15252813\/revisions\/16627019"}],"up":[{"embeddable":true,"href":"https:\/\/wpml.org\/vi\/wp-json\/wp\/v2\/pages\/17417125"}],"wp:featuredmedia":[{"embeddable":true,"href":"https:\/\/wpml.org\/vi\/wp-json\/wp\/v2\/media\/15252825"}],"wp:attachment":[{"href":"https:\/\/wpml.org\/vi\/wp-json\/wp\/v2\/media?parent=15252813"}],"wp:term":[{"taxonomy":"related-projects-category","embeddable":true,"href":"https:\/\/wpml.org\/vi\/wp-json\/wp\/v2\/related-projects-category?post=15252813"}],"curies":[{"name":"wp","href":"https:\/\/api.w.org\/{rel}","templated":true}]}}