{"id":15252817,"date":"2012-02-27T15:42:00","date_gmt":"2012-02-27T15:42:00","guid":{"rendered":"https:\/\/wpml.org\/cac-du-an-lien-quan\/di-chuyen-tu-qtranslate-sang-wpml\/"},"modified":"2026-02-26T07:21:00","modified_gmt":"2026-02-26T07:21:00","slug":"di-chuyen-tu-qtranslate-sang-wpml","status":"publish","type":"page","link":"https:\/\/wpml.org\/vi\/tai-lieu-wpml\/di-chuyen-tu-qtranslate-sang-wpml\/","title":{"rendered":"Di chuy\u1ec3n t\u1eeb qTranslate sang WPML"},"content":{"rendered":"<p class=\"lead\">Di chuy\u1ec3n c\u00e1c b\u1ea3n d\u1ecbch qTranslate c\u1ee7a b\u1ea1n sang WPML v\u1edbi m\u1ed9t ti\u1ec7n \u00edch b\u1ed5 sung gi\u1eef nguy\u00ean c\u00e0i \u0111\u1eb7t g\u1ed1c c\u1ee7a b\u1ea1n v\u00e0 d\u1ecdn d\u1eb9p c\u00e1c th\u1ebb meta qTranslate c\u00f2n s\u00f3t l\u1ea1i.<\/p>\n<p><!--more--><\/p>\n<div class=\"alert alert-warning\" role=\"alert\">Plugin qTranslate X \u0111\u00e3 b\u1ecb b\u1ecf r\u01a1i t\u1eeb nhi\u1ec1u n\u0103m tr\u01b0\u1edbc, v\u00e0 ch\u00fang t\u00f4i kh\u00f4ng c\u00f2n duy tr\u00ec plugin di chuy\u1ec3n c\u1ee7a m\u00ecnh n\u1eefa.<\/div>\n<p>Plugin qTranslate ho\u1ea1t \u0111\u1ed9ng ho\u00e0n to\u00e0n kh\u00e1c so v\u1edbi WPML. Thay v\u00ec c\u00f3 c\u00e1c ng\u00f4n ng\u1eef kh\u00e1c nhau trong c\u00e1c b\u00e0i \u0111\u0103ng kh\u00e1c nhau, qTranslate \u0111\u1eb7t t\u1ea5t c\u1ea3 c\u00e1c ng\u00f4n ng\u1eef trong c\u00f9ng m\u1ed9t b\u00e0i \u0111\u0103ng. <\/p>\n<p>N\u00f3 l\u00e0m \u0111i\u1ec1u n\u00e0y b\u1eb1ng c\u00e1ch thay \u0111\u1ed5i c\u00e1c b\u00e0i \u0111\u0103ng t\u1eeb, v\u00ed d\u1ee5, <strong>Hello World<\/strong> th\u00e0nh <strong>[:en]Hello World[:de]Hallo Welt[:]<\/strong>.<\/p>\n<p>Khi b\u1ea1n g\u1ee1 c\u00e0i \u0111\u1eb7t qTranslate, t\u1ea5t c\u1ea3 c\u00e1c th\u1ebb meta n\u00e0y v\u1eabn c\u00f2n trong c\u01a1 s\u1edf d\u1eef li\u1ec7u c\u1ee7a b\u1ea1n.<\/p>\n<p>Plugin di chuy\u1ec3n c\u1ee7a ch\u00fang t\u00f4i c\u00f3 th\u1ec3 th\u1ef1c hi\u1ec7n nh\u1eefng \u0111i\u1ec1u sau:<\/p>\n<ul>\n<li>T\u00e1ch n\u1ed9i dung c\u1ee7a c\u00e1c ng\u00f4n ng\u1eef kh\u00e1c nhau th\u00e0nh c\u00e1c b\u00e0i \u0111\u0103ng kh\u00e1c nhau, cho ph\u00e9p trang web c\u1ee7a b\u1ea1n ch\u1ea1y v\u1edbi WPML.<\/li>\n<li>D\u1ecdn d\u1eb9p c\u01a1 s\u1edf d\u1eef li\u1ec7u c\u1ee7a b\u1ea1n kh\u1ecfi t\u1ea5t c\u1ea3 c\u00e1c th\u1ebb meta c\u00f2n s\u00f3t l\u1ea1i t\u1eeb qTranslate.<\/li>\n<li>Chuy\u1ec3n \u0111\u1ed5i trang web s\u1eed d\u1ee5ng qTranslate c\u1ee7a b\u1ea1n th\u00e0nh m\u1ed9t trang web m\u1ed9t ng\u00f4n ng\u1eef b\u1eb1ng c\u00e1ch x\u00f3a t\u1ea5t c\u1ea3 c\u00e1c b\u1ea3n d\u1ecbch v\u00e0 ch\u1ec9 \u0111\u1ec3 l\u1ea1i ng\u00f4n ng\u1eef b\u1ea1n quy\u1ebft \u0111\u1ecbnh gi\u1eef l\u1ea1i.<\/li>\n<\/ul>\n<p><strong>H\u1ea1n ch\u1ebf:<\/strong><\/p>\n<ul>\n<li>Plugin di chuy\u1ec3n c\u1ee7a ch\u00fang t\u00f4i ch\u1ec9 ho\u1ea1t \u0111\u1ed9ng cho B\u00e0i \u0111\u0103ng v\u00e0 Trang, c\u00e1c lo\u1ea1i b\u00e0i \u0111\u0103ng t\u00edch h\u1ee3p c\u1ee7a WordPress. N\u00f3 s\u1ebd kh\u00f4ng ho\u1ea1t \u0111\u1ed9ng v\u1edbi c\u00e1c lo\u1ea1i b\u00e0i \u0111\u0103ng t\u00f9y ch\u1ec9nh. <\/li>\n<li>B\u1ea1n c\u1ea7n ph\u1ea3i s\u1eeda t\u1ea5t c\u1ea3 c\u00e1c menu tr\u00ean trang web sau khi di chuy\u1ec3n.<\/li>\n<\/ul>\n<p>B\u1ea1n c\u00f3 th\u1ec3 t\u1ea3i xu\u1ed1ng plugin <a href=\"https:\/\/wordpress.org\/plugins\/qtranslate-to-wpml-export\/\" target=\"_blank\" rel=\"noopener noreferrer\">qTranslate X Cleanup and WPML Import<\/a> c\u1ee7a ch\u00fang t\u00f4i t\u1eeb kho l\u01b0u tr\u1eef WordPress.<\/p>\n<h2>Chuy\u1ec3n \u0111\u1ed5i M\u1ed9t Ng\u00f4n Ng\u1eef (kh\u00f4ng c\u00f3 WPML, lo\u1ea1i b\u1ecf t\u1ea5t c\u1ea3 c\u00e1c b\u1ea3n d\u1ecbch)<\/h2>\n<p>N\u1ebfu b\u1ea1n \u0111ang s\u1eed d\u1ee5ng plugin qTranslate Importer m\u00e0 kh\u00f4ng c\u00f3 WPML, k\u1ebft qu\u1ea3 s\u1ebd l\u00e0 m\u1ed9t trang web ch\u1ec9 c\u00f3 m\u1ed9t ng\u00f4n ng\u1eef. Qu\u00e1 tr\u00ecnh chuy\u1ec3n \u0111\u1ed5i s\u1ebd h\u1ecfi b\u1ea1n mu\u1ed1n duy tr\u00ec ng\u00f4n ng\u1eef n\u00e0o. T\u1ea5t c\u1ea3 c\u00e1c ng\u00f4n ng\u1eef kh\u00e1c s\u1ebd b\u1ecb x\u00f3a kh\u1ecfi trang web.<\/p>\n<p>\u0110i\u1ec1u n\u00e0y h\u1eefu \u00edch n\u1ebfu b\u1ea1n \u0111\u00e3 th\u1eed nghi\u1ec7m v\u1edbi qTranslate v\u00e0 b\u00e2y gi\u1edd b\u1ea1n mu\u1ed1n d\u1ecdn d\u1eb9p c\u01a1 s\u1edf d\u1eef li\u1ec7u kh\u1ecfi t\u1ea5t c\u1ea3 c\u00e1c th\u1ebb meta ng\u00f4n ng\u1eef \u0111\u00f3.<\/p>\n<p>Khi qu\u00e1 tr\u00ecnh x\u1eed l\u00fd k\u1ebft th\u00fac, t\u1ea5t c\u1ea3 c\u00e1c b\u00e0i \u0111\u0103ng s\u1ebd ch\u1ec9 c\u00f3 m\u1ed9t ng\u00f4n ng\u1eef m\u00e0 b\u1ea1n ch\u1ecdn.<\/p>\n<p>L\u00e0m th\u1ebf n\u00e0o n\u00f3 ho\u1ea1t \u0111\u1ed9ng:<\/p>\n<ol>\n<li>V\u00f4 hi\u1ec7u h\u00f3a qTranslate v\u00e0 k\u00edch ho\u1ea1t plugin <strong>qTranslate X Cleanup and WPML Import<\/strong>.<\/li>\n<li>Sao l\u01b0u c\u01a1 s\u1edf d\u1eef li\u1ec7u c\u1ee7a b\u1ea1n. Nghi\u00eam t\u00fac m\u00e0 n\u00f3i, ngay c\u1ea3 khi b\u1ea1n ch\u1ec9 \u0111ang th\u1eed nghi\u1ec7m, b\u1ea1n v\u1eabn ph\u1ea3i sao l\u01b0u c\u01a1 s\u1edf d\u1eef li\u1ec7u c\u1ee7a m\u00ecnh.<\/li>\n<li>\u0110i t\u1edbi <strong>C\u00e0i \u0111\u1eb7t \u2192 qTranslate Importer<\/strong> v\u00e0 ch\u1ecdn ng\u00f4n ng\u1eef m\u00e0 b\u1ea1n mu\u1ed1n gi\u1eef l\u1ea1i.<\/li>\n<li>B\u1ea5m v\u00e0o n\u00fat <strong>L\u00e0m s\u1ea1ch<\/strong> . \u0110i\u1ec1u n\u00e0y s\u1ebd \u0111i qua t\u1ea5t c\u1ea3 n\u1ed9i dung c\u1ee7a trang web v\u00e0 lo\u1ea1i b\u1ecf d\u1eef li\u1ec7u meta ng\u00f4n ng\u1eef kh\u1ecfi n\u1ed9i dung.<\/li>\n<\/ol>\n<p>M\u00e0n h\u00ecnh plugin tr\u00f4ng nh\u01b0 th\u1ebf n\u00e0y:<\/p>\n<figure id=\"attachment_1134700\" aria-describedby=\"caption-attachment-1134700\" style=\"width: 300px\" class=\"wp-caption aligncenter\"><a href=\"https:\/\/wpml.org\/wp-content\/uploads\/2012\/02\/qt-importer-no-wpml_update-2016.png\"><img decoding=\"async\" class=\"wp-image-1134700 size-medium\" title=\"qt-nh\u00e0 nh\u1eadp kh\u1ea9u-no-wpml\" src=\"https:\/\/wpml.org\/wp-content\/uploads\/2012\/02\/qt-importer-no-wpml_update-2016-300x150.png\" width=\"300\" height=\"150\" srcset=\"https:\/\/wpml.org\/wp-content\/uploads\/2012\/02\/qt-importer-no-wpml_update-2016-300x150.png 300w, https:\/\/wpml.org\/wp-content\/uploads\/2012\/02\/qt-importer-no-wpml_update-2016-150x75.png 150w, https:\/\/wpml.org\/wp-content\/uploads\/2012\/02\/qt-importer-no-wpml_update-2016-768x384.png 768w, https:\/\/wpml.org\/wp-content\/uploads\/2012\/02\/qt-importer-no-wpml_update-2016.png 956w\" sizes=\"(max-width: 300px) 100vw, 300px\" \/><\/a><figcaption id=\"caption-attachment-1134700\" class=\"wp-caption-text\">qD\u1ecbch nh\u00e0 nh\u1eadp kh\u1ea9u chuy\u1ec3n \u0111\u1ed5i sang m\u1ed9t ng\u00f4n ng\u1eef<\/figcaption><\/figure>\n<p>Ch\u1ecdn ng\u00f4n ng\u1eef b\u1ea1n mu\u1ed1n gi\u1eef v\u00e0 ch\u1ea5p nh\u1eadn hai h\u1ed9p ki\u1ec3m. Sau \u0111\u00f3, b\u1ea1n c\u00f3 th\u1ec3 b\u1eaft \u0111\u1ea7u d\u1ecdn d\u1eb9p.<\/p>\n<h2 id=\"with-wpml\">Chuy\u1ec3n \u0111\u1ed5i \u0110a Ng\u00f4n Ng\u1eef (chuy\u1ec3n t\u1eeb qTranslate sang WPML)<\/h2>\n<p>N\u1ebfu b\u1ea1n c\u00f3 WPML, tr\u00ecnh nh\u1eadp qTranslate s\u1ebd chuy\u1ec3n \u0111\u1ed5i trang web t\u1eeb t\u1ea5t c\u1ea3 c\u00e1c ng\u00f4n ng\u1eef trong m\u1ed9t b\u00e0i \u0111\u0103ng sang c\u00e1c ng\u00f4n ng\u1eef kh\u00e1c nhau trong c\u00e1c b\u00e0i \u0111\u0103ng kh\u00e1c nhau. Khi qu\u00e1 tr\u00ecnh chuy\u1ec3n \u0111\u1ed5i ho\u00e0n t\u1ea5t, b\u1ea1n s\u1ebd c\u00f3 th\u1ec3 s\u1eed d\u1ee5ng WPML tr\u00ean trang web. <\/p>\n<p>C\u00e1ch t\u1ed1t nh\u1ea5t \u0111\u1ec3 th\u1ef1c hi\u1ec7n chuy\u1ec3n \u0111\u1ed5i n\u00e0y l\u00e0 v\u00f4 hi\u1ec7u h\u00f3a qTranslate, k\u00edch ho\u1ea1t WPML v\u00e0 tr\u00ecnh nh\u1eadp qTranslate v\u00e0 \u0111\u1ec3 n\u00f3 l\u00e0m m\u1ecdi th\u1ee9 t\u1ef1 \u0111\u1ed9ng.<\/p>\n<p>Qu\u00e1 tr\u00ecnh nh\u1eadp kh\u1ea9u s\u1ebd:<\/p>\n<ol>\n<li>Ki\u1ec3m tra ng\u00f4n ng\u1eef n\u00e0o qTranslate \u0111\u00e3 s\u1eed d\u1ee5ng v\u00e0 k\u00edch ho\u1ea1t c\u00e1c ng\u00f4n ng\u1eef t\u01b0\u01a1ng t\u1ef1 trong WPML.<\/li>\n<li>Ki\u1ec3m tra c\u00e1c li\u00ean k\u1ebft c\u1ed1 \u0111\u1ecbnh ng\u00f4n ng\u1eef m\u00e0 b\u1ea1n \u0111\u00e3 s\u1eed d\u1ee5ng trong qTranslate v\u00e0 ch\u1ecdn c\u00e0i \u0111\u1eb7t t\u01b0\u01a1ng t\u1ef1 trong WPML.<\/li>\n<li>X\u1eed l\u00fd t\u1ea5t c\u1ea3 c\u00e1c b\u00e0i \u0111\u0103ng, ph\u00e2n lo\u1ea1i v\u00e0 tr\u01b0\u1eddng t\u00f9y ch\u1ec9nh v\u00e0 t\u1ea1o c\u00e1c b\u00e0i \u0111\u0103ng ri\u00eang bi\u1ec7t cho c\u00e1c ng\u00f4n ng\u1eef kh\u00e1c nhau.<\/li>\n<li>T\u1ea1o c\u00e1c quy t\u1eafc vi\u1ebft l\u1ea1i URL cho ph\u00e9p b\u1ea1n chuy\u1ec3n h\u01b0\u1edbng c\u00e1c li\u00ean k\u1ebft \u0111\u1ebfn URL m\u1edbi c\u1ee7a ch\u00fang.<\/li>\n<\/ol>\n<p>\u0110\u1ec3 th\u1ef1c hi\u1ec7n vi\u1ec7c n\u00e0y m\u1ed9t c\u00e1ch an to\u00e0n, vui l\u00f2ng l\u00e0m theo c\u00e1c b\u01b0\u1edbc sau:<\/p>\n<ol>\n<li>V\u00f4 hi\u1ec7u h\u00f3a qTranslate v\u00e0 k\u00edch ho\u1ea1t WPML v\u00e0 plugin <strong>qTranslate X Cleanup and WPML Import<\/strong>.<\/li>\n<li>Sao l\u01b0u c\u01a1 s\u1edf d\u1eef li\u1ec7u c\u1ee7a b\u1ea1n. \u0110i\u1ec1u n\u00e0y r\u1ea5t quan tr\u1ecdng. B\u1ea1n ph\u1ea3i th\u1ef1c hi\u1ec7n vi\u1ec7c n\u00e0y tr\u01b0\u1edbc khi ch\u1ea1y qu\u00e1 tr\u00ecnh nh\u1eadp.<\/li>\n<li>\u0110i t\u1edbi <strong>C\u00e0i \u0111\u1eb7t \u2192 qTranslate Importer<\/strong> v\u00e0 xem l\u1ea1i vi\u1ec7c chuy\u1ec3n \u0111\u1ed5i d\u1eef li\u1ec7u theo k\u1ebf ho\u1ea1ch.<\/li>\n<li>B\u1ea5m v\u00e0o n\u00fat <strong>B\u1eaft \u0111\u1ea7u<\/strong> . \u0110i\u1ec1u n\u00e0y s\u1ebd \u0111i qua t\u1ea5t c\u1ea3 n\u1ed9i dung c\u1ee7a trang web v\u00e0 chuy\u1ec3n \u0111\u1ed5i n\u00f3 \u0111\u1ec3 s\u1eed d\u1ee5ng WPML.<\/li>\n<\/ol>\n<h3>Qu\u00e1 tr\u00ecnh nh\u1eadp v\u00e0o WPML<\/h3>\n<p>M\u00e0n h\u00ecnh nh\u1eadp tr\u00f4ng nh\u01b0 th\u1ebf n\u00e0y:<\/p>\n<figure id=\"attachment_1134699\" aria-describedby=\"caption-attachment-1134699\" style=\"width: 300px\" class=\"wp-caption aligncenter\"><a href=\"https:\/\/wpml.org\/wp-content\/uploads\/2012\/02\/qt-import-with-wpml_update-2016.png\"><img decoding=\"async\" class=\"wp-image-1134699 size-medium\" title=\"qt-nh\u1eadp-v\u1edbi-wpml\" src=\"https:\/\/wpml.org\/wp-content\/uploads\/2012\/02\/qt-import-with-wpml_update-2016-300x160.png\" width=\"300\" height=\"160\" srcset=\"https:\/\/wpml.org\/wp-content\/uploads\/2012\/02\/qt-import-with-wpml_update-2016-300x160.png 300w, https:\/\/wpml.org\/wp-content\/uploads\/2012\/02\/qt-import-with-wpml_update-2016-150x80.png 150w, https:\/\/wpml.org\/wp-content\/uploads\/2012\/02\/qt-import-with-wpml_update-2016-768x409.png 768w, https:\/\/wpml.org\/wp-content\/uploads\/2012\/02\/qt-import-with-wpml_update-2016.png 941w\" sizes=\"(max-width: 300px) 100vw, 300px\" \/><\/a><figcaption id=\"caption-attachment-1134699\" class=\"wp-caption-text\">Nh\u1eadp t\u1eeb qTranslate sang WPML<\/figcaption><\/figure>\n<p>Khi n\u00f3 ch\u1ea1y, b\u1ea1n s\u1ebd th\u1ea5y s\u1ef1 ti\u1ebfn b\u1ed9. Kh\u00f4ng l\u00e0m gi\u00e1n \u0111o\u1ea1n qu\u00e1 tr\u00ecnh nh\u1eadp cho \u0111\u1ebfn khi th\u00f4ng b\u00e1o &#8220;ho\u00e0n th\u00e0nh&#8221;. M\u00e0n h\u00ecnh s\u1ebd c\u1eadp nh\u1eadt m\u1ed7i v\u00e0i gi\u00e2y, khi n\u00f3 x\u1eed l\u00fd 10 b\u00e0i \u0111\u0103ng m\u1ed9t l\u1ea7n.<\/p>\n<h3>Th\u00eam chuy\u1ec3n h\u01b0\u1edbng URL<\/h3>\n<p>Sau khi qu\u00e1 tr\u00ecnh nh\u1eadp ho\u00e0n t\u1ea5t, b\u1ea1n s\u1ebd th\u1ea5y \u0111i\u1ec1u n\u00e0y:<\/p>\n<figure id=\"attachment_1134701\" aria-describedby=\"caption-attachment-1134701\" style=\"width: 300px\" class=\"wp-caption aligncenter\"><a href=\"https:\/\/wpml.org\/wp-content\/uploads\/2012\/02\/qt-importer-wpml-finished_update-2016.png\"><img decoding=\"async\" class=\"wp-image-1134701 size-medium\" title=\"qt-importer-wpml-\u0111\u00e3 ho\u00e0n th\u00e0nh\" src=\"https:\/\/wpml.org\/wp-content\/uploads\/2012\/02\/qt-importer-wpml-finished_update-2016-300x203.png\" width=\"300\" height=\"203\" srcset=\"https:\/\/wpml.org\/wp-content\/uploads\/2012\/02\/qt-importer-wpml-finished_update-2016-300x203.png 300w, https:\/\/wpml.org\/wp-content\/uploads\/2012\/02\/qt-importer-wpml-finished_update-2016-150x101.png 150w, https:\/\/wpml.org\/wp-content\/uploads\/2012\/02\/qt-importer-wpml-finished_update-2016-768x519.png 768w, https:\/\/wpml.org\/wp-content\/uploads\/2012\/02\/qt-importer-wpml-finished_update-2016.png 934w\" sizes=\"(max-width: 300px) 100vw, 300px\" \/><\/a><figcaption id=\"caption-attachment-1134701\" class=\"wp-caption-text\">Chuy\u1ec3n \u0111\u1ed5i t\u1eeb qTranslate sang WPML \u0111\u00e3 ho\u00e0n t\u1ea5t<\/figcaption><\/figure>\n<p>N\u1ebfu b\u1ea1n c\u00f3 th\u1ec3 ch\u1ec9nh s\u1eeda t\u1ec7p <strong>.htaccess<\/strong>, sao ch\u00e9p m\u1ecdi th\u1ee9 t\u1eeb h\u1ed9p quy t\u1eafc vi\u1ebft l\u1ea1i <strong>.htaccess<\/strong> v\u00e0 th\u00eam n\u00f3 v\u00e0o t\u1ec7p <strong>.htaccess<\/strong> c\u1ee7a trang web c\u1ee7a b\u1ea1n.<\/p>\n<p>C\u00f3 m\u1ed9t n\u00fat <strong>x\u00e1c th\u1ef1c<\/strong> s\u1ebd \u0111\u1ecdc t\u1ec7p \u0111\u00f3 v\u00e0 ki\u1ec3m tra xem b\u1ea1n \u0111\u00e3 th\u00eam quy t\u1eafc v\u00e0o \u0111\u00fang v\u1ecb tr\u00ed ch\u01b0a.<\/p>\n<p>Ngo\u00e0i ra, b\u1ea1n c\u00f3 th\u1ec3 th\u00eam th\u00f4ng tin chuy\u1ec3n h\u01b0\u1edbng v\u00e0o ch\u1ee7 \u0111\u1ec1 c\u1ee7a m\u00ecnh. Nh\u1ea5p v\u00e0o n\u00fat \u0111\u1ec3 t\u1ea3i xu\u1ed1ng t\u1ec7p PHP v\u1edbi c\u00e1c quy t\u1eafc chuy\u1ec3n h\u01b0\u1edbng v\u00e0 l\u01b0u n\u00f3 trong th\u01b0 m\u1ee5c ch\u1ee7 \u0111\u1ec1 c\u1ee7a b\u1ea1n. <\/p>\n<p>Sau \u0111\u00f3, th\u00eam d\u00f2ng sau v\u00e0o t\u1ec7p <strong>functions.php<\/strong> trong ch\u1ee7 \u0111\u1ec1:<\/p>\n<pre>include(get_stylesheet_directory() . '\/qt-importer-redirects.php'); <\/pre>\n<p>\u0110\u00e2y l\u00e0 m\u1ed9t c\u00e2u l\u1ec7nh PHP, v\u00ec v\u1eady n\u00f3 ph\u1ea3i n\u1eb1m trong m\u1ed9t&lt; <strong>?php &#8230; ?<\/strong>&gt; kh\u1ed1i.<\/p>\n<h3>C\u00e1c v\u0103n b\u1ea3n kh\u00e1c m\u00e0 b\u1ea1n c\u00f3 th\u1ec3 ph\u1ea3i ch\u1ec9nh s\u1eeda th\u1ee7 c\u00f4ng<\/h3>\n<p>Nhi\u1ec1u trang web s\u1eed d\u1ee5ng qTranslate \u0111\u00e3 s\u1eed d\u1ee5ng c\u00e1c th\u1ebb meta ng\u00f4n ng\u1eef \u1edf nhi\u1ec1u n\u01a1i, m\u00e3 h\u00f3a c\u1ee9ng trong PHP ho\u1eb7c trong c\u00e1c trang t\u00f9y ch\u1ecdn. Khi b\u1ea1n chuy\u1ec3n kh\u1ecfi qTranslate, b\u1ea1n s\u1ebd c\u1ea7n s\u1eed d\u1ee5ng c\u00e1c c\u00e1ch kh\u00e1c \u0111\u1ec3 d\u1ecbch c\u00e1c chu\u1ed7i n\u00e0y. <\/p>\n<p>\u0110\u1ea7u ti\u00ean, x\u00e1c \u0111\u1ecbnh v\u1ecb tr\u00ed c\u1ee7a ch\u00fang. \u0110i qua c\u00e1c m\u00e0n h\u00ecnh qu\u1ea3n tr\u1ecb kh\u00e1c nhau trong ch\u1ee7 \u0111\u1ec1 v\u00e0 c\u00e1c plugin m\u00e0 b\u1ea1n \u0111ang s\u1eed d\u1ee5ng v\u00e0 xem c\u00f3 th\u1ebb n\u00e0o nh\u01b0:<\/p>\n<pre>&lt;!\u2013-:en\u2013-&gt;V\u0103n b\u1ea3n ti\u1ebfng Anh&lt;!\u2013-:\u2013-&gt;&lt;!\u2013-:fr\u2013-&gt;V\u0103n b\u1ea3n ti\u1ebfng Ph\u00e1p&lt;!\u2013-:\u2013-&gt;<\/pre>\n<p>Thay th\u1ebf nh\u1eefng \u0111i\u1ec1u n\u00e0y ch\u1ec9 b\u1eb1ng v\u0103n b\u1ea3n b\u1eb1ng ng\u00f4n ng\u1eef m\u1eb7c \u0111\u1ecbnh.<\/p>\n<p>Sau \u0111\u00f3, b\u1ea1n c\u00f3 th\u1ec3 s\u1eed d\u1ee5ng m\u00f4-\u0111un <a href=\"https:\/\/wpml.org\/documentation\/getting-started-guide\/string-translation\/\">String Translation<\/a> c\u1ee7a WPML \u0111\u1ec3 d\u1ecbch c\u00e1c n\u1ed9i dung n\u00e0y sang b\u1ea5t k\u1ef3 ng\u00f4n ng\u1eef n\u00e0o.<\/p>\n<h2>T\u00ecm s\u1ef1 gi\u00fap \u0111\u1ee1<\/h2>\n<p>Trong tr\u01b0\u1eddng h\u1ee3p b\u1ea1n c\u1ea7n tr\u1ee3 gi\u00fap di chuy\u1ec3n t\u1eeb qTranslate sang WPML, h\u00e3y truy c\u1eadp <a href=\"https:\/\/wpml.org\/forums\/forum\/english-support\/\" target=\"_blank\" rel=\"noopener noreferrer\">di\u1ec5n \u0111\u00e0n h\u1ed7 tr\u1ee3 c\u1ee7a WPML<\/a>.<\/p>\n","protected":false},"excerpt":{"rendered":"<p>Di chuy\u1ec3n c\u00e1c b\u1ea3n d\u1ecbch qTranslate c\u1ee7a b\u1ea1n sang WPML v\u1edbi m\u1ed9t ti\u1ec7n \u00edch b\u1ed5 sung gi\u1eef nguy\u00ean c\u00e0i \u0111\u1eb7t g\u1ed1c c\u1ee7a b\u1ea1n v\u00e0 d\u1ecdn d\u1eb9p c\u00e1c th\u1ebb meta qTranslate c\u00f2n s\u00f3t l\u1ea1i.<\/p>\n","protected":false},"author":2,"featured_media":0,"parent":17417125,"menu_order":80,"comment_status":"closed","ping_status":"closed","template":"template-nosidebar-centered.php","meta":{"_bbp_topic_count":0,"_bbp_reply_count":0,"_bbp_total_topic_count":0,"_bbp_total_reply_count":0,"_bbp_voice_count":0,"_bbp_anonymous_reply_count":0,"_bbp_topic_count_hidden":0,"_bbp_reply_count_hidden":0,"_bbp_forum_subforum_count":0,"ep_exclude_from_search":false,"footnotes":""},"related-projects-category":[],"class_list":["post-15252817","page","type-page","status-publish","hentry"],"_links":{"self":[{"href":"https:\/\/wpml.org\/vi\/wp-json\/wp\/v2\/pages\/15252817","targetHints":{"allow":["GET"]}}],"collection":[{"href":"https:\/\/wpml.org\/vi\/wp-json\/wp\/v2\/pages"}],"about":[{"href":"https:\/\/wpml.org\/vi\/wp-json\/wp\/v2\/types\/page"}],"author":[{"embeddable":true,"href":"https:\/\/wpml.org\/vi\/wp-json\/wp\/v2\/users\/2"}],"replies":[{"embeddable":true,"href":"https:\/\/wpml.org\/vi\/wp-json\/wp\/v2\/comments?post=15252817"}],"version-history":[{"count":3,"href":"https:\/\/wpml.org\/vi\/wp-json\/wp\/v2\/pages\/15252817\/revisions"}],"predecessor-version":[{"id":17854047,"href":"https:\/\/wpml.org\/vi\/wp-json\/wp\/v2\/pages\/15252817\/revisions\/17854047"}],"up":[{"embeddable":true,"href":"https:\/\/wpml.org\/vi\/wp-json\/wp\/v2\/pages\/17417125"}],"wp:attachment":[{"href":"https:\/\/wpml.org\/vi\/wp-json\/wp\/v2\/media?parent=15252817"}],"wp:term":[{"taxonomy":"related-projects-category","embeddable":true,"href":"https:\/\/wpml.org\/vi\/wp-json\/wp\/v2\/related-projects-category?post=15252817"}],"curies":[{"name":"wp","href":"https:\/\/api.w.org\/{rel}","templated":true}]}}