{"id":15254320,"date":"2012-11-10T08:04:37","date_gmt":"2012-11-10T08:04:37","guid":{"rendered":"https:\/\/wpml.org\/cac-du-an-lien-quan\/xay-dung-trang-web-da-ngon-ngu-voi-tai-xuong-ky-thuat-so-va-wpml-de-dang\/"},"modified":"2026-02-26T07:30:29","modified_gmt":"2026-02-26T07:30:29","slug":"xay-dung-trang-web-da-ngon-ngu-voi-tai-xuong-ky-thuat-so-va-wpml-de-dang","status":"publish","type":"page","link":"https:\/\/wpml.org\/vi\/tai-lieu-wpml\/kha-nang-tuong-thich-cua-plugin\/xay-dung-trang-web-da-ngon-ngu-voi-tai-xuong-ky-thuat-so-va-wpml-de-dang\/","title":{"rendered":"X\u00e2y d\u1ef1ng c\u00e1c trang web \u0111a ng\u00f4n ng\u1eef v\u1edbi Easy Digital Downloads v\u00e0 WPML"},"content":{"rendered":"\n<p class=\"lead\">You can create a fully multilingual e-commerce site using Easy Digital Downloads and the WPML Multilingual for Easy Digital Downloads plugin. Learn how to translate your products and the rest of your site\u2019s content.<\/p>\n\n<h2 class=\"wp-block-heading\" id=\"getting-started\">B\u1eaft \u0111\u1ea7u<\/h2>\n\n<p>B\u1eaft \u0111\u1ea7u b\u1eb1ng c\u00e1ch c\u00e0i \u0111\u1eb7t v\u00e0 k\u00edch ho\u1ea1t c\u00e1c plugin sau:<\/p>\n\n<ul class=\"wp-block-list\">\n<li>Plugin <a href=\"https:\/\/wordpress.org\/plugins\/easy-digital-downloads\/\" target=\"_blank\" rel=\"noreferrer noopener\">Easy Digital Downloads<\/a><\/li>\n\n\n\n<li>WPML (<a href=\"https:\/\/wpml.org\/purchase\/?add-to-cart=2436660\">Multilingual CMS<\/a>) and WPML String Translation add-on<\/li>\n\n\n\n<li><a href=\"https:\/\/wordpress.org\/plugins\/edd-multilingual\/\" target=\"_blank\" rel=\"noreferrer noopener\">WPML Multilingual for Easy Digital Downloads<\/a> plugin<\/li>\n<\/ul>\n\n<p><a href=\"http:\/\/docs.easydigitaldownloads.com\/\">T\u00e0i li\u1ec7u h\u01b0\u1edbng d\u1eabn Easy Digital Downloads<\/a> s\u1ebd cung c\u1ea5p cho qu\u00fd v\u1ecb t\u1ea5t c\u1ea3 th\u00f4ng tin c\u1ea7n thi\u1ebft \u0111\u1ec3 thi\u1ebft l\u1eadp plugin v\u00e0 th\u00eam s\u1ea3n ph\u1ea9m c\u1ee7a m\u00ecnh.<\/p>\n\n<p><strong>Xin l\u01b0u \u00fd:<\/strong> \u0110\u1ec3 Easy Digital Downloads Multilingual ho\u1ea1t \u0111\u1ed9ng, qu\u00fd v\u1ecb c\u1ea7n thay \u0111\u1ed5i c\u1ea5u tr\u00fac \u0111\u01b0\u1eddng d\u1eabn t\u0129nh sang m\u1ed9t ki\u1ec3u kh\u00e1c thay v\u00ec m\u1eb7c \u0111\u1ecbnh. Qu\u00fd v\u1ecb c\u00f3 th\u1ec3 th\u1ef1c hi\u1ec7n vi\u1ec7c n\u00e0y t\u1eeb ph\u1ea7n <strong>C\u00e0i \u0111\u1eb7t ph\u1ed5 bi\u1ebfn<\/strong> trong <strong>C\u00e0i \u0111\u1eb7t \u2192 \u0110\u01b0\u1eddng d\u1eabn t\u0129nh<\/strong>. Trong ph\u1ea1m vi b\u00e0i h\u01b0\u1edbng d\u1eabn n\u00e0y, ch\u00fang t\u00f4i s\u1eed d\u1ee5ng t\u00f9y ch\u1ecdn <strong>Ti\u00eau \u0111\u1ec1 b\u00e0i vi\u1ebft<\/strong>.  <\/p>\n\n<h2 class=\"wp-block-heading\" id=\"translating-pages\">Translating Products, Pages, and Posts<\/h2>\n\n<p>Using WPML, you can translate any content on your Easy Digital Downloads website. This includes:<\/p>\n\n<ul class=\"wp-block-list\">\n<li>Pages <\/li>\n\n\n\n<li>Posts<\/li>\n\n\n\n<li>Downloads (products)<\/li>\n\n\n\n<li>Variations<\/li>\n\n\n\n<li>Checkout texts<\/li>\n\n\n\n<li>&#8230;and more<\/li>\n<\/ul>\n\n<p>To translate, go to\u00a0<strong>WPML\u00a0<\/strong>\u2192\u00a0<strong>Translation Dashboard<\/strong>, select the content you want to translate, and choose a translation method.<\/p>\n\n<p>In the case of products created with Easy Digital Downloads, you\u2019ll find them in the <strong>Downloads<\/strong> section of the Translation Dashboard.<br\/><a href=\"https:\/\/cdn.wpml.org\/wp-content\/uploads\/2025\/06\/translate-elementor.png\"><\/a><\/p>\n<div class=\"wp-block-image\">\n<figure class=\" tb-image tb-image-dynamic tb-image-frame-none aligncenter\" data-toolset-blocks-image=\"90be5458d274afd5ab927dfd32999739\"><a href=\"https:\/\/wpml.org\/wp-content\/uploads\/2025\/09\/wpml-easy-digital-downloads-translation-dashboard.png\"><img decoding=\"async\" width=\"1024\" height=\"772\" loading=\"lazy\" src=\"https:\/\/wpml.org\/wp-content\/uploads\/2025\/09\/wpml-easy-digital-downloads-translation-dashboard-1024x772.png\" alt=\"\" class=\"wp-image-17424793\" srcset=\"https:\/\/wpml.org\/wp-content\/uploads\/2025\/09\/wpml-easy-digital-downloads-translation-dashboard-1024x772.png 1024w, https:\/\/wpml.org\/wp-content\/uploads\/2025\/09\/wpml-easy-digital-downloads-translation-dashboard-300x226.png 300w, https:\/\/wpml.org\/wp-content\/uploads\/2025\/09\/wpml-easy-digital-downloads-translation-dashboard-150x113.png 150w, https:\/\/wpml.org\/wp-content\/uploads\/2025\/09\/wpml-easy-digital-downloads-translation-dashboard-768x579.png 768w, https:\/\/wpml.org\/wp-content\/uploads\/2025\/09\/wpml-easy-digital-downloads-translation-dashboard-1536x1158.png 1536w, https:\/\/wpml.org\/wp-content\/uploads\/2025\/09\/wpml-easy-digital-downloads-translation-dashboard-2048x1544.png 2048w\" sizes=\"auto, (max-width: 1024px) 100vw, 1024px\" \/><\/a><figcaption><div class=\"tb-image-caption\">Selecting Easy Digital Downloads products (Downloads) for translation in the Translation Dashboard<\/div><\/figcaption><\/figure>\n<\/div>\n<p>If you choose to <strong>Translate automatically<\/strong>, you\u2019ll also need to decide whether to review the translations. To skip the review process, we recommend translating automatically with\u00a0<a href=\"https:\/\/wpml.org\/documentation\/automatic-translation\/\">Private Translation Cloud (PTC)<\/a>, our most accurate translation engine.\u00a0<\/p>\n\n<p>When you&#8217;re ready, just click <strong>Translate<\/strong>. Your translations will be ready within minutes.<\/p>\n\n<h2 class=\"wp-block-heading\" id=\"translating-categories-and-tags\">D\u1ecbch danh m\u1ee5c v\u00e0 th\u1ebb<\/h2>\n\n<p>When you send a post, custom post type, or product for translation, its taxonomies are translated together with the rest of your content.<\/p>\n\n<p>To learn how to update taxonomy translations or sync taxonomy structures across languages, see the page about <a href=\"https:\/\/wpml.org\/documentation\/getting-started-guide\/translating-post-categories-and-custom-taxonomies\/\">translating custom taxonomies<\/a>.<\/p>\n\n<h2 class=\"wp-block-heading\" id=\"translating-texts-from-easy-digital-downloads-plugin-and-other-places\">Translating Texts From Easy Digital Downloads Plugin and Other Places<\/h2>\n\n<p>Besides the content coming from your posts and pages, there are some additional texts coming from your plugins and theme. This includes strings like the <strong>Add to Cart<\/strong> button.<\/p>\n\n<p>To translate these additional texts:<\/p>\n\n<ol class=\"wp-block-list\">\n<li>Go to\u00a0<strong>WPML\u00a0<\/strong>\u2192\u00a0<strong>Translation Dashboard<\/strong>.<\/li>\n\n\n\n<li>Scroll down to the\u00a0<strong>Other texts (Strings)\u00a0<\/strong>section and select the strings for translation.\u00a0<\/li>\n\n\n\n<li>Choose a translation method and click <strong>Translate<\/strong>.\u00a0<\/li>\n<\/ol>\n<div class=\"wp-block-image\">\n<figure class=\" tb-image tb-image-dynamic tb-image-frame-none aligncenter\" data-toolset-blocks-image=\"f9d736a2172ae3a4ae3d5f988ead7a8d\"><a href=\"https:\/\/wpml.org\/wp-content\/uploads\/2025\/09\/wpml-easy-digital-download-translating-other-text.png\"><img decoding=\"async\" width=\"1024\" height=\"364\" loading=\"lazy\" src=\"https:\/\/wpml.org\/wp-content\/uploads\/2025\/09\/wpml-easy-digital-download-translating-other-text-1024x364.png\" alt=\"\" class=\"wp-image-17424842\" srcset=\"https:\/\/wpml.org\/wp-content\/uploads\/2025\/09\/wpml-easy-digital-download-translating-other-text-1024x364.png 1024w, https:\/\/wpml.org\/wp-content\/uploads\/2025\/09\/wpml-easy-digital-download-translating-other-text-300x107.png 300w, https:\/\/wpml.org\/wp-content\/uploads\/2025\/09\/wpml-easy-digital-download-translating-other-text-150x53.png 150w, https:\/\/wpml.org\/wp-content\/uploads\/2025\/09\/wpml-easy-digital-download-translating-other-text-768x273.png 768w, https:\/\/wpml.org\/wp-content\/uploads\/2025\/09\/wpml-easy-digital-download-translating-other-text-1536x545.png 1536w, https:\/\/wpml.org\/wp-content\/uploads\/2025\/09\/wpml-easy-digital-download-translating-other-text-2048x727.png 2048w\" sizes=\"auto, (max-width: 1024px) 100vw, 1024px\" \/><\/a><figcaption><div class=\"tb-image-caption\">Translating additional text from Easy Digital Downloads<\/div><\/figcaption><\/figure>\n<\/div>\n\n\n<div id=\"wpv-view-layout-6659809-CATTRa5f13f046c7dbe7f828fd5c3ee42dec3\" class=\"js-wpv-view-layout js-wpv-layout-responsive js-wpv-view-layout-6659809-CATTRa5f13f046c7dbe7f828fd5c3ee42dec3\" data-viewnumber=\"6659809-CATTRa5f13f046c7dbe7f828fd5c3ee42dec3\" data-pagination=\"{&quot;id&quot;:6659809,&quot;query&quot;:&quot;normal&quot;,&quot;type&quot;:&quot;disabled&quot;,&quot;effect&quot;:&quot;fade&quot;,&quot;duration&quot;:&quot;500&quot;,&quot;speed&quot;:5,&quot;pause_on_hover&quot;:&quot;disabled&quot;,&quot;stop_rollover&quot;:&quot;false&quot;,&quot;cache_pages&quot;:&quot;enabled&quot;,&quot;preload_images&quot;:&quot;enabled&quot;,&quot;preload_pages&quot;:&quot;enabled&quot;,&quot;preload_reach&quot;:&quot;1&quot;,&quot;spinner&quot;:&quot;builtin&quot;,&quot;spinner_image&quot;:&quot;https:\/\/wpml.org\/wp-content\/plugins\/wp-views\/res\/img\/ajax-loader.gif&quot;,&quot;callback_next&quot;:&quot;&quot;,&quot;manage_history&quot;:&quot;disabled&quot;,&quot;has_controls_in_form&quot;:&quot;disabled&quot;,&quot;infinite_tolerance&quot;:&quot;0&quot;,&quot;max_pages&quot;:0,&quot;page&quot;:1,&quot;base_permalink&quot;:&quot;\/vi\/wp-json\/wp\/v2\/pages\/15254320?wpv_view_count=6659809-CATTRa5f13f046c7dbe7f828fd5c3ee42dec3&amp;wpv_paged=WPV_PAGE_NUM&quot;,&quot;loop&quot;:{&quot;type&quot;:&quot;&quot;,&quot;name&quot;:&quot;&quot;,&quot;data&quot;:[],&quot;id&quot;:0}}\" data-permalink=\"\/vi\/wp-json\/wp\/v2\/pages\/15254320?wpv_view_count=6659809-CATTRa5f13f046c7dbe7f828fd5c3ee42dec3\">\n\n\t\n\t\n\t\t\n\t\t\t<h2 id=\"known-issues\">Known Issues<\/h2>\n\t\t\nKh\u00f4ng c\u00f3 v\u1ea5n \u0111\u1ec1 t\u01b0\u01a1ng th\u00edch ch\u01b0a \u0111\u01b0\u1ee3c gi\u1ea3i quy\u1ebft n\u00e0o gi\u1eefa plugin n\u00e0y v\u00e0 WPML. T\u00ecm ki\u1ebfm <a href=\"https:\/\/wpml.org\/known-issues\/\">t\u1ea5t c\u1ea3 c\u00e1c v\u1ea5n \u0111\u1ec1 \u0111\u00e3 bi\u1ebft<\/a>.\n\t\n<\/div>\n\n<h2 class=\"wp-block-heading\" id=\"getting-help\">T\u00ecm s\u1ef1 gi\u00fap \u0111\u1ee1<\/h2>\n\n<p>N\u1ebfu qu\u00fd v\u1ecb c\u1ea7n h\u1ed7 tr\u1ee3 d\u1ecbch trang web \u0111\u01b0\u1ee3c x\u00e2y d\u1ef1ng b\u1eb1ng Easy Digital Downloads v\u00e0 WPML, h\u00e3y truy c\u1eadp <a href=\"https:\/\/wpml.org\/forums\/forum\/english-support\/\" target=\"_blank\" rel=\"noreferrer noopener\">di\u1ec5n \u0111\u00e0n h\u1ed7 tr\u1ee3 c\u1ee7a WPML<\/a>.<\/p>\n","protected":false},"excerpt":{"rendered":"<p class=\"lead\">Qu\u00fd v\u1ecb c\u00f3 th\u1ec3 t\u1ea1o m\u1ed9t trang web th\u01b0\u01a1ng m\u1ea1i \u0111i\u1ec7n t\u1eed \u0111a ng\u00f4n ng\u1eef ho\u00e0n ch\u1ec9nh chuy\u00ean b\u00e1n c\u00e1c s\u1ea3n ph\u1ea9m k\u1ef9 thu\u1eadt s\u1ed1 b\u1eb1ng c\u00e1ch s\u1eed d\u1ee5ng Easy Digital Downloads v\u00e0 WPML. \u0110i\u1ec1u n\u00e0y gi\u00fap c\u00e1c s\u1ea3n ph\u1ea9m v\u00e0 c\u1eeda h\u00e0ng c\u00f3 th\u1ec3 d\u1ecbch \u0111\u01b0\u1ee3c, t\u1eeb \u0111\u00f3 cho ph\u00e9p kh\u00e1ch truy c\u1eadp chuy\u1ec3n \u0111\u1ed5i gi\u1eefa c\u00e1c ng\u00f4n ng\u1eef m\u1ed9t c\u00e1ch nhanh ch\u00f3ng, d\u1ec5 d\u00e0ng v\u00e0 \u0111\u1eb7t mua s\u1ea3n ph\u1ea9m b\u1eb1ng ng\u00f4n ng\u1eef c\u1ee7a ch\u00ednh h\u1ecd. <\/p>\n","protected":false},"author":538393,"featured_media":0,"parent":16317456,"menu_order":55,"comment_status":"closed","ping_status":"closed","template":"template-sidebar-2.php","meta":{"_bbp_topic_count":0,"_bbp_reply_count":0,"_bbp_total_topic_count":0,"_bbp_total_reply_count":0,"_bbp_voice_count":0,"_bbp_anonymous_reply_count":0,"_bbp_topic_count_hidden":0,"_bbp_reply_count_hidden":0,"_bbp_forum_subforum_count":0,"ep_exclude_from_search":false,"footnotes":""},"related-projects-category":[27786],"class_list":["post-15254320","page","type-page","status-publish","hentry","related-projects-category-e-commerce-vi"],"_links":{"self":[{"href":"https:\/\/wpml.org\/vi\/wp-json\/wp\/v2\/pages\/15254320","targetHints":{"allow":["GET"]}}],"collection":[{"href":"https:\/\/wpml.org\/vi\/wp-json\/wp\/v2\/pages"}],"about":[{"href":"https:\/\/wpml.org\/vi\/wp-json\/wp\/v2\/types\/page"}],"author":[{"embeddable":true,"href":"https:\/\/wpml.org\/vi\/wp-json\/wp\/v2\/users\/538393"}],"replies":[{"embeddable":true,"href":"https:\/\/wpml.org\/vi\/wp-json\/wp\/v2\/comments?post=15254320"}],"version-history":[{"count":8,"href":"https:\/\/wpml.org\/vi\/wp-json\/wp\/v2\/pages\/15254320\/revisions"}],"predecessor-version":[{"id":17854529,"href":"https:\/\/wpml.org\/vi\/wp-json\/wp\/v2\/pages\/15254320\/revisions\/17854529"}],"up":[{"embeddable":true,"href":"https:\/\/wpml.org\/vi\/wp-json\/wp\/v2\/pages\/16317456"}],"wp:attachment":[{"href":"https:\/\/wpml.org\/vi\/wp-json\/wp\/v2\/media?parent=15254320"}],"wp:term":[{"taxonomy":"related-projects-category","embeddable":true,"href":"https:\/\/wpml.org\/vi\/wp-json\/wp\/v2\/related-projects-category?post=15254320"}],"curies":[{"name":"wp","href":"https:\/\/api.w.org\/{rel}","templated":true}]}}