{"id":15254322,"date":"2014-06-13T10:48:14","date_gmt":"2014-06-13T10:48:14","guid":{"rendered":"https:\/\/wpml.org\/cac-du-an-lien-quan\/plugin-cong-cu-da-ngon-ngu\/"},"modified":"2025-09-10T08:49:16","modified_gmt":"2025-09-10T08:49:16","slug":"plugin-cong-cu-da-ngon-ngu","status":"publish","type":"page","link":"https:\/\/wpml.org\/vi\/tai-lieu-wpml\/thong-tin-nha-phat-trien\/plugin-cong-cu-da-ngon-ngu\/","title":{"rendered":"Plugin C\u00f4ng c\u1ee5 \u0111a ng\u00f4n ng\u1eef"},"content":{"rendered":"\n<div class=\"wp-block-toolset-blocks-container tb-container alignfull\" data-toolset-blocks-container=\"fdede197a056736e7322c161590b89a1\"><div class=\"tb-container-inner\">\n<p class=\"tb-heading has-text-color\" data-toolset-blocks-heading=\"0190bf5c0f5e682e6e1d8be7e6f401ac\" data-last-update=\"1.4\"><span><span><a href=\"https:\/\/wpml.org\/vi\/trang-chu\/\">Home<\/a><\/span><\/span><\/p>\n\n\n\n<div class=\"wp-block-toolset-blocks-grid tb-grid\" data-toolset-blocks-grid=\"4994ab091993c2c41b112f7268aa6088\">\n<div class=\"wp-block-toolset-blocks-grid-column tb-grid-column tb-grid-align-center\" data-toolset-blocks-grid-column=\"f586ff7bfe1d7317c63162ec7b7039ed\">\n<h1 class=\"tb-heading has-text-color\" data-toolset-blocks-heading=\"b686c8b3d4780754ef6585bd91a569b8\" data-last-update=\"1.4\">C\u00f4ng c\u1ee5 \u0111a ng\u00f4n ng\u1eef<\/h1>\n\n\n\n<div class=\"tb-fields-and-text\" data-toolset-blocks-fields-and-text=\"f74ad0754467fb071b00f80b6400d545\"><p>Ki\u1ec3m tra <span style=\"font-weight: 400;\">thi\u1ebft l\u1eadp c\u1ea5u h\u00ecnh v\u00e0 x\u00e1c nh\u1eadn plugin v\u00e0 ch\u1ee7 \u0111\u1ec1 c\u1ee7a b\u1ea1n t\u01b0\u01a1ng th\u00edch v\u1edbi WPML .<\/span><\/p><\/div>\n\n\n\n<div class=\"tb-button\" data-toolset-blocks-button=\"b69e6b25f23cdca210e401e28778418c\"><a class=\"tb-button__link\" href=\"https:\/\/github.com\/OnTheGoSystems\/multilingual-tools\" target=\"_blank\" rel=\"noopener\"><span class=\"tb-button__content\">T\u1ea3i xu\u1ed1ng Plugin<\/span><i class=\"tb-button__icon\"><\/i><\/a><\/div>\n<\/div>\n\n\n\n<div class=\"wp-block-toolset-blocks-grid-column tb-grid-column tb-grid-align-center\" data-toolset-blocks-grid-column=\"c77f65d01bb1c283e93f285b389d97af\">\n<div class=\"wp-block-toolset-blocks-container tb-container\" data-toolset-blocks-container=\"39d6c41ef896e9e4000cd0db5cad231e\"><\/div>\n<\/div>\n<\/div>\n<\/div><\/div>\n\n<div class=\"wp-block-toolset-blocks-container tb-container\" data-toolset-blocks-container=\"a03f28b68e7ebf56bfe1641740b90da2\"><div class=\"tb-container-inner\">\n<div class=\"wp-block-toolset-blocks-grid tb-grid\" data-toolset-blocks-grid=\"53ce567584c307825428d23825630ccf\">\n<div class=\"wp-block-toolset-blocks-grid-column tb-grid-column tb-grid-align-top wcml-sticky-top\" data-toolset-blocks-grid-column=\"f7f9a013a6074411e874a8d48900e955\">\n<p><strong>Tr\u00ean trang n\u00e0y<\/strong><\/p>\n\n\n\n<p class=\"tb-heading\" data-toolset-blocks-heading=\"d1d455b792d304584caa300e338ef016\" data-last-update=\"1.4\"><a href=\"#getting-started\">B\u1eaft \u0111\u1ea7u<\/a><\/p>\n\n\n\n<p class=\"tb-heading\" data-toolset-blocks-heading=\"b6a68071437b65e280e5ebbe2eb9be2e\" data-last-update=\"1.4\"><a href=\"#how-to\">C\u00e1ch s\u1eed d\u1ee5ng c\u00f4ng c\u1ee5 \u0111a ng\u00f4n ng\u1eef<\/a><\/p>\n\n\n\n<p class=\"tb-heading\" data-toolset-blocks-heading=\"d696b8be6ccef6966d53a93acf501838\" data-last-update=\"1.4\"><a href=\"#verify\">X\u00e1c minh c\u00e1c v\u0103n b\u1ea3n \u0111\u01b0\u1ee3c m\u00e3 h\u00f3a c\u1ee9ng \u0111\u01b0\u1ee3c bao b\u1ecdc trong c\u00e1c l\u1ec7nh g\u1ecdi Gettext<\/a><\/p>\n\n\n\n<p class=\"tb-heading\" data-toolset-blocks-heading=\"d696b8be6ccef6966d53a93acf501838\" data-last-update=\"1.4\"><a href=\"#scan\">Qu\u00e9t ch\u1ee7 \u0111\u1ec1 v\u00e0 plugin c\u1ee7a b\u1ea1n \u0111\u1ec3 t\u00ecm v\u0103n b\u1ea3n<\/a><\/p>\n\n\n\n<p class=\"tb-heading\" data-toolset-blocks-heading=\"d696b8be6ccef6966d53a93acf501838\" data-last-update=\"1.4\"><a href=\"#choose\">Ch\u1ecdn c\u00e1c y\u1ebfu t\u1ed1 \u0111\u1ec3 ki\u1ec3m tra<\/a><\/p>\n\n\n\n<p class=\"tb-heading\" data-toolset-blocks-heading=\"d696b8be6ccef6966d53a93acf501838\" data-last-update=\"1.4\"><a href=\"#send\">G\u1eedi n\u1ed9i dung \u0111\u1ec3 d\u1ecbch<\/a><\/p>\n\n\n\n<p class=\"tb-heading\" data-toolset-blocks-heading=\"c300fbd3038fde48313a1766838adbf9\" data-last-update=\"1.4\"><a href=\"#confirm\">X\u00e1c nh\u1eadn kh\u1ea3 n\u0103ng t\u01b0\u01a1ng th\u00edch<\/a><\/p>\n\n\n\n<p class=\"tb-heading\" data-toolset-blocks-heading=\"c300fbd3038fde48313a1766838adbf9\" data-last-update=\"1.4\"><a href=\"#register-for-translation\">L\u00e0m cho c\u00e1c kh\u1ed1i Elementor v\u00e0 Gutenberg c\u00f3 th\u1ec3 d\u1ecbch \u0111\u01b0\u1ee3c<\/a><\/p>\n\n\n\n<p class=\"tb-heading\" data-toolset-blocks-heading=\"3527d878ad14a7af15023b7352efc4aa\" data-last-update=\"1.4\"><a href=\"#generate\">T\u1ea1o t\u1ec7p c\u1ea5u h\u00ecnh ng\u00f4n ng\u1eef<\/a><\/p>\n<\/div>\n\n\n\n<div class=\"wp-block-toolset-blocks-grid-column tb-grid-column tb-grid-align-top product-page-content\" data-toolset-blocks-grid-column=\"613ca808c900d7f6c7303b84383bbf91\">\n<p>Multilingual Tools l\u00e0 ti\u1ec7n \u00edch b\u1ed5 sung mi\u1ec5n ph\u00ed \u0111\u1ec3 ki\u1ec3m tra kh\u1ea3 n\u0103ng t\u01b0\u01a1ng th\u00edch c\u1ee7a plugin v\u00e0 ch\u1ee7 \u0111\u1ec1 c\u1ee7a b\u1ea1n v\u1edbi WPML .  <\/p>\n\n\n\n<p>B\u1eb1ng c\u00e1ch s\u1eed d\u1ee5ng ti\u1ec7n \u00edch b\u1ed5 sung n\u00e0y, b\u1ea1n c\u00f3 th\u1ec3 x\u00e1c \u0111\u1ecbnh v\u0103n b\u1ea3n v\u00e0 th\u00e0nh ph\u1ea7n n\u00e0o \u0111\u01b0\u1ee3c c\u1ea5u h\u00ecnh ph\u00f9 h\u1ee3p \u0111\u1ec3 d\u1ecbch (v\u00e0 v\u0103n b\u1ea3n v\u00e0 th\u00e0nh ph\u1ea7n n\u00e0o kh\u00f4ng) c\u0169ng nh\u01b0 t\u1ea1o <a href=\"https:\/\/wpml.org\/vi\/thong-tin-nha-phat-trien\/tep-cau-hinh-ngon-ngu-wpml\/\">t\u1ec7p c\u1ea5u h\u00ecnh ng\u00f4n ng\u1eef<\/a> .<\/p>\n\n\n\n<div style=\"height:10px\" aria-hidden=\"true\" class=\"wp-block-spacer\"><\/div>\n\n\n\n<h2 class=\"wp-block-heading\" id=\"getting-started\">B\u1eaft \u0111\u1ea7u<\/h2>\n\n\n\n<p>\u0110\u1ec3 b\u1eaft \u0111\u1ea7u, h\u00e3y c\u00e0i \u0111\u1eb7t v\u00e0 k\u00edch ho\u1ea1t:  <\/p>\n\n\n\n<ul class=\"wp-block-list\">\n<li>WPML<\/li>\n\n\n\n<li><a href=\"https:\/\/github.com\/OnTheGoSystems\/multilingual-tools\" target=\"_blank\" rel=\"noreferrer noopener\">C\u00f4ng c\u1ee5 \u0111a ng\u00f4n ng\u1eef<\/a><\/li>\n\n\n\n<li>C\u00e1c plugin\/ch\u1ee7 \u0111\u1ec1 b\u1ea1n mu\u1ed1n th\u1eed nghi\u1ec7m<\/li>\n<\/ul>\n\n\n\n<p>H\u00e3y nh\u1edb r\u1eb1ng Multilingual Tools l\u00e0 m\u1ed9t plugin th\u1eed nghi\u1ec7m, v\u00ec v\u1eady <strong>\u0111\u1eebng bao gi\u1edd<\/strong> s\u1eed d\u1ee5ng n\u00f3 tr\u00ean c\u00e1c trang web ch\u00ednh th\u1ee9c ho\u1eb7c trang web c\u1ee7a kh\u00e1ch h\u00e0ng.  <\/p>\n\n\n\n<div style=\"height:10px\" aria-hidden=\"true\" class=\"wp-block-spacer\"><\/div>\n\n\n\n<h2 class=\"wp-block-heading\" id=\"how-to\">C\u00e1ch s\u1eed d\u1ee5ng c\u00f4ng c\u1ee5 \u0111a ng\u00f4n ng\u1eef<\/h2>\n\n\n\n<p>\u0110\u1ec3 b\u1eaft \u0111\u1ea7u, h\u00e3y v\u00e0o <strong>C\u00f4ng c\u1ee5 \u0111a ng\u00f4n ng\u1eef<\/strong> \u2192 <strong>T\u1ed5ng quan<\/strong> \u0111\u1ec3 xem t\u00f3m t\u1eaft v\u1ec1 t\u1ec7p c\u1ea5u h\u00ecnh ng\u00f4n ng\u1eef hi\u1ec7n t\u1ea1i c\u1ee7a b\u1ea1n.<\/p>\n\n\n\n<figure class=\"wp-block-image tb-image tb-image-dynamic tb-image-frame-none\" data-toolset-blocks-image=\"0de2af71fe6f65d15963045b54289c06\"><a href=\"https:\/\/wpml.org\/wp-content\/uploads\/2024\/08\/Multilingual-Tools-Overview-page-1.png\"><img decoding=\"async\" width=\"1640\" height=\"1068\" loading=\"lazy\" src=\"https:\/\/wpml.org\/wp-content\/uploads\/2024\/08\/Multilingual-Tools-Overview-page-1.png\" alt=\"\" class=\"wp-image-16124394\" srcset=\"https:\/\/wpml.org\/wp-content\/uploads\/2024\/08\/Multilingual-Tools-Overview-page-1.png 1640w, https:\/\/wpml.org\/wp-content\/uploads\/2024\/08\/Multilingual-Tools-Overview-page-1-300x195.png 300w, https:\/\/wpml.org\/wp-content\/uploads\/2024\/08\/Multilingual-Tools-Overview-page-1-1024x667.png 1024w, https:\/\/wpml.org\/wp-content\/uploads\/2024\/08\/Multilingual-Tools-Overview-page-1-150x98.png 150w, https:\/\/wpml.org\/wp-content\/uploads\/2024\/08\/Multilingual-Tools-Overview-page-1-768x500.png 768w, https:\/\/wpml.org\/wp-content\/uploads\/2024\/08\/Multilingual-Tools-Overview-page-1-1536x1000.png 1536w\" sizes=\"auto, (max-width: 1640px) 100vw, 1640px\" \/><\/a><figcaption><div class=\"tb-image-caption\">Trang t\u1ed5ng quan v\u1ec1 C\u00f4ng c\u1ee5 \u0111a ng\u00f4n ng\u1eef<\/div><\/figcaption><\/figure>\n\n\n\n<p>N\u1ebfu b\u1ea1n h\u00e0i l\u00f2ng v\u1edbi thi\u1ebft l\u1eadp c\u1ea5u h\u00ecnh c\u1ee7a m\u00ecnh, h\u00e3y l\u00e0m theo c\u00e1c b\u01b0\u1edbc d\u01b0\u1edbi \u0111\u00e2y \u0111\u1ec3 ki\u1ec3m tra. N\u1ebfu kh\u00f4ng, <a href=\"#generate\">h\u00e3y t\u1ea1o t\u1ec7p c\u1ea5u h\u00ecnh ng\u00f4n ng\u1eef m\u1edbi<\/a> \u0111\u1ec3 c\u1eadp nh\u1eadt c\u00e0i \u0111\u1eb7t c\u1ee7a b\u1ea1n. <\/p>\n\n\n\n<div style=\"height:10px\" aria-hidden=\"true\" class=\"wp-block-spacer\"><\/div>\n\n\n\n<h3 class=\"wp-block-heading\" id=\"verify\"><a><\/a>1. X\u00e1c minh c\u00e1c v\u0103n b\u1ea3n \u0111\u01b0\u1ee3c m\u00e3 h\u00f3a c\u1ee9ng \u0111\u01b0\u1ee3c bao b\u1ecdc trong c\u00e1c l\u1ec7nh g\u1ecdi Gettext<\/h3>\n\n\n\n<p>\u0110\u1ec3 d\u1ecbch plugin ho\u1eb7c theme c\u1ee7a b\u1ea1n, b\u1ea1n c\u1ea7n b\u1ecdc t\u1ea5t c\u1ea3 c\u00e1c \u0111o\u1ea1n v\u0103n b\u1ea3n c\u1ee9ng b\u1eb1ng c\u00e1c l\u1ec7nh g\u1ecdi <strong>gettext<\/strong>. N\u1ebfu b\u1ea1n ch\u01b0a l\u00e0m \u0111i\u1ec1u n\u00e0y ho\u1eb7c mu\u1ed1n ki\u1ec3m tra l\u1ea1i c\u00e0i \u0111\u1eb7t c\u1ee7a m\u00ecnh, h\u00e3y l\u00e0m theo <a href=\"https:\/\/ptc.wpml.org\/documentation\/translate-wordpress-themes-and-plugins-with-ai\/#internationalization\" target=\"_blank\" rel=\"noreferrer noopener\">h\u01b0\u1edbng d\u1eabn i18n WordPress<\/a> \u0111\u1ec3 \u0111\u01b0\u1ee3c ch\u1ec9 d\u1eabn. <\/p>\n\n\n\n<div style=\"height:10px\" aria-hidden=\"true\" class=\"wp-block-spacer\"><\/div>\n\n\n\n<h3 class=\"wp-block-heading\" id=\"scan\"><a><\/a>2. Qu\u00e9t Plugin ho\u1eb7c Theme c\u1ee7a b\u1ea1n \u0111\u1ec3 t\u00ecm V\u0103n b\u1ea3n \u0111\u01b0\u1ee3c M\u00e3 h\u00f3a C\u1ee9ng<\/h3>\n\n\n\n<p>Ti\u1ebfp theo, s\u1eed d\u1ee5ng WPML \u0111\u1ec3 qu\u00e9t plugin ho\u1eb7c ch\u1ee7 \u0111\u1ec1 c\u1ee7a b\u1ea1n \u0111\u1ec3 t\u00ecm v\u0103n b\u1ea3n \u0111\u01b0\u1ee3c m\u00e3 h\u00f3a c\u1ee9ng:<\/p>\n\n\n\n<ol start=\"1\" class=\"wp-block-list\">\n<li>V\u00e0o <strong>WPML<\/strong> \u2192 <strong>B\u1ea3n \u0111\u1ecba h\u00f3a ch\u1ee7 \u0111\u1ec1 v\u00e0 plugin<\/strong> .<\/li>\n\n\n\n<li>Ch\u1ecdn ch\u1ee7 \u0111\u1ec1 ho\u1eb7c plugin c\u1ee7a b\u1ea1n v\u00e0 qu\u00e9t v\u0103n b\u1ea3n.<\/li>\n<\/ol>\n\n\n\n<figure class=\"wp-block-image tb-image tb-image-dynamic tb-image-frame-none\" data-toolset-blocks-image=\"7ed8a5f5ef655f332d40417eff882e2e\"><a href=\"https:\/\/wpml.org\/wp-content\/uploads\/2024\/08\/Scanning-texts-in-theme-1.png\"><img decoding=\"async\" width=\"1024\" height=\"637\" loading=\"lazy\" src=\"https:\/\/wpml.org\/wp-content\/uploads\/2024\/08\/Scanning-texts-in-theme-1-1024x637.png\" alt=\"\" class=\"wp-image-16124414\" srcset=\"https:\/\/wpml.org\/wp-content\/uploads\/2024\/08\/Scanning-texts-in-theme-1-1024x637.png 1024w, https:\/\/wpml.org\/wp-content\/uploads\/2024\/08\/Scanning-texts-in-theme-1-300x187.png 300w, https:\/\/wpml.org\/wp-content\/uploads\/2024\/08\/Scanning-texts-in-theme-1-150x93.png 150w, https:\/\/wpml.org\/wp-content\/uploads\/2024\/08\/Scanning-texts-in-theme-1-768x478.png 768w, https:\/\/wpml.org\/wp-content\/uploads\/2024\/08\/Scanning-texts-in-theme-1.png 1515w\" sizes=\"auto, (max-width: 1024px) 100vw, 1024px\" \/><\/a><figcaption><div class=\"tb-image-caption\">Qu\u00e9t v\u0103n b\u1ea3n theo ch\u1ee7 \u0111\u1ec1<br\/><\/div><\/figcaption><\/figure>\n\n\n\n<h3 class=\"wp-block-heading\" id=\"choose\">3. Ch\u1ecdn c\u00e1c y\u1ebfu t\u1ed1 \u0111\u1ec3 ki\u1ec3m tra<\/h3>\n\n\n\n<p>Ti\u1ebfp theo, ch\u1ecdn c\u00e1c th\u00e0nh ph\u1ea7n m\u00e0 b\u1ea1n mu\u1ed1n ki\u1ec3m tra thi\u1ebft l\u1eadp c\u1ea5u h\u00ecnh:<\/p>\n\n\n\n<ol start=\"1\" class=\"wp-block-list\">\n<li>V\u00e0o <strong>C\u00f4ng c\u1ee5 \u0111a ng\u00f4n ng\u1eef<\/strong> \u2192 <strong>C\u00e0i \u0111\u1eb7t<\/strong> .<\/li>\n\n\n\n<li>Cu\u1ed9n xu\u1ed1ng \u0111\u1ec3 <strong>Th\u00eam th\u00f4ng tin ng\u00f4n ng\u1eef \u0111\u1ec3 \u0111\u0103ng b\u00e0i tr\u00f9ng l\u1eb7p<\/strong> .<\/li>\n\n\n\n<li>\u0110\u00e1nh d\u1ea5u c\u00e1c ph\u1ea7n t\u1eed b\u1ea1n mu\u1ed1n ki\u1ec3m tra v\u00e0 l\u01b0u.<\/li>\n<\/ol>\n\n\n\n<figure class=\"wp-block-image tb-image tb-image-dynamic tb-image-frame-none\" data-toolset-blocks-image=\"2628accc80e1b3a6577b638a3d90a434\"><a href=\"https:\/\/wpml.org\/wp-content\/uploads\/2024\/08\/Choosing-elements-to-test-1.png\"><img decoding=\"async\" width=\"1516\" height=\"941\" loading=\"lazy\" src=\"https:\/\/wpml.org\/wp-content\/uploads\/2024\/08\/Choosing-elements-to-test-1.png\" alt=\"\" class=\"wp-image-16124428\" srcset=\"https:\/\/wpml.org\/wp-content\/uploads\/2024\/08\/Choosing-elements-to-test-1.png 1516w, https:\/\/wpml.org\/wp-content\/uploads\/2024\/08\/Choosing-elements-to-test-1-300x186.png 300w, https:\/\/wpml.org\/wp-content\/uploads\/2024\/08\/Choosing-elements-to-test-1-1024x636.png 1024w, https:\/\/wpml.org\/wp-content\/uploads\/2024\/08\/Choosing-elements-to-test-1-150x93.png 150w, https:\/\/wpml.org\/wp-content\/uploads\/2024\/08\/Choosing-elements-to-test-1-768x477.png 768w\" sizes=\"auto, (max-width: 1516px) 100vw, 1516px\" \/><\/a><figcaption><div class=\"tb-image-caption\">Ch\u1ecdn c\u00e1c y\u1ebfu t\u1ed1 \u0111\u1ec3 ki\u1ec3m tra<\/div><\/figcaption><\/figure>\n\n\n\n<p>\u0110\u1ec3 ki\u1ec3m tra chu\u1ed7i, h\u00e3y m\u1edf danh s\u00e1ch th\u1ea3 xu\u1ed1ng chu\u1ed7i trong ph\u1ea7n <strong>T\u1ef1 \u0111\u1ed9ng t\u1ea1o b\u1ea3n d\u1ecbch chu\u1ed7i<\/strong> , ch\u1ecdn ngu\u1ed3n chu\u1ed7i c\u1ee7a b\u1ea1n v\u00e0 nh\u1ea5p v\u00e0o <strong>T\u1ea1o b\u1ea3n d\u1ecbch chu\u1ed7i<\/strong> .<\/p>\n\n\n\n<div style=\"height:5px\" aria-hidden=\"true\" class=\"wp-block-spacer\"><\/div>\n\n\n\n<h3 class=\"wp-block-heading\" id=\"send\"><a><\/a>4. G\u1eedi n\u1ed9i dung \u0111\u1ec3 d\u1ecbch<\/h3>\n\n\n\n<p>\u0110\u1ec3 tr\u00e1nh m\u1ea5t th\u1eddi gian (ho\u1eb7c ti\u1ec1n b\u1ea1c) khi d\u1ecbch n\u1ed9i dung gi\u1ea3, Multilingual Tools s\u1ebd th\u00eam ti\u1ec1n t\u1ed1 ng\u00f4n ng\u1eef v\u00e0o v\u0103n b\u1ea3n. \u0110\u1ec3 th\u1ef1c hi\u1ec7n h\u00e0nh \u0111\u1ed9ng n\u00e0y, <strong>h\u00e3y sao ch\u00e9p<\/strong> n\u1ed9i dung c\u1ee7a b\u1ea1n b\u1eb1ng WPML v\u00e0 \u0111\u1ec3 Multilingual Tools x\u1eed l\u00fd ph\u1ea7n c\u00f2n l\u1ea1i: <\/p>\n\n\n\n<ol start=\"1\" class=\"wp-block-list\">\n<li>\u0110i t\u1edbi <strong>WPML <\/strong>\u2192 <strong>b\u1ea3ng \u0111i\u1ec1u khi\u1ec3n d\u1ecbch thu\u1eadt<\/strong>.<\/li>\n\n\n\n<li>Ch\u1ecdn n\u1ed9i dung b\u1ea1n mu\u1ed1n ki\u1ec3m tra.<\/li>\n\n\n\n<li>Ch\u1ecdn <strong>Duplicate<\/strong> l\u00e0m ph\u01b0\u01a1ng ph\u00e1p d\u1ecbch v\u00e0 d\u1ecbch.  <\/li>\n<\/ol>\n\n\n\n<div style=\"height:20px\" aria-hidden=\"true\" class=\"wp-block-spacer\"><\/div>\n\n\n\n<h3 class=\"wp-block-heading\" id=\"confirm\"><a><\/a>5. X\u00e1c nh\u1eadn kh\u1ea3 n\u0103ng t\u01b0\u01a1ng th\u00edch<\/h3>\n\n\n\n<p>Cu\u1ed1i c\u00f9ng, h\u00e3y truy c\u1eadp n\u1ed9i dung b\u1ea1n v\u1eeba d\u1ecbch \u1edf giao di\u1ec7n ng\u01b0\u1eddi d\u00f9ng v\u00e0 chuy\u1ec3n \u0111\u1ed5i ng\u00f4n ng\u1eef. C\u00e1c th\u00e0nh ph\u1ea7n c\u1ee7a b\u1ea1n t\u01b0\u01a1ng th\u00edch n\u1ebfu v\u0103n b\u1ea3n c\u00f3 ti\u1ec1n t\u1ed1 ng\u00f4n ng\u1eef. N\u1ebfu m\u1ed9t s\u1ed1 v\u0103n b\u1ea3n kh\u00f4ng c\u00f3 ti\u1ec1n t\u1ed1, ch\u00fang kh\u00f4ng t\u01b0\u01a1ng th\u00edch v\u00e0 c\u1ea7n c\u1ea5u h\u00ecnh b\u1ed5 sung.  <\/p>\n\n\n\n<figure class=\"wp-block-image tb-image tb-image-dynamic tb-image-frame-none\" data-toolset-blocks-image=\"8b6da16759908e532eea9919a0e0990e\"><a href=\"https:\/\/wpml.org\/wp-content\/uploads\/2024\/08\/Checking-compatibility-on-front-end-1.png\"><img decoding=\"async\" width=\"1285\" height=\"799\" loading=\"lazy\" src=\"https:\/\/wpml.org\/wp-content\/uploads\/2024\/08\/Checking-compatibility-on-front-end-1.png\" alt=\"\" class=\"wp-image-16124443\" srcset=\"https:\/\/wpml.org\/wp-content\/uploads\/2024\/08\/Checking-compatibility-on-front-end-1.png 1285w, https:\/\/wpml.org\/wp-content\/uploads\/2024\/08\/Checking-compatibility-on-front-end-1-300x187.png 300w, https:\/\/wpml.org\/wp-content\/uploads\/2024\/08\/Checking-compatibility-on-front-end-1-1024x637.png 1024w, https:\/\/wpml.org\/wp-content\/uploads\/2024\/08\/Checking-compatibility-on-front-end-1-150x93.png 150w, https:\/\/wpml.org\/wp-content\/uploads\/2024\/08\/Checking-compatibility-on-front-end-1-768x478.png 768w\" sizes=\"auto, (max-width: 1285px) 100vw, 1285px\" \/><\/a><figcaption><div class=\"tb-image-caption\">Ki\u1ec3m tra kh\u1ea3 n\u0103ng t\u01b0\u01a1ng th\u00edch \u1edf ph\u00eda tr\u01b0\u1edbc<\/div><\/figcaption><\/figure>\n\n\n\n<h2 class=\"wp-block-heading\" id=\"register-for-translation\">L\u00e0m cho c\u00e1c kh\u1ed1i Elementor v\u00e0 Gutenberg t\u00f9y ch\u1ec9nh c\u00f3 th\u1ec3 d\u1ecbch \u0111\u01b0\u1ee3c<\/h2>\n\n\n\n<p>N\u1ebfu plugin c\u1ee7a b\u1ea1n s\u1eed d\u1ee5ng widget Elementor ho\u1eb7c kh\u1ed1i Gutenberg , plugin <strong>Multilingual Tools<\/strong> gi\u00fap b\u1ea1n d\u1ec5 d\u00e0ng d\u1ecbch ch\u00fang h\u01a1n. Plugin t\u1ea1o phi\u00ean b\u1ea3n \u0111\u1ea7u ti\u00ean c\u1ee7a m\u00e3 XML m\u00e0 b\u1ea1n c\u1ea7n \u0111\u1ec3 \u0111\u0103ng k\u00fd widget v\u00e0 kh\u1ed1i, do \u0111\u00f3 b\u1ea1n kh\u00f4ng ph\u1ea3i t\u1ea1o l\u1ea1i t\u1eeb \u0111\u1ea7u. <\/p>\n\n\n\n<p>Ki\u1ec3m tra c\u00e1ch <a href=\"https:\/\/wpml.org\/documentation\/support\/language-configuration-files\/make-custom-gutenberg-blocks-translatable\/\">t\u1ea1o c\u00e1c kh\u1ed1i Gutenberg t\u00f9y ch\u1ec9nh c\u00f3 th\u1ec3 d\u1ecbch \u0111\u01b0\u1ee3c<\/a> v\u00e0 <a href=\"https:\/\/wpml.org\/documentation\/support\/multilingual-tools\/registering-custom-elementor-widgets-for-translation\/\">c\u00e1ch \u0111\u0103ng k\u00fd c\u00e1c ti\u1ec7n \u00edch Elementor t\u00f9y ch\u1ec9nh<\/a> .<\/p>\n\n\n\n<h2 class=\"wp-block-heading\" id=\"generate\">T\u1ea1o t\u1ec7p c\u1ea5u h\u00ecnh ng\u00f4n ng\u1eef<\/h2>\n\n\n\n<p>\u0110\u1ec3 t\u1ea1o t\u1ec7p c\u1ea5u h\u00ecnh ng\u00f4n ng\u1eef, h\u00e3y v\u00e0o <strong>C\u00f4ng c\u1ee5 \u0111a ng\u00f4n ng\u1eef<\/strong> \u2192 <strong>T\u1ec7p c\u1ea5u h\u00ecnh<\/strong> v\u00e0 thi\u1ebft l\u1eadp t\u00f9y ch\u1ecdn c\u1ee7a b\u1ea1n.<\/p>\n\n\n\n<h3 class=\"wp-block-heading\" id=\"settings\"><a><\/a>T\u1ed5ng quan v\u1ec1 c\u00e0i \u0111\u1eb7t<\/h3>\n\n\n\n<p><strong>Lo\u1ea1i b\u00e0i \u0111\u0103ng t\u00f9y ch\u1ec9nh \/ Ph\u00e2n lo\u1ea1i t\u00f9y ch\u1ec9nh<\/strong><\/p>\n\n\n\n<ul class=\"wp-block-list\">\n<li><strong>Kh\u00f4ng l\u00e0m g\u00ec c\u1ea3<\/strong> \u2013 b\u1ecf qua v\u00e0 kh\u00f4ng d\u1ecbch<\/li>\n\n\n\n<li><strong>C\u00f3 th\u1ec3 d\u1ecbch<\/strong> \u2013 ch\u1ec9 hi\u1ec3n th\u1ecb c\u00e1c m\u1ee5c \u0111\u00e3 d\u1ecbch<\/li>\n\n\n\n<li><strong>C\u00f3 th\u1ec3 d\u1ecbch<\/strong> \u2013 s\u1eed d\u1ee5ng b\u1ea3n d\u1ecbch n\u1ebfu c\u00f3 th\u1ec3 ho\u1eb7c chuy\u1ec3n sang ng\u00f4n ng\u1eef m\u1eb7c \u0111\u1ecbnh<\/li>\n<\/ul>\n\n\n\n<p><strong>Tr\u01b0\u1eddng t\u00f9y ch\u1ec9nh<\/strong><\/p>\n\n\n\n<ul class=\"wp-block-list\">\n<li><strong>\u0110\u1eebng d\u1ecbch<\/strong> \u2013 b\u1ecf qua v\u00e0 \u0111\u1eebng d\u1ecbch<\/li>\n\n\n\n<li><strong>Sao ch\u00e9p<\/strong> \u2013 sao ch\u00e9p gi\u00e1 tr\u1ecb t\u1eeb ng\u00f4n ng\u1eef m\u1eb7c \u0111\u1ecbnh v\u00e0 \u0111\u1ed3ng b\u1ed9 (t\u1ed1t cho s\u1ed1)<\/li>\n\n\n\n<li><strong>Sao ch\u00e9p m\u1ed9t l\u1ea7n<\/strong> \u2013 ch\u1ec9 sao ch\u00e9p gi\u00e1 tr\u1ecb t\u1eeb ng\u00f4n ng\u1eef m\u1eb7c \u0111\u1ecbnh m\u1ed9t l\u1ea7n (th\u00edch h\u1ee3p \u0111\u1ec3 t\u1ea1o c\u00e1c gi\u00e1 tr\u1ecb tr\u01b0\u1eddng kh\u00e1c nhau cho m\u1ed7i ng\u00f4n ng\u1eef)<\/li>\n\n\n\n<li><strong>D\u1ecbch<\/strong> \u2013 d\u1ecbch sang c\u00e1c ng\u00f4n ng\u1eef kh\u00e1c<\/li>\n<\/ul>\n\n\n\n<p><strong>V\u0103n b\u1ea3n qu\u1ea3n tr\u1ecb<\/strong><\/p>\n\n\n\n<p>\u0110\u0103ng k\u00fd chu\u1ed7i trong b\u1ea3ng <strong>wp_options<\/strong> \u0111\u1ec3 d\u1ecbch. V\u00ed d\u1ee5, ti\u00eau \u0111\u1ec1 trang web ho\u1eb7c c\u00e0i \u0111\u1eb7t ti\u1ec7n \u00edch th\u01b0\u1eddng \u0111\u01b0\u1ee3c l\u01b0u tr\u1eef trong b\u1ea3ng n\u00e0y. B\u1eb1ng c\u00e1ch \u0111\u0103ng k\u00fd ch\u00fang trong t\u1ec7p c\u1ea5u h\u00ecnh, b\u1ea1n \u0111\u1ea3m b\u1ea3o ng\u01b0\u1eddi d\u00f9ng c\u00f3 th\u1ec3 d\u1ecbch ch\u00fang.  <\/p>\n\n\n\n<p><strong>M\u00e3 ng\u1eafn<\/strong><\/p>\n\n\n\n<p>\u0110\u0103ng k\u00fd v\u0103n b\u1ea3n ho\u1eb7c thu\u1ed9c t\u00ednh trong m\u00e3 ng\u1eafn \u0111\u1ec3 d\u1ecbch.<\/p>\n<\/div>\n<\/div>\n<\/div><\/div>\n","protected":false},"excerpt":{"rendered":"","protected":false},"author":2,"featured_media":0,"parent":15654431,"menu_order":89,"comment_status":"closed","ping_status":"closed","template":"template-full.php","meta":{"_bbp_topic_count":0,"_bbp_reply_count":0,"_bbp_total_topic_count":0,"_bbp_total_reply_count":0,"_bbp_voice_count":0,"_bbp_anonymous_reply_count":0,"_bbp_topic_count_hidden":0,"_bbp_reply_count_hidden":0,"_bbp_forum_subforum_count":0,"_uag_custom_page_level_css":"","ep_exclude_from_search":false,"footnotes":""},"related-projects-category":[27885],"class_list":["post-15254322","page","type-page","status-publish","hentry","related-projects-category-cong-cu-kiem-tra"],"spectra_custom_meta":{"ratings_users":["0"],"ratings_score":["0"],"ratings_average":["0"],"_subscription_coupon_product_id":["0"],"_wpv_contains_gutenberg_views":[""],"_alp_processed":["1757494156"],"_views_template":["0"],"wpcf-unformatted-code":[""],"_wpml_media_duplicate":["0"],"_wpml_media_featured":["1"],"wpcf-price-increase-show-from":[""],"wpcf-price-increase-show-till":[""],"_wp_page_template":["template-full.php"],"_last_translation_edit_mode":["translation-editor"],"toolset_post_editor_mode":["block"],"cmplz_hide_cookiebanner":[""],"wpcf-price-increase-content":[""],"wpcf-login-box-title":[""],"wpcf-page-content":[""],"_yoast_wpseo_primary_related-projects-category":["26977"],"_wpml_word_count":["1082"],"_yoast_wpseo_metadesc":["S\u1eed d\u1ee5ng plugin Multilingual Tools \u0111\u1ec3 ki\u1ec3m tra thi\u1ebft l\u1eadp c\u1ea5u h\u00ecnh v\u00e0 x\u00e1c nh\u1eadn plugin v\u00e0 ch\u1ee7 \u0111\u1ec1 c\u1ee7a b\u1ea1n t\u01b0\u01a1ng th\u00edch v\u1edbi WPML ."],"_uag_css_file_name":["uag-css-15254322.css"],"_uag_page_assets":["a:9:{s:3:\"css\";s:260:\".uag-blocks-common-selector{z-index:var(--z-index-desktop) !important}@media(max-width: 976px){.uag-blocks-common-selector{z-index:var(--z-index-tablet) !important}}@media(max-width: 767px){.uag-blocks-common-selector{z-index:var(--z-index-mobile) !important}}\";s:2:\"js\";s:0:\"\";s:18:\"current_block_list\";a:13:{i:0;s:24:\"toolset-blocks\/container\";i:1;s:22:\"toolset-blocks\/heading\";i:2;s:19:\"toolset-blocks\/grid\";i:3;s:26:\"toolset-blocks\/grid-column\";i:4;s:30:\"toolset-blocks\/fields-and-text\";i:5;s:21:\"toolset-blocks\/button\";i:9;s:14:\"core\/paragraph\";i:10;s:11:\"core\/spacer\";i:11;s:12:\"core\/heading\";i:12;s:9:\"core\/list\";i:13;s:14:\"core\/list-item\";i:14;s:20:\"toolset-blocks\/image\";i:15;s:14:\"core\/shortcode\";}s:8:\"uag_flag\";b:0;s:11:\"uag_version\";s:10:\"1778104582\";s:6:\"gfonts\";a:0:{}s:10:\"gfonts_url\";s:0:\"\";s:12:\"gfonts_files\";a:0:{}s:14:\"uag_faq_layout\";b:0;}"]},"uagb_featured_image_src":{"full":false,"thumbnail":false,"medium":false,"medium_large":false,"large":false,"1536x1536":false,"2048x2048":false,"gform-image-choice-sm":false,"gform-image-choice-md":false,"gform-image-choice-lg":false,"woocommerce_thumbnail":false,"woocommerce_single":false,"woocommerce_gallery_thumbnail":false},"uagb_author_info":{"display_name":"Amir","author_link":"https:\/\/wpml.org\/vi\/author\/amir\/"},"uagb_comment_info":0,"uagb_excerpt":null,"_links":{"self":[{"href":"https:\/\/wpml.org\/vi\/wp-json\/wp\/v2\/pages\/15254322","targetHints":{"allow":["GET"]}}],"collection":[{"href":"https:\/\/wpml.org\/vi\/wp-json\/wp\/v2\/pages"}],"about":[{"href":"https:\/\/wpml.org\/vi\/wp-json\/wp\/v2\/types\/page"}],"author":[{"embeddable":true,"href":"https:\/\/wpml.org\/vi\/wp-json\/wp\/v2\/users\/2"}],"replies":[{"embeddable":true,"href":"https:\/\/wpml.org\/vi\/wp-json\/wp\/v2\/comments?post=15254322"}],"version-history":[{"count":7,"href":"https:\/\/wpml.org\/vi\/wp-json\/wp\/v2\/pages\/15254322\/revisions"}],"predecessor-version":[{"id":17389611,"href":"https:\/\/wpml.org\/vi\/wp-json\/wp\/v2\/pages\/15254322\/revisions\/17389611"}],"up":[{"embeddable":true,"href":"https:\/\/wpml.org\/vi\/wp-json\/wp\/v2\/pages\/15654431"}],"wp:attachment":[{"href":"https:\/\/wpml.org\/vi\/wp-json\/wp\/v2\/media?parent=15254322"}],"wp:term":[{"taxonomy":"related-projects-category","embeddable":true,"href":"https:\/\/wpml.org\/vi\/wp-json\/wp\/v2\/related-projects-category?post=15254322"}],"curies":[{"name":"wp","href":"https:\/\/api.w.org\/{rel}","templated":true}]}}