{"id":15257573,"date":"2020-01-20T11:59:52","date_gmt":"2020-01-20T11:59:52","guid":{"rendered":"https:\/\/wpml.org\/cac-du-an-lien-quan\/tao-bieu-mau-da-ngon-ngu-bang-wpforms-va-wpml\/"},"modified":"2026-02-26T07:09:25","modified_gmt":"2026-02-26T07:09:25","slug":"tao-bieu-mau-da-ngon-ngu-bang-wpforms-va-wpml","status":"publish","type":"page","link":"https:\/\/wpml.org\/vi\/tai-lieu-wpml\/cac-du-an-lien-quan\/tao-bieu-mau-da-ngon-ngu-bang-wpforms-va-wpml\/","title":{"rendered":"T\u1ea1o bi\u1ec3u m\u1eabu \u0111a ng\u00f4n ng\u1eef b\u1eb1ng WPForms v\u00e0 WPML"},"content":{"rendered":"\n<div class=\"wp-block-toolset-blocks-container tb-container alignfull\" data-toolset-blocks-container=\"94dd78864cc45c0d76f651c04a8537d4\"><div class=\"tb-container-inner\">\n<p class=\"tb-heading has-text-color\" data-toolset-blocks-heading=\"0190bf5c0f5e682e6e1d8be7e6f401ac\" data-last-update=\"1.4\"><span><span><a href=\"https:\/\/wpml.org\/vi\/trang-chu\/\">Home<\/a><\/span><\/span><\/p>\n\n\n\n<div class=\"wp-block-toolset-blocks-grid tb-grid\" data-toolset-blocks-grid=\"1e3256eddcd8d1ddf217eef5389f4d56\">\n<div class=\"wp-block-toolset-blocks-grid-column tb-grid-column tb-grid-align-center\" data-toolset-blocks-grid-column=\"f586ff7bfe1d7317c63162ec7b7039ed\">\n<div class=\"wp-block-toolset-blocks-container tb-container\" data-toolset-blocks-container=\"63eba53fa33f26df5ecc49627b8c150d\"><\/div>\n\n\n\n<h1 class=\"tb-heading has-text-color\" data-toolset-blocks-heading=\"b686c8b3d4780754ef6585bd91a569b8\" data-last-update=\"1.4\">WPForms Multilingual &#8211; D\u1ecbch c\u00e1c bi\u1ec3u m\u1eabu v\u1edbi WPML<\/h1>\n\n\n\n<div class=\"tb-fields-and-text\" data-toolset-blocks-fields-and-text=\"2d56af030c7b03fd37e29388704bc251\"><p><span data-sheets-root=\"1\">WPForms Multilingual (WPFML) l\u00e0 m\u1ed9t ti\u1ec7n \u00edch b\u1ed5 sung c\u1ee7a WPML \u0111\u1ec3 d\u1ecbch c\u00e1c tr\u01b0\u1eddng v\u00e0 nh\u00e3n bi\u1ec3u m\u1eabu c\u1ee7a b\u1ea1n sang nhi\u1ec1u ng\u00f4n ng\u1eef h\u01a1n. <\/span><\/p><\/div>\n\n\n\n<div id=\"wpml-info-account-trigger\" class=\"tb-button\" data-toolset-blocks-button=\"140f1e70c268444b03ce7760b279f38b\"><a class=\"tb-button__link\" href=\"https:\/\/wpml.org\/account\/downloads\/#wpforms-multilingual\"><span class=\"tb-button__content\">T\u1ea3i WPForms Multilingual<\/span><i class=\"tb-button__icon\"><\/i><\/a><\/div>\n<\/div>\n\n\n\n<div class=\"wp-block-toolset-blocks-grid-column tb-grid-column tb-grid-align-center\" data-toolset-blocks-grid-column=\"c77f65d01bb1c283e93f285b389d97af\">\n<figure class=\"wp-block-image tb-image tb-image-dynamic tb-image-frame-none\" data-toolset-blocks-image=\"7514518659316b7a6c4ca8dd966a452f\"><img decoding=\"async\" width=\"706\" height=\"644\" loading=\"lazy\" src=\"https:\/\/wpml.org\/wp-content\/uploads\/2023\/04\/form-10-1.png\" alt=\"\" class=\"wp-image-13391963\" srcset=\"https:\/\/wpml.org\/wp-content\/uploads\/2023\/04\/form-10-1.png 706w, https:\/\/wpml.org\/wp-content\/uploads\/2023\/04\/form-10-1-300x274.png 300w, https:\/\/wpml.org\/wp-content\/uploads\/2023\/04\/form-10-1-150x137.png 150w\" sizes=\"auto, (max-width: 706px) 100vw, 706px\" \/><\/figure>\n<\/div>\n<\/div>\n<\/div><\/div>\n\n<div class=\"wp-block-toolset-blocks-container tb-container\" data-toolset-blocks-container=\"8f3deaef8758197413c254193c4637bf\"><div class=\"tb-container-inner\">\n<h3 class=\"tb-heading has-text-color\" data-toolset-blocks-heading=\"b070f645c37bab54e01bb6a1dae34a7f\" data-last-update=\"1.4\"><strong>X\u00e2y d\u1ef1ng WPForms \u0111a ng\u00f4n ng\u1eef v\u1edbi WPML<\/strong><\/h3>\n\n\n\n<div class=\"wp-block-toolset-blocks-grid tb-grid\" data-toolset-blocks-grid=\"7edcf3bc4776444a257584af916cc96f\">\n<div class=\"wp-block-toolset-blocks-grid-column tb-grid-column tb-grid-align-top\" data-toolset-blocks-grid-column=\"3034fbe886c11054e95b46b09d3e4112\">\n<div class=\"wp-block-toolset-blocks-container tb-container\" data-toolset-blocks-container=\"adbbcc4f0fb57ebb3945b71819a17420\"><\/div>\n\n\n\n<p class=\"tb-heading has-text-color\" data-toolset-blocks-heading=\"d4f8b066db357591cd36f26cf22c3f4b\" data-last-update=\"1.4\">D\u1ecbch c\u00f9ng m\u1ed9t bi\u1ec3u m\u1eabu sang <strong>s\u1ed1 l\u01b0\u1ee3ng ng\u00f4n ng\u1eef kh\u00f4ng gi\u1edbi h\u1ea1n<\/strong> trong v\u00e0i ph\u00fat.<\/p>\n<\/div>\n\n\n\n<div class=\"wp-block-toolset-blocks-grid-column tb-grid-column tb-grid-align-top\" data-toolset-blocks-grid-column=\"6aa6629b0bd14de4b0c8a30d5e016060\">\n<div class=\"wp-block-toolset-blocks-container tb-container\" data-toolset-blocks-container=\"5684ad6fb8b6cdf9e58c033a331ea3c3\"><\/div>\n\n\n\n<h3 class=\"tb-heading has-text-color\" data-toolset-blocks-heading=\"3ef30984be70a22f91a1371cf6f5feb7\" data-last-update=\"1.4\">D\u1ecbch <strong>m\u1ecdi th\u00e0nh ph\u1ea7n<\/strong> c\u1ee7a bi\u1ec3u m\u1eabu WordPress c\u1ee7a b\u1ea1n, bao g\u1ed3m ti\u00eau \u0111\u1ec1 bi\u1ec3u m\u1eabu, tr\u01b0\u1eddng, nh\u00e3n, nh\u00e3n ph\u1ee5, th\u00f4ng b\u00e1o, x\u00e1c nh\u1eadn, v\u00e0 nhi\u1ec1u h\u01a1n n\u1eefa.<\/h3>\n<\/div>\n\n\n\n<div class=\"wp-block-toolset-blocks-grid-column tb-grid-column tb-grid-align-top\" data-toolset-blocks-grid-column=\"3034fbe886c11054e95b46b09d3e4112\">\n<div class=\"wp-block-toolset-blocks-container tb-container\" data-toolset-blocks-container=\"768e3db91a13730deb5db79f1a2f2625\"><\/div>\n\n\n\n<h3 class=\"tb-heading has-text-color\" data-toolset-blocks-heading=\"3ef30984be70a22f91a1371cf6f5feb7\" data-last-update=\"1.4\">D\u1ecbch bi\u1ec3u m\u1eabu <strong>t\u1ef1 \u0111\u1ed9ng<\/strong>, <strong>t\u1ef1 m\u00ecnh<\/strong>, ho\u1eb7c <strong>v\u1edbi<\/strong> <strong>d\u1ecbch gi\u1ea3 chuy\u00ean nghi\u1ec7p<\/strong>, t\u1ea5t c\u1ea3 t\u1eeb b\u1ea3ng \u0111i\u1ec1u khi\u1ec3n d\u1ecbch c\u1ee7a WPML.<\/h3>\n<\/div>\n<\/div>\n<\/div><\/div>\n\n<div class=\"wp-block-toolset-blocks-container tb-container\" data-toolset-blocks-container=\"a03f28b68e7ebf56bfe1641740b90da2\"><div class=\"tb-container-inner\">\n<div class=\"wp-block-toolset-blocks-grid tb-grid\" data-toolset-blocks-grid=\"53ce567584c307825428d23825630ccf\">\n<div class=\"wp-block-toolset-blocks-grid-column tb-grid-column tb-grid-align-top product-page-content wcml-sticky-top\" data-toolset-blocks-grid-column=\"6c0dc946376cceadc9fc9fc41b7e5a85\">\n<p class=\"tb-heading has-text-color\" data-toolset-blocks-heading=\"71bae4bc73e48e0e55545f40ce013867\" data-last-update=\"1.4\"><strong>Tr\u00ean trang n\u00e0y<\/strong><\/p>\n\n\n\n<p class=\"tb-heading\" data-toolset-blocks-heading=\"4501ab3f5d8cb86525799ef6b1804e84\" data-last-update=\"1.4\"><a href=\"#getting-started\">C\u00e1c plugin c\u1ea7n thi\u1ebft<\/a><\/p>\n\n\n\n<p class=\"tb-heading\" data-toolset-blocks-heading=\"4501ab3f5d8cb86525799ef6b1804e84\" data-last-update=\"1.4\"><a href=\"#translate-wpforms-with-wpml\">C\u00e1ch d\u1ecbch WPForms v\u1edbi WPML<\/a><\/p>\n\n\n\n<p class=\"tb-heading\" data-toolset-blocks-heading=\"4501ab3f5d8cb86525799ef6b1804e84\" data-last-update=\"1.4\"><a href=\"#text-not-translating\">V\u0103n b\u1ea3n kh\u00f4ng \u0111\u01b0\u1ee3c d\u1ecbch?<\/a><\/p>\n\n\n\n<p class=\"tb-heading\" data-toolset-blocks-heading=\"4501ab3f5d8cb86525799ef6b1804e84\" data-last-update=\"1.4\"><a href=\"#start-translating-with-wpml\">B\u1eaft \u0111\u1ea7u d\u1ecbch v\u1edbi WPML<\/a><\/p>\n<\/div>\n\n\n\n<div class=\"wp-block-toolset-blocks-grid-column tb-grid-column tb-grid-align-top product-page-content\" data-toolset-blocks-grid-column=\"613ca808c900d7f6c7303b84383bbf91\">\n<h2 class=\"wp-block-heading\" id=\"getting-started\">C\u00e1c plugin c\u1ea7n thi\u1ebft<\/h2>\n\n\n\n<p>\u0110\u1ec3 d\u1ecbch WPForms v\u1edbi WPML, h\u00e3y c\u00e0i \u0111\u1eb7t v\u00e0 k\u00edch ho\u1ea1t: <\/p>\n\n\n\n<ul class=\"wp-block-list\">\n<li><a href=\"https:\/\/wpml.org\/vi\/gia-wpml\/\">WPML<\/a> <\/li>\n\n\n\n<li>WPML String Translation <\/li>\n\n\n\n<li><a href=\"https:\/\/wpforms.com\/\">WPForms<\/a> ho\u1eb7c <a href=\"https:\/\/wordpress.org\/plugins\/wpforms-lite\/\">WPForms lite<\/a><\/li>\n\n\n\n<li><a href=\"https:\/\/wpml.org\/vi\/account\/downloads\/#wpforms-multilingual\">WPForms Multilingual<\/a><\/li>\n<\/ul>\n\n\n\n<div style=\"height:10px\" aria-hidden=\"true\" class=\"wp-block-spacer\"><\/div>\n\n\n\n<h2 class=\"wp-block-heading\" id=\"translate-wpforms-with-wpml\">C\u00e1ch d\u1ecbch WPForms v\u1edbi WPML<\/h2>\n\n\n\n<p>\u0110\u1ec3 d\u1ecbch WPForms v\u1edbi WPML:<\/p>\n\n\n\n<ol class=\"wp-block-list\">\n<li>\u0110i t\u1edbi <strong>WPML \u2192 B\u1ea3ng \u0111i\u1ec1u khi\u1ec3n d\u1ecbch<\/strong> v\u00e0 cu\u1ed9n xu\u1ed1ng ph\u1ea7n <strong>WPForms<\/strong>.<\/li>\n\n\n\n<li>Ch\u1ecdn c\u00e1c bi\u1ec3u m\u1eabu b\u1ea1n mu\u1ed1n d\u1ecbch.<\/li>\n<\/ol>\n\n\n\n<figure class=\"wp-block-image tb-image tb-image-dynamic tb-image-frame-none\" data-toolset-blocks-image=\"d2a04325e00c9482ba6596fa6a12dc8b\"><a href=\"https:\/\/wpml.org\/wp-content\/uploads\/2026\/02\/Selecting-WPForms-to-translate.png\"><img decoding=\"async\" width=\"1024\" height=\"625\" loading=\"lazy\" src=\"https:\/\/wpml.org\/wp-content\/uploads\/2026\/02\/Selecting-WPForms-to-translate-1024x625.png\" alt=\"Selecting WPForms to translate\" class=\"wp-image-17792337\" srcset=\"https:\/\/wpml.org\/wp-content\/uploads\/2026\/02\/Selecting-WPForms-to-translate-1024x625.png 1024w, https:\/\/wpml.org\/wp-content\/uploads\/2026\/02\/Selecting-WPForms-to-translate-300x183.png 300w, https:\/\/wpml.org\/wp-content\/uploads\/2026\/02\/Selecting-WPForms-to-translate-150x92.png 150w, https:\/\/wpml.org\/wp-content\/uploads\/2026\/02\/Selecting-WPForms-to-translate-768x469.png 768w, https:\/\/wpml.org\/wp-content\/uploads\/2026\/02\/Selecting-WPForms-to-translate-1536x938.png 1536w, https:\/\/wpml.org\/wp-content\/uploads\/2026\/02\/Selecting-WPForms-to-translate.png 1600w\" sizes=\"auto, (max-width: 1024px) 100vw, 1024px\" \/><\/a><figcaption><div class=\"tb-image-caption\">Ch\u1ecdn WPForms \u0111\u1ec3 d\u1ecbch<\/div><\/figcaption><\/figure>\n\n\n\n<ol start=\"3\" class=\"wp-block-list\">\n<li>Ch\u1ecdn ph\u01b0\u01a1ng ph\u00e1p d\u1ecbch v\u00e0 g\u1eedi \u0111\u1ec3 d\u1ecbch.  <\/li>\n<\/ol>\n\n\n\n<div style=\"height:30px\" aria-hidden=\"true\" class=\"wp-block-spacer\"><\/div>\n\n\n\n<p>\u0110\u1ec3 xem bi\u1ec3u m\u1eabu c\u1ee7a b\u1ea1n \u1edf giao di\u1ec7n ng\u01b0\u1eddi d\u00f9ng, h\u00e3y \u0111i \u0111\u1ebfn trang ch\u1ee9a bi\u1ec3u m\u1eabu v\u00e0 chuy\u1ec3n \u0111\u1ed5i ng\u00f4n ng\u1eef. H\u00e3y nh\u1edb <a href=\"https:\/\/wpml.org\/documentation\/getting-started-guide\/translate-pages-in-wordpress-with-wpml\/\">d\u1ecbch trang<\/a> ch\u1ee9a bi\u1ec3u m\u1eabu c\u1ee7a b\u1ea1n \u0111\u1ec3 c\u00f3 th\u1ec3 th\u1ef1c hi\u1ec7n \u0111i\u1ec1u n\u00e0y.  <\/p>\n\n\n\n<div class=\"wp-block-toolset-blocks-grid tb-grid\" data-toolset-blocks-grid=\"3d9c399fe625e1b972f817a0680229f6\">\n<div class=\"wp-block-toolset-blocks-grid-column tb-grid-column tb-grid-align-top\" data-toolset-blocks-grid-column=\"3034fbe886c11054e95b46b09d3e4112\">\n<figure class=\"wp-block-image tb-image tb-image-dynamic tb-image-frame-none\" data-toolset-blocks-image=\"ecb464f0158c81e6d8f5faad4c65ec38\"><a href=\"https:\/\/wpml.org\/wp-content\/uploads\/2024\/05\/wpml-wpforms-english-form.png\"><img decoding=\"async\" width=\"885\" height=\"1024\" loading=\"lazy\" src=\"https:\/\/wpml.org\/wp-content\/uploads\/2024\/05\/wpml-wpforms-english-form-885x1024.png\" alt=\"\" class=\"wp-image-15667916\" srcset=\"https:\/\/wpml.org\/wp-content\/uploads\/2024\/05\/wpml-wpforms-english-form-885x1024.png 885w, https:\/\/wpml.org\/wp-content\/uploads\/2024\/05\/wpml-wpforms-english-form-259x300.png 259w, https:\/\/wpml.org\/wp-content\/uploads\/2024\/05\/wpml-wpforms-english-form-130x150.png 130w, https:\/\/wpml.org\/wp-content\/uploads\/2024\/05\/wpml-wpforms-english-form-768x889.png 768w, https:\/\/wpml.org\/wp-content\/uploads\/2024\/05\/wpml-wpforms-english-form-300x347.png 300w, https:\/\/wpml.org\/wp-content\/uploads\/2024\/05\/wpml-wpforms-english-form.png 1320w\" sizes=\"auto, (max-width: 885px) 100vw, 885px\" \/><\/a><figcaption><div class=\"tb-image-caption\">Bi\u1ec3u m\u1eabu \u1ee9ng tuy\u1ec3n c\u00f4ng vi\u1ec7c b\u1eb1ng ti\u1ebfng Anh <\/div><\/figcaption><\/figure>\n<\/div>\n\n\n\n<div class=\"wp-block-toolset-blocks-grid-column tb-grid-column tb-grid-align-top\" data-toolset-blocks-grid-column=\"3034fbe886c11054e95b46b09d3e4112\">\n<figure class=\"wp-block-image tb-image tb-image-dynamic tb-image-frame-none\" data-toolset-blocks-image=\"ca9afd352f60c0ef00901e5437823363\"><a href=\"https:\/\/wpml.org\/wp-content\/uploads\/2024\/05\/wpml-wpforms-spanish-translation.png\"><img decoding=\"async\" width=\"886\" height=\"1024\" loading=\"lazy\" src=\"https:\/\/wpml.org\/wp-content\/uploads\/2024\/05\/wpml-wpforms-spanish-translation-886x1024.png\" alt=\"\" class=\"wp-image-15667930\" srcset=\"https:\/\/wpml.org\/wp-content\/uploads\/2024\/05\/wpml-wpforms-spanish-translation-886x1024.png 886w, https:\/\/wpml.org\/wp-content\/uploads\/2024\/05\/wpml-wpforms-spanish-translation-259x300.png 259w, https:\/\/wpml.org\/wp-content\/uploads\/2024\/05\/wpml-wpforms-spanish-translation-130x150.png 130w, https:\/\/wpml.org\/wp-content\/uploads\/2024\/05\/wpml-wpforms-spanish-translation-768x888.png 768w, https:\/\/wpml.org\/wp-content\/uploads\/2024\/05\/wpml-wpforms-spanish-translation-1328x1536.png 1328w, https:\/\/wpml.org\/wp-content\/uploads\/2024\/05\/wpml-wpforms-spanish-translation-300x347.png 300w, https:\/\/wpml.org\/wp-content\/uploads\/2024\/05\/wpml-wpforms-spanish-translation.png 1408w\" sizes=\"auto, (max-width: 886px) 100vw, 886px\" \/><\/a><figcaption><div class=\"tb-image-caption\">Bi\u1ec3u m\u1eabu \u1ee9ng tuy\u1ec3n c\u00f4ng vi\u1ec7c b\u1eb1ng ti\u1ebfng T\u00e2y Ban Nha<\/div><\/figcaption><\/figure>\n<\/div>\n<\/div>\n\n\n\n<h2 class=\"wp-block-heading\" id=\"text-not-translating\">V\u0103n b\u1ea3n kh\u00f4ng \u0111\u01b0\u1ee3c d\u1ecbch?<\/h2>\n\n\n\n<p>N\u1ebfu m\u1ed9t s\u1ed1 v\u0103n b\u1ea3n trong bi\u1ec3u m\u1eabu c\u1ee7a b\u1ea1n kh\u00f4ng \u0111\u01b0\u1ee3c d\u1ecbch, nh\u01b0 nh\u00e3n v\u00e0 nh\u00e3n ph\u1ee5, ch\u00fang c\u00f3 th\u1ec3 l\u00e0 chu\u1ed7i. \u0110\u1ec3 d\u1ecbch chu\u1ed7i:  <\/p>\n\n\n\n<ol class=\"wp-block-list\">\n<li>Truy c\u1eadp bi\u1ec3u m\u1eabu c\u1ee7a b\u1ea1n \u1edf giao di\u1ec7n ng\u01b0\u1eddi d\u00f9ng. \u0110i\u1ec1u n\u00e0y s\u1ebd gi\u00fap WPML \u0111\u0103ng k\u00fd c\u00e1c chu\u1ed7i \u0111\u1ec3 d\u1ecbch. <\/li>\n\n\n\n<li>Sau \u0111\u00f3, \u0111i t\u1edbi <strong>WPML \u2192 B\u1ea3ng \u0111i\u1ec1u khi\u1ec3n d\u1ecbch<\/strong> v\u00e0 cu\u1ed9n xu\u1ed1ng ph\u1ea7n <strong>V\u0103n b\u1ea3n kh\u00e1c (Chu\u1ed7i)<\/strong>.<\/li>\n\n\n\n<li>T\u00ecm ki\u1ebfm chu\u1ed7i k\u00fd t\u1ef1 c\u1ee7a b\u1ea1n v\u00e0 g\u1eedi ch\u00fang \u0111\u1ec3 d\u1ecbch.  <\/li>\n<\/ol>\n\n\n\n<div style=\"height:30px\" aria-hidden=\"true\" class=\"wp-block-spacer\"><\/div>\n\n\n\n<p>N\u1ebfu b\u1ea1n v\u1eabn kh\u00f4ng th\u1ec3 t\u00ecm th\u1ea5y c\u00e1c v\u0103n b\u1ea3n n\u00e0y, h\u00e3y \u0111\u1ea3m b\u1ea3o <strong>\u0110\u0103ng k\u00fd t\u1ef1 \u0111\u1ed9ng<\/strong> \u0111\u01b0\u1ee3c b\u1eadt trong ph\u1ea7n <strong>V\u0103n b\u1ea3n kh\u00e1c (Chu\u1ed7i)<\/strong> trong B\u1ea3ng \u0111i\u1ec1u khi\u1ec3n d\u1ecbch.<\/p>\n\n\n\n<h2 class=\"wp-block-heading\" id=\"start-translating-with-wpml\">B\u1eaft \u0111\u1ea7u d\u1ecbch v\u1edbi WPML <\/h2>\n\n\n\n<p>N\u1ebfu qu\u00fd v\u1ecb \u0111\u00e3 c\u00f3 t\u00e0i kho\u1ea3n WPML, qu\u00fd v\u1ecb c\u00f3 th\u1ec3 t\u1ea3i xu\u1ed1ng WPForms Multilingual (kh\u00f4ng m\u1ea5t th\u00eam chi ph\u00ed) t\u1eeb trang <a href=\"https:\/\/wpml.org\/vi\/account\/downloads\/#wpforms-multilingual\">Downloads<\/a>.<\/p>\n\n\n\n<p>Ch\u01b0a c\u00f3 WPML? H\u00e3y truy c\u1eadp <a href=\"https:\/\/wpml.org\/vi\/gia-wpml\/\">trang gi\u00e1<\/a> c\u1ee7a ch\u00fang t\u00f4i \u0111\u1ec3 t\u00ecm g\u00f3i ph\u00f9 h\u1ee3p cho trang web c\u1ee7a b\u1ea1n.  <\/p>\n<\/div>\n<\/div>\n<\/div><\/div>\n","protected":false},"excerpt":{"rendered":"<p class=\"lead\">WPForms l\u00e0 m\u1ed9t plugin \u0111\u1ec3 th\u00eam bi\u1ec3u m\u1eabu li\u00ean h\u1ec7 v\u00e0o trang WordPress c\u1ee7a b\u1ea1n. Trong h\u01b0\u1edbng d\u1eabn n\u00e0y, b\u1ea1n c\u00f3 th\u1ec3 h\u1ecdc c\u00e1ch l\u00e0m cho WPForms c\u1ee7a b\u1ea1n tr\u1edf n\u00ean \u0111a ng\u00f4n ng\u1eef b\u1eb1ng c\u00e1ch s\u1eed d\u1ee5ng WPML. <\/p>\n","protected":false},"author":538393,"featured_media":0,"parent":15194531,"menu_order":59,"comment_status":"closed","ping_status":"closed","template":"template-full-with-popup-generic.php","meta":{"_bbp_topic_count":0,"_bbp_reply_count":0,"_bbp_total_topic_count":0,"_bbp_total_reply_count":0,"_bbp_voice_count":0,"_bbp_anonymous_reply_count":0,"_bbp_topic_count_hidden":0,"_bbp_reply_count_hidden":0,"_bbp_forum_subforum_count":0,"_uag_custom_page_level_css":"","ep_exclude_from_search":false,"footnotes":""},"related-projects-category":[27808],"class_list":["post-15257573","page","type-page","status-publish","hentry","related-projects-category-forms-vi"],"spectra_custom_meta":{"ratings_users":["0"],"ratings_score":["0"],"ratings_average":["0"],"_subscription_coupon_product_id":["0"],"_wpv_contains_gutenberg_views":[""],"_alp_processed":["1772089766"],"_views_template":["0"],"wpcf-unformatted-code":[""],"_wpml_media_duplicate":["1"],"_wpml_media_featured":["1"],"toolset_post_editor_mode":["block"],"wpcf-price-increase-show-from":[""],"wpcf-price-increase-show-till":[""],"_wp_page_template":["template-full-with-popup-generic.php"],"_last_translation_edit_mode":["translation-editor"],"_wpml_word_count":["589"],"cmplz_hide_cookiebanner":[""],"wpcf-related-product-full-name":["WPForms Multilingual"],"wpcf-related-product-download-url":["https:\/\/wpml.org\/account\/downloads\/#wpforms-multilingual"],"wpcf-price-increase-content":[""],"wpcf-login-box-title":[""],"wpcf-page-content":[""],"wpcf-display-author-meta-section":["1"],"_yoast_wpseo_primary_related-projects-category":["26967"],"_yoast_wpseo_title":["WPForms Multilingual - D\u1ecbch c\u00e1c bi\u1ec3u m\u1eabu v\u1edbi WPML"],"_yoast_wpseo_metadesc":["WPForms Multilingual (WPFML) l\u00e0 m\u1ed9t ti\u1ec7n \u00edch b\u1ed5 sung c\u1ee7a WPML \u0111\u1ec3 d\u1ecbch c\u00e1c tr\u01b0\u1eddng v\u00e0 nh\u00e3n bi\u1ec3u m\u1eabu c\u1ee7a b\u1ea1n sang nhi\u1ec1u ng\u00f4n ng\u1eef h\u01a1n."],"_yoast_wpseo_focuskw":["wpforms multilingual"],"_uag_css_file_name":["uag-css-15257573.css"],"_uag_page_assets":["a:9:{s:3:\"css\";s:260:\".uag-blocks-common-selector{z-index:var(--z-index-desktop) !important}@media(max-width: 976px){.uag-blocks-common-selector{z-index:var(--z-index-tablet) !important}}@media(max-width: 767px){.uag-blocks-common-selector{z-index:var(--z-index-mobile) !important}}\";s:2:\"js\";s:0:\"\";s:18:\"current_block_list\";a:13:{i:0;s:24:\"toolset-blocks\/container\";i:1;s:22:\"toolset-blocks\/heading\";i:2;s:19:\"toolset-blocks\/grid\";i:3;s:26:\"toolset-blocks\/grid-column\";i:4;s:30:\"toolset-blocks\/fields-and-text\";i:5;s:21:\"toolset-blocks\/button\";i:7;s:20:\"toolset-blocks\/image\";i:9;s:12:\"core\/heading\";i:10;s:14:\"core\/paragraph\";i:11;s:9:\"core\/list\";i:12;s:14:\"core\/list-item\";i:13;s:11:\"core\/spacer\";i:14;s:14:\"core\/shortcode\";}s:8:\"uag_flag\";b:0;s:11:\"uag_version\";s:10:\"1778366802\";s:6:\"gfonts\";a:0:{}s:10:\"gfonts_url\";s:0:\"\";s:12:\"gfonts_files\";a:0:{}s:14:\"uag_faq_layout\";b:0;}"]},"uagb_featured_image_src":{"full":false,"thumbnail":false,"medium":false,"medium_large":false,"large":false,"1536x1536":false,"2048x2048":false,"gform-image-choice-sm":false,"gform-image-choice-md":false,"gform-image-choice-lg":false,"woocommerce_thumbnail":false,"woocommerce_single":false,"woocommerce_gallery_thumbnail":false},"uagb_author_info":{"display_name":"Kathy","author_link":"https:\/\/wpml.org\/vi\/author\/kathy-b\/"},"uagb_comment_info":0,"uagb_excerpt":"WPForms l\u00e0 m\u1ed9t plugin \u0111\u1ec3 th\u00eam bi\u1ec3u m\u1eabu li\u00ean h\u1ec7 v\u00e0o trang WordPress c\u1ee7a b\u1ea1n. Trong h\u01b0\u1edbng d\u1eabn n\u00e0y, b\u1ea1n c\u00f3 th\u1ec3 h\u1ecdc c\u00e1ch l\u00e0m cho WPForms c\u1ee7a b\u1ea1n tr\u1edf n\u00ean \u0111a ng\u00f4n ng\u1eef b\u1eb1ng c\u00e1ch s\u1eed d\u1ee5ng WPML.","_links":{"self":[{"href":"https:\/\/wpml.org\/vi\/wp-json\/wp\/v2\/pages\/15257573","targetHints":{"allow":["GET"]}}],"collection":[{"href":"https:\/\/wpml.org\/vi\/wp-json\/wp\/v2\/pages"}],"about":[{"href":"https:\/\/wpml.org\/vi\/wp-json\/wp\/v2\/types\/page"}],"author":[{"embeddable":true,"href":"https:\/\/wpml.org\/vi\/wp-json\/wp\/v2\/users\/538393"}],"replies":[{"embeddable":true,"href":"https:\/\/wpml.org\/vi\/wp-json\/wp\/v2\/comments?post=15257573"}],"version-history":[{"count":8,"href":"https:\/\/wpml.org\/vi\/wp-json\/wp\/v2\/pages\/15257573\/revisions"}],"predecessor-version":[{"id":17853622,"href":"https:\/\/wpml.org\/vi\/wp-json\/wp\/v2\/pages\/15257573\/revisions\/17853622"}],"up":[{"embeddable":true,"href":"https:\/\/wpml.org\/vi\/wp-json\/wp\/v2\/pages\/15194531"}],"wp:attachment":[{"href":"https:\/\/wpml.org\/vi\/wp-json\/wp\/v2\/media?parent=15257573"}],"wp:term":[{"taxonomy":"related-projects-category","embeddable":true,"href":"https:\/\/wpml.org\/vi\/wp-json\/wp\/v2\/related-projects-category?post=15257573"}],"curies":[{"name":"wp","href":"https:\/\/api.w.org\/{rel}","templated":true}]}}