{"id":15274376,"date":"2019-04-26T07:57:10","date_gmt":"2019-04-26T07:57:10","guid":{"rendered":"https:\/\/wpml.org\/cach-thay-doi-phuong-thuc-thanh-toan-cua-ban\/"},"modified":"2026-03-04T07:46:25","modified_gmt":"2026-03-04T07:46:25","slug":"cach-thay-doi-phuong-thuc-thanh-toan-cua-ban","status":"publish","type":"page","link":"https:\/\/wpml.org\/vi\/gia-wpml\/cach-thay-doi-phuong-thuc-thanh-toan-cua-ban\/","title":{"rendered":"C\u00e1ch Thay \u0110\u1ed5i Ph\u01b0\u01a1ng Th\u1ee9c Thanh To\u00e1n c\u1ee7a B\u1ea1n trong WPML"},"content":{"rendered":"\n<p class=\"lead\">Qu\u00fd v\u1ecb c\u00f3 th\u1ec3 thay \u0111\u1ed5i ph\u01b0\u01a1ng th\u1ee9c thanh to\u00e1n cho c\u00e1c g\u00f3i WPML trong khu v\u1ef1c T\u00e0i kho\u1ea3n WPML c\u1ee7a m\u00ecnh, v\u00e0 cho D\u1ecbch t\u1ef1 \u0111\u1ed9ng trong tab Thanh to\u00e1n &amp; B\u1ea3o tr\u00ec trong trang qu\u1ea3n tr\u1ecb WordPress.<\/p>\n\n<p>C\u00f3 hai lo\u1ea1i thanh to\u00e1n trong WPML:  <\/p>\n\n<ul class=\"wp-block-list\">\n<li>C\u00e1c g\u00f3i WPML (v\u00ed d\u1ee5: WPML Multilingual CMS)<\/li>\n\n\n\n<li>D\u1ecbch t\u1ef1 \u0111\u1ed9ng (Tr\u1ea3 ti\u1ec1n cho nh\u1eefng g\u00ec b\u1ea1n ti\u00eau th\u1ee5)  <\/li>\n<\/ul>\n\n<p>M\u1ed7i t\u00f9y ch\u1ecdn c\u00f3 m\u1ed9t quy tr\u00ecnh kh\u00e1c nhau \u0111\u1ec3 thay \u0111\u1ed5i ph\u01b0\u01a1ng th\u1ee9c thanh to\u00e1n.<\/p>\n\n<h2 class=\"wp-block-heading\" id=\"wpml-plans\">Thay \u0111\u1ed5i Ph\u01b0\u01a1ng th\u1ee9c Thanh to\u00e1n cho c\u00e1c G\u00f3i WPML<\/h2>\n\n<p>\u0110\u1ec3 thay \u0111\u1ed5i ph\u01b0\u01a1ng th\u1ee9c thanh to\u00e1n cho g\u00f3i WPML c\u1ee7a qu\u00fd v\u1ecb:<\/p>\n\n<ol class=\"wp-block-list\">\n<li>\u0110\u0103ng nh\u1eadp v\u00e0o <a href=\"https:\/\/wpml.org\/vi\/account\/\">T\u00e0i kho\u1ea3n WPML<\/a> c\u1ee7a qu\u00fd v\u1ecb.<\/li>\n\n\n\n<li>Trong ph\u1ea7n <strong>T\u00e0i kho\u1ea3n v\u00e0 Thanh to\u00e1n<\/strong>, h\u00e3y nh\u1ea5p v\u00e0o <strong>S\u1eeda \u0111\u1ed5i c\u00e1c t\u00f9y ch\u1ecdn gia h\u1ea1n c\u1ee7a qu\u00fd v\u1ecb<\/strong>.<\/li>\n<\/ol>\n\n<figure class=\"wp-block-image tb-image tb-image-dynamic tb-image-frame-none\" data-toolset-blocks-image=\"ef228ae186bc0623f5df4ade9a64e81b\"><a href=\"https:\/\/wpml.org\/wp-content\/uploads\/2026\/01\/wpml-modify-renewal-options.png\"><img decoding=\"async\" width=\"1024\" height=\"705\" loading=\"lazy\" src=\"https:\/\/wpml.org\/wp-content\/uploads\/2026\/01\/wpml-modify-renewal-options-1024x705.png\" alt=\"\" class=\"wp-image-17725418\" srcset=\"https:\/\/wpml.org\/wp-content\/uploads\/2026\/01\/wpml-modify-renewal-options-1024x705.png 1024w, https:\/\/wpml.org\/wp-content\/uploads\/2026\/01\/wpml-modify-renewal-options-300x207.png 300w, https:\/\/wpml.org\/wp-content\/uploads\/2026\/01\/wpml-modify-renewal-options-150x103.png 150w, https:\/\/wpml.org\/wp-content\/uploads\/2026\/01\/wpml-modify-renewal-options-768x529.png 768w, https:\/\/wpml.org\/wp-content\/uploads\/2026\/01\/wpml-modify-renewal-options-1536x1058.png 1536w, https:\/\/wpml.org\/wp-content\/uploads\/2026\/01\/wpml-modify-renewal-options-2048x1410.png 2048w\" sizes=\"auto, (max-width: 1024px) 100vw, 1024px\" \/><\/a><figcaption><div class=\"tb-image-caption\">Nh\u1ea5p v\u00e0o li\u00ean k\u1ebft Ch\u1ec9nh s\u1eeda t\u00f9y ch\u1ecdn gia h\u1ea1n c\u1ee7a b\u1ea1n <\/div><\/figcaption><\/figure>\n\n<ol start=\"3\" class=\"wp-block-list\">\n<li>Nh\u1ea5p v\u00e0o <strong>Thay \u0111\u1ed5i Ph\u01b0\u01a1ng th\u1ee9c Thanh to\u00e1n <\/strong>v\u00e0 nh\u1eadp m\u1ed9t t\u00f9y ch\u1ecdn thanh to\u00e1n m\u1edbi.<\/li>\n<\/ol>\n\n<figure class=\"wp-block-image tb-image tb-image-dynamic tb-image-frame-none\" data-toolset-blocks-image=\"0eaf22585d1d16c64ba52ed41d797931\"><a href=\"https:\/\/wpml.org\/wp-content\/uploads\/2026\/01\/wpml-change-payment-method.png\"><img decoding=\"async\" width=\"1024\" height=\"600\" loading=\"lazy\" src=\"https:\/\/wpml.org\/wp-content\/uploads\/2026\/01\/wpml-change-payment-method-1024x600.png\" alt=\"\" class=\"wp-image-17725371\" srcset=\"https:\/\/wpml.org\/wp-content\/uploads\/2026\/01\/wpml-change-payment-method-1024x600.png 1024w, https:\/\/wpml.org\/wp-content\/uploads\/2026\/01\/wpml-change-payment-method-300x176.png 300w, https:\/\/wpml.org\/wp-content\/uploads\/2026\/01\/wpml-change-payment-method-150x88.png 150w, https:\/\/wpml.org\/wp-content\/uploads\/2026\/01\/wpml-change-payment-method-768x450.png 768w, https:\/\/wpml.org\/wp-content\/uploads\/2026\/01\/wpml-change-payment-method-1536x900.png 1536w, https:\/\/wpml.org\/wp-content\/uploads\/2026\/01\/wpml-change-payment-method-2048x1200.png 2048w\" sizes=\"auto, (max-width: 1024px) 100vw, 1024px\" \/><\/a><figcaption><div class=\"tb-image-caption\">Thay \u0111\u1ed5i ph\u01b0\u01a1ng th\u1ee9c thanh to\u00e1n cho WPML<\/div><\/figcaption><\/figure>\n\n<p>G\u00f3i \u0111\u0103ng k\u00fd c\u1ee7a qu\u00fd v\u1ecb gi\u1edd \u0111\u00e2y s\u1ebd s\u1eed d\u1ee5ng ph\u01b0\u01a1ng th\u1ee9c thanh to\u00e1n m\u1edbi khi g\u00f3i WPML c\u1ee7a qu\u00fd v\u1ecb gia h\u1ea1n.  <\/p>\n\n<h2 class=\"wp-block-heading\" id=\"automatic-translation\">Thay \u0111\u1ed5i Ph\u01b0\u01a1ng th\u1ee9c Thanh to\u00e1n cho D\u1ecbch t\u1ef1 \u0111\u1ed9ng<\/h2>\n\n<p>\u0110\u1ec3 thay \u0111\u1ed5i ph\u01b0\u01a1ng th\u1ee9c thanh to\u00e1n cho d\u1ecbch t\u1ef1 \u0111\u1ed9ng:<\/p>\n\n<ol class=\"wp-block-list\">\n<li>\u0110\u0103ng nh\u1eadp v\u00e0o trang qu\u1ea3n tr\u1ecb WordPress c\u1ee7a qu\u00fd v\u1ecb.<\/li>\n\n\n\n<li>\u0110i t\u1edbi <strong>WPML <\/strong>\u2192 <strong>b\u1ea3ng \u0111i\u1ec1u khi\u1ec3n d\u1ecbch thu\u1eadt<\/strong>.<\/li>\n\n\n\n<li>Chuy\u1ec3n sang tab <strong>Thanh to\u00e1n &amp; B\u1ea3o tr\u00ec<\/strong>.<\/li>\n\n\n\n<li>Nh\u1ea5p v\u00e0o <strong>Ch\u1ec9nh s\u1eeda <\/strong>b\u00ean d\u01b0\u1edbi <strong>Chi ti\u1ebft thanh to\u00e1n <\/strong>v\u00e0 nh\u1eadp ph\u01b0\u01a1ng th\u1ee9c thanh to\u00e1n m\u1edbi.<\/li>\n<\/ol>\n\n<figure class=\"wp-block-image tb-image tb-image-dynamic tb-image-frame-none\" data-toolset-blocks-image=\"716201e12c5e53a460440996f9105f57\"><a href=\"https:\/\/wpml.org\/wp-content\/uploads\/2026\/02\/Changing-payment-method-for-automatic-translation.png\"><img decoding=\"async\" width=\"1024\" height=\"634\" loading=\"lazy\" src=\"https:\/\/wpml.org\/wp-content\/uploads\/2026\/02\/Changing-payment-method-for-automatic-translation-1024x634.png\" alt=\"Changing payment method for automatic translation\" class=\"wp-image-17860788\" srcset=\"https:\/\/wpml.org\/wp-content\/uploads\/2026\/02\/Changing-payment-method-for-automatic-translation-1024x634.png 1024w, https:\/\/wpml.org\/wp-content\/uploads\/2026\/02\/Changing-payment-method-for-automatic-translation-300x186.png 300w, https:\/\/wpml.org\/wp-content\/uploads\/2026\/02\/Changing-payment-method-for-automatic-translation-150x93.png 150w, https:\/\/wpml.org\/wp-content\/uploads\/2026\/02\/Changing-payment-method-for-automatic-translation-768x476.png 768w, https:\/\/wpml.org\/wp-content\/uploads\/2026\/02\/Changing-payment-method-for-automatic-translation-1536x951.png 1536w, https:\/\/wpml.org\/wp-content\/uploads\/2026\/02\/Changing-payment-method-for-automatic-translation.png 1600w\" sizes=\"auto, (max-width: 1024px) 100vw, 1024px\" \/><\/a><figcaption><div class=\"tb-image-caption\">Thay \u0111\u1ed5i ph\u01b0\u01a1ng th\u1ee9c thanh to\u00e1n cho d\u1ecbch t\u1ef1 \u0111\u1ed9ng<\/div><\/figcaption><\/figure>\n\n<p>WPML gi\u1edd \u0111\u00e2y s\u1ebd s\u1eed d\u1ee5ng ph\u01b0\u01a1ng th\u1ee9c thanh to\u00e1n m\u1edbi c\u1ee7a qu\u00fd v\u1ecb khi chi ti\u00eau c\u00e1c t\u00edn d\u1ee5ng Tr\u1ea3 ti\u1ec1n cho nh\u1eefng g\u00ec b\u1ea1n ti\u00eau th\u1ee5.<\/p>\n\n<h2 class=\"wp-block-heading\" id=\"expired-accounts\">Thay \u0111\u1ed5i Ph\u01b0\u01a1ng th\u1ee9c Thanh to\u00e1n cho c\u00e1c T\u00e0i kho\u1ea3n \u0111\u00e3 H\u1ebft h\u1ea1n<\/h2>\n\n<p>N\u1ebfu g\u00f3i WPML c\u1ee7a qu\u00fd v\u1ecb \u0111\u00e3 h\u1ebft h\u1ea1n do thanh to\u00e1n kh\u00f4ng th\u00e0nh c\u00f4ng, qu\u00fd v\u1ecb c\u1ea7n c\u1eadp nh\u1eadt ph\u01b0\u01a1ng th\u1ee9c thanh to\u00e1n c\u1ee7a m\u00ecnh:<\/p>\n\n<ol class=\"wp-block-list\">\n<li>\u0110\u0103ng nh\u1eadp v\u00e0o <a href=\"https:\/\/wpml.org\/vi\/account\/\">T\u00e0i kho\u1ea3n WPML<\/a> c\u1ee7a qu\u00fd v\u1ecb.<\/li>\n\n\n\n<li>Nh\u1ea5p v\u00e0o n\u00fat <strong>Gia h\u1ea1n t\u00e0i kho\u1ea3n c\u1ee7a qu\u00fd v\u1ecb<\/strong>.<\/li>\n\n\n\n<li>T\u1ea1i trang thanh to\u00e1n, nh\u1ea5p v\u00e0o li\u00ean k\u1ebft <strong>S\u1eed d\u1ee5ng ph\u01b0\u01a1ng th\u1ee9c thanh to\u00e1n kh\u00e1c<\/strong>. <\/li>\n<\/ol>\n\n<figure class=\"wp-block-image tb-image tb-image-dynamic tb-image-frame-none\" data-toolset-blocks-image=\"bf0b909e5ec2664944143c0537d46e9c\"><a href=\"https:\/\/wpml.org\/wp-content\/uploads\/2026\/03\/Use-a-different-payment-method-button.png\"><img decoding=\"async\" width=\"1024\" height=\"636\" loading=\"lazy\" src=\"https:\/\/wpml.org\/wp-content\/uploads\/2026\/03\/Use-a-different-payment-method-button-1024x636.png\" alt=\"Use a different payment method button\" class=\"wp-image-17869706\" srcset=\"https:\/\/wpml.org\/wp-content\/uploads\/2026\/03\/Use-a-different-payment-method-button-1024x636.png 1024w, https:\/\/wpml.org\/wp-content\/uploads\/2026\/03\/Use-a-different-payment-method-button-300x186.png 300w, https:\/\/wpml.org\/wp-content\/uploads\/2026\/03\/Use-a-different-payment-method-button-150x93.png 150w, https:\/\/wpml.org\/wp-content\/uploads\/2026\/03\/Use-a-different-payment-method-button-768x477.png 768w, https:\/\/wpml.org\/wp-content\/uploads\/2026\/03\/Use-a-different-payment-method-button.png 1385w\" sizes=\"auto, (max-width: 1024px) 100vw, 1024px\" \/><\/a><figcaption><div class=\"tb-image-caption\">Li\u00ean k\u1ebft S\u1eed d\u1ee5ng ph\u01b0\u01a1ng th\u1ee9c thanh to\u00e1n kh\u00e1c<\/div><\/figcaption><\/figure>\n\n<ol start=\"4\" class=\"wp-block-list\">\n<li>Trong c\u1eeda s\u1ed5 b\u1eadt l\u00ean xu\u1ea5t hi\u1ec7n, ch\u1ecdn t\u00f9y ch\u1ecdn <strong>Thanh to\u00e1n b\u1eb1ng th\u1ebb t\u00edn d\u1ee5ng<\/strong>.<\/li>\n\n\n\n<li>Ho\u00e0n t\u1ea5t thanh to\u00e1n b\u1eb1ng th\u1ebb m\u1edbi c\u1ee7a b\u1ea1n.<\/li>\n<\/ol>\n\n<h2 class=\"wp-block-heading\" id=\"update-billing-details\">C\u00e1ch C\u1eadp nh\u1eadt Chi ti\u1ebft Thanh to\u00e1n<\/h2>\n\n<p>T\u01b0\u01a1ng t\u1ef1 nh\u01b0 c\u00e1c ph\u01b0\u01a1ng th\u1ee9c thanh to\u00e1n, chi ti\u1ebft thanh to\u00e1n c\u0169ng \u0111\u01b0\u1ee3c x\u1eed l\u00fd ri\u00eang bi\u1ec7t cho c\u00e1c g\u00f3i WPML v\u00e0 h\u00f3a \u0111\u01a1n d\u1ecbch t\u1ef1 \u0111\u1ed9ng.  <\/p>\n\n<h3 class=\"wp-block-heading\">C\u1eadp nh\u1eadt Chi ti\u1ebft Thanh to\u00e1n cho c\u00e1c G\u00f3i WPML<\/h3>\n\n<p>\u0110\u1ec3 c\u1eadp nh\u1eadt chi ti\u1ebft thanh to\u00e1n tr\u00ean h\u00f3a \u0111\u01a1n g\u00f3i WPML:  <\/p>\n\n<ol class=\"wp-block-list\">\n<li>\u0110\u0103ng nh\u1eadp v\u00e0o <a href=\"https:\/\/wpml.org\/vi\/account\/\">T\u00e0i kho\u1ea3n WPML<\/a> c\u1ee7a qu\u00fd v\u1ecb.  <\/li>\n\n\n\n<li>Trong m\u1ee5c <strong>T\u00e0i kho\u1ea3n v\u00e0 Thanh to\u00e1n<\/strong>, h\u00e3y nh\u1ea5p v\u00e0o <strong>Chi ti\u1ebft c\u00e1 nh\u00e2n v\u00e0 m\u1eadt kh\u1ea9u<\/strong>.  <\/li>\n\n\n\n<li>C\u1eadp nh\u1eadt chi ti\u1ebft thanh to\u00e1n c\u1ee7a qu\u00fd v\u1ecb v\u00e0 l\u01b0u l\u1ea1i.  <\/li>\n<\/ol>\n\n<h3 class=\"wp-block-heading\">C\u1eadp nh\u1eadt Chi ti\u1ebft Thanh to\u00e1n cho D\u1ecbch t\u1ef1 \u0111\u1ed9ng<\/h3>\n\n<p>\u0110\u1ec3 c\u1eadp nh\u1eadt chi ti\u1ebft thanh to\u00e1n cho h\u00f3a \u0111\u01a1n d\u1ecbch t\u1ef1 \u0111\u1ed9ng:  <\/p>\n\n<ol class=\"wp-block-list\">\n<li>\u0110i t\u1edbi <strong>WPML <\/strong>\u2192 <strong>b\u1ea3ng \u0111i\u1ec1u khi\u1ec3n d\u1ecbch thu\u1eadt<\/strong>.<\/li>\n\n\n\n<li>Chuy\u1ec3n sang tab <strong>Thanh to\u00e1n &amp; B\u1ea3o tr\u00ec<\/strong>.<\/li>\n\n\n\n<li>Nh\u1ea5p v\u00e0o <strong>Ch\u1ec9nh s\u1eeda <\/strong>trong khung <strong>Chi ti\u1ebft c\u00f4ng ty<\/strong>.<\/li>\n\n\n\n<li>C\u1eadp nh\u1eadt chi ti\u1ebft thanh to\u00e1n c\u1ee7a qu\u00fd v\u1ecb v\u00e0 l\u01b0u l\u1ea1i.  <\/li>\n<\/ol>\n\n<div class=\"wp-block-toolset-blocks-container tb-container\" data-toolset-blocks-container=\"f908b134276ba3432b0b77744504af0a\">\n<div class=\"wp-block-toolset-blocks-grid tb-grid\" data-toolset-blocks-grid=\"37d19417981b1b97920df56c088840a6\">\n<div class=\"wp-block-toolset-blocks-grid-column tb-grid-column tb-grid-align-top\" data-toolset-blocks-grid-column=\"3034fbe886c11054e95b46b09d3e4112\">\n<div class=\"wp-block-toolset-blocks-container tb-container\" data-toolset-blocks-container=\"cc43e498a8e72566120af9f4b6101de7\"><\/div>\n<\/div>\n\n\n\n<div class=\"wp-block-toolset-blocks-grid-column tb-grid-column tb-grid-align-top\" data-toolset-blocks-grid-column=\"3034fbe886c11054e95b46b09d3e4112\">\n<p class=\"tb-heading\" data-toolset-blocks-heading=\"5f70829b5533bc42f59006f0ef3ef21a\" data-last-update=\"1.4\"><strong>Quan tr\u1ecdng:<\/strong> Thay \u0111\u1ed5i chi ti\u1ebft thanh to\u00e1n c\u1ee7a b\u1ea1n ch\u1ec9 \u00e1p d\u1ee5ng cho c\u00e1c h\u00f3a \u0111\u01a1n trong t\u01b0\u01a1ng lai.<\/p>\n\n\n\n<p class=\"tb-heading\" data-toolset-blocks-heading=\"a2008aa16950a8d790fdc66dc574eeb8\" data-last-update=\"1.4\">N\u1ebfu qu\u00fd kh\u00e1ch c\u1ea7n c\u1eadp nh\u1eadt h\u00f3a \u0111\u01a1n \u0111\u00e3 \u0111\u01b0\u1ee3c xu\u1ea5t, qu\u00fd kh\u00e1ch s\u1ebd c\u1ea7n y\u00eau c\u1ea7u ho\u00e0n ti\u1ec1n cho \u0111\u01a1n h\u00e0ng g\u1ed1c v\u00e0 \u0111\u1eb7t l\u1ea1i \u0111\u01a1n h\u00e0ng \u0111\u00f3 v\u1edbi c\u00e1c th\u00f4ng tin chi ti\u1ebft \u0111\u00e3 c\u1eadp nh\u1eadt. T\u00ecm hi\u1ec3u th\u00eam v\u1ec1 vi\u1ec7c <a href=\"https:\/\/wpml.org\/vi\/faq\/lam-cach-nao-toi-co-the-nhan-hoa-don-thue-wpml-va-cap-nhat-thong-tin-thanh-toan-cua-minh\/#can-i-update-billing-information-for-an-invoice-thats-already-been-issued\">c\u1eadp nh\u1eadt h\u00f3a \u0111\u01a1n \u0111\u00e3 xu\u1ea5t<\/a>. <\/p>\n<\/div>\n<\/div>\n<\/div>\n","protected":false},"excerpt":{"rendered":"<p>Qu\u00fd v\u1ecb c\u00f3 th\u1ec3 thay \u0111\u1ed5i ph\u01b0\u01a1ng th\u1ee9c thanh to\u00e1n cho c\u00e1c g\u00f3i WPML trong khu v\u1ef1c T\u00e0i kho\u1ea3n WPML c\u1ee7a m\u00ecnh, v\u00e0 cho D\u1ecbch t\u1ef1 \u0111\u1ed9ng trong tab Thanh to\u00e1n &amp; B\u1ea3o tr\u00ec trong trang qu\u1ea3n tr\u1ecb WordPress. C\u00f3 hai lo\u1ea1i thanh to\u00e1n trong WPML: M\u1ed7i t\u00f9y ch\u1ecdn c\u00f3 m\u1ed9t quy tr\u00ecnh kh\u00e1c nhau [&hellip;]<\/p>\n","protected":false},"author":76577,"featured_media":0,"parent":15671788,"menu_order":39,"comment_status":"closed","ping_status":"closed","template":"template-sidebar-2.php","meta":{"_bbp_topic_count":0,"_bbp_reply_count":0,"_bbp_total_topic_count":0,"_bbp_total_reply_count":0,"_bbp_voice_count":0,"_bbp_anonymous_reply_count":0,"_bbp_topic_count_hidden":0,"_bbp_reply_count_hidden":0,"_bbp_forum_subforum_count":0,"_uag_custom_page_level_css":"","ep_exclude_from_search":false,"footnotes":""},"related-projects-category":[],"class_list":["post-15274376","page","type-page","status-publish","hentry"],"spectra_custom_meta":{"ratings_users":["0"],"ratings_score":["0"],"ratings_average":["0"],"_subscription_coupon_product_id":["0"],"_wpv_contains_gutenberg_views":[""],"_alp_processed":["1772610385"],"_views_template":["0"],"wpcf-unformatted-code":[""],"_wpml_media_duplicate":["1"],"_wpml_media_featured":["1"],"toolset_post_editor_mode":["block"],"wpcf-price-increase-show-from":[""],"wpcf-price-increase-show-till":[""],"_wp_page_template":["template-sidebar-2.php"],"_last_translation_edit_mode":["translation-editor"],"_wpml_word_count":["639"],"cmplz_hide_cookiebanner":[""],"wpcf-price-increase-content":[""],"wpcf-login-box-title":[""],"wpcf-page-content":[""],"_yoast_wpseo_primary_related-projects-category":[""],"_yoast_wpseo_title":["%%page%% %%title%%"],"_yoast_wpseo_metadesc":["Thay \u0111\u1ed5i ph\u01b0\u01a1ng th\u1ee9c thanh to\u00e1n cho c\u00e1c g\u00f3i WPML trong khu v\u1ef1c T\u00e0i kho\u1ea3n WPML, v\u00e0 cho D\u1ecbch t\u1ef1 \u0111\u1ed9ng trong tab Thanh to\u00e1n & B\u1ea3o tr\u00ec trong WordPress."],"_yoast_wpseo_focuskw":["thay \u0111\u1ed5i ph\u01b0\u01a1ng th\u1ee9c thanh to\u00e1n"],"_uag_page_assets":["a:9:{s:3:\"css\";s:260:\".uag-blocks-common-selector{z-index:var(--z-index-desktop) !important}@media(max-width: 976px){.uag-blocks-common-selector{z-index:var(--z-index-tablet) !important}}@media(max-width: 767px){.uag-blocks-common-selector{z-index:var(--z-index-mobile) !important}}\";s:2:\"js\";s:0:\"\";s:18:\"current_block_list\";a:10:{i:0;s:14:\"core\/paragraph\";i:1;s:9:\"core\/list\";i:2;s:14:\"core\/list-item\";i:3;s:12:\"core\/heading\";i:4;s:20:\"toolset-blocks\/image\";i:5;s:24:\"toolset-blocks\/container\";i:6;s:19:\"toolset-blocks\/grid\";i:7;s:26:\"toolset-blocks\/grid-column\";i:9;s:22:\"toolset-blocks\/heading\";i:10;s:14:\"core\/shortcode\";}s:8:\"uag_flag\";b:0;s:11:\"uag_version\";s:10:\"1778101919\";s:6:\"gfonts\";a:0:{}s:10:\"gfonts_url\";s:0:\"\";s:12:\"gfonts_files\";a:0:{}s:14:\"uag_faq_layout\";b:0;}"],"_uag_css_file_name":["uag-css-15274376.css"]},"uagb_featured_image_src":{"full":false,"thumbnail":false,"medium":false,"medium_large":false,"large":false,"1536x1536":false,"2048x2048":false,"gform-image-choice-sm":false,"gform-image-choice-md":false,"gform-image-choice-lg":false,"woocommerce_thumbnail":false,"woocommerce_single":false,"woocommerce_gallery_thumbnail":false},"uagb_author_info":{"display_name":"Dario","author_link":"https:\/\/wpml.org\/vi\/author\/darioh\/"},"uagb_comment_info":0,"uagb_excerpt":"Qu\u00fd v\u1ecb c\u00f3 th\u1ec3 thay \u0111\u1ed5i ph\u01b0\u01a1ng th\u1ee9c thanh to\u00e1n cho c\u00e1c g\u00f3i WPML trong khu v\u1ef1c T\u00e0i kho\u1ea3n WPML c\u1ee7a m\u00ecnh, v\u00e0 cho D\u1ecbch t\u1ef1 \u0111\u1ed9ng trong tab Thanh to\u00e1n &amp; B\u1ea3o tr\u00ec trong trang qu\u1ea3n tr\u1ecb WordPress. C\u00f3 hai lo\u1ea1i thanh to\u00e1n trong WPML: M\u1ed7i t\u00f9y ch\u1ecdn c\u00f3 m\u1ed9t quy tr\u00ecnh kh\u00e1c nhau&hellip;","_links":{"self":[{"href":"https:\/\/wpml.org\/vi\/wp-json\/wp\/v2\/pages\/15274376","targetHints":{"allow":["GET"]}}],"collection":[{"href":"https:\/\/wpml.org\/vi\/wp-json\/wp\/v2\/pages"}],"about":[{"href":"https:\/\/wpml.org\/vi\/wp-json\/wp\/v2\/types\/page"}],"author":[{"embeddable":true,"href":"https:\/\/wpml.org\/vi\/wp-json\/wp\/v2\/users\/76577"}],"replies":[{"embeddable":true,"href":"https:\/\/wpml.org\/vi\/wp-json\/wp\/v2\/comments?post=15274376"}],"version-history":[{"count":8,"href":"https:\/\/wpml.org\/vi\/wp-json\/wp\/v2\/pages\/15274376\/revisions"}],"predecessor-version":[{"id":17870782,"href":"https:\/\/wpml.org\/vi\/wp-json\/wp\/v2\/pages\/15274376\/revisions\/17870782"}],"up":[{"embeddable":true,"href":"https:\/\/wpml.org\/vi\/wp-json\/wp\/v2\/pages\/15671788"}],"wp:attachment":[{"href":"https:\/\/wpml.org\/vi\/wp-json\/wp\/v2\/media?parent=15274376"}],"wp:term":[{"taxonomy":"related-projects-category","embeddable":true,"href":"https:\/\/wpml.org\/vi\/wp-json\/wp\/v2\/related-projects-category?post=15274376"}],"curies":[{"name":"wp","href":"https:\/\/api.w.org\/{rel}","templated":true}]}}