{"id":15404592,"date":"2022-02-22T08:57:45","date_gmt":"2022-02-22T08:57:45","guid":{"rendered":"https:\/\/wpml.org\/dich-tu-dong-cho-noi-dung-wordpress-voi-wpml\/cach-dang-ky-tra-tien-khi-ban-di-chuyen\/"},"modified":"2026-05-05T15:44:30","modified_gmt":"2026-05-05T15:44:30","slug":"cach-dang-ky-tra-tien-khi-ban-di-chuyen","status":"publish","type":"page","link":"https:\/\/wpml.org\/vi\/tai-lieu-wpml\/dich-tu-dong-cho-noi-dung-wordpress-voi-wpml\/cach-dang-ky-tra-tien-khi-ban-di-chuyen\/","title":{"rendered":"C\u00e1ch \u0111\u0103ng k\u00fd Tr\u1ea3 ti\u1ec1n cho nh\u1eefng g\u00ec b\u1ea1n ti\u00eau th\u1ee5"},"content":{"rendered":"\n<p class=\"lead\">Thanh to\u00e1n cho d\u1ecbch t\u1ef1 \u0111\u1ed9ng khi s\u1eed d\u1ee5ng cho ph\u00e9p b\u1ea1n d\u1ecbch n\u1ed9i dung c\u1ee7a m\u00ecnh, sau \u0111\u00f3 thanh to\u00e1n cho c\u00e1c b\u1ea3n d\u1ecbch v\u00e0o cu\u1ed1i th\u00e1ng. 2.000 t\u00edn d\u1ee5ng \u0111\u1ea7u ti\u00ean c\u1ee7a b\u1ea1n m\u1ed7i th\u00e1ng l\u00e0 mi\u1ec5n ph\u00ed, v\u00e0 b\u1ea1n ch\u1ec9 b\u1ecb t\u00ednh ph\u00ed cho s\u1ed1 t\u00edn d\u1ee5ng b\u1ea1n th\u1ef1c s\u1ef1 s\u1eed d\u1ee5ng. <\/p>\n\n<p>S\u1eed d\u1ee5ng Tr\u1ea3 ti\u1ec1n cho nh\u1eefng g\u00ec b\u1ea1n ti\u00eau th\u1ee5 \u0111\u1ec3 d\u1ecbch t\u1ef1 \u0111\u1ed9ng l\u00e0 c\u00e1ch h\u1ee3p l\u00fd v\u00e0 linh ho\u1ea1t nh\u1ea5t \u0111\u1ec3 d\u1ecbch trang web c\u1ee7a b\u1ea1n. \u0110\u1ec3 \u0111\u0103ng k\u00fd, b\u1ea1n kh\u00f4ng c\u1ea7n quy\u1ec1n truy c\u1eadp v\u00e0o t\u00e0i kho\u1ea3n WPML.org. B\u1ea5t k\u1ef3 ng\u01b0\u1eddi d\u00f9ng n\u00e0o \u0111\u01b0\u1ee3c thi\u1ebft l\u1eadp l\u00e0m <a href=\"https:\/\/wpml.org\/documentation\/translating-your-contents\/working-with-translation-managers\/\">Qu\u1ea3n l\u00fd D\u1ecbch thu\u1eadt<\/a> tr\u00ean trang web \u0111\u1ec1u c\u00f3 th\u1ec3 \u0111\u0103ng k\u00fd tr\u1ef1c ti\u1ebfp m\u00e0 kh\u00f4ng c\u1ea7n th\u00f4ng qua nh\u00e0 ph\u00e1t tri\u1ec3n trang web.  <\/p>\n\n<p>\u0110\u1ec3 b\u1eaft \u0111\u1ea7u tr\u1ea3 ti\u1ec1n cho nh\u1eefng g\u00ec b\u1ea1n ti\u00eau th\u1ee5:<\/p>\n\n<ol class=\"wp-block-list\">\n<li>\u0110i t\u1edbi <strong>WPML<\/strong> \u2192 <strong>B\u1ea3ng \u0111i\u1ec1u khi\u1ec3n D\u1ecbch thu\u1eadt<\/strong>, nh\u1ea5p v\u00e0o tab <strong>Thanh to\u00e1n &amp; B\u1ea3o tr\u00ec<\/strong>, sau \u0111\u00f3 nh\u1ea5p v\u00e0o n\u00fat <strong>K\u00edch ho\u1ea1t Tr\u1ea3 ti\u1ec1n cho nh\u1eefng g\u00ec b\u1ea1n ti\u00eau th\u1ee5<\/strong>.<\/li>\n<\/ol>\n\n<figure class=\"wp-block-image tb-image tb-image-dynamic tb-image-frame-none\" data-toolset-blocks-image=\"4d6e12ff933c6843503705d63f09b857\"><a href=\"https:\/\/wpml.org\/wp-content\/uploads\/2026\/03\/wpml-activate-pay-as-you-go.png\"><img decoding=\"async\" width=\"1903\" height=\"727\" loading=\"lazy\" src=\"https:\/\/wpml.org\/wp-content\/uploads\/2026\/03\/wpml-activate-pay-as-you-go.png\" alt=\"\" class=\"wp-image-17920659\" srcset=\"https:\/\/wpml.org\/wp-content\/uploads\/2026\/03\/wpml-activate-pay-as-you-go.png 1903w, https:\/\/wpml.org\/wp-content\/uploads\/2026\/03\/wpml-activate-pay-as-you-go-300x115.png 300w, https:\/\/wpml.org\/wp-content\/uploads\/2026\/03\/wpml-activate-pay-as-you-go-1024x391.png 1024w, https:\/\/wpml.org\/wp-content\/uploads\/2026\/03\/wpml-activate-pay-as-you-go-150x57.png 150w, https:\/\/wpml.org\/wp-content\/uploads\/2026\/03\/wpml-activate-pay-as-you-go-768x293.png 768w, https:\/\/wpml.org\/wp-content\/uploads\/2026\/03\/wpml-activate-pay-as-you-go-1536x587.png 1536w\" sizes=\"auto, (max-width: 1903px) 100vw, 1903px\" \/><\/a><figcaption><div class=\"tb-image-caption\">K\u00edch ho\u1ea1t Tr\u1ea3 ti\u1ec1n cho nh\u1eefng g\u00ec b\u1ea1n ti\u00eau th\u1ee5 trong WPML<\/div><\/figcaption><\/figure>\n\n<ol start=\"2\" class=\"wp-block-list\">\n<li>Tr\u00ean trang \u0111\u0103ng k\u00fd, h\u00e3y th\u00eam th\u00f4ng tin thanh to\u00e1n c\u1ee7a b\u1ea1n v\u00e0 x\u00e1c nh\u1eadn b\u1eb1ng c\u00e1ch nh\u1ea5p v\u00e0o <strong>K\u00edch ho\u1ea1t Tr\u1ea3 ti\u1ec1n cho nh\u1eefng g\u00ec b\u1ea1n ti\u00eau th\u1ee5 v\u00e0 ti\u1ebfp t\u1ee5c<\/strong>. B\u1ea1n \u0111\u00e3 s\u1eb5n s\u00e0ng \u0111\u1ec3 b\u1eaft \u0111\u1ea7u d\u1ecbch thu\u1eadt! <\/li>\n<\/ol>\n\n<figure class=\"wp-block-image tb-image tb-image-dynamic tb-image-frame-none\" data-toolset-blocks-image=\"f85b35725fa6e5a1e685c0f1a5b00dd2\"><a href=\"https:\/\/wpml.org\/wp-content\/uploads\/2026\/03\/wpml-pay-as-you-go-sign-up.png\"><img decoding=\"async\" width=\"1260\" height=\"674\" loading=\"lazy\" src=\"https:\/\/wpml.org\/wp-content\/uploads\/2026\/03\/wpml-pay-as-you-go-sign-up.png\" alt=\"\" class=\"wp-image-17920751\" srcset=\"https:\/\/wpml.org\/wp-content\/uploads\/2026\/03\/wpml-pay-as-you-go-sign-up.png 1260w, https:\/\/wpml.org\/wp-content\/uploads\/2026\/03\/wpml-pay-as-you-go-sign-up-300x160.png 300w, https:\/\/wpml.org\/wp-content\/uploads\/2026\/03\/wpml-pay-as-you-go-sign-up-1024x548.png 1024w, https:\/\/wpml.org\/wp-content\/uploads\/2026\/03\/wpml-pay-as-you-go-sign-up-150x80.png 150w, https:\/\/wpml.org\/wp-content\/uploads\/2026\/03\/wpml-pay-as-you-go-sign-up-768x411.png 768w\" sizes=\"auto, (max-width: 1260px) 100vw, 1260px\" \/><\/a><figcaption><div class=\"tb-image-caption\">\u0110\u0103ng k\u00fd Tr\u1ea3 ti\u1ec1n cho nh\u1eefng g\u00ec b\u1ea1n ti\u00eau th\u1ee5 c\u1ee7a WPML \u0111\u1ec3 d\u1ecbch t\u1ef1 \u0111\u1ed9ng<\/div><\/figcaption><\/figure>\n\n<p>\u0110\u1ecdc th\u00eam v\u1ec1 <a href=\"https:\/\/wpml.org\/vi\/tai-lieu-wpml\/dich-tu-dong-cho-noi-dung-wordpress-voi-wpml\/phi-dich-tu-dong\/\">gi\u00e1 tr\u1ea3 ti\u1ec1n cho nh\u1eefng g\u00ec b\u1ea1n ti\u00eau th\u1ee5<\/a> v\u00e0 <a href=\"https:\/\/wpml.org\/faq\/how-do-automatic-translation-account-invoices-work\/\">c\u00e1ch th\u1ee9c ho\u1ea1t \u0111\u1ed9ng c\u1ee7a h\u00f3a \u0111\u01a1n<\/a>.<\/p>\n\n<h2 class=\"wp-block-heading\">Thanh to\u00e1n b\u1eb1ng th\u1ebb t\u00edn d\u1ee5ng<\/h2>\n\n<p>\u0110\u1ec3 \u0111\u0103ng k\u00fd Tr\u1ea3 ti\u1ec1n cho nh\u1eefng g\u00ec b\u1ea1n ti\u00eau th\u1ee5, b\u1ea1n s\u1ebd c\u1ea7n th\u1ebb t\u00edn d\u1ee5ng. PayPal hi\u1ec7n ch\u01b0a \u0111\u01b0\u1ee3c h\u1ed7 tr\u1ee3. Khi b\u1ea1n nh\u1eadp th\u00f4ng tin th\u1ebb, WPML kh\u00f4ng l\u01b0u tr\u1eef c\u00e1c th\u00f4ng tin n\u00e0y \u2014 m\u1ecdi th\u1ee9 \u0111\u1ec1u \u0111\u01b0\u1ee3c Stripe x\u1eed l\u00fd b\u1ea3o m\u1eadt.  <\/p>\n\n<h2 class=\"wp-block-heading\" id=\"paying-as-you-go-across-multiple-sites\">Thanh to\u00e1n khi b\u1ea1n truy c\u1eadp tr\u00ean nhi\u1ec1u trang web<\/h2>\n\n<p>N\u1ebfu b\u1ea1n qu\u1ea3n l\u00fd nhi\u1ec1u h\u01a1n m\u1ed9t trang web \u0111a ng\u00f4n ng\u1eef, b\u1ea1n c\u00f3 th\u1ec3 <a href=\"https:\/\/wpml.org\/documentation\/translating-your-contents\/advanced-translation-editor\/automatic-translation-subscription-for-multiple-sites\/\">tr\u1ea3 ti\u1ec1n cho nh\u1eefng g\u00ec b\u1ea1n ti\u00eau th\u1ee5 tr\u00ean t\u1ea5t c\u1ea3 c\u00e1c trang web \u0111\u00e3 \u0111\u0103ng k\u00fd c\u1ee7a b\u1ea1n<\/a>. \u0110i\u1ec1u n\u00e0y cho ph\u00e9p b\u1ea1n chia s\u1ebb t\u00edn d\u1ee5ng d\u1ecbch t\u1ef1 \u0111\u1ed9ng, b\u1ea3ng thu\u1eadt ng\u1eef v\u00e0 b\u1ed9 nh\u1edb d\u1ecbch thu\u1eadt gi\u1eefa nhi\u1ec1u trang web, bao g\u1ed3m c\u1ea3 c\u00e1c trang web con trong c\u00f9ng m\u1ed9t c\u00e0i \u0111\u1eb7t nhi\u1ec1u trang web. <\/p>\n\n<h2 class=\"wp-block-heading\" id=\"how-to-stop-paying-as-you-go\">L\u00e0m th\u1ebf n\u00e0o \u0111\u1ec3 ng\u1eebng thanh to\u00e1n khi b\u1ea1n di chuy\u1ec3n<\/h2>\n\n<p>B\u1ea1n kh\u00f4ng b\u1ecb r\u00e0ng bu\u1ed9c b\u1edfi h\u1ee3p \u0111\u1ed3ng v\u00e0 c\u00f3 th\u1ec3 ng\u1eebng thanh to\u00e1n b\u1ea5t c\u1ee9 l\u00fac n\u00e0o.<\/p>\n\n<p>\u0110i t\u1edbi <strong>WPML<\/strong> \u2192 <strong>B\u1ea3ng \u0111i\u1ec1u khi\u1ec3n D\u1ecbch thu\u1eadt<\/strong> v\u00e0 nh\u1ea5p v\u00e0o tab <strong>Thanh to\u00e1n &amp; B\u1ea3o tr\u00ec<\/strong>. Trong ph\u1ea7n <strong>Chi ti\u1ebft t\u00e0i kho\u1ea3n Tr\u1ea3 ti\u1ec1n cho nh\u1eefng g\u00ec b\u1ea1n ti\u00eau th\u1ee5<\/strong>, h\u00e3y nh\u1ea5p v\u00e0o li\u00ean k\u1ebft <strong>Ng\u1eebng s\u1eed d\u1ee5ng tr\u1ea3 ti\u1ec1n cho nh\u1eefng g\u00ec b\u1ea1n ti\u00eau th\u1ee5<\/strong>.<\/p>\n\n<p>B\u1ea1n s\u1ebd nh\u1eadn \u0111\u01b0\u1ee3c h\u00f3a \u0111\u01a1n cu\u1ed1i c\u00f9ng cho b\u1ea5t k\u1ef3 t\u00edn d\u1ee5ng n\u00e0o b\u1ea1n \u0111\u00e3 s\u1eed d\u1ee5ng k\u1ec3 t\u1eeb h\u00f3a \u0111\u01a1n cu\u1ed1i c\u00f9ng c\u1ee7a b\u1ea1n.<\/p>\n","protected":false},"excerpt":{"rendered":"<p>Thanh to\u00e1n cho d\u1ecbch t\u1ef1 \u0111\u1ed9ng khi s\u1eed d\u1ee5ng cho ph\u00e9p b\u1ea1n d\u1ecbch n\u1ed9i dung c\u1ee7a m\u00ecnh, sau \u0111\u00f3 thanh to\u00e1n cho c\u00e1c b\u1ea3n d\u1ecbch v\u00e0o cu\u1ed1i th\u00e1ng. 2.000 t\u00edn d\u1ee5ng \u0111\u1ea7u ti\u00ean c\u1ee7a b\u1ea1n m\u1ed7i th\u00e1ng l\u00e0 mi\u1ec5n ph\u00ed, v\u00e0 b\u1ea1n ch\u1ec9 b\u1ecb t\u00ednh ph\u00ed cho s\u1ed1 t\u00edn d\u1ee5ng b\u1ea1n th\u1ef1c s\u1ef1 s\u1eed d\u1ee5ng. [&hellip;]<\/p>\n","protected":false},"author":76577,"featured_media":0,"parent":14527979,"menu_order":19,"comment_status":"closed","ping_status":"closed","template":"template-nosidebar-centered.php","meta":{"_bbp_topic_count":0,"_bbp_reply_count":0,"_bbp_total_topic_count":0,"_bbp_total_reply_count":0,"_bbp_voice_count":0,"_bbp_anonymous_reply_count":0,"_bbp_topic_count_hidden":0,"_bbp_reply_count_hidden":0,"_bbp_forum_subforum_count":0,"_uag_custom_page_level_css":"","ep_exclude_from_search":false,"footnotes":""},"related-projects-category":[],"class_list":["post-15404592","page","type-page","status-publish","hentry"],"spectra_custom_meta":{"ratings_users":["0"],"ratings_score":["0"],"ratings_average":["0"],"_subscription_coupon_product_id":["0"],"_wpv_contains_gutenberg_views":[""],"_alp_processed":["1777995870"],"wpcf-unformatted-code":[""],"_wpml_media_duplicate":["1"],"_wpml_media_featured":["1"],"toolset_post_editor_mode":["block"],"wpcf-price-increase-show-from":[""],"wpcf-price-increase-show-till":[""],"_last_translation_edit_mode":["translation-editor"],"_oembed_920202e323cae5d4978973f8ff477cf1":["<iframe title=\"How to Activate Pay-As-You-Go Automatic Translation in WPML\" width=\"700\" height=\"394\" src=\"https:\/\/www.youtube.com\/embed\/QP0EH_nMy0k?feature=oembed\" frameborder=\"0\" allow=\"accelerometer; autoplay; clipboard-write; encrypted-media; gyroscope; picture-in-picture; web-share\" allowfullscreen><\/iframe>"],"_oembed_time_920202e323cae5d4978973f8ff477cf1":["1710344497"],"_wp_page_template":["template-nosidebar-centered.php"],"_wpml_word_count":["503"],"_uag_css_file_name":["uag-css-15404592.css"],"_uag_page_assets":["a:9:{s:3:\"css\";s:260:\".uag-blocks-common-selector{z-index:var(--z-index-desktop) !important}@media(max-width: 976px){.uag-blocks-common-selector{z-index:var(--z-index-tablet) !important}}@media(max-width: 767px){.uag-blocks-common-selector{z-index:var(--z-index-mobile) !important}}\";s:2:\"js\";s:0:\"\";s:18:\"current_block_list\";a:6:{i:0;s:14:\"core\/paragraph\";i:1;s:9:\"core\/list\";i:2;s:14:\"core\/list-item\";i:3;s:20:\"toolset-blocks\/image\";i:4;s:12:\"core\/heading\";i:5;s:14:\"core\/shortcode\";}s:8:\"uag_flag\";b:0;s:11:\"uag_version\";s:10:\"1778462940\";s:6:\"gfonts\";a:0:{}s:10:\"gfonts_url\";s:0:\"\";s:12:\"gfonts_files\";a:0:{}s:14:\"uag_faq_layout\";b:0;}"]},"uagb_featured_image_src":{"full":false,"thumbnail":false,"medium":false,"medium_large":false,"large":false,"1536x1536":false,"2048x2048":false,"gform-image-choice-sm":false,"gform-image-choice-md":false,"gform-image-choice-lg":false,"woocommerce_thumbnail":false,"woocommerce_single":false,"woocommerce_gallery_thumbnail":false},"uagb_author_info":{"display_name":"Dario","author_link":"https:\/\/wpml.org\/vi\/author\/darioh\/"},"uagb_comment_info":0,"uagb_excerpt":"Thanh to\u00e1n cho d\u1ecbch t\u1ef1 \u0111\u1ed9ng khi s\u1eed d\u1ee5ng cho ph\u00e9p b\u1ea1n d\u1ecbch n\u1ed9i dung c\u1ee7a m\u00ecnh, sau \u0111\u00f3 thanh to\u00e1n cho c\u00e1c b\u1ea3n d\u1ecbch v\u00e0o cu\u1ed1i th\u00e1ng. 2.000 t\u00edn d\u1ee5ng \u0111\u1ea7u ti\u00ean c\u1ee7a b\u1ea1n m\u1ed7i th\u00e1ng l\u00e0 mi\u1ec5n ph\u00ed, v\u00e0 b\u1ea1n ch\u1ec9 b\u1ecb t\u00ednh ph\u00ed cho s\u1ed1 t\u00edn d\u1ee5ng b\u1ea1n th\u1ef1c s\u1ef1 s\u1eed d\u1ee5ng.&hellip;","_links":{"self":[{"href":"https:\/\/wpml.org\/vi\/wp-json\/wp\/v2\/pages\/15404592","targetHints":{"allow":["GET"]}}],"collection":[{"href":"https:\/\/wpml.org\/vi\/wp-json\/wp\/v2\/pages"}],"about":[{"href":"https:\/\/wpml.org\/vi\/wp-json\/wp\/v2\/types\/page"}],"author":[{"embeddable":true,"href":"https:\/\/wpml.org\/vi\/wp-json\/wp\/v2\/users\/76577"}],"replies":[{"embeddable":true,"href":"https:\/\/wpml.org\/vi\/wp-json\/wp\/v2\/comments?post=15404592"}],"version-history":[{"count":8,"href":"https:\/\/wpml.org\/vi\/wp-json\/wp\/v2\/pages\/15404592\/revisions"}],"predecessor-version":[{"id":18014687,"href":"https:\/\/wpml.org\/vi\/wp-json\/wp\/v2\/pages\/15404592\/revisions\/18014687"}],"up":[{"embeddable":true,"href":"https:\/\/wpml.org\/vi\/wp-json\/wp\/v2\/pages\/14527979"}],"wp:attachment":[{"href":"https:\/\/wpml.org\/vi\/wp-json\/wp\/v2\/media?parent=15404592"}],"wp:term":[{"taxonomy":"related-projects-category","embeddable":true,"href":"https:\/\/wpml.org\/vi\/wp-json\/wp\/v2\/related-projects-category?post=15404592"}],"curies":[{"name":"wp","href":"https:\/\/api.w.org\/{rel}","templated":true}]}}