{"id":15404675,"date":"2017-06-12T10:26:48","date_gmt":"2017-06-12T10:26:48","guid":{"rendered":"https:\/\/wpml.org\/huong-dan-bat-dau\/dich-cac-truong-tuy-chinh\/"},"modified":"2025-10-14T11:36:00","modified_gmt":"2025-10-14T11:36:00","slug":"dich-cac-truong-tuy-chinh","status":"publish","type":"page","link":"https:\/\/wpml.org\/vi\/tai-lieu-wpml\/huong-dan-bat-dau\/dich-cac-truong-tuy-chinh\/","title":{"rendered":"D\u1ecbch c\u00e1c tr\u01b0\u1eddng t\u00f9y ch\u1ec9nh v\u1edbi WPML"},"content":{"rendered":"\n<p class=\"lead\">T\u00ecm hi\u1ec3u c\u00e1ch d\u1ecbch c\u00e1c tr\u01b0\u1eddng t\u00f9y ch\u1ec9nh trong WordPress sang nhi\u1ec1u ng\u00f4n ng\u1eef h\u01a1n v\u1edbi WPML.<\/p>\n\n<p>C\u00e1c tr\u01b0\u1eddng t\u00f9y ch\u1ec9nh cho ph\u00e9p b\u1ea1n th\u00eam d\u1eef li\u1ec7u b\u1ed5 sung nh\u01b0 v\u0103n b\u1ea3n, h\u00ecnh \u1ea3nh ho\u1eb7c l\u1ef1a ch\u1ecdn v\u00e0o b\u00e0i vi\u1ebft, trang v\u00e0 c\u00e1c lo\u1ea1i b\u00e0i \u0111\u0103ng t\u00f9y ch\u1ec9nh c\u1ee7a b\u1ea1n. <\/p>\n\n<p>V\u00ed d\u1ee5, m\u1ed9t trang web b\u1ea5t \u0111\u1ed9ng s\u1ea3n c\u00f3 th\u1ec3 s\u1eed d\u1ee5ng m\u1ed9t lo\u1ea1i b\u00e0i \u0111\u0103ng t\u00f9y ch\u1ec9nh g\u1ecdi l\u00e0 &#8220;B\u1ea5t \u0111\u1ed9ng s\u1ea3n&#8221;, c\u00f3 c\u00e1c tr\u01b0\u1eddng t\u00f9y ch\u1ec9nh nh\u01b0 Gi\u00e1, Lo\u1ea1i b\u1ea5t \u0111\u1ed9ng s\u1ea3n v\u00e0 S\u1ed1 ph\u00f2ng. V\u1edbi WPML, b\u1ea1n c\u00f3 th\u1ec3 d\u1ecbch c\u00e1c tr\u01b0\u1eddng n\u00e0y gi\u1ed1ng nh\u01b0 b\u1ea5t k\u1ef3 n\u1ed9i dung n\u00e0o kh\u00e1c tr\u00ean trang web c\u1ee7a b\u1ea1n. <\/p>\n\n<figure class=\"wp-block-image tb-image tb-image-dynamic tb-image-frame-none\" data-toolset-blocks-image=\"705765218e4d86d580d0e56e91595af8\"><a href=\"https:\/\/wpml.org\/wp-content\/uploads\/2025\/10\/Custom-post-with-custom-fields.png\"><img decoding=\"async\" width=\"1024\" height=\"790\" loading=\"lazy\" src=\"https:\/\/wpml.org\/wp-content\/uploads\/2025\/10\/Custom-post-with-custom-fields-1024x790.png\" alt=\"Custom post with custom fields\" class=\"wp-image-17481094\" srcset=\"https:\/\/wpml.org\/wp-content\/uploads\/2025\/10\/Custom-post-with-custom-fields-1024x790.png 1024w, https:\/\/wpml.org\/wp-content\/uploads\/2025\/10\/Custom-post-with-custom-fields-300x231.png 300w, https:\/\/wpml.org\/wp-content\/uploads\/2025\/10\/Custom-post-with-custom-fields-150x116.png 150w, https:\/\/wpml.org\/wp-content\/uploads\/2025\/10\/Custom-post-with-custom-fields-768x592.png 768w, https:\/\/wpml.org\/wp-content\/uploads\/2025\/10\/Custom-post-with-custom-fields-1536x1185.png 1536w, https:\/\/wpml.org\/wp-content\/uploads\/2025\/10\/Custom-post-with-custom-fields.png 1600w\" sizes=\"auto, (max-width: 1024px) 100vw, 1024px\" \/><\/a><figcaption><div class=\"tb-image-caption\">B\u00e0i \u0111\u0103ng t\u00f9y ch\u1ec9nh v\u1edbi c\u00e1c tr\u01b0\u1eddng t\u00f9y ch\u1ec9nh<\/div><\/figcaption><\/figure>\n\n<p><\/p>\n\n<div class=\"wp-block-toolset-blocks-container tb-container\" data-toolset-blocks-container=\"f908b134276ba3432b0b77744504af0a\">\n<div class=\"wp-block-toolset-blocks-grid tb-grid\" data-toolset-blocks-grid=\"11c011d4d76e7a5d432ca395f201a03b\">\n<div class=\"wp-block-toolset-blocks-grid-column tb-grid-column tb-grid-align-top\" data-toolset-blocks-grid-column=\"3034fbe886c11054e95b46b09d3e4112\">\n<div class=\"wp-block-toolset-blocks-container tb-container\" data-toolset-blocks-container=\"5cf35f77ebe86fbe26ba5394e7247dee\"><\/div>\n<\/div>\n\n\n\n<div class=\"wp-block-toolset-blocks-grid-column tb-grid-column tb-grid-align-top\" data-toolset-blocks-grid-column=\"3034fbe886c11054e95b46b09d3e4112\">\n<p>N\u1ebfu b\u1ea1n \u0111ang s\u1eed d\u1ee5ng ACF \u0111\u1ec3 x\u00e2y d\u1ef1ng c\u00e1c tr\u01b0\u1eddng t\u00f9y ch\u1ec9nh c\u1ee7a m\u00ecnh, h\u00e3y l\u00e0m theo h\u01b0\u1edbng d\u1eabn c\u1ee7a WPML \u0111\u1ec3 <a href=\"https:\/\/wpml.org\/vi\/tai-lieu-wpml\/cac-du-an-lien-quan\/truong-tuy-chinh-nang-cao-acf-da-ngon-ngu-dich-tat-ca-cac-truong-bang-wpml\/\">d\u1ecbch c\u00e1c tr\u01b0\u1eddng t\u00f9y ch\u1ec9nh ACF<\/a>.<\/p>\n<\/div>\n<\/div>\n<\/div>\n\n<h2 class=\"wp-block-heading\"><strong>C\u00e1ch d\u1ecbch c\u00e1c tr\u01b0\u1eddng t\u00f9y ch\u1ec9nh<\/strong><\/h2>\n\n<p>\u0110\u1ec3 d\u1ecbch c\u00e1c tr\u01b0\u1eddng t\u00f9y ch\u1ec9nh v\u1edbi WPML:<\/p>\n\n<ol class=\"wp-block-list\">\n<li>\u0110i t\u1edbi <strong>WPML <\/strong>\u2192 <strong>c\u00e0i \u0111\u1eb7t<\/strong>.<\/li>\n\n\n\n<li>Cu\u1ed9n xu\u1ed1ng ph\u1ea7n <strong>D\u1ecbch tr\u01b0\u1eddng t\u00f9y ch\u1ec9nh<\/strong>. <\/li>\n\n\n\n<li>\u0110\u1eb7t ph\u01b0\u01a1ng th\u1ee9c d\u1ecbch cho t\u1eebng tr\u01b0\u1eddng t\u00f9y ch\u1ec9nh.<\/li>\n<\/ol>\n\n<figure class=\"wp-block-image tb-image tb-image-dynamic tb-image-frame-none\" data-toolset-blocks-image=\"673df9f6d51f90a46d39244d83465e4a\"><a href=\"https:\/\/wpml.org\/wp-content\/uploads\/2025\/10\/Setting-translation-options-for-custom-fields.png\"><img decoding=\"async\" width=\"1024\" height=\"331\" loading=\"lazy\" src=\"https:\/\/wpml.org\/wp-content\/uploads\/2025\/10\/Setting-translation-options-for-custom-fields-1024x331.png\" alt=\"Setting translation options for custom fields\" class=\"wp-image-17481108\" srcset=\"https:\/\/wpml.org\/wp-content\/uploads\/2025\/10\/Setting-translation-options-for-custom-fields-1024x331.png 1024w, https:\/\/wpml.org\/wp-content\/uploads\/2025\/10\/Setting-translation-options-for-custom-fields-300x97.png 300w, https:\/\/wpml.org\/wp-content\/uploads\/2025\/10\/Setting-translation-options-for-custom-fields-150x48.png 150w, https:\/\/wpml.org\/wp-content\/uploads\/2025\/10\/Setting-translation-options-for-custom-fields-768x248.png 768w, https:\/\/wpml.org\/wp-content\/uploads\/2025\/10\/Setting-translation-options-for-custom-fields-1536x496.png 1536w, https:\/\/wpml.org\/wp-content\/uploads\/2025\/10\/Setting-translation-options-for-custom-fields.png 1600w\" sizes=\"auto, (max-width: 1024px) 100vw, 1024px\" \/><\/a><figcaption><div class=\"tb-image-caption\">Thi\u1ebft l\u1eadp t\u00f9y ch\u1ecdn d\u1ecbch cho c\u00e1c tr\u01b0\u1eddng t\u00f9y ch\u1ec9nh<\/div><\/figcaption><\/figure>\n\n<p><\/p>\n\n<ol start=\"4\" class=\"wp-block-list\">\n<li>Cu\u1ed1i c\u00f9ng, \u0111i t\u1edbi <strong>WPML <\/strong>\u2192 <strong>B\u1ea3ng \u0111i\u1ec1u khi\u1ec3n d\u1ecbch<\/strong> v\u00e0 g\u1eedi n\u1ed9i dung v\u1edbi c\u00e1c tr\u01b0\u1eddng t\u00f9y ch\u1ec9nh c\u1ee7a b\u1ea1n \u0111\u1ec3 d\u1ecbch.<\/li>\n<\/ol>\n\n<figure class=\"wp-block-image tb-image tb-image-dynamic tb-image-frame-none\" data-toolset-blocks-image=\"c6661dd81288c9d90651838c7b6a7707\"><a href=\"https:\/\/wpml.org\/wp-content\/uploads\/2025\/10\/Selecting-post-with-custom-fields-for-translation.png\"><img decoding=\"async\" width=\"1024\" height=\"611\" loading=\"lazy\" src=\"https:\/\/wpml.org\/wp-content\/uploads\/2025\/10\/Selecting-post-with-custom-fields-for-translation-1024x611.png\" alt=\"Selecting post with custom fields for translation\" class=\"wp-image-17481122\" srcset=\"https:\/\/wpml.org\/wp-content\/uploads\/2025\/10\/Selecting-post-with-custom-fields-for-translation-1024x611.png 1024w, https:\/\/wpml.org\/wp-content\/uploads\/2025\/10\/Selecting-post-with-custom-fields-for-translation-300x179.png 300w, https:\/\/wpml.org\/wp-content\/uploads\/2025\/10\/Selecting-post-with-custom-fields-for-translation-150x90.png 150w, https:\/\/wpml.org\/wp-content\/uploads\/2025\/10\/Selecting-post-with-custom-fields-for-translation-768x458.png 768w, https:\/\/wpml.org\/wp-content\/uploads\/2025\/10\/Selecting-post-with-custom-fields-for-translation-1536x917.png 1536w, https:\/\/wpml.org\/wp-content\/uploads\/2025\/10\/Selecting-post-with-custom-fields-for-translation.png 1600w\" sizes=\"auto, (max-width: 1024px) 100vw, 1024px\" \/><\/a><figcaption><div class=\"tb-image-caption\">Ch\u1ecdn b\u00e0i \u0111\u0103ng v\u1edbi c\u00e1c tr\u01b0\u1eddng t\u00f9y ch\u1ec9nh \u0111\u1ec3 d\u1ecbch<\/div><\/figcaption><\/figure>\n\n<p>C\u00e1c tr\u01b0\u1eddng t\u00f9y ch\u1ec9nh c\u1ee7a b\u1ea1n s\u1ebd xu\u1ea5t hi\u1ec7n \u0111\u00e3 \u0111\u01b0\u1ee3c d\u1ecbch khi chuy\u1ec3n \u0111\u1ed5i ng\u00f4n ng\u1eef.<\/p>\n\n<div class=\"wp-block-toolset-blocks-grid tb-grid\" data-toolset-blocks-grid=\"3d9c399fe625e1b972f817a0680229f6\">\n<div class=\"wp-block-toolset-blocks-grid-column tb-grid-column tb-grid-align-top\" data-toolset-blocks-grid-column=\"3034fbe886c11054e95b46b09d3e4112\">\n<figure class=\"wp-block-image tb-image tb-image-dynamic tb-image-frame-none\" data-toolset-blocks-image=\"31312e777e633d48752a511b81fd8f31\"><a href=\"https:\/\/wpml.org\/wp-content\/uploads\/2025\/10\/Custom-fields-in-English-1.png\"><img decoding=\"async\" width=\"1024\" height=\"589\" loading=\"lazy\" src=\"https:\/\/wpml.org\/wp-content\/uploads\/2025\/10\/Custom-fields-in-English-1-1024x589.png\" alt=\"Custom fields in English\" class=\"wp-image-17481166\" srcset=\"https:\/\/wpml.org\/wp-content\/uploads\/2025\/10\/Custom-fields-in-English-1-1024x589.png 1024w, https:\/\/wpml.org\/wp-content\/uploads\/2025\/10\/Custom-fields-in-English-1-300x173.png 300w, https:\/\/wpml.org\/wp-content\/uploads\/2025\/10\/Custom-fields-in-English-1-150x86.png 150w, https:\/\/wpml.org\/wp-content\/uploads\/2025\/10\/Custom-fields-in-English-1-768x442.png 768w, https:\/\/wpml.org\/wp-content\/uploads\/2025\/10\/Custom-fields-in-English-1-1536x884.png 1536w, https:\/\/wpml.org\/wp-content\/uploads\/2025\/10\/Custom-fields-in-English-1.png 1600w\" sizes=\"auto, (max-width: 1024px) 100vw, 1024px\" \/><\/a><figcaption><div class=\"tb-image-caption\">C\u00e1c tr\u01b0\u1eddng t\u00f9y ch\u1ec9nh b\u1eb1ng ti\u1ebfng Anh<\/div><\/figcaption><\/figure>\n<\/div>\n\n\n\n<div class=\"wp-block-toolset-blocks-grid-column tb-grid-column tb-grid-align-top\" data-toolset-blocks-grid-column=\"3034fbe886c11054e95b46b09d3e4112\">\n<figure class=\"wp-block-image tb-image tb-image-dynamic tb-image-frame-none\" data-toolset-blocks-image=\"a35486d0955bdcddfda931691d87395d\"><a href=\"https:\/\/wpml.org\/wp-content\/uploads\/2025\/10\/Custom-fields-in-Spanish-1.png\"><img decoding=\"async\" width=\"1024\" height=\"595\" loading=\"lazy\" src=\"https:\/\/wpml.org\/wp-content\/uploads\/2025\/10\/Custom-fields-in-Spanish-1-1024x595.png\" alt=\"Custom fields in Spanish\" class=\"wp-image-17481152\" srcset=\"https:\/\/wpml.org\/wp-content\/uploads\/2025\/10\/Custom-fields-in-Spanish-1-1024x595.png 1024w, https:\/\/wpml.org\/wp-content\/uploads\/2025\/10\/Custom-fields-in-Spanish-1-300x174.png 300w, https:\/\/wpml.org\/wp-content\/uploads\/2025\/10\/Custom-fields-in-Spanish-1-150x87.png 150w, https:\/\/wpml.org\/wp-content\/uploads\/2025\/10\/Custom-fields-in-Spanish-1-768x446.png 768w, https:\/\/wpml.org\/wp-content\/uploads\/2025\/10\/Custom-fields-in-Spanish-1-1536x892.png 1536w, https:\/\/wpml.org\/wp-content\/uploads\/2025\/10\/Custom-fields-in-Spanish-1.png 1600w\" sizes=\"auto, (max-width: 1024px) 100vw, 1024px\" \/><\/a><figcaption><div class=\"tb-image-caption\">C\u00e1c tr\u01b0\u1eddng t\u00f9y ch\u1ec9nh b\u1eb1ng ti\u1ebfng T\u00e2y Ban Nha<\/div><\/figcaption><\/figure>\n<\/div>\n<\/div>\n\n<h2 class=\"wp-block-heading\">Nh\u1eefng c\u00e2u h\u1ecfi th\u01b0\u1eddng g\u1eb7p<\/h2>\n\n<div id=\"faq\" class=\"wp-block-toolset-blocks-container tb-container\" data-toolset-blocks-container=\"3c47785d6e1708c649124e2fe04a1b68\">\n<div class=\"wp-block-toolset-blocks-container tb-container\" data-toolset-blocks-container=\"40d6b7d75c97be28d62acd5aaafad645\">\n<details class=\"wp-block-details has-dark-gray-color has-text-color has-link-color wp-elements-dea5c814f93cf4d4d14dbe1d402016db is-layout-flow wp-block-details-is-layout-flow\" style=\"font-size:16px;font-style:normal;font-weight:700\" open><summary>C\u00e1c t\u00f9y ch\u1ecdn d\u1ecbch cho tr\u01b0\u1eddng t\u00f9y ch\u1ec9nh ho\u1ea1t \u0111\u1ed9ng nh\u01b0 th\u1ebf n\u00e0o?<\/summary>\n<div class=\"wp-block-toolset-blocks-container tb-container\" data-toolset-blocks-container=\"b55b9e366429f8319ddee947984288b0\">\n<p class=\"tb-heading has-text-color\" data-toolset-blocks-heading=\"2860add562799c34bdca10a6fba90f21\" data-last-update=\"1.4\">WPML cung c\u1ea5p b\u1ed1n t\u00f9y ch\u1ecdn d\u1ecbch cho c\u00e1c tr\u01b0\u1eddng t\u00f9y ch\u1ec9nh: <br\/>\n  <br\/><strong>D\u1ecbch<\/strong> <strong>\u2013 <\/strong>l\u00e0m cho gi\u00e1 tr\u1ecb tr\u01b0\u1eddng t\u00f9y ch\u1ec9nh c\u1ee7a b\u1ea1n c\u00f3 th\u1ec3 d\u1ecbch \u0111\u01b0\u1ee3c (l\u00fd t\u01b0\u1edfng cho v\u0103n b\u1ea3n).<br\/><strong>Sao ch\u00e9p \u2013 <\/strong>sao ch\u00e9p gi\u00e1 tr\u1ecb tr\u01b0\u1eddng qua t\u1ea5t c\u1ea3 c\u00e1c ng\u00f4n ng\u1eef, gi\u1eef nguy\u00ean \u1edf m\u1ecdi n\u01a1i (l\u00fd t\u01b0\u1edfng cho s\u1ed1 \/ h\u00ecnh \u1ea3nh). <br\/><strong>Sao ch\u00e9p m\u1ed9t l\u1ea7n<\/strong> <strong>\u2013 <\/strong>sao ch\u00e9p gi\u00e1 tr\u1ecb t\u1eeb ng\u00f4n ng\u1eef m\u1eb7c \u0111\u1ecbnh m\u1ed9t l\u1ea7n, cho ph\u00e9p b\u1ea1n t\u1ea1o c\u00e1c gi\u00e1 tr\u1ecb tr\u01b0\u1eddng kh\u00e1c nhau cho m\u1ed7i ng\u00f4n ng\u1eef.<br\/><strong>Kh\u00f4ng d\u1ecbch<\/strong> <strong>\u2013 <\/strong>kh\u00f4ng l\u00e0m g\u00ec c\u1ea3.\n<span id=\"docs-internal-guid-4d7fa5c0-7fff-f44b-7b8f-4dc1f5dcd09e\"><\/span><\/p>\n<\/div>\n<\/details>\n<\/div>\n\n\n\n<div class=\"wp-block-toolset-blocks-container tb-container\" data-toolset-blocks-container=\"40d6b7d75c97be28d62acd5aaafad645\">\n<details class=\"wp-block-details has-dark-gray-color has-text-color has-link-color wp-elements-744fbf34dbd9da0870900ab4056b45de is-layout-flow wp-block-details-is-layout-flow\" style=\"font-size:16px;font-style:normal;font-weight:700\"><summary>T\u00f4i c\u00f3 th\u1ec3 d\u1ecbch c\u00e1c tr\u01b0\u1eddng t\u00f9y ch\u1ec9nh \u0111\u01b0\u1ee3c th\u00eam b\u1eb1ng m\u00e3 kh\u00f4ng?<\/summary>\n<div class=\"wp-block-toolset-blocks-container tb-container\" data-toolset-blocks-container=\"b55b9e366429f8319ddee947984288b0\">\n<p class=\"tb-heading has-text-color\" data-toolset-blocks-heading=\"2860add562799c34bdca10a6fba90f21\" data-last-update=\"1.4\">C\u00f3, b\u1ea1n c\u00f3 th\u1ec3 d\u1ecbch c\u00e1c tr\u01b0\u1eddng t\u00f9y ch\u1ec9nh \u0111\u01b0\u1ee3c th\u00eam b\u1eb1ng m\u00e3. \u0110\u1ea7u ti\u00ean, b\u1ea1n c\u1ea7n <a href=\"https:\/\/wpml.org\/documentation\/support\/language-configuration-files\/custom-fields-translation-options\/\">\u0111\u0103ng k\u00fd c\u00e1c tr\u01b0\u1eddng trong t\u1ec7p wpml-config.xml<\/a>. Sau khi \u0111\u0103ng k\u00fd, b\u1ea1n c\u00f3 th\u1ec3 d\u1ecbch ch\u00fang nh\u01b0 c\u00e1c tr\u01b0\u1eddng th\u00f4ng th\u01b0\u1eddng.   <\/p>\n<\/div>\n<\/details>\n<\/div>\n<\/div>\n","protected":false},"excerpt":{"rendered":"<p>T\u00ecm hi\u1ec3u c\u00e1ch d\u1ecbch c\u00e1c tr\u01b0\u1eddng t\u00f9y ch\u1ec9nh trong WordPress sang nhi\u1ec1u ng\u00f4n ng\u1eef h\u01a1n v\u1edbi WPML. C\u00e1c tr\u01b0\u1eddng t\u00f9y ch\u1ec9nh cho ph\u00e9p b\u1ea1n th\u00eam d\u1eef li\u1ec7u b\u1ed5 sung nh\u01b0 v\u0103n b\u1ea3n, h\u00ecnh \u1ea3nh ho\u1eb7c l\u1ef1a ch\u1ecdn v\u00e0o b\u00e0i vi\u1ebft, trang v\u00e0 c\u00e1c lo\u1ea1i b\u00e0i \u0111\u0103ng t\u00f9y ch\u1ec9nh c\u1ee7a b\u1ea1n. V\u00ed d\u1ee5, m\u1ed9t trang web [&hellip;]<\/p>\n","protected":false},"author":76577,"featured_media":0,"parent":14527667,"menu_order":45,"comment_status":"closed","ping_status":"closed","template":"template-sidebar-2.php","meta":{"_bbp_topic_count":0,"_bbp_reply_count":0,"_bbp_total_topic_count":0,"_bbp_total_reply_count":0,"_bbp_voice_count":0,"_bbp_anonymous_reply_count":0,"_bbp_topic_count_hidden":0,"_bbp_reply_count_hidden":0,"_bbp_forum_subforum_count":0,"_uag_custom_page_level_css":"","ep_exclude_from_search":false,"footnotes":""},"related-projects-category":[],"class_list":["post-15404675","page","type-page","status-publish","hentry"],"spectra_custom_meta":{"ratings_users":["0"],"ratings_score":["0"],"ratings_average":["0"],"_subscription_coupon_product_id":["0"],"_wpv_contains_gutenberg_views":[""],"_alp_processed":["1760441760"],"_views_template":["0"],"wpcf-unformatted-code":[""],"_wpml_media_duplicate":["0"],"_wpml_media_featured":["1"],"toolset_post_editor_mode":["block"],"wpcf-price-increase-show-from":[""],"wpcf-price-increase-show-till":[""],"_wp_page_template":["template-sidebar-2.php"],"_last_translation_edit_mode":["translation-editor"],"_wpml_word_count":["453"],"cmplz_hide_cookiebanner":[""],"wpcf-price-increase-content":[""],"wpcf-login-box-title":[""],"wpcf-page-content":[""],"_yoast_wpseo_primary_related-projects-category":[""],"_yoast_wpseo_title":["%%page%% %%title%%"],"_yoast_wpseo_metadesc":["T\u00ecm hi\u1ec3u c\u00e1ch d\u1ecbch c\u00e1c tr\u01b0\u1eddng t\u00f9y ch\u1ec9nh trong WordPress sang nhi\u1ec1u ng\u00f4n ng\u1eef h\u01a1n v\u1edbi WPML."],"_uag_css_file_name":["uag-css-15404675.css"],"_uag_page_assets":["a:9:{s:3:\"css\";s:260:\".uag-blocks-common-selector{z-index:var(--z-index-desktop) !important}@media(max-width: 976px){.uag-blocks-common-selector{z-index:var(--z-index-tablet) !important}}@media(max-width: 767px){.uag-blocks-common-selector{z-index:var(--z-index-mobile) !important}}\";s:2:\"js\";s:0:\"\";s:18:\"current_block_list\";a:11:{i:0;s:14:\"core\/paragraph\";i:1;s:20:\"toolset-blocks\/image\";i:2;s:24:\"toolset-blocks\/container\";i:3;s:19:\"toolset-blocks\/grid\";i:4;s:26:\"toolset-blocks\/grid-column\";i:5;s:12:\"core\/heading\";i:6;s:9:\"core\/list\";i:7;s:14:\"core\/list-item\";i:10;s:12:\"core\/details\";i:12;s:22:\"toolset-blocks\/heading\";i:13;s:14:\"core\/shortcode\";}s:8:\"uag_flag\";b:0;s:11:\"uag_version\";s:10:\"1778178297\";s:6:\"gfonts\";a:0:{}s:10:\"gfonts_url\";s:0:\"\";s:12:\"gfonts_files\";a:0:{}s:14:\"uag_faq_layout\";b:0;}"]},"uagb_featured_image_src":{"full":false,"thumbnail":false,"medium":false,"medium_large":false,"large":false,"1536x1536":false,"2048x2048":false,"gform-image-choice-sm":false,"gform-image-choice-md":false,"gform-image-choice-lg":false,"woocommerce_thumbnail":false,"woocommerce_single":false,"woocommerce_gallery_thumbnail":false},"uagb_author_info":{"display_name":"Dario","author_link":"https:\/\/wpml.org\/vi\/author\/darioh\/"},"uagb_comment_info":0,"uagb_excerpt":"T\u00ecm hi\u1ec3u c\u00e1ch d\u1ecbch c\u00e1c tr\u01b0\u1eddng t\u00f9y ch\u1ec9nh trong WordPress sang nhi\u1ec1u ng\u00f4n ng\u1eef h\u01a1n v\u1edbi WPML. C\u00e1c tr\u01b0\u1eddng t\u00f9y ch\u1ec9nh cho ph\u00e9p b\u1ea1n th\u00eam d\u1eef li\u1ec7u b\u1ed5 sung nh\u01b0 v\u0103n b\u1ea3n, h\u00ecnh \u1ea3nh ho\u1eb7c l\u1ef1a ch\u1ecdn v\u00e0o b\u00e0i vi\u1ebft, trang v\u00e0 c\u00e1c lo\u1ea1i b\u00e0i \u0111\u0103ng t\u00f9y ch\u1ec9nh c\u1ee7a b\u1ea1n. V\u00ed d\u1ee5, m\u1ed9t trang web&hellip;","_links":{"self":[{"href":"https:\/\/wpml.org\/vi\/wp-json\/wp\/v2\/pages\/15404675","targetHints":{"allow":["GET"]}}],"collection":[{"href":"https:\/\/wpml.org\/vi\/wp-json\/wp\/v2\/pages"}],"about":[{"href":"https:\/\/wpml.org\/vi\/wp-json\/wp\/v2\/types\/page"}],"author":[{"embeddable":true,"href":"https:\/\/wpml.org\/vi\/wp-json\/wp\/v2\/users\/76577"}],"replies":[{"embeddable":true,"href":"https:\/\/wpml.org\/vi\/wp-json\/wp\/v2\/comments?post=15404675"}],"version-history":[{"count":8,"href":"https:\/\/wpml.org\/vi\/wp-json\/wp\/v2\/pages\/15404675\/revisions"}],"predecessor-version":[{"id":17483469,"href":"https:\/\/wpml.org\/vi\/wp-json\/wp\/v2\/pages\/15404675\/revisions\/17483469"}],"up":[{"embeddable":true,"href":"https:\/\/wpml.org\/vi\/wp-json\/wp\/v2\/pages\/14527667"}],"wp:attachment":[{"href":"https:\/\/wpml.org\/vi\/wp-json\/wp\/v2\/media?parent=15404675"}],"wp:term":[{"taxonomy":"related-projects-category","embeddable":true,"href":"https:\/\/wpml.org\/vi\/wp-json\/wp\/v2\/related-projects-category?post=15404675"}],"curies":[{"name":"wp","href":"https:\/\/api.w.org\/{rel}","templated":true}]}}