{"id":15434388,"date":"2024-03-21T06:53:18","date_gmt":"2024-03-21T06:53:18","guid":{"rendered":"https:\/\/wpml.org\/tep-cau-hinh-ngon-ngu-wpml\/"},"modified":"2024-10-21T13:41:59","modified_gmt":"2024-10-21T13:41:59","slug":"tep-cau-hinh-ngon-ngu-wpml","status":"publish","type":"page","link":"https:\/\/wpml.org\/vi\/tai-lieu-wpml\/thong-tin-nha-phat-trien\/tep-cau-hinh-ngon-ngu-wpml\/","title":{"rendered":"T\u1ec7p c\u1ea5u h\u00ecnh ng\u00f4n ng\u1eef WPML"},"content":{"rendered":"\n<p class=\"lead\">WPML c\u00f3 th\u1ec3 \u0111\u1ecdc t\u1ec7p c\u1ea5u h\u00ecnh cho bi\u1ebft nh\u1eefng g\u00ec c\u1ea7n d\u1ecbch trong ch\u1ee7 \u0111\u1ec1 v\u00e0 plugin. T\u1ec7p c\u00f3 t\u00ean l\u00e0 <strong>wpml-config.xml<\/strong> v\u00e0 \u0111\u01b0\u1ee3c \u0111\u1eb7t trong th\u01b0 m\u1ee5c g\u1ed1c c\u1ee7a plugin ho\u1eb7c ch\u1ee7 \u0111\u1ec1. <\/p>\n\n<h2 class=\"wp-block-heading\" id=\"purpose\">M\u1ee5c \u0111\u00edch c\u1ee7a t\u1ec7p c\u1ea5u h\u00ecnh ng\u00f4n ng\u1eef<a href=\"https:\/\/wpml.org\/vi\/thong-tin-nha-phat-trien\/tep-cau-hinh-ngon-ngu-wpml\/#purpose\"><\/a><\/h2>\n\n<p>\u0110\u1ec3 \u0111\u1ea1t \u0111\u01b0\u1ee3c kh\u1ea3 n\u0103ng t\u01b0\u01a1ng th\u00edch v\u1edbi WPML , b\u1ea1n c\u0169ng n\u00ean t\u1ea1o m\u1ed9t t\u1ec7p c\u1ea5u h\u00ecnh gi\u00fap b\u1ea1n duy tr\u00ec kh\u1ea3 n\u0103ng t\u01b0\u01a1ng th\u00edch trong c\u00e1c b\u1ea3n ph\u00e1t h\u00e0nh trong t\u01b0\u01a1ng lai. WPML c\u00f3 th\u1ec3 d\u1ecbch m\u1ecdi n\u1ed9i dung tr\u00ean trang WordPress c\u1ee7a b\u1ea1n, nh\u01b0ng b\u1ea1n c\u1ea7n cho n\u00f3 bi\u1ebft n\u1ed9i dung n\u00e0o c\u1ea7n d\u1ecbch. T\u1eadp tin n\u00e0y l\u00e0m \u0111i\u1ec1u \u0111\u00f3.<\/p>\n\n<p>\u0110i t\u1edbi trang <strong>WPML<\/strong> \u2192 <strong>C\u00e0i \u0111\u1eb7t<\/strong> .<\/p>\n\n<figure class=\"wp-block-image tb-image tb-image-dynamic tb-image-frame-none\" data-toolset-blocks-image=\"d3c2d658d8aa4d32e40a999952956fa7\"><a href=\"https:\/\/wpml.org\/wp-content\/uploads\/2023\/11\/settings-page-1.png\"><img decoding=\"async\" width=\"1024\" height=\"693\" loading=\"lazy\" src=\"https:\/\/wpml.org\/wp-content\/uploads\/2023\/11\/settings-page-1-1024x693.png\" alt=\"\" class=\"wp-image-14904293\" srcset=\"https:\/\/wpml.org\/wp-content\/uploads\/2023\/11\/settings-page-1-1024x693.png 1024w, https:\/\/wpml.org\/wp-content\/uploads\/2023\/11\/settings-page-1-300x203.png 300w, https:\/\/wpml.org\/wp-content\/uploads\/2023\/11\/settings-page-1-150x102.png 150w, https:\/\/wpml.org\/wp-content\/uploads\/2023\/11\/settings-page-1-768x520.png 768w, https:\/\/wpml.org\/wp-content\/uploads\/2023\/11\/settings-page-1-1536x1040.png 1536w, https:\/\/wpml.org\/wp-content\/uploads\/2023\/11\/settings-page-1-2048x1386.png 2048w\" sizes=\"auto, (max-width: 1024px) 100vw, 1024px\" \/><\/a><figcaption><div class=\"tb-image-caption\"><span data-darkreader-inline-color=\"\" style=\"color: rgb(183, 176, 166); font-size: 0.9em; font-style: italic; font-family: Verdana, Geneva, sans-serif; white-space-collapse: collapse; --darkreader-inline-color: #c3bdb4;\">Trang c\u00e0i \u0111\u1eb7t WPML<\/span><div><span data-darkreader-inline-color=\"\" style=\"color: rgb(183, 176, 166); font-size: 0.9em; font-style: italic; font-family: Verdana, Geneva, sans-serif; white-space-collapse: collapse; --darkreader-inline-color: #c3bdb4;\"><\/span><\/div><\/div><\/figcaption><\/figure>\n\n<p>Trang n\u00e0y cung c\u1ea5p cho WPML m\u1ecdi th\u00f4ng tin c\u1ea7n thi\u1ebft, bao g\u1ed3m tr\u01b0\u1eddng t\u00f9y ch\u1ec9nh n\u00e0o c\u1ea7n d\u1ecbch ho\u1eb7c \u0111\u1ed3ng b\u1ed9 h\u00f3a, b\u00e0i \u0111\u0103ng v\u00e0 ph\u00e2n lo\u1ea1i t\u00f9y ch\u1ec9nh n\u00e0o c\u1ea7n \u0111a ng\u00f4n ng\u1eef v\u00e0 th\u1eadm ch\u00ed c\u1ea3 v\u0103n b\u1ea3n qu\u1ea3n tr\u1ecb n\u00e0o c\u1ea7n d\u1ecbch.<\/p>\n\n<p>T\u1ec7p c\u1ea5u h\u00ecnh ng\u00f4n ng\u1eef bao g\u1ed3m th\u00f4ng tin n\u00e0y \u0111\u1ec3 m\u1ed7i ng\u01b0\u1eddi d\u00f9ng kh\u00f4ng c\u1ea7n ph\u1ea3i nh\u1eadp th\u1ee7 c\u00f4ng v\u00e0o trang qu\u1ea3n tr\u1ecb.<\/p>\n\n<p>\u0110\u1ed1i v\u1edbi m\u1ed9t s\u1ed1 ch\u1ee7 \u0111\u1ec1 v\u00e0 plugin, ch\u00fang t\u00f4i \u0111ang l\u01b0u tr\u1eef t\u1ec7p c\u1ea5u h\u00ecnh ng\u00f4n ng\u1eef tr\u00ean m\u00e1y ch\u1ee7 c\u1ee7a m\u00ecnh. B\u1ea1n c\u00f3 th\u1ec3 xem m\u1ed9t danh s\u00e1ch <a href=\"https:\/\/github.com\/OnTheGoSystems\/wpml-config\" target=\"_blank\" rel=\"noreferrer noopener\">\u1edf \u0111\u00e2y<\/a> . N\u00f3 \u0111\u01b0\u1ee3c thi\u1ebft l\u1eadp \u0111\u1ec3 ghi \u0111\u00e8 l\u00ean t\u1ec7p c\u1ea5u h\u00ecnh ng\u00f4n ng\u1eef \u0111\u1ecba ph\u01b0\u01a1ng \u0111\u01b0\u1ee3c \u0111\u1eb7t b\u00ean trong th\u01b0 m\u1ee5c g\u1ed1c c\u1ee7a ch\u1ee7 \u0111\u1ec1 ho\u1eb7c plugin.<\/p>\n\n<p>WPML c\u0169ng cho ph\u00e9p b\u1ea1n <a href=\"https:\/\/wpml.org\/documentation\/support\/language-configuration-files\/overriding-language-configuration-files\/\" target=\"_blank\" rel=\"noreferrer noopener\">ghi \u0111\u00e8 th\u1ee7 c\u00f4ng b\u1ea5t k\u1ef3 c\u00e0i \u0111\u1eb7t n\u00e0o \u0111\u01b0\u1ee3c t\u1ea3i b\u1edfi c\u00e1c t\u1ec7p c\u1ea5u h\u00ecnh ng\u00f4n ng\u1eef c\u1ee7a ch\u1ee7 \u0111\u1ec1 v\u00e0 plugin<\/a> . \u0110i\u1ec1u n\u00e0y \u00e1p d\u1ee5ng cho c\u1ea3 t\u1ec7p c\u1ea5u h\u00ecnh ng\u00f4n ng\u1eef b\u00ean trong th\u01b0 m\u1ee5c g\u1ed1c c\u1ee7a ch\u1ee7 \u0111\u1ec1 ho\u1eb7c plugin v\u00e0 t\u1ec7p c\u1ea5u h\u00ecnh ng\u00f4n ng\u1eef \u0111\u01b0\u1ee3c l\u01b0u tr\u1eef tr\u00ean m\u00e1y ch\u1ee7 c\u1ee7a ch\u00fang t\u00f4i. <\/p>\n\n<h2 class=\"wp-block-heading\">\u0110\u1eb7t t\u00f9y ch\u1ecdn d\u1ecbch cho ch\u1ee7 \u0111\u1ec1 v\u00e0 plugin c\u1ee7a b\u00ean th\u1ee9 ba<\/h2>\n\n<p>WPML t\u01b0\u01a1ng th\u00edch v\u1edbi nhi\u1ec1u ch\u1ee7 \u0111\u1ec1 v\u00e0 plugin ph\u1ed5 bi\u1ebfn v\u00e0 b\u1ea1n kh\u00f4ng c\u1ea7n ph\u1ea3i t\u1ea1o t\u1ec7p c\u1ea5u h\u00ecnh ng\u00f4n ng\u1eef.<\/p>\n\n<p>Tuy nhi\u00ean, n\u1ebfu b\u1ea1n \u0111ang s\u1eed d\u1ee5ng m\u1ed9t ch\u1ee7 \u0111\u1ec1 ho\u1eb7c plugin c\u00f3 n\u1ed9i dung kh\u00f4ng hi\u1ec3n th\u1ecb ch\u00ednh x\u00e1c trong Tr\u00ecnh ch\u1ec9nh s\u1eeda b\u1ea3n d\u1ecbch n\u00e2ng cao c\u1ee7a WPML , b\u1ea1n c\u00f3 th\u1ec3 c\u1ea7n ph\u1ea3i c\u1ea5u h\u00ecnh t\u00f9y ch\u1ecdn d\u1ecbch theo c\u00e1ch th\u1ee7 c\u00f4ng.<\/p>\n\n<p>\u0110\u1ec3 c\u1ea5u h\u00ecnh t\u00f9y ch\u1ecdn d\u1ecbch cho c\u00e1c ch\u1ee7 \u0111\u1ec1 v\u00e0 plugin c\u1ee7a b\u00ean th\u1ee9 ba, h\u00e3y v\u00e0o <strong>WPML<\/strong> \u2192 <strong>C\u00e0i \u0111\u1eb7t<\/strong> v\u00e0 nh\u1ea5p v\u00e0o tab <strong>C\u1ea5u h\u00ecnh XML t\u00f9y ch\u1ec9nh<\/strong> . S\u1eed d\u1ee5ng tr\u00ecnh so\u1ea1n th\u1ea3o v\u0103n b\u1ea3n tr\u00ean trang n\u00e0y \u0111\u1ec3 nh\u1eadp m\u00e3 gi\u1ed1ng nh\u01b0 khi b\u1ea1n t\u1ea1o t\u1ec7p <strong>wpml-config.xml<\/strong> . <\/p>\n\n<figure class=\"wp-block-image tb-image tb-image-dynamic tb-image-frame-none\" data-toolset-blocks-image=\"dd594b02fc2c2b21e3964bb69216579a\"><a href=\"https:\/\/wpml.org\/wp-content\/uploads\/2023\/12\/wpml-custom-xml-configuration.png\"><img decoding=\"async\" width=\"1024\" height=\"645\" loading=\"lazy\" src=\"https:\/\/wpml.org\/wp-content\/uploads\/2023\/12\/wpml-custom-xml-configuration-1024x645.png\" alt=\"\" class=\"wp-image-15032939\" srcset=\"https:\/\/wpml.org\/wp-content\/uploads\/2023\/12\/wpml-custom-xml-configuration-1024x645.png 1024w, https:\/\/wpml.org\/wp-content\/uploads\/2023\/12\/wpml-custom-xml-configuration-300x189.png 300w, https:\/\/wpml.org\/wp-content\/uploads\/2023\/12\/wpml-custom-xml-configuration-150x94.png 150w, https:\/\/wpml.org\/wp-content\/uploads\/2023\/12\/wpml-custom-xml-configuration-768x484.png 768w, https:\/\/wpml.org\/wp-content\/uploads\/2023\/12\/wpml-custom-xml-configuration.png 1405w\" sizes=\"auto, (max-width: 1024px) 100vw, 1024px\" \/><\/a><figcaption><div class=\"tb-image-caption\">\u0110\u1eb7t t\u00f9y ch\u1ecdn d\u1ecbch cho c\u00e1c ch\u1ee7 \u0111\u1ec1 v\u00e0 plugin c\u1ee7a b\u00ean th\u1ee9 ba trong tab C\u1ea5u h\u00ecnh XML t\u00f9y ch\u1ec9nh<\/div><\/figcaption><\/figure>\n\n<h2 class=\"wp-block-heading\" id=\"generating-the-xml-file-automatically\">T\u1ef1 \u0111\u1ed9ng t\u1ea1o t\u1ec7p wpml-config.xml<a href=\"https:\/\/wpml.org\/vi\/thong-tin-nha-phat-trien\/tep-cau-hinh-ngon-ngu-wpml\/#generating-the-xml-file-automatically\"><\/a><\/h2>\n\n<p>N\u1ebfu b\u1ea1n kh\u00f4ng quen v\u1edbi vi\u1ec7c t\u1ea1o t\u1ec7p XML, nh\u00f3m c\u1ee7a ch\u00fang t\u00f4i \u0111\u00e3 t\u1ea1o ra <a href=\"https:\/\/wpml.org\/vi\/thong-tin-nha-phat-trien\/plugin-cong-cu-da-ngon-ngu\/\">plugin Multilingual Tools<\/a> gi\u00fap nhi\u1ec7m v\u1ee5 n\u00e0y d\u1ec5 d\u00e0ng h\u01a1n. M\u1eb7c d\u00f9 ban \u0111\u1ea7u n\u00f3 \u0111\u01b0\u1ee3c h\u00ecnh th\u00e0nh nh\u01b0 m\u1ed9t c\u00f4ng c\u1ee5 gi\u00fap t\u00e1c gi\u1ea3 ch\u1ee7 \u0111\u1ec1 v\u00e0 plugin l\u00e0m cho s\u1ea3n ph\u1ea9m c\u1ee7a h\u1ecd s\u1eb5n s\u00e0ng \u0111a ng\u00f4n ng\u1eef, nh\u01b0ng n\u00f3 c\u00f3 th\u1ec3 d\u1ec5 d\u00e0ng \u0111\u01b0\u1ee3c s\u1eed d\u1ee5ng \u0111\u1ec3 t\u1ea1o t\u1ec7p <strong>wpml-config.xml<\/strong> c\u1ee7a ri\u00eang b\u1ea1n. <\/p>\n\n<p>\u0110\u1ec3 t\u00ecm hi\u1ec3u th\u00eam v\u1ec1 c\u00e1ch t\u1ea1o t\u1ec7p <strong>wpml-config.xml<\/strong> , h\u00e3y truy c\u1eadp <a href=\"https:\/\/wpml.org\/vi\/thong-tin-nha-phat-trien\/plugin-cong-cu-da-ngon-ngu\/\">trang plugin Multilingual Tools<\/a> . C\u1ee5 th\u1ec3, h\u00e3y xem ph\u1ea7n <strong>L\u00e0m c\u00e1ch n\u00e0o \u0111\u1ec3 t\u1ea1o t\u1ec7p c\u1ea5u h\u00ecnh ng\u00f4n ng\u1eef b\u1eb1ng C\u00f4ng c\u1ee5 \u0111a ng\u00f4n ng\u1eef?<\/strong> ph\u1ea7n.<\/p>\n\n<p>Sau khi c\u00f3 t\u1ec7p c\u1ea5u h\u00ecnh, h\u00e3y th\u00eam t\u1ec7p \u0111\u00f3 v\u00e0o th\u01b0 m\u1ee5c g\u1ed1c c\u1ee7a ch\u1ee7 \u0111\u1ec1. N\u1ebfu b\u1ea1n \u0111\u00e3 c\u00f3 r\u1ed3i th\u00ec \u0111\u1eebng ghi \u0111\u00e8 l\u00ean n\u00f3. Thay v\u00e0o \u0111\u00f3, h\u00e3y ch\u1ec9nh s\u1eeda t\u1ec7p XML g\u1ed1c c\u1ee7a b\u1ea1n v\u00e0 th\u00eam m\u00e3 \u0111\u01b0\u1ee3c t\u1ea1o b\u1eb1ng plugin <strong>Multilingual Tools<\/strong> .<\/p>\n\n<p>Xin l\u01b0u \u00fd r\u1eb1ng plugin n\u00e0y kh\u00f4ng \u0111\u01b0\u1ee3c thi\u1ebft k\u1ebf \u0111\u1ec3 s\u1eed d\u1ee5ng tr\u00ean c\u00e1c trang web s\u1ea3n xu\u1ea5t tr\u1ef1c ti\u1ebfp.<\/p>\n\n<p>\u0110\u1ec3 \u0111\u1ecdc h\u01b0\u1edbng d\u1eabn n\u00e0y v\u00e0 x\u00e2y d\u1ef1ng c\u00e1c t\u1ec7p c\u1ea5u h\u00ecnh ng\u00f4n ng\u1eef cho ch\u1ee7 \u0111\u1ec1 v\u00e0 plugin c\u1ee7a b\u1ea1n, b\u1ea1n c\u00f3 th\u1ec3 b\u1eaft \u0111\u1ea7u v\u1edbi v\u00ed d\u1ee5 n\u00e0y \u2013 <strong><a href=\"https:\/\/cdn.wpml.org\/wp-content\/uploads\/2010\/10\/wpml-config.zip\">wpml-config.zip<\/a><\/strong> .<\/p>\n\n<p>B\u1ea1n s\u1ebd c\u1ea7n ch\u1ec9nh s\u1eeda n\u00f3, nh\u01b0ng b\u1ea1n c\u00f3 th\u1ec3 s\u1eed d\u1ee5ng c\u00e1c ph\u1ea7n v\u00e0 c\u1ea5u tr\u00fac c\u1ee7a t\u1ec7p n\u00e0y.<\/p>\n\n<h2 class=\"wp-block-heading\">C\u1ea5u tr\u00fac v\u00e0 c\u00fa ph\u00e1p<\/h2>\n\n<p>WPML cho ph\u00e9p b\u1ea1n c\u1ea5u h\u00ecnh m\u1ed9t s\u1ed1 th\u00e0nh ph\u1ea7n b\u1eb1ng t\u1ec7p <strong>wpml-config.xml<\/strong> . S\u1eed d\u1ee5ng c\u00e1c h\u01b0\u1edbng d\u1eabn sau \u0111\u1ec3 t\u00ecm th\u00eam th\u00f4ng tin v\u00e0 h\u01b0\u1edbng d\u1eabn v\u1ec1 c\u00e1ch l\u00e0m cho c\u00e1c th\u00e0nh ph\u1ea7n trang web c\u1ee5 th\u1ec3 c\u00f3 th\u1ec3 d\u1ecbch \u0111\u01b0\u1ee3c:   <\/p>\n\n<ul class=\"wp-block-list\">\n<li><a href=\"https:\/\/wpml.org\/documentation\/support\/language-configuration-files\/translate-custom-shortcodes-with-wpml\/\">D\u1ecbch m\u00e3 ng\u1eafn t\u00f9y ch\u1ec9nh b\u1eb1ng WPML<\/a><\/li>\n\n\n\n<li><a href=\"https:\/\/wpml.org\/documentation\/support\/language-configuration-files\/register-page-builder-content-for-translation\/\">\u0110\u0103ng k\u00fd N\u1ed9i dung Page Builder \u0111\u1ec3 d\u1ecbch<\/a><\/li>\n\n\n\n<li><a href=\"https:\/\/wpml.org\/documentation\/support\/language-configuration-files\/how-to-register-page-builder-widgets-for-translation\/\">\u0110\u0103ng k\u00fd Ti\u1ec7n \u00edch Builder trang t\u00f9y ch\u1ec9nh cho b\u1ea3n d\u1ecbch<\/a><\/li>\n\n\n\n<li><a href=\"https:\/\/wpml.org\/documentation\/support\/language-configuration-files\/custom-fields-translation-options\/\">Thi\u1ebft l\u1eadp T\u00f9y ch\u1ecdn d\u1ecbch cho c\u00e1c tr\u01b0\u1eddng t\u00f9y ch\u1ec9nh b\u1eb1ng c\u00e1ch s\u1eed d\u1ee5ng T\u1ec7p c\u1ea5u h\u00ecnh WPML<\/a><\/li>\n\n\n\n<li><a href=\"https:\/\/wpml.org\/documentation\/support\/language-configuration-files\/register-custom-terms-types-taxonomies-as-translatable\/\">\u0110\u0103ng k\u00fd \u0110i\u1ec1u kho\u1ea3n, Lo\u1ea1i v\u00e0 Ph\u00e2n lo\u1ea1i t\u00f9y ch\u1ec9nh d\u01b0\u1edbi d\u1ea1ng c\u00f3 th\u1ec3 d\u1ecbch \u0111\u01b0\u1ee3c<\/a><\/li>\n\n\n\n<li><a href=\"https:\/\/wpml.org\/documentation\/support\/language-configuration-files\/make-custom-gutenberg-blocks-translatable\/\">L\u00e0m cho c\u00e1c kh\u1ed1i Gutenberg t\u00f9y ch\u1ec9nh c\u00f3 th\u1ec3 d\u1ecbch \u0111\u01b0\u1ee3c<\/a><\/li>\n\n\n\n<li><a href=\"https:\/\/wpml.org\/documentation\/support\/language-configuration-files\/translate-strings-in-wp-options-table\/\">D\u1ecbch c\u00e1c v\u0103n b\u1ea3n m\u00e0 Theme v\u00e0 Plugin l\u01b0u trong wp_options<\/a><\/li>\n\n\n\n<li><a href=\"https:\/\/wpml.org\/documentation\/support\/language-configuration-files\/customize-wpml-language-switcher\/\">T\u00f9y ch\u1ec9nh WPML Language Switcher b\u1eb1ng c\u00e1ch s\u1eed d\u1ee5ng t\u1ec7p c\u1ea5u h\u00ecnh WPML<\/a><\/li>\n<\/ul>\n\n<h2 class=\"wp-block-heading\" id=\"using-wpml-language-configuration-file-with-child-themes\">S\u1eed d\u1ee5ng T\u1ec7p C\u1ea5u h\u00ecnh Ng\u00f4n ng\u1eef WPML v\u1edbi Ch\u1ee7 \u0111\u1ec1 Con<a href=\"https:\/\/wpml.org\/vi\/thong-tin-nha-phat-trien\/tep-cau-hinh-ngon-ngu-wpml\/#using-wpml-language-configuration-file-with-child-themes\"><\/a><\/h2>\n\n<p>N\u1ebfu b\u1ea1n \u0111ang s\u1eed d\u1ee5ng ch\u1ee7 \u0111\u1ec1 con, t\u1ec7p c\u1ea5u h\u00ecnh ng\u00f4n ng\u1eef c\u1ee7a ch\u1ee7 \u0111\u1ec1 cha s\u1ebd ghi \u0111\u00e8 l\u00ean t\u1ec7p c\u1ea5u h\u00ecnh ng\u00f4n ng\u1eef c\u00f3 trong ch\u1ee7 \u0111\u1ec1 con. WPML cung c\u1ea5p trang c\u1ea5u h\u00ecnh cho ph\u00e9p b\u1ea1n d\u1ec5 d\u00e0ng ghi \u0111\u00e8 trang n\u00e0y b\u1eb1ng b\u1ea5t k\u1ef3 c\u00e0i \u0111\u1eb7t t\u00f9y ch\u1ec9nh n\u00e0o.<\/p>\n\n<p>Ch\u00fang ta h\u00e3y xem x\u00e9t m\u1ed9t v\u00ed d\u1ee5 trong \u0111\u00f3 t\u1ec7p c\u1ea5u h\u00ecnh ng\u00f4n ng\u1eef c\u1ee7a ch\u1ee7 \u0111\u1ec1 g\u1ed1c \u0111ang thi\u1ebft l\u1eadp lo\u1ea1i b\u00e0i \u0111\u0103ng t\u00f9y ch\u1ec9nh \u201cThu\u1ed9c t\u00ednh\u201d c\u00f3 th\u1ec3 d\u1ecbch \u0111\u01b0\u1ee3c.<\/p>\n\n<figure class=\"wp-block-image tb-image tb-image-dynamic tb-image-frame-none\" data-toolset-blocks-image=\"bd97f72fcea98419a22c630d55029ab9\"><a href=\"https:\/\/wpml.org\/wp-content\/uploads\/2023\/11\/The-parent-language-configuration-file-is-setting-the-property-custom-post-type-to-translate.png\"><img decoding=\"async\" width=\"884\" height=\"386\" loading=\"lazy\" src=\"https:\/\/wpml.org\/wp-content\/uploads\/2023\/11\/The-parent-language-configuration-file-is-setting-the-property-custom-post-type-to-translate.png\" alt=\"\" class=\"wp-image-14904325\" srcset=\"https:\/\/wpml.org\/wp-content\/uploads\/2023\/11\/The-parent-language-configuration-file-is-setting-the-property-custom-post-type-to-translate.png 884w, https:\/\/wpml.org\/wp-content\/uploads\/2023\/11\/The-parent-language-configuration-file-is-setting-the-property-custom-post-type-to-translate-300x131.png 300w, https:\/\/wpml.org\/wp-content\/uploads\/2023\/11\/The-parent-language-configuration-file-is-setting-the-property-custom-post-type-to-translate-150x65.png 150w, https:\/\/wpml.org\/wp-content\/uploads\/2023\/11\/The-parent-language-configuration-file-is-setting-the-property-custom-post-type-to-translate-768x335.png 768w\" sizes=\"auto, (max-width: 884px) 100vw, 884px\" \/><\/a><figcaption><div class=\"tb-image-caption\">T\u1ec7p c\u1ea5u h\u00ecnh ng\u00f4n ng\u1eef g\u1ed1c \u0111ang thi\u1ebft l\u1eadp thu\u1ed9c t\u00ednh lo\u1ea1i b\u00e0i \u0111\u0103ng t\u00f9y ch\u1ec9nh \u0111\u1ec3 d\u1ecbch<div><span data-darkreader-inline-color=\"\" style=\"color: rgb(183, 176, 166); font-size: 0.9em; font-style: italic; font-family: Verdana, Geneva, sans-serif; white-space-collapse: collapse; --darkreader-inline-color: #c3bdb4;\"><\/span><\/div><\/div><\/figcaption><\/figure>\n\n<p>N\u1ebfu b\u1ea1n \u0111ang s\u1eed d\u1ee5ng m\u1ed9t ch\u1ee7 \u0111\u1ec1 con v\u00e0 mu\u1ed1n \u0111\u1eb7t lo\u1ea1i b\u00e0i \u0111\u0103ng t\u00f9y ch\u1ec9nh \u201cThu\u1ed9c t\u00ednh\u201d th\u00e0nh kh\u00f4ng th\u1ec3 d\u1ecbch, h\u00e3y \u0111i\u1ec1u h\u01b0\u1edbng \u0111\u1ebfn trang <strong>WPML<\/strong> \u2192 <strong>C\u00e0i \u0111\u1eb7t<\/strong> v\u00e0 nh\u1ea5p v\u00e0o tab <strong>C\u1ea5u h\u00ecnh XML t\u00f9y ch\u1ec9nh<\/strong> . S\u1eed d\u1ee5ng tr\u00ecnh ch\u1ec9nh s\u1eeda \u0111\u1ec3 \u0111\u1eb7t lo\u1ea1i b\u00e0i \u0111\u0103ng t\u00f9y ch\u1ec9nh \u201cThu\u1ed9c t\u00ednh\u201d th\u00e0nh kh\u00f4ng th\u1ec3 d\u1ecbch.  \u0110\u01a1n gi\u1ea3n, h\u00e3y \u0111\u1eb7t gi\u00e1 tr\u1ecb thu\u1ed9c t\u00ednh <strong>d\u1ecbch<\/strong> th\u00e0nh <strong>0<\/strong> thay v\u00ec <strong>1<\/strong> .<\/p>\n\n<figure class=\"wp-block-image tb-image tb-image-dynamic tb-image-frame-none\" data-toolset-blocks-image=\"73c4cb83d97f1b32682b76f4baf9e819\"><a href=\"https:\/\/wpml.org\/wp-content\/uploads\/2023\/11\/wpml-overriding-language-configuration-settings.png\"><img decoding=\"async\" width=\"1024\" height=\"829\" loading=\"lazy\" src=\"https:\/\/wpml.org\/wp-content\/uploads\/2023\/11\/wpml-overriding-language-configuration-settings-1024x829.png\" alt=\"\" class=\"wp-image-14904355\" srcset=\"https:\/\/wpml.org\/wp-content\/uploads\/2023\/11\/wpml-overriding-language-configuration-settings-1024x829.png 1024w, https:\/\/wpml.org\/wp-content\/uploads\/2023\/11\/wpml-overriding-language-configuration-settings-300x243.png 300w, https:\/\/wpml.org\/wp-content\/uploads\/2023\/11\/wpml-overriding-language-configuration-settings-150x121.png 150w, https:\/\/wpml.org\/wp-content\/uploads\/2023\/11\/wpml-overriding-language-configuration-settings-768x622.png 768w, https:\/\/wpml.org\/wp-content\/uploads\/2023\/11\/wpml-overriding-language-configuration-settings.png 1181w\" sizes=\"auto, (max-width: 1024px) 100vw, 1024px\" \/><\/a><figcaption><div class=\"tb-image-caption\">Ghi \u0111\u00e8 c\u00e0i \u0111\u1eb7t c\u1ea5u h\u00ecnh ng\u00f4n ng\u1eef c\u1ee7a ch\u1ee7 \u0111\u1ec1 g\u1ed1c<div><span data-darkreader-inline-color=\"\" style=\"color: rgb(183, 176, 166); font-size: 0.9em; font-style: italic; font-family: Verdana, Geneva, sans-serif; white-space-collapse: collapse; --darkreader-inline-color: #c3bdb4;\"><\/span><\/div><\/div><\/figcaption><\/figure>\n\n<p>C\u00e1c thi\u1ebft l\u1eadp trong tab <strong>C\u1ea5u h\u00ecnh XML t\u00f9y ch\u1ec9nh<\/strong> \u0111\u01b0\u1ee3c \u01b0u ti\u00ean h\u01a1n c\u00e1c thi\u1ebft l\u1eadp trong t\u1ec7p c\u1ea5u h\u00ecnh ng\u00f4n ng\u1eef \u1edf ch\u1ee7 \u0111\u1ec1 g\u1ed1c.<a href=\"https:\/\/cdn.wpml.org\/wp-content\/uploads\/2018\/07\/wpml-overriding-language-configuration-settings.png\"><\/a><\/p>\n","protected":false},"excerpt":{"rendered":"<p>WPML c\u00f3 th\u1ec3 \u0111\u1ecdc t\u1ec7p c\u1ea5u h\u00ecnh cho bi\u1ebft nh\u1eefng g\u00ec c\u1ea7n d\u1ecbch trong ch\u1ee7 \u0111\u1ec1 v\u00e0 plugin. T\u1ec7p c\u00f3 t\u00ean l\u00e0 wpml-config.xml v\u00e0 \u0111\u01b0\u1ee3c \u0111\u1eb7t trong th\u01b0 m\u1ee5c g\u1ed1c c\u1ee7a plugin ho\u1eb7c ch\u1ee7 \u0111\u1ec1. M\u1ee5c \u0111\u00edch c\u1ee7a t\u1ec7p c\u1ea5u h\u00ecnh ng\u00f4n ng\u1eef \u0110\u1ec3 \u0111\u1ea1t \u0111\u01b0\u1ee3c kh\u1ea3 n\u0103ng t\u01b0\u01a1ng th\u00edch v\u1edbi WPML , b\u1ea1n c\u0169ng [&hellip;]<\/p>\n","protected":false},"author":2,"featured_media":0,"parent":15654431,"menu_order":28,"comment_status":"closed","ping_status":"closed","template":"template-sidebar-2.php","meta":{"_bbp_topic_count":0,"_bbp_reply_count":0,"_bbp_total_topic_count":0,"_bbp_total_reply_count":0,"_bbp_voice_count":0,"_bbp_anonymous_reply_count":0,"_bbp_topic_count_hidden":0,"_bbp_reply_count_hidden":0,"_bbp_forum_subforum_count":0,"_uag_custom_page_level_css":"","ep_exclude_from_search":false,"footnotes":""},"related-projects-category":[],"class_list":["post-15434388","page","type-page","status-publish","hentry"],"spectra_custom_meta":{"ratings_users":["0"],"ratings_score":["0"],"ratings_average":["0"],"_subscription_coupon_product_id":["0"],"_syntaxhighlighter_encoded":["1"],"_wpv_contains_gutenberg_views":[""],"_alp_processed":["1729518119"],"_views_template":["0"],"wpcf-unformatted-code":[""],"_wpml_media_duplicate":["0"],"_wpml_media_featured":["1"],"toolset_post_editor_mode":["block"],"wpcf-price-increase-show-from":[""],"wpcf-price-increase-show-till":[""],"_wp_page_template":["template-sidebar-2.php"],"_last_translation_edit_mode":["translation-editor"],"wpcf-price-increase-content":[""],"wpcf-relevant-forum-documentation":["1"],"wpcf-login-box-title":[""],"wpcf-page-content":[""],"_yoast_wpseo_primary_related-projects-category":[""],"_cms_nav_minihome":["1"],"_uagb_previous_block_counts":["a:90:{s:21:\"uagb\/advanced-heading\";i:0;s:15:\"uagb\/blockquote\";i:0;s:12:\"uagb\/buttons\";i:0;s:18:\"uagb\/buttons-child\";i:0;s:19:\"uagb\/call-to-action\";i:0;s:15:\"uagb\/cf7-styler\";i:0;s:11:\"uagb\/column\";i:0;s:12:\"uagb\/columns\";i:0;s:14:\"uagb\/container\";i:0;s:21:\"uagb\/content-timeline\";i:0;s:27:\"uagb\/content-timeline-child\";i:0;s:14:\"uagb\/countdown\";i:0;s:12:\"uagb\/counter\";i:0;s:8:\"uagb\/faq\";i:0;s:14:\"uagb\/faq-child\";i:0;s:10:\"uagb\/forms\";i:0;s:17:\"uagb\/forms-accept\";i:0;s:19:\"uagb\/forms-checkbox\";i:0;s:15:\"uagb\/forms-date\";i:0;s:16:\"uagb\/forms-email\";i:0;s:17:\"uagb\/forms-hidden\";i:0;s:15:\"uagb\/forms-name\";i:0;s:16:\"uagb\/forms-phone\";i:0;s:16:\"uagb\/forms-radio\";i:0;s:17:\"uagb\/forms-select\";i:0;s:19:\"uagb\/forms-textarea\";i:0;s:17:\"uagb\/forms-toggle\";i:0;s:14:\"uagb\/forms-url\";i:0;s:14:\"uagb\/gf-styler\";i:0;s:15:\"uagb\/google-map\";i:0;s:11:\"uagb\/how-to\";i:0;s:16:\"uagb\/how-to-step\";i:0;s:9:\"uagb\/icon\";i:0;s:14:\"uagb\/icon-list\";i:0;s:20:\"uagb\/icon-list-child\";i:0;s:10:\"uagb\/image\";i:0;s:18:\"uagb\/image-gallery\";i:0;s:13:\"uagb\/info-box\";i:0;s:18:\"uagb\/inline-notice\";i:0;s:11:\"uagb\/lottie\";i:0;s:21:\"uagb\/marketing-button\";i:0;s:10:\"uagb\/modal\";i:0;s:18:\"uagb\/popup-builder\";i:0;s:16:\"uagb\/post-button\";i:0;s:18:\"uagb\/post-carousel\";i:0;s:17:\"uagb\/post-excerpt\";i:0;s:14:\"uagb\/post-grid\";i:0;s:15:\"uagb\/post-image\";i:0;s:17:\"uagb\/post-masonry\";i:0;s:14:\"uagb\/post-meta\";i:0;s:18:\"uagb\/post-taxonomy\";i:0;s:18:\"uagb\/post-timeline\";i:0;s:15:\"uagb\/post-title\";i:0;s:20:\"uagb\/restaurant-menu\";i:0;s:26:\"uagb\/restaurant-menu-child\";i:0;s:11:\"uagb\/review\";i:0;s:12:\"uagb\/section\";i:0;s:14:\"uagb\/separator\";i:0;s:11:\"uagb\/slider\";i:0;s:17:\"uagb\/slider-child\";i:0;s:17:\"uagb\/social-share\";i:0;s:23:\"uagb\/social-share-child\";i:0;s:16:\"uagb\/star-rating\";i:0;s:23:\"uagb\/sure-cart-checkout\";i:0;s:22:\"uagb\/sure-cart-product\";i:0;s:15:\"uagb\/sure-forms\";i:0;s:22:\"uagb\/table-of-contents\";i:0;s:9:\"uagb\/tabs\";i:0;s:15:\"uagb\/tabs-child\";i:0;s:18:\"uagb\/taxonomy-list\";i:0;s:9:\"uagb\/team\";i:0;s:16:\"uagb\/testimonial\";i:0;s:14:\"uagb\/wp-search\";i:0;s:19:\"uagb\/instagram-feed\";i:0;s:10:\"uagb\/login\";i:0;s:17:\"uagb\/loop-builder\";i:0;s:18:\"uagb\/loop-category\";i:0;s:20:\"uagb\/loop-pagination\";i:0;s:15:\"uagb\/loop-reset\";i:0;s:16:\"uagb\/loop-search\";i:0;s:14:\"uagb\/loop-sort\";i:0;s:17:\"uagb\/loop-wrapper\";i:0;s:13:\"uagb\/register\";i:0;s:19:\"uagb\/register-email\";i:0;s:24:\"uagb\/register-first-name\";i:0;s:23:\"uagb\/register-last-name\";i:0;s:22:\"uagb\/register-password\";i:0;s:30:\"uagb\/register-reenter-password\";i:0;s:19:\"uagb\/register-terms\";i:0;s:22:\"uagb\/register-username\";i:0;}"],"_uag_css_file_name":["uag-css-15434388.css"],"_uag_page_assets":["a:9:{s:3:\"css\";s:0:\"\";s:2:\"js\";s:0:\"\";s:18:\"current_block_list\";a:6:{i:0;s:14:\"core\/paragraph\";i:1;s:12:\"core\/heading\";i:2;s:20:\"toolset-blocks\/image\";i:3;s:9:\"core\/list\";i:4;s:14:\"core\/list-item\";i:5;s:14:\"core\/shortcode\";}s:8:\"uag_flag\";b:0;s:11:\"uag_version\";s:10:\"1778907819\";s:6:\"gfonts\";a:0:{}s:10:\"gfonts_url\";s:0:\"\";s:12:\"gfonts_files\";a:0:{}s:14:\"uag_faq_layout\";b:0;}"]},"uagb_featured_image_src":{"full":false,"thumbnail":false,"medium":false,"medium_large":false,"large":false,"1536x1536":false,"2048x2048":false,"gform-image-choice-sm":false,"gform-image-choice-md":false,"gform-image-choice-lg":false,"woocommerce_thumbnail":false,"woocommerce_single":false,"woocommerce_gallery_thumbnail":false},"uagb_author_info":{"display_name":"Amir","author_link":"https:\/\/wpml.org\/vi\/author\/amir\/"},"uagb_comment_info":0,"uagb_excerpt":"WPML c\u00f3 th\u1ec3 \u0111\u1ecdc t\u1ec7p c\u1ea5u h\u00ecnh cho bi\u1ebft nh\u1eefng g\u00ec c\u1ea7n d\u1ecbch trong ch\u1ee7 \u0111\u1ec1 v\u00e0 plugin. T\u1ec7p c\u00f3 t\u00ean l\u00e0 wpml-config.xml v\u00e0 \u0111\u01b0\u1ee3c \u0111\u1eb7t trong th\u01b0 m\u1ee5c g\u1ed1c c\u1ee7a plugin ho\u1eb7c ch\u1ee7 \u0111\u1ec1. M\u1ee5c \u0111\u00edch c\u1ee7a t\u1ec7p c\u1ea5u h\u00ecnh ng\u00f4n ng\u1eef \u0110\u1ec3 \u0111\u1ea1t \u0111\u01b0\u1ee3c kh\u1ea3 n\u0103ng t\u01b0\u01a1ng th\u00edch v\u1edbi WPML , b\u1ea1n c\u0169ng&hellip;","_links":{"self":[{"href":"https:\/\/wpml.org\/vi\/wp-json\/wp\/v2\/pages\/15434388","targetHints":{"allow":["GET"]}}],"collection":[{"href":"https:\/\/wpml.org\/vi\/wp-json\/wp\/v2\/pages"}],"about":[{"href":"https:\/\/wpml.org\/vi\/wp-json\/wp\/v2\/types\/page"}],"author":[{"embeddable":true,"href":"https:\/\/wpml.org\/vi\/wp-json\/wp\/v2\/users\/2"}],"replies":[{"embeddable":true,"href":"https:\/\/wpml.org\/vi\/wp-json\/wp\/v2\/comments?post=15434388"}],"version-history":[{"count":4,"href":"https:\/\/wpml.org\/vi\/wp-json\/wp\/v2\/pages\/15434388\/revisions"}],"predecessor-version":[{"id":16312592,"href":"https:\/\/wpml.org\/vi\/wp-json\/wp\/v2\/pages\/15434388\/revisions\/16312592"}],"up":[{"embeddable":true,"href":"https:\/\/wpml.org\/vi\/wp-json\/wp\/v2\/pages\/15654431"}],"wp:attachment":[{"href":"https:\/\/wpml.org\/vi\/wp-json\/wp\/v2\/media?parent=15434388"}],"wp:term":[{"taxonomy":"related-projects-category","embeddable":true,"href":"https:\/\/wpml.org\/vi\/wp-json\/wp\/v2\/related-projects-category?post=15434388"}],"curies":[{"name":"wp","href":"https:\/\/api.w.org\/{rel}","templated":true}]}}