{"id":15632888,"date":"2017-06-12T10:26:37","date_gmt":"2017-06-12T10:26:37","guid":{"rendered":"https:\/\/wpml.org\/huong-dan-bat-dau\/dich-cac-loai-bai-dang-tuy-chinh\/"},"modified":"2026-02-04T14:23:43","modified_gmt":"2026-02-04T14:23:43","slug":"dich-cac-loai-bai-dang-tuy-chinh","status":"publish","type":"page","link":"https:\/\/wpml.org\/vi\/tai-lieu-wpml\/huong-dan-bat-dau\/dich-cac-loai-bai-dang-tuy-chinh\/","title":{"rendered":"C\u00e1ch D\u1ecbch C\u00e1c Lo\u1ea1i B\u00e0i \u0110\u0103ng T\u00f9y Ch\u1ec9nh v\u1edbi WPML"},"content":{"rendered":"\n<p class=\"lead\">T\u00ecm hi\u1ec3u c\u00e1ch d\u1ecbch c\u00e1c lo\u1ea1i b\u00e0i \u0111\u0103ng t\u00f9y ch\u1ec9nh trong WordPress sang nhi\u1ec1u ng\u00f4n ng\u1eef h\u01a1n v\u1edbi WPML.<\/p>\n\n<h2 class=\"wp-block-heading\">D\u1ecbch c\u00e1c lo\u1ea1i b\u00e0i \u0111\u0103ng t\u00f9y ch\u1ec9nh<\/h2>\n\n<p>\u0110\u1ec3 d\u1ecbch c\u00e1c lo\u1ea1i b\u00e0i \u0111\u0103ng t\u00f9y ch\u1ec9nh v\u1edbi WPML: <\/p>\n\n<ol class=\"wp-block-list\">\n<li>\u0110i t\u1edbi <strong>WPML<\/strong> \u2192 <strong>b\u1ea3ng \u0111i\u1ec1u khi\u1ec3n d\u1ecbch<\/strong>.<\/li>\n\n\n\n<li>Ch\u1ecdn c\u00e1c b\u00e0i \u0111\u0103ng t\u00f9y ch\u1ec9nh b\u1ea1n mu\u1ed1n d\u1ecbch. <\/li>\n<\/ol>\n<div class=\"wp-block-image\">\n<figure class=\" tb-image tb-image-dynamic tb-image-frame-none aligncenter\" data-toolset-blocks-image=\"dffdf231c34d63ef4448a5e4efec5181\"><a href=\"https:\/\/wpml.org\/wp-content\/uploads\/2026\/02\/Selecting-custom-post-to-translate.png\"><img decoding=\"async\" width=\"1024\" height=\"596\" loading=\"lazy\" src=\"https:\/\/wpml.org\/wp-content\/uploads\/2026\/02\/Selecting-custom-post-to-translate-1024x596.png\" alt=\"Selecting custom post to translate\" class=\"wp-image-17792262\" srcset=\"https:\/\/wpml.org\/wp-content\/uploads\/2026\/02\/Selecting-custom-post-to-translate-1024x596.png 1024w, https:\/\/wpml.org\/wp-content\/uploads\/2026\/02\/Selecting-custom-post-to-translate-300x175.png 300w, https:\/\/wpml.org\/wp-content\/uploads\/2026\/02\/Selecting-custom-post-to-translate-150x87.png 150w, https:\/\/wpml.org\/wp-content\/uploads\/2026\/02\/Selecting-custom-post-to-translate-768x447.png 768w, https:\/\/wpml.org\/wp-content\/uploads\/2026\/02\/Selecting-custom-post-to-translate-1536x895.png 1536w, https:\/\/wpml.org\/wp-content\/uploads\/2026\/02\/Selecting-custom-post-to-translate.png 1600w\" sizes=\"auto, (max-width: 1024px) 100vw, 1024px\" \/><\/a><figcaption><div class=\"tb-image-caption\">Ch\u1ecdn b\u00e0i \u0111\u0103ng t\u00f9y ch\u1ec9nh \u0111\u1ec3 d\u1ecbch<\/div><\/figcaption><\/figure>\n<\/div>\n<ol start=\"3\" class=\"wp-block-list\">\n<li>Ch\u1ecdn m\u1ed9t ph\u01b0\u01a1ng ph\u00e1p d\u1ecbch (ch\u00fang t\u00f4i khuy\u00ean d\u00f9ng <a href=\"https:\/\/wpml.org\/vi\/tai-lieu-wpml\/dich-tu-dong-cho-noi-dung-wordpress-voi-wpml\/\">d\u1ecbch t\u1ef1 \u0111\u1ed9ng<\/a> ch\u00ednh x\u00e1c cao c\u1ee7a WPML) v\u00e0 nh\u1ea5p v\u00e0o <strong>D\u1ecbch<\/strong>.<\/li>\n<\/ol>\n\n<h2 class=\"wp-block-heading\">Kh\u00f4ng t\u00ecm th\u1ea5y c\u00e1c lo\u1ea1i b\u00e0i \u0111\u0103ng t\u00f9y ch\u1ec9nh c\u1ee7a b\u1ea1n?<\/h2>\n\n<p>N\u1ebfu b\u1ea1n kh\u00f4ng th\u1ea5y lo\u1ea1i b\u00e0i vi\u1ebft t\u00f9y ch\u1ec9nh c\u1ee7a m\u00ecnh trong <strong>B\u1ea3ng \u0111i\u1ec1u khi\u1ec3n D\u1ecbch thu\u1eadt<\/strong>:<\/p>\n\n<ol class=\"wp-block-list\">\n<li>\u0110i t\u1edbi <strong>WPML <\/strong>\u2192 <strong>C\u00e0i \u0111\u1eb7t <\/strong>v\u00e0 cu\u1ed9n xu\u1ed1ng ph\u1ea7n <strong>D\u1ecbch C\u00e1c Lo\u1ea1i B\u00e0i \u0110\u0103ng<\/strong>. <\/li>\n\n\n\n<li>T\u00ecm lo\u1ea1i b\u00e0i \u0111\u0103ng t\u00f9y ch\u1ec9nh b\u1ea1n mu\u1ed1n d\u1ecbch v\u00e0 \u0111\u1eb7t n\u00f3 th\u00e0nh <strong>C\u00f3 th\u1ec3 d\u1ecbch \u2013 ch\u1ec9 hi\u1ec3n th\u1ecb c\u00e1c m\u1ee5c \u0111\u00e3 d\u1ecbch<\/strong>. Nh\u1ea5p v\u00e0o <strong>L\u01b0u <\/strong>\u0111\u1ec3 x\u00e1c nh\u1eadn. <\/li>\n<\/ol>\n\n<figure class=\"wp-block-image tb-image tb-image-dynamic tb-image-frame-none\" data-toolset-blocks-image=\"6dcf2e6a6cb22c2f8fcebb74f23c35a9\"><a href=\"https:\/\/wpml.org\/wp-content\/uploads\/2025\/08\/Setting-Recipe-custom-post-type-as-Translatable.png\"><img decoding=\"async\" width=\"1024\" height=\"496\" loading=\"lazy\" src=\"https:\/\/wpml.org\/wp-content\/uploads\/2025\/08\/Setting-Recipe-custom-post-type-as-Translatable-1024x496.png\" alt=\"Setting Recipe custom post type as Translatable\" class=\"wp-image-17334111\" srcset=\"https:\/\/wpml.org\/wp-content\/uploads\/2025\/08\/Setting-Recipe-custom-post-type-as-Translatable-1024x496.png 1024w, https:\/\/wpml.org\/wp-content\/uploads\/2025\/08\/Setting-Recipe-custom-post-type-as-Translatable-300x145.png 300w, https:\/\/wpml.org\/wp-content\/uploads\/2025\/08\/Setting-Recipe-custom-post-type-as-Translatable-150x73.png 150w, https:\/\/wpml.org\/wp-content\/uploads\/2025\/08\/Setting-Recipe-custom-post-type-as-Translatable-768x372.png 768w, https:\/\/wpml.org\/wp-content\/uploads\/2025\/08\/Setting-Recipe-custom-post-type-as-Translatable-1536x744.png 1536w, https:\/\/wpml.org\/wp-content\/uploads\/2025\/08\/Setting-Recipe-custom-post-type-as-Translatable.png 1600w\" sizes=\"auto, (max-width: 1024px) 100vw, 1024px\" \/><\/a><figcaption><div class=\"tb-image-caption\">\u0110\u1eb7t lo\u1ea1i b\u00e0i \u0111\u0103ng t\u00f9y ch\u1ec9nh C\u00f4ng th\u1ee9c l\u00e0 C\u00f3 th\u1ec3 d\u1ecbch <\/div><\/figcaption><\/figure>\n\n<p>Lo\u1ea1i b\u00e0i \u0111\u0103ng t\u00f9y ch\u1ec9nh c\u1ee7a b\u1ea1n gi\u1edd \u0111\u00e2y s\u1ebd xu\u1ea5t hi\u1ec7n trong <strong>B\u1ea3ng \u0111i\u1ec1u khi\u1ec3n D\u1ecbch<\/strong>.<\/p>\n\n<div class=\"wp-block-toolset-blocks-container tb-container\" data-toolset-blocks-container=\"f908b134276ba3432b0b77744504af0a\">\n<div class=\"wp-block-toolset-blocks-grid tb-grid\" data-toolset-blocks-grid=\"0625d28d153dcf59262d47978e68087a\">\n<div class=\"wp-block-toolset-blocks-grid-column tb-grid-column tb-grid-align-top\" data-toolset-blocks-grid-column=\"3034fbe886c11054e95b46b09d3e4112\">\n<div class=\"wp-block-toolset-blocks-container tb-container\" data-toolset-blocks-container=\"5cf35f77ebe86fbe26ba5394e7247dee\"><\/div>\n<\/div>\n\n\n\n<div class=\"wp-block-toolset-blocks-grid-column tb-grid-column tb-grid-align-top\" data-toolset-blocks-grid-column=\"3034fbe886c11054e95b46b09d3e4112\">\n<p>\u0110\u1ec3 t\u00ecm hi\u1ec3u th\u00eam v\u1ec1 B\u1ea3ng \u0110i\u1ec1u Khi\u1ec3n D\u1ecbch, h\u00e3y xem h\u01b0\u1edbng d\u1eabn \u0111\u1ea7y \u0111\u1ee7 c\u1ee7a ch\u00fang t\u00f4i v\u1ec1 <a href=\"https:\/\/wpml.org\/how-to\/translation-dashboard\/\">c\u00e1ch s\u1eed d\u1ee5ng B\u1ea3ng \u0110i\u1ec1u Khi\u1ec3n D\u1ecbch<\/a>. <\/p>\n<\/div>\n<\/div>\n<\/div>\n","protected":false},"excerpt":{"rendered":"<p>T\u00ecm hi\u1ec3u c\u00e1ch d\u1ecbch c\u00e1c lo\u1ea1i b\u00e0i \u0111\u0103ng t\u00f9y ch\u1ec9nh trong WordPress sang nhi\u1ec1u ng\u00f4n ng\u1eef h\u01a1n v\u1edbi WPML. D\u1ecbch c\u00e1c lo\u1ea1i b\u00e0i \u0111\u0103ng t\u00f9y ch\u1ec9nh \u0110\u1ec3 d\u1ecbch c\u00e1c lo\u1ea1i b\u00e0i \u0111\u0103ng t\u00f9y ch\u1ec9nh v\u1edbi WPML: Kh\u00f4ng t\u00ecm th\u1ea5y c\u00e1c lo\u1ea1i b\u00e0i \u0111\u0103ng t\u00f9y ch\u1ec9nh c\u1ee7a b\u1ea1n? N\u1ebfu b\u1ea1n kh\u00f4ng th\u1ea5y lo\u1ea1i b\u00e0i vi\u1ebft t\u00f9y [&hellip;]<\/p>\n","protected":false},"author":76577,"featured_media":0,"parent":14527667,"menu_order":44,"comment_status":"closed","ping_status":"closed","template":"template-sidebar-2.php","meta":{"_bbp_topic_count":0,"_bbp_reply_count":0,"_bbp_total_topic_count":0,"_bbp_total_reply_count":0,"_bbp_voice_count":0,"_bbp_anonymous_reply_count":0,"_bbp_topic_count_hidden":0,"_bbp_reply_count_hidden":0,"_bbp_forum_subforum_count":0,"_uag_custom_page_level_css":"","ep_exclude_from_search":false,"footnotes":""},"related-projects-category":[],"class_list":["post-15632888","page","type-page","status-publish","hentry"],"spectra_custom_meta":{"ratings_users":["0"],"ratings_score":["0"],"ratings_average":["0"],"_subscription_coupon_product_id":["0"],"_wpv_contains_gutenberg_views":[""],"_alp_processed":["1770215023"],"_views_template":["0"],"wpcf-unformatted-code":[""],"_wpml_media_duplicate":["0"],"_wpml_media_featured":["1"],"toolset_post_editor_mode":["block"],"wpcf-price-increase-show-from":[""],"wpcf-price-increase-show-till":[""],"_wp_page_template":["template-sidebar-2.php"],"_last_translation_edit_mode":["translation-editor"],"_wpml_word_count":["232"],"cmplz_hide_cookiebanner":[""],"wpcf-price-increase-content":[""],"wpcf-login-box-title":[""],"wpcf-page-content":[""],"_yoast_wpseo_primary_related-projects-category":[""],"_yoast_wpseo_metadesc":["T\u00ecm hi\u1ec3u c\u00e1ch d\u1ecbch c\u00e1c lo\u1ea1i b\u00e0i \u0111\u0103ng t\u00f9y ch\u1ec9nh trong WordPress sang nhi\u1ec1u ng\u00f4n ng\u1eef h\u01a1n v\u1edbi WPML."],"_yoast_wpseo_focuskw":["d\u1ecbch c\u00e1c lo\u1ea1i b\u00e0i \u0111\u0103ng t\u00f9y ch\u1ec9nh"],"_uag_css_file_name":["uag-css-15632888.css"],"_uag_page_assets":["a:9:{s:3:\"css\";s:260:\".uag-blocks-common-selector{z-index:var(--z-index-desktop) !important}@media(max-width: 976px){.uag-blocks-common-selector{z-index:var(--z-index-tablet) !important}}@media(max-width: 767px){.uag-blocks-common-selector{z-index:var(--z-index-mobile) !important}}\";s:2:\"js\";s:0:\"\";s:18:\"current_block_list\";a:9:{i:0;s:14:\"core\/paragraph\";i:1;s:12:\"core\/heading\";i:2;s:9:\"core\/list\";i:3;s:14:\"core\/list-item\";i:4;s:20:\"toolset-blocks\/image\";i:5;s:24:\"toolset-blocks\/container\";i:6;s:19:\"toolset-blocks\/grid\";i:7;s:26:\"toolset-blocks\/grid-column\";i:8;s:14:\"core\/shortcode\";}s:8:\"uag_flag\";b:0;s:11:\"uag_version\";s:10:\"1778329687\";s:6:\"gfonts\";a:0:{}s:10:\"gfonts_url\";s:0:\"\";s:12:\"gfonts_files\";a:0:{}s:14:\"uag_faq_layout\";b:0;}"]},"uagb_featured_image_src":{"full":false,"thumbnail":false,"medium":false,"medium_large":false,"large":false,"1536x1536":false,"2048x2048":false,"gform-image-choice-sm":false,"gform-image-choice-md":false,"gform-image-choice-lg":false,"woocommerce_thumbnail":false,"woocommerce_single":false,"woocommerce_gallery_thumbnail":false},"uagb_author_info":{"display_name":"Dario","author_link":"https:\/\/wpml.org\/vi\/author\/darioh\/"},"uagb_comment_info":0,"uagb_excerpt":"T\u00ecm hi\u1ec3u c\u00e1ch d\u1ecbch c\u00e1c lo\u1ea1i b\u00e0i \u0111\u0103ng t\u00f9y ch\u1ec9nh trong WordPress sang nhi\u1ec1u ng\u00f4n ng\u1eef h\u01a1n v\u1edbi WPML. D\u1ecbch c\u00e1c lo\u1ea1i b\u00e0i \u0111\u0103ng t\u00f9y ch\u1ec9nh \u0110\u1ec3 d\u1ecbch c\u00e1c lo\u1ea1i b\u00e0i \u0111\u0103ng t\u00f9y ch\u1ec9nh v\u1edbi WPML: Kh\u00f4ng t\u00ecm th\u1ea5y c\u00e1c lo\u1ea1i b\u00e0i \u0111\u0103ng t\u00f9y ch\u1ec9nh c\u1ee7a b\u1ea1n? N\u1ebfu b\u1ea1n kh\u00f4ng th\u1ea5y lo\u1ea1i b\u00e0i vi\u1ebft t\u00f9y&hellip;","_links":{"self":[{"href":"https:\/\/wpml.org\/vi\/wp-json\/wp\/v2\/pages\/15632888","targetHints":{"allow":["GET"]}}],"collection":[{"href":"https:\/\/wpml.org\/vi\/wp-json\/wp\/v2\/pages"}],"about":[{"href":"https:\/\/wpml.org\/vi\/wp-json\/wp\/v2\/types\/page"}],"author":[{"embeddable":true,"href":"https:\/\/wpml.org\/vi\/wp-json\/wp\/v2\/users\/76577"}],"replies":[{"embeddable":true,"href":"https:\/\/wpml.org\/vi\/wp-json\/wp\/v2\/comments?post=15632888"}],"version-history":[{"count":8,"href":"https:\/\/wpml.org\/vi\/wp-json\/wp\/v2\/pages\/15632888\/revisions"}],"predecessor-version":[{"id":17792275,"href":"https:\/\/wpml.org\/vi\/wp-json\/wp\/v2\/pages\/15632888\/revisions\/17792275"}],"up":[{"embeddable":true,"href":"https:\/\/wpml.org\/vi\/wp-json\/wp\/v2\/pages\/14527667"}],"wp:attachment":[{"href":"https:\/\/wpml.org\/vi\/wp-json\/wp\/v2\/media?parent=15632888"}],"wp:term":[{"taxonomy":"related-projects-category","embeddable":true,"href":"https:\/\/wpml.org\/vi\/wp-json\/wp\/v2\/related-projects-category?post=15632888"}],"curies":[{"name":"wp","href":"https:\/\/api.w.org\/{rel}","templated":true}]}}