{"id":15632911,"date":"2013-05-25T05:23:18","date_gmt":"2013-05-25T05:23:18","guid":{"rendered":"https:\/\/wpml.org\/huong-dan-bat-dau\/cai-dat-ngon-ngu\/cach-them-trinh-chuyen-doi-ngon-ngu-vao-trang-wordpress-cua-ban\/"},"modified":"2026-02-26T07:18:37","modified_gmt":"2026-02-26T07:18:37","slug":"cach-them-trinh-chuyen-doi-ngon-ngu-vao-trang-wordpress-cua-ban","status":"publish","type":"page","link":"https:\/\/wpml.org\/vi\/tai-lieu-wpml\/huong-dan-bat-dau\/cai-dat-ngon-ngu\/cach-them-trinh-chuyen-doi-ngon-ngu-vao-trang-wordpress-cua-ban\/","title":{"rendered":"C\u00e1ch Th\u00eam C\u00f4ng C\u1ee5 Chuy\u1ec3n \u0110\u1ed5i Ng\u00f4n Ng\u1eef V\u00e0o Trang WordPress C\u1ee7a B\u1ea1n"},"content":{"rendered":"\n<div class=\"wp-block-toolset-blocks-container tb-container\" data-toolset-blocks-container=\"f1f6cf433548e794e350cca473324a7f\"><div class=\"tb-container-inner\">\n<p class=\"lead\">WPML cho ph\u00e9p b\u1ea1n th\u00eam b\u1ed9 chuy\u1ec3n \u0111\u1ed5i ng\u00f4n ng\u1eef v\u00e0o menu trang web, d\u01b0\u1edbi d\u1ea1ng widget ho\u1eb7c \u1edf ch\u00e2n trang. B\u1ea1n c\u0169ng c\u00f3 th\u1ec3 bao g\u1ed3m c\u1edd, hi\u1ec3n th\u1ecb ng\u00f4n ng\u1eef b\u1eb1ng t\u00ean b\u1ea3n ng\u1eef v\u00e0 th\u00eam ki\u1ec3u t\u00f9y ch\u1ec9nh. <\/p>\n\n\n\n<p>C\u00f4ng c\u1ee5 chuy\u1ec3n \u0111\u1ed5i ng\u00f4n ng\u1eef cho ph\u00e9p kh\u00e1ch truy c\u1eadp ch\u1ecdn ng\u00f4n ng\u1eef m\u00e0 h\u1ecd mu\u1ed1n \u0111\u1ecdc n\u1ed9i dung c\u1ee7a b\u1ea1n. T\u00f9y theo s\u1edf th\u00edch, b\u1ea1n c\u00f3 th\u1ec3 hi\u1ec3n th\u1ecb n\u00f3 \u1edf nhi\u1ec1u v\u1ecb tr\u00ed kh\u00e1c nhau tr\u00ean trang web c\u1ee7a m\u00ecnh. <\/p>\n\n\n\n<p>V\u00ed d\u1ee5, b\u1ea1n c\u00f3 th\u1ec3 \u0111\u1eb7t b\u1ed9 chuy\u1ec3n \u0111\u1ed5i ng\u00f4n ng\u1eef c\u1ee7a m\u00ecnh nh\u01b0 m\u1ed9t menu trong ph\u1ea7n \u0111\u1ea7u trang.<\/p>\n\n\n\n<figure class=\"wp-block-image tb-image tb-image-dynamic tb-image-frame-none\" data-toolset-blocks-image=\"4fb3499999aa10ccdc6991dec5a9f98f\"><a href=\"https:\/\/wpml.org\/wp-content\/uploads\/2024\/11\/Language-switcher-in-header-1.png\"><img decoding=\"async\" width=\"1024\" height=\"588\" loading=\"lazy\" src=\"https:\/\/wpml.org\/wp-content\/uploads\/2024\/11\/Language-switcher-in-header-1-1024x588.png\" alt=\"Language switcher in header\" class=\"wp-image-16446321\" srcset=\"https:\/\/wpml.org\/wp-content\/uploads\/2024\/11\/Language-switcher-in-header-1-1024x588.png 1024w, https:\/\/wpml.org\/wp-content\/uploads\/2024\/11\/Language-switcher-in-header-1-300x172.png 300w, https:\/\/wpml.org\/wp-content\/uploads\/2024\/11\/Language-switcher-in-header-1-150x86.png 150w, https:\/\/wpml.org\/wp-content\/uploads\/2024\/11\/Language-switcher-in-header-1-768x441.png 768w, https:\/\/wpml.org\/wp-content\/uploads\/2024\/11\/Language-switcher-in-header-1-1536x882.png 1536w, https:\/\/wpml.org\/wp-content\/uploads\/2024\/11\/Language-switcher-in-header-1.png 1600w\" sizes=\"auto, (max-width: 1024px) 100vw, 1024px\" \/><\/a><figcaption><div class=\"tb-image-caption\">Tr\u00ecnh chuy\u1ec3n \u0111\u1ed5i ng\u00f4n ng\u1eef trong ph\u1ea7n ti\u00eau \u0111\u1ec1<\/div><\/figcaption><\/figure>\n\n\n\n<p>Ho\u1eb7c, n\u1ebfu b\u1ea1n kh\u00f4ng mu\u1ed1n ch\u1ec9nh s\u1eeda thi\u1ebft k\u1ebf ph\u1ea7n ti\u00eau \u0111\u1ec1, b\u1ea1n c\u00f3 th\u1ec3 \u0111\u1eb7t c\u00f4ng c\u1ee5 chuy\u1ec3n \u0111\u1ed5i ng\u00f4n ng\u1eef \u1edf cu\u1ed1i ph\u1ea7n ch\u00e2n trang.  <\/p>\n\n\n\n<figure class=\"wp-block-image tb-image tb-image-dynamic tb-image-frame-none\" data-toolset-blocks-image=\"b108afeeaf99f2655f1b998e1426f8fc\"><a href=\"https:\/\/wpml.org\/wp-content\/uploads\/2024\/03\/language-switcher-in-footer.png\"><img decoding=\"async\" width=\"1024\" height=\"563\" loading=\"lazy\" src=\"https:\/\/wpml.org\/wp-content\/uploads\/2024\/03\/language-switcher-in-footer-1024x563.png\" alt=\"Language switcher in the footer section\" class=\"wp-image-15415071\" srcset=\"https:\/\/wpml.org\/wp-content\/uploads\/2024\/03\/language-switcher-in-footer-1024x563.png 1024w, https:\/\/wpml.org\/wp-content\/uploads\/2024\/03\/language-switcher-in-footer-300x165.png 300w, https:\/\/wpml.org\/wp-content\/uploads\/2024\/03\/language-switcher-in-footer-150x83.png 150w, https:\/\/wpml.org\/wp-content\/uploads\/2024\/03\/language-switcher-in-footer-768x422.png 768w, https:\/\/wpml.org\/wp-content\/uploads\/2024\/03\/language-switcher-in-footer-1536x845.png 1536w, https:\/\/wpml.org\/wp-content\/uploads\/2024\/03\/language-switcher-in-footer.png 1600w\" sizes=\"auto, (max-width: 1024px) 100vw, 1024px\" \/><\/a><figcaption><div class=\"tb-image-caption\">Tr\u00ecnh chuy\u1ec3n \u0111\u1ed5i ng\u00f4n ng\u1eef \u1edf ph\u1ea7n ch\u00e2n trang<\/div><\/figcaption><\/figure>\n\n\n\n<p>V\u1edbi WPML, b\u1ea1n c\u00f3 th\u1ec3 d\u1ec5 d\u00e0ng th\u00eam c\u00e1c b\u1ed9 chuy\u1ec3n \u0111\u1ed5i ng\u00f4n ng\u1eef v\u00e0o trang web c\u1ee7a m\u00ecnh gi\u1ed1ng nh\u01b0 nh\u1eefng b\u1ed9 chuy\u1ec3n \u0111\u1ed5i \u0111\u01b0\u1ee3c gi\u1edbi thi\u1ec7u \u1edf tr\u00ean. <\/p>\n\n\n\n<h2 class=\"wp-block-heading\" id=\"add-language-switcher-wpml\">C\u00e1ch th\u00eam b\u1ed9 chuy\u1ec3n \u0111\u1ed5i ng\u00f4n ng\u1eef v\u1edbi WPML<\/h2>\n\n\n\n<p>V\u1edbi WPML, b\u1ea1n c\u00f3 th\u1ec3 th\u00eam nhi\u1ec1u b\u1ed9 chuy\u1ec3n \u0111\u1ed5i ng\u00f4n ng\u1eef t\u1ea1i c\u00e1c v\u1ecb tr\u00ed kh\u00e1c nhau. Bao g\u1ed3m:  <\/p>\n\n\n\n<div style=\"height:20px\" aria-hidden=\"true\" class=\"wp-block-spacer\"><\/div>\n\n\n\n<div class=\"wp-block-toolset-blocks-grid tb-grid\" data-toolset-blocks-grid=\"6329aaaa361b6c3ff5e14c6308f907de\">\n<div class=\"wp-block-toolset-blocks-grid-column tb-grid-column tb-grid-align-top\" data-toolset-blocks-grid-column=\"e0c62ef28c440411136281632d5a8d63\">\n<div class=\"wp-block-toolset-blocks-container tb-container aligncenter\" data-toolset-blocks-container=\"48873aa9a1502db94cee7985805c3625\">\n<div class=\"tb-fields-and-text\" data-toolset-blocks-fields-and-text=\"3e1d2592ce20bdf2bf813c9dfa44c991\"><p><img decoding=\"async\" class=\" wp-image-15966792 aligncenter\" src=\"https:\/\/wpml.org\/wp-content\/uploads\/2024\/07\/menu1-min.png\" alt=\"\" width=\"190\" height=\"190\" srcset=\"https:\/\/wpml.org\/wp-content\/uploads\/2024\/07\/menu1-min.png 370w, https:\/\/wpml.org\/wp-content\/uploads\/2024\/07\/menu1-min-300x300.png 300w, https:\/\/wpml.org\/wp-content\/uploads\/2024\/07\/menu1-min-150x150.png 150w, https:\/\/wpml.org\/wp-content\/uploads\/2024\/07\/menu1-min-100x100.png 100w\" sizes=\"(max-width: 190px) 100vw, 190px\" \/><\/p><\/div>\n\n\n\n<p class=\"tb-heading has-text-color\" data-toolset-blocks-heading=\"bf983b028e621cb4ef8152faf0911a40\" data-last-update=\"1.4\"><strong>Th\u1ef1c \u0111\u01a1n<\/strong><\/p>\n<\/div>\n<\/div>\n\n\n\n<div class=\"wp-block-toolset-blocks-grid-column tb-grid-column tb-grid-align-top\" data-toolset-blocks-grid-column=\"3034fbe886c11054e95b46b09d3e4112\">\n<div class=\"wp-block-toolset-blocks-container tb-container aligncenter\" data-toolset-blocks-container=\"48873aa9a1502db94cee7985805c3625\">\n<div class=\"tb-fields-and-text\" data-toolset-blocks-fields-and-text=\"3e1d2592ce20bdf2bf813c9dfa44c991\"><p><img decoding=\"async\" class=\" wp-image-15966806 aligncenter\" src=\"https:\/\/wpml.org\/wp-content\/uploads\/2024\/07\/widget1-min.png\" alt=\"\" width=\"190\" height=\"190\" srcset=\"https:\/\/wpml.org\/wp-content\/uploads\/2024\/07\/widget1-min.png 370w, https:\/\/wpml.org\/wp-content\/uploads\/2024\/07\/widget1-min-300x300.png 300w, https:\/\/wpml.org\/wp-content\/uploads\/2024\/07\/widget1-min-150x150.png 150w, https:\/\/wpml.org\/wp-content\/uploads\/2024\/07\/widget1-min-100x100.png 100w\" sizes=\"(max-width: 190px) 100vw, 190px\" \/><\/p><\/div>\n\n\n\n<p class=\"tb-heading has-text-color\" data-toolset-blocks-heading=\"bf983b028e621cb4ef8152faf0911a40\" data-last-update=\"1.4\"><strong><strong>Ti\u1ec7n \u00edch<\/strong><\/strong><\/p>\n<\/div>\n<\/div>\n\n\n\n<div class=\"wp-block-toolset-blocks-grid-column tb-grid-column tb-grid-align-top\" data-toolset-blocks-grid-column=\"3034fbe886c11054e95b46b09d3e4112\">\n<div class=\"wp-block-toolset-blocks-container tb-container aligncenter\" data-toolset-blocks-container=\"48873aa9a1502db94cee7985805c3625\">\n<div class=\"tb-fields-and-text\" data-toolset-blocks-fields-and-text=\"3e1d2592ce20bdf2bf813c9dfa44c991\"><p><img decoding=\"async\" class=\" wp-image-15966821 aligncenter\" src=\"https:\/\/wpml.org\/wp-content\/uploads\/2024\/07\/template1-min.png\" alt=\"\" width=\"190\" height=\"190\" srcset=\"https:\/\/wpml.org\/wp-content\/uploads\/2024\/07\/template1-min.png 370w, https:\/\/wpml.org\/wp-content\/uploads\/2024\/07\/template1-min-300x300.png 300w, https:\/\/wpml.org\/wp-content\/uploads\/2024\/07\/template1-min-150x150.png 150w, https:\/\/wpml.org\/wp-content\/uploads\/2024\/07\/template1-min-100x100.png 100w\" sizes=\"(max-width: 190px) 100vw, 190px\" \/><\/p><\/div>\n\n\n\n<p class=\"tb-heading has-text-color\" data-toolset-blocks-heading=\"bf983b028e621cb4ef8152faf0911a40\" data-last-update=\"1.4\"><strong><strong><strong>M\u1eabu<\/strong><\/strong><\/strong><\/p>\n<\/div>\n<\/div>\n\n\n\n<div class=\"wp-block-toolset-blocks-grid-column tb-grid-column tb-grid-align-top\" data-toolset-blocks-grid-column=\"3034fbe886c11054e95b46b09d3e4112\">\n<div class=\"wp-block-toolset-blocks-container tb-container aligncenter\" data-toolset-blocks-container=\"48873aa9a1502db94cee7985805c3625\">\n<div class=\"tb-fields-and-text\" data-toolset-blocks-fields-and-text=\"3e1d2592ce20bdf2bf813c9dfa44c991\"><p><img decoding=\"async\" class=\" wp-image-15966835 aligncenter\" src=\"https:\/\/wpml.org\/wp-content\/uploads\/2024\/07\/post1-min.png\" alt=\"\" width=\"190\" height=\"190\" srcset=\"https:\/\/wpml.org\/wp-content\/uploads\/2024\/07\/post1-min.png 370w, https:\/\/wpml.org\/wp-content\/uploads\/2024\/07\/post1-min-300x300.png 300w, https:\/\/wpml.org\/wp-content\/uploads\/2024\/07\/post1-min-150x150.png 150w, https:\/\/wpml.org\/wp-content\/uploads\/2024\/07\/post1-min-100x100.png 100w\" sizes=\"(max-width: 190px) 100vw, 190px\" \/><\/p><\/div>\n\n\n\n<p class=\"tb-heading has-text-color\" data-toolset-blocks-heading=\"bf983b028e621cb4ef8152faf0911a40\" data-last-update=\"1.4\"><strong>\u0110\u0103ng n\u1ed9i dung<\/strong><\/p>\n<\/div>\n<\/div>\n<\/div>\n\n\n\n<div style=\"height:40px\" aria-hidden=\"true\" class=\"wp-block-spacer\"><\/div>\n\n\n\n<h3 class=\"wp-block-heading\" id=\"add-language-switcher-menu\">Th\u00eam Tr\u00ecnh chuy\u1ec3n \u0111\u1ed5i ng\u00f4n ng\u1eef v\u00e0o Menu, Ti\u1ec7n \u00edch ho\u1eb7c Ch\u00e2n trang<\/h3>\n\n\n\n<p>\u0110\u1ec3 th\u00eam b\u1ed9 chuy\u1ec3n \u0111\u1ed5i ng\u00f4n ng\u1eef v\u00e0o menu, widget ho\u1eb7c ch\u00e2n trang, h\u00e3y \u0111i t\u1edbi <strong>WPML \u2192 Ng\u00f4n ng\u1eef<\/strong>. <\/p>\n\n\n\n<p>T\u1ea1i \u0111\u00e2y, b\u1ea1n c\u0169ng c\u00f3 th\u1ec3 t\u00f9y ch\u1ec9nh t\u1eebng b\u1ed9 chuy\u1ec3n \u0111\u1ed5i ng\u00f4n ng\u1eef. Nh\u1ea5p v\u00e0o bi\u1ec3u t\u01b0\u1ee3ng b\u00fat ch\u00ec \u0111\u1ec3 ch\u1ec9nh s\u1eeda \u2014 b\u1ea1n c\u00f3 th\u1ec3 thay \u0111\u1ed5i k\u00edch th\u01b0\u1edbc v\u00e0 m\u00e0u s\u1eafc c\u1ee7a b\u1ed9 chuy\u1ec3n \u0111\u1ed5i ng\u00f4n ng\u1eef, c\u0169ng nh\u01b0 c\u00e1ch hi\u1ec3n th\u1ecb c\u1ee7a t\u1eebng ng\u00f4n ng\u1eef (v\u00ed d\u1ee5: b\u1eb1ng ng\u00f4n ng\u1eef b\u1ea3n ng\u1eef v\u00e0 b\u1eb1ng ng\u00f4n ng\u1eef hi\u1ec7n t\u1ea1i c\u1ee7a trang web). <\/p>\n\n\n<div class=\"wp-block-image\">\n<figure class=\" tb-image tb-image-dynamic tb-image-frame-none aligncenter\" data-toolset-blocks-image=\"118ecdfaeca09762e525676dcce1eeb2\"><a href=\"https:\/\/wpml.org\/wp-content\/uploads\/2025\/08\/Language-switcher-settings.png\"><img decoding=\"async\" width=\"1860\" height=\"1147\" loading=\"lazy\" src=\"https:\/\/wpml.org\/wp-content\/uploads\/2025\/08\/Language-switcher-settings.png\" alt=\"\" class=\"wp-image-17328484\" srcset=\"https:\/\/wpml.org\/wp-content\/uploads\/2025\/08\/Language-switcher-settings.png 1860w, https:\/\/wpml.org\/wp-content\/uploads\/2025\/08\/Language-switcher-settings-300x185.png 300w, https:\/\/wpml.org\/wp-content\/uploads\/2025\/08\/Language-switcher-settings-1024x631.png 1024w, https:\/\/wpml.org\/wp-content\/uploads\/2025\/08\/Language-switcher-settings-150x93.png 150w, https:\/\/wpml.org\/wp-content\/uploads\/2025\/08\/Language-switcher-settings-768x474.png 768w, https:\/\/wpml.org\/wp-content\/uploads\/2025\/08\/Language-switcher-settings-1536x947.png 1536w\" sizes=\"auto, (max-width: 1860px) 100vw, 1860px\" \/><\/a><figcaption><div class=\"tb-image-caption\">C\u00e0i \u0111\u1eb7t Tr\u00ecnh chuy\u1ec3n \u0111\u1ed5i ng\u00f4n ng\u1eef<\/div><\/figcaption><\/figure>\n<\/div>\n\n\n<h3 class=\"wp-block-heading\" id=\"add-language-switcher-post-content\">Th\u00eam c\u00f4ng c\u1ee5 chuy\u1ec3n \u0111\u1ed5i ng\u00f4n ng\u1eef v\u00e0o n\u1ed9i dung b\u00e0i \u0111\u0103ng<\/h3>\n\n\n\n<p>C\u00f4ng c\u1ee5 chuy\u1ec3n \u0111\u1ed5i ng\u00f4n ng\u1eef trong n\u1ed9i dung b\u00e0i \u0111\u0103ng s\u1ebd hi\u1ec3n th\u1ecb d\u01b0\u1edbi d\u1ea1ng li\u00ean k\u1ebft n\u1ed9i tuy\u1ebfn.  <\/p>\n\n\n\n<figure class=\"wp-block-image tb-image tb-image-dynamic tb-image-frame-none\" data-toolset-blocks-image=\"bdd226928cee9acd69bd4b905131dbc5\"><a href=\"https:\/\/wpml.org\/wp-content\/uploads\/2024\/07\/Language-switcher-in-post-content.png\"><img decoding=\"async\" width=\"1024\" height=\"644\" loading=\"lazy\" src=\"https:\/\/wpml.org\/wp-content\/uploads\/2024\/07\/Language-switcher-in-post-content-1024x644.png\" alt=\"Language switcher in post content\" class=\"wp-image-15962562\" srcset=\"https:\/\/wpml.org\/wp-content\/uploads\/2024\/07\/Language-switcher-in-post-content-1024x644.png 1024w, https:\/\/wpml.org\/wp-content\/uploads\/2024\/07\/Language-switcher-in-post-content-300x189.png 300w, https:\/\/wpml.org\/wp-content\/uploads\/2024\/07\/Language-switcher-in-post-content-150x94.png 150w, https:\/\/wpml.org\/wp-content\/uploads\/2024\/07\/Language-switcher-in-post-content-768x483.png 768w, https:\/\/wpml.org\/wp-content\/uploads\/2024\/07\/Language-switcher-in-post-content-1536x966.png 1536w, https:\/\/wpml.org\/wp-content\/uploads\/2024\/07\/Language-switcher-in-post-content.png 1913w\" sizes=\"auto, (max-width: 1024px) 100vw, 1024px\" \/><\/a><figcaption><div class=\"tb-image-caption\">Tr\u00ecnh chuy\u1ec3n \u0111\u1ed5i ng\u00f4n ng\u1eef ph\u00eda tr\u00ean n\u1ed9i dung b\u00e0i \u0111\u0103ng<\/div><\/figcaption><\/figure>\n\n\n\n<p>T\u01b0\u01a1ng t\u1ef1 nh\u01b0 c\u00f4ng c\u1ee5 chuy\u1ec3n \u0111\u1ed5i ng\u00f4n ng\u1eef th\u00f4ng th\u01b0\u1eddng, b\u1ea1n c\u00f3 th\u1ec3 th\u00eam c\u1edd, hi\u1ec3n th\u1ecb ng\u00f4n ng\u1eef b\u1eb1ng t\u00ean g\u1ed1c v\u00e0 ki\u1ec3m so\u00e1t v\u1ecb tr\u00ed xu\u1ea5t hi\u1ec7n li\u00ean k\u1ebft tr\u00ean trang; b\u00ean d\u01b0\u1edbi ho\u1eb7c b\u00ean tr\u00ean b\u00e0i \u0111\u0103ng.  <\/p>\n\n\n\n<p>\u0110\u1ec3 th\u00eam c\u00f4ng c\u1ee5 chuy\u1ec3n \u0111\u1ed5i ng\u00f4n ng\u1eef v\u00e0o n\u1ed9i dung b\u00e0i \u0111\u0103ng:  <\/p>\n\n\n\n<ol class=\"wp-block-list\">\n<li>\u0110i t\u1edbi <strong>WPML \u2192 Ng\u00f4n ng\u1eef<\/strong>.<\/li>\n\n\n\n<li>Cu\u1ed9n xu\u1ed1ng ph\u1ea7n <strong>Li\u00ean k\u1ebft \u0111\u1ebfn b\u1ea3n d\u1ecbch c\u1ee7a c\u00e1c b\u00e0i vi\u1ebft<\/strong> v\u00e0 \u0111\u00e1nh d\u1ea5u v\u00e0o \u00f4.<\/li>\n<\/ol>\n\n\n\n<h3 class=\"wp-block-heading\" id=\"add-language-switcher-template\">Th\u00eam c\u00f4ng c\u1ee5 chuy\u1ec3n \u0111\u1ed5i ng\u00f4n ng\u1eef v\u00e0o m\u1eabu<\/h3>\n\n\n\n<p>S\u1eed d\u1ee5ng kh\u1ed1i <strong>B\u1ed9 chuy\u1ec3n \u0111\u1ed5i ng\u00f4n ng\u1eef WPML<\/strong>, b\u1ea1n c\u00f3 th\u1ec3 th\u00eam b\u1ed9 chuy\u1ec3n \u0111\u1ed5i ng\u00f4n ng\u1eef v\u00e0o b\u1ea5t k\u1ef3 m\u1eabu ho\u1eb7c ph\u1ea7n m\u1eabu n\u00e0o c\u1ee7a trang web.<\/p>\n\n\n\n<figure class=\"wp-block-image tb-image tb-image-dynamic tb-image-frame-none\" data-toolset-blocks-image=\"58e4dcce800a533034f7d8c6efe2d185\"><a href=\"https:\/\/wpml.org\/wp-content\/uploads\/2024\/07\/Adding-WPML-Language-Switcher-to-template-2.png\"><img decoding=\"async\" width=\"1024\" height=\"762\" loading=\"lazy\" src=\"https:\/\/wpml.org\/wp-content\/uploads\/2024\/07\/Adding-WPML-Language-Switcher-to-template-2-1024x762.png\" alt=\"Adding WPML Language Switcher to template\" class=\"wp-image-15962880\" srcset=\"https:\/\/wpml.org\/wp-content\/uploads\/2024\/07\/Adding-WPML-Language-Switcher-to-template-2-1024x762.png 1024w, https:\/\/wpml.org\/wp-content\/uploads\/2024\/07\/Adding-WPML-Language-Switcher-to-template-2-300x223.png 300w, https:\/\/wpml.org\/wp-content\/uploads\/2024\/07\/Adding-WPML-Language-Switcher-to-template-2-150x112.png 150w, https:\/\/wpml.org\/wp-content\/uploads\/2024\/07\/Adding-WPML-Language-Switcher-to-template-2-768x571.png 768w, https:\/\/wpml.org\/wp-content\/uploads\/2024\/07\/Adding-WPML-Language-Switcher-to-template-2-1536x1143.png 1536w, https:\/\/wpml.org\/wp-content\/uploads\/2024\/07\/Adding-WPML-Language-Switcher-to-template-2.png 1640w\" sizes=\"auto, (max-width: 1024px) 100vw, 1024px\" \/><\/a><figcaption><div class=\"tb-image-caption\">Th\u00eam B\u1ed9 chuy\u1ec3n \u0111\u1ed5i ng\u00f4n ng\u1eef WPML v\u00e0o m\u1eabu<\/div><\/figcaption><\/figure>\n\n\n\n<p>Gi\u1ed1ng nh\u01b0 c\u00e1c th\u00e0nh ph\u1ea7n kh\u1ed1i kh\u00e1c, \u0111\u1ec3 hi\u1ec3n th\u1ecb <strong>B\u1ed9 chuy\u1ec3n \u0111\u1ed5i ng\u00f4n ng\u1eef WPML<\/strong> b\u1eb1ng c\u00e1c ng\u00f4n ng\u1eef kh\u00e1c, b\u1ea1n c\u1ea7n ph\u1ea3i d\u1ecbch n\u00f3:<\/p>\n\n\n\n<ol class=\"wp-block-list\">\n<li>\u0110i t\u1edbi <strong>WPML \u2192 b\u1ea3ng \u0111i\u1ec1u khi\u1ec3n d\u1ecbch<\/strong>.<\/li>\n\n\n\n<li>Ch\u1ecdn m\u1eabu b\u1ea1n \u0111\u00e3 th\u00eam tr\u00ecnh chuy\u1ec3n \u0111\u1ed5i ng\u00f4n ng\u1eef v\u00e0o.  <\/li>\n<\/ol>\n\n\n\n<figure class=\"wp-block-image tb-image tb-image-dynamic tb-image-frame-none\" data-toolset-blocks-image=\"4df73c59c8163fc31117803cb6e9624b\"><a href=\"https:\/\/wpml.org\/wp-content\/uploads\/2025\/08\/Selecting-navigation-in-Translation-Management-1.png\"><img decoding=\"async\" width=\"1982\" height=\"1253\" loading=\"lazy\" src=\"https:\/\/wpml.org\/wp-content\/uploads\/2025\/08\/Selecting-navigation-in-Translation-Management-1.png\" alt=\"\" class=\"wp-image-17328526\" srcset=\"https:\/\/wpml.org\/wp-content\/uploads\/2025\/08\/Selecting-navigation-in-Translation-Management-1.png 1982w, https:\/\/wpml.org\/wp-content\/uploads\/2025\/08\/Selecting-navigation-in-Translation-Management-1-300x190.png 300w, https:\/\/wpml.org\/wp-content\/uploads\/2025\/08\/Selecting-navigation-in-Translation-Management-1-1024x647.png 1024w, https:\/\/wpml.org\/wp-content\/uploads\/2025\/08\/Selecting-navigation-in-Translation-Management-1-150x95.png 150w, https:\/\/wpml.org\/wp-content\/uploads\/2025\/08\/Selecting-navigation-in-Translation-Management-1-768x486.png 768w, https:\/\/wpml.org\/wp-content\/uploads\/2025\/08\/Selecting-navigation-in-Translation-Management-1-1536x971.png 1536w\" sizes=\"auto, (max-width: 1982px) 100vw, 1982px\" \/><\/a><figcaption><div class=\"tb-image-caption\">Ch\u1ecdn \u0111i\u1ec1u h\u01b0\u1edbng trong B\u1ea3ng \u0111i\u1ec1u khi\u1ec3n D\u1ecbch thu\u1eadt<\/div><\/figcaption><\/figure>\n\n\n\n<ol start=\"3\" class=\"wp-block-list\">\n<li>Ch\u1ecdn ph\u01b0\u01a1ng ph\u00e1p d\u1ecbch v\u00e0 <strong>D\u1ecbch<\/strong> .<\/li>\n<\/ol>\n\n\n\n<p>C\u00f4ng c\u1ee5 chuy\u1ec3n \u0111\u1ed5i ng\u00f4n ng\u1eef b\u00e2y gi\u1edd s\u1ebd hi\u1ec3n th\u1ecb b\u1eb1ng ng\u00f4n ng\u1eef ph\u1ee5 c\u1ee7a b\u1ea1n.<\/p>\n\n\n\n<h2 class=\"wp-block-heading\" id=\"style-language-switcher\">Ki\u1ec3u d\u00e1ng c\u1ee7a b\u1ea1n Chuy\u1ec3n \u0111\u1ed5i ng\u00f4n ng\u1eef<\/h2>\n\n\n\n<p>WPML cung c\u1ea5p nhi\u1ec1u t\u00f9y ch\u1ecdn ki\u1ec3u d\u00e1ng kh\u00e1c nhau \u0111\u1ec3 t\u00f9y ch\u1ec9nh t\u1eebng lo\u1ea1i b\u1ed9 chuy\u1ec3n \u0111\u1ed5i ng\u00f4n ng\u1eef. Bao g\u1ed3m: <\/p>\n\n\n\n<ul class=\"wp-block-list\">\n<li>Th\u1ee9 t\u1ef1 ho\u1eb7c ng\u00f4n ng\u1eef<\/li>\n\n\n\n<li>Hi\u1ec3n th\u1ecb \/ \u1ea9n c\u1edd ng\u00f4n ng\u1eef<\/li>\n\n\n\n<li>B\u1ed1 c\u1ee5c th\u1ea3 xu\u1ed1ng ho\u1eb7c danh s\u00e1ch<\/li>\n\n\n\n<li>Hi\u1ec3n th\u1ecb ng\u00f4n ng\u1eef theo t\u00ean g\u1ed1c<\/li>\n<\/ul>\n\n\n\n<p>\u0110\u1ec3 s\u1eeda \u0111\u1ed5i b\u1ea5t k\u1ef3 c\u00e0i \u0111\u1eb7t n\u00e0o trong s\u1ed1 n\u00e0y, h\u00e3y \u0111i t\u1edbi <strong><strong>WPML \u2192 Ng\u00f4n ng\u1eef<\/strong><\/strong> v\u00e0 ch\u1ec9nh s\u1eeda b\u1ed9 chuy\u1ec3n \u0111\u1ed5i ng\u00f4n ng\u1eef m\u00e0 b\u1ea1n mu\u1ed1n t\u00f9y ch\u1ec9nh.<\/p>\n\n\n\n<p>N\u1ebfu b\u1ea1n c\u1ea7n nhi\u1ec1u t\u00f9y ch\u1ecdn t\u00f9y ch\u1ec9nh h\u01a1n v\u00e0 c\u00f3 th\u1ec3 s\u1eed d\u1ee5ng m\u00e3 m\u1ed9t c\u00e1ch tho\u1ea3i m\u00e1i, b\u1ea1n c\u00f3 th\u1ec3 <a href=\"https:\/\/wpml.org\/documentation\/getting-started-guide\/language-setup\/custom-language-switcher\/\">t\u1ea1o tr\u00ecnh chuy\u1ec3n \u0111\u1ed5i ng\u00f4n ng\u1eef t\u00f9y ch\u1ec9nh b\u1eb1ng PHP<\/a> .<\/p>\n\n\n\n<h2 class=\"wp-block-heading\" id=\"get-started-wpml\">B\u1eaft \u0111\u1ea7u v\u1edbi WPML<\/h2>\n\n\n\n<p>\u0110\u1ec3 th\u00eam c\u00e1c b\u1ed9 chuy\u1ec3n \u0111\u1ed5i ng\u00f4n ng\u1eef b\u1eb1ng WPML, b\u1ea1n c\u1ea7n c\u00f3 g\u00f3i Multilingual CMS ho\u1eb7c Multilingual Agency. Xem <a href=\"https:\/\/wpml.org\/vi\/gia-wpml\/\">trang b\u1ea3ng gi\u00e1<\/a> c\u1ee7a ch\u00fang t\u00f4i \u0111\u1ec3 bi\u1ebft th\u00eam th\u00f4ng tin. <\/p>\n<\/div><\/div>\n","protected":false},"excerpt":{"rendered":"","protected":false},"author":578773,"featured_media":0,"parent":15197865,"menu_order":45,"comment_status":"closed","ping_status":"closed","template":"","meta":{"_bbp_topic_count":0,"_bbp_reply_count":0,"_bbp_total_topic_count":0,"_bbp_total_reply_count":0,"_bbp_voice_count":0,"_bbp_anonymous_reply_count":0,"_bbp_topic_count_hidden":0,"_bbp_reply_count_hidden":0,"_bbp_forum_subforum_count":0,"_uag_custom_page_level_css":"","ep_exclude_from_search":false,"footnotes":""},"related-projects-category":[],"class_list":["post-15632911","page","type-page","status-publish","hentry"],"spectra_custom_meta":{"ratings_users":["0"],"ratings_score":["0"],"ratings_average":["0"],"_subscription_coupon_product_id":["0"],"_wpv_contains_gutenberg_views":[""],"_alp_processed":["1772090318"],"_views_template":["0"],"wpcf-unformatted-code":[""],"_wpml_media_duplicate":["0"],"_wpml_media_featured":["1"],"toolset_post_editor_mode":["block"],"wpcf-price-increase-show-from":[""],"wpcf-price-increase-show-till":[""],"_wp_page_template":["default"],"_last_translation_edit_mode":["translation-editor"],"_wpml_word_count":["759"],"cmplz_hide_cookiebanner":[""],"wpcf-price-increase-content":[""],"wpcf-login-box-title":[""],"wpcf-page-content":[""],"_yoast_wpseo_primary_related-projects-category":[""],"_yoast_wpseo_metadesc":["T\u00ecm hi\u1ec3u c\u00e1ch th\u00eam tr\u00ecnh chuy\u1ec3n \u0111\u1ed5i ng\u00f4n ng\u1eef v\u00e0o menu c\u1ee7a trang web, d\u01b0\u1edbi d\u1ea1ng ti\u1ec7n \u00edch, trong m\u1eabu ho\u1eb7c \u1edf ch\u00e2n trang."],"_yoast_wpseo_focuskw":["chuy\u1ec3n \u0111\u1ed5i ng\u00f4n ng\u1eef wordpress"],"_uag_css_file_name":["uag-css-15632911.css"],"_uag_page_assets":["a:9:{s:3:\"css\";s:260:\".uag-blocks-common-selector{z-index:var(--z-index-desktop) !important}@media(max-width: 976px){.uag-blocks-common-selector{z-index:var(--z-index-tablet) !important}}@media(max-width: 767px){.uag-blocks-common-selector{z-index:var(--z-index-mobile) !important}}\";s:2:\"js\";s:0:\"\";s:18:\"current_block_list\";a:12:{i:0;s:24:\"toolset-blocks\/container\";i:1;s:14:\"core\/paragraph\";i:2;s:20:\"toolset-blocks\/image\";i:3;s:12:\"core\/heading\";i:4;s:11:\"core\/spacer\";i:5;s:19:\"toolset-blocks\/grid\";i:6;s:26:\"toolset-blocks\/grid-column\";i:8;s:30:\"toolset-blocks\/fields-and-text\";i:9;s:22:\"toolset-blocks\/heading\";i:10;s:9:\"core\/list\";i:11;s:14:\"core\/list-item\";i:12;s:14:\"core\/shortcode\";}s:8:\"uag_flag\";b:0;s:11:\"uag_version\";s:10:\"1778478887\";s:6:\"gfonts\";a:0:{}s:10:\"gfonts_url\";s:0:\"\";s:12:\"gfonts_files\";a:0:{}s:14:\"uag_faq_layout\";b:0;}"]},"uagb_featured_image_src":{"full":false,"thumbnail":false,"medium":false,"medium_large":false,"large":false,"1536x1536":false,"2048x2048":false,"gform-image-choice-sm":false,"gform-image-choice-md":false,"gform-image-choice-lg":false,"woocommerce_thumbnail":false,"woocommerce_single":false,"woocommerce_gallery_thumbnail":false},"uagb_author_info":{"display_name":"Tomer Helzer","author_link":"https:\/\/wpml.org\/vi\/author\/tomer-h\/"},"uagb_comment_info":0,"uagb_excerpt":null,"_links":{"self":[{"href":"https:\/\/wpml.org\/vi\/wp-json\/wp\/v2\/pages\/15632911","targetHints":{"allow":["GET"]}}],"collection":[{"href":"https:\/\/wpml.org\/vi\/wp-json\/wp\/v2\/pages"}],"about":[{"href":"https:\/\/wpml.org\/vi\/wp-json\/wp\/v2\/types\/page"}],"author":[{"embeddable":true,"href":"https:\/\/wpml.org\/vi\/wp-json\/wp\/v2\/users\/578773"}],"replies":[{"embeddable":true,"href":"https:\/\/wpml.org\/vi\/wp-json\/wp\/v2\/comments?post=15632911"}],"version-history":[{"count":8,"href":"https:\/\/wpml.org\/vi\/wp-json\/wp\/v2\/pages\/15632911\/revisions"}],"predecessor-version":[{"id":17853967,"href":"https:\/\/wpml.org\/vi\/wp-json\/wp\/v2\/pages\/15632911\/revisions\/17853967"}],"up":[{"embeddable":true,"href":"https:\/\/wpml.org\/vi\/wp-json\/wp\/v2\/pages\/15197865"}],"wp:attachment":[{"href":"https:\/\/wpml.org\/vi\/wp-json\/wp\/v2\/media?parent=15632911"}],"wp:term":[{"taxonomy":"related-projects-category","embeddable":true,"href":"https:\/\/wpml.org\/vi\/wp-json\/wp\/v2\/related-projects-category?post=15632911"}],"curies":[{"name":"wp","href":"https:\/\/api.w.org\/{rel}","templated":true}]}}