{"id":15653455,"date":"2020-11-04T09:50:56","date_gmt":"2020-11-04T09:50:56","guid":{"rendered":"https:\/\/wpml.org\/dich-tu-dong-cho-noi-dung-wordpress-voi-wpml\/su-dung-dich-tu-dong-voi-ngon-ngu-tuy-chinh\/"},"modified":"2025-08-20T16:17:26","modified_gmt":"2025-08-20T16:17:26","slug":"su-dung-dich-tu-dong-voi-ngon-ngu-tuy-chinh","status":"publish","type":"page","link":"https:\/\/wpml.org\/vi\/tai-lieu-wpml\/dich-tu-dong-cho-noi-dung-wordpress-voi-wpml\/su-dung-dich-tu-dong-voi-ngon-ngu-tuy-chinh\/","title":{"rendered":"S\u1eed d\u1ee5ng d\u1ecbch t\u1ef1 \u0111\u1ed9ng v\u1edbi ng\u00f4n ng\u1eef t\u00f9y ch\u1ec9nh"},"content":{"rendered":"\n<p class=\"lead\">N\u1ebfu b\u1ea1n s\u1eed d\u1ee5ng ng\u00f4n ng\u1eef t\u00f9y ch\u1ec9nh ho\u1eb7c ng\u00f4n ng\u1eef \u0111\u1eb7c tr\u01b0ng cho qu\u1ed1c gia tr\u00ean trang web c\u1ee7a m\u00ecnh, b\u1ea1n v\u1eabn c\u00f3 th\u1ec3 s\u1eed d\u1ee5ng tr\u00ecnh ki\u1ec3m tra ch\u00ednh t\u1ea3 v\u00e0 d\u1ecbch t\u1ef1 \u0111\u1ed9ng b\u1eb1ng c\u00e1ch \u00e1nh x\u1ea1 n\u00f3 v\u1edbi m\u1ed9t ng\u00f4n ng\u1eef \u0111\u01b0\u1ee3c h\u1ed7 tr\u1ee3.<\/p>\n\n<p>WPML cung c\u1ea5p m\u1ed9t <a href=\"https:\/\/ate.wpml.org\/mt_langs\">danh s\u00e1ch r\u1ed9ng r\u00e3i c\u00e1c ng\u00f4n ng\u1eef \u0111\u01b0\u1ee3c h\u1ed7 tr\u1ee3<\/a> ho\u1ea1t \u0111\u1ed9ng v\u1edbi c\u00e1c c\u00f4ng c\u1ee5 d\u1ecbch t\u1ef1 \u0111\u1ed9ng. Tuy nhi\u00ean, b\u1ea1n c\u00f3 th\u1ec3 c\u1ea7n m\u1ed9t ng\u00f4n ng\u1eef tr\u00ean trang web c\u1ee7a m\u00ecnh kh\u00f4ng c\u00f3 trong danh s\u00e1ch, ho\u1eb7c b\u1ea1n c\u00f3 th\u1ec3 mu\u1ed1n s\u1eed d\u1ee5ng m\u1ed9t ng\u00f4n ng\u1eef \u0111\u1eb7c tr\u01b0ng cho qu\u1ed1c gia.  B\u1ea1n c\u1ea7n <a href=\"https:\/\/wpml.org\/documentation\/support\/editing-wpmls-languages-table\/\">th\u00eam ch\u00fang l\u00e0m ng\u00f4n ng\u1eef t\u00f9y ch\u1ec9nh<\/a> .<\/p>\n\n<p>Khi t\u1ea1o ng\u00f4n ng\u1eef t\u00f9y ch\u1ec9nh, b\u1ea1n c\u00f3 th\u1ec3 \u00e1nh x\u1ea1 ng\u00f4n ng\u1eef \u0111\u00f3 sang ng\u00f4n ng\u1eef t\u01b0\u01a1ng t\u1ef1 v\u00e0 \u0111\u01b0\u1ee3c h\u1ed7 tr\u1ee3. \u0110i\u1ec1u n\u00e0y cho ph\u00e9p b\u1ea1n t\u1ef1 \u0111\u1ed9ng d\u1ecbch n\u1ed9i dung c\u1ee7a m\u00ecnh sang ng\u00f4n ng\u1eef \u0111\u01b0\u1ee3c h\u1ed7 tr\u1ee3. Sau \u0111\u00f3, khi xem l\u1ea1i b\u1ea3n d\u1ecbch, b\u1ea1n ch\u1ec9 c\u1ea7n th\u1ef1c hi\u1ec7n nh\u1eefng thay \u0111\u1ed5i nh\u1ecf thay v\u00ec d\u1ecbch to\u00e0n b\u1ed9 t\u1eeb \u0111\u1ea7u.<\/p>\n\n<p>V\u00ed d\u1ee5, gi\u1ea3 s\u1eed ch\u00fang ta s\u1eed d\u1ee5ng ng\u00f4n ng\u1eef t\u00f9y ch\u1ec9nh ti\u1ebfng \u0110\u1ee9c Th\u1ee5y S\u0129 tr\u00ean trang web c\u1ee7a m\u00ecnh. \u0110\u00e2y kh\u00f4ng ph\u1ea3i l\u00e0 ng\u00f4n ng\u1eef \u0111\u01b0\u1ee3c h\u1ed7 tr\u1ee3 cho b\u1ea5t k\u1ef3 c\u00f4ng c\u1ee5 d\u1ecbch thu\u1eadt n\u00e0o c\u1ee7a ch\u00fang t\u00f4i. Tuy nhi\u00ean, ch\u00fang t\u00f4i c\u00f3 th\u1ec3 \u00e1nh x\u1ea1 ng\u00f4n ng\u1eef n\u00e0y t\u1edbi ng\u00f4n ng\u1eef \u0111\u01b0\u1ee3c h\u1ed7 tr\u1ee3 g\u1ea7n nh\u1ea5t, ti\u1ebfng \u0110\u1ee9c.<\/p>\n\n<p>B\u1eb1ng c\u00e1ch \u00e1nh x\u1ea1 c\u00e1c ng\u00f4n ng\u1eef v\u1edbi nhau, ch\u00fang ta c\u00f3 th\u1ec3 t\u1ef1 \u0111\u1ed9ng d\u1ecbch n\u1ed9i dung sang ti\u1ebfng \u0110\u1ee9c v\u00e0 ch\u1ec9 c\u1ea7n th\u1ef1c hi\u1ec7n m\u1ed9t v\u00e0i thay \u0111\u1ed5i \u0111\u1ec3 l\u00e0m cho n\u00f3 ph\u00f9 h\u1ee3p v\u1edbi ti\u1ebfng \u0110\u1ee9c Th\u1ee5y S\u0129.<\/p>\n\n<div class=\"wp-block-toolset-blocks-container tb-container\" data-toolset-blocks-container=\"55c3bf860e000c3bb94389dfc2fe7c24\">\n<div class=\"tb-fields-and-text\" data-toolset-blocks-fields-and-text=\"3e1d2592ce20bdf2bf813c9dfa44c991\"><p>N\u1ebfu b\u1ea1n kh\u00f4ng \u00e1nh x\u1ea1 m\u1ed9t ng\u00f4n ng\u1eef t\u00f9y ch\u1ec9nh v\u1edbi m\u1ed9t ng\u00f4n ng\u1eef \u0111\u01b0\u1ee3c h\u1ed7 tr\u1ee3, b\u1ea1n s\u1ebd kh\u00f4ng th\u1ec3 s\u1eed d\u1ee5ng <a href=\"https:\/\/wpml.org\/vi\/dich-tu-dong-cho-noi-dung-wordpress-voi-wpml\/\">t\u00ednh n\u0103ng d\u1ecbch t\u1ef1 \u0111\u1ed9ng c\u1ee7a WPML<\/a> ho\u1eb7c <a href=\"https:\/\/wpml.org\/vi\/quan-ly-dich-thuat\/trinh-bien-dich-nang-cao\/#spell-checker\">t\u00ednh n\u0103ng ki\u1ec3m tra ch\u00ednh t\u1ea3<\/a>.<\/p><\/div>\n<\/div>\n\n<h2 class=\"wp-block-heading\">C\u00e1ch \u00e1nh x\u1ea1 ng\u00f4n ng\u1eef t\u00f9y ch\u1ec9nh sang ng\u00f4n ng\u1eef \u0111\u01b0\u1ee3c h\u1ed7 tr\u1ee3<\/h2>\n\n<p>H\u00e3y xem <a href=\"https:\/\/ate.wpml.org\/mt_langs\">danh s\u00e1ch c\u00e1c ng\u00f4n ng\u1eef \u0111\u01b0\u1ee3c h\u1ed7 tr\u1ee3<\/a> c\u1ee7a ch\u00fang t\u00f4i \u0111\u1ec3 bi\u1ebft c\u00f4ng c\u1ee5 d\u1ecbch thu\u1eadt v\u00e0 ng\u00f4n ng\u1eef n\u00e0o c\u00f3 s\u1eb5n.<\/p>\n\n<p>B\u1ea1n c\u00f3 th\u1ec3 th\u00eam \u00e1nh x\u1ea1 ng\u00f4n ng\u1eef t\u00f9y ch\u1ec9nh \u1edf 3 v\u1ecb tr\u00ed:<\/p>\n\n<h3 class=\"wp-block-heading\">Trong tr\u00ecnh h\u01b0\u1edbng d\u1eabn c\u00e0i \u0111\u1eb7t<\/h3>\n\n<p>Khi thi\u1ebft l\u1eadp ng\u00f4n ng\u1eef cho trang web c\u1ee7a b\u1ea1n l\u1ea7n \u0111\u1ea7u ti\u00ean, b\u1ea1n c\u00f3 th\u1ec3 quy\u1ebft \u0111\u1ecbnh vi\u1ec7c \u00e1nh x\u1ea1 khi t\u1ea1o ng\u00f4n ng\u1eef t\u00f9y ch\u1ec9nh c\u1ee7a m\u00ecnh.<\/p>\n<div class=\"wp-block-image\">\n<figure class=\" tb-image tb-image-dynamic tb-image-frame-none aligncenter\" data-toolset-blocks-image=\"2d7ec46347208da485c9e52ae2c9e85e\"><a href=\"https:\/\/wpml.org\/wp-content\/uploads\/2021\/09\/custom-language-in-setup-wizard-1.png\"><img decoding=\"async\" width=\"918\" height=\"710\" loading=\"lazy\" src=\"https:\/\/wpml.org\/wp-content\/uploads\/2021\/09\/custom-language-in-setup-wizard-1.png\" alt=\"\" class=\"wp-image-15653470\" srcset=\"https:\/\/wpml.org\/wp-content\/uploads\/2021\/09\/custom-language-in-setup-wizard-1.png 918w, https:\/\/wpml.org\/wp-content\/uploads\/2021\/09\/custom-language-in-setup-wizard-1-300x232.png 300w, https:\/\/wpml.org\/wp-content\/uploads\/2021\/09\/custom-language-in-setup-wizard-1-150x116.png 150w, https:\/\/wpml.org\/wp-content\/uploads\/2021\/09\/custom-language-in-setup-wizard-1-768x594.png 768w\" sizes=\"auto, (max-width: 918px) 100vw, 918px\" \/><\/a><figcaption><div class=\"tb-image-caption\">Ch\u1ecdn \u00e1nh x\u1ea1 ng\u00f4n ng\u1eef trong tr\u00ecnh h\u01b0\u1edbng d\u1eabn c\u00e0i \u0111\u1eb7t<\/div><\/figcaption><\/figure>\n<\/div>\n<h3 class=\"wp-block-heading\">Trong C\u00e0i \u0111\u1eb7t ng\u00f4n ng\u1eef<\/h3>\n\n<p>\u0110i t\u1edbi <strong>WPML<\/strong> \u2192 <strong>Languages<\/strong> v\u00e0 nh\u1ea5p v\u00e0o <strong>Edit Languages<\/strong>. \u1ede \u0111\u00e2y, b\u1ea1n c\u00f3 th\u1ec3 th\u1ea5y m\u1ed9t c\u1ed9t v\u1edbi menu th\u1ea3 xu\u1ed1ng n\u01a1i b\u1ea1n c\u00f3 th\u1ec3 ch\u1ecdn \u00e1nh x\u1ea1 ng\u00f4n ng\u1eef cho m\u1ed7i ng\u00f4n ng\u1eef tr\u00ean trang web c\u1ee7a m\u00ecnh. <\/p>\n<div class=\"wp-block-image\">\n<figure class=\" tb-image tb-image-dynamic tb-image-frame-none aligncenter\" data-toolset-blocks-image=\"0dcdda0dd5edc54258caba59bdf1e429\"><a href=\"https:\/\/wpml.org\/wp-content\/uploads\/2021\/09\/language-mapping-edit-languages.png\"><img decoding=\"async\" width=\"1287\" height=\"697\" loading=\"lazy\" src=\"https:\/\/wpml.org\/wp-content\/uploads\/2021\/09\/language-mapping-edit-languages.png\" alt=\"\" class=\"wp-image-15653472\" srcset=\"https:\/\/wpml.org\/wp-content\/uploads\/2021\/09\/language-mapping-edit-languages.png 1287w, https:\/\/wpml.org\/wp-content\/uploads\/2021\/09\/language-mapping-edit-languages-300x162.png 300w, https:\/\/wpml.org\/wp-content\/uploads\/2021\/09\/language-mapping-edit-languages-1024x555.png 1024w, https:\/\/wpml.org\/wp-content\/uploads\/2021\/09\/language-mapping-edit-languages-150x81.png 150w, https:\/\/wpml.org\/wp-content\/uploads\/2021\/09\/language-mapping-edit-languages-768x416.png 768w\" sizes=\"auto, (max-width: 1287px) 100vw, 1287px\" \/><\/a><figcaption><div class=\"tb-image-caption\">Ch\u1ecdn \u00e1nh x\u1ea1 ng\u00f4n ng\u1eef trong c\u00e0i \u0111\u1eb7t Ng\u00f4n ng\u1eef<\/div><\/figcaption><\/figure>\n<\/div>\n<h3 class=\"wp-block-heading\">Trong C\u00e0i \u0111\u1eb7t d\u1ecbch t\u1ef1 \u0111\u1ed9ng<\/h3>\n\n<p>\u0110i t\u1edbi <strong>WPML<\/strong> \u2192 <strong>Translation Dashboard<\/strong> v\u00e0 nh\u1ea5p v\u00e0o tab <strong>Tools<\/strong>. Nh\u1ea5p v\u00e0o <strong>\u00c1nh x\u1ea1 ng\u00f4n ng\u1eef<\/strong> .<\/p>\n<div class=\"wp-block-image\">\n<figure class=\" tb-image tb-image-dynamic tb-image-frame-none aligncenter\" data-toolset-blocks-image=\"8722cc981729d24ea48463d25a70ad9b\"><a href=\"https:\/\/wpml.org\/wp-content\/uploads\/2025\/08\/wpml-translation-management-language-mapping.png\"><img decoding=\"async\" width=\"1838\" height=\"1600\" loading=\"lazy\" src=\"https:\/\/wpml.org\/wp-content\/uploads\/2025\/08\/wpml-translation-management-language-mapping.png\" alt=\"\" class=\"wp-image-17326938\" srcset=\"https:\/\/wpml.org\/wp-content\/uploads\/2025\/08\/wpml-translation-management-language-mapping.png 1838w, https:\/\/wpml.org\/wp-content\/uploads\/2025\/08\/wpml-translation-management-language-mapping-300x261.png 300w, https:\/\/wpml.org\/wp-content\/uploads\/2025\/08\/wpml-translation-management-language-mapping-1024x891.png 1024w, https:\/\/wpml.org\/wp-content\/uploads\/2025\/08\/wpml-translation-management-language-mapping-150x131.png 150w, https:\/\/wpml.org\/wp-content\/uploads\/2025\/08\/wpml-translation-management-language-mapping-768x669.png 768w, https:\/\/wpml.org\/wp-content\/uploads\/2025\/08\/wpml-translation-management-language-mapping-1536x1337.png 1536w\" sizes=\"auto, (max-width: 1838px) 100vw, 1838px\" \/><\/a><figcaption><div class=\"tb-image-caption\">Ch\u1ecdn \u00e1nh x\u1ea1 ng\u00f4n ng\u1eef trong c\u00e0i \u0111\u1eb7t D\u1ecbch t\u1ef1 \u0111\u1ed9ng<\/div><\/figcaption><\/figure>\n<\/div>\n<p>Nh\u1ea5p v\u00e0o bi\u1ec3u t\u01b0\u1ee3ng <strong>B\u00fat ch\u00ec<\/strong> \u0111\u1ec3 th\u00eam ho\u1eb7c ch\u1ec9nh s\u1eeda ng\u00f4n ng\u1eef \u0111\u01b0\u1ee3c h\u1ed7 tr\u1ee3 cho m\u1ed7i ng\u00f4n ng\u1eef tr\u00ean trang web c\u1ee7a b\u1ea1n.<\/p>\n\n<h2 class=\"wp-block-heading\">Nh\u1eefng c\u00e2n nh\u1eafc quan tr\u1ecdng khi l\u1eadp b\u1ea3n \u0111\u1ed3 ng\u00f4n ng\u1eef<\/h2>\n\n<p>Ch\u00fang t\u00f4i kh\u00f4ng khuy\u1ebfn ngh\u1ecb s\u1eed d\u1ee5ng d\u1ecbch t\u1ef1 \u0111\u1ed9ng ho\u1eb7c ch\u1ebf \u0111\u1ed9 <strong>Translate Everything<\/strong> <strong>Automatically<\/strong> v\u1edbi m\u1ed9t s\u1ed1 c\u00e0i \u0111\u1eb7t ng\u00f4n ng\u1eef t\u00f9y ch\u1ec9nh nh\u1ea5t \u0111\u1ecbnh:<\/p>\n\n<ol class=\"wp-block-list\">\n<li>Khi m\u1ed9t ng\u00f4n ng\u1eef t\u00f9y ch\u1ec9nh, ph\u1ee5 \u0111\u01b0\u1ee3c \u00e1nh x\u1ea1 v\u1edbi ng\u00f4n ng\u1eef m\u1eb7c \u0111\u1ecbnh c\u1ee7a trang web c\u1ee7a b\u1ea1n<\/li>\n\n\n\n<li>Khi nhi\u1ec1u ng\u00f4n ng\u1eef ph\u1ee5 \u0111\u01b0\u1ee3c \u00e1nh x\u1ea1 t\u1edbi c\u00f9ng m\u1ed9t ng\u00f4n ng\u1eef \u0111\u01b0\u1ee3c h\u1ed7 tr\u1ee3<\/li>\n<\/ol>\n\n<h3 class=\"wp-block-heading\">\u00c1nh x\u1ea1 ng\u00f4n ng\u1eef ph\u1ee5, t\u00f9y ch\u1ec9nh sang ng\u00f4n ng\u1eef m\u1eb7c \u0111\u1ecbnh c\u1ee7a trang web c\u1ee7a b\u1ea1n<\/h3>\n\n<p><strong>V\u00ed d\u1ee5<\/strong>: M\u1ed9t trang web c\u00f3 ng\u00f4n ng\u1eef m\u1eb7c \u0111\u1ecbnh l\u00e0 ti\u1ebfng Anh v\u00e0 ng\u00f4n ng\u1eef ph\u1ee5 l\u00e0 ti\u1ebfng Anh Anh, \u0111\u01b0\u1ee3c \u00e1nh x\u1ea1 v\u1edbi ti\u1ebfng Anh<\/p>\n\n<p>Hi\u1ec7n t\u1ea1i, kh\u00f4ng th\u1ec3 t\u1ef1 \u0111\u1ed9ng d\u1ecbch n\u1ed9i dung c\u1ee7a b\u1ea1n v\u00ec ng\u00f4n ng\u1eef g\u1ed1c v\u00e0 ng\u00f4n ng\u1eef \u0111\u00edch c\u1ee7a b\u1ea1n gi\u1ed1ng nhau. D\u1ecbch t\u1ef1 \u0111\u1ed9ng ch\u1ec9 ho\u1ea1t \u0111\u1ed9ng khi d\u1ecbch gi\u1eefa hai ng\u00f4n ng\u1eef \u0111\u01b0\u1ee3c h\u1ed7 tr\u1ee3 kh\u00e1c nhau.<\/p>\n\n<h3 class=\"wp-block-heading\">\u00c1nh x\u1ea1 nhi\u1ec1u ng\u00f4n ng\u1eef ph\u1ee5 sang c\u00f9ng m\u1ed9t ng\u00f4n ng\u1eef \u0111\u01b0\u1ee3c h\u1ed7 tr\u1ee3<\/h3>\n\n<p><strong>V\u00ed d\u1ee5<\/strong>: M\u1ed9t trang web c\u00f3 c\u00e1c ng\u00f4n ng\u1eef ph\u1ee5 l\u00e0 ti\u1ebfng Ph\u00e1p v\u00e0 ti\u1ebfng Ph\u00e1p Canada, c\u1ea3 hai \u0111\u1ec1u \u0111\u01b0\u1ee3c \u00e1nh x\u1ea1 v\u1edbi ti\u1ebfng Ph\u00e1p<\/p>\n\n<p>Khi b\u1ea1n c\u00f3 nhi\u1ec1u ng\u00f4n ng\u1eef ph\u1ee5 \u0111\u01b0\u1ee3c \u00e1nh x\u1ea1 v\u1edbi c\u00f9ng m\u1ed9t ng\u00f4n ng\u1eef, v\u1ec1 c\u01a1 b\u1ea3n b\u1ea1n \u0111ang t\u1ea1o ra c\u00e1c c\u00f4ng vi\u1ec7c d\u1ecbch thu\u1eadt gi\u1ed1ng h\u1ec7t nhau: c\u00f9ng n\u1ed9i dung t\u1eeb c\u00f9ng ng\u00f4n ng\u1eef m\u1eb7c \u0111\u1ecbnh sang c\u00f9ng ng\u00f4n ng\u1eef \u0111\u00edch.<\/p>\n\n<p>Th\u00f4ng th\u01b0\u1eddng, <a href=\"https:\/\/wpml.org\/documentation\/translating-your-contents\/how-wpml-keeps-track-of-your-translations\/\">b\u1ed9 nh\u1edb d\u1ecbch c\u1ee7a WPML<\/a> c\u00f3 th\u1ec3 gi\u00fap b\u1ea1n ti\u1ebft ki\u1ec7m t\u00edn d\u1ee5ng d\u1ecbch t\u1ef1 \u0111\u1ed9ng b\u1eb1ng c\u00e1ch ghi nh\u1edb v\u00e0 \u00e1p d\u1ee5ng c\u00e1c b\u1ea3n d\u1ecbch \u0111\u00e3 \u0111\u01b0\u1ee3c t\u1ea1o ra \u1edf nh\u1eefng n\u01a1i kh\u00e1c tr\u00ean trang web c\u1ee7a b\u1ea1n. Tuy nhi\u00ean, khi c\u00e1c c\u00f4ng vi\u1ec7c \u0111\u01b0\u1ee3c t\u1ea1o c\u00f9ng l\u00fac, b\u1ed9 nh\u1edb d\u1ecbch t\u1eeb m\u1ed9t ng\u00f4n ng\u1eef t\u00f9y ch\u1ec9nh n\u00e0y v\u1eabn ch\u01b0a c\u00f3 s\u1eb5n cho ng\u00f4n ng\u1eef kia. \u0110i\u1ec1u n\u00e0y c\u00f3 ngh\u0129a l\u00e0 n\u00f3 s\u1eed d\u1ee5ng t\u00edn d\u1ee5ng d\u1ecbch t\u1ef1 \u0111\u1ed9ng cho vi\u1ec7c d\u1ecbch sang m\u1ed7i ng\u00f4n ng\u1eef t\u00f9y ch\u1ec9nh, m\u1eb7c d\u00f9 c\u00e1c b\u1ea3n d\u1ecbch l\u00e0 gi\u1ed1ng nhau.<\/p>\n\n<p>Trong tr\u01b0\u1eddng h\u1ee3p n\u00e0y, ch\u00fang t\u00f4i kh\u00f4ng khuy\u1ebfn ngh\u1ecb s\u1eed d\u1ee5ng ch\u1ebf \u0111\u1ed9 <strong>Translate Everything<\/strong> <strong>Automatically<\/strong>, v\u00e0 n\u1ebfu b\u1ea1n mu\u1ed1n s\u1eed d\u1ee5ng d\u1ecbch t\u1ef1 \u0111\u1ed9ng, ch\u00fang t\u00f4i khuy\u00ean b\u1ea1n n\u00ean g\u1eedi n\u1ed9i dung \u0111\u1ec3 d\u1ecbch ri\u00eang bi\u1ec7t cho m\u1ed7i ng\u00f4n ng\u1eef t\u00f9y ch\u1ec9nh. \u0110i\u1ec1u n\u00e0y s\u1ebd cho ph\u00e9p WPML s\u1eed d\u1ee5ng b\u1ed9 nh\u1edb d\u1ecbch \u0111\u1ec3 b\u1ea1n kh\u00f4ng b\u1ecb t\u00ednh ph\u00ed cho c\u00f9ng m\u1ed9t b\u1ea3n d\u1ecbch nhi\u1ec1u l\u1ea7n. <\/p>\n","protected":false},"excerpt":{"rendered":"<p>N\u1ebfu b\u1ea1n s\u1eed d\u1ee5ng ng\u00f4n ng\u1eef t\u00f9y ch\u1ec9nh ho\u1eb7c ng\u00f4n ng\u1eef \u0111\u1eb7c tr\u01b0ng cho qu\u1ed1c gia tr\u00ean trang web c\u1ee7a m\u00ecnh, b\u1ea1n v\u1eabn c\u00f3 th\u1ec3 s\u1eed d\u1ee5ng tr\u00ecnh ki\u1ec3m tra ch\u00ednh t\u1ea3 v\u00e0 d\u1ecbch t\u1ef1 \u0111\u1ed9ng b\u1eb1ng c\u00e1ch \u00e1nh x\u1ea1 n\u00f3 v\u1edbi m\u1ed9t ng\u00f4n ng\u1eef \u0111\u01b0\u1ee3c h\u1ed7 tr\u1ee3. WPML cung c\u1ea5p m\u1ed9t danh s\u00e1ch r\u1ed9ng [&hellip;]<\/p>\n","protected":false},"author":76577,"featured_media":0,"parent":14527979,"menu_order":63,"comment_status":"closed","ping_status":"closed","template":"","meta":{"_bbp_topic_count":0,"_bbp_reply_count":0,"_bbp_total_topic_count":0,"_bbp_total_reply_count":0,"_bbp_voice_count":0,"_bbp_anonymous_reply_count":0,"_bbp_topic_count_hidden":0,"_bbp_reply_count_hidden":0,"_bbp_forum_subforum_count":0,"_uag_custom_page_level_css":"","ep_exclude_from_search":false,"footnotes":""},"related-projects-category":[],"class_list":["post-15653455","page","type-page","status-publish","hentry"],"spectra_custom_meta":{"ratings_users":["0"],"ratings_score":["0"],"ratings_average":["0"],"_subscription_coupon_product_id":["0"],"_wpv_contains_gutenberg_views":[""],"_alp_processed":["1755706647"],"_views_template":["0"],"wpcf-unformatted-code":[""],"_wpml_media_duplicate":["1"],"_wpml_media_featured":["1"],"toolset_post_editor_mode":["block"],"wpcf-price-increase-show-from":[""],"wpcf-price-increase-show-till":[""],"_last_translation_edit_mode":["translation-editor"],"_wp_page_template":[""],"_wpml_word_count":["955"],"cmplz_hide_cookiebanner":[""],"wpcf-price-increase-content":[""],"wpcf-login-box-title":[""],"wpcf-page-content":[""],"_yoast_wpseo_primary_related-projects-category":[""],"_uag_css_file_name":["uag-css-15653455.css"],"_uag_page_assets":["a:9:{s:3:\"css\";s:260:\".uag-blocks-common-selector{z-index:var(--z-index-desktop) !important}@media(max-width: 976px){.uag-blocks-common-selector{z-index:var(--z-index-tablet) !important}}@media(max-width: 767px){.uag-blocks-common-selector{z-index:var(--z-index-mobile) !important}}\";s:2:\"js\";s:0:\"\";s:18:\"current_block_list\";a:8:{i:0;s:14:\"core\/paragraph\";i:1;s:24:\"toolset-blocks\/container\";i:2;s:30:\"toolset-blocks\/fields-and-text\";i:3;s:12:\"core\/heading\";i:4;s:20:\"toolset-blocks\/image\";i:5;s:9:\"core\/list\";i:6;s:14:\"core\/list-item\";i:7;s:14:\"core\/shortcode\";}s:8:\"uag_flag\";b:0;s:11:\"uag_version\";s:10:\"1778283058\";s:6:\"gfonts\";a:0:{}s:10:\"gfonts_url\";s:0:\"\";s:12:\"gfonts_files\";a:0:{}s:14:\"uag_faq_layout\";b:0;}"]},"uagb_featured_image_src":{"full":false,"thumbnail":false,"medium":false,"medium_large":false,"large":false,"1536x1536":false,"2048x2048":false,"gform-image-choice-sm":false,"gform-image-choice-md":false,"gform-image-choice-lg":false,"woocommerce_thumbnail":false,"woocommerce_single":false,"woocommerce_gallery_thumbnail":false},"uagb_author_info":{"display_name":"Dario","author_link":"https:\/\/wpml.org\/vi\/author\/darioh\/"},"uagb_comment_info":0,"uagb_excerpt":"N\u1ebfu b\u1ea1n s\u1eed d\u1ee5ng ng\u00f4n ng\u1eef t\u00f9y ch\u1ec9nh ho\u1eb7c ng\u00f4n ng\u1eef \u0111\u1eb7c tr\u01b0ng cho qu\u1ed1c gia tr\u00ean trang web c\u1ee7a m\u00ecnh, b\u1ea1n v\u1eabn c\u00f3 th\u1ec3 s\u1eed d\u1ee5ng tr\u00ecnh ki\u1ec3m tra ch\u00ednh t\u1ea3 v\u00e0 d\u1ecbch t\u1ef1 \u0111\u1ed9ng b\u1eb1ng c\u00e1ch \u00e1nh x\u1ea1 n\u00f3 v\u1edbi m\u1ed9t ng\u00f4n ng\u1eef \u0111\u01b0\u1ee3c h\u1ed7 tr\u1ee3. WPML cung c\u1ea5p m\u1ed9t danh s\u00e1ch r\u1ed9ng&hellip;","_links":{"self":[{"href":"https:\/\/wpml.org\/vi\/wp-json\/wp\/v2\/pages\/15653455","targetHints":{"allow":["GET"]}}],"collection":[{"href":"https:\/\/wpml.org\/vi\/wp-json\/wp\/v2\/pages"}],"about":[{"href":"https:\/\/wpml.org\/vi\/wp-json\/wp\/v2\/types\/page"}],"author":[{"embeddable":true,"href":"https:\/\/wpml.org\/vi\/wp-json\/wp\/v2\/users\/76577"}],"replies":[{"embeddable":true,"href":"https:\/\/wpml.org\/vi\/wp-json\/wp\/v2\/comments?post=15653455"}],"version-history":[{"count":5,"href":"https:\/\/wpml.org\/vi\/wp-json\/wp\/v2\/pages\/15653455\/revisions"}],"predecessor-version":[{"id":17335125,"href":"https:\/\/wpml.org\/vi\/wp-json\/wp\/v2\/pages\/15653455\/revisions\/17335125"}],"up":[{"embeddable":true,"href":"https:\/\/wpml.org\/vi\/wp-json\/wp\/v2\/pages\/14527979"}],"wp:attachment":[{"href":"https:\/\/wpml.org\/vi\/wp-json\/wp\/v2\/media?parent=15653455"}],"wp:term":[{"taxonomy":"related-projects-category","embeddable":true,"href":"https:\/\/wpml.org\/vi\/wp-json\/wp\/v2\/related-projects-category?post=15653455"}],"curies":[{"name":"wp","href":"https:\/\/api.w.org\/{rel}","templated":true}]}}