{"id":15653696,"date":"2024-05-22T06:37:41","date_gmt":"2024-05-22T06:37:41","guid":{"rendered":"https:\/\/wpml.org\/chuyen-huong-ngon-ngu-trinh-duyet-anh-huong-den-viec-lap-chi-muc-cua-google-nhu-the-nao\/"},"modified":"2024-05-22T06:37:41","modified_gmt":"2024-05-22T06:37:41","slug":"chuyen-huong-ngon-ngu-trinh-duyet-anh-huong-den-viec-lap-chi-muc-cua-google-nhu-the-nao","status":"publish","type":"page","link":"https:\/\/wpml.org\/vi\/chuyen-huong-ngon-ngu-trinh-duyet-anh-huong-den-viec-lap-chi-muc-cua-google-nhu-the-nao\/","title":{"rendered":"Chuy\u1ec3n h\u01b0\u1edbng ng\u00f4n ng\u1eef tr\u00ecnh duy\u1ec7t \u1ea3nh h\u01b0\u1edfng \u0111\u1ebfn vi\u1ec7c l\u1eadp ch\u1ec9 m\u1ee5c c\u1ee7a Google nh\u01b0 th\u1ebf n\u00e0o"},"content":{"rendered":"<p>K\u1ec3 t\u1eeb n\u0103m 2015, Google hi\u1ec3u vi\u1ec7c <a href=\"https:\/\/wpml.org\/documentation\/getting-started-guide\/language-setup\/automatic-redirect-based-on-browser-language\/\">chuy\u1ec3n h\u01b0\u1edbng ng\u00f4n ng\u1eef tr\u00ecnh duy\u1ec7t<\/a> v\u00e0 s\u1ebd hi\u1ec3u n\u00f3 l\u00e0 chuy\u1ec3n h\u01b0\u1edbng \u0111\u1ebfn m\u1ed9t URL kh\u00e1c. Google c\u00f3 th\u1ec3 l\u1eadp ch\u1ec9 m\u1ee5c trang web c\u1ee7a b\u1ea1n t\u1eeb nhi\u1ec1u \u0111\u1ecba ch\u1ec9 IP v\u00e0 gi\u1ea3i quy\u1ebft c\u00e1c quy t\u1eafc chuy\u1ec3n h\u01b0\u1edbng ng\u00f4n ng\u1eef, nh\u01b0ng kh\u00f4ng c\u00f3 g\u00ec \u0111\u1ea3m b\u1ea3o vi\u1ec7c chuy\u1ec3n h\u01b0\u1edbng n\u00e0y \u1ea3nh h\u01b0\u1edfng \u0111\u1ebfn vi\u1ec7c l\u1eadp ch\u1ec9 m\u1ee5c trang web c\u1ee7a b\u1ea1n nh\u01b0 th\u1ebf n\u00e0o. \u0110i\u1ec1u n\u00e0y li\u00ean quan \u0111\u1ebfn c\u00e1ch Google ho\u1ea1t \u0111\u1ed9ng ch\u1ee9 kh\u00f4ng li\u00ean quan \u0111\u1ebfn c\u00e1ch tri\u1ec3n khai chuy\u1ec3n h\u01b0\u1edbng ng\u00f4n ng\u1eef trong WPML . N\u1ebfu b\u1ea1n th\u1ea5y ng\u00f4n ng\u1eef &#8216;sai&#8217; trong ch\u1ec9 m\u1ee5c c\u1ee7a Google, h\u00e3y c\u00e2n nh\u1eafc vi\u1ec7c t\u1eaft t\u00ednh n\u0103ng chuy\u1ec3n h\u01b0\u1edbng ng\u00f4n ng\u1eef c\u1ee7a tr\u00ecnh duy\u1ec7t.<\/p>\n<h2>H\u1ecfi th\u01b0\u1eddng g\u1eb7p<\/h2>\n<h3>H: T\u00f4i c\u00f3 th\u1ec3 y\u00eau c\u1ea7u Google kh\u00f4ng \u0111i theo nh\u1eefng chuy\u1ec3n h\u01b0\u1edbng n\u00e0y kh\u00f4ng?<\/h3>\n<p><strong>\u0110:<\/strong> \u0110\u1eebng l\u00e0m \u0111i\u1ec1u n\u00e0y. Google r\u1ea5t nh\u1ea5t qu\u00e1n v\u1ec1 c\u00e1c h\u01b0\u1edbng d\u1eabn v\u1ec1 l\u1eadp ch\u1ec9 m\u1ee5c. B\u1ea1n ph\u1ea3i cho ph\u00e9p GoogleBot l\u1eadp ch\u1ec9 m\u1ee5c trang web c\u1ee7a m\u00ecnh gi\u1ed1ng h\u1ec7t nh\u01b0 nh\u1eefng g\u00ec kh\u00e1ch truy c\u1eadp nh\u00ecn th\u1ea5y. Tr\u00e1nh nh\u1eefng g\u00ec Google g\u1ecdi l\u00e0 <a href=\"https:\/\/support.google.com\/webmasters\/answer\/2721217?hl=en&amp;ref_topic=6001971\">chuy\u1ec3n h\u01b0\u1edbng l\u00e9n l\u00fat<\/a> .<\/p>\n<h3>H\u1ecfi: Vi\u1ec7c Google di\u1ec5n gi\u1ea3i sai c\u00e1c chuy\u1ec3n h\u01b0\u1edbng ng\u00f4n ng\u1eef tr\u00ecnh duy\u1ec7t c\u00f3 g\u00e2y ra thi\u1ec7t h\u1ea1i g\u00ec kh\u00f4ng?<\/h3>\n<p><strong>\u0110\u00e1p:<\/strong> Kh\u00f4ng th\u1ec3 n\u00f3i tr\u01b0\u1edbc \u0111\u01b0\u1ee3c v\u00ec kh\u00f4ng ai bi\u1ebft ch\u00ednh x\u00e1c Google s\u1ebd ph\u1ea3n h\u1ed3i nh\u01b0 th\u1ebf n\u00e0o. B\u1ea1n n\u00ean s\u1eed d\u1ee5ng <a href=\"https:\/\/www.google.com\/webmasters\/\">C\u00f4ng c\u1ee5 qu\u1ea3n tr\u1ecb trang web c\u1ee7a Google<\/a> \u0111\u1ec3 xem Google l\u1eadp ch\u1ec9 m\u1ee5c trang web c\u1ee7a b\u1ea1n nh\u01b0 th\u1ebf n\u00e0o. N\u1ebfu b\u1ea1n nghi ng\u1edd r\u1eb1ng n\u1ed9i dung c\u1ee7a m\u00ecnh \u0111\u01b0\u1ee3c l\u1eadp ch\u1ec9 m\u1ee5c sai ng\u00f4n ng\u1eef th\u00ec b\u1ea1n n\u00ean t\u1eaft t\u00ednh n\u0103ng chuy\u1ec3n h\u01b0\u1edbng c\u1ee7a tr\u00ecnh duy\u1ec7t. Google th\u01b0\u1eddng xuy\u00ean c\u1eadp nh\u1eadt c\u00e1c thu\u1eadt to\u00e1n thu th\u1eadp d\u1eef li\u1ec7u v\u00e0 l\u1eadp ch\u1ec9 m\u1ee5c c\u1ee7a h\u1ecd. Nh\u1eefng g\u00ec hi\u1ec7u qu\u1ea3 b\u00e2y gi\u1edd c\u00f3 th\u1ec3 kh\u00f4ng hi\u1ec7u qu\u1ea3 sau n\u00e0y v\u00e0 nh\u1eefng g\u00ec th\u1ea5t b\u1ea1i b\u00e2y gi\u1edd c\u00f3 th\u1ec3 hi\u1ec7u qu\u1ea3 trong t\u01b0\u01a1ng lai. Trong m\u1ecdi tr\u01b0\u1eddng h\u1ee3p, b\u1ea1n n\u00ean xem x\u00e9t \u0111\u1ecbnh k\u1ef3 tr\u1ea1ng th\u00e1i ch\u1ec9 m\u1ee5c c\u1ee7a m\u00ecnh v\u00e0 ph\u1ea3n h\u1ed3i c\u00e1c c\u1ea3nh b\u00e1o \u0111\u1ebfn t\u1eeb C\u00f4ng c\u1ee5 qu\u1ea3n tr\u1ecb trang web c\u1ee7a Google.<\/p>\n<h3>H: T\u00f4i mu\u1ed1n cung c\u1ea5p n\u1ed9i dung &#8216;ch\u00ednh x\u00e1c&#8217; cho kh\u00e1ch truy c\u1eadp c\u1ee7a m\u00ecnh. C\u00f3 l\u1ef1a ch\u1ecdn thay th\u1ebf t\u1ed1t n\u00e0o cho vi\u1ec7c chuy\u1ec3n h\u01b0\u1edbng ng\u00f4n ng\u1eef tr\u00ecnh duy\u1ec7t kh\u00f4ng?<\/h3>\n<p>\u0110\u1eb7t tr\u00ecnh chuy\u1ec3n \u0111\u1ed5i ng\u00f4n ng\u1eef, k\u00e8m theo c\u1edd v\u00e0 t\u00ean ng\u00f4n ng\u1eef b\u1ea3n \u0111\u1ecba, \u1edf v\u1ecb tr\u00ed n\u1ed5i b\u1eadt tr\u00ean trang c\u1ee7a b\u1ea1n l\u00e0 c\u00e1ch t\u1ed1t nh\u1ea5t \u0111\u1ec3 cho m\u1ecdi ng\u01b0\u1eddi bi\u1ebft r\u1eb1ng b\u1ea1n c\u00f3 n\u1ed9i dung b\u1eb1ng ng\u00f4n ng\u1eef c\u1ee7a h\u1ecd. WPML cung c\u1ea5p m\u1ed9t s\u1ed1 <a href=\"https:\/\/wpml.org\/documentation\/getting-started-guide\/language-setup\/language-switcher-options\/\">tr\u00ecnh chuy\u1ec3n \u0111\u1ed5i ng\u00f4n ng\u1eef<\/a> \u0111\u1ec3 b\u1ea1n s\u1eed d\u1ee5ng v\u00e0 b\u1ea1n c\u0169ng c\u00f3 th\u1ec3 t\u1ea1o <a href=\"https:\/\/wpml.org\/documentation\/getting-started-guide\/language-setup\/language-switcher-options\/custom-language-switcher\/\">c\u00e1c tr\u00ecnh chuy\u1ec3n \u0111\u1ed5i ng\u00f4n ng\u1eef t\u00f9y ch\u1ec9nh<\/a> . N\u1ebfu tr\u01b0\u1edbc ti\u00ean b\u1ea1n mu\u1ed1n h\u1ecfi m\u1ecdi ng\u01b0\u1eddi v\u1ec1 ng\u00f4n ng\u1eef ho\u1eb7c khu v\u1ef1c c\u1ee7a h\u1ecd r\u1ed3i hi\u1ec3n th\u1ecb n\u1ed9i dung c\u00f3 li\u00ean quan, b\u1ea1n c\u00f3 th\u1ec3 b\u1eadt <a href=\"https:\/\/wpml.org\/documentation\/getting-started-guide\/language-setup\/directory-default-language\/\">th\u01b0 m\u1ee5c ng\u00f4n ng\u1eef cho ng\u00f4n ng\u1eef m\u1eb7c \u0111\u1ecbnh<\/a> r\u1ed3i \u0111\u1eb7t trang ch\u00e0o m\u1eebng v\u00e0o th\u01b0 m\u1ee5c g\u1ed1c c\u1ee7a trang web.<\/p>\n<h2>Ng\u01b0\u1eddi gi\u1edbi thi\u1ec7u<\/h2>\n<ul>\n<li><a href=\"https:\/\/googlewebmastercentral.blogspot.com.br\/2015\/01\/crawling-and-indexing-of-locale.html\">Trung t\u00e2m qu\u1ea3n tr\u1ecb trang web c\u1ee7a Google: Thu th\u1eadp th\u00f4ng tin v\u00e0 l\u1eadp ch\u1ec9 m\u1ee5c c\u00e1c trang th\u00edch \u1ee9ng v\u1edbi ng\u00f4n ng\u1eef<\/a><\/li>\n<li><a href=\"https:\/\/support.google.com\/webmasters\/answer\/6144055\">Tr\u1ee3 gi\u00fap c\u1ee7a Google T\u00ecm ki\u1ebfm: Thu th\u1eadp th\u00f4ng tin nh\u1eadn bi\u1ebft ng\u00f4n ng\u1eef c\u1ee7a Googlebot<\/a><\/li>\n<li><a href=\"https:\/\/support.google.com\/webmasters\/answer\/182192?hl=en\">Tr\u1ee3 gi\u00fap c\u1ee7a Google T\u00ecm ki\u1ebfm: Trang web \u0111a khu v\u1ef1c v\u00e0 \u0111a ng\u00f4n ng\u1eef<\/a><\/li>\n<\/ul>\n","protected":false},"excerpt":{"rendered":"<p>K\u1ec3 t\u1eeb n\u0103m 2015, Google hi\u1ec3u vi\u1ec7c chuy\u1ec3n h\u01b0\u1edbng ng\u00f4n ng\u1eef tr\u00ecnh duy\u1ec7t v\u00e0 s\u1ebd hi\u1ec3u n\u00f3 l\u00e0 chuy\u1ec3n h\u01b0\u1edbng \u0111\u1ebfn m\u1ed9t URL kh\u00e1c. Google c\u00f3 th\u1ec3 l\u1eadp ch\u1ec9 m\u1ee5c trang web c\u1ee7a b\u1ea1n t\u1eeb nhi\u1ec1u \u0111\u1ecba ch\u1ec9 IP v\u00e0 gi\u1ea3i quy\u1ebft c\u00e1c quy t\u1eafc chuy\u1ec3n h\u01b0\u1edbng ng\u00f4n ng\u1eef, nh\u01b0ng kh\u00f4ng c\u00f3 g\u00ec \u0111\u1ea3m b\u1ea3o [&hellip;]<\/p>\n","protected":false},"author":2,"featured_media":0,"parent":0,"menu_order":0,"comment_status":"closed","ping_status":"closed","template":"","meta":{"_bbp_topic_count":0,"_bbp_reply_count":0,"_bbp_total_topic_count":0,"_bbp_total_reply_count":0,"_bbp_voice_count":0,"_bbp_anonymous_reply_count":0,"_bbp_topic_count_hidden":0,"_bbp_reply_count_hidden":0,"_bbp_forum_subforum_count":0,"_uag_custom_page_level_css":"","ep_exclude_from_search":false,"footnotes":""},"related-projects-category":[],"class_list":["post-15653696","page","type-page","status-publish","hentry"],"spectra_custom_meta":{"ratings_users":["0"],"ratings_score":["0"],"ratings_average":["0"],"_subscription_coupon_product_id":["0"],"_wpv_contains_gutenberg_views":[""],"_alp_processed":["1716359862"],"_views_template":["0"],"_wpml_media_duplicate":["0"],"_wpml_media_featured":["1"],"_wp_page_template":["default"],"_last_translation_edit_mode":["translation-editor"],"_uag_css_file_name":["uag-css-15653696.css"],"_uag_page_assets":["a:9:{s:3:\"css\";s:260:\".uag-blocks-common-selector{z-index:var(--z-index-desktop) !important}@media(max-width: 976px){.uag-blocks-common-selector{z-index:var(--z-index-tablet) !important}}@media(max-width: 767px){.uag-blocks-common-selector{z-index:var(--z-index-mobile) !important}}\";s:2:\"js\";s:0:\"\";s:18:\"current_block_list\";a:1:{i:0;s:14:\"core\/shortcode\";}s:8:\"uag_flag\";b:0;s:11:\"uag_version\";s:10:\"1778685493\";s:6:\"gfonts\";a:0:{}s:10:\"gfonts_url\";s:0:\"\";s:12:\"gfonts_files\";a:0:{}s:14:\"uag_faq_layout\";b:0;}"]},"uagb_featured_image_src":{"full":false,"thumbnail":false,"medium":false,"medium_large":false,"large":false,"1536x1536":false,"2048x2048":false,"gform-image-choice-sm":false,"gform-image-choice-md":false,"gform-image-choice-lg":false,"woocommerce_thumbnail":false,"woocommerce_single":false,"woocommerce_gallery_thumbnail":false},"uagb_author_info":{"display_name":"Amir","author_link":"https:\/\/wpml.org\/vi\/author\/amir\/"},"uagb_comment_info":0,"uagb_excerpt":"K\u1ec3 t\u1eeb n\u0103m 2015, Google hi\u1ec3u vi\u1ec7c chuy\u1ec3n h\u01b0\u1edbng ng\u00f4n ng\u1eef tr\u00ecnh duy\u1ec7t v\u00e0 s\u1ebd hi\u1ec3u n\u00f3 l\u00e0 chuy\u1ec3n h\u01b0\u1edbng \u0111\u1ebfn m\u1ed9t URL kh\u00e1c. Google c\u00f3 th\u1ec3 l\u1eadp ch\u1ec9 m\u1ee5c trang web c\u1ee7a b\u1ea1n t\u1eeb nhi\u1ec1u \u0111\u1ecba ch\u1ec9 IP v\u00e0 gi\u1ea3i quy\u1ebft c\u00e1c quy t\u1eafc chuy\u1ec3n h\u01b0\u1edbng ng\u00f4n ng\u1eef, nh\u01b0ng kh\u00f4ng c\u00f3 g\u00ec \u0111\u1ea3m b\u1ea3o&hellip;","_links":{"self":[{"href":"https:\/\/wpml.org\/vi\/wp-json\/wp\/v2\/pages\/15653696","targetHints":{"allow":["GET"]}}],"collection":[{"href":"https:\/\/wpml.org\/vi\/wp-json\/wp\/v2\/pages"}],"about":[{"href":"https:\/\/wpml.org\/vi\/wp-json\/wp\/v2\/types\/page"}],"author":[{"embeddable":true,"href":"https:\/\/wpml.org\/vi\/wp-json\/wp\/v2\/users\/2"}],"replies":[{"embeddable":true,"href":"https:\/\/wpml.org\/vi\/wp-json\/wp\/v2\/comments?post=15653696"}],"version-history":[{"count":1,"href":"https:\/\/wpml.org\/vi\/wp-json\/wp\/v2\/pages\/15653696\/revisions"}],"predecessor-version":[{"id":15653698,"href":"https:\/\/wpml.org\/vi\/wp-json\/wp\/v2\/pages\/15653696\/revisions\/15653698"}],"wp:attachment":[{"href":"https:\/\/wpml.org\/vi\/wp-json\/wp\/v2\/media?parent=15653696"}],"wp:term":[{"taxonomy":"related-projects-category","embeddable":true,"href":"https:\/\/wpml.org\/vi\/wp-json\/wp\/v2\/related-projects-category?post=15653696"}],"curies":[{"name":"wp","href":"https:\/\/api.w.org\/{rel}","templated":true}]}}