{"id":15654185,"date":"2024-05-22T07:17:20","date_gmt":"2024-05-22T07:17:20","guid":{"rendered":"https:\/\/wpml.org\/huong-dan-bat-dau\/cai-dat-ngon-ngu\/ngon-ngu-duoc-cau-hinh-san\/"},"modified":"2024-11-28T07:07:40","modified_gmt":"2024-11-28T07:07:40","slug":"ngon-ngu-duoc-cau-hinh-san","status":"publish","type":"page","link":"https:\/\/wpml.org\/vi\/tai-lieu-wpml\/huong-dan-bat-dau\/cai-dat-ngon-ngu\/ngon-ngu-duoc-cau-hinh-san\/","title":{"rendered":"Ng\u00f4n ng\u1eef \u0111\u01b0\u1ee3c c\u1ea5u h\u00ecnh s\u1eb5n"},"content":{"rendered":"\n<p class=\"lead\">WPML bao g\u1ed3m 65 ng\u00f4n ng\u1eef s\u1eb5n s\u00e0ng s\u1eed d\u1ee5ng. Xem danh s\u00e1ch c\u00e1c ng\u00f4n ng\u1eef c\u00f3 s\u1eb5n \u0111\u1ec3 h\u1ecdc c\u1ee7a ch\u00fang t\u00f4i. <\/p>\n\n<p>Sau \u0111\u00e2y l\u00e0 danh s\u00e1ch c\u00e1c ng\u00f4n ng\u1eef \u0111\u01b0\u1ee3c <strong>c\u1ea5u h\u00ecnh s\u1eb5n<\/strong> trong WPML :<\/p>\n\n<h2 class=\"wp-block-heading\">Ph\u1ed5 bi\u1ebfn nh\u1ea5t<\/h2>\n\n<ul class=\"wp-block-list\">\n<li>Ti\u1ebfng Trung (Gi\u1ea3n th\u1ec3)<\/li>\n\n\n\n<li>Truy\u1ec1n th\u1ed1ng Trung Hoa)<\/li>\n\n\n\n<li>ng\u01b0\u1eddi \u0110an M\u1ea1ch<\/li>\n\n\n\n<li>ti\u1ebfng H\u00e0 Lan<\/li>\n\n\n\n<li>Ti\u1ebfng Anh<\/li>\n\n\n\n<li>ng\u01b0\u1eddi Ph\u00e1p<\/li>\n\n\n\n<li>ti\u1ebfng \u0110\u1ee9c<\/li>\n\n\n\n<li>ng\u01b0\u1eddi \u00dd<\/li>\n\n\n\n<li>ti\u1ebfng Nh\u1eadt<\/li>\n\n\n\n<li>ti\u1ebfng Nga<\/li>\n\n\n\n<li>ng\u01b0\u1eddi T\u00e2y Ban Nha<\/li>\n<\/ul>\n\n<h2 class=\"wp-block-heading\">C\u00e1c ng\u00f4n ng\u1eef \u0111\u01b0\u1ee3c c\u1ea5u h\u00ecnh s\u1eb5n kh\u00e1c<\/h2>\n\n<ul class=\"wp-block-list\">\n<li>Ti\u1ebfng Albania<\/li>\n\n\n\n<li>ti\u1ebfng \u1ea2 R\u1eadp<\/li>\n\n\n\n<li>ti\u1ebfng Armenia<\/li>\n\n\n\n<li>Ti\u1ebfng Azerbaijan<\/li>\n\n\n\n<li>Ti\u1ebfng Basque<\/li>\n\n\n\n<li>ti\u1ebfng Bengali<\/li>\n\n\n\n<li>ti\u1ebfng Bosnia<\/li>\n\n\n\n<li>ti\u1ebfng Bungari<\/li>\n\n\n\n<li>ti\u1ebfng Catalan<\/li>\n\n\n\n<li>ti\u1ebfng Croatia<\/li>\n\n\n\n<li>ti\u1ebfng S\u00e9c<\/li>\n\n\n\n<li>Qu\u1ed1c t\u1ebf ng\u1eef<\/li>\n\n\n\n<li>ti\u1ebfng Estonia<\/li>\n\n\n\n<li>ti\u1ebfng Ph\u1ea7n Lan<\/li>\n\n\n\n<li>ti\u1ebfng Galicia<\/li>\n\n\n\n<li>ng\u01b0\u1eddi Hy L\u1ea1p<\/li>\n\n\n\n<li>ti\u1ebfng Do Th\u00e1i<\/li>\n\n\n\n<li>Ti\u1ebfng Hindi<\/li>\n\n\n\n<li>ng\u01b0\u1eddi Hungary<\/li>\n\n\n\n<li>ti\u1ebfng Iceland<\/li>\n\n\n\n<li>ti\u1ebfng Indonesia<\/li>\n\n\n\n<li>ng\u01b0\u1eddi Ireland<\/li>\n\n\n\n<li>H\u00e0n Qu\u1ed1c<\/li>\n\n\n\n<li>ng\u01b0\u1eddi Kurd<\/li>\n\n\n\n<li>ti\u1ebfng Latvia<\/li>\n\n\n\n<li>ti\u1ebfng Litva<\/li>\n\n\n\n<li>Ti\u1ebfng Macedonia<\/li>\n\n\n\n<li>M\u00e3 Lai<\/li>\n\n\n\n<li>c\u00e2y nho<\/li>\n\n\n\n<li>Ti\u1ebfng Moldavia<\/li>\n\n\n\n<li>ti\u1ebfng M\u00f4ng C\u1ed5<\/li>\n\n\n\n<li>ti\u1ebfng Nepal<\/li>\n\n\n\n<li>Bokm\u00e5l Na Uy<\/li>\n\n\n\n<li>ti\u1ebfng Ba T\u01b0<\/li>\n\n\n\n<li>\u0110\u00e1nh b\u00f3ng<\/li>\n\n\n\n<li>Ti\u1ebfng B\u1ed3 \u0110\u00e0o Nha (Brazil)<\/li>\n\n\n\n<li>Ti\u1ebfng B\u1ed3 \u0110\u00e0o Nha (B\u1ed3 \u0110\u00e0o Nha)<\/li>\n\n\n\n<li>Ti\u1ebfng Punjab<\/li>\n\n\n\n<li>Quechua<\/li>\n\n\n\n<li>ng\u01b0\u1eddi Rumani<\/li>\n\n\n\n<li>ti\u1ebfng Serbia<\/li>\n\n\n\n<li>Ti\u1ebfng Slovak<\/li>\n\n\n\n<li>ti\u1ebfng Slovenia<\/li>\n\n\n\n<li>ti\u1ebfng Somali<\/li>\n\n\n\n<li>ti\u1ebfng Th\u1ee5y \u0110i\u1ec3n<\/li>\n\n\n\n<li>Ti\u1ebfng Tamil<\/li>\n\n\n\n<li>ti\u1ebfng Th\u00e1i<\/li>\n\n\n\n<li>ti\u1ebfng Th\u1ed5 Nh\u0129 K\u1ef3<\/li>\n\n\n\n<li>ti\u1ebfng Ukraina<\/li>\n\n\n\n<li>ti\u1ebfng Urdu<\/li>\n\n\n\n<li>ti\u1ebfng Uzbek<\/li>\n\n\n\n<li>Ti\u1ebfng Vi\u1ec7t<\/li>\n\n\n\n<li>ng\u01b0\u1eddi x\u1ee9 Wales<\/li>\n\n\n\n<li>ti\u1ebfng Yiddish<\/li>\n\n\n\n<li>Ti\u1ebfng Zulu<\/li>\n<\/ul>\n\n<p>B\u1ea1n c\u00f3 th\u1ec3 t\u00ecm danh s\u00e1ch c\u00e1c ng\u00f4n ng\u1eef \u0111\u01b0\u1ee3c c\u1ea5u h\u00ecnh s\u1eb5n b\u1eb1ng c\u00e1ch v\u00e0o <strong>WPML<\/strong> \u2192 <strong>Ng\u00f4n ng\u1eef<\/strong> v\u00e0 nh\u1ea5p v\u00e0o <strong>Th\u00eam\/X\u00f3a ng\u00f4n ng\u1eef<\/strong> .<\/p>\n\n<p>N\u1ebfu b\u1ea1n mu\u1ed1n s\u1eed d\u1ee5ng d\u1ecbch t\u1ef1 \u0111\u1ed9ng, h\u00e3y xem <a href=\"https:\/\/ate.wpml.org\/mt_langs\">c\u00f4ng c\u1ee5 d\u1ecbch n\u00e0o h\u1ed7 tr\u1ee3 t\u1eebng ng\u00f4n ng\u1eef<\/a> .<\/p>\n\n<p>N\u1ebfu b\u1ea1n mu\u1ed1n bi\u1ebft m\u00e3 ng\u00f4n ng\u1eef c\u1ee7a t\u1eebng ng\u00f4n ng\u1eef tr\u00ean trang web c\u1ee7a m\u00ecnh, b\u1ea1n c\u00f3 th\u1ec3 xem <a href=\"https:\/\/wpml.org\/documentation\/support\/wpml-tables\/\">b\u1ea3ng c\u01a1 s\u1edf d\u1eef li\u1ec7u WPML<\/a> cho t\u1ea5t c\u1ea3 c\u00e1c ng\u00f4n ng\u1eef. Ho\u1eb7c, b\u1ea1n c\u00f3 th\u1ec3 v\u00e0o <strong>WPML<\/strong> \u2192 <strong>Ng\u00f4n ng\u1eef<\/strong> v\u00e0 nh\u1ea5p v\u00e0o <strong>Ch\u1ec9nh s\u1eeda ng\u00f4n ng\u1eef<\/strong> .   <\/p>\n\n<h2 class=\"wp-block-heading\">Kh\u00f4ng th\u1ec3 t\u00ecm th\u1ea5y ng\u00f4n ng\u1eef c\u1ee7a b\u1ea1n? H\u00e3y t\u1ef1 th\u00eam n\u00f3 v\u00e0o<\/h2>\n\n<p>N\u1ebfu ng\u00f4n ng\u1eef c\u1ee7a b\u1ea1n kh\u00f4ng c\u00f3 trong danh s\u00e1ch ng\u00f4n ng\u1eef \u0111\u01b0\u1ee3c \u0111\u1ecbnh c\u1ea5u h\u00ecnh tr\u01b0\u1edbc, b\u1ea1n c\u00f3 th\u1ec3 <a href=\"https:\/\/wpml.org\/documentation\/getting-started-guide\/language-setup\/editing-wpmls-languages-table\/\">th\u00eam ng\u00f4n ng\u1eef t\u00f9y ch\u1ec9nh ho\u1eb7c theo qu\u1ed1c gia c\u1ee5 th\u1ec3<\/a> .<\/p>\n","protected":false},"excerpt":{"rendered":"<p>WPML bao g\u1ed3m 65 ng\u00f4n ng\u1eef s\u1eb5n s\u00e0ng s\u1eed d\u1ee5ng. Xem danh s\u00e1ch c\u00e1c ng\u00f4n ng\u1eef c\u00f3 s\u1eb5n \u0111\u1ec3 h\u1ecdc c\u1ee7a ch\u00fang t\u00f4i. Sau \u0111\u00e2y l\u00e0 danh s\u00e1ch c\u00e1c ng\u00f4n ng\u1eef \u0111\u01b0\u1ee3c c\u1ea5u h\u00ecnh s\u1eb5n trong WPML : Ph\u1ed5 bi\u1ebfn nh\u1ea5t C\u00e1c ng\u00f4n ng\u1eef \u0111\u01b0\u1ee3c c\u1ea5u h\u00ecnh s\u1eb5n kh\u00e1c B\u1ea1n c\u00f3 th\u1ec3 t\u00ecm danh s\u00e1ch [&hellip;]<\/p>\n","protected":false},"author":59141,"featured_media":0,"parent":15197865,"menu_order":0,"comment_status":"closed","ping_status":"closed","template":"template-nosidebar-centered.php","meta":{"_bbp_topic_count":0,"_bbp_reply_count":0,"_bbp_total_topic_count":0,"_bbp_total_reply_count":0,"_bbp_voice_count":0,"_bbp_anonymous_reply_count":0,"_bbp_topic_count_hidden":0,"_bbp_reply_count_hidden":0,"_bbp_forum_subforum_count":0,"_uag_custom_page_level_css":"","ep_exclude_from_search":false,"footnotes":""},"related-projects-category":[],"class_list":["post-15654185","page","type-page","status-publish","hentry"],"spectra_custom_meta":{"ratings_users":["0"],"ratings_score":["0"],"ratings_average":["0"],"_subscription_coupon_product_id":["0"],"_wpv_contains_gutenberg_views":[""],"_alp_processed":["1732777660"],"_views_template":["0"],"wpcf-unformatted-code":[""],"_wpml_media_duplicate":["0"],"_wpml_media_featured":["1"],"toolset_post_editor_mode":["block"],"wpcf-price-increase-show-from":[""],"wpcf-price-increase-show-till":[""],"_wp_page_template":["template-nosidebar-centered.php"],"_last_translation_edit_mode":["translation-editor"],"_yoast_wpseo_metadesc":["WPML bao g\u1ed3m 65 ng\u00f4n ng\u1eef s\u1eb5n s\u00e0ng s\u1eed d\u1ee5ng. Xem danh s\u00e1ch c\u00e1c ng\u00f4n ng\u1eef c\u00f3 s\u1eb5n \u0111\u1ec3 h\u1ecdc c\u1ee7a ch\u00fang t\u00f4i."],"_wpml_word_count":["375"],"_uagb_previous_block_counts":["a:90:{s:21:\"uagb\/advanced-heading\";i:0;s:15:\"uagb\/blockquote\";i:0;s:12:\"uagb\/buttons\";i:0;s:18:\"uagb\/buttons-child\";i:0;s:19:\"uagb\/call-to-action\";i:0;s:15:\"uagb\/cf7-styler\";i:0;s:11:\"uagb\/column\";i:0;s:12:\"uagb\/columns\";i:0;s:14:\"uagb\/container\";i:0;s:21:\"uagb\/content-timeline\";i:0;s:27:\"uagb\/content-timeline-child\";i:0;s:14:\"uagb\/countdown\";i:0;s:12:\"uagb\/counter\";i:0;s:8:\"uagb\/faq\";i:0;s:14:\"uagb\/faq-child\";i:0;s:10:\"uagb\/forms\";i:0;s:17:\"uagb\/forms-accept\";i:0;s:19:\"uagb\/forms-checkbox\";i:0;s:15:\"uagb\/forms-date\";i:0;s:16:\"uagb\/forms-email\";i:0;s:17:\"uagb\/forms-hidden\";i:0;s:15:\"uagb\/forms-name\";i:0;s:16:\"uagb\/forms-phone\";i:0;s:16:\"uagb\/forms-radio\";i:0;s:17:\"uagb\/forms-select\";i:0;s:19:\"uagb\/forms-textarea\";i:0;s:17:\"uagb\/forms-toggle\";i:0;s:14:\"uagb\/forms-url\";i:0;s:14:\"uagb\/gf-styler\";i:0;s:15:\"uagb\/google-map\";i:0;s:11:\"uagb\/how-to\";i:0;s:16:\"uagb\/how-to-step\";i:0;s:9:\"uagb\/icon\";i:0;s:14:\"uagb\/icon-list\";i:0;s:20:\"uagb\/icon-list-child\";i:0;s:10:\"uagb\/image\";i:0;s:18:\"uagb\/image-gallery\";i:0;s:13:\"uagb\/info-box\";i:0;s:18:\"uagb\/inline-notice\";i:0;s:11:\"uagb\/lottie\";i:0;s:21:\"uagb\/marketing-button\";i:0;s:10:\"uagb\/modal\";i:0;s:18:\"uagb\/popup-builder\";i:0;s:16:\"uagb\/post-button\";i:0;s:18:\"uagb\/post-carousel\";i:0;s:17:\"uagb\/post-excerpt\";i:0;s:14:\"uagb\/post-grid\";i:0;s:15:\"uagb\/post-image\";i:0;s:17:\"uagb\/post-masonry\";i:0;s:14:\"uagb\/post-meta\";i:0;s:18:\"uagb\/post-taxonomy\";i:0;s:18:\"uagb\/post-timeline\";i:0;s:15:\"uagb\/post-title\";i:0;s:20:\"uagb\/restaurant-menu\";i:0;s:26:\"uagb\/restaurant-menu-child\";i:0;s:11:\"uagb\/review\";i:0;s:12:\"uagb\/section\";i:0;s:14:\"uagb\/separator\";i:0;s:11:\"uagb\/slider\";i:0;s:17:\"uagb\/slider-child\";i:0;s:17:\"uagb\/social-share\";i:0;s:23:\"uagb\/social-share-child\";i:0;s:16:\"uagb\/star-rating\";i:0;s:23:\"uagb\/sure-cart-checkout\";i:0;s:22:\"uagb\/sure-cart-product\";i:0;s:15:\"uagb\/sure-forms\";i:0;s:22:\"uagb\/table-of-contents\";i:0;s:9:\"uagb\/tabs\";i:0;s:15:\"uagb\/tabs-child\";i:0;s:18:\"uagb\/taxonomy-list\";i:0;s:9:\"uagb\/team\";i:0;s:16:\"uagb\/testimonial\";i:0;s:14:\"uagb\/wp-search\";i:0;s:19:\"uagb\/instagram-feed\";i:0;s:10:\"uagb\/login\";i:0;s:17:\"uagb\/loop-builder\";i:0;s:18:\"uagb\/loop-category\";i:0;s:20:\"uagb\/loop-pagination\";i:0;s:15:\"uagb\/loop-reset\";i:0;s:16:\"uagb\/loop-search\";i:0;s:14:\"uagb\/loop-sort\";i:0;s:17:\"uagb\/loop-wrapper\";i:0;s:13:\"uagb\/register\";i:0;s:19:\"uagb\/register-email\";i:0;s:24:\"uagb\/register-first-name\";i:0;s:23:\"uagb\/register-last-name\";i:0;s:22:\"uagb\/register-password\";i:0;s:30:\"uagb\/register-reenter-password\";i:0;s:19:\"uagb\/register-terms\";i:0;s:22:\"uagb\/register-username\";i:0;}"],"_uag_css_file_name":["uag-css-15654185.css"],"_uag_page_assets":["a:9:{s:3:\"css\";s:260:\".uag-blocks-common-selector{z-index:var(--z-index-desktop) !important}@media(max-width: 976px){.uag-blocks-common-selector{z-index:var(--z-index-tablet) !important}}@media(max-width: 767px){.uag-blocks-common-selector{z-index:var(--z-index-mobile) !important}}\";s:2:\"js\";s:0:\"\";s:18:\"current_block_list\";a:5:{i:0;s:14:\"core\/paragraph\";i:1;s:12:\"core\/heading\";i:2;s:9:\"core\/list\";i:3;s:14:\"core\/list-item\";i:4;s:14:\"core\/shortcode\";}s:8:\"uag_flag\";b:0;s:11:\"uag_version\";s:10:\"1778641522\";s:6:\"gfonts\";a:0:{}s:10:\"gfonts_url\";s:0:\"\";s:12:\"gfonts_files\";a:0:{}s:14:\"uag_faq_layout\";b:0;}"]},"uagb_featured_image_src":{"full":false,"thumbnail":false,"medium":false,"medium_large":false,"large":false,"1536x1536":false,"2048x2048":false,"gform-image-choice-sm":false,"gform-image-choice-md":false,"gform-image-choice-lg":false,"woocommerce_thumbnail":false,"woocommerce_single":false,"woocommerce_gallery_thumbnail":false},"uagb_author_info":{"display_name":"Agnes Bury","author_link":"https:\/\/wpml.org\/vi\/author\/agnes-b\/"},"uagb_comment_info":0,"uagb_excerpt":"WPML bao g\u1ed3m 65 ng\u00f4n ng\u1eef s\u1eb5n s\u00e0ng s\u1eed d\u1ee5ng. Xem danh s\u00e1ch c\u00e1c ng\u00f4n ng\u1eef c\u00f3 s\u1eb5n \u0111\u1ec3 h\u1ecdc c\u1ee7a ch\u00fang t\u00f4i. Sau \u0111\u00e2y l\u00e0 danh s\u00e1ch c\u00e1c ng\u00f4n ng\u1eef \u0111\u01b0\u1ee3c c\u1ea5u h\u00ecnh s\u1eb5n trong WPML : Ph\u1ed5 bi\u1ebfn nh\u1ea5t C\u00e1c ng\u00f4n ng\u1eef \u0111\u01b0\u1ee3c c\u1ea5u h\u00ecnh s\u1eb5n kh\u00e1c B\u1ea1n c\u00f3 th\u1ec3 t\u00ecm danh s\u00e1ch&hellip;","_links":{"self":[{"href":"https:\/\/wpml.org\/vi\/wp-json\/wp\/v2\/pages\/15654185","targetHints":{"allow":["GET"]}}],"collection":[{"href":"https:\/\/wpml.org\/vi\/wp-json\/wp\/v2\/pages"}],"about":[{"href":"https:\/\/wpml.org\/vi\/wp-json\/wp\/v2\/types\/page"}],"author":[{"embeddable":true,"href":"https:\/\/wpml.org\/vi\/wp-json\/wp\/v2\/users\/59141"}],"replies":[{"embeddable":true,"href":"https:\/\/wpml.org\/vi\/wp-json\/wp\/v2\/comments?post=15654185"}],"version-history":[{"count":3,"href":"https:\/\/wpml.org\/vi\/wp-json\/wp\/v2\/pages\/15654185\/revisions"}],"predecessor-version":[{"id":16452959,"href":"https:\/\/wpml.org\/vi\/wp-json\/wp\/v2\/pages\/15654185\/revisions\/16452959"}],"up":[{"embeddable":true,"href":"https:\/\/wpml.org\/vi\/wp-json\/wp\/v2\/pages\/15197865"}],"wp:attachment":[{"href":"https:\/\/wpml.org\/vi\/wp-json\/wp\/v2\/media?parent=15654185"}],"wp:term":[{"taxonomy":"related-projects-category","embeddable":true,"href":"https:\/\/wpml.org\/vi\/wp-json\/wp\/v2\/related-projects-category?post=15654185"}],"curies":[{"name":"wp","href":"https:\/\/api.w.org\/{rel}","templated":true}]}}