{"id":15654252,"date":"2024-05-22T07:20:26","date_gmt":"2024-05-22T07:20:26","guid":{"rendered":"https:\/\/wpml.org\/huong-dan-bat-dau\/cai-dat-ngon-ngu\/tuy-chon-dinh-dang-url-ngon-ngu\/"},"modified":"2024-05-22T07:20:26","modified_gmt":"2024-05-22T07:20:26","slug":"tuy-chon-dinh-dang-url-ngon-ngu","status":"publish","type":"page","link":"https:\/\/wpml.org\/vi\/tai-lieu-wpml\/huong-dan-bat-dau\/cai-dat-ngon-ngu\/tuy-chon-dinh-dang-url-ngon-ngu\/","title":{"rendered":"T\u00f9y ch\u1ecdn \u0111\u1ecbnh d\u1ea1ng URL ng\u00f4n ng\u1eef"},"content":{"rendered":"<p class=\"lead\">WPML cung c\u1ea5p cho b\u1ea1n t\u00f9y ch\u1ecdn \u0111\u1ecbnh d\u1ea1ng URL ng\u00f4n ng\u1eef c\u1ee7a b\u1ea1n theo t\u00ean mi\u1ec1n, th\u01b0 m\u1ee5c ho\u1eb7c d\u01b0\u1edbi d\u1ea1ng tham s\u1ed1. T\u00ecm hi\u1ec3u c\u00e1ch n\u00f3 ho\u1ea1t \u0111\u1ed9ng v\u00e0 t\u00ecm th\u1ea5y nh\u1eefng g\u00ec t\u1ed1t nh\u1ea5t cho b\u1ea1n.<\/p>\n<p>WPML cho ph\u00e9p b\u1ea1n ch\u1ecdn \u0111\u1ecbnh d\u1ea1ng URL ng\u00f4n ng\u1eef c\u1ee7a trang web b\u1eb1ng c\u00e1ch s\u1eed d\u1ee5ng \u0111\u1ed1i s\u1ed1 ng\u00f4n ng\u1eef trong URL, trong th\u01b0 m\u1ee5c \u1ea3o ho\u1eb7c c\u00e1c t\u00ean mi\u1ec1n (ho\u1eb7c t\u00ean mi\u1ec1n ph\u1ee5) kh\u00e1c nhau. Trong n\u1ed9i b\u1ed9, t\u1ea5t c\u1ea3 c\u00e1c ng\u00f4n ng\u1eef \u0111\u01b0\u1ee3c l\u01b0u trong m\u1ed9t c\u01a1 s\u1edf d\u1eef li\u1ec7u WordPress , nh\u01b0ng \u0111\u1ed1i v\u1edbi kh\u00e1ch truy c\u1eadp, ng\u00f4n ng\u1eef c\u00f3 th\u1ec3 xu\u1ea5t hi\u1ec7n \u1edf c\u00e1c trang web kh\u00e1c nhau.<\/p>\n<p>B\u1ea1n c\u00f3 th\u1ec3 ch\u1ecdn \u0111\u1ecbnh d\u1ea1ng b\u1ea1n mu\u1ed1n khi thi\u1ebft l\u1eadp WPML l\u1ea7n \u0111\u1ea7u ti\u00ean. N\u1ebfu b\u1ea1n mu\u1ed1n thay \u0111\u1ed5i sang \u0111\u1ecbnh d\u1ea1ng kh\u00e1c sau khi thi\u1ebft l\u1eadp WPML , b\u1ea1n c\u00f3 th\u1ec3 l\u00e0m nh\u01b0 v\u1eady b\u1eb1ng c\u00e1ch truy c\u1eadp <strong>WPML<\/strong> \u2192 <strong>Ng\u00f4n ng\u1eef<\/strong> v\u00e0 cu\u1ed9n \u0111\u1ebfn <strong>\u0110\u1ecbnh d\u1ea1ng URL ng\u00f4n ng\u1eef<\/strong> .<br \/>\nB\u1ea1n c\u00f3 th\u1ec3 ch\u1ecdn t\u1eeb c\u00e1c t\u00f9y ch\u1ecdn sau:<\/p>\n<ul>\n<li><a href=\"#different-languages-in-directories\">C\u00e1c ng\u00f4n ng\u1eef kh\u00e1c nhau trong th\u01b0 m\u1ee5c<\/a><\/li>\n<li><a href=\"#a-different-domain-per-language\">M\u1ed9t mi\u1ec1n kh\u00e1c nhau cho m\u1ed7i ng\u00f4n ng\u1eef<\/a><\/li>\n<li><a href=\"#language-name-added-as-a-parameter\">T\u00ean ng\u00f4n ng\u1eef l\u00e0m tham s\u1ed1<\/a><\/li>\n<\/ul>\n<p><img decoding=\"async\" style=\"max-width: 100%;\" src=\"https:\/\/cdn.wpml.org\/wp-content\/uploads\/2012\/05\/language-url-options1.png\" alt=\"T\u00f9y ch\u1ecdn URL ng\u00f4n ng\u1eef\" width=\"655\"><\/p>\n<p><img decoding=\"async\" src=\"https:\/\/cdn.wpml.org\/wp-content\/themes\/sitepress\/images\/mail\/separator.jpg\" alt=\"\"><\/p>\n<h2>C\u00e1c ng\u00f4n ng\u1eef kh\u00e1c nhau trong th\u01b0 m\u1ee5c<\/h2>\n<p>Khi b\u1ea1n b\u1eadt ng\u00f4n ng\u1eef trong c\u00e1c th\u01b0 m\u1ee5c, b\u1ea1n \u0111ang y\u00eau c\u1ea7u WPML s\u1eafp x\u1ebfp c\u00e1c b\u1ea3n d\u1ecbch trong nh\u1eefng th\u1ee9 tr\u00f4ng gi\u1ed1ng nh\u01b0 c\u00e1c th\u01b0 m\u1ee5c \u1ea3o kh\u00e1c nhau. V\u00ed d\u1ee5:<\/p>\n<ul>\n<li>www.example.com<\/li>\n<li>www.example.com\/es\/<\/li>\n<li>www.example.com\/ja\/<\/li>\n<\/ul>\n<p><img decoding=\"async\" src=\"https:\/\/cdn.wpml.org\/wp-content\/uploads\/2013\/09\/language-directories.png\" alt=\"Ng\u00f4n ng\u1eef trong th\u01b0 m\u1ee5c\" width=\"275\" height=\"198\"><\/p>\n<h3>C\u00e0i \u0111\u1eb7t m\u00e1y ch\u1ee7 cho ng\u00f4n ng\u1eef trong th\u01b0 m\u1ee5c<\/h3>\n<p>\u0110\u1ec3 thi\u1ebft l\u1eadp ng\u00f4n ng\u1eef c\u1ee7a b\u1ea1n trong c\u00e1c th\u01b0 m\u1ee5c, m\u00f4-\u0111un vi\u1ebft l\u1ea1i c\u1ee7a Apache ph\u1ea3i \u0111\u01b0\u1ee3c b\u1eadt. N\u1ebfu b\u1ea1n kh\u00f4ng c\u00f3 quy\u1ec1n truy c\u1eadp v\u00e0o c\u00e0i \u0111\u1eb7t m\u00e1y ch\u1ee7 c\u1ee7a m\u00ecnh, vui l\u00f2ng li\u00ean h\u1ec7 v\u1edbi nh\u00e0 cung c\u1ea5p d\u1ecbch v\u1ee5 l\u01b0u tr\u1eef c\u1ee7a b\u1ea1n \u0111\u1ec3 y\u00eau c\u1ea7u h\u1ecd k\u00edch ho\u1ea1t t\u00ednh n\u0103ng n\u00e0y.<\/p>\n<p>Trang web c\u1ee7a b\u1ea1n c\u0169ng c\u1ea7n s\u1eed d\u1ee5ng <a href=\"https:\/\/wordpress.org\/support\/article\/using-permalinks\/#mod_rewrite-pretty-permalinks\">c\u1ea5u tr\u00fac permalink \u201c\u0111\u1eb9p\u201d<\/a> . B\u1ea1n c\u00f3 th\u1ec3 thay \u0111\u1ed5i c\u1ea5u tr\u00fac li\u00ean k\u1ebft c\u1ed1 \u0111\u1ecbnh c\u1ee7a trang web trong c\u00e0i \u0111\u1eb7t WordPress c\u1ee7a m\u00ecnh.<\/p>\n<h3>L\u1ed7i th\u01b0\u1eddng g\u1eb7p<\/h3>\n<p>H\u00e3y \u0111\u1ea3m b\u1ea3o r\u1eb1ng b\u1ea1n KH\u00d4NG th\u1ef1c hi\u1ec7n m\u1ed9t trong nh\u1eefng \u0111i\u1ec1u sau:<\/p>\n<ul>\n<li><strong>T\u1ea1o th\u01b0 m\u1ee5c th\u1ef1c s\u1ef1 trong trang web c\u1ee7a b\u1ea1n<\/strong><br \/>\nB\u1ea1n kh\u00f4ng c\u1ea7n ph\u1ea3i t\u1ea1o c\u00e1c th\u01b0 m\u1ee5c th\u1ef1c t\u1ebf trong qu\u00e1 tr\u00ecnh c\u00e0i \u0111\u1eb7t WordPress ho\u1eb7c c\u00e0i \u0111\u1eb7t WordPress nhi\u1ec1u l\u1ea7n. Th\u1ef1c ra, n\u1ebfu b\u1ea1n l\u00e0m nh\u01b0 v\u1eady th\u00ec ng\u00f4n ng\u1eef trong th\u01b0 m\u1ee5c s\u1ebd kh\u00f4ng ho\u1ea1t \u0111\u1ed9ng.<\/p>\n<p>Nh\u1eefng th\u01b0 m\u1ee5c n\u00e0y l\u00e0 \u1ea3o. Ch\u00fang kh\u00f4ng t\u1ed3n t\u1ea1i nh\u01b0 b\u1ea5t k\u1ef3 con \u0111\u01b0\u1eddng v\u1eadt l\u00fd n\u00e0o.<\/li>\n<li><strong>Chuy\u1ec3n h\u01b0\u1edbng \u0111\u1ebfn c\u00e1c th\u01b0 m\u1ee5c kh\u00e1c<\/strong><br \/>\nT\u01b0\u01a1ng t\u1ef1 nh\u01b0 vi\u1ec7c t\u1ea1o th\u01b0 m\u1ee5c th\u1ef1c, m\u1ed9t s\u1ed1 ng\u01b0\u1eddi d\u00f9ng ch\u1ec9nh s\u1eeda t\u1ec7p <strong>.htaccess<\/strong> c\u1ee7a h\u1ecd v\u00e0 th\u00eam quy t\u1eafc chuy\u1ec3n h\u01b0\u1edbng. B\u1ea1n kh\u00f4ng n\u00ean l\u00e0m \u0111i\u1ec1u n\u00e0y. WPML t\u1ef1 \u0111\u1ed9ng t\u1ea1o c\u00e1c quy t\u1eafc chuy\u1ec3n h\u01b0\u1edbng ri\u00eang.<\/li>\n<\/ul>\n<p>\u0110\u1ec3 bi\u1ebft th\u00eam m\u1eb9o kh\u1eafc ph\u1ee5c s\u1ef1 c\u1ed1, vui l\u00f2ng xem b\u00e0i vi\u1ebft sau: <a href=\"https:\/\/wpml.org\/documentation\/getting-started-guide\/language-setup\/language-url-options\/cannot-activate-language-directories\/\">Kh\u00f4ng th\u1ec3 k\u00edch ho\u1ea1t th\u01b0 m\u1ee5c ng\u00f4n ng\u1eef<\/a> .<\/p>\n<h3>Hi\u1ec3n th\u1ecb ng\u00f4n ng\u1eef m\u1eb7c \u0111\u1ecbnh c\u1ee7a trang web c\u1ee7a b\u1ea1n trong m\u1ed9t th\u01b0 m\u1ee5c<\/h3>\n<p>WPML c\u0169ng cho ph\u00e9p b\u1ea1n hi\u1ec3n th\u1ecb ng\u00f4n ng\u1eef m\u1eb7c \u0111\u1ecbnh c\u1ee7a m\u00ecnh trong m\u1ed9t th\u01b0 m\u1ee5c v\u00e0 ch\u1ecdn n\u1ed9i dung s\u1ebd hi\u1ec3n th\u1ecb trong URL g\u1ed1c c\u1ee7a trang web.<\/p>\n<figure id=\"attachment_3119703\" aria-describedby=\"caption-attachment-3119703\" style=\"width: 934px\" class=\"wp-caption aligncenter\"><img decoding=\"async\" class=\"img-border wp-image-3119703 size-full\" src=\"https:\/\/wpml.org\/wp-content\/uploads\/2019\/01\/directory-for-default-language.png\" alt=\"Th\u01b0 m\u1ee5c cho ng\u00f4n ng\u1eef m\u1eb7c \u0111\u1ecbnh\" width=\"934\" height=\"404\" srcset=\"https:\/\/wpml.org\/wp-content\/uploads\/2019\/01\/directory-for-default-language.png 934w, https:\/\/wpml.org\/wp-content\/uploads\/2019\/01\/directory-for-default-language-150x65.png 150w, https:\/\/wpml.org\/wp-content\/uploads\/2019\/01\/directory-for-default-language-300x130.png 300w, https:\/\/wpml.org\/wp-content\/uploads\/2019\/01\/directory-for-default-language-768x332.png 768w\" sizes=\"(max-width: 934px) 100vw, 934px\" \/><figcaption id=\"caption-attachment-3119703\" class=\"wp-caption-text\">Th\u01b0 m\u1ee5c cho ng\u00f4n ng\u1eef m\u1eb7c \u0111\u1ecbnh<\/figcaption><\/figure>\n<p>\u0110\u1ecdc th\u00eam v\u1ec1 <a href=\"https:\/\/wpml.org\/documentation\/getting-started-guide\/language-setup\/directory-default-language\/\">c\u00e1ch \u0111\u1eb7t ng\u00f4n ng\u1eef m\u1eb7c \u0111\u1ecbnh c\u1ee7a trang web trong m\u1ed9t th\u01b0 m\u1ee5c<\/a> .<\/p>\n<h2>M\u1ed9t mi\u1ec1n kh\u00e1c nhau cho m\u1ed7i ng\u00f4n ng\u1eef<\/h2>\n<p>B\u1ea1n c\u00f3 th\u1ec3 \u0111\u1eb7t c\u00e1c ng\u00f4n ng\u1eef kh\u00e1c nhau trong c\u00e1c mi\u1ec1n ho\u00e0n to\u00e0n \u0111\u1ed9c l\u1eadp. V\u00ed d\u1ee5:<\/p>\n<ul>\n<li>www.example.com<\/li>\n<li>www.example.de<\/li>\n<\/ul>\n<p>B\u1ea1n c\u0169ng c\u00f3 th\u1ec3 ch\u1ecdn \u0111\u1eb7t c\u00e1c ng\u00f4n ng\u1eef kh\u00e1c nhau trong c\u00e1c t\u00ean mi\u1ec1n ph\u1ee5 kh\u00e1c nhau. V\u00ed d\u1ee5:  <\/p>\n<ul>\n<li>vi.example.com<\/li>\n<li>de.example.com<\/li>\n<\/ul>\n<p><img decoding=\"async\" src=\"https:\/\/cdn.wpml.org\/wp-content\/uploads\/2013\/09\/language-urls.png\" alt=\"Ng\u00f4n ng\u1eef trong mi\u1ec1n\" width=\"275\" height=\"198\"><\/p>\n<h3>C\u00e0i \u0111\u1eb7t DNS v\u00e0 m\u00e1y ch\u1ee7 \u0111\u1ec3 hi\u1ec3n th\u1ecb c\u00e1c t\u00ean mi\u1ec1n kh\u00e1c nhau cho m\u1ed7i ng\u00f4n ng\u1eef<\/h3>\n<p>Vi\u1ec7c ch\u1ecdn \u0111\u1ecbnh d\u1ea1ng n\u00e0y y\u00eau c\u1ea7u b\u1ea1n thi\u1ebft l\u1eadp c\u00e0i \u0111\u1eb7t m\u00e1y ch\u1ee7 v\u00e0 DNS th\u00edch h\u1ee3p. Vui l\u00f2ng xem h\u01b0\u1edbng d\u1eabn c\u1ee7a ch\u00fang t\u00f4i \u0111\u1ec3 bi\u1ebft h\u01b0\u1edbng d\u1eabn t\u1eebng b\u01b0\u1edbc v\u1ec1 <a href=\"https:\/\/wpml.org\/documentation\/getting-started-guide\/language-setup\/language-url-options\/how-to-use-wpml-with-different-domains-per-language\/\">c\u00e0i \u0111\u1eb7t m\u00e1y ch\u1ee7 b\u1eaft bu\u1ed9c \u0111\u1ec3 s\u1eed d\u1ee5ng ng\u00f4n ng\u1eef trong mi\u1ec1n<\/a> .<\/p>\n<p>N\u1ebfu b\u1ea1n kh\u00f4ng c\u00f3 quy\u1ec1n truy c\u1eadp v\u00e0o c\u00e0i \u0111\u1eb7t m\u00e1y ch\u1ee7 c\u1ee7a m\u00ecnh, vui l\u00f2ng li\u00ean h\u1ec7 v\u1edbi nh\u00e0 cung c\u1ea5p d\u1ecbch v\u1ee5 l\u01b0u tr\u1eef \u0111\u1ec3 \u0111\u01b0\u1ee3c h\u1ed7 tr\u1ee3.<\/p>\n<h2>T\u00ean ng\u00f4n ng\u1eef \u0111\u01b0\u1ee3c th\u00eam l\u00e0m tham s\u1ed1<\/h2>\n<p>Vi\u1ec7c ch\u1ecdn hi\u1ec3n th\u1ecb ng\u00f4n ng\u1eef l\u00e0m tham s\u1ed1 s\u1ebd th\u00eam ng\u00f4n ng\u1eef v\u00e0o cu\u1ed1i URL trang web c\u1ee7a b\u1ea1n. V\u00ed d\u1ee5:<\/p>\n<ul>\n<li>www.example.com\/?lang=fr<\/li>\n<li>www.example.com\/about\/?lang=en<\/li>\n<\/ul>\n<p>\u0110\u1ecbnh d\u1ea1ng n\u00e0y kh\u00f4ng y\u00eau c\u1ea7u b\u1ea5t k\u1ef3 thay \u0111\u1ed5i b\u1ed5 sung n\u00e0o \u0111\u1ed1i v\u1edbi c\u00e0i \u0111\u1eb7t m\u00e1y ch\u1ee7 c\u1ee7a b\u1ea1n.<\/p>\n","protected":false},"excerpt":{"rendered":"<p>WPML cung c\u1ea5p cho b\u1ea1n t\u00f9y ch\u1ecdn \u0111\u1ecbnh d\u1ea1ng URL ng\u00f4n ng\u1eef c\u1ee7a b\u1ea1n theo t\u00ean mi\u1ec1n, th\u01b0 m\u1ee5c ho\u1eb7c d\u01b0\u1edbi d\u1ea1ng tham s\u1ed1. T\u00ecm hi\u1ec3u c\u00e1ch n\u00f3 ho\u1ea1t \u0111\u1ed9ng v\u00e0 t\u00ecm th\u1ea5y nh\u1eefng g\u00ec t\u1ed1t nh\u1ea5t cho b\u1ea1n. WPML cho ph\u00e9p b\u1ea1n ch\u1ecdn \u0111\u1ecbnh d\u1ea1ng URL ng\u00f4n ng\u1eef c\u1ee7a trang web b\u1eb1ng c\u00e1ch s\u1eed [&hellip;]<\/p>\n","protected":false},"author":76577,"featured_media":0,"parent":15197865,"menu_order":0,"comment_status":"closed","ping_status":"closed","template":"template-sidebar-2.php","meta":{"_bbp_topic_count":0,"_bbp_reply_count":0,"_bbp_total_topic_count":0,"_bbp_total_reply_count":0,"_bbp_voice_count":0,"_bbp_anonymous_reply_count":0,"_bbp_topic_count_hidden":0,"_bbp_reply_count_hidden":0,"_bbp_forum_subforum_count":0,"_uag_custom_page_level_css":"","ep_exclude_from_search":false,"footnotes":""},"related-projects-category":[],"class_list":["post-15654252","page","type-page","status-publish","hentry"],"spectra_custom_meta":{"ratings_users":["0"],"ratings_score":["0"],"ratings_average":["0"],"_subscription_coupon_product_id":["0"],"_wpv_contains_gutenberg_views":[""],"_alp_processed":["1716362427"],"_views_template":["0"],"_wpml_media_duplicate":["0"],"_wpml_media_featured":["1"],"_wp_page_template":["template-sidebar-2.php"],"_yoast_wpseo_metadesc":["WPML cung c\u1ea5p cho b\u1ea1n t\u00f9y ch\u1ecdn \u0111\u1ecbnh d\u1ea1ng URL ng\u00f4n ng\u1eef c\u1ee7a b\u1ea1n theo t\u00ean mi\u1ec1n, th\u01b0 m\u1ee5c ho\u1eb7c d\u01b0\u1edbi d\u1ea1ng tham s\u1ed1. T\u00ecm hi\u1ec3u c\u00e1ch n\u00f3 ho\u1ea1t \u0111\u1ed9ng v\u00e0 t\u00ecm th\u1ea5y nh\u1eefng g\u00ec t\u1ed1t nh\u1ea5t cho b\u1ea1n."],"_last_translation_edit_mode":["translation-editor"],"wpcf-unformatted-code":[""],"wpcf-price-increase-show-from":[""],"wpcf-price-increase-show-till":[""],"_uag_css_file_name":["uag-css-15654252.css"],"_uag_page_assets":["a:9:{s:3:\"css\";s:260:\".uag-blocks-common-selector{z-index:var(--z-index-desktop) !important}@media(max-width: 976px){.uag-blocks-common-selector{z-index:var(--z-index-tablet) !important}}@media(max-width: 767px){.uag-blocks-common-selector{z-index:var(--z-index-mobile) !important}}\";s:2:\"js\";s:0:\"\";s:18:\"current_block_list\";a:1:{i:0;s:14:\"core\/shortcode\";}s:8:\"uag_flag\";b:0;s:11:\"uag_version\";s:10:\"1778628970\";s:6:\"gfonts\";a:0:{}s:10:\"gfonts_url\";s:0:\"\";s:12:\"gfonts_files\";a:0:{}s:14:\"uag_faq_layout\";b:0;}"]},"uagb_featured_image_src":{"full":false,"thumbnail":false,"medium":false,"medium_large":false,"large":false,"1536x1536":false,"2048x2048":false,"gform-image-choice-sm":false,"gform-image-choice-md":false,"gform-image-choice-lg":false,"woocommerce_thumbnail":false,"woocommerce_single":false,"woocommerce_gallery_thumbnail":false},"uagb_author_info":{"display_name":"Dario","author_link":"https:\/\/wpml.org\/vi\/author\/darioh\/"},"uagb_comment_info":0,"uagb_excerpt":"WPML cung c\u1ea5p cho b\u1ea1n t\u00f9y ch\u1ecdn \u0111\u1ecbnh d\u1ea1ng URL ng\u00f4n ng\u1eef c\u1ee7a b\u1ea1n theo t\u00ean mi\u1ec1n, th\u01b0 m\u1ee5c ho\u1eb7c d\u01b0\u1edbi d\u1ea1ng tham s\u1ed1. T\u00ecm hi\u1ec3u c\u00e1ch n\u00f3 ho\u1ea1t \u0111\u1ed9ng v\u00e0 t\u00ecm th\u1ea5y nh\u1eefng g\u00ec t\u1ed1t nh\u1ea5t cho b\u1ea1n. WPML cho ph\u00e9p b\u1ea1n ch\u1ecdn \u0111\u1ecbnh d\u1ea1ng URL ng\u00f4n ng\u1eef c\u1ee7a trang web b\u1eb1ng c\u00e1ch s\u1eed&hellip;","_links":{"self":[{"href":"https:\/\/wpml.org\/vi\/wp-json\/wp\/v2\/pages\/15654252","targetHints":{"allow":["GET"]}}],"collection":[{"href":"https:\/\/wpml.org\/vi\/wp-json\/wp\/v2\/pages"}],"about":[{"href":"https:\/\/wpml.org\/vi\/wp-json\/wp\/v2\/types\/page"}],"author":[{"embeddable":true,"href":"https:\/\/wpml.org\/vi\/wp-json\/wp\/v2\/users\/76577"}],"replies":[{"embeddable":true,"href":"https:\/\/wpml.org\/vi\/wp-json\/wp\/v2\/comments?post=15654252"}],"version-history":[{"count":1,"href":"https:\/\/wpml.org\/vi\/wp-json\/wp\/v2\/pages\/15654252\/revisions"}],"predecessor-version":[{"id":15654254,"href":"https:\/\/wpml.org\/vi\/wp-json\/wp\/v2\/pages\/15654252\/revisions\/15654254"}],"up":[{"embeddable":true,"href":"https:\/\/wpml.org\/vi\/wp-json\/wp\/v2\/pages\/15197865"}],"wp:attachment":[{"href":"https:\/\/wpml.org\/vi\/wp-json\/wp\/v2\/media?parent=15654252"}],"wp:term":[{"taxonomy":"related-projects-category","embeddable":true,"href":"https:\/\/wpml.org\/vi\/wp-json\/wp\/v2\/related-projects-category?post=15654252"}],"curies":[{"name":"wp","href":"https:\/\/api.w.org\/{rel}","templated":true}]}}