{"id":15654277,"date":"2024-05-22T07:22:18","date_gmt":"2024-05-22T07:22:18","guid":{"rendered":"https:\/\/wpml.org\/huong-dan-bat-dau\/cai-dat-ngon-ngu\/dat-ngon-ngu-quan-tri-wordpress\/"},"modified":"2024-05-22T07:22:19","modified_gmt":"2024-05-22T07:22:19","slug":"dat-ngon-ngu-quan-tri-wordpress","status":"publish","type":"page","link":"https:\/\/wpml.org\/vi\/tai-lieu-wpml\/huong-dan-bat-dau\/cai-dat-ngon-ngu\/dat-ngon-ngu-quan-tri-wordpress\/","title":{"rendered":"\u0110\u1eb7t ng\u00f4n ng\u1eef qu\u1ea3n tr\u1ecb WordPress"},"content":{"rendered":"<p class=\"lead\">WordPress gi\u00fap ng\u01b0\u1eddi d\u00f9ng c\u00f3 th\u1ec3 thay \u0111\u1ed5i ng\u00f4n ng\u1eef qu\u1ea3n tr\u1ecb. \u0110i\u1ec1u n\u00e0y cho ph\u00e9p nh\u1eefng ng\u01b0\u1eddi d\u00f9ng kh\u00e1c nhau c\u00f3 h\u1ed3 s\u01a1 tr\u00ean trang web c\u1ee7a b\u1ea1n nh\u00ecn th\u1ea5y qu\u1ea3n tr\u1ecb vi\u00ean WordPress b\u1eb1ng ng\u00f4n ng\u1eef ri\u00eang c\u1ee7a h\u1ecd.<\/p>\n<h2>Ng\u00f4n ng\u1eef qu\u1ea3n tr\u1ecb vi\u00ean \u0111\u1ed9c l\u1eadp v\u1edbi ng\u00f4n ng\u1eef giao di\u1ec7n ng\u01b0\u1eddi d\u00f9ng c\u1ee7a trang web<\/h2>\n<p>Khi n\u00f3i v\u1ec1 ng\u00f4n ng\u1eef c\u1ee7a trang web, ch\u00fang t\u00f4i lu\u00f4n ngh\u0129 v\u1ec1 ng\u00f4n ng\u1eef giao di\u1ec7n ng\u01b0\u1eddi d\u00f9ng &#8211; ng\u00f4n ng\u1eef m\u00e0 kh\u00e1ch truy c\u1eadp nh\u00ecn th\u1ea5y. Tuy nhi\u00ean, c\u00f3 m\u1ed9t tr\u01b0\u1eddng h\u1ee3p kh\u00e1c &#8211; ng\u00f4n ng\u1eef qu\u1ea3n tr\u1ecb WordPress .<\/p>\n<p>K\u1ec3 t\u1eeb phi\u00ean b\u1ea3n WordPress 4.7, nh\u1eefng ng\u01b0\u1eddi d\u00f9ng kh\u00e1c nhau c\u00f3 th\u1ec3 \u0111\u1eb7t ng\u00f4n ng\u1eef qu\u1ea3n tr\u1ecb \u01b0a th\u00edch c\u1ee7a ri\u00eang h\u1ecd b\u1eb1ng b\u1ed9 ch\u1ecdn ng\u00f4n ng\u1eef WordPress g\u1ed1c. B\u1eb1ng c\u00e1ch n\u00e0y, h\u1ecd th\u1ea5y giao di\u1ec7n WordPress b\u1eb1ng ng\u00f4n ng\u1eef c\u1ee7a h\u1ecd v\u00e0 c\u00f3 th\u1ec3 qu\u1ea3n l\u00fd n\u1ed9i dung d\u1ec5 d\u00e0ng h\u01a1n.<\/p>\n<p>\u0110\u1ec3 c\u00f3 th\u1ec3 thi\u1ebft l\u1eadp c\u00e1c ng\u00f4n ng\u1eef qu\u1ea3n tr\u1ecb kh\u00e1c nhau, tr\u01b0\u1edbc ti\u00ean b\u1ea1n n\u00ean c\u00e0i \u0111\u1eb7t b\u1ea3n d\u1ecbch cho WordPress sang c\u00e1c ng\u00f4n ng\u1eef kh\u00e1c nhau. WPML th\u1ef1c hi\u1ec7n vi\u1ec7c n\u00e0y cho b\u1ea1n v\u00e0 t\u1ef1 \u0111\u1ed9ng c\u00e0i \u0111\u1eb7t b\u1ea3n d\u1ecbch cho ch\u00ednh WordPress .<\/p>\n<h2>C\u00e1ch ng\u01b0\u1eddi d\u00f9ng \u0111\u1eb7t ng\u00f4n ng\u1eef qu\u1ea3n tr\u1ecb c\u1ee7a h\u1ecd<\/h2>\n<p>\u0110\u1ec3 ch\u1ecdn ng\u00f4n ng\u1eef qu\u1ea3n tr\u1ecb c\u1ee7a ri\u00eang m\u00ecnh, ng\u01b0\u1eddi d\u00f9ng n\u00ean truy c\u1eadp trang <strong>Ng\u01b0\u1eddi d\u00f9ng<\/strong> \u2192 <strong>H\u1ed3 s\u01a1<\/strong> v\u00e0 s\u1eed d\u1ee5ng t\u00f9y ch\u1ecdn <strong>Ng\u00f4n ng\u1eef<\/strong> trong ph\u1ea7n <strong>T\u00f9y ch\u1ecdn c\u00e1 nh\u00e2n<\/strong> .<\/p>\n<figure id=\"attachment_1163346\" aria-describedby=\"caption-attachment-1163346\" style=\"width: 300px\" class=\"wp-caption aligncenter\"><a href=\"https:\/\/wpml.org\/wp-content\/uploads\/2013\/09\/wordpress-user-profile-select-admin-language.png\"><img decoding=\"async\" class=\"size-medium wp-image-1163346\" src=\"https:\/\/wpml.org\/wp-content\/uploads\/2013\/09\/wordpress-user-profile-select-admin-language-300x155.png\" alt=\"Ch\u1ecdn ng\u00f4n ng\u1eef qu\u1ea3n tr\u1ecb WordPress t\u00f9y ch\u1ec9nh\" width=\"300\" height=\"155\" srcset=\"https:\/\/wpml.org\/wp-content\/uploads\/2013\/09\/wordpress-user-profile-select-admin-language-300x155.png 300w, https:\/\/wpml.org\/wp-content\/uploads\/2013\/09\/wordpress-user-profile-select-admin-language-150x78.png 150w, https:\/\/wpml.org\/wp-content\/uploads\/2013\/09\/wordpress-user-profile-select-admin-language-768x398.png 768w, https:\/\/wpml.org\/wp-content\/uploads\/2013\/09\/wordpress-user-profile-select-admin-language-1024x530.png 1024w, https:\/\/wpml.org\/wp-content\/uploads\/2013\/09\/wordpress-user-profile-select-admin-language.png 1068w\" sizes=\"(max-width: 300px) 100vw, 300px\" \/><\/a><figcaption id=\"caption-attachment-1163346\" class=\"wp-caption-text\">Ch\u1ecdn ng\u00f4n ng\u1eef qu\u1ea3n tr\u1ecb WordPress t\u00f9y ch\u1ec9nh<\/figcaption><\/figure>\n<p>Ng\u00f4n ng\u1eef ch\u00ednh c\u1ee7a trang web \u0111\u01b0\u1ee3c ch\u1ecdn theo m\u1eb7c \u0111\u1ecbnh. Nh\u1ea5p v\u00e0o tr\u00ecnh \u0111\u01a1n th\u1ea3 xu\u1ed1ng \u0111\u1ec3 xem c\u00e1c ng\u00f4n ng\u1eef c\u00f3 s\u1eb5n kh\u00e1c tr\u00ean trang web.<\/p>\n<h2>Ch\u1ec9nh s\u1eeda n\u1ed9i dung thu\u1eadn ti\u1ec7n cho c\u00e1c trang RTL\/LTR<\/h2>\n<p>Khi b\u1ea1n ch\u1ec9nh s\u1eeda n\u1ed9i dung, \u0111i\u1ec1u quan tr\u1ecdng l\u00e0 ph\u1ea7n qu\u1ea3n tr\u1ecb WordPress ph\u1ea3i \u0111\u01b0\u1ee3c hi\u1ec3n th\u1ecb theo c\u00f9ng m\u1ed9t h\u01b0\u1edbng (t\u1eeb ph\u1ea3i sang tr\u00e1i ho\u1eb7c t\u1eeb tr\u00e1i sang ph\u1ea3i) v\u1edbi n\u1ed9i dung. N\u1ebfu b\u1ea1n \u0111ang ch\u1ec9nh s\u1eeda n\u1ed9i dung RTL (ti\u1ebfng \u1ea2 R\u1eadp, ti\u1ebfng Farsi, ti\u1ebfng Do Th\u00e1i, v.v.) v\u00e0 qu\u1ea3n tr\u1ecb WordPress hi\u1ec3n th\u1ecb b\u1eb1ng ti\u1ebfng Anh th\u00ec vi\u1ec7c ch\u1ec9nh s\u1eeda c\u00f3 th\u1ec3 kh\u00f3 kh\u0103n.<\/p>\n<p>WPML cung c\u1ea5p cho b\u1ea1n t\u00f9y ch\u1ecdn \u0111\u1ec3 k\u00edch ho\u1ea1t t\u00ednh n\u0103ng n\u00e0y tr\u00ean trang <strong>H\u1ed3 s\u01a1<\/strong> .<\/p>\n<figure id=\"attachment_1163352\" aria-describedby=\"caption-attachment-1163352\" style=\"width: 300px\" class=\"wp-caption aligncenter\"><a href=\"https:\/\/wpml.org\/wp-content\/uploads\/2013\/09\/wpml-set-admin-language-as-editing-language.png\"><img decoding=\"async\" class=\"size-medium wp-image-1163352\" src=\"https:\/\/wpml.org\/wp-content\/uploads\/2013\/09\/wpml-set-admin-language-as-editing-language-300x124.png\" alt=\"T\u00f9y ch\u1ecdn \u0111\u1eb7t ng\u00f4n ng\u1eef qu\u1ea3n tr\u1ecb vi\u00ean gi\u1ed1ng v\u1edbi ng\u00f4n ng\u1eef ch\u1ec9nh s\u1eeda\" width=\"300\" height=\"124\" srcset=\"https:\/\/wpml.org\/wp-content\/uploads\/2013\/09\/wpml-set-admin-language-as-editing-language-300x124.png 300w, https:\/\/wpml.org\/wp-content\/uploads\/2013\/09\/wpml-set-admin-language-as-editing-language-150x62.png 150w, https:\/\/wpml.org\/wp-content\/uploads\/2013\/09\/wpml-set-admin-language-as-editing-language-768x316.png 768w, https:\/\/wpml.org\/wp-content\/uploads\/2013\/09\/wpml-set-admin-language-as-editing-language.png 974w\" sizes=\"(max-width: 300px) 100vw, 300px\" \/><\/a><figcaption id=\"caption-attachment-1163352\" class=\"wp-caption-text\">T\u00f9y ch\u1ecdn \u0111\u1eb7t ng\u00f4n ng\u1eef qu\u1ea3n tr\u1ecb vi\u00ean gi\u1ed1ng v\u1edbi ng\u00f4n ng\u1eef ch\u1ec9nh s\u1eeda<\/figcaption><\/figure>\n<p>Trong <strong>ph\u1ea7n c\u00e0i \u0111\u1eb7t ng\u00f4n ng\u1eef WPML ,<\/strong> ch\u1ecdn h\u1ed9p ki\u1ec3m <strong>\u0110\u1eb7t ng\u00f4n ng\u1eef qu\u1ea3n tr\u1ecb vi\u00ean l\u00e0m ng\u00f4n ng\u1eef ch\u1ec9nh s\u1eeda<\/strong> \u0111\u1ec3 t\u1ef1 \u0111\u1ed9ng thay \u0111\u1ed5i ng\u00f4n ng\u1eef qu\u1ea3n tr\u1ecb WordPress , theo ng\u00f4n ng\u1eef c\u1ee7a n\u1ed9i dung. B\u1eb1ng c\u00e1ch n\u00e0y, khi b\u1ea1n ch\u1ec9nh s\u1eeda n\u1ed9i dung ti\u1ebfng Anh, qu\u1ea3n tr\u1ecb vi\u00ean s\u1ebd b\u1eb1ng ti\u1ebfng Anh v\u00e0 s\u1eafp x\u1ebfp t\u1eeb tr\u00e1i sang ph\u1ea3i. Khi b\u1ea1n ch\u1ec9nh s\u1eeda n\u1ed9i dung ti\u1ebfng \u1ea2 R\u1eadp, qu\u1ea3n tr\u1ecb vi\u00ean WordPress s\u1ebd hi\u1ec3n th\u1ecb b\u1eb1ng ti\u1ebfng \u1ea2 R\u1eadp v\u00e0 hi\u1ec3n th\u1ecb t\u1eeb ph\u1ea3i sang tr\u00e1i.<\/p>\n","protected":false},"excerpt":{"rendered":"<p>WordPress gi\u00fap ng\u01b0\u1eddi d\u00f9ng c\u00f3 th\u1ec3 thay \u0111\u1ed5i ng\u00f4n ng\u1eef qu\u1ea3n tr\u1ecb. \u0110i\u1ec1u n\u00e0y cho ph\u00e9p nh\u1eefng ng\u01b0\u1eddi d\u00f9ng kh\u00e1c nhau c\u00f3 h\u1ed3 s\u01a1 tr\u00ean trang web c\u1ee7a b\u1ea1n nh\u00ecn th\u1ea5y qu\u1ea3n tr\u1ecb vi\u00ean WordPress b\u1eb1ng ng\u00f4n ng\u1eef ri\u00eang c\u1ee7a h\u1ecd. Ng\u00f4n ng\u1eef qu\u1ea3n tr\u1ecb vi\u00ean \u0111\u1ed9c l\u1eadp v\u1edbi ng\u00f4n ng\u1eef giao di\u1ec7n ng\u01b0\u1eddi d\u00f9ng [&hellip;]<\/p>\n","protected":false},"author":2,"featured_media":0,"parent":15197865,"menu_order":76,"comment_status":"closed","ping_status":"closed","template":"","meta":{"_bbp_topic_count":0,"_bbp_reply_count":0,"_bbp_total_topic_count":0,"_bbp_total_reply_count":0,"_bbp_voice_count":0,"_bbp_anonymous_reply_count":0,"_bbp_topic_count_hidden":0,"_bbp_reply_count_hidden":0,"_bbp_forum_subforum_count":0,"_uag_custom_page_level_css":"","ep_exclude_from_search":false,"footnotes":""},"related-projects-category":[],"class_list":["post-15654277","page","type-page","status-publish","hentry"],"spectra_custom_meta":{"ratings_users":["0"],"ratings_score":["0"],"ratings_average":["0"],"_subscription_coupon_product_id":["0"],"_wpv_contains_gutenberg_views":[""],"_alp_processed":["1716362539"],"_views_template":["0"],"wpcf-unformatted-code":[""],"_wpml_media_duplicate":["0"],"_wpml_media_featured":["1"],"wpcf-price-increase-show-from":[""],"wpcf-price-increase-show-till":[""],"_wp_page_template":["default"],"_yoast_wpseo_metadesc":["V\u1edbi WPML , ng\u01b0\u1eddi d\u00f9ng WordPress c\u00f3 th\u1ec3 th\u1ea5y b\u1ea3ng qu\u1ea3n tr\u1ecb b\u1eb1ng ng\u00f4n ng\u1eef c\u1ee7a h\u1ecd. Ng\u00f4n ng\u1eef qu\u1ea3n tr\u1ecb vi\u00ean \u0111\u1ed9c l\u1eadp v\u1edbi ng\u00f4n ng\u1eef giao di\u1ec7n ng\u01b0\u1eddi d\u00f9ng c\u1ee7a trang web."],"_last_translation_edit_mode":["translation-editor"],"_uag_css_file_name":["uag-css-15654277.css"],"_uag_page_assets":["a:9:{s:3:\"css\";s:260:\".uag-blocks-common-selector{z-index:var(--z-index-desktop) !important}@media(max-width: 976px){.uag-blocks-common-selector{z-index:var(--z-index-tablet) !important}}@media(max-width: 767px){.uag-blocks-common-selector{z-index:var(--z-index-mobile) !important}}\";s:2:\"js\";s:0:\"\";s:18:\"current_block_list\";a:1:{i:0;s:14:\"core\/shortcode\";}s:8:\"uag_flag\";b:0;s:11:\"uag_version\";s:10:\"1778314769\";s:6:\"gfonts\";a:0:{}s:10:\"gfonts_url\";s:0:\"\";s:12:\"gfonts_files\";a:0:{}s:14:\"uag_faq_layout\";b:0;}"]},"uagb_featured_image_src":{"full":false,"thumbnail":false,"medium":false,"medium_large":false,"large":false,"1536x1536":false,"2048x2048":false,"gform-image-choice-sm":false,"gform-image-choice-md":false,"gform-image-choice-lg":false,"woocommerce_thumbnail":false,"woocommerce_single":false,"woocommerce_gallery_thumbnail":false},"uagb_author_info":{"display_name":"Amir","author_link":"https:\/\/wpml.org\/vi\/author\/amir\/"},"uagb_comment_info":0,"uagb_excerpt":"WordPress gi\u00fap ng\u01b0\u1eddi d\u00f9ng c\u00f3 th\u1ec3 thay \u0111\u1ed5i ng\u00f4n ng\u1eef qu\u1ea3n tr\u1ecb. \u0110i\u1ec1u n\u00e0y cho ph\u00e9p nh\u1eefng ng\u01b0\u1eddi d\u00f9ng kh\u00e1c nhau c\u00f3 h\u1ed3 s\u01a1 tr\u00ean trang web c\u1ee7a b\u1ea1n nh\u00ecn th\u1ea5y qu\u1ea3n tr\u1ecb vi\u00ean WordPress b\u1eb1ng ng\u00f4n ng\u1eef ri\u00eang c\u1ee7a h\u1ecd. Ng\u00f4n ng\u1eef qu\u1ea3n tr\u1ecb vi\u00ean \u0111\u1ed9c l\u1eadp v\u1edbi ng\u00f4n ng\u1eef giao di\u1ec7n ng\u01b0\u1eddi d\u00f9ng&hellip;","_links":{"self":[{"href":"https:\/\/wpml.org\/vi\/wp-json\/wp\/v2\/pages\/15654277","targetHints":{"allow":["GET"]}}],"collection":[{"href":"https:\/\/wpml.org\/vi\/wp-json\/wp\/v2\/pages"}],"about":[{"href":"https:\/\/wpml.org\/vi\/wp-json\/wp\/v2\/types\/page"}],"author":[{"embeddable":true,"href":"https:\/\/wpml.org\/vi\/wp-json\/wp\/v2\/users\/2"}],"replies":[{"embeddable":true,"href":"https:\/\/wpml.org\/vi\/wp-json\/wp\/v2\/comments?post=15654277"}],"version-history":[{"count":1,"href":"https:\/\/wpml.org\/vi\/wp-json\/wp\/v2\/pages\/15654277\/revisions"}],"predecessor-version":[{"id":15654280,"href":"https:\/\/wpml.org\/vi\/wp-json\/wp\/v2\/pages\/15654277\/revisions\/15654280"}],"up":[{"embeddable":true,"href":"https:\/\/wpml.org\/vi\/wp-json\/wp\/v2\/pages\/15197865"}],"wp:attachment":[{"href":"https:\/\/wpml.org\/vi\/wp-json\/wp\/v2\/media?parent=15654277"}],"wp:term":[{"taxonomy":"related-projects-category","embeddable":true,"href":"https:\/\/wpml.org\/vi\/wp-json\/wp\/v2\/related-projects-category?post=15654277"}],"curies":[{"name":"wp","href":"https:\/\/api.w.org\/{rel}","templated":true}]}}