{"id":15654308,"date":"2013-01-02T04:00:52","date_gmt":"2013-01-02T04:00:52","guid":{"rendered":"https:\/\/wpml.org\/huong-dan-bat-dau\/cach-dich-sen-url-bang-wpml\/"},"modified":"2026-03-25T11:08:34","modified_gmt":"2026-03-25T11:08:34","slug":"cach-dich-sen-url-bang-wpml","status":"publish","type":"page","link":"https:\/\/wpml.org\/vi\/tai-lieu-wpml\/huong-dan-bat-dau\/cach-dich-sen-url-bang-wpml\/","title":{"rendered":"C\u00e1ch d\u1ecbch URL Slug v\u1edbi WPML"},"content":{"rendered":"\n<p class=\"lead\">WPML cho ph\u00e9p b\u1ea1n d\u1ecbch c\u00e1c URL slug sang c\u00e1c ng\u00f4n ng\u1eef kh\u00e1c nhau. \u0110i\u1ec1u n\u00e0y bao g\u1ed3m slug cho trang, b\u00e0i vi\u1ebft, c\u00e1c lo\u1ea1i b\u00e0i vi\u1ebft t\u00f9y ch\u1ec9nh v\u00e0 ph\u00e2n lo\u1ea1i (taxonomies). <\/p>\n\n<p>URL slug l\u00e0 m\u1ed9t ph\u1ea7n c\u1ee7a URL d\u00f9ng \u0111\u1ec3 x\u00e1c \u0111\u1ecbnh m\u1ed9t trang c\u1ee5 th\u1ec3 tr\u00ean website. C\u1ea3 c\u00f4ng c\u1ee5 t\u00ecm ki\u1ebfm v\u00e0 ng\u01b0\u1eddi d\u00f9ng \u0111\u1ec1u d\u1ef1a v\u00e0o slug \u0111\u1ec3 hi\u1ec3u ch\u1ee7 \u0111\u1ec1 c\u1ee7a trang, v\u00ec v\u1eady vi\u1ec7c l\u00e0m cho ch\u00fang r\u00f5 r\u00e0ng v\u00e0 d\u1ec5 \u0111\u1ecdc l\u00e0 r\u1ea5t quan tr\u1ecdng.  <\/p>\n\n<figure class=\"wp-block-image tb-image tb-image-dynamic tb-image-frame-none\" data-toolset-blocks-image=\"4bc183fe93b1a7e954618827e8d9e419\"><img decoding=\"async\" width=\"1024\" height=\"604\" loading=\"lazy\" src=\"https:\/\/wpml.org\/wp-content\/uploads\/2024\/06\/URL-with-custom-post-type-and-page-title-slugs-1024x604.png\" alt=\"URL with custom post type and page title slugs\" class=\"wp-image-15705089\" srcset=\"https:\/\/wpml.org\/wp-content\/uploads\/2024\/06\/URL-with-custom-post-type-and-page-title-slugs-1024x604.png 1024w, https:\/\/wpml.org\/wp-content\/uploads\/2024\/06\/URL-with-custom-post-type-and-page-title-slugs-300x177.png 300w, https:\/\/wpml.org\/wp-content\/uploads\/2024\/06\/URL-with-custom-post-type-and-page-title-slugs-150x88.png 150w, https:\/\/wpml.org\/wp-content\/uploads\/2024\/06\/URL-with-custom-post-type-and-page-title-slugs-768x453.png 768w, https:\/\/wpml.org\/wp-content\/uploads\/2024\/06\/URL-with-custom-post-type-and-page-title-slugs.png 1063w\" sizes=\"auto, (max-width: 1024px) 100vw, 1024px\" \/><figcaption><div class=\"tb-image-caption\">URL v\u1edbi lo\u1ea1i b\u00e0i vi\u1ebft t\u00f9y ch\u1ec9nh v\u00e0 slug ti\u00eau \u0111\u1ec1 trang<\/div><\/figcaption><\/figure>\n\n<h2 class=\"tb-heading\" data-toolset-blocks-heading=\"3a94a5f5ac99f0c5642cb0af3ba9a028\" data-last-update=\"1.4\">B\u1eaft \u0111\u1ea7u<\/h2>\n\n<p>\u0110\u1ec3 d\u1ecbch URL slug v\u1edbi WPML, h\u00e3y c\u00e0i \u0111\u1eb7t v\u00e0 k\u00edch ho\u1ea1t: <\/p>\n\n<ul class=\"wp-block-list\">\n<li>WPML<\/li>\n\n\n\n<li>WPML String Translation<\/li>\n<\/ul>\n\n<div style=\"height:10px\" aria-hidden=\"true\" class=\"wp-block-spacer\"><\/div>\n\n<h2 class=\"wp-block-heading\" id=\"translate-custom-post-type-url-slug\">D\u1ecbch URL Slug c\u1ee7a c\u00e1c lo\u1ea1i b\u00e0i vi\u1ebft t\u00f9y ch\u1ec9nh <\/h2>\n\n<p>\u0110\u1ec3 d\u1ecbch URL slug c\u1ee7a lo\u1ea1i b\u00e0i vi\u1ebft t\u00f9y ch\u1ec9nh:<\/p>\n\n<ol class=\"wp-block-list\">\n<li>\u0110i t\u1edbi <strong>WPML<\/strong> \u2192 <strong>C\u00e0i \u0111\u1eb7t<\/strong>. <\/li>\n\n\n\n<li>Cu\u1ed9n xu\u1ed1ng ph\u1ea7n <strong>D\u1ecbch Slug<\/strong> v\u00e0 \u0111\u00e1nh d\u1ea5u v\u00e0o \u00f4 ki\u1ec3m.<\/li>\n\n\n\n<li>Sau \u0111\u00f3, cu\u1ed9n xu\u1ed1ng ph\u1ea7n <strong>D\u1ecbch lo\u1ea1i b\u00e0i vi\u1ebft<\/strong> v\u00e0 thi\u1ebft l\u1eadp lo\u1ea1i b\u00e0i vi\u1ebft t\u00f9y ch\u1ec9nh c\u1ee7a b\u1ea1n th\u00e0nh <strong>C\u00f3 th\u1ec3 d\u1ecbch \u0111\u01b0\u1ee3c \u2013 ch\u1ec9 hi\u1ec3n th\u1ecb c\u00e1c m\u1ee5c \u0111\u00e3 d\u1ecbch<\/strong>. Nh\u1ea5p v\u00e0o n\u00fat <strong>L\u01b0u<\/strong> \u1edf cu\u1ed1i ph\u1ea7n n\u00e0y. <\/li>\n<\/ol>\n\n<figure class=\"wp-block-image tb-image tb-image-dynamic tb-image-frame-none\" data-toolset-blocks-image=\"5c7c8b54c2308ab9542a43fa73a87275\"><a href=\"https:\/\/wpml.org\/wp-content\/uploads\/2024\/06\/Setting-custom-post-type-to-Translatable.png\"><img decoding=\"async\" width=\"1024\" height=\"589\" loading=\"lazy\" src=\"https:\/\/wpml.org\/wp-content\/uploads\/2024\/06\/Setting-custom-post-type-to-Translatable-1024x589.png\" alt=\"Setting custom post type to Translatable\" class=\"wp-image-15705132\" srcset=\"https:\/\/wpml.org\/wp-content\/uploads\/2024\/06\/Setting-custom-post-type-to-Translatable-1024x589.png 1024w, https:\/\/wpml.org\/wp-content\/uploads\/2024\/06\/Setting-custom-post-type-to-Translatable-300x173.png 300w, https:\/\/wpml.org\/wp-content\/uploads\/2024\/06\/Setting-custom-post-type-to-Translatable-150x86.png 150w, https:\/\/wpml.org\/wp-content\/uploads\/2024\/06\/Setting-custom-post-type-to-Translatable-768x442.png 768w, https:\/\/wpml.org\/wp-content\/uploads\/2024\/06\/Setting-custom-post-type-to-Translatable-1536x884.png 1536w, https:\/\/wpml.org\/wp-content\/uploads\/2024\/06\/Setting-custom-post-type-to-Translatable.png 1600w\" sizes=\"auto, (max-width: 1024px) 100vw, 1024px\" \/><\/a><figcaption><div class=\"tb-image-caption\">Thi\u1ebft l\u1eadp lo\u1ea1i b\u00e0i vi\u1ebft t\u00f9y ch\u1ec9nh th\u00e0nh C\u00f3 th\u1ec3 d\u1ecbch \u0111\u01b0\u1ee3c<\/div><\/figcaption><\/figure>\n\n<ol start=\"4\" class=\"wp-block-list\">\n<li>Sau khi trang t\u1ea3i l\u1ea1i, h\u00e3y cu\u1ed9n \u0111\u1ebfn lo\u1ea1i b\u00e0i vi\u1ebft c\u1ee7a b\u1ea1n v\u00e0 ngay b\u00ean d\u01b0\u1edbi n\u00f3, h\u00e3y m\u1edf r\u1ed9ng ph\u1ea7n thi\u1ebft l\u1eadp c\u00e1c slug kh\u00e1c nhau. Nh\u1eadp b\u1ea3n d\u1ecbch cho c\u00e1c slug c\u1ee7a lo\u1ea1i b\u00e0i vi\u1ebft v\u00e0 nh\u1ea5p v\u00e0o n\u00fat <strong>L\u01b0u<\/strong> \u1edf cu\u1ed1i ph\u1ea7n lo\u1ea1i b\u00e0i vi\u1ebft. <\/li>\n<\/ol>\n\n<figure class=\"wp-block-image tb-image tb-image-dynamic tb-image-frame-none\" data-toolset-blocks-image=\"1192727ace559ec9240dd56f3ec1cabd\"><a href=\"https:\/\/wpml.org\/wp-content\/uploads\/2024\/06\/Translating-slugs-for-custom-post-types.png\"><img decoding=\"async\" width=\"1024\" height=\"589\" loading=\"lazy\" src=\"https:\/\/wpml.org\/wp-content\/uploads\/2024\/06\/Translating-slugs-for-custom-post-types-1024x589.png\" alt=\"Translating slugs for custom post types\" class=\"wp-image-15705146\" srcset=\"https:\/\/wpml.org\/wp-content\/uploads\/2024\/06\/Translating-slugs-for-custom-post-types-1024x589.png 1024w, https:\/\/wpml.org\/wp-content\/uploads\/2024\/06\/Translating-slugs-for-custom-post-types-300x173.png 300w, https:\/\/wpml.org\/wp-content\/uploads\/2024\/06\/Translating-slugs-for-custom-post-types-150x86.png 150w, https:\/\/wpml.org\/wp-content\/uploads\/2024\/06\/Translating-slugs-for-custom-post-types-768x442.png 768w, https:\/\/wpml.org\/wp-content\/uploads\/2024\/06\/Translating-slugs-for-custom-post-types-1536x884.png 1536w, https:\/\/wpml.org\/wp-content\/uploads\/2024\/06\/Translating-slugs-for-custom-post-types.png 1600w\" sizes=\"auto, (max-width: 1024px) 100vw, 1024px\" \/><\/a><figcaption><div class=\"tb-image-caption\">D\u1ecbch slug cho c\u00e1c lo\u1ea1i b\u00e0i vi\u1ebft t\u00f9y ch\u1ec9nh<\/div><\/figcaption><\/figure>\n\n<p>C\u00e1c slug c\u1ee7a lo\u1ea1i b\u00e0i vi\u1ebft t\u00f9y ch\u1ec9nh hi\u1ec7n s\u1ebd hi\u1ec3n th\u1ecb \u0111\u00e3 \u0111\u01b0\u1ee3c d\u1ecbch trong URL. <\/p>\n\n<div class=\"wp-block-toolset-blocks-grid tb-grid\" data-toolset-blocks-grid=\"3d9c399fe625e1b972f817a0680229f6\">\n<div class=\"wp-block-toolset-blocks-grid-column tb-grid-column tb-grid-align-top\" data-toolset-blocks-grid-column=\"3034fbe886c11054e95b46b09d3e4112\">\n<figure class=\"wp-block-image tb-image tb-image-dynamic tb-image-frame-none\" data-toolset-blocks-image=\"862ab5c3717b5fcafb003929ec5f0f70\"><a href=\"https:\/\/wpml.org\/wp-content\/uploads\/2024\/06\/Custom-post-type-in-English.png\"><img decoding=\"async\" width=\"1024\" height=\"577\" loading=\"lazy\" src=\"https:\/\/wpml.org\/wp-content\/uploads\/2024\/06\/Custom-post-type-in-English-1024x577.png\" alt=\"Custom post type in English\" class=\"wp-image-15705162\" srcset=\"https:\/\/wpml.org\/wp-content\/uploads\/2024\/06\/Custom-post-type-in-English-1024x577.png 1024w, https:\/\/wpml.org\/wp-content\/uploads\/2024\/06\/Custom-post-type-in-English-300x169.png 300w, https:\/\/wpml.org\/wp-content\/uploads\/2024\/06\/Custom-post-type-in-English-150x84.png 150w, https:\/\/wpml.org\/wp-content\/uploads\/2024\/06\/Custom-post-type-in-English-768x432.png 768w, https:\/\/wpml.org\/wp-content\/uploads\/2024\/06\/Custom-post-type-in-English.png 1119w\" sizes=\"auto, (max-width: 1024px) 100vw, 1024px\" \/><\/a><figcaption><div class=\"tb-image-caption\">Lo\u1ea1i b\u00e0i vi\u1ebft t\u00f9y ch\u1ec9nh b\u1eb1ng ti\u1ebfng Anh<\/div><\/figcaption><\/figure>\n<\/div>\n\n\n\n<div class=\"wp-block-toolset-blocks-grid-column tb-grid-column tb-grid-align-top\" data-toolset-blocks-grid-column=\"3034fbe886c11054e95b46b09d3e4112\">\n<figure class=\"wp-block-image tb-image tb-image-dynamic tb-image-frame-none\" data-toolset-blocks-image=\"b6d8dca290b8348118a4e2bebaf16589\"><a href=\"https:\/\/wpml.org\/wp-content\/uploads\/2024\/06\/Custom-post-type-in-Spanish.png\"><img decoding=\"async\" width=\"1024\" height=\"577\" loading=\"lazy\" src=\"https:\/\/wpml.org\/wp-content\/uploads\/2024\/06\/Custom-post-type-in-Spanish-1024x577.png\" alt=\"Custom post type in Spanish\" class=\"wp-image-15705176\" srcset=\"https:\/\/wpml.org\/wp-content\/uploads\/2024\/06\/Custom-post-type-in-Spanish-1024x577.png 1024w, https:\/\/wpml.org\/wp-content\/uploads\/2024\/06\/Custom-post-type-in-Spanish-300x169.png 300w, https:\/\/wpml.org\/wp-content\/uploads\/2024\/06\/Custom-post-type-in-Spanish-150x84.png 150w, https:\/\/wpml.org\/wp-content\/uploads\/2024\/06\/Custom-post-type-in-Spanish-768x432.png 768w, https:\/\/wpml.org\/wp-content\/uploads\/2024\/06\/Custom-post-type-in-Spanish.png 1119w\" sizes=\"auto, (max-width: 1024px) 100vw, 1024px\" \/><\/a><figcaption><div class=\"tb-image-caption\">Lo\u1ea1i b\u00e0i vi\u1ebft t\u00f9y ch\u1ec9nh b\u1eb1ng ti\u1ebfng T\u00e2y Ban Nha<\/div><\/figcaption><\/figure>\n<\/div>\n<\/div>\n\n<h2 class=\"wp-block-heading\" id=\"translate-page-post-url-slug\">D\u1ecbch URL Slug c\u1ee7a Trang v\u00e0 B\u00e0i vi\u1ebft<\/h2>\n\n<p>Theo m\u1eb7c \u0111\u1ecbnh, khi b\u1ea1n g\u1eedi trang v\u00e0 b\u00e0i vi\u1ebft \u0111\u1ec3 d\u1ecbch, WPML s\u1ebd t\u1ef1 \u0111\u1ed9ng d\u1ecbch URL slug c\u1ee7a ch\u00fang b\u1eb1ng c\u00e1ch s\u1eed d\u1ee5ng ti\u00eau \u0111\u1ec1. <\/p>\n\n<p>V\u00ed d\u1ee5: khi d\u1ecbch m\u1ed9t trang c\u00f3 ti\u00eau \u0111\u1ec1 &#8216;Mixed Berry Smoothie&#8217; sang ti\u1ebfng T\u00e2y Ban Nha, WPML s\u1ebd s\u1eed d\u1ee5ng ti\u00eau \u0111\u1ec1 trang m\u1edbi, &#8216;Batido de Bayas Mixtas&#8217;, khi t\u1ea1o URL:<\/p>\n<div class=\"wp-block-syntaxhighlighter-code \"><pre class=\"brush: xml; title: ; notranslate\" title=\"\">\nsmooothy.com\/es\/receta\/batido-de-bayas-mixtas\/\n<\/pre><\/div>\n<div style=\"height:15px\" aria-hidden=\"true\" class=\"wp-block-spacer\"><\/div>\n\n<p>N\u1ebfu mu\u1ed1n ki\u1ec3m so\u00e1t nhi\u1ec1u h\u01a1n, b\u1ea1n c\u0169ng c\u00f3 th\u1ec3 t\u1ef1 m\u00ecnh d\u1ecbch c\u00e1c slug:<\/p>\n\n<ol class=\"wp-block-list\">\n<li>\u0110i t\u1edbi <strong>WPML <\/strong>\u2192 <strong>C\u00e0i \u0111\u1eb7t<\/strong> v\u00e0 cu\u1ed9n xu\u1ed1ng <strong>T\u00f9y ch\u1ecdn t\u00e0i li\u1ec7u \u0111\u00e3 d\u1ecbch<\/strong>.<\/li>\n\n\n\n<li>Trong <strong>URL trang<\/strong> , ch\u1ecdn t\u00f9y ch\u1ecdn <strong>D\u1ecbch<\/strong> v\u00e0 l\u01b0u.<\/li>\n<\/ol>\n\n<figure class=\"wp-block-image tb-image tb-image-dynamic tb-image-frame-none\" data-toolset-blocks-image=\"d8f67a73ca31d5ff29c6b6e7dbeb3f19\"><a href=\"https:\/\/wpml.org\/wp-content\/uploads\/2024\/06\/Setting-the-option-to-Translate-the-page-URL.png\"><img decoding=\"async\" width=\"1024\" height=\"596\" loading=\"lazy\" src=\"https:\/\/wpml.org\/wp-content\/uploads\/2024\/06\/Setting-the-option-to-Translate-the-page-URL-1024x596.png\" alt=\"Setting the option to Translate the page URL\" class=\"wp-image-15705205\" srcset=\"https:\/\/wpml.org\/wp-content\/uploads\/2024\/06\/Setting-the-option-to-Translate-the-page-URL-1024x596.png 1024w, https:\/\/wpml.org\/wp-content\/uploads\/2024\/06\/Setting-the-option-to-Translate-the-page-URL-300x175.png 300w, https:\/\/wpml.org\/wp-content\/uploads\/2024\/06\/Setting-the-option-to-Translate-the-page-URL-150x87.png 150w, https:\/\/wpml.org\/wp-content\/uploads\/2024\/06\/Setting-the-option-to-Translate-the-page-URL-768x447.png 768w, https:\/\/wpml.org\/wp-content\/uploads\/2024\/06\/Setting-the-option-to-Translate-the-page-URL.png 1536w\" sizes=\"auto, (max-width: 1024px) 100vw, 1024px\" \/><\/a><figcaption><div class=\"tb-image-caption\">Thi\u1ebft l\u1eadp t\u00f9y ch\u1ecdn D\u1ecbch URL trang<\/div><\/figcaption><\/figure>\n\n<p>Gi\u1edd \u0111\u00e2y, b\u1ea1n c\u00f3 th\u1ec3 d\u1ecbch URL slug khi ch\u1ec9nh s\u1eeda c\u00e1c trang trong Tr\u00ecnh bi\u00ean d\u1ecbch n\u00e2ng cao. <\/p>\n\n<figure class=\"wp-block-image tb-image tb-image-dynamic tb-image-frame-none\" data-toolset-blocks-image=\"abdb39ea76e96571860273eca92ae4fe\"><a href=\"https:\/\/wpml.org\/wp-content\/uploads\/2025\/01\/Translating-URL-in-ATE-1.png\"><img decoding=\"async\" width=\"1024\" height=\"782\" loading=\"lazy\" src=\"https:\/\/wpml.org\/wp-content\/uploads\/2025\/01\/Translating-URL-in-ATE-1-1024x782.png\" alt=\"Translating URL in ATE\" class=\"wp-image-16646918\" srcset=\"https:\/\/wpml.org\/wp-content\/uploads\/2025\/01\/Translating-URL-in-ATE-1-1024x782.png 1024w, https:\/\/wpml.org\/wp-content\/uploads\/2025\/01\/Translating-URL-in-ATE-1-300x229.png 300w, https:\/\/wpml.org\/wp-content\/uploads\/2025\/01\/Translating-URL-in-ATE-1-150x114.png 150w, https:\/\/wpml.org\/wp-content\/uploads\/2025\/01\/Translating-URL-in-ATE-1-768x586.png 768w, https:\/\/wpml.org\/wp-content\/uploads\/2025\/01\/Translating-URL-in-ATE-1-1536x1172.png 1536w, https:\/\/wpml.org\/wp-content\/uploads\/2025\/01\/Translating-URL-in-ATE-1.png 1707w\" sizes=\"auto, (max-width: 1024px) 100vw, 1024px\" \/><\/a><figcaption><div class=\"tb-image-caption\">D\u1ecbch URL slug c\u1ee7a trang trong Tr\u00ecnh bi\u00ean d\u1ecbch n\u00e2ng cao<\/div><\/figcaption><\/figure>\n\n<h2 class=\"wp-block-heading\" id=\"translate-taxonomy-url-slugs\">D\u1ecbch URL Slug c\u1ee7a Ph\u00e2n lo\u1ea1i<\/h2>\n\n<p>\u0110\u1ec3 d\u1ecbch URL slug c\u1ee7a ph\u00e2n lo\u1ea1i, h\u00e3y l\u00e0m theo <a href=\"https:\/\/wpml.org\/vi\/tai-lieu-wpml\/huong-dan-bat-dau\/dich-danh-muc-bai-dang-the-va-phan-loai-tuy-chinh\/\">h\u01b0\u1edbng d\u1eabn d\u1ecbch ph\u00e2n lo\u1ea1i<\/a> c\u1ee7a ch\u00fang t\u00f4i. <\/p>\n\n<h2 class=\"wp-block-heading\" id=\"copy-url\">Sao ch\u00e9p URL sang ng\u00f4n ng\u1eef th\u1ee9 c\u1ea5p<\/h2>\n\n<p>Ngo\u00e0i vi\u1ec7c d\u1ecbch URL slug, WPML c\u00f2n cho ph\u00e9p b\u1ea1n &#8216;sao ch\u00e9p&#8217; slug sang c\u00e1c ng\u00f4n ng\u1eef ph\u1ee5. <\/p>\n\n<div class=\"wp-block-toolset-blocks-grid tb-grid\" data-toolset-blocks-grid=\"3d9c399fe625e1b972f817a0680229f6\">\n<div class=\"wp-block-toolset-blocks-grid-column tb-grid-column tb-grid-align-top\" data-toolset-blocks-grid-column=\"3034fbe886c11054e95b46b09d3e4112\">\n<figure class=\"wp-block-image tb-image tb-image-dynamic tb-image-frame-none\" data-toolset-blocks-image=\"08c3923f15ea66a8c440d76a509e389c\"><a href=\"https:\/\/wpml.org\/wp-content\/uploads\/2024\/08\/Smoothie-recipe-in-English.png\"><img decoding=\"async\" width=\"1024\" height=\"577\" loading=\"lazy\" src=\"https:\/\/wpml.org\/wp-content\/uploads\/2024\/08\/Smoothie-recipe-in-English-1024x577.png\" alt=\"Smoothie recipe in English\" class=\"wp-image-16034826\" srcset=\"https:\/\/wpml.org\/wp-content\/uploads\/2024\/08\/Smoothie-recipe-in-English-1024x577.png 1024w, https:\/\/wpml.org\/wp-content\/uploads\/2024\/08\/Smoothie-recipe-in-English-300x169.png 300w, https:\/\/wpml.org\/wp-content\/uploads\/2024\/08\/Smoothie-recipe-in-English-150x84.png 150w, https:\/\/wpml.org\/wp-content\/uploads\/2024\/08\/Smoothie-recipe-in-English-768x432.png 768w, https:\/\/wpml.org\/wp-content\/uploads\/2024\/08\/Smoothie-recipe-in-English.png 1119w\" sizes=\"auto, (max-width: 1024px) 100vw, 1024px\" \/><\/a><figcaption><div class=\"tb-image-caption\">C\u00f4ng th\u1ee9c l\u00e0m sinh t\u1ed1 b\u1eb1ng ti\u1ebfng Anh<\/div><\/figcaption><\/figure>\n<\/div>\n\n\n\n<div class=\"wp-block-toolset-blocks-grid-column tb-grid-column tb-grid-align-top\" data-toolset-blocks-grid-column=\"3034fbe886c11054e95b46b09d3e4112\">\n<figure class=\"wp-block-image tb-image tb-image-dynamic tb-image-frame-none\" data-toolset-blocks-image=\"897e18ef1a1ec71d6959103dcd836f31\"><a href=\"https:\/\/wpml.org\/wp-content\/uploads\/2024\/08\/Smoothie-recipe-in-Chinese.png\"><img decoding=\"async\" width=\"1024\" height=\"577\" loading=\"lazy\" src=\"https:\/\/wpml.org\/wp-content\/uploads\/2024\/08\/Smoothie-recipe-in-Chinese-1024x577.png\" alt=\"Smoothie recipe in Chinese\" class=\"wp-image-16034840\" srcset=\"https:\/\/wpml.org\/wp-content\/uploads\/2024\/08\/Smoothie-recipe-in-Chinese-1024x577.png 1024w, https:\/\/wpml.org\/wp-content\/uploads\/2024\/08\/Smoothie-recipe-in-Chinese-300x169.png 300w, https:\/\/wpml.org\/wp-content\/uploads\/2024\/08\/Smoothie-recipe-in-Chinese-150x84.png 150w, https:\/\/wpml.org\/wp-content\/uploads\/2024\/08\/Smoothie-recipe-in-Chinese-768x432.png 768w, https:\/\/wpml.org\/wp-content\/uploads\/2024\/08\/Smoothie-recipe-in-Chinese.png 1119w\" sizes=\"auto, (max-width: 1024px) 100vw, 1024px\" \/><\/a><figcaption><div class=\"tb-image-caption\">C\u00f4ng th\u1ee9c l\u00e0m sinh t\u1ed1 b\u1eb1ng ti\u1ebfng Trung<\/div><\/figcaption><\/figure>\n<\/div>\n<\/div>\n\n<p>\u0110i\u1ec1u n\u00e0y h\u1eefu \u00edch khi website c\u1ee7a b\u1ea1n c\u00f3 c\u00e1c ng\u00f4n ng\u1eef kh\u00f4ng thu\u1ed9c b\u1ea3ng m\u00e3 ASCII (v\u00ed d\u1ee5: ti\u1ebfng Trung, ti\u1ebfng Nh\u1eadt, ti\u1ebfng \u1ea2 R\u1eadp) v\u00e0 b\u1ea1n mu\u1ed1n tr\u00e1nh l\u00e0m cho URL c\u1ee7a m\u00ecnh tr\u00f4ng gi\u1ed1ng nh\u01b0 th\u01b0 r\u00e1c khi \u0111\u01b0\u1ee3c chia s\u1ebb tr\u00ean m\u1ea1ng. V\u00ed d\u1ee5: URL ti\u1ebfng Trung sau \u0111\u00e2y s\u1ebd tr\u00f4ng nh\u01b0 th\u1ebf n\u00e0y khi \u0111\u01b0\u1ee3c sao ch\u00e9p-d\u00e1n: <\/p>\n\n<div style=\"height:20px\" aria-hidden=\"true\" class=\"wp-block-spacer\"><\/div>\n\n<p>example.com\/\u716e\u996d\/ \u2192 example.com\/ %E7% 85 %AE% E9 %A5% AD\/<\/p>\n\n<div style=\"height:20px\" aria-hidden=\"true\" class=\"wp-block-spacer\"><\/div>\n\n<p>\u0110\u1ec3 l\u00e0m cho URL c\u1ee7a b\u1ea1n tr\u00f4ng \u0111\u1eb9p h\u01a1n, b\u1ea1n c\u00f3 th\u1ec3 sao ch\u00e9p c\u00e1c URL slug g\u1ed1c sang c\u00e1c ng\u00f4n ng\u1eef kh\u00e1c:<\/p>\n\n<ol class=\"wp-block-list\">\n<li>\u0110i t\u1edbi <strong>WPML <\/strong>\u2192 <strong>languages<\/strong>.<\/li>\n\n\n\n<li>Trong <strong>Ng\u00f4n ng\u1eef trang web<\/strong> , h\u00e3y nh\u1ea5p v\u00e0o li\u00ean k\u1ebft <strong>Ch\u1ec9nh s\u1eeda ng\u00f4n ng\u1eef<\/strong> .  <\/li>\n\n\n\n<li>Trong b\u1ea3ng, h\u00e3y \u0111\u1eb7t gi\u00e1 tr\u1ecb <strong>M\u00e3 h\u00f3a URL <\/strong>th\u00e0nh <strong>C\u00f3<\/strong> trong ng\u00f4n ng\u1eef m\u00e0 b\u1ea1n mu\u1ed1n sao ch\u00e9p slug sang. Nh\u1ea5p v\u00e0o <strong>\u0111\u1ec3 l\u01b0u<\/strong> .<\/li>\n<\/ol>\n\n<figure class=\"wp-block-image tb-image tb-image-dynamic tb-image-frame-none\" data-toolset-blocks-image=\"7c3529241fe0ca56d92f4aed75fa832e\"><a href=\"https:\/\/wpml.org\/wp-content\/uploads\/2024\/08\/Encoding-URLs-for-Chinese-1.png\"><img decoding=\"async\" width=\"1024\" height=\"606\" loading=\"lazy\" src=\"https:\/\/wpml.org\/wp-content\/uploads\/2024\/08\/Encoding-URLs-for-Chinese-1-1024x606.png\" alt=\"\" class=\"wp-image-16034896\" srcset=\"https:\/\/wpml.org\/wp-content\/uploads\/2024\/08\/Encoding-URLs-for-Chinese-1-1024x606.png 1024w, https:\/\/wpml.org\/wp-content\/uploads\/2024\/08\/Encoding-URLs-for-Chinese-1-300x178.png 300w, https:\/\/wpml.org\/wp-content\/uploads\/2024\/08\/Encoding-URLs-for-Chinese-1-150x89.png 150w, https:\/\/wpml.org\/wp-content\/uploads\/2024\/08\/Encoding-URLs-for-Chinese-1-768x454.png 768w, https:\/\/wpml.org\/wp-content\/uploads\/2024\/08\/Encoding-URLs-for-Chinese-1-1536x909.png 1536w, https:\/\/wpml.org\/wp-content\/uploads\/2024\/08\/Encoding-URLs-for-Chinese-1-2048x1212.png 2048w\" sizes=\"auto, (max-width: 1024px) 100vw, 1024px\" \/><\/a><figcaption><div class=\"tb-image-caption\">M\u00e3 h\u00f3a URL cho ti\u1ebfng Trung<\/div><\/figcaption><\/figure>\n\n<ol start=\"4\" class=\"wp-block-list\">\n<li>Ti\u1ebfp theo, \u0111i t\u1edbi <strong>WPML <\/strong>\u2192 <strong>C\u00e0i \u0111\u1eb7t<\/strong>.<\/li>\n\n\n\n<li>Trong <strong>t\u00f9y ch\u1ecdn T\u00e0i li\u1ec7u \u0111\u00e3 d\u1ecbch<\/strong> , h\u00e3y \u0111\u1eb7t <strong>URL trang th\u00e0nh<\/strong> <strong>Sao ch\u00e9p t\u1eeb ng\u00f4n ng\u1eef g\u1ed1c<\/strong> v\u00e0 l\u01b0u.  <\/li>\n<\/ol>\n\n<p>C\u00e1c URL slug c\u1ee7a b\u1ea1n gi\u1edd \u0111\u00e2y s\u1ebd \u0111\u01b0\u1ee3c sao ch\u00e9p sang ng\u00f4n ng\u1eef ph\u1ee5 (\u0111\u00e3 m\u00e3 h\u00f3a) khi b\u1ea1n d\u1ecbch n\u1ed9i dung. <\/p>\n\n<h2 class=\"wp-block-heading\" id=\"get-started\">B\u1eaft \u0111\u1ea7u v\u1edbi WPML<\/h2>\n\n<p>\u0110\u1ec3 d\u1ecbch URL slug v\u1edbi WPML, b\u1ea1n c\u1ea7n lo\u1ea1i t\u00e0i kho\u1ea3n Multilingual CMS ho\u1eb7c Multilingual Agency. <\/p>\n\n<p>Truy c\u1eadp <a href=\"https:\/\/wpml.org\/vi\/gia-wpml\/\">trang gi\u00e1<\/a> c\u1ee7a ch\u00fang t\u00f4i \u0111\u1ec3 t\u00ecm hi\u1ec3u th\u00eam v\u1ec1 c\u00e1c g\u00f3i d\u1ecbch v\u1ee5.<\/p>\n","protected":false},"excerpt":{"rendered":"<p>WPML cho ph\u00e9p b\u1ea1n d\u1ecbch c\u00e1c URL slug sang c\u00e1c ng\u00f4n ng\u1eef kh\u00e1c nhau. \u0110i\u1ec1u n\u00e0y bao g\u1ed3m slug cho trang, b\u00e0i vi\u1ebft, c\u00e1c lo\u1ea1i b\u00e0i vi\u1ebft t\u00f9y ch\u1ec9nh v\u00e0 ph\u00e2n lo\u1ea1i (taxonomies). URL slug l\u00e0 m\u1ed9t ph\u1ea7n c\u1ee7a URL d\u00f9ng \u0111\u1ec3 x\u00e1c \u0111\u1ecbnh m\u1ed9t trang c\u1ee5 th\u1ec3 tr\u00ean website. C\u1ea3 c\u00f4ng c\u1ee5 t\u00ecm ki\u1ebfm [&hellip;]<\/p>\n","protected":false},"author":2,"featured_media":0,"parent":14527667,"menu_order":56,"comment_status":"closed","ping_status":"closed","template":"template-sidebar-2.php","meta":{"_bbp_topic_count":0,"_bbp_reply_count":0,"_bbp_total_topic_count":0,"_bbp_total_reply_count":0,"_bbp_voice_count":0,"_bbp_anonymous_reply_count":0,"_bbp_topic_count_hidden":0,"_bbp_reply_count_hidden":0,"_bbp_forum_subforum_count":0,"ep_exclude_from_search":false,"footnotes":""},"related-projects-category":[],"class_list":["post-15654308","page","type-page","status-publish","hentry"],"_links":{"self":[{"href":"https:\/\/wpml.org\/vi\/wp-json\/wp\/v2\/pages\/15654308","targetHints":{"allow":["GET"]}}],"collection":[{"href":"https:\/\/wpml.org\/vi\/wp-json\/wp\/v2\/pages"}],"about":[{"href":"https:\/\/wpml.org\/vi\/wp-json\/wp\/v2\/types\/page"}],"author":[{"embeddable":true,"href":"https:\/\/wpml.org\/vi\/wp-json\/wp\/v2\/users\/2"}],"replies":[{"embeddable":true,"href":"https:\/\/wpml.org\/vi\/wp-json\/wp\/v2\/comments?post=15654308"}],"version-history":[{"count":6,"href":"https:\/\/wpml.org\/vi\/wp-json\/wp\/v2\/pages\/15654308\/revisions"}],"predecessor-version":[{"id":17925895,"href":"https:\/\/wpml.org\/vi\/wp-json\/wp\/v2\/pages\/15654308\/revisions\/17925895"}],"up":[{"embeddable":true,"href":"https:\/\/wpml.org\/vi\/wp-json\/wp\/v2\/pages\/14527667"}],"wp:attachment":[{"href":"https:\/\/wpml.org\/vi\/wp-json\/wp\/v2\/media?parent=15654308"}],"wp:term":[{"taxonomy":"related-projects-category","embeddable":true,"href":"https:\/\/wpml.org\/vi\/wp-json\/wp\/v2\/related-projects-category?post=15654308"}],"curies":[{"name":"wp","href":"https:\/\/api.w.org\/{rel}","templated":true}]}}