{"id":15654431,"date":"2009-05-08T00:41:34","date_gmt":"2009-05-08T00:41:34","guid":{"rendered":"https:\/\/wpml.org\/thong-tin-nha-phat-trien\/"},"modified":"2025-11-03T11:30:45","modified_gmt":"2025-11-03T11:30:45","slug":"thong-tin-nha-phat-trien","status":"publish","type":"page","link":"https:\/\/wpml.org\/vi\/tai-lieu-wpml\/thong-tin-nha-phat-trien\/","title":{"rendered":"Th\u00f4ng tin cho nh\u00e0 ph\u00e1t tri\u1ec3n"},"content":{"rendered":"\n<p class=\"lead\">WPML cho ph\u00e9p b\u1ea1n v\u1eadn h\u00e0nh m\u1ed9t trang WordPress b\u1eb1ng nhi\u1ec1u ng\u00f4n ng\u1eef.<\/p>\n\n<p>Vi\u1ec7c thi\u1ebft l\u1eadp c\u01a1 b\u1ea3n c\u1ee7a WPML ch\u1ec9 m\u1ea5t v\u00e0i ph\u00fat v\u00e0 gi\u00fap b\u1ea1n chu\u1ea9n b\u1ecb trang web c\u1ee7a m\u00ecnh \u0111\u1ec3 tr\u1edf th\u00e0nh \u0111a ng\u00f4n ng\u1eef. Sau \u0111\u00f3, b\u1ea1n c\u00f3 th\u1ec3 t\u00f9y ch\u1ec9nh h\u00e0nh vi v\u00e0 giao di\u1ec7n c\u1ee7a trang web \u0111\u1ec3 ph\u00f9 h\u1ee3p v\u1edbi y\u00eau c\u1ea7u c\u1ee5 th\u1ec3 c\u1ee7a b\u1ea1n. <\/p>\n\n<h2 class=\"wp-block-heading\">1) Chuy\u1ec3n \u0111\u1ed5i trang web \u0111\u01a1n ng\u00f4n ng\u1eef c\u1ee7a b\u1ea1n th\u00e0nh trang web \u0111a ng\u00f4n ng\u1eef<\/h2>\n\n<div class=\"wp-block-toolset-blocks-container tb-container\" data-toolset-blocks-container=\"fba9754e5043c28e03bff60537062a61\">\n<p>Nhi\u1ec7m v\u1ee5 n\u00e0y s\u1ebd d\u1ec5 d\u00e0ng h\u01a1n v\u1edbi s\u1ef1 tr\u1ee3 gi\u00fap c\u1ee7a c\u00e1c h\u01b0\u1edbng d\u1eabn sau:<\/p>\n\n\n\n<ul class=\"wp-block-list\">\n<li><a href=\"https:\/\/ptc.wpml.org\/documentation\/translate-wordpress-themes-and-plugins-with-ai\/\" target=\"_blank\" rel=\"noreferrer noopener\">Chu\u1ea9n b\u1ecb v\u00e0 d\u1ecbch c\u00e1c ch\u1ee7 \u0111\u1ec1 v\u00e0 plugin WordPress b\u1eb1ng AI<\/a><\/li>\n\n\n\n<li><a href=\"https:\/\/wpml.org\/documentation\/support\/achieving-wpml-compatibility-for-your-themes-and-plugins\/\">\u0110\u1ea1t \u0111\u01b0\u1ee3c t\u00ednh t\u01b0\u01a1ng th\u00edch WPML cho c\u00e1c ch\u1ee7 \u0111\u1ec1 v\u00e0 plugin c\u1ee7a b\u1ea1n<\/a><\/li>\n\n\n\n<li><a href=\"https:\/\/wpml.org\/documentation\/support\/making-woocommerce-themes-multilingual-and-multi-currency-ready\/\">L\u00e0m cho c\u00e1c ch\u1ee7 \u0111\u1ec1 WooCommerce tr\u1edf n\u00ean \u0111a ng\u00f4n ng\u1eef v\u00e0 s\u1eb5n s\u00e0ng cho \u0110a ti\u1ec1n t\u1ec7<\/a><\/li>\n<\/ul>\n<\/div>\n\n<h2 class=\"wp-block-heading\">2) C\u00e1c ch\u1ee7 \u0111\u1ec1 v\u00e0 plugin s\u1eb5n s\u00e0ng cho \u0111a ng\u00f4n ng\u1eef<\/h2>\n\n<div class=\"wp-block-toolset-blocks-container tb-container\" data-toolset-blocks-container=\"fba9754e5043c28e03bff60537062a61\">\n<p>\u0110\u1ed9i ng\u0169 t\u01b0\u01a1ng th\u00edch c\u1ee7a WPML ki\u1ec3m tra h\u00e0ng ngh\u00ecn ch\u1ee7 \u0111\u1ec1 v\u00e0 plugin. B\u1ea1n c\u00f3 th\u1ec3 t\u00ecm th\u1ea5y nh\u1eefng g\u00ec \u0111\u00e3 \u0111\u01b0\u1ee3c ki\u1ec3m tra v\u00e0 ho\u1ea1t \u0111\u1ed9ng t\u1ed1t v\u1edbi WPML trong c\u00e1c danh s\u00e1ch n\u00e0y. <\/p>\n\n\n\n<ul class=\"wp-block-list\">\n<li><a href=\"https:\/\/wpml.org\/vi\/tai-lieu-wpml\/danh-sach-cac-chu-de-san-sang-da-ngon-ngu-tuong-thich-voi-wpml\/\">T\u00ednh t\u01b0\u01a1ng th\u00edch c\u1ee7a ch\u1ee7 \u0111\u1ec1<\/a><\/li>\n\n\n\n<li><a href=\"https:\/\/wpml.org\/plugin\/\">T\u00ednh t\u01b0\u01a1ng th\u00edch c\u1ee7a plugin<\/a><\/li>\n<\/ul>\n\n\n\n<p>N\u1ebfu b\u1ea1n c\u1ea7n th\u00eam c\u00f4ng vi\u1ec7c t\u00f9y ch\u1ec9nh cho m\u1ed9t ch\u1ee7 \u0111\u1ec1 ho\u1eb7c plugin kh\u00f4ng \u0111\u01b0\u1ee3c li\u1ec7t k\u00ea, ch\u00fang t\u00f4i khuy\u00ean b\u1ea1n n\u00ean li\u00ean h\u1ec7 v\u1edbi <a href=\"https:\/\/wpml.org\/documentation\/about-wpml-contractors\/\">c\u00e1c nh\u00e0 th\u1ea7u WPML<\/a>.<\/p>\n\n\n\n<p>C\u00e1c t\u00e1c gi\u1ea3 ch\u1ee7 \u0111\u1ec1 v\u00e0 plugin \u0111\u01b0\u1ee3c ch\u00e0o \u0111\u00f3n tham gia ch\u01b0\u01a1ng tr\u00ecnh <a href=\"https:\/\/wpml.org\/documentation\/support\/go-global-program\/\">Go Global<\/a> c\u1ee7a WPML, n\u01a1i b\u1ea1n c\u00f3 th\u1ec3 nh\u1eadn \u0111\u01b0\u1ee3c s\u1ef1 h\u1ed7 tr\u1ee3 \u0111\u1ec3 s\u1ea3n ph\u1ea9m c\u1ee7a ch\u00fang ta ho\u1ea1t \u0111\u1ed9ng t\u1ed1t c\u00f9ng nhau.<\/p>\n<\/div>\n\n<h2 class=\"wp-block-heading\">3) X\u00e2y d\u1ef1ng c\u00e1c trang web \u0111a ng\u00f4n ng\u1eef v\u1edbi c\u00e1c lo\u1ea1i b\u00e0i vi\u1ebft t\u00f9y ch\u1ec9nh, tr\u01b0\u1eddng v\u00e0 ph\u00e2n lo\u1ea1i<\/h2>\n\n<div class=\"wp-block-toolset-blocks-container tb-container\" data-toolset-blocks-container=\"fba9754e5043c28e03bff60537062a61\">\n<p>T\u00ecm hi\u1ec3u c\u00e1ch c\u00e1c lo\u1ea1i b\u00e0i vi\u1ebft t\u00f9y ch\u1ec9nh, tr\u01b0\u1eddng v\u00e0 ph\u00e2n lo\u1ea1i gi\u00fap c\u00e1c trang web \u0111a ng\u00f4n ng\u1eef d\u1ec5 d\u00e0ng cho kh\u00e1ch h\u00e0ng c\u1ee7a b\u1ea1n d\u1ecbch v\u00e0 cho b\u1ea1n duy tr\u00ec.<\/p>\n\n\n\n<ul class=\"wp-block-list\">\n<li><a href=\"https:\/\/wpml.org\/documentation\/developing-custom-multilingual-sites\/\">Ph\u00e1t tri\u1ec3n c\u00e1c trang web \u0111a ng\u00f4n ng\u1eef t\u00f9y ch\u1ec9nh<\/a><\/li>\n<\/ul>\n<\/div>\n\n<h2 class=\"wp-block-heading\">4) Ph\u00e1t tri\u1ec3n c\u00e1c trang web \u0111a ng\u00f4n ng\u1eef v\u1edbi WPML v\u00e0 c\u00e1c tr\u00ecnh t\u1ea1o trang<\/h2>\n\n<div class=\"wp-block-toolset-blocks-container tb-container\" data-toolset-blocks-container=\"fba9754e5043c28e03bff60537062a61\">\n<p>T\u00ecm hi\u1ec3u c\u00e1ch ph\u00e1t tri\u1ec3n trang web v\u1edbi WPML v\u00e0 c\u00e1c tr\u00ecnh t\u1ea1o trang s\u1eed d\u1ee5ng shortcode v\u00e0 c\u00e1ch \u0111\u0103ng k\u00fd c\u00e1c widget c\u1ee7a tr\u00ecnh t\u1ea1o trang \u0111\u1ec3 d\u1ecbch.<\/p>\n\n\n\n<ul class=\"wp-block-list\">\n<li><a href=\"https:\/\/wpml.org\/documentation\/support\/language-configuration-files\/how-to-register-page-builder-widgets-for-translation\/\">\u0110\u0103ng k\u00fd c\u00e1c widget c\u1ee7a tr\u00ecnh t\u1ea1o trang \u0111\u1ec3 d\u1ecbch<\/a><\/li>\n\n\n\n<li><a href=\"https:\/\/wpml.org\/documentation\/support\/maintaining-wpbakery-page-builder-compatibility-with-wpml\/\">Duy tr\u00ec t\u00ednh t\u01b0\u01a1ng th\u00edch c\u1ee7a WPBakery Page builder v\u1edbi WPML<\/a><\/li>\n\n\n\n<li><a href=\"https:\/\/wpml.org\/documentation\/support\/maintaining-the-cornerstone-page-builder-x-theme-compatibility-with-wpml\/\">Duy tr\u00ec t\u00ednh t\u01b0\u01a1ng th\u00edch c\u1ee7a CornerStone v\u1edbi WPML<\/a><\/li>\n\n\n\n<li><a href=\"https:\/\/wpml.org\/documentation\/support\/maintaining-avia-layout-builder-enfold-compatibility-wpml\/\">Duy tr\u00ec t\u00ednh t\u01b0\u01a1ng th\u00edch c\u1ee7a enfold v\u1edbi WPML<\/a><\/li>\n\n\n\n<li><a href=\"https:\/\/wpml.org\/documentation\/support\/maintaining-divi-builder-compatibility-wpml\/\">Duy tr\u00ec t\u00ednh t\u01b0\u01a1ng th\u00edch c\u1ee7a divi builder v\u1edbi WPML<\/a><\/li>\n\n\n\n<li><a href=\"https:\/\/wpml.org\/documentation\/support\/maintaining-the-fusion-builder-avada-compatibility-with-wpml\/\">Duy tr\u00ec t\u00ednh t\u01b0\u01a1ng th\u00edch c\u1ee7a Avada Builder v\u1edbi WPML<\/a><\/li>\n<\/ul>\n<\/div>\n\n<h2 class=\"wp-block-heading\">5) C\u00e1c t\u00e0i nguy\u00ean l\u1eadp tr\u00ecnh kh\u00e1c<a href=\"https:\/\/wpml.org\/vi\/tai-lieu-wpml\/thong-tin-nha-phat-trien\/#5-other-programmer-resources\"><\/a><\/h2>\n\n<div class=\"wp-block-toolset-blocks-container tb-container\" data-toolset-blocks-container=\"fba9754e5043c28e03bff60537062a61\">\n<ul class=\"wp-block-list\">\n<li><a href=\"https:\/\/wpml.org\/?page_id=1921909\">D\u1ecbch c\u00e1c ch\u1ee7 \u0111\u1ec1 WordPress <\/a><a href=\"https:\/\/ptc.wpml.org\/documentation\/translate-wordpress-themes-and-plugins-with-ai\/\" target=\"_blank\" rel=\"noreferrer noopener\">b\u1eb1ng<\/a><a href=\"https:\/\/wpml.org\/?page_id=1921909\"> t\u1ec7p .mo<\/a><\/li>\n\n\n\n<li><a href=\"https:\/\/wpml.org\/documentation\/support\/embedded-installer-authors\/\">Th\u00eam WPML-installer v\u00e0o Ch\u1ee7 \u0111\u1ec1 ho\u1eb7c Plugin c\u1ee7a b\u1ea1n<\/a><\/li>\n\n\n\n<li><a href=\"https:\/\/wpml.org\/documentation\/support\/wpml-admin-capabilities\/\">Th\u00eam kh\u1ea3 n\u0103ng ng\u01b0\u1eddi d\u00f9ng qu\u1ea3n tr\u1ecb t\u00f9y ch\u1ec9nh<\/a><\/li>\n\n\n\n<li><a href=\"https:\/\/wpml.org\/documentation\/support\/wpml-coding-api\/\">API L\u1eadp tr\u00ecnh c\u1ee7a WPML<\/a><\/li>\n\n\n\n<li><a href=\"https:\/\/wpml.org\/documentation\/support\/wpml-tables\/\">C\u00e1c B\u1ea3ng C\u01a1 s\u1edf d\u1eef li\u1ec7u c\u1ee7a WPML<\/a><\/li>\n\n\n\n<li><a href=\"https:\/\/wpml.org\/documentation\/support\/sending-emails-with-wpml\/\">G\u1eedi email v\u1edbi WPML<\/a><\/li>\n\n\n\n<li><a href=\"https:\/\/wpml.org\/documentation\/support\/browser-cookies-stored-wpml\/\">Cookie tr\u00ecnh duy\u1ec7t \u0111\u01b0\u1ee3c l\u01b0u tr\u1eef b\u1edfi WPML<\/a><\/li>\n\n\n\n<li><a href=\"https:\/\/wpml.org\/documentation\/support\/cron-jobs-run-by-wpml-and-woocommerce-multilingual\/\">C\u00e1c c\u00f4ng vi\u1ec7c cron \u0111\u01b0\u1ee3c ch\u1ea1y b\u1edfi WPML v\u00e0 WPML \u0111a ng\u00f4n ng\u1eef &amp; \u0111a ti\u1ec1n t\u1ec7 cho WooCommerce<\/a><\/li>\n\n\n\n<li><a href=\"https:\/\/wpml.org\/documentation\/support\/wpml-troubleshooting-options\/\">C\u00e1c t\u00f9y ch\u1ecdn kh\u1eafc ph\u1ee5c s\u1ef1 c\u1ed1 WPML<\/a><\/li>\n\n\n\n<li><a href=\"https:\/\/wpml.org\/documentation\/support\/using-wpml-with-redis-caching\/\">S\u1eed d\u1ee5ng WPML v\u1edbi b\u1ed9 nh\u1edb \u0111\u1ec7m redis<\/a><\/li>\n\n\n\n<li><a href=\"https:\/\/wpml.org\/documentation\/support\/string-package-translation\/\">C\u00e1ch t\u1ea1o g\u00f3i chu\u1ed7i<\/a><\/li>\n<\/ul>\n<\/div>\n\n<p><\/p>\n","protected":false},"excerpt":{"rendered":"<p>WPML cho ph\u00e9p b\u1ea1n v\u1eadn h\u00e0nh m\u1ed9t trang WordPress b\u1eb1ng nhi\u1ec1u ng\u00f4n ng\u1eef. Vi\u1ec7c thi\u1ebft l\u1eadp c\u01a1 b\u1ea3n c\u1ee7a WPML ch\u1ec9 m\u1ea5t v\u00e0i ph\u00fat v\u00e0 gi\u00fap b\u1ea1n chu\u1ea9n b\u1ecb trang web c\u1ee7a m\u00ecnh \u0111\u1ec3 tr\u1edf th\u00e0nh \u0111a ng\u00f4n ng\u1eef. Sau \u0111\u00f3, b\u1ea1n c\u00f3 th\u1ec3 t\u00f9y ch\u1ec9nh h\u00e0nh vi v\u00e0 giao di\u1ec7n c\u1ee7a trang web \u0111\u1ec3 [&hellip;]<\/p>\n","protected":false},"author":10760,"featured_media":0,"parent":17417125,"menu_order":79,"comment_status":"closed","ping_status":"closed","template":"template-nosidebar-centered.php","meta":{"_bbp_topic_count":0,"_bbp_reply_count":0,"_bbp_total_topic_count":0,"_bbp_total_reply_count":0,"_bbp_voice_count":0,"_bbp_anonymous_reply_count":0,"_bbp_topic_count_hidden":0,"_bbp_reply_count_hidden":0,"_bbp_forum_subforum_count":0,"ep_exclude_from_search":false,"footnotes":""},"related-projects-category":[],"class_list":["post-15654431","page","type-page","status-publish","hentry"],"_links":{"self":[{"href":"https:\/\/wpml.org\/vi\/wp-json\/wp\/v2\/pages\/15654431","targetHints":{"allow":["GET"]}}],"collection":[{"href":"https:\/\/wpml.org\/vi\/wp-json\/wp\/v2\/pages"}],"about":[{"href":"https:\/\/wpml.org\/vi\/wp-json\/wp\/v2\/types\/page"}],"author":[{"embeddable":true,"href":"https:\/\/wpml.org\/vi\/wp-json\/wp\/v2\/users\/10760"}],"replies":[{"embeddable":true,"href":"https:\/\/wpml.org\/vi\/wp-json\/wp\/v2\/comments?post=15654431"}],"version-history":[{"count":5,"href":"https:\/\/wpml.org\/vi\/wp-json\/wp\/v2\/pages\/15654431\/revisions"}],"predecessor-version":[{"id":17540736,"href":"https:\/\/wpml.org\/vi\/wp-json\/wp\/v2\/pages\/15654431\/revisions\/17540736"}],"up":[{"embeddable":true,"href":"https:\/\/wpml.org\/vi\/wp-json\/wp\/v2\/pages\/17417125"}],"wp:attachment":[{"href":"https:\/\/wpml.org\/vi\/wp-json\/wp\/v2\/media?parent=15654431"}],"wp:term":[{"taxonomy":"related-projects-category","embeddable":true,"href":"https:\/\/wpml.org\/vi\/wp-json\/wp\/v2\/related-projects-category?post=15654431"}],"curies":[{"name":"wp","href":"https:\/\/api.w.org\/{rel}","templated":true}]}}