{"id":15655623,"date":"2022-08-26T10:22:56","date_gmt":"2022-08-26T10:22:56","guid":{"rendered":"https:\/\/wpml.org\/cac-du-an-lien-quan\/truong-tuy-chinh-nang-cao-acf-da-ngon-ngu-dich-tat-ca-cac-truong-bang-wpml\/tuy-chon-dich-truong-tuy-chinh-cho-acf-va-wpml\/"},"modified":"2024-06-06T14:02:13","modified_gmt":"2024-06-06T14:02:13","slug":"tuy-chon-dich-truong-tuy-chinh-cho-acf-va-wpml","status":"publish","type":"page","link":"https:\/\/wpml.org\/vi\/tai-lieu-wpml\/cac-du-an-lien-quan\/advanced-custom-fields-acf-da-ngon-ngu-dich-tat-ca-cac-truong-voi-wpml\/tuy-chon-dich-truong-tuy-chinh-cho-acf-va-wpml\/","title":{"rendered":"T\u00f9y ch\u1ecdn d\u1ecbch tr\u01b0\u1eddng t\u00f9y ch\u1ec9nh cho ACF v\u00e0 WPML"},"content":{"rendered":"\n<p class=\"lead\">ACF Multilingual d\u1ef1a v\u00e0o t\u00f9y ch\u1ecdn d\u1ecbch thu\u1eadt \u0111\u1ec3 qu\u1ea3n l\u00fd c\u00e1ch c\u00e1c tr\u01b0\u1eddng t\u00f9y ch\u1ec9nh xu\u1ea5t hi\u1ec7n tr\u00ean c\u00e1c phi\u00ean b\u1ea3n ng\u00f4n ng\u1eef kh\u00e1c nhau tr\u00ean trang web c\u1ee7a b\u1ea1n.<\/p>\n\n<p>M\u1eb7c d\u00f9 b\u1ea1n c\u00f3 th\u1ec3 ch\u1ecdn gi\u1eefa hai t\u00f9y ch\u1ecdn d\u1ecbch v\u1edbi t\u00f9y ch\u1ecdn d\u1ecbch \u0111\u1eb7t tr\u01b0\u1edbc, ch\u1ebf \u0111\u1ed9 Chuy\u00ean gia cho ph\u00e9p b\u1ea1n ki\u1ec3m so\u00e1t c\u00e1ch m\u1ed7i tr\u01b0\u1eddng xu\u1ea5t hi\u1ec7n trong ng\u00f4n ng\u1eef ph\u1ee5.  <\/p>\n\n<p><strong>B\u1ea1n c\u00f3 b\u1ed1n t\u00f9y ch\u1ecdn d\u1ecbch \u0111\u1ec3 l\u1ef1a ch\u1ecdn:<\/strong><\/p>\n\n<div class=\"wp-block-toolset-blocks-grid tb-grid\" data-toolset-blocks-grid=\"6d30eb1e38bb20176948bc192d4fc3df\">\n<div class=\"wp-block-toolset-blocks-grid-column tb-grid-column tb-grid-align-top\" data-toolset-blocks-grid-column=\"e4e86604f3ad36200edf52d1622ddc73\">\n<p class=\"tb-heading has-text-color has-background wa\" data-toolset-blocks-heading=\"554b98bd0c25fac22ce4cae2c81c7c57\" data-last-update=\"1.4\">D\u1ecbch<\/p>\n\n\n\n<div class=\"wp-block-toolset-blocks-container tb-container\" data-toolset-blocks-container=\"89715433d6069a9df49467c3d95396fc\">\n<p class=\"tb-heading\" data-toolset-blocks-heading=\"b09796d750527ad36b4e33acb19864d5\" data-last-update=\"1.4\">L\u00e0m cho c\u00e1c gi\u00e1 tr\u1ecb tr\u01b0\u1eddng t\u00f9y ch\u1ec9nh c\u1ee7a b\u1ea1n c\u00f3 s\u1eb5n \u0111\u1ec3 d\u1ecbch.<\/p>\n<\/div>\n\n\n\n<div class=\"wp-block-toolset-blocks-container tb-container\" data-toolset-blocks-container=\"d718aa58a66ec9f469cddd7421827efc\">\n<div class=\"wp-block-toolset-blocks-grid tb-grid\" data-toolset-blocks-grid=\"b9ba198fa8644ce060d6f261547d5fb7\">\n<div class=\"wp-block-toolset-blocks-grid-column tb-grid-column tb-grid-align-top\" data-toolset-blocks-grid-column=\"3034fbe886c11054e95b46b09d3e4112\">\n<div class=\"wp-block-toolset-blocks-container tb-container\" data-toolset-blocks-container=\"c5825f0c4b3f029780c2562e9593100f\"><\/div>\n<\/div>\n\n\n\n<div class=\"wp-block-toolset-blocks-grid-column tb-grid-column tb-grid-align-top\" data-toolset-blocks-grid-column=\"3034fbe886c11054e95b46b09d3e4112\">\n<p class=\"tb-heading\" data-toolset-blocks-heading=\"4c8c6fb6238e271b166377f9a25088b9\" data-last-update=\"1.4\">\u0110\u01b0\u1ee3c khuy\u1ebfn ngh\u1ecb cho c\u00e1c tr\u01b0\u1eddng v\u0103n b\u1ea3n (v\u00ed d\u1ee5: V\u0103n b\u1ea3n, V\u00f9ng v\u0103n b\u1ea3n, WYSIWYG, Tin nh\u1eafn).<\/p>\n<\/div>\n<\/div>\n<\/div>\n<\/div>\n\n\n\n<div class=\"wp-block-toolset-blocks-grid-column tb-grid-column tb-grid-align-top\" data-toolset-blocks-grid-column=\"9bf300cb43bb9f03c7ec5743d8671031\">\n<p class=\"tb-heading has-text-color has-background wa\" data-toolset-blocks-heading=\"554b98bd0c25fac22ce4cae2c81c7c57\" data-last-update=\"1.4\">Sao ch\u00e9p<\/p>\n\n\n\n<div class=\"wp-block-toolset-blocks-container tb-container\" data-toolset-blocks-container=\"89715433d6069a9df49467c3d95396fc\">\n<p class=\"tb-heading\" data-toolset-blocks-heading=\"b09796d750527ad36b4e33acb19864d5\" data-last-update=\"1.4\">Sao ch\u00e9p gi\u00e1 tr\u1ecb tr\u01b0\u1eddng tr\u00ean t\u1ea5t c\u1ea3 c\u00e1c ng\u00f4n ng\u1eef, gi\u1eef nguy\u00ean gi\u00e1 tr\u1ecb \u1edf m\u1ecdi ng\u00f4n ng\u1eef.<\/p>\n<\/div>\n\n\n\n<div class=\"wp-block-toolset-blocks-container tb-container\" data-toolset-blocks-container=\"d718aa58a66ec9f469cddd7421827efc\">\n<div class=\"wp-block-toolset-blocks-grid tb-grid\" data-toolset-blocks-grid=\"b9ba198fa8644ce060d6f261547d5fb7\">\n<div class=\"wp-block-toolset-blocks-grid-column tb-grid-column tb-grid-align-top\" data-toolset-blocks-grid-column=\"3034fbe886c11054e95b46b09d3e4112\">\n<div class=\"wp-block-toolset-blocks-container tb-container\" data-toolset-blocks-container=\"c5825f0c4b3f029780c2562e9593100f\"><\/div>\n<\/div>\n\n\n\n<div class=\"wp-block-toolset-blocks-grid-column tb-grid-column tb-grid-align-top\" data-toolset-blocks-grid-column=\"3034fbe886c11054e95b46b09d3e4112\">\n<p class=\"tb-heading\" data-toolset-blocks-heading=\"4c8c6fb6238e271b166377f9a25088b9\" data-last-update=\"1.4\">\u0110\u01b0\u1ee3c \u0111\u1ec1 xu\u1ea5t cho c\u00e1c tr\u01b0\u1eddng t\u00f9y ch\u1ec9nh gi\u1ed1ng nhau \u1edf m\u1ecdi ng\u00f4n ng\u1eef, nh\u01b0 S\u1ed1, Ph\u1ea1m vi, \u0110\u00fang\/Sai, H\u00ecnh \u1ea3nh.<\/p>\n<\/div>\n<\/div>\n<\/div>\n<\/div>\n\n\n\n<div class=\"wp-block-toolset-blocks-grid-column tb-grid-column tb-grid-align-top\" data-toolset-blocks-grid-column=\"9bf300cb43bb9f03c7ec5743d8671031\">\n<p class=\"tb-heading has-text-color has-background wa\" data-toolset-blocks-heading=\"554b98bd0c25fac22ce4cae2c81c7c57\" data-last-update=\"1.4\">Sao ch\u00e9p m\u1ed9t l\u1ea7n<\/p>\n\n\n\n<div class=\"wp-block-toolset-blocks-container tb-container\" data-toolset-blocks-container=\"c0ae25e118e7651be7aa562df662a60c\">\n<p class=\"tb-heading\" data-toolset-blocks-heading=\"b09796d750527ad36b4e33acb19864d5\" data-last-update=\"1.4\">Sao ch\u00e9p gi\u00e1 tr\u1ecb tr\u01b0\u1eddng v\u00e0o b\u1ea3n d\u1ecbch ch\u1ec9 m\u1ed9t l\u1ea7n, cho ph\u00e9p b\u1ea1n s\u1eeda \u0111\u1ed5i \u0111\u1ed9c l\u1eadp c\u00e1c gi\u00e1 tr\u1ecb tr\u01b0\u1eddng trong b\u1ea3n d\u1ecbch sau \u0111\u00f3.<\/p>\n<\/div>\n\n\n\n<div class=\"wp-block-toolset-blocks-container tb-container\" data-toolset-blocks-container=\"d718aa58a66ec9f469cddd7421827efc\">\n<div class=\"wp-block-toolset-blocks-grid tb-grid\" data-toolset-blocks-grid=\"0ee54b13cff5a5a046256dac8d7ad810\">\n<div class=\"wp-block-toolset-blocks-grid-column tb-grid-column tb-grid-align-top\" data-toolset-blocks-grid-column=\"3034fbe886c11054e95b46b09d3e4112\">\n<div class=\"wp-block-toolset-blocks-container tb-container\" data-toolset-blocks-container=\"c5825f0c4b3f029780c2562e9593100f\"><\/div>\n<\/div>\n\n\n\n<div class=\"wp-block-toolset-blocks-grid-column tb-grid-column tb-grid-align-top\" data-toolset-blocks-grid-column=\"3034fbe886c11054e95b46b09d3e4112\">\n<p class=\"tb-heading\" data-toolset-blocks-heading=\"4c8c6fb6238e271b166377f9a25088b9\" data-last-update=\"1.4\">N\u1ebfu b\u1ea1n ch\u1ecdn t\u00f9y ch\u1ecdn n\u00e0y v\u00ec b\u1ea1n mu\u1ed1n c\u00f3 c\u00e1c gi\u00e1 tr\u1ecb tr\u01b0\u1eddng kh\u00e1c nhau gi\u1eefa c\u00e1c ng\u00f4n ng\u1eef, b\u1ea1n s\u1ebd c\u1ea7n <a href=\"https:\/\/wpml.org\/vi\/quan-ly-dich-thuat\/cach-su-dung-cac-thiet-ke-khac-nhau-cho-cac-ngon-ngu-khac-nhau\/\">d\u1ecbch th\u1ee7 c\u00f4ng c\u00e1c b\u00e0i \u0111\u0103ng c\u00f3 c\u00e1c tr\u01b0\u1eddng n\u00e0y trong tr\u00ecnh ch\u1ec9nh s\u1eeda WordPress<\/a> .<\/p>\n<\/div>\n<\/div>\n<\/div>\n<\/div>\n\n\n\n<div class=\"wp-block-toolset-blocks-grid-column tb-grid-column tb-grid-align-top\" data-toolset-blocks-grid-column=\"9bf300cb43bb9f03c7ec5743d8671031\">\n<p class=\"tb-heading has-text-color has-background wa\" data-toolset-blocks-heading=\"554b98bd0c25fac22ce4cae2c81c7c57\" data-last-update=\"1.4\">\u0110\u1eebng d\u1ecbch<\/p>\n\n\n\n<div class=\"wp-block-toolset-blocks-container tb-container\" data-toolset-blocks-container=\"c0ae25e118e7651be7aa562df662a60c\">\n<p class=\"tb-heading\" data-toolset-blocks-heading=\"b09796d750527ad36b4e33acb19864d5\" data-last-update=\"1.4\">T\u00f9y ch\u1ecdn m\u1eb7c \u0111\u1ecbnh cho c\u00e1c tr\u01b0\u1eddng t\u00f9y ch\u1ec9nh m\u00e0 b\u1ea1n ch\u01b0a ch\u1ecdn c\u00e1ch d\u1ecbch.<\/p>\n<\/div>\n\n\n\n<div class=\"wp-block-toolset-blocks-container tb-container\" data-toolset-blocks-container=\"d718aa58a66ec9f469cddd7421827efc\">\n<div class=\"wp-block-toolset-blocks-grid tb-grid\" data-toolset-blocks-grid=\"b9ba198fa8644ce060d6f261547d5fb7\">\n<div class=\"wp-block-toolset-blocks-grid-column tb-grid-column tb-grid-align-top\" data-toolset-blocks-grid-column=\"3034fbe886c11054e95b46b09d3e4112\">\n<div class=\"wp-block-toolset-blocks-container tb-container\" data-toolset-blocks-container=\"c5825f0c4b3f029780c2562e9593100f\"><\/div>\n<\/div>\n\n\n\n<div class=\"wp-block-toolset-blocks-grid-column tb-grid-column tb-grid-align-top\" data-toolset-blocks-grid-column=\"3034fbe886c11054e95b46b09d3e4112\">\n<p class=\"tb-heading\" data-toolset-blocks-heading=\"4c8c6fb6238e271b166377f9a25088b9\" data-last-update=\"1.4\">B\u1ea1n c\u00f3 th\u1ec3 ch\u1ecdn t\u00f9y ch\u1ecdn n\u00e0y cho c\u00e1c tr\u01b0\u1eddng b\u1ea1n mu\u1ed1n WPML b\u1ecf qua. N\u1ebfu b\u1ea1n mu\u1ed1n m\u1ed9t tr\u01b0\u1eddng c\u00f3 c\u00f9ng gi\u00e1 tr\u1ecb gi\u1eefa c\u00e1c ng\u00f4n ng\u1eef, h\u00e3y chuy\u1ec3n tr\u01b0\u1eddng \u0111\u00f3 sang t\u00f9y ch\u1ecdn <strong>Sao ch\u00e9p<\/strong> .<\/p>\n<\/div>\n<\/div>\n<\/div>\n<\/div>\n<\/div>\n\n<p>\u0110\u1ed1i v\u1edbi c\u00e1c lo\u1ea1i tr\u01b0\u1eddng <strong>B\u1ed9 l\u1eb7p<\/strong> ACF v\u00e0 <strong>N\u1ed9i dung linh ho\u1ea1t<\/strong> ch\u00ednh, b\u1ea1n c\u00f3 hai t\u00f9y ch\u1ecdn:<\/p>\n\n<ol class=\"wp-block-list\">\n<li>Ch\u1ecdn <strong>Sao ch\u00e9p<\/strong> \u0111\u1ec3 gi\u1eef nguy\u00ean b\u1ed1 c\u1ee5c v\u00e0 s\u1ed1 l\u01b0\u1ee3ng tr\u01b0\u1eddng \u1edf t\u1ea5t c\u1ea3 c\u00e1c ng\u00f4n ng\u1eef<\/li>\n\n\n\n<li>Ch\u1ecdn <strong>Sao ch\u00e9p m\u1ed9t l\u1ea7n<\/strong> n\u1ebfu b\u1ea1n mu\u1ed1n b\u1ed1 c\u1ee5c ho\u1eb7c s\u1ed1 l\u01b0\u1ee3ng tr\u01b0\u1eddng kh\u00e1c b\u1eb1ng c\u00e1c ng\u00f4n ng\u1eef kh\u00e1c<\/li>\n<\/ol>\n\n<p>Trong c\u1ea3 hai tr\u01b0\u1eddng h\u1ee3p, b\u1ea1n c\u00f3 th\u1ec3 \u0111\u1eb7t t\u00f9y ch\u1ecdn d\u1ecbch cho c\u00e1c tr\u01b0\u1eddng con c\u1ee7a m\u00ecnh d\u1ef1a tr\u00ean c\u00e1ch b\u1ea1n mu\u1ed1n ch\u00fang xu\u1ea5t hi\u1ec7n trong b\u1ea3n d\u1ecbch.<\/p>\n\n<h2 class=\"wp-block-heading\">Hi\u1ec3u c\u00e1ch ACFML d\u1ecbch c\u00e1c tr\u01b0\u1eddng t\u00f9y ch\u1ec9nh trong c\u00e1c t\u00f9y ch\u1ecdn d\u1ecbch \u0111\u1eb7t tr\u01b0\u1edbc<\/h2>\n\n<p>C\u00e1c b\u1ea3ng sau bao g\u1ed3m c\u00e1c t\u00f9y ch\u1ecdn d\u1ecbch \u0111\u1eb7t tr\u01b0\u1edbc cho c\u00e1c lo\u1ea1i tr\u01b0\u1eddng ACF. B\u1ea1n c\u1ea7n s\u1eed d\u1ee5ng ch\u1ebf \u0111\u1ed9 <strong>Expert<\/strong> \u0111\u1ec3 s\u1eeda \u0111\u1ed5i c\u00e1c t\u00f9y ch\u1ecdn c\u00e0i s\u1eb5n n\u00e0y.  <\/p>\n\n<h2 class=\"wp-block-heading\">C\u00e1c tr\u01b0\u1eddng c\u01a1 b\u1ea3n<\/h2>\n\n<figure class=\"wp-block-table\"><table><tbody><tr><td><strong>Ki\u1ec3u<\/strong><\/td><td><strong>C\u00e1c tr\u01b0\u1eddng gi\u1ed1ng nhau tr\u00ean c\u00e1c ng\u00f4n ng\u1eef<\/strong><\/td><td><strong>C\u00e1c l\u0129nh v\u1ef1c kh\u00e1c nhau tr\u00ean c\u00e1c ng\u00f4n ng\u1eef<\/strong><\/td><\/tr><tr><td>Ch\u1eef<\/td><td>D\u1ecbch<\/td><td>D\u1ecbch<\/td><\/tr><tr><td>V\u00f9ng v\u0103n b\u1ea3n<\/td><td>D\u1ecbch<\/td><td>D\u1ecbch<\/td><\/tr><tr><td>Con s\u1ed1<\/td><td>Sao ch\u00e9p<\/td><td>Sao ch\u00e9p m\u1ed9t l\u1ea7n<\/td><\/tr><tr><td>Ph\u1ea1m vi<\/td><td>Sao ch\u00e9p<\/td><td>Sao ch\u00e9p m\u1ed9t l\u1ea7n<\/td><\/tr><tr><td>E-mail<\/td><td>Sao ch\u00e9p<\/td><td>Sao ch\u00e9p m\u1ed9t l\u1ea7n<\/td><\/tr><tr><td>URL<\/td><td>Sao ch\u00e9p<\/td><td>Sao ch\u00e9p m\u1ed9t l\u1ea7n<\/td><\/tr><tr><td>M\u1eadt kh\u1ea9u<\/td><td>Sao ch\u00e9p<\/td><td>Sao ch\u00e9p m\u1ed9t l\u1ea7n<\/td><\/tr><\/tbody><\/table><\/figure>\n\n<h2 class=\"wp-block-heading\">Tr\u01b0\u1eddng n\u1ed9i dung<\/h2>\n\n<figure class=\"wp-block-table\"><table><tbody><tr><td><strong>Ki\u1ec3u<\/strong><\/td><td><strong><strong>C\u00e1c tr\u01b0\u1eddng gi\u1ed1ng nhau tr\u00ean c\u00e1c ng\u00f4n ng\u1eef<\/strong><\/strong><\/td><td><strong><strong>C\u00e1c l\u0129nh v\u1ef1c kh\u00e1c nhau tr\u00ean c\u00e1c ng\u00f4n ng\u1eef<\/strong><\/strong><\/td><\/tr><tr><td>H\u00ecnh \u1ea3nh<\/td><td>Sao ch\u00e9p<\/td><td>Sao ch\u00e9p m\u1ed9t l\u1ea7n<\/td><\/tr><tr><td>T\u00e0i li\u1ec7u<\/td><td>Sao ch\u00e9p<\/td><td>Sao ch\u00e9p m\u1ed9t l\u1ea7n<\/td><\/tr><tr><td>Bi\u00ean t\u1eadp vi\u00ean Wysiwyg<\/td><td>D\u1ecbch<\/td><td>D\u1ecbch<\/td><\/tr><tr><td>oNh\u00fang<\/td><td>Sao ch\u00e9p<\/td><td>Sao ch\u00e9p m\u1ed9t l\u1ea7n<\/td><\/tr><tr><td>Ph\u00f2ng tr\u01b0ng b\u00e0y<\/td><td>Sao ch\u00e9p<\/td><td>Sao ch\u00e9p m\u1ed9t l\u1ea7n<\/td><\/tr><\/tbody><\/table><\/figure>\n\n<h2 class=\"wp-block-heading\">Tr\u01b0\u1eddng l\u1ef1a ch\u1ecdn<\/h2>\n\n<figure class=\"wp-block-table\"><table><tbody><tr><td><strong>Ki\u1ec3u<\/strong><\/td><td><strong><strong>C\u00e1c tr\u01b0\u1eddng gi\u1ed1ng nhau tr\u00ean c\u00e1c ng\u00f4n ng\u1eef<\/strong><\/strong><\/td><td><strong><strong>C\u00e1c l\u0129nh v\u1ef1c kh\u00e1c nhau tr\u00ean c\u00e1c ng\u00f4n ng\u1eef<\/strong><\/strong><\/td><\/tr><tr><td>L\u1ef1a ch\u1ecdn<\/td><td>Sao ch\u00e9p<\/td><td>Sao ch\u00e9p m\u1ed9t l\u1ea7n<\/td><\/tr><tr><td>H\u1ed9p ki\u1ec3m<\/td><td>Sao ch\u00e9p<\/td><td>Sao ch\u00e9p m\u1ed9t l\u1ea7n<\/td><\/tr><tr><td>N\u00fat radio<\/td><td>Sao ch\u00e9p<\/td><td>Sao ch\u00e9p m\u1ed9t l\u1ea7n<\/td><\/tr><tr><td>Nh\u00f3m n\u00fat<\/td><td>Sao ch\u00e9p<\/td><td>Sao ch\u00e9p m\u1ed9t l\u1ea7n<\/td><\/tr><tr><td>\u0110\u00fang sai<\/td><td>Sao ch\u00e9p<\/td><td>Sao ch\u00e9p m\u1ed9t l\u1ea7n<\/td><\/tr><\/tbody><\/table><\/figure>\n\n<h2 class=\"wp-block-heading\">Tr\u01b0\u1eddng jQuery<\/h2>\n\n<figure class=\"wp-block-table\"><table><tbody><tr><td><strong>Ki\u1ec3u<\/strong><\/td><td><strong><strong><strong>C\u00e1c tr\u01b0\u1eddng gi\u1ed1ng nhau tr\u00ean c\u00e1c ng\u00f4n ng\u1eef<\/strong><\/strong><\/strong><\/td><td><strong><strong>C\u00e1c l\u0129nh v\u1ef1c kh\u00e1c nhau tr\u00ean c\u00e1c ng\u00f4n ng\u1eef<\/strong><\/strong><\/td><\/tr><tr><td>B\u1ea3n \u0111\u1ed3 Google<\/td><td>Sao ch\u00e9p<\/td><td>Sao ch\u00e9p m\u1ed9t l\u1ea7n<\/td><\/tr><tr><td>B\u1ea3ng ch\u1ecdn ng\u00e0y<\/td><td>Sao ch\u00e9p<\/td><td>Sao ch\u00e9p m\u1ed9t l\u1ea7n<\/td><\/tr><tr><td>B\u1ed9 ch\u1ecdn ng\u00e0y gi\u1edd<\/td><td>Sao ch\u00e9p<\/td><td>Sao ch\u00e9p m\u1ed9t l\u1ea7n<\/td><\/tr><tr><td>B\u1ed9 ch\u1ecdn th\u1eddi gian<\/td><td>Sao ch\u00e9p<\/td><td>Sao ch\u00e9p m\u1ed9t l\u1ea7n<\/td><\/tr><tr><td>B\u1ed9 ch\u1ecdn m\u00e0u<\/td><td>Sao ch\u00e9p<\/td><td>Sao ch\u00e9p m\u1ed9t l\u1ea7n<\/td><\/tr><\/tbody><\/table><\/figure>\n\n<h2 class=\"wp-block-heading\">Tr\u01b0\u1eddng b\u1ed1 c\u1ee5c<\/h2>\n\n<figure class=\"wp-block-table\"><table><tbody><tr><td><strong>Ki\u1ec3u<\/strong><\/td><td><strong><strong><strong>C\u00e1c tr\u01b0\u1eddng gi\u1ed1ng nhau tr\u00ean c\u00e1c ng\u00f4n ng\u1eef<\/strong><\/strong><\/strong><\/td><td><strong><strong><strong>C\u00e1c l\u0129nh v\u1ef1c kh\u00e1c nhau tr\u00ean c\u00e1c ng\u00f4n ng\u1eef<\/strong><\/strong><\/strong><\/td><\/tr><tr><td>Tin nh\u1eafn<\/td><td>D\u1ecbch<\/td><td>D\u1ecbch<\/td><\/tr><tr><td>\u0110\u00e0n x\u1ebfp<\/td><td>Sao ch\u00e9p<\/td><td>Sao ch\u00e9p m\u1ed9t l\u1ea7n<\/td><\/tr><tr><td>Chuy\u1ec3n h\u01b0\u1edbng<\/td><td>Sao ch\u00e9p<\/td><td>Sao ch\u00e9p m\u1ed9t l\u1ea7n<\/td><\/tr><tr><td>Nh\u00f3m<\/td><td>Sao ch\u00e9p<\/td><td>Sao ch\u00e9p m\u1ed9t l\u1ea7n<\/td><\/tr><tr><td>B\u1ed9 l\u1eb7p<\/td><td>Sao ch\u00e9p<\/td><td>Sao ch\u00e9p m\u1ed9t l\u1ea7n<\/td><\/tr><tr><td>N\u1ed9i dung linh ho\u1ea1t<\/td><td>Sao ch\u00e9p<\/td><td>Sao ch\u00e9p m\u1ed9t l\u1ea7n<\/td><\/tr><tr><td>D\u00f2ng v\u00f4 t\u00ednh<\/td><td>Sao ch\u00e9p<\/td><td>Sao ch\u00e9p m\u1ed9t l\u1ea7n<\/td><\/tr><\/tbody><\/table><\/figure>\n\n<h2 class=\"wp-block-heading\">Tr\u01b0\u1eddng quan h\u1ec7<\/h2>\n\n<figure class=\"wp-block-table\"><table><tbody><tr><td><strong>Ki\u1ec3u<\/strong><\/td><td><strong><strong>C\u00e1c tr\u01b0\u1eddng gi\u1ed1ng nhau tr\u00ean c\u00e1c ng\u00f4n ng\u1eef<\/strong><\/strong><\/td><td><strong><strong>C\u00e1c l\u0129nh v\u1ef1c kh\u00e1c nhau tr\u00ean c\u00e1c ng\u00f4n ng\u1eef<\/strong><\/strong><\/td><\/tr><tr><td>li\u00ean k\u1ebft<\/td><td>Sao ch\u00e9p<\/td><td>Sao ch\u00e9p m\u1ed9t l\u1ea7n<\/td><\/tr><tr><td>B\u00e0i \u0111\u0103ng \u0111\u1ed1i t\u01b0\u1ee3ng<\/td><td>Sao ch\u00e9p<\/td><td>Sao ch\u00e9p m\u1ed9t l\u1ea7n<\/td><\/tr><tr><td>trang li\u00ean k\u1ebft<\/td><td>Sao ch\u00e9p<\/td><td>Sao ch\u00e9p m\u1ed9t l\u1ea7n<\/td><\/tr><tr><td>M\u1ed1i quan h\u1ec7<\/td><td>Sao ch\u00e9p<\/td><td>Sao ch\u00e9p m\u1ed9t l\u1ea7n<\/td><\/tr><tr><td>Ph\u00e2n lo\u1ea1i<\/td><td>Sao ch\u00e9p<\/td><td>Sao ch\u00e9p m\u1ed9t l\u1ea7n<\/td><\/tr><tr><td>Ng\u01b0\u1eddi d\u00f9ng<\/td><td>Sao ch\u00e9p<\/td><td>Sao ch\u00e9p m\u1ed9t l\u1ea7n<\/td><\/tr><\/tbody><\/table><\/figure>\n","protected":false},"excerpt":{"rendered":"<p>ACF Multilingual d\u1ef1a v\u00e0o t\u00f9y ch\u1ecdn d\u1ecbch thu\u1eadt \u0111\u1ec3 qu\u1ea3n l\u00fd c\u00e1ch c\u00e1c tr\u01b0\u1eddng t\u00f9y ch\u1ec9nh xu\u1ea5t hi\u1ec7n tr\u00ean c\u00e1c phi\u00ean b\u1ea3n ng\u00f4n ng\u1eef kh\u00e1c nhau tr\u00ean trang web c\u1ee7a b\u1ea1n. M\u1eb7c d\u00f9 b\u1ea1n c\u00f3 th\u1ec3 ch\u1ecdn gi\u1eefa hai t\u00f9y ch\u1ecdn d\u1ecbch v\u1edbi t\u00f9y ch\u1ecdn d\u1ecbch \u0111\u1eb7t tr\u01b0\u1edbc, ch\u1ebf \u0111\u1ed9 Chuy\u00ean gia cho ph\u00e9p b\u1ea1n [&hellip;]<\/p>\n","protected":false},"author":538393,"featured_media":0,"parent":17830879,"menu_order":23,"comment_status":"closed","ping_status":"closed","template":"","meta":{"_bbp_topic_count":0,"_bbp_reply_count":0,"_bbp_total_topic_count":0,"_bbp_total_reply_count":0,"_bbp_voice_count":0,"_bbp_anonymous_reply_count":0,"_bbp_topic_count_hidden":0,"_bbp_reply_count_hidden":0,"_bbp_forum_subforum_count":0,"_uag_custom_page_level_css":"","ep_exclude_from_search":false,"footnotes":""},"related-projects-category":[],"class_list":["post-15655623","page","type-page","status-publish","hentry"],"spectra_custom_meta":{"ratings_users":["0"],"ratings_score":["0"],"ratings_average":["0"],"_subscription_coupon_product_id":["0"],"_wpv_contains_gutenberg_views":[""],"_alp_processed":["1717682534"],"wpcf-unformatted-code":[""],"_wpml_media_duplicate":["1"],"_wpml_media_featured":["1"],"toolset_post_editor_mode":["block"],"wpcf-price-increase-show-from":[""],"wpcf-price-increase-show-till":[""],"_last_translation_edit_mode":["translation-editor"],"_wp_page_template":[""],"_yoast_wpseo_metadesc":["ACF Multilingual d\u1ef1a v\u00e0o t\u00f9y ch\u1ecdn d\u1ecbch thu\u1eadt \u0111\u1ec3 qu\u1ea3n l\u00fd c\u00e1ch c\u00e1c tr\u01b0\u1eddng t\u00f9y ch\u1ec9nh xu\u1ea5t hi\u1ec7n tr\u00ean c\u00e1c phi\u00ean b\u1ea3n ng\u00f4n ng\u1eef kh\u00e1c nhau tr\u00ean trang web c\u1ee7a b\u1ea1n."],"_uag_css_file_name":["uag-css-15655623.css"],"_uag_page_assets":["a:9:{s:3:\"css\";s:260:\".uag-blocks-common-selector{z-index:var(--z-index-desktop) !important}@media(max-width: 976px){.uag-blocks-common-selector{z-index:var(--z-index-tablet) !important}}@media(max-width: 767px){.uag-blocks-common-selector{z-index:var(--z-index-mobile) !important}}\";s:2:\"js\";s:0:\"\";s:18:\"current_block_list\";a:10:{i:0;s:14:\"core\/paragraph\";i:1;s:19:\"toolset-blocks\/grid\";i:2;s:26:\"toolset-blocks\/grid-column\";i:3;s:22:\"toolset-blocks\/heading\";i:4;s:24:\"toolset-blocks\/container\";i:5;s:9:\"core\/list\";i:6;s:14:\"core\/list-item\";i:7;s:12:\"core\/heading\";i:8;s:10:\"core\/table\";i:9;s:14:\"core\/shortcode\";}s:8:\"uag_flag\";b:0;s:11:\"uag_version\";s:10:\"1778417007\";s:6:\"gfonts\";a:0:{}s:10:\"gfonts_url\";s:0:\"\";s:12:\"gfonts_files\";a:0:{}s:14:\"uag_faq_layout\";b:0;}"]},"uagb_featured_image_src":{"full":false,"thumbnail":false,"medium":false,"medium_large":false,"large":false,"1536x1536":false,"2048x2048":false,"gform-image-choice-sm":false,"gform-image-choice-md":false,"gform-image-choice-lg":false,"woocommerce_thumbnail":false,"woocommerce_single":false,"woocommerce_gallery_thumbnail":false},"uagb_author_info":{"display_name":"Kathy","author_link":"https:\/\/wpml.org\/vi\/author\/kathy-b\/"},"uagb_comment_info":0,"uagb_excerpt":"ACF Multilingual d\u1ef1a v\u00e0o t\u00f9y ch\u1ecdn d\u1ecbch thu\u1eadt \u0111\u1ec3 qu\u1ea3n l\u00fd c\u00e1ch c\u00e1c tr\u01b0\u1eddng t\u00f9y ch\u1ec9nh xu\u1ea5t hi\u1ec7n tr\u00ean c\u00e1c phi\u00ean b\u1ea3n ng\u00f4n ng\u1eef kh\u00e1c nhau tr\u00ean trang web c\u1ee7a b\u1ea1n. M\u1eb7c d\u00f9 b\u1ea1n c\u00f3 th\u1ec3 ch\u1ecdn gi\u1eefa hai t\u00f9y ch\u1ecdn d\u1ecbch v\u1edbi t\u00f9y ch\u1ecdn d\u1ecbch \u0111\u1eb7t tr\u01b0\u1edbc, ch\u1ebf \u0111\u1ed9 Chuy\u00ean gia cho ph\u00e9p b\u1ea1n&hellip;","_links":{"self":[{"href":"https:\/\/wpml.org\/vi\/wp-json\/wp\/v2\/pages\/15655623","targetHints":{"allow":["GET"]}}],"collection":[{"href":"https:\/\/wpml.org\/vi\/wp-json\/wp\/v2\/pages"}],"about":[{"href":"https:\/\/wpml.org\/vi\/wp-json\/wp\/v2\/types\/page"}],"author":[{"embeddable":true,"href":"https:\/\/wpml.org\/vi\/wp-json\/wp\/v2\/users\/538393"}],"replies":[{"embeddable":true,"href":"https:\/\/wpml.org\/vi\/wp-json\/wp\/v2\/comments?post=15655623"}],"version-history":[{"count":3,"href":"https:\/\/wpml.org\/vi\/wp-json\/wp\/v2\/pages\/15655623\/revisions"}],"predecessor-version":[{"id":15711542,"href":"https:\/\/wpml.org\/vi\/wp-json\/wp\/v2\/pages\/15655623\/revisions\/15711542"}],"up":[{"embeddable":true,"href":"https:\/\/wpml.org\/vi\/wp-json\/wp\/v2\/pages\/17830879"}],"wp:attachment":[{"href":"https:\/\/wpml.org\/vi\/wp-json\/wp\/v2\/media?parent=15655623"}],"wp:term":[{"taxonomy":"related-projects-category","embeddable":true,"href":"https:\/\/wpml.org\/vi\/wp-json\/wp\/v2\/related-projects-category?post=15655623"}],"curies":[{"name":"wp","href":"https:\/\/api.w.org\/{rel}","templated":true}]}}