{"id":15696718,"date":"2009-04-02T18:30:12","date_gmt":"2009-04-02T18:30:12","guid":{"rendered":"https:\/\/wpml.org\/yeu-cau-toi-thieu-cua-wpml\/"},"modified":"2026-04-24T08:29:32","modified_gmt":"2026-04-24T08:29:32","slug":"yeu-cau-toi-thieu-cua-wpml","status":"publish","type":"page","link":"https:\/\/wpml.org\/vi\/trang-chu\/yeu-cau-toi-thieu-cua-wpml\/","title":{"rendered":"Y\u00eau c\u1ea7u t\u1ed1i thi\u1ec3u c\u1ee7a WPML"},"content":{"rendered":"\n<p class=\"lead\">\u0110\u1ea3m b\u1ea3o trang web c\u1ee7a b\u1ea1n ho\u1ea1t \u0111\u1ed9ng tr\u01a1n tru v\u1edbi WPML b\u1eb1ng c\u00e1ch \u0111\u00e1p \u1ee9ng c\u00e1c y\u00eau c\u1ea7u t\u1ed1i thi\u1ec3u \u0111\u01a1n gi\u1ea3n n\u00e0y.<\/p>\n\n<h2 class=\"wp-block-heading\">Y\u00eau c\u1ea7u quan tr\u1ecdng: B\u1ed9 nh\u1edb WordPress<\/h2>\n\n<figure class=\"wp-block-table\"><table class=\"has-fixed-layout\"><tbody><tr><td class=\"has-text-align-center\" data-align=\"center\"><strong>Gi\u1edbi h\u1ea1n b\u1ed9 nh\u1edb t\u1ed1i thi\u1ec3u<\/strong><\/td><td class=\"has-text-align-center\" data-align=\"center\"><strong>Gi\u1edbi h\u1ea1n b\u1ed9 nh\u1edb \u0111\u01b0\u1ee3c khuy\u1ebfn ngh\u1ecb<\/strong><\/td><\/tr><tr><td class=\"has-text-align-center\" data-align=\"center\">128MB<\/td><td class=\"has-text-align-center\" data-align=\"center\">256MB<\/td><\/tr><\/tbody><\/table><\/figure>\n\n<div class=\"wp-block-toolset-blocks-container tb-container\" data-toolset-blocks-container=\"8e3e01a3a504ebe6cb0759ef96e18a6d\">\n<p>H\u00e3y ki\u1ec3m tra gi\u1edbi h\u1ea1n b\u1ed9 nh\u1edb PHP WordPress v\u00e0 WordPress tr\u01b0\u1edbc khi c\u00e0i \u0111\u1eb7t WPML. B\u1ed9 nh\u1edb kh\u00f4ng \u0111\u1ee7 c\u00f3 th\u1ec3 g\u00e2y ra c\u00e1c v\u1ea5n \u0111\u1ec1 nghi\u00eam tr\u1ecdng nh\u01b0: <\/p>\n\n\n\n<ul class=\"wp-block-list\">\n<li>Trang web b\u1ecb s\u1eadp<\/li>\n\n\n\n<li>S\u1ef1 c\u1ed1 \u0111\u1ed3ng b\u1ed9 h\u00f3a menu<\/li>\n\n\n\n<li>Kh\u00f4ng th\u1ec3 ho\u00e0n th\u00e0nh b\u1ea3n d\u1ecbch trong Tr\u00ecnh bi\u00ean d\u1ecbch n\u00e2ng cao<\/li>\n<\/ul>\n<\/div>\n\n<p>Xem c\u00e1ch <a href=\"https:\/\/developer.wordpress.org\/advanced-administration\/wordpress\/wp-config\/#increasing-memory-allocated-to-php\" target=\"_blank\" rel=\"noreferrer noopener\">t\u0103ng b\u1ed9 nh\u1edb WordPress<\/a>.<\/p>\n\n<h2 class=\"wp-block-heading\">Y\u00eau c\u1ea7u v\u1ec1 phi\u00ean b\u1ea3n h\u1ec7 th\u1ed1ng<\/h2>\n\n<ul class=\"wp-block-list\">\n<li>WordPress 4.7 tr\u1edf l\u00ean<\/li>\n\n\n\n<li>PHP 7.4 &#8211; 8.3<\/li>\n\n\n\n<li>MySQL 5.6 tr\u1edf l\u00ean. Ho\u1eb7c, MariaDB 10.1 tr\u1edf l\u00ean \n<ul class=\"wp-block-list\">\n<li>S\u1eed d\u1ee5ng b\u1ed9 k\u00fd t\u1ef1 utf8mb4 v\u00e0 \u0111\u1ed1i chi\u1ebfu t\u01b0\u01a1ng th\u00edch Unicode. T\u00ecm hi\u1ec3u th\u00eam v\u1ec1 <a href=\"https:\/\/wpml.org\/home\/minimum-requirements\/collation-and-charset\/\">\u0111\u1ed1i chi\u1ebfu v\u00e0 b\u1ed9 k\u00fd t\u1ef1 \u0111\u01b0\u1ee3c WPML khuy\u1ebfn ngh\u1ecb<\/a>. <\/li>\n<\/ul>\n<\/li>\n<\/ul>\n\n<h2 class=\"wp-block-heading\">Y\u00eau c\u1ea7u b\u1ed5 sung<\/h2>\n\n<p>\u0110\u1ec3 WPML ho\u1ea1t \u0111\u1ed9ng \u0111\u00fang c\u00e1ch, h\u00e3y k\u00edch ho\u1ea1t nh\u1eefng \u0111i\u1ec1u sau:<\/p>\n\n<ul class=\"wp-block-list\">\n<li><a href=\"https:\/\/wpml.org\/documentation\/support\/rest-api-dependencies\/\">WordPress REST API<\/a> cho WPML<\/li>\n\n\n\n<li>Kh\u1ea3 n\u0103ng t\u1ea1o b\u1ea3ng trong c\u01a1 s\u1edf d\u1eef li\u1ec7u c\u1ee7a b\u1ea1n<\/li>\n\n\n\n<li><a href=\"http:\/\/php.net\/manual\/en\/book.mbstring.php\" target=\"_blank\" rel=\"noopener noreferrer\">Ph\u1ea7n m\u1edf r\u1ed9ng Multibyte String<\/a><\/li>\n\n\n\n<li><a href=\"http:\/\/php.net\/manual\/en\/book.simplexml.php\" target=\"_blank\" rel=\"noopener noreferrer\">Ph\u1ea7n m\u1edf r\u1ed9ng SimpleXML<\/a> \u0111\u1ec3 s\u1eed d\u1ee5ng <a href=\"https:\/\/wpml.org\/documentation\/translating-your-contents\/using-desktop-cat-tools\/\">t\u1ec7p XLIFF<\/a> trong WPML<\/li>\n\n\n\n<li>H\u00e0m PHP <code>eval()<\/code><strong> <\/strong><\/li>\n\n\n\n<li>Module PHP <code>libxml<\/code> phi\u00ean b\u1ea3n 2.7.8 ho\u1eb7c cao h\u01a1n.<\/li>\n<\/ul>\n\n<div class=\"wp-block-toolset-blocks-container tb-container\" data-toolset-blocks-container=\"c1f904918387fdcd13f37d48e05bbe4a\">\n<div id=\"FAQ\" class=\"wp-block-toolset-blocks-container tb-container\" data-toolset-blocks-container=\"b85bbea7fba27be991aa0c24c63aa6ba\">\n<h2 class=\"wp-block-heading\">Ki\u1ec3m tra c\u00e1c y\u00eau c\u1ea7u c\u1ee5 th\u1ec3<\/h2>\n\n\n\n<div class=\"wp-block-toolset-blocks-container tb-container\" data-toolset-blocks-container=\"b58d71c6b23adcf044605babd02164c4\">\n<div class=\"tb-fields-and-text\" data-toolset-blocks-fields-and-text=\"da3b7950306720c29addcb55ec6222b7\"><p><a class=\"anchorlink btn btn-primary no-underline\" role=\"button\" href=\"#other-requirements\" data-toggle=\"collapse\" aria-expanded=\"false\" aria-controls=\"collapseExample\" style=\"color: #373737; font-weight: bold;\">L\u00e0m th\u1ebf n\u00e0o \u0111\u1ec3 t\u00f4i c\u00f3 th\u1ec3 ki\u1ec3m tra gi\u1edbi h\u1ea1n b\u1ed9 nh\u1edb, k\u00edch th\u01b0\u1edbc ng\u0103n x\u1ebfp, phi\u00ean b\u1ea3n WordPress v\u00e0 c\u00e1c y\u00eau c\u1ea7u kh\u00e1c?<\/a><\/p><\/div>\n\n\n\n<div id=\"other-requirements\" class=\"wp-block-toolset-blocks-container tb-container collapse\" data-toolset-blocks-container=\"98af0b643138d9b1faeb3a947730f86f\">\n<div class=\"wp-block-toolset-blocks-container tb-container card-body card\" data-toolset-blocks-container=\"64967a84567eef912b20c4f89304de4e\">\n<p class=\"tb-heading\" data-toolset-blocks-heading=\"8421bda8b50dfb8caa6445075e894f0b\" data-last-update=\"1.4\">B\u1ea1n c\u00f3 th\u1ec3 ki\u1ec3m tra c\u00e1c y\u00eau c\u1ea7u kh\u00e1c nhau tr\u1ef1c ti\u1ebfp t\u1eeb WordPress.<\/p>\n\n\n\n<p class=\"tb-heading\" data-toolset-blocks-heading=\"8421bda8b50dfb8caa6445075e894f0b\" data-last-update=\"1.4\">\u0110\u0103ng nh\u1eadp v\u00e0o trang qu\u1ea3n tr\u1ecb WordPress c\u1ee7a b\u1ea1n, \u0111i t\u1edbi <strong>C\u00f4ng c\u1ee5 \u2192 S\u1ee9c kh\u1ecfe Trang web,<\/strong> v\u00e0 nh\u1ea5p v\u00e0o tab <strong>Th\u00f4ng tin<\/strong>. Cu\u1ed9n xu\u1ed1ng v\u00e0 m\u1edf r\u1ed9ng c\u00e1c ph\u1ea7n kh\u00e1c nhau \u0111\u1ec3 t\u00ecm th\u00f4ng tin v\u1ec1 b\u1ed9 nh\u1edb PHP ho\u1eb7c phi\u00ean b\u1ea3n, phi\u00ean b\u1ea3n WordPress c\u1ee7a b\u1ea1n, v\u00e0 nhi\u1ec1u h\u01a1n n\u1eefa. <\/p>\n\n\n\n<p class=\"tb-heading\" data-toolset-blocks-heading=\"8421bda8b50dfb8caa6445075e894f0b\" data-last-update=\"1.4\">\u0110\u1ec3 ki\u1ec3m tra k\u00edch th\u01b0\u1edbc ng\u0103n x\u1ebfp hi\u1ec7n c\u00f3 v\u00e0 c\u00e1c th\u00f4ng tin PHP kh\u00e1c (nh\u01b0 m\u1ee9c s\u1eed d\u1ee5ng v\u00e0 gi\u1edbi h\u1ea1n b\u1ed9 nh\u1edb), h\u00e3y truy c\u1eadp <strong>WPML \u2192 H\u1ed7 tr\u1ee3<\/strong>. <\/p>\n<\/div>\n<\/div>\n<\/div>\n\n\n\n<div class=\"wp-block-toolset-blocks-container tb-container\" data-toolset-blocks-container=\"2f09509b4fbf47d0b7f274ce6b56eff3\">\n<div id=\"calculate-your-cost-lnk\" class=\"tb-fields-and-text\" data-toolset-blocks-fields-and-text=\"a81bc486b5f2bcfbdb7651888eececa7\"><p><a class=\"anchorlink btn btn-primary no-underline\" role=\"button\" href=\"#permalinks\" data-toggle=\"collapse\" aria-expanded=\"false\" aria-controls=\"collapseExample\" style=\"color: #373737; font-weight: bold;\">T\u00f4i n\u00ean c\u00f3 c\u1ea5u tr\u00fac permalink n\u00e0o?<\/a><\/p><\/div>\n\n\n\n<div id=\"permalinks\" class=\"wp-block-toolset-blocks-container tb-container collapse\" data-toolset-blocks-container=\"a8b293a5fc7d5497bbecea796ba236da\">\n<div class=\"wp-block-toolset-blocks-container tb-container card-body card\" data-toolset-blocks-container=\"4709f8ae6b8c27d262b7a97685dda302\">\n<p class=\"tb-heading\" data-toolset-blocks-heading=\"8421bda8b50dfb8caa6445075e894f0b\" data-last-update=\"1.4\">WPML th\u00eam th\u00f4ng tin ng\u00f4n ng\u1eef v\u00e0o URL. N\u00f3 \u0111\u00e3 \u0111\u01b0\u1ee3c ki\u1ec3m tra v\u1edbi c\u00e1c c\u1ea5u tr\u00fac permalink sau: <\/p>\n\n\n\n<ul class=\"wp-block-list\">\n<li>M\u1eb7c \u0111\u1ecbnh<\/li>\n\n\n\n<li>\/%year%\/%monthnum%\/%postname%\/<\/li>\n<\/ul>\n\n\n\n<p class=\"tb-heading\" data-toolset-blocks-heading=\"8421bda8b50dfb8caa6445075e894f0b\" data-last-update=\"1.4\"><strong>Gi\u1ea3i tr\u00ecnh:<\/strong><\/p>\n\n\n\n<p class=\"tb-heading\" data-toolset-blocks-heading=\"8421bda8b50dfb8caa6445075e894f0b\" data-last-update=\"1.4\">C\u00e1c c\u1ea5u tr\u00fac permalink kh\u00e1c c\u0169ng c\u00f3 th\u1ec3 ho\u1ea1t \u0111\u1ed9ng nh\u01b0ng c\u00f3 th\u1ec3 g\u00e2y ra v\u1ea5n \u0111\u1ec1 tr\u00ean c\u00e1c c\u1ea5u h\u00ecnh kh\u00e1c nhau. Trong t\u1ea5t c\u1ea3 c\u00e1c trang web c\u1ee7a ch\u00fang t\u00f4i, ch\u00fang t\u00f4i \u0111ang s\u1eed d\u1ee5ng <strong>\/%year%\/%monthnum%\/%postname%\/<\/strong>. <\/p>\n\n\n\n<p class=\"tb-heading\" data-toolset-blocks-heading=\"8421bda8b50dfb8caa6445075e894f0b\" data-last-update=\"1.4\">\u0110\u1ed1i v\u1edbi c\u00e1c trang, b\u1ea1n s\u1ebd nh\u1eadn \u0111\u01b0\u1ee3c ch\u00ednh x\u00e1c c\u00e1c URL gi\u1ed1ng nh\u01b0 v\u1edbi <strong>\/%postname%\/<\/strong>. Tuy nhi\u00ean, v\u1edbi c\u1ea5u tr\u00fac permalink n\u00e0y, WordPress s\u1ebd kh\u00f4ng c\u00f3 c\u00e1ch n\u00e0o nh\u1ea7m l\u1eabn gi\u1eefa trang v\u00e0 b\u00e0i vi\u1ebft, g\u00e2y ra c\u00e1c v\u1ea5n \u0111\u1ec1 ti\u1ec1m \u1ea9n cho vi\u1ec7c ph\u00e2n gi\u1ea3i ng\u00f4n ng\u1eef.  <\/p>\n<\/div>\n<\/div>\n<\/div>\n\n\n\n<div class=\"wp-block-toolset-blocks-container tb-container\" data-toolset-blocks-container=\"6ef63d2603c160319392f5afbc8bd96d\">\n<div id=\"calculate-your-cost-lnk\" class=\"tb-fields-and-text\" data-toolset-blocks-fields-and-text=\"a81bc486b5f2bcfbdb7651888eececa7\"><p><a class=\"anchorlink btn btn-primary no-underline\" role=\"button\" href=\"#eval\" data-toggle=\"collapse\" aria-expanded=\"false\" aria-controls=\"collapseExample\" style=\"color: #373737; font-weight: bold;\">T\u1ea1i sao t\u00f4i n\u00ean k\u00edch ho\u1ea1t h\u00e0m eval() c\u1ee7a PHP?<\/a><\/p><\/div>\n\n\n\n<div id=\"eval\" class=\"wp-block-toolset-blocks-container tb-container collapse\" data-toolset-blocks-container=\"3783bae51680724b42d26398e79850b6\">\n<div class=\"wp-block-toolset-blocks-container tb-container card-body card\" data-toolset-blocks-container=\"4709f8ae6b8c27d262b7a97685dda302\">\n<p class=\"tb-heading\" data-toolset-blocks-heading=\"8421bda8b50dfb8caa6445075e894f0b\" data-last-update=\"1.4\">WPML s\u1eed d\u1ee5ng framework <strong>TWIG<\/strong> cho c\u1ea5u tr\u00fac v\u00e0 m\u1eabu c\u1ee7a n\u00f3. \u0110i\u1ec1u n\u00e0y c\u00f3 ngh\u0129a l\u00e0 h\u00e0m <strong>eval()<\/strong> ph\u1ea3i \u0111\u01b0\u1ee3c k\u00edch ho\u1ea1t \u0111\u1ec3 WPML ho\u1ea1t \u0111\u1ed9ng \u0111\u00fang c\u00e1ch. <\/p>\n\n\n\n<p class=\"tb-heading\" data-toolset-blocks-heading=\"8421bda8b50dfb8caa6445075e894f0b\" data-last-update=\"1.4\">H\u1ea7u h\u1ebft c\u00e1c c\u00f4ng c\u1ee5 t\u1ea1o khu\u00f4n m\u1eabu ph\u1ed5 bi\u1ebfn, ch\u1eb3ng h\u1ea1n nh\u01b0 <strong>Smarty<\/strong> v\u00e0 <strong>TWIG<\/strong> , \u0111\u1ec1u nh\u1eadn th\u1ea5y r\u1eb1ng vi\u1ec7c vi\u1ebft m\u00e3 PHP v\u00e0o m\u1ed9t t\u1ec7p s\u1ebd nhanh h\u01a1n. B\u1eb1ng c\u00e1ch \u0111\u00f3, n\u00f3 c\u00f3 th\u1ec3 t\u1eadn d\u1ee5ng b\u1ed9 nh\u1edb \u0111\u1ec7m <strong>OPcode<\/strong> v\u00e0 tr\u00e1nh y\u00eau c\u1ea7u x\u00e2y d\u1ef1ng m\u00e3 m\u1eabu trong th\u1eddi gian ch\u1ea1y. <\/p>\n\n\n\n<p class=\"tb-heading\" data-toolset-blocks-heading=\"8421bda8b50dfb8caa6445075e894f0b\" data-last-update=\"1.4\"><strong>TWIG<\/strong> th\u1ef1c hi\u1ec7n nhi\u1ec1u ki\u1ec3m tra v\u00e0 x\u1eed l\u00fd \u0111\u1ec3 tr\u00e1nh c\u00e1c cu\u1ed9c t\u1ea5n c\u00f4ng c\u00f3 th\u1ec3 x\u1ea3y ra v\u00e0 an to\u00e0n \u0111\u1ec3 s\u1eed d\u1ee5ng v\u1edbi WPML. Tuy nhi\u00ean, ch\u00fang t\u00f4i kh\u00f4ng th\u1ec3 \u0111\u1ea3m b\u1ea3o r\u1eb1ng c\u00e1c nh\u00e0 ph\u00e1t tri\u1ec3n kh\u00e1c \u0111\u00e3 th\u1ef1c hi\u1ec7n c\u00e1c ki\u1ec3m tra gi\u1ed1ng nh\u01b0 ch\u00fang t\u00f4i \u0111\u00e3 l\u00e0m trong quy tr\u00ecnh \u0110\u1ea3m b\u1ea3o Ch\u1ea5t l\u01b0\u1ee3ng c\u1ee7a m\u00ecnh. <\/p>\n\n\n\n<p class=\"tb-heading\" data-toolset-blocks-heading=\"8421bda8b50dfb8caa6445075e894f0b\" data-last-update=\"1.4\">Ch\u00fang t\u00f4i v\u1eabn \u0111ang nghi\u00ean c\u1ee9u c\u00e1c gi\u1ea3i ph\u00e1p c\u00f3 th\u1ec3 kh\u00f4ng y\u00eau c\u1ea7u bi\u00ean d\u1ecbch m\u1eabu ngay l\u1eadp t\u1ee9c v\u00e0 s\u1ebd l\u00e0m cho vi\u1ec7c s\u1eed d\u1ee5ng h\u00e0m <strong>eval()<\/strong> kh\u00f4ng c\u1ea7n thi\u1ebft. Tuy nhi\u00ean, \u1edf th\u1eddi \u0111i\u1ec3m hi\u1ec7n t\u1ea1i, \u0111\u00e2y l\u00e0 gi\u1ea3i ph\u00e1p t\u1ed1t nh\u1ea5t. <\/p>\n\n\n\n<p class=\"tb-heading\" data-toolset-blocks-heading=\"8421bda8b50dfb8caa6445075e894f0b\" data-last-update=\"1.4\">Xin l\u01b0u \u00fd r\u1eb1ng th\u00f4ng th\u01b0\u1eddng, h\u00e0m <strong>eval()<\/strong> kh\u00f4ng th\u1ec3 b\u1ecb v\u00f4 hi\u1ec7u h\u00f3a trong PHP, nh\u01b0ng m\u1ed9t s\u1ed1 ph\u1ea7n m\u1edf r\u1ed9ng nh\u01b0 <strong>Suhosin<\/strong> c\u00f3 th\u1ec3 l\u00e0m \u0111i\u1ec1u \u0111\u00f3. C\u00e1c ti\u1ec7n \u00edch m\u1edf r\u1ed9ng n\u00e0y c\u00f3 th\u1ec3 \u0111\u01b0\u1ee3c c\u00e0i \u0111\u1eb7t v\u00e0 \u0111\u1ecbnh c\u1ea5u h\u00ecnh b\u1edfi nh\u00e0 cung c\u1ea5p d\u1ecbch v\u1ee5 l\u01b0u tr\u1eef c\u1ee7a b\u1ea1n. <\/p>\n<\/div>\n<\/div>\n<\/div>\n<\/div>\n<\/div>\n","protected":false},"excerpt":{"rendered":"<p>\u0110\u1ea3m b\u1ea3o trang web c\u1ee7a b\u1ea1n ho\u1ea1t \u0111\u1ed9ng tr\u01a1n tru v\u1edbi WPML b\u1eb1ng c\u00e1ch \u0111\u00e1p \u1ee9ng c\u00e1c y\u00eau c\u1ea7u t\u1ed1i thi\u1ec3u \u0111\u01a1n gi\u1ea3n n\u00e0y. Y\u00eau c\u1ea7u quan tr\u1ecdng: B\u1ed9 nh\u1edb WordPress Gi\u1edbi h\u1ea1n b\u1ed9 nh\u1edb t\u1ed1i thi\u1ec3u Gi\u1edbi h\u1ea1n b\u1ed9 nh\u1edb \u0111\u01b0\u1ee3c khuy\u1ebfn ngh\u1ecb 128MB 256MB Xem c\u00e1ch t\u0103ng b\u1ed9 nh\u1edb WordPress. Y\u00eau c\u1ea7u v\u1ec1 [&hellip;]<\/p>\n","protected":false},"author":1,"featured_media":0,"parent":15734339,"menu_order":35,"comment_status":"closed","ping_status":"closed","template":"template-nosidebar-centered.php","meta":{"_bbp_topic_count":0,"_bbp_reply_count":0,"_bbp_total_topic_count":0,"_bbp_total_reply_count":0,"_bbp_voice_count":0,"_bbp_anonymous_reply_count":0,"_bbp_topic_count_hidden":0,"_bbp_reply_count_hidden":0,"_bbp_forum_subforum_count":0,"_uag_custom_page_level_css":"","ep_exclude_from_search":false,"footnotes":""},"related-projects-category":[],"class_list":["post-15696718","page","type-page","status-publish","hentry"],"spectra_custom_meta":{"ratings_users":["0"],"ratings_score":["0"],"ratings_average":["0"],"_subscription_coupon_product_id":["0"],"_wpv_contains_gutenberg_views":[""],"_alp_processed":["1777019372"],"_views_template":["0"],"wpcf-unformatted-code":[""],"_wpml_media_duplicate":["0"],"_wpml_media_featured":["1"],"wpcf-price-increase-show-from":[""],"wpcf-price-increase-show-till":[""],"_wp_page_template":["template-nosidebar-centered.php"],"_last_translation_edit_mode":["translation-editor"],"toolset_post_editor_mode":["block"],"_wpml_word_count":["729"],"_yoast_wpseo_title":["Y\u00eau c\u1ea7u t\u1ed1i thi\u1ec3u c\u1ee7a WPML"],"_yoast_wpseo_metadesc":["\u0110\u1ea3m b\u1ea3o trang web c\u1ee7a b\u1ea1n ho\u1ea1t \u0111\u1ed9ng tr\u01a1n tru v\u1edbi WPML b\u1eb1ng c\u00e1ch \u0111\u00e1p \u1ee9ng c\u00e1c y\u00eau c\u1ea7u t\u1ed1i thi\u1ec3u \u0111\u01a1n gi\u1ea3n n\u00e0y."],"_uag_css_file_name":["uag-css-15696718.css"],"_uag_page_assets":["a:9:{s:3:\"css\";s:260:\".uag-blocks-common-selector{z-index:var(--z-index-desktop) !important}@media(max-width: 976px){.uag-blocks-common-selector{z-index:var(--z-index-tablet) !important}}@media(max-width: 767px){.uag-blocks-common-selector{z-index:var(--z-index-mobile) !important}}\";s:2:\"js\";s:0:\"\";s:18:\"current_block_list\";a:9:{i:0;s:14:\"core\/paragraph\";i:1;s:12:\"core\/heading\";i:2;s:10:\"core\/table\";i:3;s:24:\"toolset-blocks\/container\";i:4;s:9:\"core\/list\";i:5;s:14:\"core\/list-item\";i:7;s:30:\"toolset-blocks\/fields-and-text\";i:10;s:22:\"toolset-blocks\/heading\";i:11;s:14:\"core\/shortcode\";}s:8:\"uag_flag\";b:0;s:11:\"uag_version\";s:10:\"1778257088\";s:6:\"gfonts\";a:0:{}s:10:\"gfonts_url\";s:0:\"\";s:12:\"gfonts_files\";a:0:{}s:14:\"uag_faq_layout\";b:0;}"]},"uagb_featured_image_src":{"full":false,"thumbnail":false,"medium":false,"medium_large":false,"large":false,"1536x1536":false,"2048x2048":false,"gform-image-choice-sm":false,"gform-image-choice-md":false,"gform-image-choice-lg":false,"woocommerce_thumbnail":false,"woocommerce_single":false,"woocommerce_gallery_thumbnail":false},"uagb_author_info":{"display_name":"Amir","author_link":"https:\/\/wpml.org\/vi\/author\/admingm\/"},"uagb_comment_info":0,"uagb_excerpt":"\u0110\u1ea3m b\u1ea3o trang web c\u1ee7a b\u1ea1n ho\u1ea1t \u0111\u1ed9ng tr\u01a1n tru v\u1edbi WPML b\u1eb1ng c\u00e1ch \u0111\u00e1p \u1ee9ng c\u00e1c y\u00eau c\u1ea7u t\u1ed1i thi\u1ec3u \u0111\u01a1n gi\u1ea3n n\u00e0y. Y\u00eau c\u1ea7u quan tr\u1ecdng: B\u1ed9 nh\u1edb WordPress Gi\u1edbi h\u1ea1n b\u1ed9 nh\u1edb t\u1ed1i thi\u1ec3u Gi\u1edbi h\u1ea1n b\u1ed9 nh\u1edb \u0111\u01b0\u1ee3c khuy\u1ebfn ngh\u1ecb 128MB 256MB Xem c\u00e1ch t\u0103ng b\u1ed9 nh\u1edb WordPress. Y\u00eau c\u1ea7u v\u1ec1&hellip;","_links":{"self":[{"href":"https:\/\/wpml.org\/vi\/wp-json\/wp\/v2\/pages\/15696718","targetHints":{"allow":["GET"]}}],"collection":[{"href":"https:\/\/wpml.org\/vi\/wp-json\/wp\/v2\/pages"}],"about":[{"href":"https:\/\/wpml.org\/vi\/wp-json\/wp\/v2\/types\/page"}],"author":[{"embeddable":true,"href":"https:\/\/wpml.org\/vi\/wp-json\/wp\/v2\/users\/1"}],"replies":[{"embeddable":true,"href":"https:\/\/wpml.org\/vi\/wp-json\/wp\/v2\/comments?post=15696718"}],"version-history":[{"count":8,"href":"https:\/\/wpml.org\/vi\/wp-json\/wp\/v2\/pages\/15696718\/revisions"}],"predecessor-version":[{"id":17992041,"href":"https:\/\/wpml.org\/vi\/wp-json\/wp\/v2\/pages\/15696718\/revisions\/17992041"}],"up":[{"embeddable":true,"href":"https:\/\/wpml.org\/vi\/wp-json\/wp\/v2\/pages\/15734339"}],"wp:attachment":[{"href":"https:\/\/wpml.org\/vi\/wp-json\/wp\/v2\/media?parent=15696718"}],"wp:term":[{"taxonomy":"related-projects-category","embeddable":true,"href":"https:\/\/wpml.org\/vi\/wp-json\/wp\/v2\/related-projects-category?post=15696718"}],"curies":[{"name":"wp","href":"https:\/\/api.w.org\/{rel}","templated":true}]}}