{"id":15711846,"date":"2024-06-06T14:23:48","date_gmt":"2024-06-06T14:23:48","guid":{"rendered":"https:\/\/wpml.org\/quan-ly-dich-thuat\/xu-ly-cong-viec-dich-thuat-trong-cac-dia-diem-san-xuat-dan-dung-va-phat-trien\/"},"modified":"2024-06-06T14:23:51","modified_gmt":"2024-06-06T14:23:51","slug":"xu-ly-cong-viec-dich-thuat-trong-cac-dia-diem-san-xuat-dan-dung-va-phat-trien","status":"publish","type":"page","link":"https:\/\/wpml.org\/vi\/tai-lieu-wpml\/quan-ly-dich-thuat\/xu-ly-cong-viec-dich-thuat-trong-cac-dia-diem-san-xuat-dan-dung-va-phat-trien\/","title":{"rendered":"X\u1eed l\u00fd c\u00f4ng vi\u1ec7c d\u1ecbch thu\u1eadt trong c\u00e1c \u0111\u1ecba \u0111i\u1ec3m s\u1ea3n xu\u1ea5t, d\u00e0n d\u1ef1ng v\u00e0 ph\u00e1t tri\u1ec3n"},"content":{"rendered":"<p class=\"lead\">Th\u00f4ng th\u01b0\u1eddng, vi\u1ec7c s\u1eed d\u1ee5ng m\u1ed9t s\u1ed1 trang web ri\u00eang bi\u1ec7t nh\u01b0 m\u1ed9t ph\u1ea7n c\u1ee7a qu\u00e1 tr\u00ecnh ph\u00e1t tri\u1ec3n l\u00e0 \u0111i\u1ec1u b\u00ecnh th\u01b0\u1eddng. B\u1ea1n c\u00f3 th\u1ec3 c\u00f3 m\u1ed9t s\u1ed1 b\u1ea3n sao trang web c\u1ee7a m\u00ecnh \u0111\u1ec3 t\u1eeb \u0111\u00f3 b\u1ea1n c\u00f3 th\u1ec3 g\u1eedi n\u1ed9i dung c\u1ea7n d\u1ecbch.<\/p>\n<p>Khi g\u1eedi m\u1ed9t c\u00f4ng vi\u1ec7c \u0111\u1ec3 d\u1ecbch, chi ti\u1ebft c\u00f4ng vi\u1ec7c s\u1ebd \u0111\u01b0\u1ee3c nh\u1eadp v\u00e0o c\u01a1 s\u1edf d\u1eef li\u1ec7u c\u1ee7a b\u1ea1n. B\u1ea1n ch\u1ec9 c\u00f3 th\u1ec3 nh\u1eadn b\u1ea3n d\u1ecbch t\u1eeb c\u00e1c trang web c\u00f3 c\u00f4ng vi\u1ec7c \u0111\u00f3 trong c\u01a1 s\u1edf d\u1eef li\u1ec7u c\u1ee7a h\u1ecd. V\u00ec v\u1eady b\u1ea1n ph\u1ea3i c\u1ea9n th\u1eadn khi g\u1eedi c\u00f4ng vi\u1ec7c d\u1ecbch thu\u1eadt t\u1eeb b\u1ea3n sao ph\u00f9 h\u1ee3p c\u1ee7a trang web c\u1ee7a b\u1ea1n.<\/p>\n<div class=\"alert alert-info\" role=\"alert\">Vi\u1ec7c t\u1ea3i xu\u1ed1ng b\u1ea3n d\u1ecbch t\u1eeb m\u1ed9t trong c\u00e1c phi\u00ean b\u1ea3n c\u1ee7a b\u1ea1n s\u1ebd kh\u00f4ng ng\u0103n c\u1ea3n b\u1ea1n t\u1ea3i xu\u1ed1ng b\u1ea3n d\u1ecbch \u0111\u00f3 tr\u00ean m\u1ed9t phi\u00ean b\u1ea3n kh\u00e1c.<\/div>\n<p>Ch\u00fang ta h\u00e3y xem x\u00e9t m\u1ed9t k\u1ecbch b\u1ea3n c\u00f3 th\u1ec3 x\u1ea3y ra:<\/p>\n<ul>\n<li>Ch\u00fang t\u00f4i c\u00f3 m\u1ed9t trang web c\u00f3 t\u00ean l\u00e0 &#8220;Tr\u1ef1c ti\u1ebfp&#8221; v\u00e0 ch\u00fang t\u00f4i sao ch\u00e9p n\u00f3 v\u00e0o m\u1ed9t trang c\u00f3 t\u00ean l\u00e0 &#8220;Ph\u00e1t tri\u1ec3n&#8221;.<\/li>\n<li>Ch\u00fang t\u00f4i g\u1eedi &#8220;Trang 1&#8221; \u0111\u1ec3 d\u1ecbch t\u1eeb trang &#8220;Tr\u1ef1c ti\u1ebfp&#8221;.<\/li>\n<li>B\u00e2y gi\u1edd, ch\u00fang t\u00f4i t\u1ea1o m\u1ed9t b\u1ea3n sao kh\u00e1c c\u1ee7a trang &#8220;Tr\u1ef1c ti\u1ebfp&#8221; v\u00e0 g\u1ecdi n\u00f3 l\u00e0 &#8220;Th\u1eed nghi\u1ec7m&#8221;.<\/li>\n<li>T\u1eeb trang &#8220;Ph\u00e1t tri\u1ec3n&#8221;, ch\u00fang t\u00f4i g\u1eedi &#8220;Trang 2&#8221; \u0111\u1ec3 d\u1ecbch.<\/li>\n<li>T\u1eeb trang &#8220;Ki\u1ec3m tra&#8221;, ch\u00fang t\u00f4i g\u1eedi &#8220;Trang 3&#8221; \u0111\u1ec3 d\u1ecbch.<\/li>\n<\/ul>\n<p>N\u1ed9i dung n\u00e0o \u0111\u01b0\u1ee3c g\u1eedi \u0111\u1ebfn m\u1ed9t trang web c\u1ee5 th\u1ec3 s\u1ebd ph\u1ee5 thu\u1ed9c v\u00e0o ph\u01b0\u01a1ng th\u1ee9c ph\u00e2n ph\u1ed1i b\u1ea3n d\u1ecbch. Ch\u00fang t\u00f4i c\u00f3 th\u1ec3 s\u1eed d\u1ee5ng ph\u01b0\u01a1ng ph\u00e1p ph\u00e2n ph\u1ed1i b\u1ea3n d\u1ecbch t\u1ef1 \u0111\u1ed9ng ho\u1eb7c th\u1ee7 c\u00f4ng. T\u00ednh n\u0103ng ph\u00e2n ph\u1ed1i t\u1ef1 \u0111\u1ed9ng ch\u1ec9 ho\u1ea1t \u0111\u1ed9ng \u0111\u1ed1i v\u1edbi trang web g\u1ed1c (t\u1ee9c l\u00e0 &#8220;Tr\u1ef1c ti\u1ebfp&#8221;) n\u01a1i ch\u00fang t\u00f4i k\u00edch ho\u1ea1t d\u1ecbch v\u1ee5 d\u1ecbch l\u1ea7n \u0111\u1ea7u ti\u00ean. Tr\u00ean c\u00e1c b\u1ea3n sao trang web kh\u00e1c, ch\u00fang t\u00f4i ch\u1ec9 c\u00f3 th\u1ec3 t\u00ecm n\u1ea1p b\u1ea3n d\u1ecbch theo c\u00e1ch th\u1ee7 c\u00f4ng.<\/p>\n<p>N\u1ebfu ch\u00fang t\u00f4i b\u1eadt t\u00ednh n\u0103ng <strong>ph\u00e2n ph\u1ed1i b\u1ea3n d\u1ecbch t\u1ef1 \u0111\u1ed9ng<\/strong> th\u00ec \u0111i\u1ec1u sau s\u1ebd x\u1ea3y ra:<\/p>\n<ul>\n<li>Trang &#8220;Tr\u1ef1c ti\u1ebfp&#8221; kh\u00f4ng c\u00f3 h\u1ed3 s\u01a1 v\u1ec1 &#8220;Trang 2&#8221; v\u00e0 &#8220;Trang 3&#8221; \u0111\u01b0\u1ee3c g\u1eedi \u0111i d\u1ecbch. Ch\u1ec9 b\u1ea3n d\u1ecbch c\u1ee7a &#8220;Trang 1&#8221; m\u1edbi \u0111\u01b0\u1ee3c ch\u1ea5p nh\u1eadn v\u00e0 \u00e1p d\u1ee5ng cho trang &#8220;Tr\u1ef1c ti\u1ebfp&#8221;.<\/li>\n<\/ul>\n<p>N\u1ebfu ch\u00fang t\u00f4i <strong>t\u00ecm n\u1ea1p c\u00e1c b\u1ea3n d\u1ecbch theo c\u00e1ch th\u1ee7 c\u00f4ng th\u00ec<\/strong> t\u00ecnh hu\u1ed1ng s\u1ebd nh\u01b0 sau:<\/p>\n<ul>\n<li>Trang &#8220;Tr\u1ef1c ti\u1ebfp&#8221; s\u1ebd ch\u1ec9 nh\u1eadn \u0111\u01b0\u1ee3c b\u1ea3n d\u1ecbch cho &#8220;Trang 1&#8221;. \u0110\u1ed3ng th\u1eddi, trang &#8220;Ph\u00e1t tri\u1ec3n&#8221; s\u1ebd nh\u1eadn b\u1ea3n d\u1ecbch cho &#8220;Trang 2&#8221; v\u00e0 trang &#8220;Th\u1eed nghi\u1ec7m&#8221; s\u1ebd nh\u1eadn b\u1ea3n d\u1ecbch cho &#8220;Trang 1&#8221; v\u00e0 &#8220;Trang 3&#8221;.<\/li>\n<li>Trang &#8220;Ph\u00e1t tri\u1ec3n&#8221; \u0111\u01b0\u1ee3c t\u1ea1o tr\u01b0\u1edbc khi &#8220;Trang 1&#8221; \u0111\u01b0\u1ee3c g\u1eedi \u0111i d\u1ecbch, v\u00ec v\u1eady kh\u00f4ng th\u1ec3 l\u1ea5y b\u1ea3n d\u1ecbch cho trang \u0111\u00f3.<\/li>\n<li>Trang &#8220;Th\u1eed nghi\u1ec7m&#8221; \u0111\u01b0\u1ee3c t\u1ea1o sau khi &#8220;Trang 1&#8221; \u0111\u01b0\u1ee3c g\u1eedi \u0111i d\u1ecbch n\u00ean c\u00f3 ghi l\u1ea1i h\u00e0nh \u0111\u1ed9ng \u0111\u00f3.<\/li>\n<\/ul>\n","protected":false},"excerpt":{"rendered":"<p>Th\u00f4ng th\u01b0\u1eddng, vi\u1ec7c s\u1eed d\u1ee5ng m\u1ed9t s\u1ed1 trang web ri\u00eang bi\u1ec7t nh\u01b0 m\u1ed9t ph\u1ea7n c\u1ee7a qu\u00e1 tr\u00ecnh ph\u00e1t tri\u1ec3n l\u00e0 \u0111i\u1ec1u b\u00ecnh th\u01b0\u1eddng. B\u1ea1n c\u00f3 th\u1ec3 c\u00f3 m\u1ed9t s\u1ed1 b\u1ea3n sao trang web c\u1ee7a m\u00ecnh \u0111\u1ec3 t\u1eeb \u0111\u00f3 b\u1ea1n c\u00f3 th\u1ec3 g\u1eedi n\u1ed9i dung c\u1ea7n d\u1ecbch. Khi g\u1eedi m\u1ed9t c\u00f4ng vi\u1ec7c \u0111\u1ec3 d\u1ecbch, chi ti\u1ebft [&hellip;]<\/p>\n","protected":false},"author":76577,"featured_media":0,"parent":15161897,"menu_order":99,"comment_status":"closed","ping_status":"closed","template":"","meta":{"_bbp_topic_count":0,"_bbp_reply_count":0,"_bbp_total_topic_count":0,"_bbp_total_reply_count":0,"_bbp_voice_count":0,"_bbp_anonymous_reply_count":0,"_bbp_topic_count_hidden":0,"_bbp_reply_count_hidden":0,"_bbp_forum_subforum_count":0,"_uag_custom_page_level_css":"","ep_exclude_from_search":false,"footnotes":""},"related-projects-category":[],"class_list":["post-15711846","page","type-page","status-publish","hentry"],"spectra_custom_meta":{"ratings_users":["0"],"ratings_score":["0"],"ratings_average":["0"],"_subscription_coupon_product_id":["0"],"_wpv_contains_gutenberg_views":[""],"_alp_processed":["1717683831"],"_views_template":["0"],"wpcf-unformatted-code":[""],"_wpml_media_duplicate":["1"],"_wpml_media_featured":["1"],"wpcf-price-increase-show-from":[""],"wpcf-price-increase-show-till":[""],"_wp_page_template":["default"],"_yoast_wpseo_metadesc":["B\u1ea1n c\u00f3 th\u1ec3 s\u1eed d\u1ee5ng c\u00e1c trang web ri\u00eang bi\u1ec7t nh\u01b0 m\u1ed9t ph\u1ea7n c\u1ee7a qu\u00e1 tr\u00ecnh ph\u00e1t tri\u1ec3n. \u0110i\u1ec1u quan tr\u1ecdng l\u00e0 g\u1eedi c\u00f4ng vi\u1ec7c d\u1ecbch thu\u1eadt t\u1eeb b\u1ea3n sao ph\u00f9 h\u1ee3p c\u1ee7a trang web c\u1ee7a b\u1ea1n."],"_last_translation_edit_mode":["translation-editor"],"_uag_css_file_name":["uag-css-15711846.css"],"_uag_page_assets":["a:9:{s:3:\"css\";s:260:\".uag-blocks-common-selector{z-index:var(--z-index-desktop) !important}@media(max-width: 976px){.uag-blocks-common-selector{z-index:var(--z-index-tablet) !important}}@media(max-width: 767px){.uag-blocks-common-selector{z-index:var(--z-index-mobile) !important}}\";s:2:\"js\";s:0:\"\";s:18:\"current_block_list\";a:1:{i:0;s:14:\"core\/shortcode\";}s:8:\"uag_flag\";b:0;s:11:\"uag_version\";s:10:\"1778569066\";s:6:\"gfonts\";a:0:{}s:10:\"gfonts_url\";s:0:\"\";s:12:\"gfonts_files\";a:0:{}s:14:\"uag_faq_layout\";b:0;}"]},"uagb_featured_image_src":{"full":false,"thumbnail":false,"medium":false,"medium_large":false,"large":false,"1536x1536":false,"2048x2048":false,"gform-image-choice-sm":false,"gform-image-choice-md":false,"gform-image-choice-lg":false,"woocommerce_thumbnail":false,"woocommerce_single":false,"woocommerce_gallery_thumbnail":false},"uagb_author_info":{"display_name":"Dario","author_link":"https:\/\/wpml.org\/vi\/author\/darioh\/"},"uagb_comment_info":0,"uagb_excerpt":"Th\u00f4ng th\u01b0\u1eddng, vi\u1ec7c s\u1eed d\u1ee5ng m\u1ed9t s\u1ed1 trang web ri\u00eang bi\u1ec7t nh\u01b0 m\u1ed9t ph\u1ea7n c\u1ee7a qu\u00e1 tr\u00ecnh ph\u00e1t tri\u1ec3n l\u00e0 \u0111i\u1ec1u b\u00ecnh th\u01b0\u1eddng. B\u1ea1n c\u00f3 th\u1ec3 c\u00f3 m\u1ed9t s\u1ed1 b\u1ea3n sao trang web c\u1ee7a m\u00ecnh \u0111\u1ec3 t\u1eeb \u0111\u00f3 b\u1ea1n c\u00f3 th\u1ec3 g\u1eedi n\u1ed9i dung c\u1ea7n d\u1ecbch. Khi g\u1eedi m\u1ed9t c\u00f4ng vi\u1ec7c \u0111\u1ec3 d\u1ecbch, chi ti\u1ebft&hellip;","_links":{"self":[{"href":"https:\/\/wpml.org\/vi\/wp-json\/wp\/v2\/pages\/15711846","targetHints":{"allow":["GET"]}}],"collection":[{"href":"https:\/\/wpml.org\/vi\/wp-json\/wp\/v2\/pages"}],"about":[{"href":"https:\/\/wpml.org\/vi\/wp-json\/wp\/v2\/types\/page"}],"author":[{"embeddable":true,"href":"https:\/\/wpml.org\/vi\/wp-json\/wp\/v2\/users\/76577"}],"replies":[{"embeddable":true,"href":"https:\/\/wpml.org\/vi\/wp-json\/wp\/v2\/comments?post=15711846"}],"version-history":[{"count":1,"href":"https:\/\/wpml.org\/vi\/wp-json\/wp\/v2\/pages\/15711846\/revisions"}],"predecessor-version":[{"id":15711847,"href":"https:\/\/wpml.org\/vi\/wp-json\/wp\/v2\/pages\/15711846\/revisions\/15711847"}],"up":[{"embeddable":true,"href":"https:\/\/wpml.org\/vi\/wp-json\/wp\/v2\/pages\/15161897"}],"wp:attachment":[{"href":"https:\/\/wpml.org\/vi\/wp-json\/wp\/v2\/media?parent=15711846"}],"wp:term":[{"taxonomy":"related-projects-category","embeddable":true,"href":"https:\/\/wpml.org\/vi\/wp-json\/wp\/v2\/related-projects-category?post=15711846"}],"curies":[{"name":"wp","href":"https:\/\/api.w.org\/{rel}","templated":true}]}}