{"id":15711862,"date":"2019-01-14T09:19:39","date_gmt":"2019-01-14T09:19:39","guid":{"rendered":"https:\/\/wpml.org\/lien-ket-chinh\/"},"modified":"2024-06-07T09:53:37","modified_gmt":"2024-06-07T09:53:37","slug":"lien-ket-chinh","status":"publish","type":"page","link":"https:\/\/wpml.org\/vi\/account\/lien-ket\/lien-ket-chinh\/","title":{"rendered":"Li\u00ean k\u1ebft ch\u00ednh"},"content":{"rendered":"<div class=\"woocommerce-info\">Vui l\u00f2ng \u0111\u0103ng nh\u1eadp \u0111\u1ec3 truy c\u1eadp v\u00e0o khu v\u1ef1c li\u00ean k\u1ebft c\u1ee7a b\u1ea1n.<\/div>\n\n\t\t<form class=\"wpv-form\" name=\"loginform\" id=\"loginform\" action=\"https:\/\/wpml.org\/wp-login.php\" method=\"post\">\n\t\t\t<div class=\"wp-success\"><\/div>\n\t\t\t<p class=\"login-username\">\n\t\t\t\t<label for=\"user_login\">Username or Email<\/label>\n\t\t\t\t<input type=\"text\" name=\"log\" id=\"user_login\" class=\"input\" value=\"\" size=\"20\" \/>\n\t\t\t<\/p>\n\t\t\t<p class=\"login-password\">\n\t\t\t\t<label for=\"user_pass\">M\u1eadt kh\u1ea9u<\/label>\n\t\t\t\t<input type=\"password\" name=\"pwd\" id=\"user_pass\" class=\"input\" value=\"\" size=\"20\" \/>\n\t\t\t<\/p>\n\t\t\t\n\t\t\t\n\t\t\t<p class=\"login-submit\">\n\t\t\t\t<input type=\"submit\" name=\"wp-submit\" id=\"wp-submit\" class=\"button-primary\" value=\"\u0110\u0103ng nh\u1eadp\" \/>\n\t\t\t\t<input type=\"hidden\" name=\"redirect_to\" value=\"https:\/\/wpml.org\/vi\/wp-json\/wp\/v2\/pages\/15711862\" \/>\n\t\t\t<\/p>\n\t\t\t<input type=\"hidden\" name=\"wpv_login_form\" value=\"on\"\/>\n\t\t<\/form>\n<\/p>\n","protected":false},"excerpt":{"rendered":"","protected":false},"author":64191,"featured_media":0,"parent":15714535,"menu_order":16,"comment_status":"closed","ping_status":"closed","template":"nosidebar-template.php","meta":{"_bbp_topic_count":0,"_bbp_reply_count":0,"_bbp_total_topic_count":0,"_bbp_total_reply_count":0,"_bbp_voice_count":0,"_bbp_anonymous_reply_count":0,"_bbp_topic_count_hidden":0,"_bbp_reply_count_hidden":0,"_bbp_forum_subforum_count":0,"ep_exclude_from_search":false,"footnotes":""},"related-projects-category":[],"class_list":["post-15711862","page","type-page","status-publish","hentry"],"_links":{"self":[{"href":"https:\/\/wpml.org\/vi\/wp-json\/wp\/v2\/pages\/15711862","targetHints":{"allow":["GET"]}}],"collection":[{"href":"https:\/\/wpml.org\/vi\/wp-json\/wp\/v2\/pages"}],"about":[{"href":"https:\/\/wpml.org\/vi\/wp-json\/wp\/v2\/types\/page"}],"author":[{"embeddable":true,"href":"https:\/\/wpml.org\/vi\/wp-json\/wp\/v2\/users\/64191"}],"replies":[{"embeddable":true,"href":"https:\/\/wpml.org\/vi\/wp-json\/wp\/v2\/comments?post=15711862"}],"version-history":[{"count":1,"href":"https:\/\/wpml.org\/vi\/wp-json\/wp\/v2\/pages\/15711862\/revisions"}],"predecessor-version":[{"id":15711865,"href":"https:\/\/wpml.org\/vi\/wp-json\/wp\/v2\/pages\/15711862\/revisions\/15711865"}],"up":[{"embeddable":true,"href":"https:\/\/wpml.org\/vi\/wp-json\/wp\/v2\/pages\/15714535"}],"wp:attachment":[{"href":"https:\/\/wpml.org\/vi\/wp-json\/wp\/v2\/media?parent=15711862"}],"wp:term":[{"taxonomy":"related-projects-category","embeddable":true,"href":"https:\/\/wpml.org\/vi\/wp-json\/wp\/v2\/related-projects-category?post=15711862"}],"curies":[{"name":"wp","href":"https:\/\/api.w.org\/{rel}","templated":true}]}}