{"id":15711903,"date":"2024-06-06T14:24:46","date_gmt":"2024-06-06T14:24:46","guid":{"rendered":"https:\/\/wpml.org\/huong-dan-bat-dau\/cai-dat-ngon-ngu\/an-ngon-ngu-tren-front-end\/"},"modified":"2024-12-10T14:06:34","modified_gmt":"2024-12-10T14:06:34","slug":"an-ngon-ngu-tren-front-end","status":"publish","type":"page","link":"https:\/\/wpml.org\/vi\/tai-lieu-wpml\/huong-dan-bat-dau\/cai-dat-ngon-ngu\/an-ngon-ngu-tren-front-end\/","title":{"rendered":"\u1ea8n ng\u00f4n ng\u1eef tr\u00ean Front-End"},"content":{"rendered":"\n<p class=\"lead\">WPML cho ph\u00e9p b\u1ea1n \u1ea9n ng\u00f4n ng\u1eef tr\u00ean trang web c\u1ee7a m\u00ecnh trong khi chu\u1ea9n b\u1ecb b\u1ea3n d\u1ecbch, \u0111\u1ea3m b\u1ea3o n\u1ed9i dung ch\u01b0a ho\u00e0n ch\u1ec9nh s\u1ebd \u0111\u01b0\u1ee3c \u1ea9n \u0111i.<\/p>\n\n<p>\u0110\u1ec3 \u1ea9n ng\u00f4n ng\u1eef \u1edf giao di\u1ec7n, h\u00e3y v\u00e0o trang <strong>WPML<\/strong> \u2192 <strong>Ng\u00f4n ng\u1eef<\/strong> v\u00e0 trong ph\u1ea7n <strong>\u1ea8n ng\u00f4n ng\u1eef,<\/strong> h\u00e3y ch\u1ecdn t\u1ea5t c\u1ea3 ng\u00f4n ng\u1eef m\u00e0 b\u1ea1n mu\u1ed1n \u1ea9n. Sau khi ch\u1ecdn ng\u00f4n ng\u1eef, nh\u1ea5p v\u00e0o n\u00fat <strong>L\u01b0u<\/strong> .<\/p>\n<div class=\"wp-block-image\">\n<figure class=\" tb-image tb-image-dynamic tb-image-frame-none aligncenter\" data-toolset-blocks-image=\"0c937333e46f9ddfe3e313c71fd8ecd4\"><a href=\"https:\/\/wpml.org\/wp-content\/uploads\/2021\/08\/wpml-hiding-language-from-frontend.png\"><img decoding=\"async\" width=\"1127\" height=\"569\" loading=\"lazy\" src=\"https:\/\/wpml.org\/wp-content\/uploads\/2021\/08\/wpml-hiding-language-from-frontend.png\" alt=\"\" class=\"wp-image-15711907\" srcset=\"https:\/\/wpml.org\/wp-content\/uploads\/2021\/08\/wpml-hiding-language-from-frontend.png 1127w, https:\/\/wpml.org\/wp-content\/uploads\/2021\/08\/wpml-hiding-language-from-frontend-300x151.png 300w, https:\/\/wpml.org\/wp-content\/uploads\/2021\/08\/wpml-hiding-language-from-frontend-1024x517.png 1024w, https:\/\/wpml.org\/wp-content\/uploads\/2021\/08\/wpml-hiding-language-from-frontend-150x76.png 150w, https:\/\/wpml.org\/wp-content\/uploads\/2021\/08\/wpml-hiding-language-from-frontend-768x388.png 768w\" sizes=\"auto, (max-width: 1127px) 100vw, 1127px\" \/><\/a><figcaption><div class=\"tb-image-caption\">\u1ea8n ng\u00f4n ng\u1eef \u1edf front-end<\/div><\/figcaption><\/figure>\n<\/div>\n<h2 class=\"wp-block-heading\">G\u1eedi n\u1ed9i dung \u0111\u1ec3 d\u1ecbch v\u00e0 xem l\u1ea1i b\u1ea3n d\u1ecbch cho c\u00e1c ng\u00f4n ng\u1eef b\u1ecb \u1ea9n<\/h2>\n\n<p>\u0110\u1ec3 <a href=\"https:\/\/wpml.org\/documentation\/translating-your-contents\/\">g\u1eedi n\u1ed9i dung d\u1ecbch<\/a> cho c\u00e1c ng\u00f4n ng\u1eef \u1ea9n, tr\u01b0\u1edbc ti\u00ean b\u1ea1n ph\u1ea3i thay \u0111\u1ed5i v\u00e0 \u0111i\u1ec1u ch\u1ec9nh m\u1ed9t c\u00e0i \u0111\u1eb7t h\u1ed3 s\u01a1 ng\u01b0\u1eddi d\u00f9ng cho ng\u01b0\u1eddi d\u1ecbch c\u1ee7a m\u00ecnh. \u0110i\u1ec1u n\u00e0y c\u0169ng \u00e1p d\u1ee5ng n\u1ebfu b\u1ea1n c\u1ea7n cho ph\u00e9p ng\u01b0\u1eddi d\u1ecbch xem x\u00e9t v\u00e0 ph\u00ea duy\u1ec7t c\u00e1c b\u1ea3n d\u1ecbch \u0111ang ch\u1edd x\u1eed l\u00fd cho c\u00e1c ng\u00f4n ng\u1eef n\u00e0y.<\/p>\n\n<ol class=\"wp-block-list\">\n<li>\u0110i t\u1edbi <strong>Ng\u01b0\u1eddi d\u00f9ng<\/strong> \u2192 <strong>T\u1ea5t c\u1ea3 ng\u01b0\u1eddi d\u00f9ng<\/strong> v\u00e0 nh\u1ea5p v\u00e0o <strong>Ch\u1ec9nh s\u1eeda<\/strong> b\u00ean c\u1ea1nh ng\u01b0\u1eddi d\u00f9ng m\u00e0 b\u1ea1n mu\u1ed1n xem ng\u00f4n ng\u1eef \u1ea9n.<\/li>\n\n\n\n<li>T\u00ecm ph\u1ea7n <strong>c\u00e0i \u0111\u1eb7t ng\u00f4n ng\u1eef WPML<\/strong> v\u00e0 \u0111\u00e1nh d\u1ea5u v\u00e0o \u00f4 Hi\u1ec3n <strong>th\u1ecb ng\u00f4n ng\u1eef \u1ea9n<\/strong> .<\/li>\n\n\n\n<li>B\u1ea5m v\u00e0o n\u00fat <strong>C\u1eadp nh\u1eadt h\u1ed3 s\u01a1<\/strong> \u0111\u1ec3 l\u01b0u.<\/li>\n<\/ol>\n<div class=\"wp-block-image\">\n<figure class=\" tb-image tb-image-dynamic tb-image-frame-none aligncenter\" data-toolset-blocks-image=\"f7338b238b5c7b32fd2f9da85b9f02a0\"><a href=\"https:\/\/wpml.org\/wp-content\/uploads\/2021\/10\/wpml-edit-user-profile-settings.png\"><img decoding=\"async\" width=\"877\" height=\"438\" loading=\"lazy\" src=\"https:\/\/wpml.org\/wp-content\/uploads\/2021\/10\/wpml-edit-user-profile-settings.png\" alt=\"\" class=\"wp-image-15711908\" srcset=\"https:\/\/wpml.org\/wp-content\/uploads\/2021\/10\/wpml-edit-user-profile-settings.png 877w, https:\/\/wpml.org\/wp-content\/uploads\/2021\/10\/wpml-edit-user-profile-settings-300x150.png 300w, https:\/\/wpml.org\/wp-content\/uploads\/2021\/10\/wpml-edit-user-profile-settings-150x75.png 150w, https:\/\/wpml.org\/wp-content\/uploads\/2021\/10\/wpml-edit-user-profile-settings-768x384.png 768w\" sizes=\"auto, (max-width: 877px) 100vw, 877px\" \/><\/a><figcaption><div class=\"tb-image-caption\">Ch\u1ec9nh s\u1eeda c\u00e0i \u0111\u1eb7t h\u1ed3 s\u01a1 ng\u01b0\u1eddi d\u00f9ng<\/div><\/figcaption><\/figure>\n<\/div>\n<p>Gi\u1edd \u0111\u00e2y, b\u1ea1n c\u00f3 th\u1ec3 ch\u1ec9 \u0111\u1ecbnh c\u00f4ng vi\u1ec7c d\u1ecbch cho ng\u01b0\u1eddi d\u00f9ng c\u1ee5 th\u1ec3 n\u00e0y v\u00e0 cho ph\u00e9p h\u1ecd xem l\u1ea1i b\u1ea3n d\u1ecbch cho c\u00e1c ng\u00f4n ng\u1eef \u1ea9n.<\/p>\n","protected":false},"excerpt":{"rendered":"<p>WPML cho ph\u00e9p b\u1ea1n \u1ea9n ng\u00f4n ng\u1eef tr\u00ean trang web c\u1ee7a m\u00ecnh trong khi chu\u1ea9n b\u1ecb b\u1ea3n d\u1ecbch, \u0111\u1ea3m b\u1ea3o n\u1ed9i dung ch\u01b0a ho\u00e0n ch\u1ec9nh s\u1ebd \u0111\u01b0\u1ee3c \u1ea9n \u0111i. \u0110\u1ec3 \u1ea9n ng\u00f4n ng\u1eef \u1edf giao di\u1ec7n, h\u00e3y v\u00e0o trang WPML \u2192 Ng\u00f4n ng\u1eef v\u00e0 trong ph\u1ea7n \u1ea8n ng\u00f4n ng\u1eef, h\u00e3y ch\u1ecdn t\u1ea5t c\u1ea3 ng\u00f4n ng\u1eef [&hellip;]<\/p>\n","protected":false},"author":76577,"featured_media":0,"parent":15197865,"menu_order":39,"comment_status":"closed","ping_status":"closed","template":"template-nosidebar-centered.php","meta":{"_bbp_topic_count":0,"_bbp_reply_count":0,"_bbp_total_topic_count":0,"_bbp_total_reply_count":0,"_bbp_voice_count":0,"_bbp_anonymous_reply_count":0,"_bbp_topic_count_hidden":0,"_bbp_reply_count_hidden":0,"_bbp_forum_subforum_count":0,"_uag_custom_page_level_css":"","ep_exclude_from_search":false,"footnotes":""},"related-projects-category":[],"class_list":["post-15711903","page","type-page","status-publish","hentry"],"spectra_custom_meta":{"ratings_users":["0"],"ratings_score":["0"],"ratings_average":["0"],"_subscription_coupon_product_id":["0"],"_wpv_contains_gutenberg_views":[""],"_alp_processed":["1733839594"],"_views_template":["0"],"wpcf-unformatted-code":[""],"_wpml_media_duplicate":["1"],"_wpml_media_featured":["1"],"toolset_post_editor_mode":["block"],"wpcf-price-increase-show-from":[""],"wpcf-price-increase-show-till":[""],"_wp_page_template":["template-nosidebar-centered.php"],"_last_translation_edit_mode":["translation-editor"],"_yoast_wpseo_title":["\u1ea8n ng\u00f4n ng\u1eef tr\u00ean Front-End - WPML"],"_yoast_wpseo_metadesc":["WPML cho ph\u00e9p b\u1ea1n \u1ea9n ng\u00f4n ng\u1eef tr\u00ean trang web c\u1ee7a m\u00ecnh trong khi chu\u1ea9n b\u1ecb b\u1ea3n d\u1ecbch, \u0111\u1ea3m b\u1ea3o n\u1ed9i dung ch\u01b0a ho\u00e0n ch\u1ec9nh s\u1ebd \u0111\u01b0\u1ee3c \u1ea9n \u0111i."],"_wpml_word_count":["235"],"_uagb_previous_block_counts":["a:90:{s:21:\"uagb\/advanced-heading\";i:0;s:15:\"uagb\/blockquote\";i:0;s:12:\"uagb\/buttons\";i:0;s:18:\"uagb\/buttons-child\";i:0;s:19:\"uagb\/call-to-action\";i:0;s:15:\"uagb\/cf7-styler\";i:0;s:11:\"uagb\/column\";i:0;s:12:\"uagb\/columns\";i:0;s:14:\"uagb\/container\";i:0;s:21:\"uagb\/content-timeline\";i:0;s:27:\"uagb\/content-timeline-child\";i:0;s:14:\"uagb\/countdown\";i:0;s:12:\"uagb\/counter\";i:0;s:8:\"uagb\/faq\";i:0;s:14:\"uagb\/faq-child\";i:0;s:10:\"uagb\/forms\";i:0;s:17:\"uagb\/forms-accept\";i:0;s:19:\"uagb\/forms-checkbox\";i:0;s:15:\"uagb\/forms-date\";i:0;s:16:\"uagb\/forms-email\";i:0;s:17:\"uagb\/forms-hidden\";i:0;s:15:\"uagb\/forms-name\";i:0;s:16:\"uagb\/forms-phone\";i:0;s:16:\"uagb\/forms-radio\";i:0;s:17:\"uagb\/forms-select\";i:0;s:19:\"uagb\/forms-textarea\";i:0;s:17:\"uagb\/forms-toggle\";i:0;s:14:\"uagb\/forms-url\";i:0;s:14:\"uagb\/gf-styler\";i:0;s:15:\"uagb\/google-map\";i:0;s:11:\"uagb\/how-to\";i:0;s:16:\"uagb\/how-to-step\";i:0;s:9:\"uagb\/icon\";i:0;s:14:\"uagb\/icon-list\";i:0;s:20:\"uagb\/icon-list-child\";i:0;s:10:\"uagb\/image\";i:0;s:18:\"uagb\/image-gallery\";i:0;s:13:\"uagb\/info-box\";i:0;s:18:\"uagb\/inline-notice\";i:0;s:11:\"uagb\/lottie\";i:0;s:21:\"uagb\/marketing-button\";i:0;s:10:\"uagb\/modal\";i:0;s:18:\"uagb\/popup-builder\";i:0;s:16:\"uagb\/post-button\";i:0;s:18:\"uagb\/post-carousel\";i:0;s:17:\"uagb\/post-excerpt\";i:0;s:14:\"uagb\/post-grid\";i:0;s:15:\"uagb\/post-image\";i:0;s:17:\"uagb\/post-masonry\";i:0;s:14:\"uagb\/post-meta\";i:0;s:18:\"uagb\/post-taxonomy\";i:0;s:18:\"uagb\/post-timeline\";i:0;s:15:\"uagb\/post-title\";i:0;s:20:\"uagb\/restaurant-menu\";i:0;s:26:\"uagb\/restaurant-menu-child\";i:0;s:11:\"uagb\/review\";i:0;s:12:\"uagb\/section\";i:0;s:14:\"uagb\/separator\";i:0;s:11:\"uagb\/slider\";i:0;s:17:\"uagb\/slider-child\";i:0;s:17:\"uagb\/social-share\";i:0;s:23:\"uagb\/social-share-child\";i:0;s:16:\"uagb\/star-rating\";i:0;s:23:\"uagb\/sure-cart-checkout\";i:0;s:22:\"uagb\/sure-cart-product\";i:0;s:15:\"uagb\/sure-forms\";i:0;s:22:\"uagb\/table-of-contents\";i:0;s:9:\"uagb\/tabs\";i:0;s:15:\"uagb\/tabs-child\";i:0;s:18:\"uagb\/taxonomy-list\";i:0;s:9:\"uagb\/team\";i:0;s:16:\"uagb\/testimonial\";i:0;s:14:\"uagb\/wp-search\";i:0;s:19:\"uagb\/instagram-feed\";i:0;s:10:\"uagb\/login\";i:0;s:17:\"uagb\/loop-builder\";i:0;s:18:\"uagb\/loop-category\";i:0;s:20:\"uagb\/loop-pagination\";i:0;s:15:\"uagb\/loop-reset\";i:0;s:16:\"uagb\/loop-search\";i:0;s:14:\"uagb\/loop-sort\";i:0;s:17:\"uagb\/loop-wrapper\";i:0;s:13:\"uagb\/register\";i:0;s:19:\"uagb\/register-email\";i:0;s:24:\"uagb\/register-first-name\";i:0;s:23:\"uagb\/register-last-name\";i:0;s:22:\"uagb\/register-password\";i:0;s:30:\"uagb\/register-reenter-password\";i:0;s:19:\"uagb\/register-terms\";i:0;s:22:\"uagb\/register-username\";i:0;}"],"_uag_css_file_name":["uag-css-15711903.css"],"_uag_page_assets":["a:9:{s:3:\"css\";s:260:\".uag-blocks-common-selector{z-index:var(--z-index-desktop) !important}@media(max-width: 976px){.uag-blocks-common-selector{z-index:var(--z-index-tablet) !important}}@media(max-width: 767px){.uag-blocks-common-selector{z-index:var(--z-index-mobile) !important}}\";s:2:\"js\";s:0:\"\";s:18:\"current_block_list\";a:6:{i:0;s:14:\"core\/paragraph\";i:1;s:20:\"toolset-blocks\/image\";i:2;s:12:\"core\/heading\";i:3;s:9:\"core\/list\";i:4;s:14:\"core\/list-item\";i:5;s:14:\"core\/shortcode\";}s:8:\"uag_flag\";b:0;s:11:\"uag_version\";s:10:\"1778192474\";s:6:\"gfonts\";a:0:{}s:10:\"gfonts_url\";s:0:\"\";s:12:\"gfonts_files\";a:0:{}s:14:\"uag_faq_layout\";b:0;}"]},"uagb_featured_image_src":{"full":false,"thumbnail":false,"medium":false,"medium_large":false,"large":false,"1536x1536":false,"2048x2048":false,"gform-image-choice-sm":false,"gform-image-choice-md":false,"gform-image-choice-lg":false,"woocommerce_thumbnail":false,"woocommerce_single":false,"woocommerce_gallery_thumbnail":false},"uagb_author_info":{"display_name":"Dario","author_link":"https:\/\/wpml.org\/vi\/author\/darioh\/"},"uagb_comment_info":0,"uagb_excerpt":"WPML cho ph\u00e9p b\u1ea1n \u1ea9n ng\u00f4n ng\u1eef tr\u00ean trang web c\u1ee7a m\u00ecnh trong khi chu\u1ea9n b\u1ecb b\u1ea3n d\u1ecbch, \u0111\u1ea3m b\u1ea3o n\u1ed9i dung ch\u01b0a ho\u00e0n ch\u1ec9nh s\u1ebd \u0111\u01b0\u1ee3c \u1ea9n \u0111i. \u0110\u1ec3 \u1ea9n ng\u00f4n ng\u1eef \u1edf giao di\u1ec7n, h\u00e3y v\u00e0o trang WPML \u2192 Ng\u00f4n ng\u1eef v\u00e0 trong ph\u1ea7n \u1ea8n ng\u00f4n ng\u1eef, h\u00e3y ch\u1ecdn t\u1ea5t c\u1ea3 ng\u00f4n ng\u1eef&hellip;","_links":{"self":[{"href":"https:\/\/wpml.org\/vi\/wp-json\/wp\/v2\/pages\/15711903","targetHints":{"allow":["GET"]}}],"collection":[{"href":"https:\/\/wpml.org\/vi\/wp-json\/wp\/v2\/pages"}],"about":[{"href":"https:\/\/wpml.org\/vi\/wp-json\/wp\/v2\/types\/page"}],"author":[{"embeddable":true,"href":"https:\/\/wpml.org\/vi\/wp-json\/wp\/v2\/users\/76577"}],"replies":[{"embeddable":true,"href":"https:\/\/wpml.org\/vi\/wp-json\/wp\/v2\/comments?post=15711903"}],"version-history":[{"count":3,"href":"https:\/\/wpml.org\/vi\/wp-json\/wp\/v2\/pages\/15711903\/revisions"}],"predecessor-version":[{"id":16498664,"href":"https:\/\/wpml.org\/vi\/wp-json\/wp\/v2\/pages\/15711903\/revisions\/16498664"}],"up":[{"embeddable":true,"href":"https:\/\/wpml.org\/vi\/wp-json\/wp\/v2\/pages\/15197865"}],"wp:attachment":[{"href":"https:\/\/wpml.org\/vi\/wp-json\/wp\/v2\/media?parent=15711903"}],"wp:term":[{"taxonomy":"related-projects-category","embeddable":true,"href":"https:\/\/wpml.org\/vi\/wp-json\/wp\/v2\/related-projects-category?post=15711903"}],"curies":[{"name":"wp","href":"https:\/\/api.w.org\/{rel}","templated":true}]}}