{"id":15714470,"date":"2016-06-01T14:21:08","date_gmt":"2016-06-01T14:21:08","guid":{"rendered":"https:\/\/wpml.org\/so-sanh-wpml-voi-cac-lua-chon-thay-the-mien-phi-va-tra-phi\/"},"modified":"2025-12-09T09:34:36","modified_gmt":"2025-12-09T09:34:36","slug":"so-sanh-wpml-voi-cac-lua-chon-thay-the-mien-phi-va-tra-phi","status":"publish","type":"page","link":"https:\/\/wpml.org\/vi\/trang-chu\/so-sanh-wpml-voi-cac-lua-chon-thay-the-mien-phi-va-tra-phi\/","title":{"rendered":"So s\u00e1nh WPML v\u1edbi c\u00e1c gi\u1ea3i ph\u00e1p mi\u1ec5n ph\u00ed v\u00e0 tr\u1ea3 ph\u00ed"},"content":{"rendered":"\n<div class=\"wp-block-toolset-blocks-container tb-container\" data-toolset-blocks-container=\"3bbe7c5c4bf290180151b2be3af6f689\"><div class=\"tb-container-inner\">\n<div class=\"wp-block-toolset-blocks-grid tb-grid\" data-toolset-blocks-grid=\"45a28227956944f4b2189b2d10c2f3f8\">\n<div class=\"wp-block-toolset-blocks-grid-column tb-grid-column tb-grid-align-top\" data-toolset-blocks-grid-column=\"3034fbe886c11054e95b46b09d3e4112\">\n<p class=\"tb-heading\" data-toolset-blocks-heading=\"520fcf3802b9a6a3a60de7770e574333\" data-last-update=\"1.4\"><strong>So s\u00e1nh chi ph\u00ed<\/strong> c\u1ee7a t\u1eebng plugin WordPress \u0111a ng\u00f4n ng\u1eef ch\u00ednh d\u1ef1a tr\u00ean c\u00e1c t\u00ednh n\u0103ng b\u1ea1n c\u1ea7n.<\/p>\n<\/div>\n\n\n\n<div class=\"wp-block-toolset-blocks-grid-column tb-grid-column tb-grid-align-top\" data-toolset-blocks-grid-column=\"3034fbe886c11054e95b46b09d3e4112\">\n<p class=\"tb-heading\" data-toolset-blocks-heading=\"28e0e933681b2060daf347d58549c7a3\" data-last-update=\"1.4\">Xem c\u00e1ch WPML so s\u00e1nh v\u1edbi c\u00e1c \u0111\u1ed1i th\u1ee7 c\u1ea1nh tranh. Ch\u1ecdn c\u00e1c t\u00f9y ch\u1ecdn b\u00ean d\u01b0\u1edbi \u0111\u1ec3 xem chi ph\u00ed d\u1ecbch trang web c\u1ee7a b\u1ea1n b\u1eb1ng t\u1eebng plugin d\u1ecbch WordPress ph\u1ed5 bi\u1ebfn. <\/p>\n<\/div>\n<\/div>\n<\/div><\/div>\n<div class=\"wpml-compare-calculator\">\n                        <div class=\"wpml-compare-calculator__grid\">\n                            <div class=\"wpml-compare-calculator__grid-sidebar\">\n                                <button class=\"wpml-compare-calculator__grid-sidebar-toggle\"><i class=\"wpml-ico-funnel\"><\/i> L\u1ecdc<\/button>\n                                <div class=\"wpml-compare-calculator__grid-sidebar-wrapper\">\n                                    <div class=\"wpml-compare-calculator__grid-sidebar-head\">\n                                        <a href=\"#\"><i class=\"wpml-ico-close\"><\/i><\/a>\n                                        <a href=\"#\">\u00c1p d\u1ee5ng<\/a>\n                                    <\/div>\n                                    <div class=\"wpml-compare-calculator__grid-sidebar-item\">\n                                        <div class=\"form-group form-group__slider\">\n                                            <label for=\"fLanguages\">B\u1ea1n mu\u1ed1n d\u1ecbch trang web c\u1ee7a m\u00ecnh sang bao nhi\u00eau ng\u00f4n ng\u1eef (kh\u00f4ng bao g\u1ed3m ng\u00f4n ng\u1eef m\u1eb7c \u0111\u1ecbnh c\u1ee7a b\u1ea1n)?<\/label>\n                                            <input type=\"number\" class=\"form-control\" id=\"fLanguages\" value=\"2\" min=\"0\" max=\"10\" readonly>\n                                            <div class=\"form-group__range\">\n                                                <div class=\"form-group__range-track\"><\/div>\n                                                <input type=\"range\" class=\"form-control-range\" id=\"fLanguagesRange\" value=\"0\" min=\"0\" max=\"3\" step=\"1\">\n                                            <\/div>\n                                        <\/div>\n                                    <\/div>\n                                    <div class=\"wpml-compare-calculator__grid-sidebar-item\">\n                                        <div class=\"form-group form-group__slider\">\n                                            <label for=\"fSites\">B\u1ea1n mu\u1ed1n d\u1ecbch bao nhi\u00eau trang web?<\/label>\n                                            <input type=\"number\" class=\"form-control\" id=\"fSites\" value=\"1\" min=\"0\" max=\"25\" readonly>\n                                            <div class=\"form-group__range\">\n                                                <div class=\"form-group__range-track\"><\/div>\n                                                <input type=\"range\" class=\"form-control-range\" id=\"fSitesRange\" value=\"0\" min=\"0\" max=\"3\" step=\"1\">\n                                            <\/div>\n                                        <\/div>\n                                    <\/div>\n                                <\/div>\n                            <\/div>\n                            <div class=\"wpml-compare-calculator__grid-content\">\n                                <div class=\"wpml-compare-calculator__grid-content__table\">\n                                    <div class=\"wcc-table__logo\"><\/div>\n                                    <div class=\"wcc-table__logo wcc-table__logo-polylang\">Polylang<\/div>\n                                    <div class=\"wcc-table__logo wcc-table__logo-translatepress\">TranslatePress<\/div>\n                                    <div class=\"wcc-table__logo wcc-table__logo-weglot\">Weglot<\/div>\n                                    <div class=\"wcc-table__logo wcc-table__logo-gtranslate\">GTranslate<\/div>\n                                    <div class=\"wcc-table__logo wcc-table__logo-wpml\">WPML<\/div>\n                                    \n                                    <div class=\"wcc-table__label\">Gi\u00e1 cho n\u0103m \u0111\u1ea7u ti\u00ean <i class=\"wpml-ico-info-o\" data-toggle=\"tooltip\" title=\"Gi\u00e1 mua ban \u0111\u1ea7u d\u1ef1a tr\u00ean c\u00e1c t\u00f9y ch\u1ecdn \u0111\u00e3 ch\u1ecdn\"><\/i><\/div>\n                                    <div class=\"wcc-table__item text-blue\" data-id=\"polylang\" data-content=\"pricing\">$89<\/div>\n                                    <div class=\"wcc-table__item text-blue\" data-id=\"translatePress\" data-content=\"pricing\">$159<\/div>\n                                    <div class=\"wcc-table__item text-blue\" data-id=\"weglot\" data-content=\"pricing\">$1,990<\/div>\n                                    <div class=\"wcc-table__item text-blue\" data-id=\"gTranslate\" data-content=\"pricing\">$299<\/div>\n                                    <div class=\"wcc-table__item text-blue\" data-id=\"wpml\" data-content=\"pricing\">&euro;99<\/div>\n                                    \n                                    <div class=\"wcc-table__label\">D\u1ecbch thu\u1eadt ph\u00eda backend <i class=\"wpml-ico-info-o\" data-toggle=\"tooltip\" title=\"B\u1ea1n c\u00f3 th\u1ec3 d\u1ecbch n\u1ed9i dung c\u1ee7a trang web \u1edf backend m\u00e0 kh\u00f4ng c\u1ea7n ph\u1ea3i \u0111\u1ee3i kh\u00e1ch truy c\u1eadp xem n\u00f3 tr\u01b0\u1edbc tr\u00ean front-end. C\u00e1c plugin ch\u1ec9 cho ph\u00e9p d\u1ecbch \u1edf front-end l\u00e0m cho vi\u1ec7c d\u1ecbch thu\u1eadt c\u00f3 v\u1ebb d\u1ec5 d\u00e0ng, nh\u01b0ng ph\u1ee5 thu\u1ed9c v\u00e0o vi\u1ec7c ai \u0111\u00f3 xem n\u1ed9i dung tr\u01b0\u1edbc khi n\u00f3 c\u00f3 s\u1eb5n \u0111\u1ec3 d\u1ecbch.\"><\/i><\/div>\n                                    <div class=\"wcc-table__item wcc-table__item-check\" data-id=\"polylang\" data-content=\"backendTranslation\"><\/div>\n                                    <div class=\"wcc-table__item wcc-table__item-check\" data-id=\"translatePress\" data-content=\"backendTranslation\"><\/div>\n                                    <div class=\"wcc-table__item wcc-table__item-check\" data-id=\"weglot\" data-content=\"backendTranslation\"><\/div>\n                                    <div class=\"wcc-table__item wcc-table__item-check\" data-id=\"gTranslate\" data-content=\"backendTranslation\"><\/div>\n                                    <div class=\"wcc-table__item wcc-table__item-check\" data-id=\"wpml\" data-content=\"backendTranslation\"><\/div>\n                                    \n                                    <div class=\"wcc-table__label\">D\u1ecbch t\u1ef1 \u0111\u1ed9ng s\u1eed d\u1ee5ng PTC <i class=\"wpml-ico-info-o\" data-toggle=\"tooltip\" title=\"D\u1ecbch trang web c\u1ee7a b\u1ea1n ngay l\u1eadp t\u1ee9c v\u1edbi c\u00f4ng ngh\u1ec7 AI \u0111\u1ed9c quy\u1ec1n c\u1ee7a ch\u00fang t\u00f4i.\"><\/i><\/div>\n                                    <div class=\"wcc-table__item wcc-table__item-check\" data-id=\"polylang\" data-content=\"wpmlAI\"><\/div>\n                                    <div class=\"wcc-table__item wcc-table__item-check\" data-id=\"translatePress\" data-content=\"wpmlAI\"><\/div>\n                                    <div class=\"wcc-table__item wcc-table__item-check\" data-id=\"weglot\" data-content=\"wpmlAI\"><\/div>\n                                    <div class=\"wcc-table__item wcc-table__item-check\" data-id=\"gTranslate\" data-content=\"wpmlAI\"><\/div>\n                                    <div class=\"wcc-table__item wcc-table__item-check\" data-id=\"wpml\" data-content=\"wpmlAI\"><\/div>\n                                    \n                                    <div class=\"wcc-table__label\">D\u1ecbch t\u1ef1 \u0111\u1ed9ng s\u1eed d\u1ee5ng Google Translate <i class=\"wpml-ico-info-o\" data-toggle=\"tooltip\" title=\"D\u1ecbch trang web c\u1ee7a b\u1ea1n ngay l\u1eadp t\u1ee9c, \u0111\u01b0\u1ee3c h\u1ed7 tr\u1ee3 b\u1edfi Google Translate\"><\/i><\/div>\n                                    <div class=\"wcc-table__item wcc-table__item-check\" data-id=\"polylang\" data-content=\"atGoogle\"><\/div>\n                                    <div class=\"wcc-table__item wcc-table__item-check\" data-id=\"translatePress\" data-content=\"atGoogle\"><\/div>\n                                    <div class=\"wcc-table__item wcc-table__item-check\" data-id=\"weglot\" data-content=\"atGoogle\"><\/div>\n                                    <div class=\"wcc-table__item wcc-table__item-check\" data-id=\"gTranslate\" data-content=\"atGoogle\"><\/div>\n                                    <div class=\"wcc-table__item wcc-table__item-check\" data-id=\"wpml\" data-content=\"atGoogle\"><\/div>\n                                    \n                                    \n                                    <div class=\"wcc-table__label\">D\u1ecbch t\u1ef1 \u0111\u1ed9ng s\u1eed d\u1ee5ng DeepL <i class=\"wpml-ico-info-o\" data-toggle=\"tooltip\" title=\"D\u1ecbch trang web c\u1ee7a b\u1ea1n ngay l\u1eadp t\u1ee9c, \u0111\u01b0\u1ee3c h\u1ed7 tr\u1ee3 b\u1edfi DeepL\"><\/i><\/div>\n                                    <div class=\"wcc-table__item wcc-table__item-check\" data-id=\"polylang\" data-content=\"atDeepl\"><\/div>\n                                    <div class=\"wcc-table__item wcc-table__item-check\" data-id=\"translatePress\" data-content=\"atDeepl\"><\/div>\n                                    <div class=\"wcc-table__item wcc-table__item-check\" data-id=\"weglot\" data-content=\"atDeepl\"><\/div>\n                                    <div class=\"wcc-table__item wcc-table__item-check\" data-id=\"gTranslate\" data-content=\"atDeepl\"><\/div>\n                                    <div class=\"wcc-table__item wcc-table__item-check\" data-id=\"wpml\" data-content=\"atDeepl\"><\/div>\n                                    \n                                    <div class=\"wcc-table__label\">SEO \u0111a ng\u00f4n ng\u1eef <i class=\"wpml-ico-info-o\" data-toggle=\"tooltip\" title=\"D\u1ecbch t\u1ea5t c\u1ea3 d\u1eef li\u1ec7u meta c\u1ee7a b\u00e0i vi\u1ebft v\u00e0 th\u00eam thu\u1ed9c t\u00ednh hreflang v\u00e0o m\u1ed7i trang\"><\/i><\/div>\n                                    <div class=\"wcc-table__item wcc-table__item-check\" data-id=\"polylang\" data-content=\"multilingualSeo\"><i class=\"wpml-ico wpml-ico-check-circle\"><\/i><\/div>\n                                    <div class=\"wcc-table__item wcc-table__item-check\" data-id=\"translatePress\" data-content=\"multilingualSeo\"><i class=\"wpml-ico wpml-ico-check-circle\"><\/i><\/div>\n                                    <div class=\"wcc-table__item wcc-table__item-check\" data-id=\"weglot\" data-content=\"multilingualSeo\"><i class=\"wpml-ico wpml-ico-check-circle\"><\/i><\/div>\n                                    <div class=\"wcc-table__item wcc-table__item-check\" data-id=\"gTranslate\" data-content=\"multilingualSeo\"><i class=\"wpml-ico wpml-ico-check-circle\"><\/i><\/div>\n                                    <div class=\"wcc-table__item wcc-table__item-check\" data-id=\"wpml\" data-content=\"multilingualSeo\"><i class=\"wpml-ico wpml-ico-check-circle\"><\/i><\/div>\n                                    \n                                    <div class=\"wcc-table__label\">D\u1ecbch slug URL <i class=\"wpml-ico-info-o\" data-toggle=\"tooltip\" title=\"Ki\u1ec3m so\u00e1t ho\u00e0n to\u00e0n c\u00e1c slug cho t\u1ea5t c\u1ea3 c\u00e1c lo\u1ea1i n\u1ed9i dung\"><\/i><\/div>\n                                    <div class=\"wcc-table__item wcc-table__item-check\" data-id=\"polylang\" data-content=\"translateUrlSlugs\"><i class=\"wpml-ico wpml-ico-check-circle\"><\/i><\/div>\n                                    <div class=\"wcc-table__item wcc-table__item-check\" data-id=\"translatePress\" data-content=\"translateUrlSlugs\"><i class=\"wpml-ico wpml-ico-check-circle\"><\/i><\/div>\n                                    <div class=\"wcc-table__item wcc-table__item-check\" data-id=\"weglot\" data-content=\"translateUrlSlugs\"><i class=\"wpml-ico wpml-ico-check-circle\"><\/i><\/div>\n                                    <div class=\"wcc-table__item wcc-table__item-check\" data-id=\"gTranslate\" data-content=\"translateUrlSlugs\"><i class=\"wpml-ico wpml-ico-check-circle\"><\/i><\/div>\n                                    <div class=\"wcc-table__item wcc-table__item-check\" data-id=\"wpml\" data-content=\"translateUrlSlugs\"><i class=\"wpml-ico wpml-ico-check-circle\"><\/i><\/div>\n                                    \n                                    <div class=\"wcc-table__label\">H\u1ed7 tr\u1ee3 WooCommerce <i class=\"wpml-ico-info-o\" data-toggle=\"tooltip\" title=\"D\u1ecbch c\u00e1c s\u1ea3n ph\u1ea9m \u0111\u01a1n gi\u1ea3n v\u00e0 bi\u1ebfn th\u1ec3 v\u00e0 gi\u1eef ng\u00f4n ng\u1eef nh\u1ea5t qu\u00e1n trong qu\u00e1 tr\u00ecnh thanh to\u00e1n\"><\/i><\/div>\n                                    <div class=\"wcc-table__item wcc-table__item-check\" data-id=\"polylang\" data-content=\"wooSupport\"><\/div>\n                                    <div class=\"wcc-table__item wcc-table__item-check\" data-id=\"translatePress\" data-content=\"wooSupport\"><\/div>\n                                    <div class=\"wcc-table__item wcc-table__item-check\" data-id=\"weglot\" data-content=\"wooSupport\"><\/div>\n                                    <div class=\"wcc-table__item wcc-table__item-check\" data-id=\"gTranslate\" data-content=\"wooSupport\"><\/div>\n                                    <div class=\"wcc-table__item wcc-table__item-check\" data-id=\"wpml\" data-content=\"wooSupport\"><\/div>\n                                    \n                                    <div class=\"wcc-table__label\">Qu\u1ea3n l\u00fd d\u1ecbch thu\u1eadt <i class=\"wpml-ico-info-o\" data-toggle=\"tooltip\" title=\"Thi\u1ebft l\u1eadp m\u1ed9t nh\u00f3m d\u1ecbch gi\u1ea3, giao nhi\u1ec7m v\u1ee5 v\u00e0 ki\u1ec3m tra tr\u1ea1ng th\u00e1i t\u1ed5ng th\u1ec3 c\u1ee7a d\u1ecbch gi\u1ea3 trang web\"><\/i><\/div>\n                                    <div class=\"wcc-table__item wcc-table__item-check\" data-id=\"polylang\" data-content=\"translationManagement\"><\/div>\n                                    <div class=\"wcc-table__item wcc-table__item-check\" data-id=\"translatePress\" data-content=\"translationManagement\"><i class=\"wpml-ico wpml-ico-check-circle\"><\/i><\/div>\n                                    <div class=\"wcc-table__item wcc-table__item-check\" data-id=\"weglot\" data-content=\"translationManagement\"><i class=\"wpml-ico wpml-ico-check-circle\"><\/i><\/div>\n                                    <div class=\"wcc-table__item wcc-table__item-check\" data-id=\"gTranslate\" data-content=\"translationManagement\"><i class=\"wpml-ico wpml-ico-check-circle\"><\/i><\/div>\n                                    <div class=\"wcc-table__item wcc-table__item-check\" data-id=\"wpml\" data-content=\"translationManagement\"><i class=\"wpml-ico wpml-ico-check-circle\"><\/i><\/div> \n                                    \n                                    <div class=\"wcc-table__label\">S\u1ed1 l\u01b0\u1ee3ng d\u1ecbch v\u1ee5 d\u1ecbch thu\u1eadt t\u00edch h\u1ee3p <i class=\"wpml-ico-info-o\" data-toggle=\"tooltip\" title=\"C\u00e1c d\u1ecbch v\u1ee5 d\u1ecbch thu\u1eadt chuy\u00ean nghi\u1ec7p cung c\u1ea5p b\u1ea3n d\u1ecbch ch\u1ea5t l\u01b0\u1ee3ng cao ho\u1ea1t \u0111\u1ed9ng v\u1edbi m\u1ed7i plugin\"><\/i><\/div>\n                                    <div class=\"wcc-table__item\" data-id=\"polylang\" data-content=\"noTs\"><span>1<\/span><\/div>\n                                    <div class=\"wcc-table__item\" data-id=\"translatePress\" data-content=\"noTs\"><span>2<\/span><\/div>\n                                    <div class=\"wcc-table__item\" data-id=\"weglot\" data-content=\"noTs\"><span>1<\/span><\/div>\n                                    <div class=\"wcc-table__item\" data-id=\"gTranslate\" data-content=\"noTs\"><span><\/span><\/div>\n                                    <div class=\"wcc-table__item\" data-id=\"wpml\" data-content=\"noTs\"><span>70<\/span><\/div>\n                                    \n                                    <div class=\"wcc-table__label\">S\u1edf h\u1eefu b\u1ea3n d\u1ecbch c\u1ee7a b\u1ea1n <i class=\"wpml-ico-info-o\" data-toggle=\"tooltip\" title=\"L\u01b0u tr\u1eef b\u1ea3n d\u1ecbch c\u1ee7a b\u1ea1n trong c\u01a1 s\u1edf d\u1eef li\u1ec7u ri\u00eang \u0111\u1ec3 b\u1ea1n kh\u00f4ng c\u1ea7n ph\u1ea3i ti\u1ebfp t\u1ee5c tr\u1ea3 ti\u1ec1n \u0111\u1ec3 hi\u1ec3n th\u1ecb b\u1ea3n d\u1ecbch tr\u00ean trang web c\u1ee7a m\u00ecnh.\"><\/i><\/div>\n                                    <div class=\"wcc-table__item\" data-id=\"polylang\" data-content=\"ownTranslations\"><i class=\"wpml-ico wpml-ico-check-circle\"><\/i><\/div>\n                                    <div class=\"wcc-table__item\" data-id=\"translatePress\" data-content=\"ownTranslations\"><i class=\"wpml-ico wpml-ico-check-circle\"><\/i><\/div>\n                                    <div class=\"wcc-table__item\" data-id=\"weglot\" data-content=\"ownTranslations\"><\/div>\n                                    <div class=\"wcc-table__item\" data-id=\"gTranslate\" data-content=\"ownTranslations\"><\/div>\n                                    <div class=\"wcc-table__item\" data-id=\"wpml\" data-content=\"ownTranslations\"><i class=\"wpml-ico wpml-ico-check-circle\"><\/i><\/div>\n                                    \n                                    <div class=\"wcc-table__label\">D\u1ecbch email \u0111\u01b0\u1ee3c g\u1eedi t\u1eeb trang qu\u1ea3n tr\u1ecb WordPress <i class=\"wpml-ico-info-o\" data-toggle=\"tooltip\" title=\"D\u1ecbch email v\u00e0 v\u0103n b\u1ea3n kh\u00e1c kh\u00f4ng xu\u1ea5t hi\u1ec7n tr\u00ean b\u1ea5t k\u1ef3 trang n\u00e0o\"><\/i><\/div>\n                                    <div class=\"wcc-table__item\" data-id=\"polylang\" data-content=\"translateEmails\"><i class=\"wpml-ico wpml-ico-check-circle\"><\/i><\/div>\n                                    <div class=\"wcc-table__item\" data-id=\"translatePress\" data-content=\"translateEmails\"><i class=\"wpml-ico wpml-ico-check-circle\"><\/i><\/div>\n                                    <div class=\"wcc-table__item\" data-id=\"weglot\" data-content=\"translateEmails\"><\/div>\n                                    <div class=\"wcc-table__item\" data-id=\"gTranslate\" data-content=\"translateEmails\"><i class=\"wpml-ico wpml-ico-check-circle\"><\/i><\/div>\n                                    <div class=\"wcc-table__item\" data-id=\"wpml\" data-content=\"translateEmails\"><i class=\"wpml-ico wpml-ico-check-circle\"><\/i><\/div>\n\n                                <\/div>\n                            <\/div>\n                        <\/div>\n\n<div class=\"wp-block-toolset-blocks-grid tb-grid\" data-toolset-blocks-grid=\"3e5c71a1ca979719795a70892bd7f7c9\">\n<div class=\"wp-block-toolset-blocks-grid-column tb-grid-column tb-grid-align-top\" data-toolset-blocks-grid-column=\"3034fbe886c11054e95b46b09d3e4112\"><\/div>\n\n\n\n<div class=\"wp-block-toolset-blocks-grid-column tb-grid-column tb-grid-align-top\" data-toolset-blocks-grid-column=\"3034fbe886c11054e95b46b09d3e4112\">\n<p class=\"tb-heading\" data-toolset-blocks-heading=\"82e1505a6ddda3ffe9a06b813997e3d2\" data-last-update=\"1.4\">* C\u00e1c trang web doanh nghi\u1ec7p c\u00f3 kho\u1ea3ng <strong>20<\/strong> trang v\u1edbi <strong>500<\/strong> t\u1eeb m\u1ed7i trang. C\u00e1c trang th\u01b0\u01a1ng m\u1ea1i \u0111i\u1ec7n t\u1eed c\u00f3 <g id=\"gid_2\">100<\/g> s\u1ea3n ph\u1ea9m v\u1edbi <g id=\"gid_3\">300<\/g> t\u1eeb m\u1ed7i s\u1ea3n ph\u1ea9m. S\u1eed d\u1ee5ng <a href=\"https:\/\/wpml.org\/vi\/tai-lieu-wpml\/dich-tu-dong-cho-noi-dung-wordpress-voi-wpml\/phi-dich-tu-dong\/#how-automatic-translation-works\">C\u00f4ng c\u1ee5 t\u00ednh gi\u00e1 d\u1ecbch t\u1ef1 \u0111\u1ed9ng<\/a> c\u1ee7a ch\u00fang t\u00f4i \u0111\u1ec3 c\u00f3 \u01b0\u1edbc t\u00ednh ch\u00ednh x\u00e1c h\u01a1n.  <\/p>\n<\/div>\n<\/div>\n\n<div class=\"wp-block-toolset-blocks-container tb-container\" data-toolset-blocks-container=\"fa3170e0556695f46bd70cc1519740ee\">\n<h2 class=\"tb-heading has-text-color\" data-toolset-blocks-heading=\"49ecf4a0b0ca049343fa6c4e0da0e828\" data-last-update=\"1.4\">S\u1eb5n s\u00e0ng \u0111\u1ec3 b\u1eaft \u0111\u1ea7u?<\/h2>\n\n\n\n<div class=\"tb-button\" data-toolset-blocks-button=\"b730b5e9fd5ecf1a4e3e3747a0f94ef6\"><a class=\"tb-button__link\" href=\"https:\/\/wpml.org\/purchase\/\"><span class=\"tb-button__content\">Mua WPML<\/span><i class=\"tb-button__icon\"><\/i><\/a><\/div>\n\n\n\n<p class=\"tb-heading has-text-color\" data-toolset-blocks-heading=\"5f94c2f3865b84670a4dea86398a2867\" data-last-update=\"1.4\">C\u1ea7n s\u1ef1 gi\u00fap \u0111\u1ee1 nhi\u1ec1u h\u01a1n?  <a href=\"https:\/\/wpml.org\/vi\/gia-wpml\/cau-hoi-truoc-khi-ban-hang\/\" target=\"_blank\" rel=\"noreferrer noopener\">\u0110\u1eb7t m\u1ed9t c\u00e2u h\u1ecfi<\/a><\/p>\n<\/div>\n","protected":false},"excerpt":{"rendered":"","protected":false},"author":204756,"featured_media":0,"parent":15734339,"menu_order":87,"comment_status":"closed","ping_status":"closed","template":"template-full-header-with-wrapper.php","meta":{"_bbp_topic_count":0,"_bbp_reply_count":0,"_bbp_total_topic_count":0,"_bbp_total_reply_count":0,"_bbp_voice_count":0,"_bbp_anonymous_reply_count":0,"_bbp_topic_count_hidden":0,"_bbp_reply_count_hidden":0,"_bbp_forum_subforum_count":0,"ep_exclude_from_search":false,"footnotes":""},"related-projects-category":[],"class_list":["post-15714470","page","type-page","status-publish","hentry"],"_links":{"self":[{"href":"https:\/\/wpml.org\/vi\/wp-json\/wp\/v2\/pages\/15714470","targetHints":{"allow":["GET"]}}],"collection":[{"href":"https:\/\/wpml.org\/vi\/wp-json\/wp\/v2\/pages"}],"about":[{"href":"https:\/\/wpml.org\/vi\/wp-json\/wp\/v2\/types\/page"}],"author":[{"embeddable":true,"href":"https:\/\/wpml.org\/vi\/wp-json\/wp\/v2\/users\/204756"}],"replies":[{"embeddable":true,"href":"https:\/\/wpml.org\/vi\/wp-json\/wp\/v2\/comments?post=15714470"}],"version-history":[{"count":8,"href":"https:\/\/wpml.org\/vi\/wp-json\/wp\/v2\/pages\/15714470\/revisions"}],"predecessor-version":[{"id":17646484,"href":"https:\/\/wpml.org\/vi\/wp-json\/wp\/v2\/pages\/15714470\/revisions\/17646484"}],"up":[{"embeddable":true,"href":"https:\/\/wpml.org\/vi\/wp-json\/wp\/v2\/pages\/15734339"}],"wp:attachment":[{"href":"https:\/\/wpml.org\/vi\/wp-json\/wp\/v2\/media?parent=15714470"}],"wp:term":[{"taxonomy":"related-projects-category","embeddable":true,"href":"https:\/\/wpml.org\/vi\/wp-json\/wp\/v2\/related-projects-category?post=15714470"}],"curies":[{"name":"wp","href":"https:\/\/api.w.org\/{rel}","templated":true}]}}