{"id":15714588,"date":"2024-06-07T09:54:34","date_gmt":"2024-06-07T09:54:34","guid":{"rendered":"https:\/\/wpml.org\/cach-xay-dung-chu-de-wordpress-rtl\/"},"modified":"2024-06-07T11:33:52","modified_gmt":"2024-06-07T11:33:52","slug":"cach-xay-dung-chu-de-wordpress-rtl","status":"publish","type":"page","link":"https:\/\/wpml.org\/vi\/tai-lieu-wpml\/danh-sach-cac-chu-de-san-sang-da-ngon-ngu-tuong-thich-voi-wpml\/cach-xay-dung-chu-de-wordpress-rtl\/","title":{"rendered":"C\u00e1ch x\u00e2y d\u1ef1ng ch\u1ee7 \u0111\u1ec1 WordPress RTL"},"content":{"rendered":"<p class=\"lead\">RTL c\u00f3 ngh\u0129a l\u00e0 t\u1eeb ph\u1ea3i sang tr\u00e1i. Ch\u1ec9 c\u00f3 m\u1ed9t s\u1ed1 ng\u00f4n ng\u1eef tr\u00ean th\u1ebf gi\u1edbi s\u1eed d\u1ee5ng h\u01b0\u1edbng v\u0103n b\u1ea3n RTL, nh\u01b0ng nh\u1eefng ng\u00f4n ng\u1eef n\u00e0y bao ph\u1ee7 h\u01a1n m\u1ed9t t\u1ef7 ng\u01b0\u1eddi. Vi\u1ec7c th\u00eam <a href=\"https:\/\/codex.wordpress.org\/Right-to-Left_Language_Support\">h\u1ed7 tr\u1ee3 RTL<\/a> cho ch\u1ee7 \u0111\u1ec1 c\u1ee7a b\u1ea1n r\u1ea5t \u0111\u01a1n gi\u1ea3n v\u00e0 c\u00f3 th\u1ec3 t\u0103ng th\u1ecb tr\u01b0\u1eddng cho ch\u1ee7 \u0111\u1ec1 \u0111\u00f3 \u0111\u00e1ng k\u1ec3.<\/p>\n<p>\u0110\u00e2y l\u00e0 hai trang, m\u1ed9t trang theo h\u01b0\u1edbng RTL v\u00e0 m\u1ed9t trang theo h\u01b0\u1edbng LTR (b\u00ecnh th\u01b0\u1eddng):<\/p>\n<table>\n<tbody>\n<tr>\n<th style=\"text-align: center;\">Ti\u1ebfng Anh &#8211; LTR<\/th>\n<th style=\"text-align: center;\">Ti\u1ebfng Do Th\u00e1i &#8211; RTL<\/th>\n<\/tr>\n<tr>\n<td><a href=\"http:\/\/wpml.org\/wp-content\/uploads\/2014\/02\/sample-ltr.png\"><img decoding=\"async\" class=\"alignnone size-medium wp-image-341122\" src=\"http:\/\/wpml.org\/wp-content\/uploads\/2014\/02\/sample-ltr-300x265.png\" alt=\"Trang t\u1eeb tr\u00e1i sang ph\u1ea3i\" width=\"300\" height=\"265\" srcset=\"https:\/\/wpml.org\/wp-content\/uploads\/2014\/02\/sample-ltr-300x265.png 300w, https:\/\/wpml.org\/wp-content\/uploads\/2014\/02\/sample-ltr-150x132.png 150w, https:\/\/wpml.org\/wp-content\/uploads\/2014\/02\/sample-ltr.png 989w\" sizes=\"(max-width: 300px) 100vw, 300px\" \/><\/a><\/td>\n<td><a href=\"http:\/\/wpml.org\/wp-content\/uploads\/2014\/02\/sample-rtl.png\"><img decoding=\"async\" class=\"alignnone size-medium wp-image-341123\" src=\"http:\/\/wpml.org\/wp-content\/uploads\/2014\/02\/sample-rtl-300x282.png\" alt=\"Trang ph\u1ea3i sang tr\u00e1i\" width=\"300\" height=\"282\" srcset=\"https:\/\/wpml.org\/wp-content\/uploads\/2014\/02\/sample-rtl-300x282.png 300w, https:\/\/wpml.org\/wp-content\/uploads\/2014\/02\/sample-rtl-150x141.png 150w, https:\/\/wpml.org\/wp-content\/uploads\/2014\/02\/sample-rtl.png 969w\" sizes=\"(max-width: 300px) 100vw, 300px\" \/><\/a><\/td>\n<\/tr>\n<\/tbody>\n<\/table>\n<p>B\u1ea1n c\u00f3 th\u1ec3 th\u1ea5y m\u1ecdi th\u1ee9 trong trang RTL xu\u1ea5t hi\u1ec7n &#8216;l\u1eadt&#8217; theo chi\u1ec1u ngang nh\u01b0 th\u1ebf n\u00e0o. N\u00f3 gi\u1ed1ng nh\u01b0 nh\u00ecn v\u00e0o trang LTR &#8216;th\u00f4ng th\u01b0\u1eddng&#8217; qua g\u01b0\u01a1ng. T\u1ea1o h\u00ecnh \u1ea3nh ph\u1ea3n chi\u1ebfu n\u00e0y th\u1ef1c s\u1ef1 kh\u00e1 d\u1ec5 d\u00e0ng. H\u01b0\u1edbng &#8216;dir&#8217; trong CSS s\u1ebd th\u1ef1c hi\u1ec7n h\u1ea7u h\u1ebft c\u00f4ng vi\u1ec7c v\u00e0 b\u1ea1n ch\u1ec9 c\u1ea7n v\u00e1 m\u1ed9t v\u00e0i ch\u1ed7.<\/p>\n<h2>\u0110ang t\u1ea3i t\u1ec7p CSS kh\u00e1c cho ng\u00f4n ng\u1eef RTL<\/h2>\n<p>WordPress bi\u1ebft ng\u00f4n ng\u1eef n\u00e0o c\u00f3 lu\u1ed3ng RTL v\u00e0 gi\u00fap b\u1ea1n d\u1ec5 d\u00e0ng t\u00f9y ch\u1ec9nh b\u1ed1 c\u1ee5c c\u1ee7a ch\u00fang. T\u1ea1o m\u1ed9t t\u1ec7p rtl.css m\u1edbi v\u00e0 \u0111\u1eb7t n\u00f3 v\u00e0o th\u01b0 m\u1ee5c g\u1ed1c c\u1ee7a ch\u1ee7 \u0111\u1ec1 c\u1ee7a b\u1ea1n.<\/p>\n<p>WordPress s\u1ebd t\u1ea3i t\u1ec7p rtl.css sau khi t\u1ea3i style.css th\u00f4ng th\u01b0\u1eddng, v\u00ec v\u1eady t\u1ec7p CSS RTL ch\u1ec9 c\u1ea7n ghi \u0111\u00e8 c\u00e1c thu\u1ed9c t\u00ednh c\u1ea7n thay \u0111\u1ed5i. \u0110i\u1ec1u n\u00e0y c\u00f3 ngh\u0129a l\u00e0 t\u1ec7p rtl.css th\u01b0\u1eddng kh\u00e1 nh\u1ecf \u0111\u1ed1i v\u1edbi h\u1ea7u h\u1ebft c\u00e1c ch\u1ee7 \u0111\u1ec1.<\/p>\n<h2>\u0110\u1eb7t h\u01b0\u1edbng trang th\u00e0nh RTL<\/h2>\n<p>Thu\u1ed9c t\u00ednh &#8216;h\u01b0\u1edbng&#8217; trong CSS cho tr\u00ecnh duy\u1ec7t bi\u1ebft h\u01b0\u1edbng c\u1ee7a trang. \u0110\u1ed1i v\u1edbi ng\u00f4n ng\u1eef RTL, b\u1ea1n mu\u1ed1n \u0111\u1eb7t th\u00e0nh &#8216;rtl&#8217;. C\u00f3 m\u1ed9t thu\u1ed9c t\u00ednh &#8216;ma thu\u1eadt&#8217; kh\u00e1c m\u00e0 b\u1ea1n n\u00ean \u0111\u1eb7t \u0111\u1ec3 hi\u1ec3n th\u1ecb RTL ph\u00f9 h\u1ee3p. N\u00f3 \u0111\u01b0\u1ee3c g\u1ecdi l\u00e0 &#8216;unicode-bidi&#8217;. Thu\u1ed9c t\u00ednh &#8216;ma thu\u1eadt&#8217; \u0111\u00f3 kh\u00e1 \u0111\u01a1n gi\u1ea3n \u0111\u1ec3 hi\u1ec3u khi b\u1ea1n \u0111\u00e3 quen vi\u1ebft b\u1eb1ng RTL. N\u00f3 ki\u1ec3m so\u00e1t c\u00e1ch c\u00e1c k\u00fd t\u1ef1 \u0111\u01b0\u1ee3c hi\u1ec3n th\u1ecb b\u00ean trong d\u00f2ng.<\/p>\n<p>\u0110\u1ec3 hi\u1ec3n th\u1ecb RTL th\u00edch h\u1ee3p, h\u00e3y th\u00eam ph\u1ea7n sau v\u00e0o b\u1ed9 ch\u1ecdn .body:<\/p>\n<p><code><br \/>\n{<br \/>\ndirection:rtl;<br \/>\nunicode-bidi:embed;<br \/>\n}<br \/>\n<\/code><\/p>\n<p>V\u00e0, b\u1ea1n \u0111\u00e3 ho\u00e0n t\u1ea5t! Ch\u1ee7 \u0111\u1ec1 c\u1ee7a b\u1ea1n hi\u1ec7n hi\u1ec3n th\u1ecb trong RTL. H\u1ea7u h\u1ebft. Hai c\u00e2u l\u1ec7nh n\u00e0y s\u1ebd l\u00e0m cho ph\u1ea7n l\u1edbn trang tr\u00f4ng c\u00f3 v\u1ebb ch\u00ednh x\u00e1c. B\u00e2y gi\u1edd, b\u1ea1n c\u1ea7n x\u1eed l\u00fd c\u00e1c tr\u01b0\u1eddng h\u1ee3p ngo\u1ea1i l\u1ec7.<\/p>\n<h2>L\u1eadt h\u01b0\u1edbng v\u0103n b\u1ea3n, n\u1ed5i v\u00e0 x\u00f3a<\/h2>\n<p>M\u1ecdi v\u1ecb tr\u00ed trong CSS, n\u01a1i b\u1ea1n \u0111\u1eb7t h\u01b0\u1edbng v\u0103n b\u1ea3n v\u00e0 c\u00e1c ph\u1ea7n t\u1eed n\u1ed5i, \u0111\u1ec1u c\u1ea7n \u0111\u01b0\u1ee3c ch\u00fa \u00fd th\u1ee7 c\u00f4ng.<\/p>\n<p>T\u00ecm t\u1ea5t c\u1ea3 c\u00e1c b\u1ed9 ch\u1ecdn \u0111\u1ec3 c\u0103n ch\u1ec9nh v\u0103n b\u1ea3n, n\u1ed5i v\u00e0 x\u00f3a. N\u1ebfu b\u1ea5t k\u1ef3 h\u01b0\u1edbng n\u00e0o trong s\u1ed1 n\u00e0y ch\u1ec9 \u0111\u1ecbnh h\u01b0\u1edbng, h\u00e3y l\u1eadt gi\u1eefa &#8216;ph\u1ea3i&#8217; sang &#8216;tr\u00e1i&#8217;. H\u00e3y nh\u1edb \u0111\u1ebfn h\u00ecnh \u1ea3nh ph\u1ea3n chi\u1ebfu m\u00e0 ch\u00fang ta \u0111ang c\u1ed1 g\u1eafng \u0111\u1ea1t \u0111\u01b0\u1ee3c v\u00e0 n\u00f3 s\u1ebd gi\u00fap b\u1ea1n hi\u1ec3u \u0111\u01b0\u1ee3c s\u1ef1 chuy\u1ec3n \u0111\u1ed5i n\u00e0y d\u1ec5 d\u00e0ng h\u01a1n.<\/p>\n<h2>\u0110\u1ed3 h\u1ecda ng\u1ee5 \u00fd h\u01b0\u1edbng<\/h2>\n<p>M\u1ed9t \u0111i\u1ec1u kh\u00e1c c\u1ea7n ch\u00fa \u00fd l\u00e0 \u0111\u1ed3 h\u1ecda c\u00f3 \u00fd ngh\u0129a &#8216;h\u01b0\u1edbng&#8217;. V\u00ed d\u1ee5: n\u1ebfu b\u1ea1n \u0111ang t\u1ea1o tr\u00ecnh chi\u1ebfu, b\u1ea1n c\u00f3 th\u1ec3 c\u00f3 c\u00e1c m\u0169i t\u00ean cho c\u00e1c m\u1ee5c ti\u1ebfp theo v\u00e0 tr\u01b0\u1edbc \u0111\u00f3. H\u00e3y nh\u1edb r\u1eb1ng trang web c\u1ee7a b\u1ea1n s\u1ebd xu\u1ea5t hi\u1ec7n qua g\u01b0\u01a1ng b\u1eb1ng ng\u00f4n ng\u1eef RTL, v\u00ec v\u1eady b\u1ea1n c\u0169ng n\u00ean l\u1eadt \u0111\u1ed3 h\u1ecda \u0111\u1ecbnh h\u01b0\u1edbng. N\u1ebfu b\u1ea1n \u0111ang s\u1eed d\u1ee5ng m\u0169i t\u00ean ch\u1ec9 sang ph\u1ea3i cho &#8216;ti\u1ebfp theo&#8217; trong LTR, b\u1ea1n n\u00ean cung c\u1ea5p m\u0169i t\u00ean ch\u1ec9 sang tr\u00e1i cho &#8216;ti\u1ebfp theo&#8217; trong RTL.<\/p>\n<h2>L\u1ef1a ch\u1ecdn ph\u00f4ng ch\u1eef t\u00f9y ch\u1ec9nh<\/h2>\n<p>Ng\u00f4n ng\u1eef RTL kh\u00f4ng c\u00f3 ph\u00f4ng ch\u1eef gi\u1ed1ng nh\u01b0 ng\u00f4n ng\u1eef LTR. N\u1ebfu b\u1ea1n \u0111ang s\u1eed d\u1ee5ng ph\u00f4ng ch\u1eef \u01b0a th\u00edch v\u00e0 b\u1ed1 c\u1ee5c ch\u1ee7 \u0111\u1ec1 c\u1ee7a b\u1ea1n d\u1ef1a v\u00e0o ch\u00fang, b\u1ea1n n\u00ean t\u00ecm ph\u00f4ng ch\u1eef thay th\u1ebf cho c\u00e1c ng\u00f4n ng\u1eef n\u00e0y. N\u1ebfu b\u1ea1n ch\u1ecdn ph\u00f4ng ch\u1eef kh\u00f4ng t\u1ed3n t\u1ea1i trong ng\u00f4n ng\u1eef RTL, tr\u00ecnh duy\u1ec7t s\u1ebd tr\u1edf l\u1ea1i ph\u00f4ng ch\u1eef m\u00e0 n\u00f3 bi\u1ebft. T\u1ed1t h\u01a1n l\u00e0 b\u1ea1n n\u00ean ch\u1ec9 \u0111\u1ecbnh c\u00e1c ph\u00f4ng ch\u1eef hi\u1ec7n c\u00f3 thay th\u1ebf m\u00e0 b\u1ea1n th\u00edch.<\/p>\n<p>N\u1ebfu b\u1ea1n s\u1eed d\u1ee5ng ph\u00f4ng ch\u1eef web ti\u00eau chu\u1ea9n th\u00ec kh\u00f4ng sao.<\/p>\n<h2>C\u00e1ch ki\u1ec3m tra ch\u1ee7 \u0111\u1ec1 c\u1ee7a b\u1ea1n trong RTL<\/h2>\n<p>Khi b\u1ea1n \u0111ang ph\u00e1t tri\u1ec3n t\u1ec7p CSS RTL c\u1ee7a m\u00ecnh, b\u1ea1n n\u00ean lu\u00f4n ki\u1ec3m tra nh\u1eefng g\u00ec b\u1ea1n \u0111ang l\u00e0m.<\/p>\n<ol>\n<li>Thay \u0111\u1ed5i ng\u00f4n ng\u1eef trong t\u1ec7p wp-config.php sang ng\u00f4n ng\u1eef \u0111\u00f3. N\u1ebfu b\u1ea1n \u0111ang s\u1eed d\u1ee5ng WPML , ch\u1ec9 <a href=\"https:\/\/wpml.org\/documentation\/getting-started-guide\/language-setup\/\">c\u1ea7n th\u00eam ng\u00f4n ng\u1eef RTL<\/a> v\u00e0o trang web c\u1ee7a b\u1ea1n.\n<p><figure id=\"attachment_341135\" aria-describedby=\"caption-attachment-341135\" style=\"width: 150px\" class=\"wp-caption alignnone\"><a href=\"http:\/\/wpml.org\/wp-content\/uploads\/2014\/02\/add-rtl-languages.png\"><img decoding=\"async\" class=\"size-thumbnail wp-image-341135\" src=\"http:\/\/wpml.org\/wp-content\/uploads\/2014\/02\/add-rtl-languages-150x137.png\" alt=\"Th\u00eam ng\u00f4n ng\u1eef RTL\" width=\"150\" height=\"137\" srcset=\"https:\/\/wpml.org\/wp-content\/uploads\/2014\/02\/add-rtl-languages-150x137.png 150w, https:\/\/wpml.org\/wp-content\/uploads\/2014\/02\/add-rtl-languages-300x275.png 300w, https:\/\/wpml.org\/wp-content\/uploads\/2014\/02\/add-rtl-languages.png 824w\" sizes=\"(max-width: 150px) 100vw, 150px\" \/><\/a><figcaption id=\"caption-attachment-341135\" class=\"wp-caption-text\">Th\u00eam ng\u00f4n ng\u1eef RTL<\/figcaption><\/figure><\/li>\n<li>D\u1ecbch c\u00e1c v\u0103n b\u1ea3n \u0111\u01b0\u1ee3c m\u00e3 h\u00f3a c\u1ee9ng trong ch\u1ee7 \u0111\u1ec1 c\u1ee7a b\u1ea1n (\u00edt nh\u1ea5t l\u00e0 nh\u1eefng v\u0103n b\u1ea3n \u1edf giao di\u1ec7n ng\u01b0\u1eddi d\u00f9ng) sang ng\u00f4n ng\u1eef \u0111\u00f3. WPML cho ph\u00e9p b\u1ea1n l\u00e0m \u0111i\u1ec1u \u0111\u00f3 b\u1eb1ng c\u00e1ch s\u1eed d\u1ee5ng m\u00f4-\u0111un <a href=\"https:\/\/wpml.org\/documentation\/getting-started-guide\/string-translation\/\">D\u1ecbch chu\u1ed7i<\/a> .\n<p><figure id=\"attachment_341141\" aria-describedby=\"caption-attachment-341141\" style=\"width: 150px\" class=\"wp-caption alignnone\"><a href=\"http:\/\/wpml.org\/wp-content\/uploads\/2014\/02\/translating-theme-texts.png\"><img decoding=\"async\" class=\"size-thumbnail wp-image-341141\" src=\"http:\/\/wpml.org\/wp-content\/uploads\/2014\/02\/translating-theme-texts-150x110.png\" alt=\"D\u1ecbch v\u0103n b\u1ea3n ch\u1ee7 \u0111\u1ec1\" width=\"150\" height=\"110\" srcset=\"https:\/\/wpml.org\/wp-content\/uploads\/2014\/02\/translating-theme-texts-150x110.png 150w, https:\/\/wpml.org\/wp-content\/uploads\/2014\/02\/translating-theme-texts-300x220.png 300w, https:\/\/wpml.org\/wp-content\/uploads\/2014\/02\/translating-theme-texts.png 819w\" sizes=\"(max-width: 150px) 100vw, 150px\" \/><\/a><figcaption id=\"caption-attachment-341141\" class=\"wp-caption-text\">D\u1ecbch v\u0103n b\u1ea3n ch\u1ee7 \u0111\u1ec1<\/figcaption><\/figure><\/li>\n<li>L\u1ea5y n\u1ed9i dung m\u1eabu b\u1eb1ng ng\u00f4n ng\u1eef \u0111\u00f3. \u0110\u1ec3 d\u1ec5 d\u00e0ng ch\u1ec9nh s\u1eeda trong RTL trong qu\u1ea3n tr\u1ecb vi\u00ean WordPress , h\u00e3y truy c\u1eadp h\u1ed3 s\u01a1 c\u1ee7a b\u1ea1n, cu\u1ed9n \u0111\u1ebfn <a href=\"https:\/\/wpml.org\/documentation\/getting-started-guide\/language-setup\/#admin_language\">c\u00e0i \u0111\u1eb7t ng\u00f4n ng\u1eef qu\u1ea3n tr\u1ecb vi\u00ean<\/a> v\u00e0 \u0111\u1eb7t ng\u00f4n ng\u1eef gi\u1ed1ng v\u1edbi ng\u00f4n ng\u1eef ch\u1ec9nh s\u1eeda.\n<p><figure id=\"attachment_341144\" aria-describedby=\"caption-attachment-341144\" style=\"width: 150px\" class=\"wp-caption alignnone\"><a href=\"http:\/\/wpml.org\/wp-content\/uploads\/2014\/02\/editing-in-hebrew.png\"><img decoding=\"async\" class=\"size-thumbnail wp-image-341144\" src=\"http:\/\/wpml.org\/wp-content\/uploads\/2014\/02\/editing-in-hebrew-150x76.png\" alt=\"Ch\u1ec9nh s\u1eeda n\u1ed9i dung \u1edf ch\u1ebf \u0111\u1ed9 RTL\" width=\"150\" height=\"76\" srcset=\"https:\/\/wpml.org\/wp-content\/uploads\/2014\/02\/editing-in-hebrew-150x76.png 150w, https:\/\/wpml.org\/wp-content\/uploads\/2014\/02\/editing-in-hebrew-300x152.png 300w, https:\/\/wpml.org\/wp-content\/uploads\/2014\/02\/editing-in-hebrew.png 1022w\" sizes=\"(max-width: 150px) 100vw, 150px\" \/><\/a><figcaption id=\"caption-attachment-341144\" class=\"wp-caption-text\">Ch\u1ec9nh s\u1eeda n\u1ed9i dung \u1edf ch\u1ebf \u0111\u1ed9 RTL<\/figcaption><\/figure><\/li>\n<\/ol>\n<p>B\u1ea1n kh\u00f4ng bi\u1ebft b\u1ea5t k\u1ef3 ng\u00f4n ng\u1eef RTL n\u00e0o? Ch\u1ec9 c\u1ea7n s\u1eed d\u1ee5ng Google D\u1ecbch. B\u1ea3n d\u1ecbch h\u1ea7u nh\u01b0 s\u1ebd v\u00f4 ngh\u0129a, nh\u01b0ng v\u1edbi m\u1ee5c \u0111\u00edch ph\u00e1t tri\u1ec3n CSS th\u00ec \u0111i\u1ec1u \u0111\u00f3 kh\u00f4ng sao c\u1ea3.<\/p>\n<p>B\u00e2y gi\u1edd, h\u00e3y xem qua c\u00e1c lo\u1ea1i n\u1ed9i dung kh\u00e1c nhau trong trang web c\u1ee7a b\u1ea1n. \u0110\u1ea3m b\u1ea3o bao g\u1ed3m c\u00e1c b\u00e0i \u0111\u0103ng, trang, trang ch\u1ee7 v\u00e0 b\u1ea5t k\u1ef3 n\u1ed9i dung t\u00f9y ch\u1ec9nh n\u00e0o b\u1ea1n t\u1ea1o.<\/p>\n<p>\u0110\u1ec3 c\u00f3 k\u1ebft qu\u1ea3 t\u1ed1t nh\u1ea5t, h\u00e3y t\u00ecm ai \u0111\u00f3 n\u00f3i ng\u00f4n ng\u1eef \u0111\u00f3 v\u00e0 nh\u1edd anh \u1ea5y ki\u1ec3m tra s\u1ef1 t\u1ec9nh t\u00e1o cho b\u1ea1n. Ng\u01b0\u1eddi b\u1ea1n n\u00f3i ng\u00f4n ng\u1eef RTL c\u1ee7a b\u1ea1n s\u1ebd n\u1eafm b\u1eaft \u0111\u01b0\u1ee3c 5% v\u1ea5n \u0111\u1ec1 c\u00f2n l\u1ea1i m\u00e0 b\u1ea1n s\u1ebd b\u1ecf l\u1ee1. \u0110i\u1ec1u n\u00e0y l\u00e0 &#8216;r\u1ea5t vui khi c\u00f3&#8217;, v\u00ec v\u1eady \u0111\u1eebng d\u1eebng n\u1ed7 l\u1ef1c RTL c\u1ee7a b\u1ea1n n\u1ebfu b\u1ea1n kh\u00f4ng bi\u1ebft ai c\u00f3 th\u1ec3 tr\u1ee3 gi\u00fap ki\u1ec3m tra. Ngay sau khi b\u1ea1n ph\u00e1t h\u00e0nh phi\u00ean b\u1ea3n ch\u1ee7 \u0111\u1ec1 h\u1ed7 tr\u1ee3 RTL, b\u1ea1n s\u1ebd nh\u1eadn \u0111\u01b0\u1ee3c nhi\u1ec1u ph\u1ea3n h\u1ed3i t\u1eeb kh\u00e1ch h\u00e0ng c\u1ee7a m\u00ecnh. N\u1ebfu b\u1ea1n th\u1ef1c hi\u1ec7n \u0111\u01b0\u1ee3c 95% n\u1ed7 l\u1ef1c, h\u1ecd s\u1ebd s\u1eb5n l\u00f2ng \u0111\u00f3ng g\u00f3p c\u00e1c b\u1ea3n s\u1eeda l\u1ed7i cho 5% c\u00f2n l\u1ea1i.<\/p>\n<h2>T\u00e0i li\u1ec7u b\u1ed5 sung &#8211; qu\u1ea3n tr\u1ecb ch\u1ee7 \u0111\u1ec1 c\u1ee7a b\u1ea1n b\u1eb1ng ng\u00f4n ng\u1eef RTL<\/h2>\n<p>Y\u00eau c\u1ea7u c\u01a1 b\u1ea3n \u0111\u1ec3 c\u00f3 ch\u1ee7 \u0111\u1ec1 t\u01b0\u01a1ng th\u00edch v\u1edbi RTL l\u00e0 giao di\u1ec7n ng\u01b0\u1eddi d\u00f9ng (n\u1ed9i dung c\u00f4ng khai) hi\u1ec3n th\u1ecb ch\u00ednh x\u00e1c b\u1eb1ng ng\u00f4n ng\u1eef RTL. \u0110\u00e2y l\u00e0 c\u01a1 b\u1ea3n th\u1ef1c s\u1ef1, n\u1ebfu kh\u00f4ng c\u00f3 n\u00f3 th\u00ec kh\u00f4ng ai c\u00f3 th\u1ec3 s\u1eed d\u1ee5ng ch\u1ee7 \u0111\u1ec1 c\u1ee7a b\u1ea1n \u0111\u1ec3 x\u00e2y d\u1ef1ng trang web b\u1eb1ng ng\u00f4n ng\u1eef RTL.<\/p>\n<p>Ngo\u00e0i ra, nhi\u1ec1u ng\u01b0\u1eddi d\u00f9ng s\u1ebd mu\u1ed1n c\u00f3 qu\u1ea3n tr\u1ecb vi\u00ean WordPress b\u1eb1ng ng\u00f4n ng\u1eef c\u1ee7a h\u1ecd. \u0110i\u1ec1u n\u00e0y c\u0169ng c\u00f3 ngh\u0129a l\u00e0 xem m\u00e0n h\u00ecnh qu\u1ea3n tr\u1ecb ch\u1ee7 \u0111\u1ec1 c\u1ee7a b\u1ea1n theo h\u01b0\u1edbng RTL.<\/p>\n<p>C\u00e1ch d\u1ec5 d\u00e0ng \u0111\u1ec3 \u0111\u1ea1t \u0111\u01b0\u1ee3c kh\u1ea3 n\u0103ng t\u01b0\u01a1ng th\u00edch RTL n\u00e0y cho m\u00e0n h\u00ecnh qu\u1ea3n tr\u1ecb ch\u1ee7 \u0111\u1ec1 c\u1ee7a b\u1ea1n l\u00e0 s\u1eed d\u1ee5ng c\u00e1c l\u1edbp CSS WordPress ti\u00eau chu\u1ea9n cho c\u00e1c th\u00e0nh ph\u1ea7n GUI. \u0110\u00fang, \u0111i\u1ec1u n\u00e0y c\u00f3 ngh\u0129a l\u00e0 b\u1ea1n kh\u00f4ng th\u1ec3 s\u1eed d\u1ee5ng c\u00e1c hi\u1ec7u \u1ee9ng CSS \u01b0a th\u00edch \u0111\u1ec3 l\u00e0m s\u00e1ng GUI c\u1ee7a m\u00ecnh. \u0110i\u1ec1u \u0111\u00f3 c\u0169ng c\u00f3 ngh\u0129a l\u00e0 GUI c\u1ee7a b\u1ea1n h\u00f2a h\u1ee3p ho\u00e0n h\u1ea3o v\u1edbi qu\u1ea3n tr\u1ecb vi\u00ean WordPress v\u00e0 hi\u1ec3n th\u1ecb ch\u00ednh x\u00e1c trong LTR\/RTL.<\/p>\n<figure id=\"attachment_341172\" aria-describedby=\"caption-attachment-341172\" style=\"width: 300px\" class=\"wp-caption alignnone\"><a href=\"http:\/\/wpml.org\/wp-content\/uploads\/2014\/02\/2014-theme-admin-in-rtl.png\"><img decoding=\"async\" class=\"size-medium wp-image-341172\" src=\"http:\/\/wpml.org\/wp-content\/uploads\/2014\/02\/2014-theme-admin-in-rtl-300x246.png\" alt=\"Qu\u1ea3n tr\u1ecb ch\u1ee7 \u0111\u1ec1 2014 trong RTL. Ch\u01b0a \u0111\u01b0\u1ee3c d\u1ecbch \u0111\u1ea7y \u0111\u1ee7, nh\u01b0ng m\u1ecdi th\u1ee9 \u0111\u1ec1u \u0111\u01b0\u1ee3c \u0111\u1ecbnh v\u1ecb t\u1ed1t.\" width=\"300\" height=\"246\" srcset=\"https:\/\/wpml.org\/wp-content\/uploads\/2014\/02\/2014-theme-admin-in-rtl-300x246.png 300w, https:\/\/wpml.org\/wp-content\/uploads\/2014\/02\/2014-theme-admin-in-rtl-150x123.png 150w, https:\/\/wpml.org\/wp-content\/uploads\/2014\/02\/2014-theme-admin-in-rtl.png 997w\" sizes=\"(max-width: 300px) 100vw, 300px\" \/><\/a><figcaption id=\"caption-attachment-341172\" class=\"wp-caption-text\">Qu\u1ea3n tr\u1ecb ch\u1ee7 \u0111\u1ec1 2014 trong RTL. Ch\u01b0a \u0111\u01b0\u1ee3c d\u1ecbch \u0111\u1ea7y \u0111\u1ee7, nh\u01b0ng m\u1ecdi th\u1ee9 \u0111\u1ec1u \u0111\u01b0\u1ee3c \u0111\u1ecbnh v\u1ecb t\u1ed1t.<\/figcaption><\/figure>\n<p>N\u1ebfu b\u1ea1n ph\u1ea3i s\u1eed d\u1ee5ng CSS t\u00f9y ch\u1ec9nh cho m\u00e0n h\u00ecnh qu\u1ea3n tr\u1ecb, h\u00e3y ki\u1ec3m tra xem n\u00f3 tr\u00f4ng nh\u01b0 th\u1ebf n\u00e0o trong ng\u00f4n ng\u1eef RTL. C\u00e1c quy t\u1eafc t\u01b0\u01a1ng t\u1ef1 m\u00e0 b\u1ea1n tu\u00e2n theo \u0111\u1ed1i v\u1edbi CSS m\u1eb7t tr\u01b0\u1edbc c\u0169ng \u00e1p d\u1ee5ng cho m\u1eb7t sau. L\u1eadt c\u0103n ch\u1ec9nh, n\u1ed5i v\u00e0 x\u00f3a; tr\u00e1nh \u0111\u1ecbnh v\u1ecb tuy\u1ec7t \u0111\u1ed1i v\u00e0 ch\u0103m s\u00f3c h\u00ecnh \u1ea3nh.<\/p>\n<h2>M\u1ed9t t\u00e0i li\u1ec7u tham kh\u1ea3o tuy\u1ec7t v\u1eddi &#8211; ch\u1ee7 \u0111\u1ec1 m\u1eb7c \u0111\u1ecbnh WordPress<\/h2>\n<p>Cho b\u1ea1n bi\u1ebft, c\u00e1c ch\u1ee7 \u0111\u1ec1 m\u1eb7c \u0111\u1ecbnh WordPress \u0111\u1ec1u \u0111\u01b0\u1ee3c \u0111i\u1ec1u ch\u1ec9nh ho\u00e0n h\u1ea3o cho c\u00e1c ng\u00f4n ng\u1eef RTL. M\u1edf ch\u1ee7 \u0111\u1ec1 m\u1eb7c \u0111\u1ecbnh v\u00e0 t\u00ecm t\u1ec7p rtl.css. B\u1ea1n s\u1ebd th\u1ea5y nh\u1eefng thay \u0111\u1ed5i n\u00f3 \u0111\u00e3 th\u1ef1c hi\u1ec7n \u0111\u1ed1i v\u1edbi CSS cho ch\u1ee7 \u0111\u1ec1 m\u1eb7c \u0111\u1ecbnh. Th\u00f4ng th\u01b0\u1eddng, nh\u1eefng thay \u0111\u1ed5i n\u00e0y kh\u00e1 nh\u1ecf v\u00e0 d\u1ec5 th\u1ef1c hi\u1ec7n.<\/p>\n","protected":false},"excerpt":{"rendered":"<p>RTL c\u00f3 ngh\u0129a l\u00e0 t\u1eeb ph\u1ea3i sang tr\u00e1i. Ch\u1ec9 c\u00f3 m\u1ed9t s\u1ed1 ng\u00f4n ng\u1eef tr\u00ean th\u1ebf gi\u1edbi s\u1eed d\u1ee5ng h\u01b0\u1edbng v\u0103n b\u1ea3n RTL, nh\u01b0ng nh\u1eefng ng\u00f4n ng\u1eef n\u00e0y bao ph\u1ee7 h\u01a1n m\u1ed9t t\u1ef7 ng\u01b0\u1eddi. Vi\u1ec7c th\u00eam h\u1ed7 tr\u1ee3 RTL cho ch\u1ee7 \u0111\u1ec1 c\u1ee7a b\u1ea1n r\u1ea5t \u0111\u01a1n gi\u1ea3n v\u00e0 c\u00f3 th\u1ec3 t\u0103ng th\u1ecb tr\u01b0\u1eddng cho ch\u1ee7 [&hellip;]<\/p>\n","protected":false},"author":2,"featured_media":0,"parent":15715744,"menu_order":127,"comment_status":"closed","ping_status":"closed","template":"template-sidebar-2.php","meta":{"_bbp_topic_count":0,"_bbp_reply_count":0,"_bbp_total_topic_count":0,"_bbp_total_reply_count":0,"_bbp_voice_count":0,"_bbp_anonymous_reply_count":0,"_bbp_topic_count_hidden":0,"_bbp_reply_count_hidden":0,"_bbp_forum_subforum_count":0,"_uag_custom_page_level_css":"","ep_exclude_from_search":false,"footnotes":""},"related-projects-category":[],"class_list":["post-15714588","page","type-page","status-publish","hentry"],"spectra_custom_meta":{"ratings_users":["0"],"ratings_score":["0"],"ratings_average":["0"],"_subscription_coupon_product_id":["0"],"_wpv_contains_gutenberg_views":[""],"_alp_processed":["1717760032"],"_views_template":["0"],"_wpml_media_duplicate":["0"],"_wpml_media_featured":["1"],"_wp_page_template":["template-sidebar-2.php"],"_yoast_wpseo_metadesc":["T\u00ecm hi\u1ec3u c\u00e1ch l\u00e0m cho ch\u1ee7 \u0111\u1ec1 c\u1ee7a b\u1ea1n t\u01b0\u01a1ng th\u00edch v\u1edbi c\u00e1c ng\u00f4n ng\u1eef RTL. H\u01b0\u1edbng d\u1eabn n\u00e0y bao g\u1ed3m c\u00e1c k\u1ef9 thu\u1eadt CSS, th\u1eed nghi\u1ec7m v\u00e0 m\u1eb9o v\u1ec1 qu\u1ea3n tr\u1ecb vi\u00ean RTL WordPress ."],"_last_translation_edit_mode":["translation-editor"],"wpcf-unformatted-code":[""],"wpcf-price-increase-show-from":[""],"wpcf-price-increase-show-till":[""],"_uag_css_file_name":["uag-css-15714588.css"],"_uag_page_assets":["a:9:{s:3:\"css\";s:260:\".uag-blocks-common-selector{z-index:var(--z-index-desktop) !important}@media(max-width: 976px){.uag-blocks-common-selector{z-index:var(--z-index-tablet) !important}}@media(max-width: 767px){.uag-blocks-common-selector{z-index:var(--z-index-mobile) !important}}\";s:2:\"js\";s:0:\"\";s:18:\"current_block_list\";a:1:{i:0;s:14:\"core\/shortcode\";}s:8:\"uag_flag\";b:0;s:11:\"uag_version\";s:10:\"1778717080\";s:6:\"gfonts\";a:0:{}s:10:\"gfonts_url\";s:0:\"\";s:12:\"gfonts_files\";a:0:{}s:14:\"uag_faq_layout\";b:0;}"]},"uagb_featured_image_src":{"full":false,"thumbnail":false,"medium":false,"medium_large":false,"large":false,"1536x1536":false,"2048x2048":false,"gform-image-choice-sm":false,"gform-image-choice-md":false,"gform-image-choice-lg":false,"woocommerce_thumbnail":false,"woocommerce_single":false,"woocommerce_gallery_thumbnail":false},"uagb_author_info":{"display_name":"Amir","author_link":"https:\/\/wpml.org\/vi\/author\/amir\/"},"uagb_comment_info":0,"uagb_excerpt":"RTL c\u00f3 ngh\u0129a l\u00e0 t\u1eeb ph\u1ea3i sang tr\u00e1i. Ch\u1ec9 c\u00f3 m\u1ed9t s\u1ed1 ng\u00f4n ng\u1eef tr\u00ean th\u1ebf gi\u1edbi s\u1eed d\u1ee5ng h\u01b0\u1edbng v\u0103n b\u1ea3n RTL, nh\u01b0ng nh\u1eefng ng\u00f4n ng\u1eef n\u00e0y bao ph\u1ee7 h\u01a1n m\u1ed9t t\u1ef7 ng\u01b0\u1eddi. Vi\u1ec7c th\u00eam h\u1ed7 tr\u1ee3 RTL cho ch\u1ee7 \u0111\u1ec1 c\u1ee7a b\u1ea1n r\u1ea5t \u0111\u01a1n gi\u1ea3n v\u00e0 c\u00f3 th\u1ec3 t\u0103ng th\u1ecb tr\u01b0\u1eddng cho ch\u1ee7&hellip;","_links":{"self":[{"href":"https:\/\/wpml.org\/vi\/wp-json\/wp\/v2\/pages\/15714588","targetHints":{"allow":["GET"]}}],"collection":[{"href":"https:\/\/wpml.org\/vi\/wp-json\/wp\/v2\/pages"}],"about":[{"href":"https:\/\/wpml.org\/vi\/wp-json\/wp\/v2\/types\/page"}],"author":[{"embeddable":true,"href":"https:\/\/wpml.org\/vi\/wp-json\/wp\/v2\/users\/2"}],"replies":[{"embeddable":true,"href":"https:\/\/wpml.org\/vi\/wp-json\/wp\/v2\/comments?post=15714588"}],"version-history":[{"count":1,"href":"https:\/\/wpml.org\/vi\/wp-json\/wp\/v2\/pages\/15714588\/revisions"}],"predecessor-version":[{"id":15714589,"href":"https:\/\/wpml.org\/vi\/wp-json\/wp\/v2\/pages\/15714588\/revisions\/15714589"}],"up":[{"embeddable":true,"href":"https:\/\/wpml.org\/vi\/wp-json\/wp\/v2\/pages\/15715744"}],"wp:attachment":[{"href":"https:\/\/wpml.org\/vi\/wp-json\/wp\/v2\/media?parent=15714588"}],"wp:term":[{"taxonomy":"related-projects-category","embeddable":true,"href":"https:\/\/wpml.org\/vi\/wp-json\/wp\/v2\/related-projects-category?post=15714588"}],"curies":[{"name":"wp","href":"https:\/\/api.w.org\/{rel}","templated":true}]}}