{"id":15714594,"date":"2015-05-18T15:30:59","date_gmt":"2015-05-18T15:30:59","guid":{"rendered":"https:\/\/wpml.org\/huong-dan-bat-dau\/dich-widget\/"},"modified":"2026-02-26T07:49:42","modified_gmt":"2026-02-26T07:49:42","slug":"dich-widget","status":"publish","type":"page","link":"https:\/\/wpml.org\/vi\/tai-lieu-wpml\/huong-dan-bat-dau\/dich-widget\/","title":{"rendered":"D\u1ecbch c\u00e1c widget"},"content":{"rendered":"\n<div class=\"wp-block-toolset-blocks-container tb-container\" data-toolset-blocks-container=\"f1f6cf433548e794e350cca473324a7f\"><div class=\"tb-container-inner\">\n<p class=\"tb-heading lead\" data-toolset-blocks-heading=\"86243751073c72263dda180dd7396470\" data-last-update=\"1.4\">T\u00ecm hi\u1ec3u c\u00e1ch d\u1ecbch b\u1ea5t k\u1ef3 widget WordPress n\u00e0o b\u1eb1ng WPML, bao g\u1ed3m c\u1ea3 widget d\u1ef1a tr\u00ean kh\u1ed1i, widget c\u0169 v\u00e0 widget t\u00f9y ch\u1ec9nh.<\/p>\n\n\n\n<div class=\"wp-block-toolset-blocks-grid tb-grid\" data-toolset-blocks-grid=\"7f5b809fd468bcf666d0329830422aa9\">\n<div class=\"wp-block-toolset-blocks-grid-column tb-grid-column tb-grid-align-top\" data-toolset-blocks-grid-column=\"3034fbe886c11054e95b46b09d3e4112\"><div class=\"wp-block-image\">\n<figure class=\" tb-image tb-image-dynamic tb-image-frame-none aligncenter\" data-toolset-blocks-image=\"c933aaafa519cdd784f3533b1bedf1ab\"><a href=\"https:\/\/wpml.org\/wp-content\/uploads\/2024\/05\/english-sidebar-widgets-wpml.png\"><img decoding=\"async\" width=\"1024\" height=\"861\" loading=\"lazy\" src=\"https:\/\/wpml.org\/wp-content\/uploads\/2024\/05\/english-sidebar-widgets-wpml-1024x861.png\" alt=\"\" class=\"wp-image-15620053\" srcset=\"https:\/\/wpml.org\/wp-content\/uploads\/2024\/05\/english-sidebar-widgets-wpml-1024x861.png 1024w, https:\/\/wpml.org\/wp-content\/uploads\/2024\/05\/english-sidebar-widgets-wpml-300x252.png 300w, https:\/\/wpml.org\/wp-content\/uploads\/2024\/05\/english-sidebar-widgets-wpml-150x126.png 150w, https:\/\/wpml.org\/wp-content\/uploads\/2024\/05\/english-sidebar-widgets-wpml-768x646.png 768w, https:\/\/wpml.org\/wp-content\/uploads\/2024\/05\/english-sidebar-widgets-wpml-1536x1292.png 1536w, https:\/\/wpml.org\/wp-content\/uploads\/2024\/05\/english-sidebar-widgets-wpml.png 1962w\" sizes=\"auto, (max-width: 1024px) 100vw, 1024px\" \/><\/a><figcaption><div class=\"tb-image-caption\">Widget trong thanh b\u00ean b\u1eb1ng ti\u1ebfng Anh<\/div><\/figcaption><\/figure>\n<\/div><\/div>\n\n\n\n<div class=\"wp-block-toolset-blocks-grid-column tb-grid-column tb-grid-align-top\" data-toolset-blocks-grid-column=\"3034fbe886c11054e95b46b09d3e4112\"><div class=\"wp-block-image\">\n<figure class=\" tb-image tb-image-dynamic tb-image-frame-none aligncenter\" data-toolset-blocks-image=\"c58dea955e8c802e4e753eb52d865a0f\"><a href=\"https:\/\/wpml.org\/wp-content\/uploads\/2024\/05\/spanish-sidebar-widgets-wpml.png\"><img decoding=\"async\" width=\"1024\" height=\"875\" loading=\"lazy\" src=\"https:\/\/wpml.org\/wp-content\/uploads\/2024\/05\/spanish-sidebar-widgets-wpml-1024x875.png\" alt=\"\" class=\"wp-image-15620069\" srcset=\"https:\/\/wpml.org\/wp-content\/uploads\/2024\/05\/spanish-sidebar-widgets-wpml-1024x875.png 1024w, https:\/\/wpml.org\/wp-content\/uploads\/2024\/05\/spanish-sidebar-widgets-wpml-300x256.png 300w, https:\/\/wpml.org\/wp-content\/uploads\/2024\/05\/spanish-sidebar-widgets-wpml-150x128.png 150w, https:\/\/wpml.org\/wp-content\/uploads\/2024\/05\/spanish-sidebar-widgets-wpml-768x656.png 768w, https:\/\/wpml.org\/wp-content\/uploads\/2024\/05\/spanish-sidebar-widgets-wpml-1536x1312.png 1536w, https:\/\/wpml.org\/wp-content\/uploads\/2024\/05\/spanish-sidebar-widgets-wpml.png 1964w\" sizes=\"auto, (max-width: 1024px) 100vw, 1024px\" \/><\/a><figcaption><div class=\"tb-image-caption\">Widget trong thanh b\u00ean b\u1eb1ng ti\u1ebfng T\u00e2y Ban Nha <\/div><\/figcaption><\/figure>\n<\/div><\/div>\n<\/div>\n\n\n\n<h2 class=\"wp-block-heading\" id=\"required-plugins\">C\u00e1c plugin c\u1ea7n thi\u1ebft<\/h2>\n\n\n\n<p>\u0110\u1ec3 d\u1ecbch widget, h\u00e3y c\u00e0i \u0111\u1eb7t v\u00e0 k\u00edch ho\u1ea1t:<\/p>\n\n\n\n<ul class=\"wp-block-list\">\n<li>WPML<\/li>\n\n\n\n<li>WPML String Translation<\/li>\n<\/ul>\n\n\n\n<h2 class=\"wp-block-heading\" id=\"how-to-translate-widgets\">C\u00e1ch d\u1ecbch widget <\/h2>\n\n\n\n<p>WPML c\u00f3 th\u1ec3 d\u1ecbch b\u1ea5t k\u1ef3 lo\u1ea1i widget n\u00e0o. Bao g\u1ed3m:<\/p>\n\n\n\n<div style=\"height:15px\" aria-hidden=\"true\" class=\"wp-block-spacer\"><\/div>\n\n\n\n<div class=\"wp-block-toolset-blocks-grid tb-grid\" data-toolset-blocks-grid=\"6329aaaa361b6c3ff5e14c6308f907de\">\n<div class=\"wp-block-toolset-blocks-grid-column tb-grid-column tb-grid-align-top\" data-toolset-blocks-grid-column=\"e0c62ef28c440411136281632d5a8d63\">\n<div class=\"wp-block-toolset-blocks-container tb-container aligncenter\" data-toolset-blocks-container=\"48873aa9a1502db94cee7985805c3625\">\n<div class=\"tb-fields-and-text\" data-toolset-blocks-fields-and-text=\"3e1d2592ce20bdf2bf813c9dfa44c991\"><p><img decoding=\"async\" class=\" wp-image-15972576 aligncenter\" src=\"https:\/\/wpml.org\/wp-content\/uploads\/2024\/07\/Widget-blocks2-min.png\" alt=\"\" width=\"190\" height=\"190\" srcset=\"https:\/\/wpml.org\/wp-content\/uploads\/2024\/07\/Widget-blocks2-min.png 370w, https:\/\/wpml.org\/wp-content\/uploads\/2024\/07\/Widget-blocks2-min-300x300.png 300w, https:\/\/wpml.org\/wp-content\/uploads\/2024\/07\/Widget-blocks2-min-150x150.png 150w, https:\/\/wpml.org\/wp-content\/uploads\/2024\/07\/Widget-blocks2-min-100x100.png 100w\" sizes=\"(max-width: 190px) 100vw, 190px\" \/><\/p><\/div>\n\n\n\n<p class=\"tb-heading has-text-color\" data-toolset-blocks-heading=\"bf983b028e621cb4ef8152faf0911a40\" data-last-update=\"1.4\"><strong>Widget \u0111\u01b0\u1ee3c th\u00eam v\u00e0o b\u00e0i vi\u1ebft <\/strong><br\/><strong>v\u00e0 trang<\/strong><\/p>\n<\/div>\n<\/div>\n\n\n\n<div class=\"wp-block-toolset-blocks-grid-column tb-grid-column tb-grid-align-top\" data-toolset-blocks-grid-column=\"3034fbe886c11054e95b46b09d3e4112\">\n<div class=\"wp-block-toolset-blocks-container tb-container aligncenter\" data-toolset-blocks-container=\"48873aa9a1502db94cee7985805c3625\">\n<div class=\"tb-fields-and-text\" data-toolset-blocks-fields-and-text=\"3e1d2592ce20bdf2bf813c9dfa44c991\"><p><img decoding=\"async\" class=\" wp-image-15972497 aligncenter\" src=\"https:\/\/wpml.org\/wp-content\/uploads\/2024\/07\/Block-based-Classic-widgets1-min.png\" alt=\"\" width=\"190\" height=\"190\" srcset=\"https:\/\/wpml.org\/wp-content\/uploads\/2024\/07\/Block-based-Classic-widgets1-min.png 370w, https:\/\/wpml.org\/wp-content\/uploads\/2024\/07\/Block-based-Classic-widgets1-min-300x300.png 300w, https:\/\/wpml.org\/wp-content\/uploads\/2024\/07\/Block-based-Classic-widgets1-min-150x150.png 150w, https:\/\/wpml.org\/wp-content\/uploads\/2024\/07\/Block-based-Classic-widgets1-min-100x100.png 100w\" sizes=\"(max-width: 190px) 100vw, 190px\" \/><\/p><\/div>\n\n\n\n<p class=\"tb-heading has-text-color\" data-toolset-blocks-heading=\"bf983b028e621cb4ef8152faf0911a40\" data-last-update=\"1.4\"><strong>Widget d\u1ef1a tr\u00ean kh\u1ed1i <\/strong><br\/><strong><strong>c\u1ed5 \u0111i\u1ec3n<\/strong><\/strong><\/p>\n<\/div>\n<\/div>\n\n\n\n<div class=\"wp-block-toolset-blocks-grid-column tb-grid-column tb-grid-align-top\" data-toolset-blocks-grid-column=\"3034fbe886c11054e95b46b09d3e4112\">\n<div class=\"wp-block-toolset-blocks-container tb-container aligncenter\" data-toolset-blocks-container=\"48873aa9a1502db94cee7985805c3625\">\n<div class=\"tb-fields-and-text\" data-toolset-blocks-fields-and-text=\"3e1d2592ce20bdf2bf813c9dfa44c991\"><p><img decoding=\"async\" class=\"wp-image-16559354 aligncenter\" src=\"https:\/\/wpml.org\/wp-content\/uploads\/2025\/01\/Frame-1-1-291x300.png\" alt=\"\" width=\"185\" height=\"191\" srcset=\"https:\/\/wpml.org\/wp-content\/uploads\/2025\/01\/Frame-1-1-291x300.png 291w, https:\/\/wpml.org\/wp-content\/uploads\/2025\/01\/Frame-1-1-146x150.png 146w, https:\/\/wpml.org\/wp-content\/uploads\/2025\/01\/Frame-1-1-300x309.png 300w, https:\/\/wpml.org\/wp-content\/uploads\/2025\/01\/Frame-1-1.png 458w\" sizes=\"(max-width: 185px) 100vw, 185px\" \/><\/p><\/div>\n\n\n\n<p class=\"tb-heading has-text-color\" data-toolset-blocks-heading=\"bf983b028e621cb4ef8152faf0911a40\" data-last-update=\"1.4\"><strong><strong><strong>Widget c\u0169 <\/strong><\/strong><\/strong><\/p>\n<\/div>\n<\/div>\n\n\n\n<div class=\"wp-block-toolset-blocks-grid-column tb-grid-column tb-grid-align-top\" data-toolset-blocks-grid-column=\"3034fbe886c11054e95b46b09d3e4112\">\n<div class=\"wp-block-toolset-blocks-container tb-container aligncenter\" data-toolset-blocks-container=\"48873aa9a1502db94cee7985805c3625\">\n<div class=\"tb-fields-and-text\" data-toolset-blocks-fields-and-text=\"3e1d2592ce20bdf2bf813c9dfa44c991\"><p><img decoding=\"async\" class=\" wp-image-15974085 aligncenter\" src=\"https:\/\/wpml.org\/wp-content\/uploads\/2024\/07\/custom-widget-1-1.png\" alt=\"\" width=\"198\" height=\"188\" srcset=\"https:\/\/wpml.org\/wp-content\/uploads\/2024\/07\/custom-widget-1-1.png 284w, https:\/\/wpml.org\/wp-content\/uploads\/2024\/07\/custom-widget-1-1-150x143.png 150w\" sizes=\"(max-width: 198px) 100vw, 198px\" \/><\/p><\/div>\n\n\n\n<p class=\"tb-heading has-text-color\" data-toolset-blocks-heading=\"bf983b028e621cb4ef8152faf0911a40\" data-last-update=\"1.4\"><strong>Widget t\u00f9y ch\u1ec9nh<\/strong><\/p>\n<\/div>\n<\/div>\n<\/div>\n\n\n\n<h2 class=\"wp-block-heading\">D\u1ecbch widget \u0111\u01b0\u1ee3c th\u00eam v\u00e0o t\u1eebng b\u00e0i vi\u1ebft v\u00e0 trang<\/h2>\n\n\n\n<p>\u0110\u1ec3 d\u1ecbch c\u00e1c kh\u1ed1i widget m\u00e0 b\u1ea1n c\u00f3 th\u1ec3 ch\u00e8n v\u00e0o b\u1ea5t k\u1ef3 n\u1ed9i dung n\u00e0o, bao g\u1ed3m c\u1ea3 b\u00e0i vi\u1ebft v\u00e0 trang:<\/p>\n\n\n\n<ol class=\"wp-block-list\">\n<li>\u0110i t\u1edbi <strong>WPML<\/strong> \u2192 <strong>b\u1ea3ng \u0111i\u1ec1u khi\u1ec3n d\u1ecbch<\/strong>.<\/li>\n\n\n\n<li>Ch\u1ecdn n\u1ed9i dung (b\u00e0i vi\u1ebft, trang, v.v.) ch\u1ee9a widget c\u1ee7a b\u1ea1n.<\/li>\n\n\n\n<li>Ch\u1ecdn ph\u01b0\u01a1ng ph\u00e1p d\u1ecbch v\u00e0 d\u1ecbch.<\/li>\n<\/ol>\n\n\n\n<p>WPML d\u1ecbch widget c\u1ee7a b\u1ea1n c\u00f9ng v\u1edbi ph\u1ea7n c\u00f2n l\u1ea1i c\u1ee7a n\u1ed9i dung trang.<\/p>\n\n\n\n<h2 class=\"wp-block-heading\" id=\"translate-bloc-based-classic-widgets\">D\u1ecbch widget d\u1ef1a tr\u00ean kh\u1ed1i c\u1ed5 \u0111i\u1ec3n<\/h2>\n\n\n\n<p>\u0110\u1ec3 d\u1ecbch c\u00e1c widget d\u1ef1a tr\u00ean kh\u1ed1i c\u1ed5 \u0111i\u1ec3n m\u00e0 b\u1ea1n th\u00eam v\u00e0o c\u00e1c khu v\u1ef1c widget b\u1eb1ng trang <strong>Giao di\u1ec7n <\/strong>\u2192 <strong>Widget<\/strong>:<\/p>\n\n\n\n<ol class=\"wp-block-list\">\n<li>\u0110i t\u1edbi <strong>WPML <\/strong>\u2192 <strong>b\u1ea3ng \u0111i\u1ec1u khi\u1ec3n d\u1ecbch thu\u1eadt<\/strong>.<\/li>\n\n\n\n<li>Cu\u1ed9n xu\u1ed1ng ph\u1ea7n <strong>Kh\u1ed1i<\/strong> v\u00e0 m\u1edf r\u1ed9ng ph\u1ea7n \u0111\u00f3.<\/li>\n\n\n\n<li>Ch\u1ecdn khu v\u1ef1c widget ch\u1ee9a widget c\u1ee7a b\u1ea1n (v\u00ed d\u1ee5: \u201cWidget &#8211; Thanh b\u00ean Blog\u201d).<\/li>\n\n\n\n<li>Ch\u1ecdn ph\u01b0\u01a1ng ph\u00e1p d\u1ecbch v\u00e0 d\u1ecbch.<\/li>\n<\/ol>\n\n\n\n<h2 class=\"wp-block-heading\">D\u1ecbch widget c\u0169<\/h2>\n\n\n\n<p>\u0110\u1ec3 d\u1ecbch c\u00e1c widget c\u0169 kh\u00f4ng d\u1ef1a tr\u00ean kh\u1ed1i:<\/p>\n\n\n\n<ol class=\"wp-block-list\">\n<li>\u0110i t\u1edbi <strong>WPML<\/strong>  <strong>\u2192 b\u1ea3ng \u0111i\u1ec1u khi\u1ec3n d\u1ecbch<\/strong>.<\/li>\n\n\n\n<li>Cu\u1ed9n xu\u1ed1ng ph\u1ea7n <strong>V\u0103n b\u1ea3n kh\u00e1c (Chu\u1ed7i)<\/strong><strong> <\/strong>v\u00e0 ch\u1ecdn v\u0103n b\u1ea3n widget c\u1ee7a b\u1ea1n.<\/li>\n<\/ol>\n\n\n\n<figure class=\"wp-block-image tb-image tb-image-dynamic tb-image-frame-none\" data-toolset-blocks-image=\"ee41e4c118e7ac8935b48e22aee401ec\"><a href=\"https:\/\/wpml.org\/wp-content\/uploads\/2025\/08\/Selecting-widgets-texts-in-the-Translation-Dashboard.png\"><img decoding=\"async\" width=\"1024\" height=\"637\" loading=\"lazy\" src=\"https:\/\/wpml.org\/wp-content\/uploads\/2025\/08\/Selecting-widgets-texts-in-the-Translation-Dashboard-1024x637.png\" alt=\"Selecting widgets texts in the Translation Dashboard\" class=\"wp-image-17317315\" srcset=\"https:\/\/wpml.org\/wp-content\/uploads\/2025\/08\/Selecting-widgets-texts-in-the-Translation-Dashboard-1024x637.png 1024w, https:\/\/wpml.org\/wp-content\/uploads\/2025\/08\/Selecting-widgets-texts-in-the-Translation-Dashboard-300x186.png 300w, https:\/\/wpml.org\/wp-content\/uploads\/2025\/08\/Selecting-widgets-texts-in-the-Translation-Dashboard-150x93.png 150w, https:\/\/wpml.org\/wp-content\/uploads\/2025\/08\/Selecting-widgets-texts-in-the-Translation-Dashboard-768x477.png 768w, https:\/\/wpml.org\/wp-content\/uploads\/2025\/08\/Selecting-widgets-texts-in-the-Translation-Dashboard-1536x955.png 1536w, https:\/\/wpml.org\/wp-content\/uploads\/2025\/08\/Selecting-widgets-texts-in-the-Translation-Dashboard.png 2022w\" sizes=\"auto, (max-width: 1024px) 100vw, 1024px\" \/><\/a><figcaption><div class=\"tb-image-caption\">Ch\u1ecdn v\u0103n b\u1ea3n widget trong B\u1ea3ng \u0111i\u1ec1u khi\u1ec3n D\u1ecbch<\/div><\/figcaption><\/figure>\n\n\n\n<ol start=\"3\" class=\"wp-block-list\">\n<li>Ch\u1ecdn ph\u01b0\u01a1ng ph\u00e1p d\u1ecbch v\u00e0 <strong>D\u1ecbch<\/strong> .<\/li>\n<\/ol>\n\n\n\n<div style=\"height:20px\" aria-hidden=\"true\" class=\"wp-block-spacer\"><\/div>\n\n\n\n<p>N\u1ebfu b\u1ea1n kh\u00f4ng th\u1ec3 t\u00ecm th\u1ea5y v\u0103n b\u1ea3n widget c\u1ee7a m\u00ecnh trong B\u1ea3ng \u0111i\u1ec1u khi\u1ec3n D\u1ecbch:<\/p>\n\n\n\n<ol class=\"wp-block-list\">\n<li>\u0110i t\u1edbi <strong>WPML \u2192 String Translation<\/strong>. <\/li>\n\n\n\n<li>M\u1edf r\u1ed9ng ph\u1ea7n <strong>Kh\u00f4ng th\u1ea5y chu\u1ed7i b\u1ea1n \u0111ang t\u00ecm ki\u1ebfm?<\/strong> v\u00e0 nh\u1ea5p v\u00e0o <strong>B\u1ea3n d\u1ecbch v\u0103n b\u1ea3n qu\u1ea3n tr\u1ecb<\/strong> .<\/li>\n<\/ol>\n\n\n\n<figure class=\"wp-block-image tb-image tb-image-dynamic tb-image-frame-none\" data-toolset-blocks-image=\"734b033330364d79f3eb6bc63e47a139\"><a href=\"https:\/\/wpml.org\/wp-content\/uploads\/2025\/08\/Clicking-Admin-Texts-Translation.png\"><img decoding=\"async\" width=\"1024\" height=\"629\" loading=\"lazy\" src=\"https:\/\/wpml.org\/wp-content\/uploads\/2025\/08\/Clicking-Admin-Texts-Translation-1024x629.png\" alt=\"Clicking Admin Texts Translation\" class=\"wp-image-17317329\" srcset=\"https:\/\/wpml.org\/wp-content\/uploads\/2025\/08\/Clicking-Admin-Texts-Translation-1024x629.png 1024w, https:\/\/wpml.org\/wp-content\/uploads\/2025\/08\/Clicking-Admin-Texts-Translation-300x184.png 300w, https:\/\/wpml.org\/wp-content\/uploads\/2025\/08\/Clicking-Admin-Texts-Translation-150x92.png 150w, https:\/\/wpml.org\/wp-content\/uploads\/2025\/08\/Clicking-Admin-Texts-Translation-768x471.png 768w, https:\/\/wpml.org\/wp-content\/uploads\/2025\/08\/Clicking-Admin-Texts-Translation-1536x943.png 1536w, https:\/\/wpml.org\/wp-content\/uploads\/2025\/08\/Clicking-Admin-Texts-Translation.png 2046w\" sizes=\"auto, (max-width: 1024px) 100vw, 1024px\" \/><\/a><figcaption><div class=\"tb-image-caption\">Nh\u1ea5p v\u00e0o B\u1ea3n d\u1ecbch v\u0103n b\u1ea3n qu\u1ea3n tr\u1ecb<\/div><\/figcaption><\/figure>\n\n\n\n<ol start=\"3\" class=\"wp-block-list\">\n<li>Ch\u1ecdn c\u00e1c v\u0103n b\u1ea3n widget qu\u00fd v\u1ecb mu\u1ed1n d\u1ecbch v\u00e0 nh\u1ea5p v\u00e0o <strong>Add to String Translation<\/strong>.<\/li>\n<\/ol>\n\n\n\n<div style=\"height:10px\" aria-hidden=\"true\" class=\"wp-block-spacer\"><\/div>\n\n\n\n<p>B\u00e2y gi\u1edd b\u1ea1n c\u00f3 th\u1ec3 d\u1ecbch c\u00e1c v\u0103n b\u1ea3n widget n\u00e0y trong B\u1ea3ng \u0111i\u1ec1u khi\u1ec3n D\u1ecbch.<\/p>\n\n\n\n<h2 class=\"wp-block-heading\" id=\"translate-widgets-blocks\">D\u1ecbch widget t\u00f9y ch\u1ec9nh<\/h2>\n\n\n\n<p>\u0110\u1ec3 d\u1ecbch c\u00e1c widget b\u1ea1n t\u1ef1 ph\u00e1t tri\u1ec3n, tr\u01b0\u1edbc ti\u00ean b\u1ea1n c\u1ea7n <a href=\"https:\/\/wpml.org\/documentation\/support\/translation-for-texts-by-other-plugins-and-themes\/\">\u0111\u0103ng k\u00fd ch\u00fang trong WPML<\/a>. Sau khi \u0111\u0103ng k\u00fd, b\u1ea1n c\u00f3 th\u1ec3 d\u1ecbch widget c\u1ee7a m\u00ecnh t\u1eeb ph\u1ea7n <strong>V\u0103n b\u1ea3n kh\u00e1c (Chu\u1ed7i)<\/strong> trong B\u1ea3ng \u0111i\u1ec1u khi\u1ec3n D\u1ecbch. <\/p>\n\n\n\n<h2 class=\"wp-block-heading\" id=\"display-different-widgets-each-language\">Hi\u1ec3n th\u1ecb c\u00e1c widget kh\u00e1c nhau trong m\u1ed7i ng\u00f4n ng\u1eef<\/h2>\n\n\n\n<p>\u0110\u1ec3 hi\u1ec3n th\u1ecb c\u00e1c widget kh\u00e1c nhau trong m\u1ed7i ng\u00f4n ng\u1eef:<\/p>\n\n\n\n<ol class=\"wp-block-list\">\n<li>\u0110i t\u1edbi <strong>giao di\u1ec7n \u2192 widget<\/strong>. <\/li>\n\n\n\n<li>Ch\u1ec9nh s\u1eeda widget c\u1ee7a b\u1ea1n v\u00e0 m\u1edf danh s\u00e1ch th\u1ea3 xu\u1ed1ng ng\u00f4n ng\u1eef.<\/li>\n\n\n\n<li>Ch\u1ecdn ng\u00f4n ng\u1eef b\u1ea1n mu\u1ed1n hi\u1ec3n th\u1ecb widget. <\/li>\n<\/ol>\n\n\n\n<div class=\"wp-block-toolset-blocks-grid tb-grid\" data-toolset-blocks-grid=\"a6800b7e37e47f0f08842337262ef73d\">\n<div class=\"wp-block-toolset-blocks-grid-column tb-grid-column tb-grid-align-top\" data-toolset-blocks-grid-column=\"3034fbe886c11054e95b46b09d3e4112\"><div class=\"wp-block-image\">\n<figure class=\" tb-image tb-image-dynamic tb-image-frame-none aligncenter\" data-toolset-blocks-image=\"68a3449c6f469df2ed50502283da75aa\"><a href=\"https:\/\/wpml.org\/wp-content\/uploads\/2024\/05\/block-based-widgets-display-on-language-1.png\"><img decoding=\"async\" width=\"1024\" height=\"752\" loading=\"lazy\" src=\"https:\/\/wpml.org\/wp-content\/uploads\/2024\/05\/block-based-widgets-display-on-language-1-1024x752.png\" alt=\"\" class=\"wp-image-15620144\" srcset=\"https:\/\/wpml.org\/wp-content\/uploads\/2024\/05\/block-based-widgets-display-on-language-1-1024x752.png 1024w, https:\/\/wpml.org\/wp-content\/uploads\/2024\/05\/block-based-widgets-display-on-language-1-300x220.png 300w, https:\/\/wpml.org\/wp-content\/uploads\/2024\/05\/block-based-widgets-display-on-language-1-150x110.png 150w, https:\/\/wpml.org\/wp-content\/uploads\/2024\/05\/block-based-widgets-display-on-language-1-768x564.png 768w, https:\/\/wpml.org\/wp-content\/uploads\/2024\/05\/block-based-widgets-display-on-language-1-1536x1127.png 1536w, https:\/\/wpml.org\/wp-content\/uploads\/2024\/05\/block-based-widgets-display-on-language-1.png 1669w\" sizes=\"auto, (max-width: 1024px) 100vw, 1024px\" \/><\/a><figcaption><div class=\"tb-image-caption\">Thi\u1ebft l\u1eadp \u0111i\u1ec1u ki\u1ec7n hi\u1ec3n th\u1ecb cho widget d\u1ef1a tr\u00ean kh\u1ed1i<\/div><\/figcaption><\/figure>\n<\/div><\/div>\n\n\n\n<div class=\"wp-block-toolset-blocks-grid-column tb-grid-column tb-grid-align-top\" data-toolset-blocks-grid-column=\"3034fbe886c11054e95b46b09d3e4112\"><div class=\"wp-block-image\">\n<figure class=\" tb-image tb-image-dynamic tb-image-frame-none aligncenter\" data-toolset-blocks-image=\"5f9f3755f4fbb6ffddc50e9e7812e663\"><a href=\"https:\/\/wpml.org\/wp-content\/uploads\/2024\/05\/classic-widget-display-on-specific-language.png\"><img decoding=\"async\" width=\"1024\" height=\"791\" loading=\"lazy\" src=\"https:\/\/wpml.org\/wp-content\/uploads\/2024\/05\/classic-widget-display-on-specific-language-1024x791.png\" alt=\"\" class=\"wp-image-15620158\" srcset=\"https:\/\/wpml.org\/wp-content\/uploads\/2024\/05\/classic-widget-display-on-specific-language-1024x791.png 1024w, https:\/\/wpml.org\/wp-content\/uploads\/2024\/05\/classic-widget-display-on-specific-language-300x232.png 300w, https:\/\/wpml.org\/wp-content\/uploads\/2024\/05\/classic-widget-display-on-specific-language-150x116.png 150w, https:\/\/wpml.org\/wp-content\/uploads\/2024\/05\/classic-widget-display-on-specific-language-768x593.png 768w, https:\/\/wpml.org\/wp-content\/uploads\/2024\/05\/classic-widget-display-on-specific-language-1536x1186.png 1536w, https:\/\/wpml.org\/wp-content\/uploads\/2024\/05\/classic-widget-display-on-specific-language.png 1808w\" sizes=\"auto, (max-width: 1024px) 100vw, 1024px\" \/><\/a><figcaption><div class=\"tb-image-caption\">Thi\u1ebft l\u1eadp \u0111i\u1ec1u ki\u1ec7n hi\u1ec3n th\u1ecb cho widget c\u1ed5 \u0111i\u1ec3n<\/div><\/figcaption><\/figure>\n<\/div><\/div>\n<\/div>\n<\/div><\/div>\n","protected":false},"excerpt":{"rendered":"","protected":false},"author":538393,"featured_media":0,"parent":14527667,"menu_order":57,"comment_status":"closed","ping_status":"closed","template":"template-sidebar-2.php","meta":{"_bbp_topic_count":0,"_bbp_reply_count":0,"_bbp_total_topic_count":0,"_bbp_total_reply_count":0,"_bbp_voice_count":0,"_bbp_anonymous_reply_count":0,"_bbp_topic_count_hidden":0,"_bbp_reply_count_hidden":0,"_bbp_forum_subforum_count":0,"ep_exclude_from_search":false,"footnotes":""},"related-projects-category":[],"class_list":["post-15714594","page","type-page","status-publish","hentry"],"_links":{"self":[{"href":"https:\/\/wpml.org\/vi\/wp-json\/wp\/v2\/pages\/15714594","targetHints":{"allow":["GET"]}}],"collection":[{"href":"https:\/\/wpml.org\/vi\/wp-json\/wp\/v2\/pages"}],"about":[{"href":"https:\/\/wpml.org\/vi\/wp-json\/wp\/v2\/types\/page"}],"author":[{"embeddable":true,"href":"https:\/\/wpml.org\/vi\/wp-json\/wp\/v2\/users\/538393"}],"replies":[{"embeddable":true,"href":"https:\/\/wpml.org\/vi\/wp-json\/wp\/v2\/comments?post=15714594"}],"version-history":[{"count":8,"href":"https:\/\/wpml.org\/vi\/wp-json\/wp\/v2\/pages\/15714594\/revisions"}],"predecessor-version":[{"id":17854560,"href":"https:\/\/wpml.org\/vi\/wp-json\/wp\/v2\/pages\/15714594\/revisions\/17854560"}],"up":[{"embeddable":true,"href":"https:\/\/wpml.org\/vi\/wp-json\/wp\/v2\/pages\/14527667"}],"wp:attachment":[{"href":"https:\/\/wpml.org\/vi\/wp-json\/wp\/v2\/media?parent=15714594"}],"wp:term":[{"taxonomy":"related-projects-category","embeddable":true,"href":"https:\/\/wpml.org\/vi\/wp-json\/wp\/v2\/related-projects-category?post=15714594"}],"curies":[{"name":"wp","href":"https:\/\/api.w.org\/{rel}","templated":true}]}}