{"id":15714623,"date":"2024-06-07T09:55:12","date_gmt":"2024-06-07T09:55:12","guid":{"rendered":"https:\/\/wpml.org\/kha-nang-tuong-thich-cua-tien-ich-mo-rong-woocommerce\/"},"modified":"2025-09-19T14:19:08","modified_gmt":"2025-09-19T14:19:08","slug":"kha-nang-tuong-thich-cua-tien-ich-mo-rong-woocommerce","status":"publish","type":"page","link":"https:\/\/wpml.org\/vi\/tai-lieu-wpml\/kha-nang-tuong-thich-cua-tien-ich-mo-rong-woocommerce\/","title":{"rendered":"Kh\u1ea3 n\u0103ng t\u01b0\u01a1ng th\u00edch c\u1ee7a ti\u1ec7n \u00edch m\u1edf r\u1ed9ng WooCommerce"},"content":{"rendered":"<div class=\"compatibility-introbox\">\n<p>H\u00e3y t\u00ecm bi\u1ec3u t\u01b0\u1ee3ng S\u1eb5n s\u00e0ng \u0111a ng\u00f4n ng\u1eef tr\u00ean c\u00e1c plugin tr\u01b0\u1edbc khi b\u1ea1n mua ch\u00fang.<\/p>\n<p>Bi\u1ec3u t\u01b0\u1ee3ng n\u00e0y c\u00f3 ngh\u0129a l\u00e0 ch\u00fang t\u00f4i \u0111\u00e3 th\u1eed nghi\u1ec7m plugin v\u00e0 ch\u1ee9ng nh\u1eadn n\u00f3. N\u1ebfu b\u1ea1n kh\u00f4ng ch\u1eafc ch\u1eafn, h\u00e3y li\u00ean h\u1ec7 v\u1edbi t\u00e1c gi\u1ea3 v\u00e0 gi\u1edbi thi\u1ec7u h\u1ecd \u0111\u1ebfn <a href=\"https:\/\/wpml.org\/documentation\/support\/go-global-program\/\">ch\u01b0\u01a1ng tr\u00ecnh ch\u1ee9ng nh\u1eadn<\/a> c\u1ee7a ch\u00fang t\u00f4i.<\/p><\/div>\n<h2>Ti\u1ec7n \u00edch m\u1edf r\u1ed9ng WooCommerce s\u1eb5n s\u00e0ng \u0111a ng\u00f4n ng\u1eef<\/h2>\n<p>Nhi\u1ec1u ti\u1ec7n \u00edch m\u1edf r\u1ed9ng WooCommerce ho\u1ea1t \u0111\u1ed9ng t\u1ed1t tr\u00ean c\u00e1c trang web \u0111a ng\u00f4n ng\u1eef. \u0110\u1ec3 \u0111\u1ea3m b\u1ea3o, ch\u00fang t\u00f4i l\u00e0m vi\u1ec7c v\u1edbi c\u00e1c t\u00e1c gi\u1ea3 plugin v\u00e0 th\u1ef1c hi\u1ec7n th\u1eed nghi\u1ec7m r\u1ed9ng r\u00e3i. Sau \u0111\u00f3, ch\u00fang t\u00f4i li\u1ec7t k\u00ea c\u00e1c plugin \u0111\u00f3 \u1edf \u0111\u00e2y.<\/p>\n<p>Trang n\u00e0y li\u1ec7t k\u00ea c\u00e1c ti\u1ec7n \u00edch m\u1edf r\u1ed9ng WooCommerce . \u0110\u1ec3 c\u00f3 danh s\u00e1ch t\u1ed5ng qu\u00e1t h\u01a1n v\u1ec1 c\u00e1c plugin \u0111\u00e3 \u0111\u01b0\u1ee3c th\u1eed nghi\u1ec7m v\u1edbi WPML , h\u00e3y xem <a href=\"\/?page_id=119949\">danh s\u00e1ch c\u00e1c plugin t\u01b0\u01a1ng th\u00edch<\/a> .<\/p>\n<p>\u0110\u1ec3 s\u1eed d\u1ee5ng t\u1ea5t c\u1ea3 c\u00e1c plugin n\u00e0y, b\u1ea1n s\u1ebd c\u1ea7n <a href=\"\/\">WPML<\/a> v\u00e0 <a href=\"https:\/\/wpml.org\/documentation\/related-projects\/woocommerce-multilingual\/\">WooCommerce \u0110a ng\u00f4n ng\u1eef<\/a> .<\/p>\n<form autocomplete=\"off\" name=\"wpv-filter-627943\" action=\"\/vi\/wp-json\/wp\/v2\/pages\/15714623?wpv_view_count=627943\" method=\"get\" class=\"wpv-filter-form js-wpv-filter-form js-wpv-filter-form-627943 js-wpv-form-full js-wpv-dps-enabled\" data-viewnumber=\"627943\" data-viewid=\"627943\" data-viewhash=\"eyJuYW1lIjoiQ2VydGlmaWVkIFdDIGV4dGVuc2lvbnMgbGlzdCJ9\" data-viewwidgetid=\"0\" data-orderby=\"\" data-order=\"\" data-orderbyas=\"\" data-orderbysecond=\"\" data-ordersecond=\"\" data-parametric=\"{&quot;query&quot;:&quot;normal&quot;,&quot;id&quot;:627943,&quot;view_id&quot;:627943,&quot;widget_id&quot;:0,&quot;view_hash&quot;:&quot;627943&quot;,&quot;action&quot;:&quot;\\\/vi\\\/wp-json\\\/wp\\\/v2\\\/pages\\\/15714623?wpv_view_count=627943&quot;,&quot;sort&quot;:{&quot;orderby&quot;:&quot;&quot;,&quot;order&quot;:&quot;&quot;,&quot;orderby_as&quot;:&quot;&quot;,&quot;orderby_second&quot;:&quot;&quot;,&quot;order_second&quot;:&quot;&quot;},&quot;orderby&quot;:&quot;&quot;,&quot;order&quot;:&quot;&quot;,&quot;orderby_as&quot;:&quot;&quot;,&quot;orderby_second&quot;:&quot;&quot;,&quot;order_second&quot;:&quot;&quot;,&quot;ajax_form&quot;:&quot;&quot;,&quot;ajax_results&quot;:&quot;&quot;,&quot;effect&quot;:&quot;fade&quot;,&quot;prebefore&quot;:&quot;&quot;,&quot;before&quot;:&quot;&quot;,&quot;after&quot;:&quot;&quot;,&quot;attributes&quot;:[],&quot;environment&quot;:{&quot;current_post_id&quot;:15714623,&quot;parent_post_id&quot;:15714623,&quot;parent_term_id&quot;:0,&quot;parent_user_id&quot;:0,&quot;archive&quot;:{&quot;type&quot;:&quot;&quot;,&quot;name&quot;:&quot;&quot;,&quot;data&quot;:[]}},&quot;loop&quot;:{&quot;type&quot;:&quot;&quot;,&quot;name&quot;:&quot;&quot;,&quot;data&quot;:[],&quot;id&quot;:0}}\" data-attributes=\"[]\" data-environment=\"{&quot;current_post_id&quot;:15714623,&quot;parent_post_id&quot;:15714623,&quot;parent_term_id&quot;:0,&quot;parent_user_id&quot;:0,&quot;archive&quot;:{&quot;type&quot;:&quot;&quot;,&quot;name&quot;:&quot;&quot;,&quot;data&quot;:[]}}\"><input type=\"hidden\" class=\"js-wpv-dps-filter-data js-wpv-filter-data-for-this-form\" data-action=\"\/vi\/wp-json\/wp\/v2\/pages\/15714623?wpv_view_count=627943\" data-page=\"1\" data-ajax=\"disable\" data-effect=\"fade\" data-maxpages=\"0\" data-ajaxprebefore=\"\" data-ajaxbefore=\"\" data-ajaxafter=\"\" \/><input class=\"wpv_view_count wpv_view_count-627943\" type=\"hidden\" name=\"wpv_view_count\" value=\"627943\" \/>\n\n<div class=\"compatibility-search clearfix\">\n<h4>Search by<\/h4> \n<div class=\"form-row\">\n  <label>Plugin name: <\/label>\n\t<input type=\"text\" name=\"wpv_post_search\"  class=\"js-wpv-filter-trigger-delayed form-control\" \/>\n  <\/div><div class=\"form-row\">\n <input type=\"button\" class=\"reset-button wpv-reset-trigger js-wpv-reset-trigger\" name=\"wpv_filter_reset\" value=\"\u00d7 Clear all filters\" \/><input type=\"submit\" class=\"button-primary wpv-submit-trigger js-wpv-submit-trigger\" name=\"wpv_filter_submit\" value=\"Search\" \/> \n  <\/div> \n<\/div>\n\n<\/form>\n<div id=\"wpv-view-layout-627943\" class=\"js-wpv-view-layout js-wpv-layout-responsive js-wpv-view-layout-627943\" data-viewnumber=\"627943\" data-pagination=\"{&quot;id&quot;:627943,&quot;query&quot;:&quot;normal&quot;,&quot;type&quot;:&quot;paged&quot;,&quot;effect&quot;:&quot;fade&quot;,&quot;duration&quot;:&quot;500&quot;,&quot;speed&quot;:5,&quot;pause_on_hover&quot;:&quot;disabled&quot;,&quot;stop_rollover&quot;:&quot;false&quot;,&quot;cache_pages&quot;:&quot;enabled&quot;,&quot;preload_images&quot;:&quot;enabled&quot;,&quot;preload_pages&quot;:&quot;enabled&quot;,&quot;preload_reach&quot;:&quot;1&quot;,&quot;spinner&quot;:&quot;builtin&quot;,&quot;spinner_image&quot;:&quot;https:\/\/wpml.org\/wp-content\/plugins\/wp-views\/embedded\/res\/img\/ajax-loader.gif&quot;,&quot;callback_next&quot;:&quot;&quot;,&quot;manage_history&quot;:&quot;disabled&quot;,&quot;has_controls_in_form&quot;:&quot;disabled&quot;,&quot;infinite_tolerance&quot;:&quot;0&quot;,&quot;max_pages&quot;:0,&quot;page&quot;:1,&quot;base_permalink&quot;:&quot;\/vi\/wp-json\/wp\/v2\/pages\/15714623?wpv_view_count=627943&amp;wpv_paged=WPV_PAGE_NUM&quot;,&quot;loop&quot;:{&quot;type&quot;:&quot;&quot;,&quot;name&quot;:&quot;&quot;,&quot;data&quot;:[],&quot;id&quot;:0}}\" data-permalink=\"\/vi\/wp-json\/wp\/v2\/pages\/15714623?wpv_view_count=627943\">\n\n\n<\/div>\n","protected":false},"excerpt":{"rendered":"<p>Nhi\u1ec1u ti\u1ec7n \u00edch m\u1edf r\u1ed9ng WooCommerce ho\u1ea1t \u0111\u1ed9ng t\u1ed1t tr\u00ean c\u00e1c trang web \u0111a ng\u00f4n ng\u1eef. \u0110\u1ec3 \u0111\u1ea3m b\u1ea3o, ch\u00fang t\u00f4i l\u00e0m vi\u1ec7c v\u1edbi c\u00e1c t\u00e1c gi\u1ea3 ti\u1ec7n \u00edch m\u1edf r\u1ed9ng v\u00e0 th\u1ef1c hi\u1ec7n th\u1eed nghi\u1ec7m r\u1ed9ng r\u00e3i. Sau \u0111\u00f3, ch\u00fang t\u00f4i li\u1ec7t k\u00ea c\u00e1c ti\u1ec7n \u00edch m\u1edf r\u1ed9ng \u0111\u00f3 t\u1ea1i \u0111\u00e2y.  <\/p>\n","protected":false},"author":10760,"featured_media":0,"parent":17417125,"menu_order":60,"comment_status":"closed","ping_status":"closed","template":"","meta":{"_bbp_topic_count":0,"_bbp_reply_count":0,"_bbp_total_topic_count":0,"_bbp_total_reply_count":0,"_bbp_voice_count":0,"_bbp_anonymous_reply_count":0,"_bbp_topic_count_hidden":0,"_bbp_reply_count_hidden":0,"_bbp_forum_subforum_count":0,"_uag_custom_page_level_css":"","ep_exclude_from_search":false,"footnotes":""},"related-projects-category":[],"class_list":["post-15714623","page","type-page","status-publish","hentry"],"spectra_custom_meta":{"ratings_users":["0"],"ratings_score":["0"],"ratings_average":["0"],"_subscription_coupon_product_id":["0"],"_wpv_contains_gutenberg_views":[""],"_alp_processed":["1758291548"],"_views_template":["0"],"wpcf-unformatted-code":[""],"_wpml_media_duplicate":["0"],"_wpml_media_featured":["1"],"wpcf-price-increase-show-from":[""],"wpcf-price-increase-show-till":[""],"_wp_page_template":["default"],"_last_translation_edit_mode":["translation-editor"],"_wpml_word_count":["234"],"_uag_css_file_name":["uag-css-15714623.css"],"_uag_page_assets":["a:9:{s:3:\"css\";s:260:\".uag-blocks-common-selector{z-index:var(--z-index-desktop) !important}@media(max-width: 976px){.uag-blocks-common-selector{z-index:var(--z-index-tablet) !important}}@media(max-width: 767px){.uag-blocks-common-selector{z-index:var(--z-index-mobile) !important}}\";s:2:\"js\";s:0:\"\";s:18:\"current_block_list\";a:1:{i:0;s:14:\"core\/shortcode\";}s:8:\"uag_flag\";b:0;s:11:\"uag_version\";s:10:\"1778498454\";s:6:\"gfonts\";a:0:{}s:10:\"gfonts_url\";s:0:\"\";s:12:\"gfonts_files\";a:0:{}s:14:\"uag_faq_layout\";b:0;}"]},"uagb_featured_image_src":{"full":false,"thumbnail":false,"medium":false,"medium_large":false,"large":false,"1536x1536":false,"2048x2048":false,"gform-image-choice-sm":false,"gform-image-choice-md":false,"gform-image-choice-lg":false,"woocommerce_thumbnail":false,"woocommerce_single":false,"woocommerce_gallery_thumbnail":false},"uagb_author_info":{"display_name":"Amit","author_link":"https:\/\/wpml.org\/vi\/author\/amit-k\/"},"uagb_comment_info":0,"uagb_excerpt":"Nhi\u1ec1u ti\u1ec7n \u00edch m\u1edf r\u1ed9ng WooCommerce ho\u1ea1t \u0111\u1ed9ng t\u1ed1t tr\u00ean c\u00e1c trang web \u0111a ng\u00f4n ng\u1eef. \u0110\u1ec3 \u0111\u1ea3m b\u1ea3o, ch\u00fang t\u00f4i l\u00e0m vi\u1ec7c v\u1edbi c\u00e1c t\u00e1c gi\u1ea3 ti\u1ec7n \u00edch m\u1edf r\u1ed9ng v\u00e0 th\u1ef1c hi\u1ec7n th\u1eed nghi\u1ec7m r\u1ed9ng r\u00e3i. Sau \u0111\u00f3, ch\u00fang t\u00f4i li\u1ec7t k\u00ea c\u00e1c ti\u1ec7n \u00edch m\u1edf r\u1ed9ng \u0111\u00f3 t\u1ea1i \u0111\u00e2y.","_links":{"self":[{"href":"https:\/\/wpml.org\/vi\/wp-json\/wp\/v2\/pages\/15714623","targetHints":{"allow":["GET"]}}],"collection":[{"href":"https:\/\/wpml.org\/vi\/wp-json\/wp\/v2\/pages"}],"about":[{"href":"https:\/\/wpml.org\/vi\/wp-json\/wp\/v2\/types\/page"}],"author":[{"embeddable":true,"href":"https:\/\/wpml.org\/vi\/wp-json\/wp\/v2\/users\/10760"}],"replies":[{"embeddable":true,"href":"https:\/\/wpml.org\/vi\/wp-json\/wp\/v2\/comments?post=15714623"}],"version-history":[{"count":1,"href":"https:\/\/wpml.org\/vi\/wp-json\/wp\/v2\/pages\/15714623\/revisions"}],"predecessor-version":[{"id":15714624,"href":"https:\/\/wpml.org\/vi\/wp-json\/wp\/v2\/pages\/15714623\/revisions\/15714624"}],"up":[{"embeddable":true,"href":"https:\/\/wpml.org\/vi\/wp-json\/wp\/v2\/pages\/17417125"}],"wp:attachment":[{"href":"https:\/\/wpml.org\/vi\/wp-json\/wp\/v2\/media?parent=15714623"}],"wp:term":[{"taxonomy":"related-projects-category","embeddable":true,"href":"https:\/\/wpml.org\/vi\/wp-json\/wp\/v2\/related-projects-category?post=15714623"}],"curies":[{"name":"wp","href":"https:\/\/api.w.org\/{rel}","templated":true}]}}