{"id":15715726,"date":"2024-06-07T11:33:08","date_gmt":"2024-06-07T11:33:08","guid":{"rendered":"https:\/\/wpml.org\/gia-wpml\/cau-hoi-truoc-khi-ban-hang\/"},"modified":"2024-06-07T11:33:08","modified_gmt":"2024-06-07T11:33:08","slug":"cau-hoi-truoc-khi-ban-hang","status":"publish","type":"page","link":"https:\/\/wpml.org\/vi\/gia-wpml\/cau-hoi-truoc-khi-ban-hang\/","title":{"rendered":"C\u00e2u h\u1ecfi tr\u01b0\u1edbc khi b\u00e1n h\u00e0ng"},"content":{"rendered":"<p>C\u00f3 m\u1ed9t c\u00e2u h\u1ecfi? C\u1ea7n l\u00e0m r\u00f5? \u0110\u1ec3 l\u1ea1i m\u1ed9t b\u00ecnh lu\u1eadn \u1edf \u0111\u00e2y v\u00e0 nh\u1eadn \u0111\u01b0\u1ee3c m\u1ed9t c\u00e2u tr\u1ea3 l\u1eddi.<\/p>\n","protected":false},"excerpt":{"rendered":"<p>C\u00f3 m\u1ed9t c\u00e2u h\u1ecfi? C\u1ea7n l\u00e0m r\u00f5? \u0110\u1ec3 l\u1ea1i m\u1ed9t b\u00ecnh lu\u1eadn \u1edf \u0111\u00e2y v\u00e0 nh\u1eadn \u0111\u01b0\u1ee3c m\u1ed9t c\u00e2u tr\u1ea3 l\u1eddi.<\/p>\n","protected":false},"author":2,"featured_media":0,"parent":15671788,"menu_order":44,"comment_status":"open","ping_status":"closed","template":"template-full-header-with-wrapper.php","meta":{"_bbp_topic_count":0,"_bbp_reply_count":0,"_bbp_total_topic_count":0,"_bbp_total_reply_count":0,"_bbp_voice_count":0,"_bbp_anonymous_reply_count":0,"_bbp_topic_count_hidden":0,"_bbp_reply_count_hidden":0,"_bbp_forum_subforum_count":0,"_uag_custom_page_level_css":"","ep_exclude_from_search":false,"footnotes":""},"related-projects-category":[],"class_list":["post-15715726","page","type-page","status-publish","hentry"],"spectra_custom_meta":{"ratings_users":["0"],"ratings_score":["0"],"ratings_average":["0"],"_subscription_coupon_product_id":["0"],"_wpv_contains_gutenberg_views":[""],"_alp_processed":["1717759989"],"_wpml_media_duplicate":["0"],"_wpml_media_featured":["1"],"_wp_page_template":["template-full-header-with-wrapper.php"],"_last_translation_edit_mode":["translation-editor"],"_uag_css_file_name":["uag-css-15715726.css"],"_uag_page_assets":["a:9:{s:3:\"css\";s:260:\".uag-blocks-common-selector{z-index:var(--z-index-desktop) !important}@media(max-width: 976px){.uag-blocks-common-selector{z-index:var(--z-index-tablet) !important}}@media(max-width: 767px){.uag-blocks-common-selector{z-index:var(--z-index-mobile) !important}}\";s:2:\"js\";s:0:\"\";s:18:\"current_block_list\";a:1:{i:0;s:14:\"core\/shortcode\";}s:8:\"uag_flag\";b:0;s:11:\"uag_version\";s:10:\"1778724945\";s:6:\"gfonts\";a:0:{}s:10:\"gfonts_url\";s:0:\"\";s:12:\"gfonts_files\";a:0:{}s:14:\"uag_faq_layout\";b:0;}"]},"uagb_featured_image_src":{"full":false,"thumbnail":false,"medium":false,"medium_large":false,"large":false,"1536x1536":false,"2048x2048":false,"gform-image-choice-sm":false,"gform-image-choice-md":false,"gform-image-choice-lg":false,"woocommerce_thumbnail":false,"woocommerce_single":false,"woocommerce_gallery_thumbnail":false},"uagb_author_info":{"display_name":"Amir","author_link":"https:\/\/wpml.org\/vi\/author\/amir\/"},"uagb_comment_info":6,"uagb_excerpt":"C\u00f3 m\u1ed9t c\u00e2u h\u1ecfi? C\u1ea7n l\u00e0m r\u00f5? \u0110\u1ec3 l\u1ea1i m\u1ed9t b\u00ecnh lu\u1eadn \u1edf \u0111\u00e2y v\u00e0 nh\u1eadn \u0111\u01b0\u1ee3c m\u1ed9t c\u00e2u tr\u1ea3 l\u1eddi.","_links":{"self":[{"href":"https:\/\/wpml.org\/vi\/wp-json\/wp\/v2\/pages\/15715726","targetHints":{"allow":["GET"]}}],"collection":[{"href":"https:\/\/wpml.org\/vi\/wp-json\/wp\/v2\/pages"}],"about":[{"href":"https:\/\/wpml.org\/vi\/wp-json\/wp\/v2\/types\/page"}],"author":[{"embeddable":true,"href":"https:\/\/wpml.org\/vi\/wp-json\/wp\/v2\/users\/2"}],"replies":[{"embeddable":true,"href":"https:\/\/wpml.org\/vi\/wp-json\/wp\/v2\/comments?post=15715726"}],"version-history":[{"count":1,"href":"https:\/\/wpml.org\/vi\/wp-json\/wp\/v2\/pages\/15715726\/revisions"}],"predecessor-version":[{"id":15715728,"href":"https:\/\/wpml.org\/vi\/wp-json\/wp\/v2\/pages\/15715726\/revisions\/15715728"}],"up":[{"embeddable":true,"href":"https:\/\/wpml.org\/vi\/wp-json\/wp\/v2\/pages\/15671788"}],"wp:attachment":[{"href":"https:\/\/wpml.org\/vi\/wp-json\/wp\/v2\/media?parent=15715726"}],"wp:term":[{"taxonomy":"related-projects-category","embeddable":true,"href":"https:\/\/wpml.org\/vi\/wp-json\/wp\/v2\/related-projects-category?post=15715726"}],"curies":[{"name":"wp","href":"https:\/\/api.w.org\/{rel}","templated":true}]}}