{"id":15715730,"date":"2024-06-07T11:33:12","date_gmt":"2024-06-07T11:33:12","guid":{"rendered":"https:\/\/wpml.org\/gia-wpml\/nha-phat-trien-chu-de-va-plugin\/"},"modified":"2024-06-07T11:33:12","modified_gmt":"2024-06-07T11:33:12","slug":"nha-phat-trien-chu-de-va-plugin","status":"publish","type":"page","link":"https:\/\/wpml.org\/vi\/gia-wpml\/nha-phat-trien-chu-de-va-plugin\/","title":{"rendered":"Nh\u00e0 ph\u00e1t tri\u1ec3n ch\u1ee7 \u0111\u1ec1 v\u00e0 plugin"},"content":{"rendered":"<p class=\"lead\">N\u1ebfu b\u1ea1n \u0111ang x\u00e2y d\u1ef1ng <sup>1<\/sup> v\u00e0 ph\u00e2n ph\u1ed1i <sup>2<\/sup> ch\u1ee7 \u0111\u1ec1 c\u0169ng nh\u01b0 plugin theo gi\u1ea5y ph\u00e9p GPL <sup>3<\/sup> , ch\u00fang t\u00f4i mu\u1ed1n gi\u00fap b\u1ea1n d\u1ec5 d\u00e0ng duy tr\u00ec kh\u1ea3 n\u0103ng t\u01b0\u01a1ng th\u00edch v\u1edbi WPML .<\/p>\n<p>Tr\u00ean th\u1ef1c t\u1ebf, ch\u00fang t\u00f4i s\u1ebd l\u00e0m m\u1ecdi th\u1ee9 c\u00f3 th\u1ec3 \u0111\u1ec3 gi\u00fap b\u1ea1n x\u00e2y d\u1ef1ng c\u00e1c ch\u1ee7 \u0111\u1ec1 v\u00e0 plugin ho\u1ea1t \u0111\u1ed9ng ho\u00e0n h\u1ea3o tr\u00ean c\u00e1c trang web \u0111a ng\u00f4n ng\u1eef.<\/p>\n<p>Vi\u1ec7c t\u1ea1o c\u00e1c ch\u1ee7 \u0111\u1ec1 v\u00e0 plugin s\u1eb5n s\u00e0ng cho \u0111a ng\u00f4n ng\u1eef kh\u00e1 \u0111\u01a1n gi\u1ea3n. T\u1ea5t c\u1ea3 nh\u1eefng g\u00ec b\u1ea1n c\u1ea7n l\u00e0m l\u00e0 s\u1eed d\u1ee5ng API WordPress ti\u00eau chu\u1ea9n cho m\u1ecdi th\u1ee9. WPML k\u1ebft n\u1ed1i v\u1edbi c\u00e1c l\u1ec7nh g\u1ecdi API WordPress v\u00e0 bi\u1ebfn ch\u00fang th\u00e0nh \u0111a ng\u00f4n ng\u1eef.<\/p>\n<p><strong><a title=\"Ch\u01b0\u01a1ng tr\u00ecnh to\u00e0n c\u1ea7u\" href=\"https:\/\/wpml.org\/documentation\/support\/go-global-program\/\">H\u00e3y li\u00ean h\u1ec7 v\u1edbi ch\u00fang t\u00f4i<\/a><\/strong> , cho ch\u00fang t\u00f4i bi\u1ebft <strong>b\u1ea1n \u0111ang x\u00e2y d\u1ef1ng n\u1ed9i dung g\u00ec<\/strong> v\u00e0 <strong>ch\u00fang t\u00f4i c\u00f3 th\u1ec3 t\u00ecm th\u1ea5y n\u00f3 \u1edf \u0111\u00e2u<\/strong> v\u00e0 ch\u00fang t\u00f4i s\u1ebd c\u1ea5p cho b\u1ea1n \u0111\u0103ng k\u00fd WPML .<\/p>\n<p>\u0110\u0103ng k\u00fd WPML bao g\u1ed3m t\u1ea3i xu\u1ed1ng v\u00e0 quy\u1ec1n truy c\u1eadp cao c\u1ea5p v\u00e0o c\u00e1c t\u00e0i nguy\u00ean h\u1ed7 tr\u1ee3. Khi b\u1ea1n c\u00f3 b\u1ea5t k\u1ef3 c\u00e2u h\u1ecfi n\u00e0o ho\u1eb7c mu\u1ed1n tham kh\u1ea3o \u00fd ki\u1ebfn \u200b\u200bv\u1ec1 c\u00e1c ph\u01b0\u01a1ng ph\u00e1p hay nh\u1ea5t, h\u00e3y b\u1eaft \u0111\u1ea7u m\u1ed9t ch\u1ee7 \u0111\u1ec1 m\u1edbi trong <a href=\"http:\/\/wpml.org\/forums\">di\u1ec5n \u0111\u00e0n ch\u1ec9 d\u00e0nh cho th\u00e0nh vi\u00ean<\/a> c\u1ee7a ch\u00fang t\u00f4i v\u00e0 ch\u00fang t\u00f4i s\u1ebd li\u00ean h\u1ec7 l\u1ea1i v\u1edbi b\u1ea1n ngay l\u1eadp t\u1ee9c.<\/p>\n<hr>\n<p><sup>1<\/sup> <small>Ch\u00fang t\u00f4i mu\u1ed1n bi\u1ebft r\u1eb1ng ch\u00fang t\u00f4i \u0111ang l\u00e0m vi\u1ec7c v\u1edbi t\u00e1c gi\u1ea3 g\u1ed1c.<\/small><br \/>\n<sup>2<\/sup> <small>T\u00e1c ph\u1ea9m c\u1ee7a b\u1ea1n ph\u1ea3i \u0111\u01b0\u1ee3c c\u00f4ng b\u1ed1 r\u1ed9ng r\u00e3i ch\u1ee9 kh\u00f4ng ch\u1ec9 l\u00e0 &#8220;l\u00e0m thu\u00ea&#8221;. \u0110i\u1ec1u n\u00e0y bao g\u1ed3m c\u1ea3 c\u00e1c ch\u1ee7 \u0111\u1ec1 v\u00e0 plugin th\u01b0\u01a1ng m\u1ea1i v\u00e0 mi\u1ec5n ph\u00ed.<\/small><br \/>\n<sup>3<\/sup> <small>Ch\u00fang t\u00f4i ch\u1ec9 l\u00e0m vi\u1ec7c v\u1edbi c\u00e1c d\u1ef1 \u00e1n ngu\u1ed3n m\u1edf tu\u00e2n th\u1ee7 gi\u1ea5y ph\u00e9p GPL. \u0110i\u1ec1u n\u00e0y gi\u00fap m\u1ecdi ng\u01b0\u1eddi d\u1ec5 d\u00e0ng chia s\u1ebb m\u00e3 v\u00e0 \u00fd t\u01b0\u1edfng.<\/small><\/p>\n","protected":false},"excerpt":{"rendered":"<p>N\u1ebfu b\u1ea1n \u0111ang x\u00e2y d\u1ef1ng 1 v\u00e0 ph\u00e2n ph\u1ed1i 2 ch\u1ee7 \u0111\u1ec1 c\u0169ng nh\u01b0 plugin theo gi\u1ea5y ph\u00e9p GPL 3 , ch\u00fang t\u00f4i mu\u1ed1n gi\u00fap b\u1ea1n d\u1ec5 d\u00e0ng duy tr\u00ec kh\u1ea3 n\u0103ng t\u01b0\u01a1ng th\u00edch v\u1edbi WPML . Tr\u00ean th\u1ef1c t\u1ebf, ch\u00fang t\u00f4i s\u1ebd l\u00e0m m\u1ecdi th\u1ee9 c\u00f3 th\u1ec3 \u0111\u1ec3 gi\u00fap b\u1ea1n x\u00e2y d\u1ef1ng c\u00e1c ch\u1ee7 [&hellip;]<\/p>\n","protected":false},"author":2,"featured_media":0,"parent":15671788,"menu_order":45,"comment_status":"closed","ping_status":"closed","template":"","meta":{"_bbp_topic_count":0,"_bbp_reply_count":0,"_bbp_total_topic_count":0,"_bbp_total_reply_count":0,"_bbp_voice_count":0,"_bbp_anonymous_reply_count":0,"_bbp_topic_count_hidden":0,"_bbp_reply_count_hidden":0,"_bbp_forum_subforum_count":0,"ep_exclude_from_search":false,"footnotes":""},"related-projects-category":[],"class_list":["post-15715730","page","type-page","status-publish","hentry"],"_links":{"self":[{"href":"https:\/\/wpml.org\/vi\/wp-json\/wp\/v2\/pages\/15715730","targetHints":{"allow":["GET"]}}],"collection":[{"href":"https:\/\/wpml.org\/vi\/wp-json\/wp\/v2\/pages"}],"about":[{"href":"https:\/\/wpml.org\/vi\/wp-json\/wp\/v2\/types\/page"}],"author":[{"embeddable":true,"href":"https:\/\/wpml.org\/vi\/wp-json\/wp\/v2\/users\/2"}],"replies":[{"embeddable":true,"href":"https:\/\/wpml.org\/vi\/wp-json\/wp\/v2\/comments?post=15715730"}],"version-history":[{"count":1,"href":"https:\/\/wpml.org\/vi\/wp-json\/wp\/v2\/pages\/15715730\/revisions"}],"predecessor-version":[{"id":15715731,"href":"https:\/\/wpml.org\/vi\/wp-json\/wp\/v2\/pages\/15715730\/revisions\/15715731"}],"up":[{"embeddable":true,"href":"https:\/\/wpml.org\/vi\/wp-json\/wp\/v2\/pages\/15671788"}],"wp:attachment":[{"href":"https:\/\/wpml.org\/vi\/wp-json\/wp\/v2\/media?parent=15715730"}],"wp:term":[{"taxonomy":"related-projects-category","embeddable":true,"href":"https:\/\/wpml.org\/vi\/wp-json\/wp\/v2\/related-projects-category?post=15715730"}],"curies":[{"name":"wp","href":"https:\/\/api.w.org\/{rel}","templated":true}]}}